{"id":806,"date":"2025-03-27T18:20:45","date_gmt":"2025-03-27T17:20:45","guid":{"rendered":"https:\/\/weltlaeden.de\/grosskrotzenburg\/?page_id=806"},"modified":"2025-05-28T10:48:27","modified_gmt":"2025-05-28T08:48:27","slug":"rezepte","status":"publish","type":"page","link":"https:\/\/weltlaeden.de\/grosskrotzenburg\/rezepte\/","title":{"rendered":"Rezepte vom Backhaus-Verein"},"content":{"rendered":"<div class=\"wpb-content-wrapper\"><p>[vc_row][vc_column][vc_column_text css=&#8220;&#8220;]<\/p>\n<h1><strong>Rezepte<\/strong><\/h1>\n<p>Der Weltladen Gro\u00dfkrotzenburg arbeitet sehr erfolgreich mit dem \u00f6rtlichen Backhaus-Verein zusammen. Dessen Mitglieder entdecken bei uns immer neue fair gehandelte Zutaten, mit denen sie experimentieren. Das Ergebnis begeistert Kundinnen und Kunden immer wieder beim monatlichen Markt und bei \u00f6ffentlichen Veranstaltungen und Festen.<\/p>\n<p>Die Idee: Wir zeigen, wie vielseitig die Fairtrade-Produkte aus dem Weltladen zu verwenden sind. Und wie lecker traditionelles Geb\u00e4ck schmecken kann, das mit Fairtrade-Zutaten abgewandelt wird.<\/p>\n<p>Hier finden Sie als Download eine Auswahl der bereits erprobten Rezepte, die aus der Kooperation mit dem Backhaus Gro\u00dfkrotzenburg e.V. entstanden sind.<\/p>\n<p>Falls Sie Interesse am Ausprobieren haben: Der Backhaus-Verein steht an jedem ersten Samstag im Monat mit seinem mobilen Holzbackofen und einer Auswahl an traditionell gefertigten Broten und Geb\u00e4ck auf dem Markt vor dem R\u00f6merkastell.<\/p>\n<p>Wer mitbacken und selbst Neues kreieren oder Ideen einbringen will, kann mit dem Verein per Mail Kontakt aufnehmen:<br \/>\nBackhaus-Grosskrotzenburg@t-online.de[\/vc_column_text][\/vc_column][\/vc_row][vc_row][vc_column width=&#8220;1\/3&#8243;]<div class=\"wl_einzelbild\"><p><\/p>\n<div id=\"attachment_823\" style=\"width: 230px\" class=\"wp-caption alignnone\"><img loading=\"lazy\" decoding=\"async\" aria-describedby=\"caption-attachment-823\" class=\"size-full wp-image-823\" src=\"https:\/\/weltlaeden.de\/grosskrotzenburg\/wp-content\/uploads\/sites\/222\/2025\/03\/Schokoweck-e1742996792956.jpg\" alt=\"\" width=\"220\" height=\"146\" \/><p id=\"caption-attachment-823\" class=\"wp-caption-text\">Fairtrade Schokoweckli<\/p><\/div>\n<p><\/p><\/div>[\/vc_column][vc_column width=&#8220;1\/3&#8243;]<div class=\"wl_einzelbild\"><p><\/p>\n<div id=\"attachment_822\" style=\"width: 230px\" class=\"wp-caption alignnone\"><img loading=\"lazy\" decoding=\"async\" aria-describedby=\"caption-attachment-822\" class=\"size-full wp-image-822\" src=\"https:\/\/weltlaeden.de\/grosskrotzenburg\/wp-content\/uploads\/sites\/222\/2025\/03\/Couscous-e1742997427771.jpg\" alt=\"\" width=\"220\" height=\"146\" \/><p id=\"caption-attachment-822\" class=\"wp-caption-text\">Fairtrade Dattel-Couscousbr\u00f6tchen<\/p><\/div>\n<p><\/p><\/div>[\/vc_column][vc_column width=&#8220;1\/3&#8243;]<div class=\"wl_einzelbild\"><p><\/p>\n<div id=\"attachment_821\" style=\"width: 230px\" class=\"wp-caption alignnone\"><img loading=\"lazy\" decoding=\"async\" aria-describedby=\"caption-attachment-821\" class=\"size-full wp-image-821\" src=\"https:\/\/weltlaeden.de\/grosskrotzenburg\/wp-content\/uploads\/sites\/222\/2025\/03\/Chia-e1742997448326.jpg\" alt=\"\" width=\"220\" height=\"159\" \/><p id=\"caption-attachment-821\" class=\"wp-caption-text\">Fairtrade Chia-Knoten mit Kichererbsenmehl<\/p><\/div>\n<p><\/p><\/div>[\/vc_column][\/vc_row][vc_row][vc_column width=&#8220;1\/2&#8243;][vc_column_text css=&#8220;&#8220;]Rezepte zum Download<\/p>\n<p><a href=\"https:\/\/weltlaeden.de\/grosskrotzenburg\/wp-content\/uploads\/sites\/222\/2025\/03\/FairtradeBaguetteFreekeh.pdf\">Fairtrade Baguette mit Freekeh<\/a><\/p>\n<p><a href=\"https:\/\/weltlaeden.de\/grosskrotzenburg\/wp-content\/uploads\/sites\/222\/2025\/03\/FairtradeQuinoaBagels.pdf\">Fairtrade Quinoa Bagels<\/a><\/p>\n<p><a href=\"https:\/\/weltlaeden.de\/grosskrotzenburg\/wp-content\/uploads\/sites\/222\/2025\/03\/FairtradeDattelnCouscousbroetchen.pdf\">Fairtrade Dattel-Couscous-Blumenbr\u00f6tchen<\/a><\/p>\n<p><a href=\"https:\/\/weltlaeden.de\/grosskrotzenburg\/wp-content\/uploads\/sites\/222\/2025\/03\/FairtradeChiaKnotenKichererbsenmehl.pdf\">Fairtrade Chiaknoten mit Kichererbsenmehl<\/a><\/p>\n<p><a href=\"https:\/\/weltlaeden.de\/grosskrotzenburg\/wp-content\/uploads\/sites\/222\/2025\/03\/FTLinsenHirsebrot.pdf\"> Fairtrade Linsen-Hirsebrot<\/a><\/p>\n<p><a href=\"https:\/\/weltlaeden.de\/grosskrotzenburg\/wp-content\/uploads\/sites\/222\/2025\/03\/FairtradeNussbrotAprikose.pdf\">Fairtrade Nussbrot mit Aprikosen<\/a>[\/vc_column_text][\/vc_column][vc_column width=&#8220;1\/2&#8243;][vc_column_text css=&#8220;&#8220;]Noch Mehr zum Ausprobieren<\/p>\n<p style=\"text-align: left\"><a href=\"https:\/\/weltlaeden.de\/grosskrotzenburg\/wp-content\/uploads\/sites\/222\/2025\/03\/FairtradeSchokoweckli.pdf\">Fairtrade Schokoweckli<\/a><\/p>\n<p style=\"text-align: left\"><a href=\"https:\/\/weltlaeden.de\/grosskrotzenburg\/wp-content\/uploads\/sites\/222\/2025\/03\/FairtradeApfelMinibrot.pdf\"> Fairtrade Apfel-Minibrote<\/a><\/p>\n<p><a href=\"https:\/\/weltlaeden.de\/grosskrotzenburg\/wp-content\/uploads\/sites\/222\/2025\/03\/FairtradeGugelhupf.pdf\"> Fairtrade Gugelhupf<\/a><\/p>\n<p><a href=\"https:\/\/weltlaeden.de\/grosskrotzenburg\/wp-content\/uploads\/sites\/222\/2025\/03\/FairetradeChriststollenkugeln.pdf\"> Fairtrade Christstollenkugeln<\/a><\/p>\n<p><a href=\"https:\/\/weltlaeden.de\/grosskrotzenburg\/wp-content\/uploads\/sites\/222\/2025\/03\/FTKuerbisCupCakes.pdf\"> Fairtrade K\u00fcrbis-Gew\u00fcrz-CupCakes<\/a><\/p>\n<p><a href=\"https:\/\/weltlaeden.de\/grosskrotzenburg\/wp-content\/uploads\/sites\/222\/2025\/03\/FairtradeKuerbisGespenster.pdf\"> Fairtrade K\u00fcrbis-Gespenster<\/a>[\/vc_column_text][\/vc_column][\/vc_row]<\/p>\n<\/div>","protected":false},"excerpt":{"rendered":"<p>[vc_row][vc_column][vc_column_text css=&#8220;&#8220;] Rezepte Der Weltladen Gro\u00dfkrotzenburg arbeitet sehr erfolgreich mit dem \u00f6rtlichen Backhaus-Verein zusammen. Dessen Mitglieder entdecken bei uns immer neue fair gehandelte Zutaten, mit denen sie experimentieren. Das Ergebnis begeistert Kundinnen und Kunden immer wieder beim monatlichen Markt und bei \u00f6ffentlichen Veranstaltungen und Festen. Die Idee: Wir zeigen, wie vielseitig die Fairtrade-Produkte aus dem&hellip;<\/p>\n","protected":false},"author":330,"featured_media":0,"parent":0,"menu_order":0,"comment_status":"closed","ping_status":"closed","template":"","meta":{"footnotes":""},"class_list":["post-806","page","type-page","status-publish","hentry","description-off"],"yoast_head":"<!-- This site is optimized with the Yoast SEO plugin v26.8 - https:\/\/yoast.com\/product\/yoast-seo-wordpress\/ -->\n<title>Rezepte vom Backhaus-Verein - Weltladen Gro\u00dfkrotzenburg<\/title>\n<meta name=\"robots\" content=\"index, follow, max-snippet:-1, max-image-preview:large, max-video-preview:-1\" \/>\n<link rel=\"canonical\" href=\"https:\/\/weltlaeden.de\/grosskrotzenburg\/rezepte\/\" \/>\n<meta property=\"og:locale\" content=\"de_DE\" \/>\n<meta property=\"og:type\" content=\"article\" \/>\n<meta property=\"og:title\" content=\"Rezepte vom Backhaus-Verein - Weltladen Gro\u00dfkrotzenburg\" \/>\n<meta property=\"og:description\" content=\"[vc_row][vc_column][vc_column_text css=&#8220;&#8220;] Rezepte Der Weltladen Gro\u00dfkrotzenburg arbeitet sehr erfolgreich mit dem \u00f6rtlichen Backhaus-Verein zusammen. Dessen Mitglieder entdecken bei uns immer neue fair gehandelte Zutaten, mit denen sie experimentieren. Das Ergebnis begeistert Kundinnen und Kunden immer wieder beim monatlichen Markt und bei \u00f6ffentlichen Veranstaltungen und Festen. Die Idee: Wir zeigen, wie vielseitig die Fairtrade-Produkte aus dem&hellip;\" \/>\n<meta property=\"og:url\" content=\"https:\/\/weltlaeden.de\/grosskrotzenburg\/rezepte\/\" \/>\n<meta property=\"og:site_name\" content=\"Weltladen Gro\u00dfkrotzenburg\" \/>\n<meta property=\"article:modified_time\" content=\"2025-05-28T08:48:27+00:00\" \/>\n<meta property=\"og:image\" content=\"https:\/\/weltlaeden.de\/grosskrotzenburg\/wp-content\/uploads\/sites\/222\/2025\/03\/Schokoweck-e1742996792956.jpg\" \/>\n<meta name=\"twitter:card\" content=\"summary_large_image\" \/>\n<meta name=\"twitter:label1\" content=\"Gesch\u00e4tzte Lesezeit\" \/>\n\t<meta name=\"twitter:data1\" content=\"2\u00a0Minuten\" \/>\n<script type=\"application\/ld+json\" class=\"yoast-schema-graph\">{\"@context\":\"https:\/\/schema.org\",\"@graph\":[{\"@type\":\"WebPage\",\"@id\":\"https:\/\/weltlaeden.de\/grosskrotzenburg\/rezepte\/\",\"url\":\"https:\/\/weltlaeden.de\/grosskrotzenburg\/rezepte\/\",\"name\":\"Rezepte vom Backhaus-Verein - Weltladen Gro\u00dfkrotzenburg\",\"isPartOf\":{\"@id\":\"https:\/\/weltlaeden.de\/grosskrotzenburg\/#website\"},\"primaryImageOfPage\":{\"@id\":\"https:\/\/weltlaeden.de\/grosskrotzenburg\/rezepte\/#primaryimage\"},\"image\":{\"@id\":\"https:\/\/weltlaeden.de\/grosskrotzenburg\/rezepte\/#primaryimage\"},\"thumbnailUrl\":\"https:\/\/weltlaeden.de\/grosskrotzenburg\/wp-content\/uploads\/sites\/222\/2025\/03\/Schokoweck-e1742996792956.jpg\",\"datePublished\":\"2025-03-27T17:20:45+00:00\",\"dateModified\":\"2025-05-28T08:48:27+00:00\",\"breadcrumb\":{\"@id\":\"https:\/\/weltlaeden.de\/grosskrotzenburg\/rezepte\/#breadcrumb\"},\"inLanguage\":\"de\",\"potentialAction\":[{\"@type\":\"ReadAction\",\"target\":[\"https:\/\/weltlaeden.de\/grosskrotzenburg\/rezepte\/\"]}]},{\"@type\":\"ImageObject\",\"inLanguage\":\"de\",\"@id\":\"https:\/\/weltlaeden.de\/grosskrotzenburg\/rezepte\/#primaryimage\",\"url\":\"https:\/\/weltlaeden.de\/grosskrotzenburg\/wp-content\/uploads\/sites\/222\/2025\/03\/Schokoweck-e1742996792956.jpg\",\"contentUrl\":\"https:\/\/weltlaeden.de\/grosskrotzenburg\/wp-content\/uploads\/sites\/222\/2025\/03\/Schokoweck-e1742996792956.jpg\",\"width\":220,\"height\":146,\"caption\":\"Fairtrade Schokoweckli\"},{\"@type\":\"BreadcrumbList\",\"@id\":\"https:\/\/weltlaeden.de\/grosskrotzenburg\/rezepte\/#breadcrumb\",\"itemListElement\":[{\"@type\":\"ListItem\",\"position\":1,\"name\":\"Startseite\",\"item\":\"https:\/\/weltlaeden.de\/grosskrotzenburg\/\"},{\"@type\":\"ListItem\",\"position\":2,\"name\":\"Rezepte vom Backhaus-Verein\"}]},{\"@type\":\"WebSite\",\"@id\":\"https:\/\/weltlaeden.de\/grosskrotzenburg\/#website\",\"url\":\"https:\/\/weltlaeden.de\/grosskrotzenburg\/\",\"name\":\"Weltladen Gro\u00dfkrotzenburg\",\"description\":\"Faire Produkte seit mehr als 30 Jahre\",\"potentialAction\":[{\"@type\":\"SearchAction\",\"target\":{\"@type\":\"EntryPoint\",\"urlTemplate\":\"https:\/\/weltlaeden.de\/grosskrotzenburg\/?s={search_term_string}\"},\"query-input\":{\"@type\":\"PropertyValueSpecification\",\"valueRequired\":true,\"valueName\":\"search_term_string\"}}],\"inLanguage\":\"de\"}]}<\/script>\n<!-- \/ Yoast SEO plugin. -->","yoast_head_json":{"title":"Rezepte vom Backhaus-Verein - Weltladen Gro\u00dfkrotzenburg","robots":{"index":"index","follow":"follow","max-snippet":"max-snippet:-1","max-image-preview":"max-image-preview:large","max-video-preview":"max-video-preview:-1"},"canonical":"https:\/\/weltlaeden.de\/grosskrotzenburg\/rezepte\/","og_locale":"de_DE","og_type":"article","og_title":"Rezepte vom Backhaus-Verein - Weltladen Gro\u00dfkrotzenburg","og_description":"[vc_row][vc_column][vc_column_text css=&#8220;&#8220;] Rezepte Der Weltladen Gro\u00dfkrotzenburg arbeitet sehr erfolgreich mit dem \u00f6rtlichen Backhaus-Verein zusammen. Dessen Mitglieder entdecken bei uns immer neue fair gehandelte Zutaten, mit denen sie experimentieren. Das Ergebnis begeistert Kundinnen und Kunden immer wieder beim monatlichen Markt und bei \u00f6ffentlichen Veranstaltungen und Festen. Die Idee: Wir zeigen, wie vielseitig die Fairtrade-Produkte aus dem&hellip;","og_url":"https:\/\/weltlaeden.de\/grosskrotzenburg\/rezepte\/","og_site_name":"Weltladen Gro\u00dfkrotzenburg","article_modified_time":"2025-05-28T08:48:27+00:00","og_image":[{"url":"https:\/\/weltlaeden.de\/grosskrotzenburg\/wp-content\/uploads\/sites\/222\/2025\/03\/Schokoweck-e1742996792956.jpg","type":"","width":"","height":""}],"twitter_card":"summary_large_image","twitter_misc":{"Gesch\u00e4tzte Lesezeit":"2\u00a0Minuten"},"schema":{"@context":"https:\/\/schema.org","@graph":[{"@type":"WebPage","@id":"https:\/\/weltlaeden.de\/grosskrotzenburg\/rezepte\/","url":"https:\/\/weltlaeden.de\/grosskrotzenburg\/rezepte\/","name":"Rezepte vom Backhaus-Verein - Weltladen Gro\u00dfkrotzenburg","isPartOf":{"@id":"https:\/\/weltlaeden.de\/grosskrotzenburg\/#website"},"primaryImageOfPage":{"@id":"https:\/\/weltlaeden.de\/grosskrotzenburg\/rezepte\/#primaryimage"},"image":{"@id":"https:\/\/weltlaeden.de\/grosskrotzenburg\/rezepte\/#primaryimage"},"thumbnailUrl":"https:\/\/weltlaeden.de\/grosskrotzenburg\/wp-content\/uploads\/sites\/222\/2025\/03\/Schokoweck-e1742996792956.jpg","datePublished":"2025-03-27T17:20:45+00:00","dateModified":"2025-05-28T08:48:27+00:00","breadcrumb":{"@id":"https:\/\/weltlaeden.de\/grosskrotzenburg\/rezepte\/#breadcrumb"},"inLanguage":"de","potentialAction":[{"@type":"ReadAction","target":["https:\/\/weltlaeden.de\/grosskrotzenburg\/rezepte\/"]}]},{"@type":"ImageObject","inLanguage":"de","@id":"https:\/\/weltlaeden.de\/grosskrotzenburg\/rezepte\/#primaryimage","url":"https:\/\/weltlaeden.de\/grosskrotzenburg\/wp-content\/uploads\/sites\/222\/2025\/03\/Schokoweck-e1742996792956.jpg","contentUrl":"https:\/\/weltlaeden.de\/grosskrotzenburg\/wp-content\/uploads\/sites\/222\/2025\/03\/Schokoweck-e1742996792956.jpg","width":220,"height":146,"caption":"Fairtrade Schokoweckli"},{"@type":"BreadcrumbList","@id":"https:\/\/weltlaeden.de\/grosskrotzenburg\/rezepte\/#breadcrumb","itemListElement":[{"@type":"ListItem","position":1,"name":"Startseite","item":"https:\/\/weltlaeden.de\/grosskrotzenburg\/"},{"@type":"ListItem","position":2,"name":"Rezepte vom Backhaus-Verein"}]},{"@type":"WebSite","@id":"https:\/\/weltlaeden.de\/grosskrotzenburg\/#website","url":"https:\/\/weltlaeden.de\/grosskrotzenburg\/","name":"Weltladen Gro\u00dfkrotzenburg","description":"Faire Produkte seit mehr als 30 Jahre","potentialAction":[{"@type":"SearchAction","target":{"@type":"EntryPoint","urlTemplate":"https:\/\/weltlaeden.de\/grosskrotzenburg\/?s={search_term_string}"},"query-input":{"@type":"PropertyValueSpecification","valueRequired":true,"valueName":"search_term_string"}}],"inLanguage":"de"}]}},"_links":{"self":[{"href":"https:\/\/weltlaeden.de\/grosskrotzenburg\/wp-json\/wp\/v2\/pages\/806","targetHints":{"allow":["GET"]}}],"collection":[{"href":"https:\/\/weltlaeden.de\/grosskrotzenburg\/wp-json\/wp\/v2\/pages"}],"about":[{"href":"https:\/\/weltlaeden.de\/grosskrotzenburg\/wp-json\/wp\/v2\/types\/page"}],"author":[{"embeddable":true,"href":"https:\/\/weltlaeden.de\/grosskrotzenburg\/wp-json\/wp\/v2\/users\/330"}],"replies":[{"embeddable":true,"href":"https:\/\/weltlaeden.de\/grosskrotzenburg\/wp-json\/wp\/v2\/comments?post=806"}],"version-history":[{"count":29,"href":"https:\/\/weltlaeden.de\/grosskrotzenburg\/wp-json\/wp\/v2\/pages\/806\/revisions"}],"predecessor-version":[{"id":866,"href":"https:\/\/weltlaeden.de\/grosskrotzenburg\/wp-json\/wp\/v2\/pages\/806\/revisions\/866"}],"wp:attachment":[{"href":"https:\/\/weltlaeden.de\/grosskrotzenburg\/wp-json\/wp\/v2\/media?parent=806"}],"curies":[{"name":"wp","href":"https:\/\/api.w.org\/{rel}","templated":true}]}}