{"id":687,"date":"2025-01-27T13:59:16","date_gmt":"2025-01-27T12:59:16","guid":{"rendered":"https:\/\/weltlaeden.de\/grosskrotzenburg\/?page_id=687"},"modified":"2025-02-13T16:27:34","modified_gmt":"2025-02-13T15:27:34","slug":"der-verein","status":"publish","type":"page","link":"https:\/\/weltlaeden.de\/grosskrotzenburg\/der-verein\/","title":{"rendered":"Der Verein"},"content":{"rendered":"<div class=\"wpb-content-wrapper\"><p>[vc_row][vc_column]<div class=\"wl_einzelbild\"><p><img loading=\"lazy\" decoding=\"async\" class=\"alignnone size-full wp-image-448\" src=\"https:\/\/weltlaeden.de\/grosskrotzenburg\/wp-content\/uploads\/sites\/222\/2019\/04\/board-game-challenge-chess-209728_1200x519-e1555324787982.png\" alt=\"\" width=\"787\" height=\"340\" \/><\/p><\/div>[\/vc_column][\/vc_row][vc_row][vc_column][vc_column_text css=&#8220;&#8220;]Im Jahr 1986 begann mit der &#8222;Aktionsgruppe 3. Welt&#8220; die Verkauf von fair gehandelten Waren in Gro\u00dfkrotzenburg. Die Gr\u00fcndung des Vereins folgte im Jahr 1989, der heute den Namen Eine-Welt-Laden Gro\u00dfkrotzenburg e. V. tr\u00e4gt. Aufgabe und Ziel des Vereins ist die F\u00f6rderung aller Ma\u00dfnahmen, die eine wirksame Hilfe f\u00fcr die Bev\u00f6lkerung in den L\u00e4nder der &#8222;sogenannten&#8220; Dritten Welt bedeuten. Dies geschieht durch: Unterst\u00fctzung des alternativen Handels mit gemeinn\u00fctzigen, sozial integrativen, genossenschaftlichen oder \u00e4hnlichen Initiativen in Entwicklungsl\u00e4ndern, sowie deren finanzielle Unterst\u00fctzung. Weiterhin werden Initiativen in L\u00e4ndern au\u00dferhalb der &#8222;sogenannten&#8220; Dritten-Welt gef\u00f6rdert, soweit diese dem Ziel Umweltschutz und\/oder der Entfaltung ethnischer Minderheiten dienen.<\/p>\n<p>\u00d6ffentlichkeitsarbeit und Bewusstseinsbildung in unserer Gesellschaft f\u00fcr die Probleme der Entwicklungsl\u00e4nder, um eine dauerhafte Verbesserung der Lebensverh\u00e4ltnisse der Menschen in der &#8222;sogenannten&#8220; Dritten Welt zu erreichen, sind weitere Ziele des Vereins. Um diese Ziele zu erreichen sind wir auch Mitglied im <a href=\"http:\/\/www.weltlaeden.de\" target=\"_blank\" rel=\"noopener\">Weltladen Dachverband e.V.<\/a>, der sich auf Bundesebene f\u00fcr die Entwicklung in diesem Bereich einsetzt.<\/p>\n<p>Der Verein ist Tr\u00e4ger des Weltladens und unterst\u00fctzt durch \u00dcbersch\u00fcsse Projekte. Sie k\u00f6nnen gerne den Verein und seine Ziele (siehe Satzung des Vereins) unterst\u00fctzen, indem sie Mitglied werden.<\/p>\n<p><a href=\"https:\/\/weltlaeden.de\/grosskrotzenburg\/wp-content\/uploads\/sites\/222\/2025\/01\/Beitrittserkaerung-ausfuellbar.pdf\">Link zur Beitrittserkl\u00e4rung<\/a><\/p>\n<p><a href=\"https:\/\/weltlaeden.de\/grosskrotzenburg\/wp-content\/uploads\/sites\/222\/2025\/01\/Satzung_Weltladen.pdf\">Link zur Satzung<\/a><\/p>\n<p>Spenden sind nat\u00fcrlich auch jederzeit gerne willkommen und werden f\u00fcr <a class=\"nav_main\" href=\"https:\/\/weltlaeden.de\/grosskrotzenburg\/projekte\/\">Projekte<\/a> verwendet. Selbstverst\u00e4ndlich erhalten Sie bei Spendenbetr\u00e4gen ab 20 Euro eine Spendenbescheinigung, wenn Sie uns Ihren Namen und Ihre Anschrift mitteilen.<\/p>\n<p><b>Die Kontodaten lauten:<\/b><br \/>\nEine Welt Laden Gro\u00dfkrotzenburg e.V.<br \/>\nIBAN: DE16 5066 3699 0100 2521 31<br \/>\nBIC: GENODEF1RDB<br \/>\nKontonummer: 100252131<br \/>\nBLZ: 50663699<br \/>\nRaiffeisenbank Rodenbach[\/vc_column_text][\/vc_column][\/vc_row]<\/p>\n<\/div>","protected":false},"excerpt":{"rendered":"<p>[vc_row][vc_column][\/vc_column][\/vc_row][vc_row][vc_column][vc_column_text css=&#8220;&#8220;]Im Jahr 1986 begann mit der &#8222;Aktionsgruppe 3. Welt&#8220; die Verkauf von fair gehandelten Waren in Gro\u00dfkrotzenburg. Die Gr\u00fcndung des Vereins folgte im Jahr 1989, der heute den Namen Eine-Welt-Laden Gro\u00dfkrotzenburg e. V. tr\u00e4gt. Aufgabe und Ziel des Vereins ist die F\u00f6rderung aller Ma\u00dfnahmen, die eine wirksame Hilfe f\u00fcr die Bev\u00f6lkerung in den L\u00e4nder&hellip;<\/p>\n","protected":false},"author":330,"featured_media":0,"parent":0,"menu_order":0,"comment_status":"closed","ping_status":"closed","template":"","meta":{"footnotes":""},"class_list":["post-687","page","type-page","status-publish","hentry","description-off"],"yoast_head":"<!-- This site is optimized with the Yoast SEO plugin v26.8 - https:\/\/yoast.com\/product\/yoast-seo-wordpress\/ -->\n<title>Der Verein - Weltladen Gro\u00dfkrotzenburg<\/title>\n<meta name=\"robots\" content=\"index, follow, max-snippet:-1, max-image-preview:large, max-video-preview:-1\" \/>\n<link rel=\"canonical\" href=\"https:\/\/weltlaeden.de\/grosskrotzenburg\/der-verein\/\" \/>\n<meta property=\"og:locale\" content=\"de_DE\" \/>\n<meta property=\"og:type\" content=\"article\" \/>\n<meta property=\"og:title\" content=\"Der Verein - Weltladen Gro\u00dfkrotzenburg\" \/>\n<meta property=\"og:description\" content=\"[vc_row][vc_column][\/vc_column][\/vc_row][vc_row][vc_column][vc_column_text css=&#8220;&#8220;]Im Jahr 1986 begann mit der &#8222;Aktionsgruppe 3. Welt&#8220; die Verkauf von fair gehandelten Waren in Gro\u00dfkrotzenburg. Die Gr\u00fcndung des Vereins folgte im Jahr 1989, der heute den Namen Eine-Welt-Laden Gro\u00dfkrotzenburg e. V. tr\u00e4gt. Aufgabe und Ziel des Vereins ist die F\u00f6rderung aller Ma\u00dfnahmen, die eine wirksame Hilfe f\u00fcr die Bev\u00f6lkerung in den L\u00e4nder&hellip;\" \/>\n<meta property=\"og:url\" content=\"https:\/\/weltlaeden.de\/grosskrotzenburg\/der-verein\/\" \/>\n<meta property=\"og:site_name\" content=\"Weltladen Gro\u00dfkrotzenburg\" \/>\n<meta property=\"article:modified_time\" content=\"2025-02-13T15:27:34+00:00\" \/>\n<meta property=\"og:image\" content=\"https:\/\/weltlaeden.de\/grosskrotzenburg\/wp-content\/uploads\/sites\/222\/2019\/04\/board-game-challenge-chess-209728_1200x519-e1555324787982.png\" \/>\n<meta name=\"twitter:card\" content=\"summary_large_image\" \/>\n<meta name=\"twitter:label1\" content=\"Gesch\u00e4tzte Lesezeit\" \/>\n\t<meta name=\"twitter:data1\" content=\"2\u00a0Minuten\" \/>\n<script type=\"application\/ld+json\" class=\"yoast-schema-graph\">{\"@context\":\"https:\/\/schema.org\",\"@graph\":[{\"@type\":\"WebPage\",\"@id\":\"https:\/\/weltlaeden.de\/grosskrotzenburg\/der-verein\/\",\"url\":\"https:\/\/weltlaeden.de\/grosskrotzenburg\/der-verein\/\",\"name\":\"Der Verein - Weltladen Gro\u00dfkrotzenburg\",\"isPartOf\":{\"@id\":\"https:\/\/weltlaeden.de\/grosskrotzenburg\/#website\"},\"primaryImageOfPage\":{\"@id\":\"https:\/\/weltlaeden.de\/grosskrotzenburg\/der-verein\/#primaryimage\"},\"image\":{\"@id\":\"https:\/\/weltlaeden.de\/grosskrotzenburg\/der-verein\/#primaryimage\"},\"thumbnailUrl\":\"https:\/\/weltlaeden.de\/grosskrotzenburg\/wp-content\/uploads\/sites\/222\/2019\/04\/board-game-challenge-chess-209728_1200x519-e1555324787982.png\",\"datePublished\":\"2025-01-27T12:59:16+00:00\",\"dateModified\":\"2025-02-13T15:27:34+00:00\",\"breadcrumb\":{\"@id\":\"https:\/\/weltlaeden.de\/grosskrotzenburg\/der-verein\/#breadcrumb\"},\"inLanguage\":\"de\",\"potentialAction\":[{\"@type\":\"ReadAction\",\"target\":[\"https:\/\/weltlaeden.de\/grosskrotzenburg\/der-verein\/\"]}]},{\"@type\":\"ImageObject\",\"inLanguage\":\"de\",\"@id\":\"https:\/\/weltlaeden.de\/grosskrotzenburg\/der-verein\/#primaryimage\",\"url\":\"https:\/\/weltlaeden.de\/grosskrotzenburg\/wp-content\/uploads\/sites\/222\/2019\/04\/board-game-challenge-chess-209728_1200x519-e1555324787982.png\",\"contentUrl\":\"https:\/\/weltlaeden.de\/grosskrotzenburg\/wp-content\/uploads\/sites\/222\/2019\/04\/board-game-challenge-chess-209728_1200x519-e1555324787982.png\",\"width\":787,\"height\":340},{\"@type\":\"BreadcrumbList\",\"@id\":\"https:\/\/weltlaeden.de\/grosskrotzenburg\/der-verein\/#breadcrumb\",\"itemListElement\":[{\"@type\":\"ListItem\",\"position\":1,\"name\":\"Startseite\",\"item\":\"https:\/\/weltlaeden.de\/grosskrotzenburg\/\"},{\"@type\":\"ListItem\",\"position\":2,\"name\":\"Der Verein\"}]},{\"@type\":\"WebSite\",\"@id\":\"https:\/\/weltlaeden.de\/grosskrotzenburg\/#website\",\"url\":\"https:\/\/weltlaeden.de\/grosskrotzenburg\/\",\"name\":\"Weltladen Gro\u00dfkrotzenburg\",\"description\":\"Faire Produkte seit mehr als 30 Jahre\",\"potentialAction\":[{\"@type\":\"SearchAction\",\"target\":{\"@type\":\"EntryPoint\",\"urlTemplate\":\"https:\/\/weltlaeden.de\/grosskrotzenburg\/?s={search_term_string}\"},\"query-input\":{\"@type\":\"PropertyValueSpecification\",\"valueRequired\":true,\"valueName\":\"search_term_string\"}}],\"inLanguage\":\"de\"}]}<\/script>\n<!-- \/ Yoast SEO plugin. -->","yoast_head_json":{"title":"Der Verein - Weltladen Gro\u00dfkrotzenburg","robots":{"index":"index","follow":"follow","max-snippet":"max-snippet:-1","max-image-preview":"max-image-preview:large","max-video-preview":"max-video-preview:-1"},"canonical":"https:\/\/weltlaeden.de\/grosskrotzenburg\/der-verein\/","og_locale":"de_DE","og_type":"article","og_title":"Der Verein - Weltladen Gro\u00dfkrotzenburg","og_description":"[vc_row][vc_column][\/vc_column][\/vc_row][vc_row][vc_column][vc_column_text css=&#8220;&#8220;]Im Jahr 1986 begann mit der &#8222;Aktionsgruppe 3. Welt&#8220; die Verkauf von fair gehandelten Waren in Gro\u00dfkrotzenburg. Die Gr\u00fcndung des Vereins folgte im Jahr 1989, der heute den Namen Eine-Welt-Laden Gro\u00dfkrotzenburg e. V. tr\u00e4gt. Aufgabe und Ziel des Vereins ist die F\u00f6rderung aller Ma\u00dfnahmen, die eine wirksame Hilfe f\u00fcr die Bev\u00f6lkerung in den L\u00e4nder&hellip;","og_url":"https:\/\/weltlaeden.de\/grosskrotzenburg\/der-verein\/","og_site_name":"Weltladen Gro\u00dfkrotzenburg","article_modified_time":"2025-02-13T15:27:34+00:00","og_image":[{"url":"https:\/\/weltlaeden.de\/grosskrotzenburg\/wp-content\/uploads\/sites\/222\/2019\/04\/board-game-challenge-chess-209728_1200x519-e1555324787982.png","type":"","width":"","height":""}],"twitter_card":"summary_large_image","twitter_misc":{"Gesch\u00e4tzte Lesezeit":"2\u00a0Minuten"},"schema":{"@context":"https:\/\/schema.org","@graph":[{"@type":"WebPage","@id":"https:\/\/weltlaeden.de\/grosskrotzenburg\/der-verein\/","url":"https:\/\/weltlaeden.de\/grosskrotzenburg\/der-verein\/","name":"Der Verein - Weltladen Gro\u00dfkrotzenburg","isPartOf":{"@id":"https:\/\/weltlaeden.de\/grosskrotzenburg\/#website"},"primaryImageOfPage":{"@id":"https:\/\/weltlaeden.de\/grosskrotzenburg\/der-verein\/#primaryimage"},"image":{"@id":"https:\/\/weltlaeden.de\/grosskrotzenburg\/der-verein\/#primaryimage"},"thumbnailUrl":"https:\/\/weltlaeden.de\/grosskrotzenburg\/wp-content\/uploads\/sites\/222\/2019\/04\/board-game-challenge-chess-209728_1200x519-e1555324787982.png","datePublished":"2025-01-27T12:59:16+00:00","dateModified":"2025-02-13T15:27:34+00:00","breadcrumb":{"@id":"https:\/\/weltlaeden.de\/grosskrotzenburg\/der-verein\/#breadcrumb"},"inLanguage":"de","potentialAction":[{"@type":"ReadAction","target":["https:\/\/weltlaeden.de\/grosskrotzenburg\/der-verein\/"]}]},{"@type":"ImageObject","inLanguage":"de","@id":"https:\/\/weltlaeden.de\/grosskrotzenburg\/der-verein\/#primaryimage","url":"https:\/\/weltlaeden.de\/grosskrotzenburg\/wp-content\/uploads\/sites\/222\/2019\/04\/board-game-challenge-chess-209728_1200x519-e1555324787982.png","contentUrl":"https:\/\/weltlaeden.de\/grosskrotzenburg\/wp-content\/uploads\/sites\/222\/2019\/04\/board-game-challenge-chess-209728_1200x519-e1555324787982.png","width":787,"height":340},{"@type":"BreadcrumbList","@id":"https:\/\/weltlaeden.de\/grosskrotzenburg\/der-verein\/#breadcrumb","itemListElement":[{"@type":"ListItem","position":1,"name":"Startseite","item":"https:\/\/weltlaeden.de\/grosskrotzenburg\/"},{"@type":"ListItem","position":2,"name":"Der Verein"}]},{"@type":"WebSite","@id":"https:\/\/weltlaeden.de\/grosskrotzenburg\/#website","url":"https:\/\/weltlaeden.de\/grosskrotzenburg\/","name":"Weltladen Gro\u00dfkrotzenburg","description":"Faire Produkte seit mehr als 30 Jahre","potentialAction":[{"@type":"SearchAction","target":{"@type":"EntryPoint","urlTemplate":"https:\/\/weltlaeden.de\/grosskrotzenburg\/?s={search_term_string}"},"query-input":{"@type":"PropertyValueSpecification","valueRequired":true,"valueName":"search_term_string"}}],"inLanguage":"de"}]}},"_links":{"self":[{"href":"https:\/\/weltlaeden.de\/grosskrotzenburg\/wp-json\/wp\/v2\/pages\/687","targetHints":{"allow":["GET"]}}],"collection":[{"href":"https:\/\/weltlaeden.de\/grosskrotzenburg\/wp-json\/wp\/v2\/pages"}],"about":[{"href":"https:\/\/weltlaeden.de\/grosskrotzenburg\/wp-json\/wp\/v2\/types\/page"}],"author":[{"embeddable":true,"href":"https:\/\/weltlaeden.de\/grosskrotzenburg\/wp-json\/wp\/v2\/users\/330"}],"replies":[{"embeddable":true,"href":"https:\/\/weltlaeden.de\/grosskrotzenburg\/wp-json\/wp\/v2\/comments?post=687"}],"version-history":[{"count":9,"href":"https:\/\/weltlaeden.de\/grosskrotzenburg\/wp-json\/wp\/v2\/pages\/687\/revisions"}],"predecessor-version":[{"id":762,"href":"https:\/\/weltlaeden.de\/grosskrotzenburg\/wp-json\/wp\/v2\/pages\/687\/revisions\/762"}],"wp:attachment":[{"href":"https:\/\/weltlaeden.de\/grosskrotzenburg\/wp-json\/wp\/v2\/media?parent=687"}],"curies":[{"name":"wp","href":"https:\/\/api.w.org\/{rel}","templated":true}]}}