{"id":851,"date":"2020-10-27T15:37:06","date_gmt":"2020-10-27T14:37:41","guid":{"rendered":"https:\/\/weltlaeden.de\/grossauheim\/?page_id=851"},"modified":"2025-07-07T20:00:02","modified_gmt":"2025-07-07T18:00:02","slug":"beitrittserklaerung","status":"publish","type":"page","link":"https:\/\/weltlaeden.de\/grossauheim\/beitrittserklaerung\/","title":{"rendered":"Beitrittserkl\u00e4rung"},"content":{"rendered":"<div class=\"wpb-content-wrapper\"><p>[vc_row][vc_column][vc_column_text css=&#8220;&#8220;]<\/p>\n<h6>(Diese Beitrittserkl\u00e4rung &amp; die Satzung sind im Weltladen erh\u00e4ltlich.)<\/h6>\n<h2><strong>Beitrittserkl\u00e4rung<\/strong><\/h2>\n<p>&nbsp;<\/p>\n<p>Hiermit beantrage ich die Mitgliedschaft im Verein:<\/p>\n<p>&nbsp;<\/p>\n<p><strong><em>\u00d6kumenische Aktionsgemeinschaft Dritte Welt e. V.<\/em><\/strong><\/p>\n<p><strong><em>Hanau Gro\u00dfauheim<\/em><\/strong><\/p>\n<p>&nbsp;<\/p>\n<p>Ein Exemplar der Satzung habe ich erhalten. Die Ziele des Vereins erkenne ich hiermit an und werde diese gerne unterst\u00fctzen.<\/p>\n<p>Die Datenschutzerkl\u00e4rung wurde mir ausgeh\u00e4ndigt und von mir zur Kenntnis genommen.<\/p>\n<p>&nbsp;<\/p>\n<p>Hanau Gro\u00dfauheim, den___________________Unterschrift__________________________<\/p>\n<p>Name: ___________________________________________________________________________<\/p>\n<p>&nbsp;<\/p>\n<p>Stra\u00dfe: ___________________________________________________________________________<\/p>\n<p>&nbsp;<\/p>\n<p>PLZ \u2013 Wohnort: ___________________________________________________________________________<\/p>\n<p>&nbsp;<\/p>\n<p>Telefon \/ Mail: ___________________________________________________________________________<\/p>\n<p>Laut Beschluss des Vorstandes der <strong><em>\u00d6kumenische Aktionsgemeinschaft Dritte Welt e. V. Hanau Gro\u00dfauheim<\/em><\/strong> vom ___________________________ wird oben stehende<\/p>\n<p>&nbsp;<\/p>\n<p>Person Mitglied des Vereins ab: ________________<\/p>\n<p>&nbsp;<\/p>\n<p>________________________________\u00a0\u00a0\u00a0\u00a0\u00a0\u00a0\u00a0\u00a0\u00a0\u00a0\u00a0\u00a0\u00a0\u00a0\u00a0\u00a0\u00a0\u00a0\u00a0 \u00a0\u00a0\u00a0\u00a0\u00a0\u00a0\u00a0\u00a0\u00a0\u00a0\u00a0 ____________________________<\/p>\n<p>Datum\u00a0\u00a0\u00a0\u00a0\u00a0\u00a0\u00a0\u00a0\u00a0\u00a0\u00a0\u00a0\u00a0\u00a0\u00a0\u00a0\u00a0\u00a0\u00a0\u00a0\u00a0\u00a0\u00a0\u00a0\u00a0\u00a0\u00a0\u00a0\u00a0\u00a0\u00a0\u00a0\u00a0\u00a0\u00a0\u00a0\u00a0\u00a0\u00a0\u00a0\u00a0\u00a0\u00a0\u00a0\u00a0\u00a0\u00a0\u00a0\u00a0\u00a0\u00a0\u00a0\u00a0\u00a0\u00a0\u00a0\u00a0\u00a0\u00a0\u00a0\u00a0\u00a0\u00a0\u00a0\u00a0\u00a0\u00a0\u00a0\u00a0\u00a0\u00a0\u00a0\u00a0\u00a0\u00a0\u00a0\u00a0\u00a0\u00a0\u00a0\u00a0\u00a0\u00a0\u00a0\u00a0\u00a0 Unterschrift Vorstand<\/p>\n<p>&nbsp;<\/p>\n<p>&nbsp;<\/p>\n<p>&nbsp;<\/p>\n<p><strong>Mandatsreferenz<\/strong><\/p>\n<p>&nbsp;<\/p>\n<p>Hiermit erkl\u00e4re ich mich damit einverstanden, dass mein Jahresbeitrag in H\u00f6he von:<\/p>\n<p>&nbsp;<\/p>\n<p><strong>24,00 \u20ac<\/strong> von meinem Konto eingezogen wird. Eine Einzugserm\u00e4chtigung liegt bei.<\/p>\n<p>&nbsp;<\/p>\n<p>Meine Mandatsreferenz (wird vom Verein ausgef\u00fcllt): __________________________________________________________________________<\/p>\n<p>&nbsp;<\/p>\n<p>____________________________\u00a0\u00a0\u00a0\u00a0\u00a0\u00a0\u00a0\u00a0\u00a0\u00a0\u00a0\u00a0\u00a0\u00a0\u00a0\u00a0\u00a0\u00a0\u00a0\u00a0\u00a0\u00a0\u00a0\u00a0\u00a0\u00a0\u00a0\u00a0 \u00a0\u00a0\u00a0\u00a0\u00a0\u00a0\u00a0\u00a0\u00a0\u00a0\u00a0 ________________________<\/p>\n<p>Datum\u00a0\u00a0\u00a0\u00a0\u00a0\u00a0\u00a0\u00a0\u00a0\u00a0\u00a0\u00a0\u00a0\u00a0\u00a0\u00a0\u00a0\u00a0\u00a0\u00a0\u00a0\u00a0\u00a0\u00a0\u00a0\u00a0\u00a0\u00a0\u00a0\u00a0\u00a0\u00a0\u00a0\u00a0\u00a0\u00a0\u00a0\u00a0\u00a0\u00a0\u00a0\u00a0\u00a0\u00a0\u00a0\u00a0\u00a0\u00a0\u00a0\u00a0\u00a0\u00a0\u00a0\u00a0\u00a0\u00a0\u00a0\u00a0\u00a0\u00a0\u00a0\u00a0\u00a0\u00a0\u00a0\u00a0\u00a0\u00a0\u00a0\u00a0\u00a0\u00a0\u00a0\u00a0\u00a0\u00a0\u00a0\u00a0\u00a0\u00a0\u00a0\u00a0\u00a0\u00a0\u00a0\u00a0 Unterschrift<\/p>\n<p>&nbsp;<\/p>\n<p>&nbsp;<\/p>\n<h3>Datenschutzerkl\u00e4rung gem\u00e4\u00df \u00a7 5 KDG<\/h3>\n<p>&nbsp;<\/p>\n<p>Das Gesetz \u00fcber den kirchlichen Datenschutz (KDG) bestimmt in \u00a7 5, dass es den bei der Verarbeitung personenbezogener Daten t\u00e4tigen Personen untersagt ist, diese unbefugt zu verarbeiten (Datengeheimnis). Jede Person hat ein Recht auf informationelle Selbstbestimmung, d. h. ein Recht, selbst \u00fcber die Preisgabe und Verwendung seiner personenbezogenen Daten zu bestimmen.<\/p>\n<p>&nbsp;<\/p>\n<p>Bei den personenbezogenen Daten handelt es sich um s\u00e4mtliche Informationen, die sich auf eine identifizierte oder identifizierbare nat\u00fcrliche Person beziehen. Hierzu z\u00e4hlen auch Mitgliedschaften, Teilnahme an Veranstaltungen, Standortangaben, Onlinedaten wie IP-Adressen, aber auch Angaben, die auf eine Person hinweisen oder sie darstellen (Fotos etc.).<\/p>\n<p>&nbsp;<\/p>\n<p>Von der unbefugten Verarbeitung sind s\u00e4mtliche Verfahren wie z. B. das Erheben, die Speicherung, die Ver\u00e4nderung, das Auslesen, das Abfragen, die Verwendung, die Offenlegung durch \u00dcbermittlung, Verbreitung (Ver\u00f6ffentlichung), das L\u00f6schen oder die Vernichtung dieser Daten gemeint, wenn dies ohne Einwilligung der betroffenen Person oder ohne gesetzliche Grundlage erfolgt.<\/p>\n<p>&nbsp;<\/p>\n<h2>Datenschutzerkl\u00e4rung:<\/h2>\n<p>&nbsp;<\/p>\n<p>hiermit stimme ich zu, dass meine pers\u00f6nlichen Daten nur im Rahmen der T\u00e4tigkeit (siehe Satzung) des Vereins \u00d6kumenische Aktionsgemeinschaft e. V. genutzt werden.<\/p>\n<p>&nbsp;<\/p>\n<p>Meine Daten\u00a0 werden mit dem Austritt aus dem Verein sofort gel\u00f6scht und stehen auch keinem dritten Verein oder anderen Personen zur Verf\u00fcgung.<\/p>\n<p>&nbsp;<\/p>\n<p>Ich stimme der Ver\u00f6ffentlichung von Foto- oder Filmaufnahmen von mir zu, sofern sie dem Vereinszweck dienen und\/oder mit diesem im Zusammenhang stehen.<\/p>\n<p>&nbsp;<\/p>\n<p>Ich wei\u00df, dass ich diese Einwilligung jederzeit widerrufen kann.<\/p>\n<p>&nbsp;<\/p>\n<p>&nbsp;<\/p>\n<p>&nbsp;<\/p>\n<p>______________________________\u00a0\u00a0\u00a0\u00a0\u00a0\u00a0\u00a0\u00a0\u00a0\u00a0\u00a0\u00a0\u00a0\u00a0\u00a0\u00a0\u00a0\u00a0\u00a0\u00a0\u00a0\u00a0\u00a0\u00a0\u00a0\u00a0\u00a0\u00a0\u00a0\u00a0\u00a0\u00a0\u00a0\u00a0\u00a0\u00a0\u00a0\u00a0\u00a0\u00a0\u00a0\u00a0\u00a0\u00a0\u00a0\u00a0\u00a0\u00a0 \u00a0\u00a0\u00a0\u00a0\u00a0\u00a0\u00a0\u00a0\u00a0\u00a0\u00a0 ________________<\/p>\n<p>Name\u00a0\u00a0\u00a0\u00a0\u00a0\u00a0\u00a0\u00a0\u00a0\u00a0\u00a0\u00a0\u00a0\u00a0\u00a0\u00a0\u00a0\u00a0\u00a0\u00a0\u00a0\u00a0\u00a0\u00a0\u00a0\u00a0\u00a0\u00a0\u00a0\u00a0\u00a0\u00a0\u00a0\u00a0\u00a0\u00a0\u00a0\u00a0\u00a0\u00a0\u00a0\u00a0\u00a0\u00a0\u00a0\u00a0\u00a0\u00a0\u00a0\u00a0\u00a0\u00a0\u00a0\u00a0\u00a0\u00a0\u00a0\u00a0\u00a0\u00a0\u00a0\u00a0\u00a0\u00a0\u00a0\u00a0\u00a0\u00a0\u00a0\u00a0\u00a0\u00a0\u00a0\u00a0\u00a0\u00a0\u00a0\u00a0\u00a0\u00a0\u00a0\u00a0\u00a0\u00a0\u00a0\u00a0\u00a0 \u00a0\u00a0 \u00a0\u00a0\u00a0\u00a0\u00a0\u00a0\u00a0\u00a0 \u00a0\u00a0\u00a0\u00a0\u00a0\u00a0\u00a0\u00a0\u00a0\u00a0\u00a0\u00a0\u00a0Datum<\/p>\n<p>&nbsp;<\/p>\n<p>&nbsp;<\/p>\n<p>&nbsp;<\/p>\n<p>&nbsp;<\/p>\n<p>______________________________<\/p>\n<p>Unterschrift<\/p>\n<p>&nbsp;<\/p>\n<p>&nbsp;<\/p>\n<p>&nbsp;<\/p>\n<p>&nbsp;<\/p>\n<p>&nbsp;<\/p>\n<p>&nbsp;<\/p>\n<p>&nbsp;<\/p>\n<p>&nbsp;<\/p>\n<h3>Einwilligungserkl\u00e4rung Bankeinzug:<\/h3>\n<p>&nbsp;<\/p>\n<p>Mandatsreferenz:_________________________________________<\/p>\n<p>&nbsp;<\/p>\n<p>Bankinstitut:_____________________________________________<\/p>\n<p>&nbsp;<\/p>\n<p>&nbsp;<\/p>\n<p>Kontoinhaber\/in:_________________________________________<\/p>\n<p>&nbsp;<\/p>\n<p>&nbsp;<\/p>\n<p>IBAN:___________________________________________________<\/p>\n<p>&nbsp;<\/p>\n<p>&nbsp;<\/p>\n<p>BIC:____________________________________________________<\/p>\n<p>&nbsp;<\/p>\n<p>&nbsp;<\/p>\n<p>Hiermit erm\u00e4chtige ich den Verein \u201e\u00d6kumenische Aktionsgemeinschaft e.V.\u201c<\/p>\n<p>den Jahresbeitrag\u00a0 des Vereins von meinem Konto einziehen zu lassen.<\/p>\n<p>&nbsp;<\/p>\n<p>&nbsp;<\/p>\n<p>&nbsp;<\/p>\n<p>&nbsp;<\/p>\n<p>Datum:_________________________<\/p>\n<p>[\/vc_column_text][\/vc_column][\/vc_row]<\/p>\n<\/div>","protected":false},"excerpt":{"rendered":"<p>[vc_row][vc_column][vc_column_text css=&#8220;&#8220;] (Diese Beitrittserkl\u00e4rung &amp; die Satzung sind im Weltladen erh\u00e4ltlich.) Beitrittserkl\u00e4rung &nbsp; Hiermit beantrage ich die Mitgliedschaft im Verein: &nbsp; \u00d6kumenische Aktionsgemeinschaft Dritte Welt e. V. Hanau Gro\u00dfauheim &nbsp; Ein Exemplar der Satzung habe ich erhalten. Die Ziele des Vereins erkenne ich hiermit an und werde diese gerne unterst\u00fctzen. Die Datenschutzerkl\u00e4rung wurde mir ausgeh\u00e4ndigt&hellip;<\/p>\n","protected":false},"author":77,"featured_media":0,"parent":0,"menu_order":0,"comment_status":"closed","ping_status":"closed","template":"","meta":{"footnotes":""},"class_list":["post-851","page","type-page","status-publish","hentry","description-off"],"yoast_head":"<!-- This site is optimized with the Yoast SEO plugin v26.8 - https:\/\/yoast.com\/product\/yoast-seo-wordpress\/ -->\n<title>Beitrittserkl\u00e4rung - Weltladen Grossauheim<\/title>\n<meta name=\"robots\" content=\"index, follow, max-snippet:-1, max-image-preview:large, max-video-preview:-1\" \/>\n<link rel=\"canonical\" href=\"https:\/\/weltlaeden.de\/grossauheim\/beitrittserklaerung\/\" \/>\n<meta property=\"og:locale\" content=\"de_DE\" \/>\n<meta property=\"og:type\" content=\"article\" \/>\n<meta property=\"og:title\" content=\"Beitrittserkl\u00e4rung - Weltladen Grossauheim\" \/>\n<meta property=\"og:description\" content=\"[vc_row][vc_column][vc_column_text css=&#8220;&#8220;] (Diese Beitrittserkl\u00e4rung &amp; die Satzung sind im Weltladen erh\u00e4ltlich.) Beitrittserkl\u00e4rung &nbsp; Hiermit beantrage ich die Mitgliedschaft im Verein: &nbsp; \u00d6kumenische Aktionsgemeinschaft Dritte Welt e. V. Hanau Gro\u00dfauheim &nbsp; Ein Exemplar der Satzung habe ich erhalten. Die Ziele des Vereins erkenne ich hiermit an und werde diese gerne unterst\u00fctzen. Die Datenschutzerkl\u00e4rung wurde mir ausgeh\u00e4ndigt&hellip;\" \/>\n<meta property=\"og:url\" content=\"https:\/\/weltlaeden.de\/grossauheim\/beitrittserklaerung\/\" \/>\n<meta property=\"og:site_name\" content=\"Weltladen Grossauheim\" \/>\n<meta property=\"article:modified_time\" content=\"2025-07-07T18:00:02+00:00\" \/>\n<meta name=\"twitter:card\" content=\"summary_large_image\" \/>\n<meta name=\"twitter:label1\" content=\"Gesch\u00e4tzte Lesezeit\" \/>\n\t<meta name=\"twitter:data1\" content=\"3\u00a0Minuten\" \/>\n<script type=\"application\/ld+json\" class=\"yoast-schema-graph\">{\"@context\":\"https:\/\/schema.org\",\"@graph\":[{\"@type\":\"WebPage\",\"@id\":\"https:\/\/weltlaeden.de\/grossauheim\/beitrittserklaerung\/\",\"url\":\"https:\/\/weltlaeden.de\/grossauheim\/beitrittserklaerung\/\",\"name\":\"Beitrittserkl\u00e4rung - Weltladen Grossauheim\",\"isPartOf\":{\"@id\":\"https:\/\/weltlaeden.de\/grossauheim\/#website\"},\"datePublished\":\"2020-10-27T14:37:41+00:00\",\"dateModified\":\"2025-07-07T18:00:02+00:00\",\"breadcrumb\":{\"@id\":\"https:\/\/weltlaeden.de\/grossauheim\/beitrittserklaerung\/#breadcrumb\"},\"inLanguage\":\"de\",\"potentialAction\":[{\"@type\":\"ReadAction\",\"target\":[\"https:\/\/weltlaeden.de\/grossauheim\/beitrittserklaerung\/\"]}]},{\"@type\":\"BreadcrumbList\",\"@id\":\"https:\/\/weltlaeden.de\/grossauheim\/beitrittserklaerung\/#breadcrumb\",\"itemListElement\":[{\"@type\":\"ListItem\",\"position\":1,\"name\":\"Startseite\",\"item\":\"https:\/\/weltlaeden.de\/grossauheim\/\"},{\"@type\":\"ListItem\",\"position\":2,\"name\":\"Beitrittserkl\u00e4rung\"}]},{\"@type\":\"WebSite\",\"@id\":\"https:\/\/weltlaeden.de\/grossauheim\/#website\",\"url\":\"https:\/\/weltlaeden.de\/grossauheim\/\",\"name\":\"Vorlage\",\"description\":\"Faire Produkte seit \u00fcber 40 Jahren\",\"potentialAction\":[{\"@type\":\"SearchAction\",\"target\":{\"@type\":\"EntryPoint\",\"urlTemplate\":\"https:\/\/weltlaeden.de\/grossauheim\/?s={search_term_string}\"},\"query-input\":{\"@type\":\"PropertyValueSpecification\",\"valueRequired\":true,\"valueName\":\"search_term_string\"}}],\"inLanguage\":\"de\"}]}<\/script>\n<!-- \/ Yoast SEO plugin. -->","yoast_head_json":{"title":"Beitrittserkl\u00e4rung - Weltladen Grossauheim","robots":{"index":"index","follow":"follow","max-snippet":"max-snippet:-1","max-image-preview":"max-image-preview:large","max-video-preview":"max-video-preview:-1"},"canonical":"https:\/\/weltlaeden.de\/grossauheim\/beitrittserklaerung\/","og_locale":"de_DE","og_type":"article","og_title":"Beitrittserkl\u00e4rung - Weltladen Grossauheim","og_description":"[vc_row][vc_column][vc_column_text css=&#8220;&#8220;] (Diese Beitrittserkl\u00e4rung &amp; die Satzung sind im Weltladen erh\u00e4ltlich.) Beitrittserkl\u00e4rung &nbsp; Hiermit beantrage ich die Mitgliedschaft im Verein: &nbsp; \u00d6kumenische Aktionsgemeinschaft Dritte Welt e. V. Hanau Gro\u00dfauheim &nbsp; Ein Exemplar der Satzung habe ich erhalten. Die Ziele des Vereins erkenne ich hiermit an und werde diese gerne unterst\u00fctzen. Die Datenschutzerkl\u00e4rung wurde mir ausgeh\u00e4ndigt&hellip;","og_url":"https:\/\/weltlaeden.de\/grossauheim\/beitrittserklaerung\/","og_site_name":"Weltladen Grossauheim","article_modified_time":"2025-07-07T18:00:02+00:00","twitter_card":"summary_large_image","twitter_misc":{"Gesch\u00e4tzte Lesezeit":"3\u00a0Minuten"},"schema":{"@context":"https:\/\/schema.org","@graph":[{"@type":"WebPage","@id":"https:\/\/weltlaeden.de\/grossauheim\/beitrittserklaerung\/","url":"https:\/\/weltlaeden.de\/grossauheim\/beitrittserklaerung\/","name":"Beitrittserkl\u00e4rung - Weltladen Grossauheim","isPartOf":{"@id":"https:\/\/weltlaeden.de\/grossauheim\/#website"},"datePublished":"2020-10-27T14:37:41+00:00","dateModified":"2025-07-07T18:00:02+00:00","breadcrumb":{"@id":"https:\/\/weltlaeden.de\/grossauheim\/beitrittserklaerung\/#breadcrumb"},"inLanguage":"de","potentialAction":[{"@type":"ReadAction","target":["https:\/\/weltlaeden.de\/grossauheim\/beitrittserklaerung\/"]}]},{"@type":"BreadcrumbList","@id":"https:\/\/weltlaeden.de\/grossauheim\/beitrittserklaerung\/#breadcrumb","itemListElement":[{"@type":"ListItem","position":1,"name":"Startseite","item":"https:\/\/weltlaeden.de\/grossauheim\/"},{"@type":"ListItem","position":2,"name":"Beitrittserkl\u00e4rung"}]},{"@type":"WebSite","@id":"https:\/\/weltlaeden.de\/grossauheim\/#website","url":"https:\/\/weltlaeden.de\/grossauheim\/","name":"Vorlage","description":"Faire Produkte seit \u00fcber 40 Jahren","potentialAction":[{"@type":"SearchAction","target":{"@type":"EntryPoint","urlTemplate":"https:\/\/weltlaeden.de\/grossauheim\/?s={search_term_string}"},"query-input":{"@type":"PropertyValueSpecification","valueRequired":true,"valueName":"search_term_string"}}],"inLanguage":"de"}]}},"_links":{"self":[{"href":"https:\/\/weltlaeden.de\/grossauheim\/wp-json\/wp\/v2\/pages\/851","targetHints":{"allow":["GET"]}}],"collection":[{"href":"https:\/\/weltlaeden.de\/grossauheim\/wp-json\/wp\/v2\/pages"}],"about":[{"href":"https:\/\/weltlaeden.de\/grossauheim\/wp-json\/wp\/v2\/types\/page"}],"author":[{"embeddable":true,"href":"https:\/\/weltlaeden.de\/grossauheim\/wp-json\/wp\/v2\/users\/77"}],"replies":[{"embeddable":true,"href":"https:\/\/weltlaeden.de\/grossauheim\/wp-json\/wp\/v2\/comments?post=851"}],"version-history":[{"count":4,"href":"https:\/\/weltlaeden.de\/grossauheim\/wp-json\/wp\/v2\/pages\/851\/revisions"}],"predecessor-version":[{"id":2758,"href":"https:\/\/weltlaeden.de\/grossauheim\/wp-json\/wp\/v2\/pages\/851\/revisions\/2758"}],"wp:attachment":[{"href":"https:\/\/weltlaeden.de\/grossauheim\/wp-json\/wp\/v2\/media?parent=851"}],"curies":[{"name":"wp","href":"https:\/\/api.w.org\/{rel}","templated":true}]}}