{"id":810,"date":"2020-10-08T20:12:06","date_gmt":"2020-10-08T18:12:46","guid":{"rendered":"https:\/\/weltlaeden.de\/grossauheim\/?page_id=810"},"modified":"2020-10-27T16:07:47","modified_gmt":"2020-10-27T15:07:47","slug":"satzung","status":"publish","type":"page","link":"https:\/\/weltlaeden.de\/grossauheim\/satzung\/","title":{"rendered":"Satzung"},"content":{"rendered":"<div class=\"wpb-content-wrapper\"><p>[vc_row][vc_column][vc_column_text]Satzung \u00d6kumenische Aktionsgemeinschaft Dritte Welt e. V. Hanau Gro\u00dfauheim<\/p>\n<p>&nbsp;<\/p>\n<ul>\n<li><strong> 1<\/strong> <strong>Name des Vereins<\/strong><\/li>\n<\/ul>\n<p>der Verein nennt sich<\/p>\n<p><strong>\u201e\u00d6kumenische Aktionsgemeinschaft Dritte Welt e.V.\u201c<\/strong><\/p>\n<p>&nbsp;<\/p>\n<ul>\n<li><strong> 2<\/strong> <strong>Sitz und Gesch\u00e4ftsjahr<\/strong><\/li>\n<li>Sitz des Vereins ist Hanau \u2013 Gro\u00dfauheim<\/li>\n<li>Das Gesch\u00e4ftsjahr ist das Kalenderjahr<\/li>\n<\/ul>\n<p>&nbsp;<\/p>\n<ul>\n<li><strong> 3<\/strong> <strong>Zweck<\/strong><\/li>\n<li>Aufgabe und Ziel des Vereins ist die F\u00f6rderung aller Ma\u00dfnahmen, die wirksame Hilfe f\u00fcr die Bev\u00f6lkerung in den L\u00e4ndern der sogenannten 3. Welt bedeuten, die F\u00f6rderung internationaler Gesinnung, der Toleranz auf allen Gebieten der Kultur und des V\u00f6lkerverst\u00e4ndigungsgedankens.<\/li>\n<\/ul>\n<p>&nbsp;<\/p>\n<ul>\n<li>Der Verein setzt sich zur Aufgabe:\n<ol>\n<li>durch Bildungs- und \u00d6ffentlichkeitsarbeit die Aufgeschlossenheit in der Gesellschaft f\u00fcr Probleme der Entwicklungsl\u00e4nder zu f\u00f6rdern, \u00fcber Zusammenh\u00e4nge zwischen erster und dritter Welt zu informieren und nach Schritten der Ver\u00e4nderung bestehender Ungerechtigkeiten zu suchen.<\/li>\n<li>Entwicklungsprojekte von kirchlichen, caritativen, gemeinn\u00fctzigen oder genossenschaftlichen Institutionen oder \u00e4hnlichen Initiativen in oder f\u00fcr L\u00e4nder der Dritten Welt zu unterst\u00fctzen, zum Beispiel durch den Warenverkauf im Weltladen und die \u00dcbermittlung von Informationen \u00fcber nachhaltige und soziale Projekte und die F\u00f6rderung des \u201eFairen Handels\u201c.<\/li>\n<\/ol>\n<\/li>\n<\/ul>\n<p>&nbsp;<\/p>\n<ul>\n<li><strong> 4<\/strong> <strong>Gemeinn\u00fctzigkeit<\/strong><\/li>\n<\/ul>\n<p>&nbsp;<\/p>\n<ul>\n<li>Der Verein ist selbstlos t\u00e4tig, er verfolgt nicht in erster Linie eigenwirtschaftliche Zwecke, sondern in Durchf\u00fchrung des \u00a7 3 der Satzung ausschlie\u00dflich und unmittelbar gemeinn\u00fctzige und mildt\u00e4tige Zwecke im Sinne der \u00a7\u00a7 52 ff AO 1977. Die Mittel des Vereins d\u00fcrfen nur f\u00fcr satzungsgem\u00e4\u00dfe Zwecke verwendet werden.<\/li>\n<\/ul>\n<p>&nbsp;<\/p>\n<ul>\n<li>Die Mitglieder erhalten keine Gewinnanteile und in ihrer Eigenschaft als Mitglieder auch kein sonstigen Zuwendungen aus Mitteln des Vereins. Bei ihrem Ausscheiden haben sie keinen Anspruch auf das Vereinsverm\u00f6gen; das gleiche gilt bei Aufl\u00f6sung oder Aufhebung des Vereins.<\/li>\n<\/ul>\n<p>&nbsp;<\/p>\n<ul>\n<li>Niemand darf durch Verwaltungsaufgaben oder Gesch\u00e4fte, die den Zwecken des Vereins fremd sind, oder durch unverh\u00e4ltnism\u00e4\u00dfig hohe Verg\u00fctungen beg\u00fcnstigt werden.<\/li>\n<\/ul>\n<p>&nbsp;<\/p>\n<ul>\n<li><strong> 5 Mitgliedschaft<\/strong><\/li>\n<\/ul>\n<p>&nbsp;<\/p>\n<ul>\n<li>Ordentliche Mitglieder k\u00f6nnen nat\u00fcrliche Personen werden, die den Zwecken und Zielen der Vereinsarbeit zustimmen.<\/li>\n<\/ul>\n<p>&nbsp;<\/p>\n<ul>\n<li>Au\u00dferordentliche Mitglieder k\u00f6nnen juristische Personen werden, die als Institutionen auf dem Gebiet der Entwicklungshilfe, der Entwicklungspolitik oder der Bildungsarbeit in diesem Bereich t\u00e4tig sind.<\/li>\n<\/ul>\n<p>&nbsp;<\/p>\n<ul>\n<li>Jede Person kann die Aufnahme in den Verein schriftlich beantragen. \u00dcber die Aufnahme entscheidet der Vorstand.<\/li>\n<\/ul>\n<p>&nbsp;<\/p>\n<ul>\n<li>\u00dcber die Aufnahme juristischer Personen entscheidet die Mitgliederversammlung auf Antrag durch die einfache Mehrheit der abgegebenen Stimmen.<\/li>\n<\/ul>\n<p>&nbsp;<\/p>\n<ul>\n<li>Die Mitgliedschaft endet\n<ol>\n<li>durch Austrittserkl\u00e4rung<\/li>\n<li>durch Ausschluss der Mitgliederversammlung<\/li>\n<\/ol>\n<\/li>\n<\/ul>\n<p>&nbsp;<\/p>\n<ul>\n<li>Der Austritt erfolgt durch eine schriftliche Erkl\u00e4rung des Mitgliedes und ist zum Ende eines Kalendervierteljahres m\u00f6glich.<\/li>\n<\/ul>\n<p>&nbsp;<\/p>\n<ul>\n<li>Der im \u00a7 5 Absatz 5b erw\u00e4hnte<br \/>\nAusschluss eines Mitgliedes wegen eines den Zweck oder das Ansehen des<br \/>\nVereins sch\u00e4digenden Verhaltens kann nur mit einer Mehrheit von 2\/3 der auf der Mitgliederversammlung abgegebenen Stimmen beschlossen werden, wenn die Frage des Ausschlusses auf der Tagesordnung gestanden hat.<\/li>\n<\/ul>\n<p>&nbsp;<\/p>\n<p>&nbsp;<\/p>\n<ul>\n<li><strong> 6 Beitrag<\/strong><\/li>\n<\/ul>\n<p>&nbsp;<\/p>\n<p>Jedes Mitglied verpflichtet sich zur Zahlung eines Mitgliederbeitrages. Die H\u00f6he wird von der Mitgliederversammlung festgesetzt.<\/p>\n<p>&nbsp;<\/p>\n<ul>\n<li><strong> 7 Organe des Vereins<\/strong><\/li>\n<\/ul>\n<p>&nbsp;<\/p>\n<p>Organe des Vereins sind:<\/p>\n<ul>\n<li>die Mitgliederversammlung<\/li>\n<li>der Vorstand<\/li>\n<\/ul>\n<p>&nbsp;<\/p>\n<ul>\n<li><strong> 8 Mitgliederversammlung (MV)<\/strong><\/li>\n<\/ul>\n<p>&nbsp;<\/p>\n<ul>\n<li>Alle zwei Jahre ist eine Mitgliederversammlung einzuberufen. Sie ist mindestens 14 Tage vorher unter Angabe von Ort, Zeit und Tagesordnung schriftlich bekannt zu geben.<\/li>\n<\/ul>\n<p>&nbsp;<\/p>\n<p>&nbsp;<\/p>\n<p>&nbsp;<\/p>\n<p>&nbsp;<\/p>\n<ul>\n<li>Die Obliegenheiten der MV sind:\n<ol>\n<li>Entgegennahme des Gesch\u00e4fts- und Kassenberichtes des Vorstandes<\/li>\n<li>Die Wahl und Entlastung des Vorstandes<\/li>\n<li>Festsetzung der Beitr\u00e4ge<\/li>\n<li>Beschlussfassung \u00fcber Antr\u00e4ge<\/li>\n<li>Aufl\u00f6sung des Vereins<\/li>\n<\/ol>\n<\/li>\n<\/ul>\n<p>&nbsp;<\/p>\n<p>&nbsp;<\/p>\n<ul>\n<li>Au\u00dferordentliche MV sind vom Vorstand einzuberufen, wenn das Vereinsinteresse es erfordert, oder wenn mindestens ein Viertel der Mitglieder einen diesbez\u00fcglichen schriftlichen Antrag unter Angabe des Grundes beim Vorstand stellen. Sie ist mindestens 14 Tage vorher unter Angabe von Ort, Zeit und Tagesordnung schriftlich bekannt zu geben.<\/li>\n<\/ul>\n<p>&nbsp;<\/p>\n<ul>\n<li>Wenn ordnungsgem\u00e4\u00df zur Mitgliederversammlung geladen ist, sind die anwesenden Mitglieder beschlussf\u00e4hig.<\/li>\n<\/ul>\n<p>&nbsp;<\/p>\n<ul>\n<li>Jedes Mitglied hat eine Stimme. Die Beschl\u00fcsse werden, falls nicht von der Satzung anders vorgeschrieben, mit einfacher Stimmenmehrheit gefasst. Bei Stimmengleichheit gilt der Antrag als abgelehnt.<\/li>\n<\/ul>\n<p>&nbsp;<\/p>\n<ul>\n<li>Den Vorsitz der MV f\u00fchrt der\/die Vorsitzende\/r des Vorstandes. Die Beschl\u00fcsse werden protokolliert und vom Vorsitzenden und einem Mitglied unterzeichnet.<\/li>\n<\/ul>\n<p>&nbsp;<\/p>\n<ul>\n<li>Der Vorstand kann Beschl\u00fcsse der MV in Ausnahmef\u00e4llen auch auf schriftlichem Wege herbeif\u00fchren, wenn dies dringend erforderlich ist.<\/li>\n<\/ul>\n<p>&nbsp;<\/p>\n<p>&nbsp;<\/p>\n<ul>\n<li><strong> 9 der Vorstand<\/strong><\/li>\n<\/ul>\n<p><strong>\u00a0<\/strong><\/p>\n<ul>\n<li>Der Vorstand des Vereins besteht aus der\/dem Vorsitzenden, der\/dem stellvertretenden Vorsitzenden, dem\/der Kassierer\/in und drei bis f\u00fcnf weiteren Mitgliedern.<\/li>\n<\/ul>\n<p>&nbsp;<\/p>\n<ul>\n<li>Vorstand im Sinne des \u00a7 26 BGB ist der\/die Vorsitzende, der\/die stellvertretende Vorsitzende und der\/die Kassierer\/in. Jeder von ihnen ist allein vertretungsberechtigt. Ein besonderer Nachweis der Verhinderung des Vorsitzenden ist nicht erforderlich. Der Vorstand vertritt den Verein gerichtlich und au\u00dfergerichtlich.<\/li>\n<\/ul>\n<p>&nbsp;<\/p>\n<ul>\n<li>Die Amtsdauer des Vorstandes betr\u00e4gt 2 Jahre, er bleibt jedoch dar\u00fcber hinaus im Amt, bis der neue Vorstand durch die Mitgliederversammlung gew\u00e4hlt ist.<\/li>\n<\/ul>\n<p>&nbsp;<\/p>\n<ul>\n<li>Der Vorstand des Vereins trifft sich mindestens jeden zweiten Monat im Jahr. Er ist beschlussf\u00e4hig, wenn mindestens drei Mitglieder anwesend sind. Die Beschl\u00fcsse werden mit einfacher Mehrheit gefasst, bei Stimmgleichheit entscheidet die Stimme des\/der ersten Vorsitzenden. Der Vorstand kann Beschl\u00fcsse ausnahmsweise auch auf schriftlichem oder telefonischem Wege herbeif\u00fchren. Die Beschl\u00fcsse sind zu protokollieren.<\/li>\n<\/ul>\n<p>&nbsp;<\/p>\n<ul>\n<li>Zu den Sitzungen des Vorstandes k\u00f6nnen Mitglieder des Vereins mit beratender Stimme eingeladen werden, sofern dies zu den einzelnen Tagesordnungspunkten zweckm\u00e4\u00dfig ist.<\/li>\n<\/ul>\n<p>&nbsp;<\/p>\n<p>&nbsp;<\/p>\n<p>&nbsp;<\/p>\n<ul>\n<li><strong> 10 Aufl\u00f6sung<\/strong><\/li>\n<\/ul>\n<p><strong>\u00a0<\/strong><\/p>\n<p>Bei Aufl\u00f6sung oder Aufhebung des Vereins oder bei Wegfall seines bisherigen Zweckes f\u00e4llt das Verm\u00f6gen des Vereins zu gleichen Teilen an<\/p>\n<ul>\n<li>die Aktion BROT F\u00dcR DIE WELT<\/li>\n<li>die Aktion MISEREOR<\/li>\n<\/ul>\n<p>die es f\u00fcr die in \u00a7 3 genannten Zwecke zu verwenden haben.<\/p>\n<p>&nbsp;<\/p>\n<p>&nbsp;<\/p>\n<p>Diese Neufassung der Satzung wurde im August 2020 durch eine schriftliche Abstimmung (bedingt durch das, wegen der Corona-Pandemie herrschenden Versammlungsverbot) der Mitglieder beschlossen\u00a0 und tritt damit ab dem 01. September 2020 \u00a0in Kraft.<\/p>\n<p>&nbsp;<\/p>\n<p>&nbsp;<\/p>\n<p>Hanau Gro\u00dfauheim, den 01.08.2020[\/vc_column_text][\/vc_column][\/vc_row]<\/p>\n<\/div>","protected":false},"excerpt":{"rendered":"<p>[vc_row][vc_column][vc_column_text]Satzung \u00d6kumenische Aktionsgemeinschaft Dritte Welt e. V. Hanau Gro\u00dfauheim &nbsp; 1 Name des Vereins der Verein nennt sich \u201e\u00d6kumenische Aktionsgemeinschaft Dritte Welt e.V.\u201c &nbsp; 2 Sitz und Gesch\u00e4ftsjahr Sitz des Vereins ist Hanau \u2013 Gro\u00dfauheim Das Gesch\u00e4ftsjahr ist das Kalenderjahr &nbsp; 3 Zweck Aufgabe und Ziel des Vereins ist die F\u00f6rderung aller Ma\u00dfnahmen, die wirksame&hellip;<\/p>\n","protected":false},"author":77,"featured_media":0,"parent":0,"menu_order":5,"comment_status":"closed","ping_status":"closed","template":"","meta":{"footnotes":""},"class_list":["post-810","page","type-page","status-publish","hentry","description-off"],"yoast_head":"<!-- This site is optimized with the Yoast SEO plugin v26.8 - https:\/\/yoast.com\/product\/yoast-seo-wordpress\/ -->\n<title>Satzung - Weltladen Grossauheim<\/title>\n<meta name=\"robots\" content=\"index, follow, max-snippet:-1, max-image-preview:large, max-video-preview:-1\" \/>\n<link rel=\"canonical\" href=\"https:\/\/weltlaeden.de\/grossauheim\/satzung\/\" \/>\n<meta property=\"og:locale\" content=\"de_DE\" \/>\n<meta property=\"og:type\" content=\"article\" \/>\n<meta property=\"og:title\" content=\"Satzung - Weltladen Grossauheim\" \/>\n<meta property=\"og:description\" content=\"[vc_row][vc_column][vc_column_text]Satzung \u00d6kumenische Aktionsgemeinschaft Dritte Welt e. V. Hanau Gro\u00dfauheim &nbsp; 1 Name des Vereins der Verein nennt sich \u201e\u00d6kumenische Aktionsgemeinschaft Dritte Welt e.V.\u201c &nbsp; 2 Sitz und Gesch\u00e4ftsjahr Sitz des Vereins ist Hanau \u2013 Gro\u00dfauheim Das Gesch\u00e4ftsjahr ist das Kalenderjahr &nbsp; 3 Zweck Aufgabe und Ziel des Vereins ist die F\u00f6rderung aller Ma\u00dfnahmen, die wirksame&hellip;\" \/>\n<meta property=\"og:url\" content=\"https:\/\/weltlaeden.de\/grossauheim\/satzung\/\" \/>\n<meta property=\"og:site_name\" content=\"Weltladen Grossauheim\" \/>\n<meta property=\"article:modified_time\" content=\"2020-10-27T15:07:47+00:00\" \/>\n<meta name=\"twitter:card\" content=\"summary_large_image\" \/>\n<meta name=\"twitter:label1\" content=\"Gesch\u00e4tzte Lesezeit\" \/>\n\t<meta name=\"twitter:data1\" content=\"5\u00a0Minuten\" \/>\n<script type=\"application\/ld+json\" class=\"yoast-schema-graph\">{\"@context\":\"https:\/\/schema.org\",\"@graph\":[{\"@type\":\"WebPage\",\"@id\":\"https:\/\/weltlaeden.de\/grossauheim\/satzung\/\",\"url\":\"https:\/\/weltlaeden.de\/grossauheim\/satzung\/\",\"name\":\"Satzung - Weltladen Grossauheim\",\"isPartOf\":{\"@id\":\"https:\/\/weltlaeden.de\/grossauheim\/#website\"},\"datePublished\":\"2020-10-08T18:12:46+00:00\",\"dateModified\":\"2020-10-27T15:07:47+00:00\",\"breadcrumb\":{\"@id\":\"https:\/\/weltlaeden.de\/grossauheim\/satzung\/#breadcrumb\"},\"inLanguage\":\"de\",\"potentialAction\":[{\"@type\":\"ReadAction\",\"target\":[\"https:\/\/weltlaeden.de\/grossauheim\/satzung\/\"]}]},{\"@type\":\"BreadcrumbList\",\"@id\":\"https:\/\/weltlaeden.de\/grossauheim\/satzung\/#breadcrumb\",\"itemListElement\":[{\"@type\":\"ListItem\",\"position\":1,\"name\":\"Startseite\",\"item\":\"https:\/\/weltlaeden.de\/grossauheim\/\"},{\"@type\":\"ListItem\",\"position\":2,\"name\":\"Satzung\"}]},{\"@type\":\"WebSite\",\"@id\":\"https:\/\/weltlaeden.de\/grossauheim\/#website\",\"url\":\"https:\/\/weltlaeden.de\/grossauheim\/\",\"name\":\"Vorlage\",\"description\":\"Faire Produkte seit \u00fcber 40 Jahren\",\"potentialAction\":[{\"@type\":\"SearchAction\",\"target\":{\"@type\":\"EntryPoint\",\"urlTemplate\":\"https:\/\/weltlaeden.de\/grossauheim\/?s={search_term_string}\"},\"query-input\":{\"@type\":\"PropertyValueSpecification\",\"valueRequired\":true,\"valueName\":\"search_term_string\"}}],\"inLanguage\":\"de\"}]}<\/script>\n<!-- \/ Yoast SEO plugin. -->","yoast_head_json":{"title":"Satzung - Weltladen Grossauheim","robots":{"index":"index","follow":"follow","max-snippet":"max-snippet:-1","max-image-preview":"max-image-preview:large","max-video-preview":"max-video-preview:-1"},"canonical":"https:\/\/weltlaeden.de\/grossauheim\/satzung\/","og_locale":"de_DE","og_type":"article","og_title":"Satzung - Weltladen Grossauheim","og_description":"[vc_row][vc_column][vc_column_text]Satzung \u00d6kumenische Aktionsgemeinschaft Dritte Welt e. V. Hanau Gro\u00dfauheim &nbsp; 1 Name des Vereins der Verein nennt sich \u201e\u00d6kumenische Aktionsgemeinschaft Dritte Welt e.V.\u201c &nbsp; 2 Sitz und Gesch\u00e4ftsjahr Sitz des Vereins ist Hanau \u2013 Gro\u00dfauheim Das Gesch\u00e4ftsjahr ist das Kalenderjahr &nbsp; 3 Zweck Aufgabe und Ziel des Vereins ist die F\u00f6rderung aller Ma\u00dfnahmen, die wirksame&hellip;","og_url":"https:\/\/weltlaeden.de\/grossauheim\/satzung\/","og_site_name":"Weltladen Grossauheim","article_modified_time":"2020-10-27T15:07:47+00:00","twitter_card":"summary_large_image","twitter_misc":{"Gesch\u00e4tzte Lesezeit":"5\u00a0Minuten"},"schema":{"@context":"https:\/\/schema.org","@graph":[{"@type":"WebPage","@id":"https:\/\/weltlaeden.de\/grossauheim\/satzung\/","url":"https:\/\/weltlaeden.de\/grossauheim\/satzung\/","name":"Satzung - Weltladen Grossauheim","isPartOf":{"@id":"https:\/\/weltlaeden.de\/grossauheim\/#website"},"datePublished":"2020-10-08T18:12:46+00:00","dateModified":"2020-10-27T15:07:47+00:00","breadcrumb":{"@id":"https:\/\/weltlaeden.de\/grossauheim\/satzung\/#breadcrumb"},"inLanguage":"de","potentialAction":[{"@type":"ReadAction","target":["https:\/\/weltlaeden.de\/grossauheim\/satzung\/"]}]},{"@type":"BreadcrumbList","@id":"https:\/\/weltlaeden.de\/grossauheim\/satzung\/#breadcrumb","itemListElement":[{"@type":"ListItem","position":1,"name":"Startseite","item":"https:\/\/weltlaeden.de\/grossauheim\/"},{"@type":"ListItem","position":2,"name":"Satzung"}]},{"@type":"WebSite","@id":"https:\/\/weltlaeden.de\/grossauheim\/#website","url":"https:\/\/weltlaeden.de\/grossauheim\/","name":"Vorlage","description":"Faire Produkte seit \u00fcber 40 Jahren","potentialAction":[{"@type":"SearchAction","target":{"@type":"EntryPoint","urlTemplate":"https:\/\/weltlaeden.de\/grossauheim\/?s={search_term_string}"},"query-input":{"@type":"PropertyValueSpecification","valueRequired":true,"valueName":"search_term_string"}}],"inLanguage":"de"}]}},"_links":{"self":[{"href":"https:\/\/weltlaeden.de\/grossauheim\/wp-json\/wp\/v2\/pages\/810","targetHints":{"allow":["GET"]}}],"collection":[{"href":"https:\/\/weltlaeden.de\/grossauheim\/wp-json\/wp\/v2\/pages"}],"about":[{"href":"https:\/\/weltlaeden.de\/grossauheim\/wp-json\/wp\/v2\/types\/page"}],"author":[{"embeddable":true,"href":"https:\/\/weltlaeden.de\/grossauheim\/wp-json\/wp\/v2\/users\/77"}],"replies":[{"embeddable":true,"href":"https:\/\/weltlaeden.de\/grossauheim\/wp-json\/wp\/v2\/comments?post=810"}],"version-history":[{"count":3,"href":"https:\/\/weltlaeden.de\/grossauheim\/wp-json\/wp\/v2\/pages\/810\/revisions"}],"predecessor-version":[{"id":829,"href":"https:\/\/weltlaeden.de\/grossauheim\/wp-json\/wp\/v2\/pages\/810\/revisions\/829"}],"wp:attachment":[{"href":"https:\/\/weltlaeden.de\/grossauheim\/wp-json\/wp\/v2\/media?parent=810"}],"curies":[{"name":"wp","href":"https:\/\/api.w.org\/{rel}","templated":true}]}}