{"id":23,"date":"2016-10-14T09:05:21","date_gmt":"2016-10-14T07:05:21","guid":{"rendered":"https:\/\/wl.heimpixel.de\/vorlage\/termine\/"},"modified":"2026-03-12T20:08:22","modified_gmt":"2026-03-12T19:08:22","slug":"termine","status":"publish","type":"page","link":"https:\/\/weltlaeden.de\/grossauheim\/termine\/","title":{"rendered":"Termine"},"content":{"rendered":"<div class=\"wpb-content-wrapper\"><p>[vc_row][vc_column][vc_row_inner][vc_column_inner width=&#8220;1\/2&#8243;]<div class=\"wl_einzelbild\"><p><img loading=\"lazy\" decoding=\"async\" class=\"alignnone wp-image-2944\" src=\"https:\/\/weltlaeden.de\/grossauheim\/wp-content\/uploads\/sites\/51\/2026\/03\/Unbenannt.png\" alt=\"\" width=\"300\" height=\"375\" \/><\/p><\/div>[\/vc_column_inner][vc_column_inner width=&#8220;1\/2&#8243;][vc_column_text css=&#8220;&#8220;]<\/p>\n<h2>Wir sind dabei&#8230; mit WAS NUSS&#8230;DAS NUSS&#8230;<\/h2>\n<p>&#8230;. und neuen Nussriegeln <strong>ohne<\/strong> Palm\u00f6l und <strong>mit<\/strong> fairen N\u00fcssen![\/vc_column_text]<div class=\"wl_einzelbild\"><p><img loading=\"lazy\" decoding=\"async\" class=\"alignnone size-large wp-image-2968\" src=\"https:\/\/weltlaeden.de\/grossauheim\/wp-content\/uploads\/sites\/51\/2026\/03\/Screenshot-2026-03-12-at-19-31-01-251217_GEPA_Flyer_Nussriegel.indd-GEPA_Flyer_nut_with_me_Nussriegel_89449.pdf-1-1024x678.jpg\" alt=\"\" width=\"1024\" height=\"678\" srcset=\"https:\/\/weltlaeden.de\/grossauheim\/wp-content\/uploads\/sites\/51\/2026\/03\/Screenshot-2026-03-12-at-19-31-01-251217_GEPA_Flyer_Nussriegel.indd-GEPA_Flyer_nut_with_me_Nussriegel_89449.pdf-1-1024x678.jpg 1024w, https:\/\/weltlaeden.de\/grossauheim\/wp-content\/uploads\/sites\/51\/2026\/03\/Screenshot-2026-03-12-at-19-31-01-251217_GEPA_Flyer_Nussriegel.indd-GEPA_Flyer_nut_with_me_Nussriegel_89449.pdf-1-300x199.jpg 300w, https:\/\/weltlaeden.de\/grossauheim\/wp-content\/uploads\/sites\/51\/2026\/03\/Screenshot-2026-03-12-at-19-31-01-251217_GEPA_Flyer_Nussriegel.indd-GEPA_Flyer_nut_with_me_Nussriegel_89449.pdf-1-768x508.jpg 768w, https:\/\/weltlaeden.de\/grossauheim\/wp-content\/uploads\/sites\/51\/2026\/03\/Screenshot-2026-03-12-at-19-31-01-251217_GEPA_Flyer_Nussriegel.indd-GEPA_Flyer_nut_with_me_Nussriegel_89449.pdf-1.jpg 1121w\" sizes=\"auto, (max-width: 1024px) 100vw, 1024px\" \/><\/p><\/div>[\/vc_column_inner][\/vc_row_inner][vc_separator border_width=&#8220;4&#8243;][vc_separator border_width=&#8220;4&#8243;][vc_column_text css=&#8220;&#8220;]<\/p>\n<h1>Faire Schokolade &#8211; Plauderei und Verkostung&#8230;.<\/h1>\n<h3><strong>am Dienstag, 10.03.2026 um 19.30 Uhr<\/strong><\/h3>\n<p>in Christels Scheune Hanau Gro\u00dfauheim Hintergasse &#8211; Unkostenbeitrag 12 \u20ac[\/vc_column_text][vc_separator color=&#8220;orange&#8220; border_width=&#8220;6&#8243; css=&#8220;&#8220;][\/vc_column][\/vc_row][vc_row][vc_column][vc_empty_space height=&#8220;30px&#8220;][vc_column_text css=&#8220;&#8220;]<\/p>\n<h1>Weihnachtsmarkt in Gro\u00dfauheim am Dritten Adventssonntag&#8230; 14. Dezember 2025<\/h1>\n<h3><span style=\"color: #008000\">Wir sind wieder mal dabei mit einem Stand &#8230; mit Silberschmuck, Deko und \u00dcberraschungen!!!<\/span><\/h3>\n<p>[\/vc_column_text][vc_separator color=&#8220;orange&#8220; border_width=&#8220;6&#8243; css=&#8220;&#8220;]<div class=\"wl_einzelbild\"><p><img loading=\"lazy\" decoding=\"async\" class=\"alignnone size-large wp-image-2796\" src=\"https:\/\/weltlaeden.de\/grossauheim\/wp-content\/uploads\/sites\/51\/2025\/09\/2025-09-06-12_47_41-Einstellungen-1024x295.png\" alt=\"\" width=\"1024\" height=\"295\" srcset=\"https:\/\/weltlaeden.de\/grossauheim\/wp-content\/uploads\/sites\/51\/2025\/09\/2025-09-06-12_47_41-Einstellungen-1024x295.png 1024w, https:\/\/weltlaeden.de\/grossauheim\/wp-content\/uploads\/sites\/51\/2025\/09\/2025-09-06-12_47_41-Einstellungen-300x87.png 300w, https:\/\/weltlaeden.de\/grossauheim\/wp-content\/uploads\/sites\/51\/2025\/09\/2025-09-06-12_47_41-Einstellungen-768x222.png 768w, https:\/\/weltlaeden.de\/grossauheim\/wp-content\/uploads\/sites\/51\/2025\/09\/2025-09-06-12_47_41-Einstellungen-1536x443.png 1536w, https:\/\/weltlaeden.de\/grossauheim\/wp-content\/uploads\/sites\/51\/2025\/09\/2025-09-06-12_47_41-Einstellungen.png 1910w\" sizes=\"auto, (max-width: 1024px) 100vw, 1024px\" \/><\/p><\/div>[vc_column_text css=&#8220;&#8220;]<\/p>\n<h1>Mangoprobiertage zur Fairen Woche 2025<\/h1>\n<p>am 26. und 27. September 2025 (zu unseren \u00d6ffnungszeiten) im Weltladen Gro\u00dfauheim<\/p>\n<h2>Kinderrechte st\u00e4rken<\/h2>\n<p>&#8211;\u00a0 Mit dem Kauf der Mangoprodukte unterst\u00fctzen Sie die Kleinb\u00e4uer*innen &amp; Aeta Gemeinschaften und finanzieren Sie die Arbeit von PREDA, eine Organisation, die sich f\u00fcr die Kinderrechte auf den Philippinen einsetzt!<\/p>\n<p>[\/vc_column_text][vc_empty_space height=&#8220;30px&#8220;][vc_separator color=&#8220;orange&#8220; border_width=&#8220;6&#8243; css=&#8220;&#8220;][vc_empty_space height=&#8220;30px&#8220;][vc_column_text css=&#8220;&#8220;]<\/p>\n<h2>Grossauheim trifft sich&#8230;<\/h2>\n<p>Kaffee &amp; Kuchen, Flohmarkt und Yoga zum Schnuppern und Weltladenstand mit Rarit\u00e4ten&#8230;.<\/p>\n<h4><strong>Samstag, 30. August 14 bis 17 Uhr<\/strong><\/h4>\n<p>im Ananda-Yoga-Studio, Waldstra\u00dfe 2<\/p>\n<p>[\/vc_column_text][\/vc_column][\/vc_row][vc_row][vc_column][vc_empty_space height=&#8220;30px&#8220;][vc_column_text css=&#8220;&#8220;]<\/p>\n<h1><span style=\"color: #ff9900\"><em>Sommerabend<\/em><\/span><\/h1>\n<h2><strong>SHOPPING<\/strong><\/h2>\n<h2>am 29. August 2025, ab 18 Uhr im Weltladen und auf dem Rochusplatz!<\/h2>\n<p>Faire, sch\u00f6ne Dinge &#8211; Snacks &amp; Drinks &#8211; Around the world &#8211; Livemusik mit der Auheimer Brassband<\/p>\n<h1><\/h1>\n<p>[\/vc_column_text][vc_separator color=&#8220;orange&#8220; border_width=&#8220;6&#8243; css=&#8220;&#8220;][vc_empty_space height=&#8220;30px&#8220;][vc_column_text css=&#8220;&#8220;]<\/p>\n<h2>Am 10. Mai ist Weltladentag!<\/h2>\n<h2 class=\"article__headline\">Schoki f\u00fcrs Klima?<\/h2>\n<p class=\"article__teaser\">Kauf ich euch ab! Darum soll es am 30. Weltladentag, am 10. Mai 2025, gehen. Der Kakaoanbau wird durch den Klimawandel massiv bedroht. Die Ernteertr\u00e4ge gehen stark zur\u00fcck. Das Einkommen von Kakaob\u00e4uer*innen ist gef\u00e4hrdet. Faire Preise f\u00fcr Schokolade machen da den Unterschied!<\/p>\n<p>[\/vc_column_text][vc_empty_space height=&#8220;30px&#8220;][vc_separator color=&#8220;orange&#8220; border_width=&#8220;6&#8243; css=&#8220;&#8220;][vc_separator color=&#8220;white&#8220; css=&#8220;&#8220;][vc_row_inner][vc_column_inner]<div class=\"wl_einzelbild\"><p><img loading=\"lazy\" decoding=\"async\" class=\"alignnone size-full wp-image-2685\" src=\"https:\/\/weltlaeden.de\/grossauheim\/wp-content\/uploads\/sites\/51\/2025\/03\/LOGONachhalzigkeitsmesse2025.jpg\" alt=\"\" width=\"627\" height=\"162\" srcset=\"https:\/\/weltlaeden.de\/grossauheim\/wp-content\/uploads\/sites\/51\/2025\/03\/LOGONachhalzigkeitsmesse2025.jpg 627w, https:\/\/weltlaeden.de\/grossauheim\/wp-content\/uploads\/sites\/51\/2025\/03\/LOGONachhalzigkeitsmesse2025-300x78.jpg 300w\" sizes=\"auto, (max-width: 627px) 100vw, 627px\" \/><\/p><\/div>[vc_column_text css=&#8220;&#8220;]Der Gro\u00dfauheimer Weltladen ist am Sonntag wieder dabei mit einem Stand&#8230;..<\/p>\n<p>[\/vc_column_text][\/vc_column_inner][\/vc_row_inner][vc_separator color=&#8220;orange&#8220; border_width=&#8220;6&#8243; css=&#8220;&#8220;][vc_empty_space height=&#8220;30px&#8220;][vc_row_inner][vc_column_inner][vc_column_text css=&#8220;&#8220;]<\/p>\n<h2><em><strong>Vorweihnachtlicher Feierabendshopping<\/strong> am 29. November 2024 ab 17 Uhr im Weltladen&#8230; mit Gl\u00fchwein, Punsch und Livemusik&#8230; Man(n) und Frau sieht sich!<\/em><\/h2>\n<p>[\/vc_column_text][vc_empty_space height=&#8220;30px&#8220;][vc_separator color=&#8220;orange&#8220; border_width=&#8220;6&#8243; css=&#8220;&#8220;][\/vc_column_inner][\/vc_row_inner][vc_column_text css=&#8220;&#8220;]<\/p>\n<p>zum 8. Hessischen Nachhaltigkeitstag &#8211; Faire Woche am 26. SEPTEMBER 2024<\/p>\n<h1><strong>Markt-Tag mit Fairen Snacks<\/strong><\/h1>\n<p>im Weltladen Rochusplatz[\/vc_column_text][vc_separator border_width=&#8220;10&#8243; css=&#8220;&#8220;][vc_row_inner][vc_column_inner][vc_empty_space][vc_column_text css=&#8220;&#8220;]<\/p>\n<h2><em>Sommerabend<\/em><\/h2>\n<h2><strong>SHOPPING<\/strong><\/h2>\n<h2>am 30. August 2024,<\/h2>\n<h2>ab 18 Uhr im Weltladen!<\/h2>\n<p style=\"text-align: left\">Faire, sch\u00f6ne Dinge &#8211; Snacks &amp; Drinks &#8211; Around the world &#8211; Livemusik<\/p>\n<p>[\/vc_column_text][\/vc_column_inner][\/vc_row_inner][vc_row_inner][vc_column_inner][\/vc_column_inner][\/vc_row_inner][vc_separator color=&#8220;orange&#8220; border_width=&#8220;4&#8243; css=&#8220;&#8220;][vc_column_text css=&#8220;&#8220;]<\/p>\n<h3><strong><em>Verleihung des Nachhaltigkeitspreises der Stadt Hanau am Montag, den 01. Juli 2024 um 16 Uhr im Amphitheater Schloss Philippsruhe.<\/em><\/strong><\/h3>\n<p>[\/vc_column_text][vc_separator color=&#8220;mulled_wine&#8220; border_width=&#8220;2&#8243; css=&#8220;&#8220;][vc_row_inner][vc_column_inner][vc_empty_space][vc_column_text css=&#8220;&#8220;]<\/p>\n<h2 class=\"article__headline\">F\u00fcr Klimasch\u00e4den Verantwortung \u00fcbernehmen<\/h2>\n<h3 class=\"article__teaser\">Eine klimagerechte Welt braucht andere politische Rahmenbedingungen. Die Folgen des Klimawandels sind in vielen L\u00e4ndern schon dramatisch sp\u00fcrbar. <strong>Zum Weltladentag, am 11. Mai 2024<\/strong> fordern bundesweit die Weltl\u00e4den, dass f\u00fcr Klimasch\u00e4den endlich Verantwortung \u00fcbernommen wird.<\/h3>\n<p>[\/vc_column_text][\/vc_column_inner][\/vc_row_inner][vc_separator color=&#8220;mulled_wine&#8220; border_width=&#8220;4&#8243;][vc_separator color=&#8220;mulled_wine&#8220; border_width=&#8220;4&#8243;][vc_column_text]<\/p>\n<h1>Nachhaltigkeitsmesse im AJOKI Hanau am 23. und 24. M\u00e4rz 2024 von 12 bis 18 Uhr<\/h1>\n<p>Wir sind dabei mit einer Schokoladenverkostung und jeder Menge Information \u00fcber Kakaobohnen, Herstellung und Lieferketten&#8230; und vieles mehr!<\/p>\n<p><a href=\"https:\/\/ajoki.de\/\">https:\/\/ajoki.de\/<\/a>[\/vc_column_text][vc_separator color=&#8220;orange&#8220; border_width=&#8220;4&#8243;][vc_separator color=&#8220;orange&#8220; border_width=&#8220;4&#8243;][vc_empty_space][\/vc_column][vc_column][\/vc_column][vc_column][\/vc_column][vc_column][\/vc_column][vc_column][\/vc_column][vc_column][\/vc_column][\/vc_row][vc_row][vc_column][\/vc_column][vc_column][\/vc_column][vc_column][\/vc_column][\/vc_row][vc_row][vc_column][\/vc_column][\/vc_row][vc_row][vc_column][vc_row_inner][vc_column_inner][vc_separator color=&#8220;orange&#8220; border_width=&#8220;4&#8243;][\/vc_column_inner][\/vc_row_inner][vc_column_text]<\/p>\n<h2><strong><em>&#8222;Hanau handelt nachhaltig&#8220; &#8211; Nachhaltigkeitsmesse in Hanau am 18. und 19. M\u00e4rz 2023<\/em> <\/strong>im Kulturzentrum AJOKI am Johanneskirchplatz in Hanau &#8211; mit vielf\u00e4ltigem Programm zum Thema Nachhaltigkeit.<\/h2>\n<p>Sie ist Auftakt f\u00fcr die Bewerbungsphase um den Nachhaltigkeitspreis f\u00fcr Hanau. www.nachhaltigkeitspreis.hanau.de[\/vc_column_text][vc_separator color=&#8220;orange&#8220; border_width=&#8220;4&#8243;][vc_empty_space][\/vc_column][\/vc_row][vc_row][vc_column][vc_column_text]<\/p>\n<h2><\/h2>\n<h2><\/h2>\n<h2><\/h2>\n<p>[\/vc_column_text][vc_empty_space height=&#8220;30px&#8220;][vc_column_text]<\/p>\n<h2><strong><span style=\"color: #ff6600\">\u00a0<\/span><\/strong><\/h2>\n<p>[\/vc_column_text][\/vc_column][\/vc_row][vc_row][vc_column][\/vc_column][\/vc_row][vc_row][vc_column][\/vc_column][\/vc_row][vc_row][vc_column][\/vc_column][\/vc_row][vc_row][vc_column][\/vc_column][\/vc_row][vc_row][vc_column][\/vc_column][\/vc_row][vc_row][vc_column]<div class=\"wl_einzelbild\"><p><img loading=\"lazy\" decoding=\"async\" class=\"alignnone size-full wp-image-2944\" src=\"https:\/\/weltlaeden.de\/grossauheim\/wp-content\/uploads\/sites\/51\/2026\/03\/Unbenannt.png\" alt=\"\" width=\"201\" height=\"251\" \/><\/p><\/div>[\/vc_column][\/vc_row]<\/p>\n<\/div>","protected":false},"excerpt":{"rendered":"<p>[vc_row][vc_column][vc_row_inner][vc_column_inner width=&#8220;1\/2&#8243;][\/vc_column_inner][vc_column_inner width=&#8220;1\/2&#8243;][vc_column_text css=&#8220;&#8220;] Wir sind dabei&#8230; mit WAS NUSS&#8230;DAS NUSS&#8230; &#8230;. und neuen Nussriegeln ohne Palm\u00f6l und mit fairen N\u00fcssen![\/vc_column_text][\/vc_column_inner][\/vc_row_inner][vc_separator border_width=&#8220;4&#8243;][vc_separator border_width=&#8220;4&#8243;][vc_column_text css=&#8220;&#8220;] Faire Schokolade &#8211; Plauderei und Verkostung&#8230;. am Dienstag, 10.03.2026 um 19.30 Uhr in Christels Scheune Hanau Gro\u00dfauheim Hintergasse &#8211; Unkostenbeitrag 12 \u20ac[\/vc_column_text][vc_separator color=&#8220;orange&#8220; border_width=&#8220;6&#8243; css=&#8220;&#8220;][\/vc_column][\/vc_row][vc_row][vc_column][vc_empty_space height=&#8220;30px&#8220;][vc_column_text css=&#8220;&#8220;] Weihnachtsmarkt in Gro\u00dfauheim am&hellip;<\/p>\n","protected":false},"author":1,"featured_media":505,"parent":0,"menu_order":21,"comment_status":"closed","ping_status":"closed","template":"","meta":{"footnotes":""},"class_list":["post-23","page","type-page","status-publish","has-post-thumbnail","hentry","description-off"],"yoast_head":"<!-- This site is optimized with the Yoast SEO plugin v26.8 - https:\/\/yoast.com\/product\/yoast-seo-wordpress\/ -->\n<title>Termine - Weltladen Grossauheim<\/title>\n<meta name=\"robots\" content=\"index, follow, max-snippet:-1, max-image-preview:large, max-video-preview:-1\" \/>\n<link rel=\"canonical\" href=\"https:\/\/weltlaeden.de\/grossauheim\/termine\/\" \/>\n<meta property=\"og:locale\" content=\"de_DE\" \/>\n<meta property=\"og:type\" content=\"article\" \/>\n<meta property=\"og:title\" content=\"Termine - Weltladen Grossauheim\" \/>\n<meta property=\"og:description\" content=\"[vc_row][vc_column][vc_row_inner][vc_column_inner width=&#8220;1\/2&#8243;][\/vc_column_inner][vc_column_inner width=&#8220;1\/2&#8243;][vc_column_text css=&#8220;&#8220;] Wir sind dabei&#8230; mit WAS NUSS&#8230;DAS NUSS&#8230; &#8230;. und neuen Nussriegeln ohne Palm\u00f6l und mit fairen N\u00fcssen![\/vc_column_text][\/vc_column_inner][\/vc_row_inner][vc_separator border_width=&#8220;4&#8243;][vc_separator border_width=&#8220;4&#8243;][vc_column_text css=&#8220;&#8220;] Faire Schokolade &#8211; Plauderei und Verkostung&#8230;. am Dienstag, 10.03.2026 um 19.30 Uhr in Christels Scheune Hanau Gro\u00dfauheim Hintergasse &#8211; Unkostenbeitrag 12 \u20ac[\/vc_column_text][vc_separator color=&#8220;orange&#8220; border_width=&#8220;6&#8243; css=&#8220;&#8220;][\/vc_column][\/vc_row][vc_row][vc_column][vc_empty_space height=&#8220;30px&#8220;][vc_column_text css=&#8220;&#8220;] Weihnachtsmarkt in Gro\u00dfauheim am&hellip;\" \/>\n<meta property=\"og:url\" content=\"https:\/\/weltlaeden.de\/grossauheim\/termine\/\" \/>\n<meta property=\"og:site_name\" content=\"Weltladen Grossauheim\" \/>\n<meta property=\"article:modified_time\" content=\"2026-03-12T19:08:22+00:00\" \/>\n<meta property=\"og:image\" content=\"https:\/\/weltlaeden.de\/grossauheim\/wp-content\/uploads\/sites\/51\/2018\/12\/coffee-1149983_1280-1024x910.jpg\" \/>\n\t<meta property=\"og:image:width\" content=\"1024\" \/>\n\t<meta property=\"og:image:height\" content=\"910\" \/>\n\t<meta property=\"og:image:type\" content=\"image\/jpeg\" \/>\n<meta name=\"twitter:card\" content=\"summary_large_image\" \/>\n<meta name=\"twitter:label1\" content=\"Gesch\u00e4tzte Lesezeit\" \/>\n\t<meta name=\"twitter:data1\" content=\"4\u00a0Minuten\" \/>\n<script type=\"application\/ld+json\" class=\"yoast-schema-graph\">{\"@context\":\"https:\/\/schema.org\",\"@graph\":[{\"@type\":\"WebPage\",\"@id\":\"https:\/\/weltlaeden.de\/grossauheim\/termine\/\",\"url\":\"https:\/\/weltlaeden.de\/grossauheim\/termine\/\",\"name\":\"Termine - Weltladen Grossauheim\",\"isPartOf\":{\"@id\":\"https:\/\/weltlaeden.de\/grossauheim\/#website\"},\"primaryImageOfPage\":{\"@id\":\"https:\/\/weltlaeden.de\/grossauheim\/termine\/#primaryimage\"},\"image\":{\"@id\":\"https:\/\/weltlaeden.de\/grossauheim\/termine\/#primaryimage\"},\"thumbnailUrl\":\"https:\/\/weltlaeden.de\/grossauheim\/wp-content\/uploads\/sites\/51\/2018\/12\/coffee-1149983_1280-1024x910.jpg\",\"datePublished\":\"2016-10-14T07:05:21+00:00\",\"dateModified\":\"2026-03-12T19:08:22+00:00\",\"breadcrumb\":{\"@id\":\"https:\/\/weltlaeden.de\/grossauheim\/termine\/#breadcrumb\"},\"inLanguage\":\"de\",\"potentialAction\":[{\"@type\":\"ReadAction\",\"target\":[\"https:\/\/weltlaeden.de\/grossauheim\/termine\/\"]}]},{\"@type\":\"ImageObject\",\"inLanguage\":\"de\",\"@id\":\"https:\/\/weltlaeden.de\/grossauheim\/termine\/#primaryimage\",\"url\":\"https:\/\/weltlaeden.de\/grossauheim\/wp-content\/uploads\/sites\/51\/2018\/12\/coffee-1149983_1280-1024x910.jpg\",\"contentUrl\":\"https:\/\/weltlaeden.de\/grossauheim\/wp-content\/uploads\/sites\/51\/2018\/12\/coffee-1149983_1280-1024x910.jpg\",\"width\":1024,\"height\":910},{\"@type\":\"BreadcrumbList\",\"@id\":\"https:\/\/weltlaeden.de\/grossauheim\/termine\/#breadcrumb\",\"itemListElement\":[{\"@type\":\"ListItem\",\"position\":1,\"name\":\"Startseite\",\"item\":\"https:\/\/weltlaeden.de\/grossauheim\/\"},{\"@type\":\"ListItem\",\"position\":2,\"name\":\"Termine\"}]},{\"@type\":\"WebSite\",\"@id\":\"https:\/\/weltlaeden.de\/grossauheim\/#website\",\"url\":\"https:\/\/weltlaeden.de\/grossauheim\/\",\"name\":\"Vorlage\",\"description\":\"Faire Produkte seit \u00fcber 40 Jahren\",\"potentialAction\":[{\"@type\":\"SearchAction\",\"target\":{\"@type\":\"EntryPoint\",\"urlTemplate\":\"https:\/\/weltlaeden.de\/grossauheim\/?s={search_term_string}\"},\"query-input\":{\"@type\":\"PropertyValueSpecification\",\"valueRequired\":true,\"valueName\":\"search_term_string\"}}],\"inLanguage\":\"de\"}]}<\/script>\n<!-- \/ Yoast SEO plugin. -->","yoast_head_json":{"title":"Termine - Weltladen Grossauheim","robots":{"index":"index","follow":"follow","max-snippet":"max-snippet:-1","max-image-preview":"max-image-preview:large","max-video-preview":"max-video-preview:-1"},"canonical":"https:\/\/weltlaeden.de\/grossauheim\/termine\/","og_locale":"de_DE","og_type":"article","og_title":"Termine - Weltladen Grossauheim","og_description":"[vc_row][vc_column][vc_row_inner][vc_column_inner width=&#8220;1\/2&#8243;][\/vc_column_inner][vc_column_inner width=&#8220;1\/2&#8243;][vc_column_text css=&#8220;&#8220;] Wir sind dabei&#8230; mit WAS NUSS&#8230;DAS NUSS&#8230; &#8230;. und neuen Nussriegeln ohne Palm\u00f6l und mit fairen N\u00fcssen![\/vc_column_text][\/vc_column_inner][\/vc_row_inner][vc_separator border_width=&#8220;4&#8243;][vc_separator border_width=&#8220;4&#8243;][vc_column_text css=&#8220;&#8220;] Faire Schokolade &#8211; Plauderei und Verkostung&#8230;. am Dienstag, 10.03.2026 um 19.30 Uhr in Christels Scheune Hanau Gro\u00dfauheim Hintergasse &#8211; Unkostenbeitrag 12 \u20ac[\/vc_column_text][vc_separator color=&#8220;orange&#8220; border_width=&#8220;6&#8243; css=&#8220;&#8220;][\/vc_column][\/vc_row][vc_row][vc_column][vc_empty_space height=&#8220;30px&#8220;][vc_column_text css=&#8220;&#8220;] Weihnachtsmarkt in Gro\u00dfauheim am&hellip;","og_url":"https:\/\/weltlaeden.de\/grossauheim\/termine\/","og_site_name":"Weltladen Grossauheim","article_modified_time":"2026-03-12T19:08:22+00:00","og_image":[{"width":1024,"height":910,"url":"https:\/\/weltlaeden.de\/grossauheim\/wp-content\/uploads\/sites\/51\/2018\/12\/coffee-1149983_1280-1024x910.jpg","type":"image\/jpeg"}],"twitter_card":"summary_large_image","twitter_misc":{"Gesch\u00e4tzte Lesezeit":"4\u00a0Minuten"},"schema":{"@context":"https:\/\/schema.org","@graph":[{"@type":"WebPage","@id":"https:\/\/weltlaeden.de\/grossauheim\/termine\/","url":"https:\/\/weltlaeden.de\/grossauheim\/termine\/","name":"Termine - Weltladen Grossauheim","isPartOf":{"@id":"https:\/\/weltlaeden.de\/grossauheim\/#website"},"primaryImageOfPage":{"@id":"https:\/\/weltlaeden.de\/grossauheim\/termine\/#primaryimage"},"image":{"@id":"https:\/\/weltlaeden.de\/grossauheim\/termine\/#primaryimage"},"thumbnailUrl":"https:\/\/weltlaeden.de\/grossauheim\/wp-content\/uploads\/sites\/51\/2018\/12\/coffee-1149983_1280-1024x910.jpg","datePublished":"2016-10-14T07:05:21+00:00","dateModified":"2026-03-12T19:08:22+00:00","breadcrumb":{"@id":"https:\/\/weltlaeden.de\/grossauheim\/termine\/#breadcrumb"},"inLanguage":"de","potentialAction":[{"@type":"ReadAction","target":["https:\/\/weltlaeden.de\/grossauheim\/termine\/"]}]},{"@type":"ImageObject","inLanguage":"de","@id":"https:\/\/weltlaeden.de\/grossauheim\/termine\/#primaryimage","url":"https:\/\/weltlaeden.de\/grossauheim\/wp-content\/uploads\/sites\/51\/2018\/12\/coffee-1149983_1280-1024x910.jpg","contentUrl":"https:\/\/weltlaeden.de\/grossauheim\/wp-content\/uploads\/sites\/51\/2018\/12\/coffee-1149983_1280-1024x910.jpg","width":1024,"height":910},{"@type":"BreadcrumbList","@id":"https:\/\/weltlaeden.de\/grossauheim\/termine\/#breadcrumb","itemListElement":[{"@type":"ListItem","position":1,"name":"Startseite","item":"https:\/\/weltlaeden.de\/grossauheim\/"},{"@type":"ListItem","position":2,"name":"Termine"}]},{"@type":"WebSite","@id":"https:\/\/weltlaeden.de\/grossauheim\/#website","url":"https:\/\/weltlaeden.de\/grossauheim\/","name":"Vorlage","description":"Faire Produkte seit \u00fcber 40 Jahren","potentialAction":[{"@type":"SearchAction","target":{"@type":"EntryPoint","urlTemplate":"https:\/\/weltlaeden.de\/grossauheim\/?s={search_term_string}"},"query-input":{"@type":"PropertyValueSpecification","valueRequired":true,"valueName":"search_term_string"}}],"inLanguage":"de"}]}},"_links":{"self":[{"href":"https:\/\/weltlaeden.de\/grossauheim\/wp-json\/wp\/v2\/pages\/23","targetHints":{"allow":["GET"]}}],"collection":[{"href":"https:\/\/weltlaeden.de\/grossauheim\/wp-json\/wp\/v2\/pages"}],"about":[{"href":"https:\/\/weltlaeden.de\/grossauheim\/wp-json\/wp\/v2\/types\/page"}],"author":[{"embeddable":true,"href":"https:\/\/weltlaeden.de\/grossauheim\/wp-json\/wp\/v2\/users\/1"}],"replies":[{"embeddable":true,"href":"https:\/\/weltlaeden.de\/grossauheim\/wp-json\/wp\/v2\/comments?post=23"}],"version-history":[{"count":204,"href":"https:\/\/weltlaeden.de\/grossauheim\/wp-json\/wp\/v2\/pages\/23\/revisions"}],"predecessor-version":[{"id":2969,"href":"https:\/\/weltlaeden.de\/grossauheim\/wp-json\/wp\/v2\/pages\/23\/revisions\/2969"}],"wp:featuredmedia":[{"embeddable":true,"href":"https:\/\/weltlaeden.de\/grossauheim\/wp-json\/wp\/v2\/media\/505"}],"wp:attachment":[{"href":"https:\/\/weltlaeden.de\/grossauheim\/wp-json\/wp\/v2\/media?parent=23"}],"curies":[{"name":"wp","href":"https:\/\/api.w.org\/{rel}","templated":true}]}}