{"id":219,"date":"2016-10-30T13:34:47","date_gmt":"2016-10-30T12:34:47","guid":{"rendered":"https:\/\/wl.heimpixel.de\/vorlage\/ueber-uns\/"},"modified":"2025-07-07T20:03:04","modified_gmt":"2025-07-07T18:03:04","slug":"ueber-uns","status":"publish","type":"page","link":"https:\/\/weltlaeden.de\/grossauheim\/ueber-uns\/","title":{"rendered":"\u00dcber uns"},"content":{"rendered":"<div class=\"wpb-content-wrapper\"><p>[vc_row][vc_column][vc_empty_space][vc_column_text]<\/p>\n<h1>\u00dcber den Weltladen Gro\u00dfauheim<\/h1>\n<p>[\/vc_column_text][vc_column_text css=&#8220;&#8220;]<\/p>\n<p style=\"text-align: justify\">Tr\u00e4ger des Weltladens ist die &#8222;\u00d6kumenische Aktionsgemeinschaft Dritte Welt e.V.&#8220;.<\/p>\n<p style=\"text-align: justify\">Die Ziele des Vereins sind: Entwicklungspolitische Bildungsarbeit und das Betreiben des Weltladens, dessen Gesch\u00e4ftskonzept den Konventionen des &#8222;Weltl\u00e4den Dachverbandes&#8220; entspricht. Der Verein ist als gemeinn\u00fctzig anerkannt. Der Vorstand setzt sich zusammen aus: Doris Diehl (Vorsitzende), Agnes Placzek, Eleonore Klassert, Beate Kleinw\u00e4chter, Verena Placzek und Monika Mangelmann-Hock.<\/p>\n<p style=\"text-align: justify\">Im Sommer 1977 wurde der erste Laden am Rochusplatz er\u00f6ffnet.<\/p>\n<p style=\"text-align: justify\">Im Laufe der Zeit fanden mehrere Umz\u00fcge statt. Seit 2016 befindet sich der Weltladen wieder in zentraler Lage am Rochusplatz.<\/p>\n<p>[\/vc_column_text][vc_row_inner][vc_column_inner][vc_column_text]\u00dcbersch\u00fcsse und Spenden, die im Laden und im Verein erwirtschaftet wurden, werden an ein Projekt in den armen L\u00e4ndern gespendet. Zur Zeit gehen die Gelder an ein Projekt von MISEREOR:<\/p>\n<h3>&#8211; Christen und Muslime gemeinsam gegen den Hunger &#8211; Burkina Faso &#8211;<\/h3>\n<p>Nachhaltige Landwirtschaft, Aufforstung und verschiedene Techniken der Wassergewinnung geh\u00f6ren zum Entwicklungskonzept.<\/p>\n<p>[\/vc_column_text][\/vc_column_inner][\/vc_row_inner][\/vc_column][\/vc_row][vc_row][vc_column][vc_empty_space][vc_column_text]<\/p>\n<h1>Mitmachen im Weltladen Gro\u00dfauheim<\/h1>\n<p>[\/vc_column_text][vc_column_text css=&#8220;&#8220;]<\/p>\n<p style=\"text-align: justify\">Der Weltladen wird organisiert und betrieben von einem Team aus ca. 20 ehrenamtlichen MitarbeiterInnen. Sie teilen sich die vielf\u00e4ltigen Aufgaben wie Ein- und Verkauf, Dekoration, \u00d6ffentlichkeitsarbeit, Projekte und Aktionen.<\/p>\n<p>&nbsp;<\/p>\n<p style=\"text-align: justify\"><strong>Wir suchen<\/strong> Menschen, die Lust haben, sich ehrenamtlich f\u00fcr eine offene, transparente, \u00f6kologische und nachhaltige Form des Wirtschaftens zu engagieren. Viele Aufgaben erfordern keine speziellen Vorkenntnisse, sondern nur die Bereitschaft, seine F\u00e4higkeiten einzubringen und eventuell in neuen Bereichen dazuzulernen.<\/p>\n<p>Werden Sie Mitglied im Verein: \u00d6kumenische Aktionsgemeinschaft Dritte Welt e. V.<\/p>\n<p>Unser Jahresbeitrag betr\u00e4gt 24,00 \u20ac.<\/p>\n<p><strong>Ansprechpartnerinnen:<\/strong><\/p>\n<p>Doris Diehl und Agnes Placzek<\/p>\n<p>Haben Sie Interesse an einer Mitarbeit? Sprechen Sie uns gerne im Laden an.<\/p>\n<p>Wir freuen uns![\/vc_column_text][vc_row_inner][vc_column_inner][vc_column_text]Hier finden Sie die Satzung des Vereins, \u00d6kumenische Akltionsgemeinschaft Dritte Welt e. V. eine Beitrittserkl\u00e4rung erhalten Sie im Weltladen Gro\u00dfauheim, Rochusplatz 1.<\/p>\n<p><a href=\"https:\/\/weltlaeden.de\/grossauheim\/satzung\">weltlaeden.de\/grossauheim\/satzung<\/a><\/p>\n<p>[\/vc_column_text][\/vc_column_inner][\/vc_row_inner][\/vc_column][\/vc_row][vc_row][vc_column]<div class=\"wl_einzelbild\"><p><img loading=\"lazy\" decoding=\"async\" class=\"alignnone size-large wp-image-1584\" src=\"https:\/\/weltlaeden.de\/grossauheim\/wp-content\/uploads\/sites\/51\/2021\/10\/IMG_3865-e1635240669863-768x1024.jpg\" alt=\"\" width=\"768\" height=\"1024\" srcset=\"https:\/\/weltlaeden.de\/grossauheim\/wp-content\/uploads\/sites\/51\/2021\/10\/IMG_3865-e1635240669863-768x1024.jpg 768w, https:\/\/weltlaeden.de\/grossauheim\/wp-content\/uploads\/sites\/51\/2021\/10\/IMG_3865-e1635240669863-225x300.jpg 225w, https:\/\/weltlaeden.de\/grossauheim\/wp-content\/uploads\/sites\/51\/2021\/10\/IMG_3865-e1635240669863.jpg 1440w\" sizes=\"auto, (max-width: 768px) 100vw, 768px\" \/><\/p><\/div>[\/vc_column][\/vc_row]<\/p>\n<\/div>","protected":false},"excerpt":{"rendered":"<p>[vc_row][vc_column][vc_empty_space][vc_column_text] \u00dcber den Weltladen Gro\u00dfauheim [\/vc_column_text][vc_column_text css=&#8220;&#8220;] Tr\u00e4ger des Weltladens ist die &#8222;\u00d6kumenische Aktionsgemeinschaft Dritte Welt e.V.&#8220;. Die Ziele des Vereins sind: Entwicklungspolitische Bildungsarbeit und das Betreiben des Weltladens, dessen Gesch\u00e4ftskonzept den Konventionen des &#8222;Weltl\u00e4den Dachverbandes&#8220; entspricht. Der Verein ist als gemeinn\u00fctzig anerkannt. Der Vorstand setzt sich zusammen aus: Doris Diehl (Vorsitzende), Agnes Placzek, Eleonore&hellip;<\/p>\n","protected":false},"author":1,"featured_media":0,"parent":0,"menu_order":20,"comment_status":"closed","ping_status":"closed","template":"","meta":{"footnotes":""},"class_list":["post-219","page","type-page","status-publish","hentry","description-off"],"yoast_head":"<!-- This site is optimized with the Yoast SEO plugin v26.8 - https:\/\/yoast.com\/product\/yoast-seo-wordpress\/ -->\n<title>\u00dcber uns - Weltladen Grossauheim<\/title>\n<meta name=\"robots\" content=\"index, follow, max-snippet:-1, max-image-preview:large, max-video-preview:-1\" \/>\n<link rel=\"canonical\" href=\"https:\/\/weltlaeden.de\/grossauheim\/ueber-uns\/\" \/>\n<meta property=\"og:locale\" content=\"de_DE\" \/>\n<meta property=\"og:type\" content=\"article\" \/>\n<meta property=\"og:title\" content=\"\u00dcber uns - Weltladen Grossauheim\" \/>\n<meta property=\"og:description\" content=\"[vc_row][vc_column][vc_empty_space][vc_column_text] \u00dcber den Weltladen Gro\u00dfauheim [\/vc_column_text][vc_column_text css=&#8220;&#8220;] Tr\u00e4ger des Weltladens ist die &#8222;\u00d6kumenische Aktionsgemeinschaft Dritte Welt e.V.&#8220;. Die Ziele des Vereins sind: Entwicklungspolitische Bildungsarbeit und das Betreiben des Weltladens, dessen Gesch\u00e4ftskonzept den Konventionen des &#8222;Weltl\u00e4den Dachverbandes&#8220; entspricht. Der Verein ist als gemeinn\u00fctzig anerkannt. Der Vorstand setzt sich zusammen aus: Doris Diehl (Vorsitzende), Agnes Placzek, Eleonore&hellip;\" \/>\n<meta property=\"og:url\" content=\"https:\/\/weltlaeden.de\/grossauheim\/ueber-uns\/\" \/>\n<meta property=\"og:site_name\" content=\"Weltladen Grossauheim\" \/>\n<meta property=\"article:modified_time\" content=\"2025-07-07T18:03:04+00:00\" \/>\n<meta property=\"og:image\" content=\"https:\/\/weltlaeden.de\/grossauheim\/wp-content\/uploads\/sites\/51\/2021\/10\/IMG_3865-e1635240669863.jpg\" \/>\n\t<meta property=\"og:image:width\" content=\"1440\" \/>\n\t<meta property=\"og:image:height\" content=\"1920\" \/>\n\t<meta property=\"og:image:type\" content=\"image\/jpeg\" \/>\n<meta name=\"twitter:card\" content=\"summary_large_image\" \/>\n<meta name=\"twitter:label1\" content=\"Gesch\u00e4tzte Lesezeit\" \/>\n\t<meta name=\"twitter:data1\" content=\"2\u00a0Minuten\" \/>\n<script type=\"application\/ld+json\" class=\"yoast-schema-graph\">{\"@context\":\"https:\/\/schema.org\",\"@graph\":[{\"@type\":\"WebPage\",\"@id\":\"https:\/\/weltlaeden.de\/grossauheim\/ueber-uns\/\",\"url\":\"https:\/\/weltlaeden.de\/grossauheim\/ueber-uns\/\",\"name\":\"\u00dcber uns - Weltladen Grossauheim\",\"isPartOf\":{\"@id\":\"https:\/\/weltlaeden.de\/grossauheim\/#website\"},\"primaryImageOfPage\":{\"@id\":\"https:\/\/weltlaeden.de\/grossauheim\/ueber-uns\/#primaryimage\"},\"image\":{\"@id\":\"https:\/\/weltlaeden.de\/grossauheim\/ueber-uns\/#primaryimage\"},\"thumbnailUrl\":\"https:\/\/weltlaeden.de\/grossauheim\/wp-content\/uploads\/sites\/51\/2021\/10\/IMG_3865-e1635240669863-768x1024.jpg\",\"datePublished\":\"2016-10-30T12:34:47+00:00\",\"dateModified\":\"2025-07-07T18:03:04+00:00\",\"breadcrumb\":{\"@id\":\"https:\/\/weltlaeden.de\/grossauheim\/ueber-uns\/#breadcrumb\"},\"inLanguage\":\"de\",\"potentialAction\":[{\"@type\":\"ReadAction\",\"target\":[\"https:\/\/weltlaeden.de\/grossauheim\/ueber-uns\/\"]}]},{\"@type\":\"ImageObject\",\"inLanguage\":\"de\",\"@id\":\"https:\/\/weltlaeden.de\/grossauheim\/ueber-uns\/#primaryimage\",\"url\":\"https:\/\/weltlaeden.de\/grossauheim\/wp-content\/uploads\/sites\/51\/2021\/10\/IMG_3865-e1635240669863.jpg\",\"contentUrl\":\"https:\/\/weltlaeden.de\/grossauheim\/wp-content\/uploads\/sites\/51\/2021\/10\/IMG_3865-e1635240669863.jpg\",\"width\":1440,\"height\":1920},{\"@type\":\"BreadcrumbList\",\"@id\":\"https:\/\/weltlaeden.de\/grossauheim\/ueber-uns\/#breadcrumb\",\"itemListElement\":[{\"@type\":\"ListItem\",\"position\":1,\"name\":\"Startseite\",\"item\":\"https:\/\/weltlaeden.de\/grossauheim\/\"},{\"@type\":\"ListItem\",\"position\":2,\"name\":\"\u00dcber uns\"}]},{\"@type\":\"WebSite\",\"@id\":\"https:\/\/weltlaeden.de\/grossauheim\/#website\",\"url\":\"https:\/\/weltlaeden.de\/grossauheim\/\",\"name\":\"Vorlage\",\"description\":\"Faire Produkte seit \u00fcber 40 Jahren\",\"potentialAction\":[{\"@type\":\"SearchAction\",\"target\":{\"@type\":\"EntryPoint\",\"urlTemplate\":\"https:\/\/weltlaeden.de\/grossauheim\/?s={search_term_string}\"},\"query-input\":{\"@type\":\"PropertyValueSpecification\",\"valueRequired\":true,\"valueName\":\"search_term_string\"}}],\"inLanguage\":\"de\"}]}<\/script>\n<!-- \/ Yoast SEO plugin. -->","yoast_head_json":{"title":"\u00dcber uns - Weltladen Grossauheim","robots":{"index":"index","follow":"follow","max-snippet":"max-snippet:-1","max-image-preview":"max-image-preview:large","max-video-preview":"max-video-preview:-1"},"canonical":"https:\/\/weltlaeden.de\/grossauheim\/ueber-uns\/","og_locale":"de_DE","og_type":"article","og_title":"\u00dcber uns - Weltladen Grossauheim","og_description":"[vc_row][vc_column][vc_empty_space][vc_column_text] \u00dcber den Weltladen Gro\u00dfauheim [\/vc_column_text][vc_column_text css=&#8220;&#8220;] Tr\u00e4ger des Weltladens ist die &#8222;\u00d6kumenische Aktionsgemeinschaft Dritte Welt e.V.&#8220;. Die Ziele des Vereins sind: Entwicklungspolitische Bildungsarbeit und das Betreiben des Weltladens, dessen Gesch\u00e4ftskonzept den Konventionen des &#8222;Weltl\u00e4den Dachverbandes&#8220; entspricht. Der Verein ist als gemeinn\u00fctzig anerkannt. Der Vorstand setzt sich zusammen aus: Doris Diehl (Vorsitzende), Agnes Placzek, Eleonore&hellip;","og_url":"https:\/\/weltlaeden.de\/grossauheim\/ueber-uns\/","og_site_name":"Weltladen Grossauheim","article_modified_time":"2025-07-07T18:03:04+00:00","og_image":[{"width":1440,"height":1920,"url":"https:\/\/weltlaeden.de\/grossauheim\/wp-content\/uploads\/sites\/51\/2021\/10\/IMG_3865-e1635240669863.jpg","type":"image\/jpeg"}],"twitter_card":"summary_large_image","twitter_misc":{"Gesch\u00e4tzte Lesezeit":"2\u00a0Minuten"},"schema":{"@context":"https:\/\/schema.org","@graph":[{"@type":"WebPage","@id":"https:\/\/weltlaeden.de\/grossauheim\/ueber-uns\/","url":"https:\/\/weltlaeden.de\/grossauheim\/ueber-uns\/","name":"\u00dcber uns - Weltladen Grossauheim","isPartOf":{"@id":"https:\/\/weltlaeden.de\/grossauheim\/#website"},"primaryImageOfPage":{"@id":"https:\/\/weltlaeden.de\/grossauheim\/ueber-uns\/#primaryimage"},"image":{"@id":"https:\/\/weltlaeden.de\/grossauheim\/ueber-uns\/#primaryimage"},"thumbnailUrl":"https:\/\/weltlaeden.de\/grossauheim\/wp-content\/uploads\/sites\/51\/2021\/10\/IMG_3865-e1635240669863-768x1024.jpg","datePublished":"2016-10-30T12:34:47+00:00","dateModified":"2025-07-07T18:03:04+00:00","breadcrumb":{"@id":"https:\/\/weltlaeden.de\/grossauheim\/ueber-uns\/#breadcrumb"},"inLanguage":"de","potentialAction":[{"@type":"ReadAction","target":["https:\/\/weltlaeden.de\/grossauheim\/ueber-uns\/"]}]},{"@type":"ImageObject","inLanguage":"de","@id":"https:\/\/weltlaeden.de\/grossauheim\/ueber-uns\/#primaryimage","url":"https:\/\/weltlaeden.de\/grossauheim\/wp-content\/uploads\/sites\/51\/2021\/10\/IMG_3865-e1635240669863.jpg","contentUrl":"https:\/\/weltlaeden.de\/grossauheim\/wp-content\/uploads\/sites\/51\/2021\/10\/IMG_3865-e1635240669863.jpg","width":1440,"height":1920},{"@type":"BreadcrumbList","@id":"https:\/\/weltlaeden.de\/grossauheim\/ueber-uns\/#breadcrumb","itemListElement":[{"@type":"ListItem","position":1,"name":"Startseite","item":"https:\/\/weltlaeden.de\/grossauheim\/"},{"@type":"ListItem","position":2,"name":"\u00dcber uns"}]},{"@type":"WebSite","@id":"https:\/\/weltlaeden.de\/grossauheim\/#website","url":"https:\/\/weltlaeden.de\/grossauheim\/","name":"Vorlage","description":"Faire Produkte seit \u00fcber 40 Jahren","potentialAction":[{"@type":"SearchAction","target":{"@type":"EntryPoint","urlTemplate":"https:\/\/weltlaeden.de\/grossauheim\/?s={search_term_string}"},"query-input":{"@type":"PropertyValueSpecification","valueRequired":true,"valueName":"search_term_string"}}],"inLanguage":"de"}]}},"_links":{"self":[{"href":"https:\/\/weltlaeden.de\/grossauheim\/wp-json\/wp\/v2\/pages\/219","targetHints":{"allow":["GET"]}}],"collection":[{"href":"https:\/\/weltlaeden.de\/grossauheim\/wp-json\/wp\/v2\/pages"}],"about":[{"href":"https:\/\/weltlaeden.de\/grossauheim\/wp-json\/wp\/v2\/types\/page"}],"author":[{"embeddable":true,"href":"https:\/\/weltlaeden.de\/grossauheim\/wp-json\/wp\/v2\/users\/1"}],"replies":[{"embeddable":true,"href":"https:\/\/weltlaeden.de\/grossauheim\/wp-json\/wp\/v2\/comments?post=219"}],"version-history":[{"count":56,"href":"https:\/\/weltlaeden.de\/grossauheim\/wp-json\/wp\/v2\/pages\/219\/revisions"}],"predecessor-version":[{"id":858,"href":"https:\/\/weltlaeden.de\/grossauheim\/wp-json\/wp\/v2\/pages\/219\/revisions\/858"}],"wp:attachment":[{"href":"https:\/\/weltlaeden.de\/grossauheim\/wp-json\/wp\/v2\/media?parent=219"}],"curies":[{"name":"wp","href":"https:\/\/api.w.org\/{rel}","templated":true}]}}