{"id":217,"date":"2016-10-28T13:34:47","date_gmt":"2016-10-28T11:34:47","guid":{"rendered":"https:\/\/wl.heimpixel.de\/vorlage\/produkte\/"},"modified":"2026-02-19T12:46:00","modified_gmt":"2026-02-19T11:46:00","slug":"produkte","status":"publish","type":"page","link":"https:\/\/weltlaeden.de\/grossauheim\/produkte\/","title":{"rendered":"Produkte"},"content":{"rendered":"<div class=\"wpb-content-wrapper\"><p>[vc_row][vc_column width=&#8220;1\/2&#8243;]<div class=\"wl_einzelbild\"><p><img loading=\"lazy\" decoding=\"async\" class=\"alignnone size-large wp-image-1161\" src=\"https:\/\/weltlaeden.de\/grossauheim\/wp-content\/uploads\/sites\/51\/2021\/04\/IMG_3742-1024x1024.jpg\" alt=\"\" width=\"1024\" height=\"1024\" srcset=\"https:\/\/weltlaeden.de\/grossauheim\/wp-content\/uploads\/sites\/51\/2021\/04\/IMG_3742-1024x1024.jpg 1024w, https:\/\/weltlaeden.de\/grossauheim\/wp-content\/uploads\/sites\/51\/2021\/04\/IMG_3742-150x150.jpg 150w, https:\/\/weltlaeden.de\/grossauheim\/wp-content\/uploads\/sites\/51\/2021\/04\/IMG_3742-300x300.jpg 300w, https:\/\/weltlaeden.de\/grossauheim\/wp-content\/uploads\/sites\/51\/2021\/04\/IMG_3742-768x768.jpg 768w, https:\/\/weltlaeden.de\/grossauheim\/wp-content\/uploads\/sites\/51\/2021\/04\/IMG_3742.jpg 1920w\" sizes=\"auto, (max-width: 1024px) 100vw, 1024px\" \/><\/p><\/div>[\/vc_column][vc_column width=&#8220;1\/2&#8243;]<div class=\"wl_einzelbild\"><p><img loading=\"lazy\" decoding=\"async\" class=\"alignnone size-large wp-image-2456\" src=\"https:\/\/weltlaeden.de\/grossauheim\/wp-content\/uploads\/sites\/51\/2024\/04\/gepa_sharepic_vielfalt-1024x1024.jpg\" alt=\"\" width=\"1024\" height=\"1024\" srcset=\"https:\/\/weltlaeden.de\/grossauheim\/wp-content\/uploads\/sites\/51\/2024\/04\/gepa_sharepic_vielfalt-1024x1024.jpg 1024w, https:\/\/weltlaeden.de\/grossauheim\/wp-content\/uploads\/sites\/51\/2024\/04\/gepa_sharepic_vielfalt-300x300.jpg 300w, https:\/\/weltlaeden.de\/grossauheim\/wp-content\/uploads\/sites\/51\/2024\/04\/gepa_sharepic_vielfalt-150x150.jpg 150w, https:\/\/weltlaeden.de\/grossauheim\/wp-content\/uploads\/sites\/51\/2024\/04\/gepa_sharepic_vielfalt-768x768.jpg 768w, https:\/\/weltlaeden.de\/grossauheim\/wp-content\/uploads\/sites\/51\/2024\/04\/gepa_sharepic_vielfalt.jpg 1080w\" sizes=\"auto, (max-width: 1024px) 100vw, 1024px\" \/><\/p><\/div>[\/vc_column][\/vc_row][vc_row][vc_column][vc_empty_space][vc_column_text]<\/p>\n<h1>Unser Sortiment<\/h1>\n<p>[\/vc_column_text][vc_column_text]Seit Gr\u00fcndung des Auheimer Weltladens hat sich das Sortiment ge\u00e4ndert und wurde erweitert. Die klassischen Vertreter des Fairen Handels sind aber nach wie vor im Bereich Lebensmittel: Kaffee, Tee, Schokolade, Gew\u00fcrze und Honig. Wir f\u00fchren in unserem Laden \u00fcber 30 Sorten Kaffee, 40 Sorten Tee und \u00fcber 20 Sorten Schokolade. Dazu kommen immer wieder Neuheiten und Spezialit\u00e4ten.<\/p>\n<p>Die zweite H\u00e4lfte unseres Sortiment besteht aus Kunsthandwerk. Hier finden sich Produkte zum t\u00e4glichen Gebrauch, Taschen, K\u00f6rbe und Schmuck sowie Deko-Gegenst\u00e4nde.[\/vc_column_text][vc_row_inner][vc_column_inner width=&#8220;1\/2&#8243;]<div class=\"wl_einzelbild\"><p><img loading=\"lazy\" decoding=\"async\" class=\"size-large wp-image-456 alignleft\" src=\"https:\/\/weltlaeden.de\/grossauheim\/wp-content\/uploads\/sites\/51\/2016\/10\/4-1-853x1024.jpg\" alt=\"\" width=\"853\" height=\"1024\" srcset=\"https:\/\/weltlaeden.de\/grossauheim\/wp-content\/uploads\/sites\/51\/2016\/10\/4-1-853x1024.jpg 853w, https:\/\/weltlaeden.de\/grossauheim\/wp-content\/uploads\/sites\/51\/2016\/10\/4-1-250x300.jpg 250w, https:\/\/weltlaeden.de\/grossauheim\/wp-content\/uploads\/sites\/51\/2016\/10\/4-1-768x922.jpg 768w, https:\/\/weltlaeden.de\/grossauheim\/wp-content\/uploads\/sites\/51\/2016\/10\/4-1.jpg 992w\" sizes=\"auto, (max-width: 853px) 100vw, 853px\" \/><\/p><\/div>[\/vc_column_inner][vc_column_inner width=&#8220;1\/2&#8243;]<div class=\"wl_einzelbild\"><p><img loading=\"lazy\" decoding=\"async\" class=\"alignnone size-large wp-image-2913\" src=\"https:\/\/weltlaeden.de\/grossauheim\/wp-content\/uploads\/sites\/51\/2026\/01\/BTHG8881-1024x768.jpg\" alt=\"\" width=\"1024\" height=\"768\" srcset=\"https:\/\/weltlaeden.de\/grossauheim\/wp-content\/uploads\/sites\/51\/2026\/01\/BTHG8881-1024x768.jpg 1024w, https:\/\/weltlaeden.de\/grossauheim\/wp-content\/uploads\/sites\/51\/2026\/01\/BTHG8881-300x225.jpg 300w, https:\/\/weltlaeden.de\/grossauheim\/wp-content\/uploads\/sites\/51\/2026\/01\/BTHG8881-768x576.jpg 768w, https:\/\/weltlaeden.de\/grossauheim\/wp-content\/uploads\/sites\/51\/2026\/01\/BTHG8881-1536x1152.jpg 1536w, https:\/\/weltlaeden.de\/grossauheim\/wp-content\/uploads\/sites\/51\/2026\/01\/BTHG8881.jpg 1600w\" sizes=\"auto, (max-width: 1024px) 100vw, 1024px\" \/><\/p><\/div>[\/vc_column_inner][\/vc_row_inner][vc_empty_space][vc_row_inner][vc_column_inner width=&#8220;1\/2&#8243;][vc_column_text]<\/p>\n<h2>F\u00fcr besondere Anl\u00e4sse<\/h2>\n<p>[\/vc_column_text][vc_column_text]<\/p>\n<p style=\"text-align: justify\">Als Besonderheiten haben wir f\u00fcr die Auheimer Kundschaft den Auheim-Kaffee und die Auheim-Schokolade herausgegeben. Beides Produkte von hoher Qualit\u00e4t, die sich auch hervorragend als Geschenke mit Lokalkollorit eignen. Den Auheim-Kaffee erhalten Sie gemahlen oder als Bohnen.<\/p>\n<p>[\/vc_column_text][\/vc_column_inner][vc_column_inner width=&#8220;1\/2&#8243;][vc_column_text]<\/p>\n<h2>Besonderes<\/h2>\n<p>[\/vc_column_text][vc_column_text]Wir stellen Ihnen geschmackvolle Geschenkk\u00f6rbe aus unserem Sortiment nach Ihren W\u00fcnschen zusammen.<\/p>\n<p>2 oder 3 Flaschen Wein aus unserem Angebot in einer Pr\u00e4sentschachtel eignen sich ebenso hervorragend als Geschenk.[\/vc_column_text][\/vc_column_inner][\/vc_row_inner][vc_separator border_width=&#8220;3&#8243;][vc_separator border_width=&#8220;3&#8243;][vc_text_separator title=&#8220;&#8230; und sch\u00f6ne Dinge, die auch noch praktisch sind!&#8220;][\/vc_column][\/vc_row][vc_row][vc_column width=&#8220;1\/2&#8243;]<div class=\"wl_einzelbild\"><p><img loading=\"lazy\" decoding=\"async\" class=\"alignnone wp-image-2252\" src=\"https:\/\/weltlaeden.de\/grossauheim\/wp-content\/uploads\/sites\/51\/2023\/08\/IMG_5527-768x1024.jpg\" alt=\"\" width=\"337\" height=\"449\" srcset=\"https:\/\/weltlaeden.de\/grossauheim\/wp-content\/uploads\/sites\/51\/2023\/08\/IMG_5527-768x1024.jpg 768w, https:\/\/weltlaeden.de\/grossauheim\/wp-content\/uploads\/sites\/51\/2023\/08\/IMG_5527-225x300.jpg 225w, https:\/\/weltlaeden.de\/grossauheim\/wp-content\/uploads\/sites\/51\/2023\/08\/IMG_5527-1152x1536.jpg 1152w, https:\/\/weltlaeden.de\/grossauheim\/wp-content\/uploads\/sites\/51\/2023\/08\/IMG_5527-scaled.jpg 1536w\" sizes=\"auto, (max-width: 337px) 100vw, 337px\" \/><\/p><\/div>[\/vc_column][vc_column width=&#8220;1\/2&#8243;]<div class=\"wl_einzelbild\"><p><img loading=\"lazy\" decoding=\"async\" class=\"wp-image-2478 alignright\" src=\"https:\/\/weltlaeden.de\/grossauheim\/wp-content\/uploads\/sites\/51\/2024\/04\/K800_IMG_3759-rotated.jpg\" alt=\"\" width=\"333\" height=\"444\" srcset=\"https:\/\/weltlaeden.de\/grossauheim\/wp-content\/uploads\/sites\/51\/2024\/04\/K800_IMG_3759-rotated.jpg 600w, https:\/\/weltlaeden.de\/grossauheim\/wp-content\/uploads\/sites\/51\/2024\/04\/K800_IMG_3759-225x300.jpg 225w\" sizes=\"auto, (max-width: 333px) 100vw, 333px\" \/><\/p><\/div>[\/vc_column][\/vc_row][vc_row][vc_column][vc_row_inner][vc_column_inner][\/vc_column_inner][\/vc_row_inner][\/vc_column][\/vc_row][vc_row][vc_column][\/vc_column][\/vc_row]<\/p>\n<\/div>","protected":false},"excerpt":{"rendered":"<p>[vc_row][vc_column width=&#8220;1\/2&#8243;][\/vc_column][vc_column width=&#8220;1\/2&#8243;][\/vc_column][\/vc_row][vc_row][vc_column][vc_empty_space][vc_column_text] Unser Sortiment [\/vc_column_text][vc_column_text]Seit Gr\u00fcndung des Auheimer Weltladens hat sich das Sortiment ge\u00e4ndert und wurde erweitert. Die klassischen Vertreter des Fairen Handels sind aber nach wie vor im Bereich Lebensmittel: Kaffee, Tee, Schokolade, Gew\u00fcrze und Honig. Wir f\u00fchren in unserem Laden \u00fcber 30 Sorten Kaffee, 40 Sorten Tee und \u00fcber 20 Sorten Schokolade.&hellip;<\/p>\n","protected":false},"author":1,"featured_media":0,"parent":0,"menu_order":19,"comment_status":"closed","ping_status":"closed","template":"","meta":{"footnotes":""},"class_list":["post-217","page","type-page","status-publish","hentry","description-off"],"yoast_head":"<!-- This site is optimized with the Yoast SEO plugin v26.8 - https:\/\/yoast.com\/product\/yoast-seo-wordpress\/ -->\n<title>Produkte - Weltladen Grossauheim<\/title>\n<meta name=\"robots\" content=\"index, follow, max-snippet:-1, max-image-preview:large, max-video-preview:-1\" \/>\n<link rel=\"canonical\" href=\"https:\/\/weltlaeden.de\/grossauheim\/produkte\/\" \/>\n<meta property=\"og:locale\" content=\"de_DE\" \/>\n<meta property=\"og:type\" content=\"article\" \/>\n<meta property=\"og:title\" content=\"Produkte - Weltladen Grossauheim\" \/>\n<meta property=\"og:description\" content=\"[vc_row][vc_column width=&#8220;1\/2&#8243;][\/vc_column][vc_column width=&#8220;1\/2&#8243;][\/vc_column][\/vc_row][vc_row][vc_column][vc_empty_space][vc_column_text] Unser Sortiment [\/vc_column_text][vc_column_text]Seit Gr\u00fcndung des Auheimer Weltladens hat sich das Sortiment ge\u00e4ndert und wurde erweitert. Die klassischen Vertreter des Fairen Handels sind aber nach wie vor im Bereich Lebensmittel: Kaffee, Tee, Schokolade, Gew\u00fcrze und Honig. Wir f\u00fchren in unserem Laden \u00fcber 30 Sorten Kaffee, 40 Sorten Tee und \u00fcber 20 Sorten Schokolade.&hellip;\" \/>\n<meta property=\"og:url\" content=\"https:\/\/weltlaeden.de\/grossauheim\/produkte\/\" \/>\n<meta property=\"og:site_name\" content=\"Weltladen Grossauheim\" \/>\n<meta property=\"article:modified_time\" content=\"2026-02-19T11:46:00+00:00\" \/>\n<meta property=\"og:image\" content=\"https:\/\/weltlaeden.de\/grossauheim\/wp-content\/uploads\/sites\/51\/2021\/04\/IMG_3742.jpg\" \/>\n\t<meta property=\"og:image:width\" content=\"1920\" \/>\n\t<meta property=\"og:image:height\" content=\"1920\" \/>\n\t<meta property=\"og:image:type\" content=\"image\/jpeg\" \/>\n<meta name=\"twitter:card\" content=\"summary_large_image\" \/>\n<meta name=\"twitter:label1\" content=\"Gesch\u00e4tzte Lesezeit\" \/>\n\t<meta name=\"twitter:data1\" content=\"3\u00a0Minuten\" \/>\n<script type=\"application\/ld+json\" class=\"yoast-schema-graph\">{\"@context\":\"https:\/\/schema.org\",\"@graph\":[{\"@type\":\"WebPage\",\"@id\":\"https:\/\/weltlaeden.de\/grossauheim\/produkte\/\",\"url\":\"https:\/\/weltlaeden.de\/grossauheim\/produkte\/\",\"name\":\"Produkte - Weltladen Grossauheim\",\"isPartOf\":{\"@id\":\"https:\/\/weltlaeden.de\/grossauheim\/#website\"},\"primaryImageOfPage\":{\"@id\":\"https:\/\/weltlaeden.de\/grossauheim\/produkte\/#primaryimage\"},\"image\":{\"@id\":\"https:\/\/weltlaeden.de\/grossauheim\/produkte\/#primaryimage\"},\"thumbnailUrl\":\"https:\/\/weltlaeden.de\/grossauheim\/wp-content\/uploads\/sites\/51\/2021\/04\/IMG_3742-1024x1024.jpg\",\"datePublished\":\"2016-10-28T11:34:47+00:00\",\"dateModified\":\"2026-02-19T11:46:00+00:00\",\"breadcrumb\":{\"@id\":\"https:\/\/weltlaeden.de\/grossauheim\/produkte\/#breadcrumb\"},\"inLanguage\":\"de\",\"potentialAction\":[{\"@type\":\"ReadAction\",\"target\":[\"https:\/\/weltlaeden.de\/grossauheim\/produkte\/\"]}]},{\"@type\":\"ImageObject\",\"inLanguage\":\"de\",\"@id\":\"https:\/\/weltlaeden.de\/grossauheim\/produkte\/#primaryimage\",\"url\":\"https:\/\/weltlaeden.de\/grossauheim\/wp-content\/uploads\/sites\/51\/2021\/04\/IMG_3742.jpg\",\"contentUrl\":\"https:\/\/weltlaeden.de\/grossauheim\/wp-content\/uploads\/sites\/51\/2021\/04\/IMG_3742.jpg\",\"width\":1920,\"height\":1920},{\"@type\":\"BreadcrumbList\",\"@id\":\"https:\/\/weltlaeden.de\/grossauheim\/produkte\/#breadcrumb\",\"itemListElement\":[{\"@type\":\"ListItem\",\"position\":1,\"name\":\"Startseite\",\"item\":\"https:\/\/weltlaeden.de\/grossauheim\/\"},{\"@type\":\"ListItem\",\"position\":2,\"name\":\"Produkte\"}]},{\"@type\":\"WebSite\",\"@id\":\"https:\/\/weltlaeden.de\/grossauheim\/#website\",\"url\":\"https:\/\/weltlaeden.de\/grossauheim\/\",\"name\":\"Vorlage\",\"description\":\"Faire Produkte seit \u00fcber 40 Jahren\",\"potentialAction\":[{\"@type\":\"SearchAction\",\"target\":{\"@type\":\"EntryPoint\",\"urlTemplate\":\"https:\/\/weltlaeden.de\/grossauheim\/?s={search_term_string}\"},\"query-input\":{\"@type\":\"PropertyValueSpecification\",\"valueRequired\":true,\"valueName\":\"search_term_string\"}}],\"inLanguage\":\"de\"}]}<\/script>\n<!-- \/ Yoast SEO plugin. -->","yoast_head_json":{"title":"Produkte - Weltladen Grossauheim","robots":{"index":"index","follow":"follow","max-snippet":"max-snippet:-1","max-image-preview":"max-image-preview:large","max-video-preview":"max-video-preview:-1"},"canonical":"https:\/\/weltlaeden.de\/grossauheim\/produkte\/","og_locale":"de_DE","og_type":"article","og_title":"Produkte - Weltladen Grossauheim","og_description":"[vc_row][vc_column width=&#8220;1\/2&#8243;][\/vc_column][vc_column width=&#8220;1\/2&#8243;][\/vc_column][\/vc_row][vc_row][vc_column][vc_empty_space][vc_column_text] Unser Sortiment [\/vc_column_text][vc_column_text]Seit Gr\u00fcndung des Auheimer Weltladens hat sich das Sortiment ge\u00e4ndert und wurde erweitert. Die klassischen Vertreter des Fairen Handels sind aber nach wie vor im Bereich Lebensmittel: Kaffee, Tee, Schokolade, Gew\u00fcrze und Honig. Wir f\u00fchren in unserem Laden \u00fcber 30 Sorten Kaffee, 40 Sorten Tee und \u00fcber 20 Sorten Schokolade.&hellip;","og_url":"https:\/\/weltlaeden.de\/grossauheim\/produkte\/","og_site_name":"Weltladen Grossauheim","article_modified_time":"2026-02-19T11:46:00+00:00","og_image":[{"width":1920,"height":1920,"url":"https:\/\/weltlaeden.de\/grossauheim\/wp-content\/uploads\/sites\/51\/2021\/04\/IMG_3742.jpg","type":"image\/jpeg"}],"twitter_card":"summary_large_image","twitter_misc":{"Gesch\u00e4tzte Lesezeit":"3\u00a0Minuten"},"schema":{"@context":"https:\/\/schema.org","@graph":[{"@type":"WebPage","@id":"https:\/\/weltlaeden.de\/grossauheim\/produkte\/","url":"https:\/\/weltlaeden.de\/grossauheim\/produkte\/","name":"Produkte - Weltladen Grossauheim","isPartOf":{"@id":"https:\/\/weltlaeden.de\/grossauheim\/#website"},"primaryImageOfPage":{"@id":"https:\/\/weltlaeden.de\/grossauheim\/produkte\/#primaryimage"},"image":{"@id":"https:\/\/weltlaeden.de\/grossauheim\/produkte\/#primaryimage"},"thumbnailUrl":"https:\/\/weltlaeden.de\/grossauheim\/wp-content\/uploads\/sites\/51\/2021\/04\/IMG_3742-1024x1024.jpg","datePublished":"2016-10-28T11:34:47+00:00","dateModified":"2026-02-19T11:46:00+00:00","breadcrumb":{"@id":"https:\/\/weltlaeden.de\/grossauheim\/produkte\/#breadcrumb"},"inLanguage":"de","potentialAction":[{"@type":"ReadAction","target":["https:\/\/weltlaeden.de\/grossauheim\/produkte\/"]}]},{"@type":"ImageObject","inLanguage":"de","@id":"https:\/\/weltlaeden.de\/grossauheim\/produkte\/#primaryimage","url":"https:\/\/weltlaeden.de\/grossauheim\/wp-content\/uploads\/sites\/51\/2021\/04\/IMG_3742.jpg","contentUrl":"https:\/\/weltlaeden.de\/grossauheim\/wp-content\/uploads\/sites\/51\/2021\/04\/IMG_3742.jpg","width":1920,"height":1920},{"@type":"BreadcrumbList","@id":"https:\/\/weltlaeden.de\/grossauheim\/produkte\/#breadcrumb","itemListElement":[{"@type":"ListItem","position":1,"name":"Startseite","item":"https:\/\/weltlaeden.de\/grossauheim\/"},{"@type":"ListItem","position":2,"name":"Produkte"}]},{"@type":"WebSite","@id":"https:\/\/weltlaeden.de\/grossauheim\/#website","url":"https:\/\/weltlaeden.de\/grossauheim\/","name":"Vorlage","description":"Faire Produkte seit \u00fcber 40 Jahren","potentialAction":[{"@type":"SearchAction","target":{"@type":"EntryPoint","urlTemplate":"https:\/\/weltlaeden.de\/grossauheim\/?s={search_term_string}"},"query-input":{"@type":"PropertyValueSpecification","valueRequired":true,"valueName":"search_term_string"}}],"inLanguage":"de"}]}},"_links":{"self":[{"href":"https:\/\/weltlaeden.de\/grossauheim\/wp-json\/wp\/v2\/pages\/217","targetHints":{"allow":["GET"]}}],"collection":[{"href":"https:\/\/weltlaeden.de\/grossauheim\/wp-json\/wp\/v2\/pages"}],"about":[{"href":"https:\/\/weltlaeden.de\/grossauheim\/wp-json\/wp\/v2\/types\/page"}],"author":[{"embeddable":true,"href":"https:\/\/weltlaeden.de\/grossauheim\/wp-json\/wp\/v2\/users\/1"}],"replies":[{"embeddable":true,"href":"https:\/\/weltlaeden.de\/grossauheim\/wp-json\/wp\/v2\/comments?post=217"}],"version-history":[{"count":64,"href":"https:\/\/weltlaeden.de\/grossauheim\/wp-json\/wp\/v2\/pages\/217\/revisions"}],"predecessor-version":[{"id":2939,"href":"https:\/\/weltlaeden.de\/grossauheim\/wp-json\/wp\/v2\/pages\/217\/revisions\/2939"}],"wp:attachment":[{"href":"https:\/\/weltlaeden.de\/grossauheim\/wp-json\/wp\/v2\/media?parent=217"}],"curies":[{"name":"wp","href":"https:\/\/api.w.org\/{rel}","templated":true}]}}