{"id":20,"date":"2021-09-03T13:23:22","date_gmt":"2021-09-03T11:23:22","guid":{"rendered":"https:\/\/wl.heimpixel.de\/vorlage\/weltladen-musterdorf\/"},"modified":"2026-03-12T19:16:07","modified_gmt":"2026-03-12T18:16:07","slug":"weltladen-grossauheim","status":"publish","type":"page","link":"https:\/\/weltlaeden.de\/grossauheim\/","title":{"rendered":"Startseite"},"content":{"rendered":"<div class=\"wpb-content-wrapper\"><p>[vc_row][vc_column][vc_row_inner][vc_column_inner]<div class=\"wl_einzelbild\"><p><img loading=\"lazy\" decoding=\"async\" class=\"alignnone size-large wp-image-2959\" src=\"https:\/\/weltlaeden.de\/grossauheim\/wp-content\/uploads\/sites\/51\/2026\/03\/IMG_73571-1024x768.jpg\" alt=\"\" width=\"1024\" height=\"768\" srcset=\"https:\/\/weltlaeden.de\/grossauheim\/wp-content\/uploads\/sites\/51\/2026\/03\/IMG_73571-1024x768.jpg 1024w, https:\/\/weltlaeden.de\/grossauheim\/wp-content\/uploads\/sites\/51\/2026\/03\/IMG_73571-300x225.jpg 300w, https:\/\/weltlaeden.de\/grossauheim\/wp-content\/uploads\/sites\/51\/2026\/03\/IMG_73571-768x576.jpg 768w, https:\/\/weltlaeden.de\/grossauheim\/wp-content\/uploads\/sites\/51\/2026\/03\/IMG_73571-1536x1152.jpg 1536w, https:\/\/weltlaeden.de\/grossauheim\/wp-content\/uploads\/sites\/51\/2026\/03\/IMG_73571-2048x1536.jpg 2048w\" sizes=\"auto, (max-width: 1024px) 100vw, 1024px\" \/><\/p><\/div>[vc_column_text css=&#8220;&#8220;]<\/p>\n<h1><strong>FAIRNESS IST HIER LEICHT ZU FINDEN<\/strong><\/h1>\n<p>[\/vc_column_text][\/vc_column_inner][\/vc_row_inner][\/vc_column][\/vc_row][vc_row][vc_column][vc_separator color=&#8220;orange&#8220; border_width=&#8220;4&#8243;][vc_empty_space height=&#8220;20px&#8220;][vc_column_text]<\/p>\n<h2>Was Sie auf dieser Website sonst noch finden:<\/h2>\n<p>[\/vc_column_text][vc_separator][vc_row_inner][vc_column_inner width=&#8220;1\/4&#8243;]<div class=\"wl_einzelbild\"><p><img loading=\"lazy\" decoding=\"async\" class=\"alignnone wp-image-505\" src=\"https:\/\/weltlaeden.de\/grossauheim\/wp-content\/uploads\/sites\/51\/2018\/12\/coffee-1149983_1280-1024x910-300x267.jpg\" alt=\"\" width=\"201\" height=\"179\" srcset=\"https:\/\/weltlaeden.de\/grossauheim\/wp-content\/uploads\/sites\/51\/2018\/12\/coffee-1149983_1280-1024x910-300x267.jpg 300w, https:\/\/weltlaeden.de\/grossauheim\/wp-content\/uploads\/sites\/51\/2018\/12\/coffee-1149983_1280-1024x910-768x683.jpg 768w, https:\/\/weltlaeden.de\/grossauheim\/wp-content\/uploads\/sites\/51\/2018\/12\/coffee-1149983_1280-1024x910.jpg 1024w\" sizes=\"auto, (max-width: 201px) 100vw, 201px\" \/><\/p><\/div>[\/vc_column_inner][vc_column_inner width=&#8220;3\/4&#8243;][vc_column_text]<\/p>\n<h3>Fairer Handel<\/h3>\n<p>Was meint Fairer Handel \u00fcberhaupt? Welche Kriterien m\u00fcssen eingehalten werden und wer \u00fcberpr\u00fcft diese? <a href=\"https:\/\/weltlaeden.de\/grossauheim\/fairer-handel\/\">Erfahren Sie mehr &#8230;<\/a>[\/vc_column_text][\/vc_column_inner][\/vc_row_inner][vc_separator][vc_row_inner][vc_column_inner width=&#8220;1\/4&#8243;]<div class=\"wl_einzelbild\"><p><img loading=\"lazy\" decoding=\"async\" class=\"alignnone wp-image-1034 \" src=\"https:\/\/weltlaeden.de\/grossauheim\/wp-content\/uploads\/sites\/51\/2021\/03\/IMG_3667-e1615497332479-300x287.jpg\" alt=\"\" width=\"209\" height=\"200\" srcset=\"https:\/\/weltlaeden.de\/grossauheim\/wp-content\/uploads\/sites\/51\/2021\/03\/IMG_3667-e1615497332479-300x287.jpg 300w, https:\/\/weltlaeden.de\/grossauheim\/wp-content\/uploads\/sites\/51\/2021\/03\/IMG_3667-e1615497332479-768x733.jpg 768w, https:\/\/weltlaeden.de\/grossauheim\/wp-content\/uploads\/sites\/51\/2021\/03\/IMG_3667-e1615497332479-1024x978.jpg 1024w, https:\/\/weltlaeden.de\/grossauheim\/wp-content\/uploads\/sites\/51\/2021\/03\/IMG_3667-e1615497332479.jpg 1178w\" sizes=\"auto, (max-width: 209px) 100vw, 209px\" \/><\/p><\/div>[\/vc_column_inner][vc_column_inner width=&#8220;3\/4&#8243;][vc_column_text]<\/p>\n<h3>Produkte<\/h3>\n<p style=\"text-align: justify\">In unserem Laden finden Sie ein reichhaltiges Angebot aus dem Fairem Handel. Unsere Produkte aus den Bereichen Lebensmittel und Kunsthandwerk eignen sich auch hervorragend, wenn Sie etwas zum Verschenken suchen. <a href=\"https:\/\/weltlaeden.de\/grossauheim\/produkte\/\">Hier zeigen wir Ihnen unser Sortiment &#8230;<\/a><\/p>\n<p>[\/vc_column_text][\/vc_column_inner][\/vc_row_inner][vc_separator][vc_row_inner][vc_column_inner width=&#8220;1\/4&#8243;]<div class=\"wl_einzelbild\"><p><img loading=\"lazy\" decoding=\"async\" class=\"alignnone wp-image-532\" src=\"https:\/\/weltlaeden.de\/grossauheim\/wp-content\/uploads\/sites\/51\/2018\/12\/WL-Lampe-300x268.jpg\" alt=\"\" width=\"278\" height=\"248\" srcset=\"https:\/\/weltlaeden.de\/grossauheim\/wp-content\/uploads\/sites\/51\/2018\/12\/WL-Lampe-300x268.jpg 300w, https:\/\/weltlaeden.de\/grossauheim\/wp-content\/uploads\/sites\/51\/2018\/12\/WL-Lampe-768x685.jpg 768w, https:\/\/weltlaeden.de\/grossauheim\/wp-content\/uploads\/sites\/51\/2018\/12\/WL-Lampe-1024x914.jpg 1024w, https:\/\/weltlaeden.de\/grossauheim\/wp-content\/uploads\/sites\/51\/2018\/12\/WL-Lampe.jpg 1920w\" sizes=\"auto, (max-width: 278px) 100vw, 278px\" \/><\/p><\/div>[\/vc_column_inner][vc_column_inner width=&#8220;3\/4&#8243;][vc_column_text]<\/p>\n<h3>\u00dcber uns<\/h3>\n<p>Tr\u00e4ger des Weltladens ist der Verein: \u00d6kumenische Aktionsgemeinschaft Dritte Welt. Der Verein wurde 1976 gegr\u00fcndet und im Sommer 1977 wurde der erste Laden er\u00f6ffnet. <a href=\"https:\/\/weltlaeden.de\/grossauheim\/ueber-uns\/\">Hier stellen wir uns vor &#8230;<\/a>[\/vc_column_text][\/vc_column_inner][\/vc_row_inner][vc_separator][vc_row_inner][vc_column_inner width=&#8220;1\/4&#8243;]<div class=\"wl_einzelbild\"><p><img loading=\"lazy\" decoding=\"async\" class=\"alignleft wp-image-nsm-3-35\" src=\"https:\/\/weltlaeden.de\/grossauheim\/wp-content\/uploads\/sites\/3\/2018\/08\/pocket-watch-1637396_1920_150x150.png\" alt=\"\" width=\"187\" height=\"187\" \/><\/p><\/div>[\/vc_column_inner][vc_column_inner width=&#8220;3\/4&#8243;][vc_column_text css=&#8220;&#8220;]<\/p>\n<h3>Termine<\/h3>\n<p>Feierabend-Shopping am 29. November ab 17 Uhr!<\/p>\n<p><a href=\"https:\/\/weltlaeden.de\/grossauheim\/termine\/\">Hier erfahren Sie was bei uns los ist \u2026<\/a>[\/vc_column_text][\/vc_column_inner][\/vc_row_inner][vc_separator][vc_row_inner][vc_column_inner width=&#8220;1\/4&#8243;]<div class=\"wl_einzelbild\"><p><img loading=\"lazy\" decoding=\"async\" class=\"alignnone size-large wp-image-2675\" src=\"https:\/\/weltlaeden.de\/grossauheim\/wp-content\/uploads\/sites\/51\/2025\/03\/IMG_6728GOOD-NEWS-1024x768.jpg\" alt=\"\" width=\"1024\" height=\"768\" srcset=\"https:\/\/weltlaeden.de\/grossauheim\/wp-content\/uploads\/sites\/51\/2025\/03\/IMG_6728GOOD-NEWS-1024x768.jpg 1024w, https:\/\/weltlaeden.de\/grossauheim\/wp-content\/uploads\/sites\/51\/2025\/03\/IMG_6728GOOD-NEWS-300x225.jpg 300w, https:\/\/weltlaeden.de\/grossauheim\/wp-content\/uploads\/sites\/51\/2025\/03\/IMG_6728GOOD-NEWS-768x576.jpg 768w, https:\/\/weltlaeden.de\/grossauheim\/wp-content\/uploads\/sites\/51\/2025\/03\/IMG_6728GOOD-NEWS-1536x1152.jpg 1536w, https:\/\/weltlaeden.de\/grossauheim\/wp-content\/uploads\/sites\/51\/2025\/03\/IMG_6728GOOD-NEWS-2048x1536.jpg 2048w\" sizes=\"auto, (max-width: 1024px) 100vw, 1024px\" \/><\/p><\/div>[\/vc_column_inner][vc_column_inner width=&#8220;3\/4&#8243;][vc_column_text]<\/p>\n<h3><strong>News<br \/>\n<\/strong><\/h3>\n<p>Hier erfahren Sie Aktuelles und was es neues im Weltladen zu entdecken gibt:<\/p>\n<p>Upsyclingprodukte aus Blech&#8230; made in Burkina Faso<\/p>\n<p><a href=\"https:\/\/weltlaeden.de\/grossauheim\/neue-produkte\/\">https:\/\/weltlaeden.de\/grossauheim\/neue-produkte\/<\/a>[\/vc_column_text][\/vc_column_inner][\/vc_row_inner][vc_separator][vc_empty_space][\/vc_column][\/vc_row][vc_row][vc_column][\/vc_column][\/vc_row][vc_row][vc_column][vc_empty_space][\/vc_column][\/vc_row][vc_row][vc_column][\/vc_column][\/vc_row][vc_column][vc_row_inner][vc_column_inner width=&#8220;1\/4&#8243;]<div class=\"wl_einzelbild\"><p><img loading=\"lazy\" decoding=\"async\" class=\"alignnone wp-image-1105 size-medium\" src=\"https:\/\/weltlaeden.de\/grossauheim\/wp-content\/uploads\/sites\/51\/2021\/03\/1602_1541-e1615570892334-300x300.jpg\" alt=\"\" width=\"300\" height=\"300\" \/><\/p><\/div>[\/vc_column_inner][vc_column_inner width=&#8220;3\/4&#8243;][vc_column_text]<\/p>\n<h2><strong>Umweltvertr\u00e4glichkeit bei den Verpackungen<\/strong><\/h2>\n<p>Kompostierbare <strong>Folie f\u00fcr Schokoladentafeln und -riegel<\/strong> von der GEPA<\/p>\n<h4><\/h4>\n<p>Die <strong>Teekuverts<\/strong> bestehen aus einer Kombination aus Kraftpapier mit Aromaschutz-Folie aus rund 90 Prozent zertifiziertem Holzzellstoff.<\/p>\n<h4><strong>Handgesch\u00f6pfter Kartons<\/strong> f\u00fcr unsere Tee-Rarit\u00e4ten<\/h4>\n<p><a href=\"https:\/\/weltlaeden.de\/grossauheim\/umweltvertraeglichkeit\/\">Umweltvertr\u00e4glichkeit<\/a>[\/vc_column_text][\/vc_column_inner][vc_column_inner][\/vc_column_inner][\/vc_row_inner][\/vc_column][vc_column_text]<\/p>\n<h2><\/h2>\n<p>[\/vc_column_text]<\/p>\n<\/div>","protected":false},"excerpt":{"rendered":"<p>[vc_row][vc_column][vc_row_inner][vc_column_inner][vc_column_text css=&#8220;&#8220;] FAIRNESS IST HIER LEICHT ZU FINDEN [\/vc_column_text][\/vc_column_inner][\/vc_row_inner][\/vc_column][\/vc_row][vc_row][vc_column][vc_separator color=&#8220;orange&#8220; border_width=&#8220;4&#8243;][vc_empty_space height=&#8220;20px&#8220;][vc_column_text] Was Sie auf dieser Website sonst noch finden: [\/vc_column_text][vc_separator][vc_row_inner][vc_column_inner width=&#8220;1\/4&#8243;][\/vc_column_inner][vc_column_inner width=&#8220;3\/4&#8243;][vc_column_text] Fairer Handel Was meint Fairer Handel \u00fcberhaupt? Welche Kriterien m\u00fcssen eingehalten werden und wer \u00fcberpr\u00fcft diese? Erfahren Sie mehr &#8230;[\/vc_column_text][\/vc_column_inner][\/vc_row_inner][vc_separator][vc_row_inner][vc_column_inner width=&#8220;1\/4&#8243;][\/vc_column_inner][vc_column_inner width=&#8220;3\/4&#8243;][vc_column_text] Produkte In unserem Laden finden Sie ein reichhaltiges Angebot aus&hellip;<\/p>\n","protected":false},"author":1,"featured_media":0,"parent":0,"menu_order":0,"comment_status":"closed","ping_status":"closed","template":"","meta":{"footnotes":""},"class_list":["post-20","page","type-page","status-publish","hentry","description-off"],"yoast_head":"<!-- This site is optimized with the Yoast SEO plugin v26.8 - https:\/\/yoast.com\/product\/yoast-seo-wordpress\/ -->\n<title>Startseite - Weltladen Grossauheim<\/title>\n<meta name=\"robots\" content=\"index, follow, max-snippet:-1, max-image-preview:large, max-video-preview:-1\" \/>\n<link rel=\"canonical\" href=\"https:\/\/weltlaeden.de\/grossauheim\/\" \/>\n<meta property=\"og:locale\" content=\"de_DE\" \/>\n<meta property=\"og:type\" content=\"article\" \/>\n<meta property=\"og:title\" content=\"Startseite - Weltladen Grossauheim\" \/>\n<meta property=\"og:description\" content=\"[vc_row][vc_column][vc_row_inner][vc_column_inner][vc_column_text css=&#8220;&#8220;] FAIRNESS IST HIER LEICHT ZU FINDEN [\/vc_column_text][\/vc_column_inner][\/vc_row_inner][\/vc_column][\/vc_row][vc_row][vc_column][vc_separator color=&#8220;orange&#8220; border_width=&#8220;4&#8243;][vc_empty_space height=&#8220;20px&#8220;][vc_column_text] Was Sie auf dieser Website sonst noch finden: [\/vc_column_text][vc_separator][vc_row_inner][vc_column_inner width=&#8220;1\/4&#8243;][\/vc_column_inner][vc_column_inner width=&#8220;3\/4&#8243;][vc_column_text] Fairer Handel Was meint Fairer Handel \u00fcberhaupt? Welche Kriterien m\u00fcssen eingehalten werden und wer \u00fcberpr\u00fcft diese? Erfahren Sie mehr &#8230;[\/vc_column_text][\/vc_column_inner][\/vc_row_inner][vc_separator][vc_row_inner][vc_column_inner width=&#8220;1\/4&#8243;][\/vc_column_inner][vc_column_inner width=&#8220;3\/4&#8243;][vc_column_text] Produkte In unserem Laden finden Sie ein reichhaltiges Angebot aus&hellip;\" \/>\n<meta property=\"og:url\" content=\"https:\/\/weltlaeden.de\/grossauheim\/\" \/>\n<meta property=\"og:site_name\" content=\"Weltladen Grossauheim\" \/>\n<meta property=\"article:modified_time\" content=\"2026-03-12T18:16:07+00:00\" \/>\n<meta property=\"og:image\" content=\"https:\/\/weltlaeden.de\/grossauheim\/wp-content\/uploads\/sites\/51\/2026\/03\/IMG_73571-scaled.jpg\" \/>\n\t<meta property=\"og:image:width\" content=\"2560\" \/>\n\t<meta property=\"og:image:height\" content=\"1920\" \/>\n\t<meta property=\"og:image:type\" content=\"image\/jpeg\" \/>\n<meta name=\"twitter:card\" content=\"summary_large_image\" \/>\n<meta name=\"twitter:label1\" content=\"Gesch\u00e4tzte Lesezeit\" \/>\n\t<meta name=\"twitter:data1\" content=\"3\u00a0Minuten\" \/>\n<script type=\"application\/ld+json\" class=\"yoast-schema-graph\">{\"@context\":\"https:\/\/schema.org\",\"@graph\":[{\"@type\":\"WebPage\",\"@id\":\"https:\/\/weltlaeden.de\/grossauheim\/\",\"url\":\"https:\/\/weltlaeden.de\/grossauheim\/\",\"name\":\"Startseite - Weltladen Grossauheim\",\"isPartOf\":{\"@id\":\"https:\/\/weltlaeden.de\/grossauheim\/#website\"},\"primaryImageOfPage\":{\"@id\":\"https:\/\/weltlaeden.de\/grossauheim\/#primaryimage\"},\"image\":{\"@id\":\"https:\/\/weltlaeden.de\/grossauheim\/#primaryimage\"},\"thumbnailUrl\":\"https:\/\/weltlaeden.de\/grossauheim\/wp-content\/uploads\/sites\/51\/2026\/03\/IMG_73571-1024x768.jpg\",\"datePublished\":\"2021-09-03T11:23:22+00:00\",\"dateModified\":\"2026-03-12T18:16:07+00:00\",\"breadcrumb\":{\"@id\":\"https:\/\/weltlaeden.de\/grossauheim\/#breadcrumb\"},\"inLanguage\":\"de\",\"potentialAction\":[{\"@type\":\"ReadAction\",\"target\":[\"https:\/\/weltlaeden.de\/grossauheim\/\"]}]},{\"@type\":\"ImageObject\",\"inLanguage\":\"de\",\"@id\":\"https:\/\/weltlaeden.de\/grossauheim\/#primaryimage\",\"url\":\"https:\/\/weltlaeden.de\/grossauheim\/wp-content\/uploads\/sites\/51\/2026\/03\/IMG_73571-scaled.jpg\",\"contentUrl\":\"https:\/\/weltlaeden.de\/grossauheim\/wp-content\/uploads\/sites\/51\/2026\/03\/IMG_73571-scaled.jpg\",\"width\":2560,\"height\":1920},{\"@type\":\"BreadcrumbList\",\"@id\":\"https:\/\/weltlaeden.de\/grossauheim\/#breadcrumb\",\"itemListElement\":[{\"@type\":\"ListItem\",\"position\":1,\"name\":\"Startseite\",\"item\":\"https:\/\/weltlaeden.de\/grossauheim\/\"},{\"@type\":\"ListItem\",\"position\":2,\"name\":\"Startseite\"}]},{\"@type\":\"WebSite\",\"@id\":\"https:\/\/weltlaeden.de\/grossauheim\/#website\",\"url\":\"https:\/\/weltlaeden.de\/grossauheim\/\",\"name\":\"Vorlage\",\"description\":\"Faire Produkte seit \u00fcber 40 Jahren\",\"potentialAction\":[{\"@type\":\"SearchAction\",\"target\":{\"@type\":\"EntryPoint\",\"urlTemplate\":\"https:\/\/weltlaeden.de\/grossauheim\/?s={search_term_string}\"},\"query-input\":{\"@type\":\"PropertyValueSpecification\",\"valueRequired\":true,\"valueName\":\"search_term_string\"}}],\"inLanguage\":\"de\"}]}<\/script>\n<!-- \/ Yoast SEO plugin. -->","yoast_head_json":{"title":"Startseite - Weltladen Grossauheim","robots":{"index":"index","follow":"follow","max-snippet":"max-snippet:-1","max-image-preview":"max-image-preview:large","max-video-preview":"max-video-preview:-1"},"canonical":"https:\/\/weltlaeden.de\/grossauheim\/","og_locale":"de_DE","og_type":"article","og_title":"Startseite - Weltladen Grossauheim","og_description":"[vc_row][vc_column][vc_row_inner][vc_column_inner][vc_column_text css=&#8220;&#8220;] FAIRNESS IST HIER LEICHT ZU FINDEN [\/vc_column_text][\/vc_column_inner][\/vc_row_inner][\/vc_column][\/vc_row][vc_row][vc_column][vc_separator color=&#8220;orange&#8220; border_width=&#8220;4&#8243;][vc_empty_space height=&#8220;20px&#8220;][vc_column_text] Was Sie auf dieser Website sonst noch finden: [\/vc_column_text][vc_separator][vc_row_inner][vc_column_inner width=&#8220;1\/4&#8243;][\/vc_column_inner][vc_column_inner width=&#8220;3\/4&#8243;][vc_column_text] Fairer Handel Was meint Fairer Handel \u00fcberhaupt? Welche Kriterien m\u00fcssen eingehalten werden und wer \u00fcberpr\u00fcft diese? Erfahren Sie mehr &#8230;[\/vc_column_text][\/vc_column_inner][\/vc_row_inner][vc_separator][vc_row_inner][vc_column_inner width=&#8220;1\/4&#8243;][\/vc_column_inner][vc_column_inner width=&#8220;3\/4&#8243;][vc_column_text] Produkte In unserem Laden finden Sie ein reichhaltiges Angebot aus&hellip;","og_url":"https:\/\/weltlaeden.de\/grossauheim\/","og_site_name":"Weltladen Grossauheim","article_modified_time":"2026-03-12T18:16:07+00:00","og_image":[{"width":2560,"height":1920,"url":"https:\/\/weltlaeden.de\/grossauheim\/wp-content\/uploads\/sites\/51\/2026\/03\/IMG_73571-scaled.jpg","type":"image\/jpeg"}],"twitter_card":"summary_large_image","twitter_misc":{"Gesch\u00e4tzte Lesezeit":"3\u00a0Minuten"},"schema":{"@context":"https:\/\/schema.org","@graph":[{"@type":"WebPage","@id":"https:\/\/weltlaeden.de\/grossauheim\/","url":"https:\/\/weltlaeden.de\/grossauheim\/","name":"Startseite - Weltladen Grossauheim","isPartOf":{"@id":"https:\/\/weltlaeden.de\/grossauheim\/#website"},"primaryImageOfPage":{"@id":"https:\/\/weltlaeden.de\/grossauheim\/#primaryimage"},"image":{"@id":"https:\/\/weltlaeden.de\/grossauheim\/#primaryimage"},"thumbnailUrl":"https:\/\/weltlaeden.de\/grossauheim\/wp-content\/uploads\/sites\/51\/2026\/03\/IMG_73571-1024x768.jpg","datePublished":"2021-09-03T11:23:22+00:00","dateModified":"2026-03-12T18:16:07+00:00","breadcrumb":{"@id":"https:\/\/weltlaeden.de\/grossauheim\/#breadcrumb"},"inLanguage":"de","potentialAction":[{"@type":"ReadAction","target":["https:\/\/weltlaeden.de\/grossauheim\/"]}]},{"@type":"ImageObject","inLanguage":"de","@id":"https:\/\/weltlaeden.de\/grossauheim\/#primaryimage","url":"https:\/\/weltlaeden.de\/grossauheim\/wp-content\/uploads\/sites\/51\/2026\/03\/IMG_73571-scaled.jpg","contentUrl":"https:\/\/weltlaeden.de\/grossauheim\/wp-content\/uploads\/sites\/51\/2026\/03\/IMG_73571-scaled.jpg","width":2560,"height":1920},{"@type":"BreadcrumbList","@id":"https:\/\/weltlaeden.de\/grossauheim\/#breadcrumb","itemListElement":[{"@type":"ListItem","position":1,"name":"Startseite","item":"https:\/\/weltlaeden.de\/grossauheim\/"},{"@type":"ListItem","position":2,"name":"Startseite"}]},{"@type":"WebSite","@id":"https:\/\/weltlaeden.de\/grossauheim\/#website","url":"https:\/\/weltlaeden.de\/grossauheim\/","name":"Vorlage","description":"Faire Produkte seit \u00fcber 40 Jahren","potentialAction":[{"@type":"SearchAction","target":{"@type":"EntryPoint","urlTemplate":"https:\/\/weltlaeden.de\/grossauheim\/?s={search_term_string}"},"query-input":{"@type":"PropertyValueSpecification","valueRequired":true,"valueName":"search_term_string"}}],"inLanguage":"de"}]}},"_links":{"self":[{"href":"https:\/\/weltlaeden.de\/grossauheim\/wp-json\/wp\/v2\/pages\/20","targetHints":{"allow":["GET"]}}],"collection":[{"href":"https:\/\/weltlaeden.de\/grossauheim\/wp-json\/wp\/v2\/pages"}],"about":[{"href":"https:\/\/weltlaeden.de\/grossauheim\/wp-json\/wp\/v2\/types\/page"}],"author":[{"embeddable":true,"href":"https:\/\/weltlaeden.de\/grossauheim\/wp-json\/wp\/v2\/users\/1"}],"replies":[{"embeddable":true,"href":"https:\/\/weltlaeden.de\/grossauheim\/wp-json\/wp\/v2\/comments?post=20"}],"version-history":[{"count":622,"href":"https:\/\/weltlaeden.de\/grossauheim\/wp-json\/wp\/v2\/pages\/20\/revisions"}],"predecessor-version":[{"id":2949,"href":"https:\/\/weltlaeden.de\/grossauheim\/wp-json\/wp\/v2\/pages\/20\/revisions\/2949"}],"wp:attachment":[{"href":"https:\/\/weltlaeden.de\/grossauheim\/wp-json\/wp\/v2\/media?parent=20"}],"curies":[{"name":"wp","href":"https:\/\/api.w.org\/{rel}","templated":true}]}}