{"id":926,"date":"2022-05-30T14:28:48","date_gmt":"2022-05-30T12:28:48","guid":{"rendered":"https:\/\/weltlaeden.de\/greifswald\/?page_id=926"},"modified":"2025-11-23T23:14:58","modified_gmt":"2025-11-23T22:14:58","slug":"spenden","status":"publish","type":"page","link":"https:\/\/weltlaeden.de\/greifswald\/unterstuetzen\/spenden\/","title":{"rendered":"Spenden und F\u00f6rdermitgliedschaft"},"content":{"rendered":"<div class=\"wpb-content-wrapper\"><p>[vc_row][vc_column][vc_column_text]<\/p>\n<h1>Finanzielle Unterst\u00fctzungsm\u00f6glichkeiten<\/h1>\n<p>[\/vc_column_text][\/vc_column][\/vc_row][vc_row][vc_column width=&#8220;1\/4&#8243;][vc_empty_space][\/vc_column][vc_column width=&#8220;3\/4&#8243;][vc_column_text]<\/p>\n<div class=\"wpb_text_column wpb_content_element \">\n<div class=\"wpb_wrapper\">\n<p>Ihr m\u00f6chtet uns und unsere Projekte unterst\u00fctzen? Unterst\u00fctzt uns mit einer Spende oder werdet F\u00f6rdermitglied!<\/p>\n<p>Hier erfahrt Ihr alles Wissenswerte \u00fcber eine F\u00f6rdermitgliedschaft:<\/p>\n<p><a href=\"https:\/\/weltlaeden.de\/greifswald\/wp-content\/uploads\/sites\/167\/2022\/05\/FAQ-Foerdermitglieder_korr_2019.pdf\">FAQ F\u00f6rdermitglieder<\/a><\/p>\n<p>Spenden nehmen wir gerne unter folgender Bankverbindung entgegen:<\/p>\n<p>Sparkasse Vorpommern<\/p>\n<p>Weltblick: Fairer Handel, Bildung, Projekte e.V.<br \/>\nDE62 1505 0500 0231 0006 77<\/p>\n<p>Herzlichen Dank!<br \/>\nDas Weltladen-Team<\/p>\n<\/div>\n<\/div>\n<p>[\/vc_column_text][\/vc_column][\/vc_row]<\/p>\n<\/div>","protected":false},"excerpt":{"rendered":"<p>[vc_row][vc_column][vc_column_text] Finanzielle Unterst\u00fctzungsm\u00f6glichkeiten [\/vc_column_text][\/vc_column][\/vc_row][vc_row][vc_column width=&#8220;1\/4&#8243;][vc_empty_space][\/vc_column][vc_column width=&#8220;3\/4&#8243;][vc_column_text] Ihr m\u00f6chtet uns und unsere Projekte unterst\u00fctzen? Unterst\u00fctzt uns mit einer Spende oder werdet F\u00f6rdermitglied! Hier erfahrt Ihr alles Wissenswerte \u00fcber eine F\u00f6rdermitgliedschaft: FAQ F\u00f6rdermitglieder Spenden nehmen wir gerne unter folgender Bankverbindung entgegen: Sparkasse Vorpommern Weltblick: Fairer Handel, Bildung, Projekte e.V. DE62 1505 0500 0231 0006 77 Herzlichen Dank!&hellip;<\/p>\n","protected":false},"author":239,"featured_media":0,"parent":1362,"menu_order":2,"comment_status":"closed","ping_status":"closed","template":"","meta":{"footnotes":""},"class_list":["post-926","page","type-page","status-publish","hentry","description-off"],"yoast_head":"<!-- This site is optimized with the Yoast SEO plugin v26.8 - https:\/\/yoast.com\/product\/yoast-seo-wordpress\/ -->\n<title>Spenden und F\u00f6rdermitgliedschaft - Weltladen Greifswald<\/title>\n<meta name=\"robots\" content=\"index, follow, max-snippet:-1, max-image-preview:large, max-video-preview:-1\" \/>\n<link rel=\"canonical\" href=\"https:\/\/weltlaeden.de\/greifswald\/ueber-uns\/spenden\/\" \/>\n<meta property=\"og:locale\" content=\"de_DE\" \/>\n<meta property=\"og:type\" content=\"article\" \/>\n<meta property=\"og:title\" content=\"Spenden und F\u00f6rdermitgliedschaft - Weltladen Greifswald\" \/>\n<meta property=\"og:description\" content=\"[vc_row][vc_column][vc_column_text] Finanzielle Unterst\u00fctzungsm\u00f6glichkeiten [\/vc_column_text][\/vc_column][\/vc_row][vc_row][vc_column width=&#8220;1\/4&#8243;][vc_empty_space][\/vc_column][vc_column width=&#8220;3\/4&#8243;][vc_column_text] Ihr m\u00f6chtet uns und unsere Projekte unterst\u00fctzen? Unterst\u00fctzt uns mit einer Spende oder werdet F\u00f6rdermitglied! Hier erfahrt Ihr alles Wissenswerte \u00fcber eine F\u00f6rdermitgliedschaft: FAQ F\u00f6rdermitglieder Spenden nehmen wir gerne unter folgender Bankverbindung entgegen: Sparkasse Vorpommern Weltblick: Fairer Handel, Bildung, Projekte e.V. DE62 1505 0500 0231 0006 77 Herzlichen Dank!&hellip;\" \/>\n<meta property=\"og:url\" content=\"https:\/\/weltlaeden.de\/greifswald\/ueber-uns\/spenden\/\" \/>\n<meta property=\"og:site_name\" content=\"Weltladen Greifswald\" \/>\n<meta property=\"article:modified_time\" content=\"2025-11-23T22:14:58+00:00\" \/>\n<meta name=\"twitter:card\" content=\"summary_large_image\" \/>\n<meta name=\"twitter:label1\" content=\"Gesch\u00e4tzte Lesezeit\" \/>\n\t<meta name=\"twitter:data1\" content=\"1\u00a0Minute\" \/>\n<script type=\"application\/ld+json\" class=\"yoast-schema-graph\">{\"@context\":\"https:\/\/schema.org\",\"@graph\":[{\"@type\":\"WebPage\",\"@id\":\"https:\/\/weltlaeden.de\/greifswald\/ueber-uns\/spenden\/\",\"url\":\"https:\/\/weltlaeden.de\/greifswald\/ueber-uns\/spenden\/\",\"name\":\"Spenden und F\u00f6rdermitgliedschaft - Weltladen Greifswald\",\"isPartOf\":{\"@id\":\"https:\/\/weltlaeden.de\/greifswald\/#website\"},\"datePublished\":\"2022-05-30T12:28:48+00:00\",\"dateModified\":\"2025-11-23T22:14:58+00:00\",\"breadcrumb\":{\"@id\":\"https:\/\/weltlaeden.de\/greifswald\/ueber-uns\/spenden\/#breadcrumb\"},\"inLanguage\":\"de\",\"potentialAction\":[{\"@type\":\"ReadAction\",\"target\":[\"https:\/\/weltlaeden.de\/greifswald\/ueber-uns\/spenden\/\"]}]},{\"@type\":\"BreadcrumbList\",\"@id\":\"https:\/\/weltlaeden.de\/greifswald\/ueber-uns\/spenden\/#breadcrumb\",\"itemListElement\":[{\"@type\":\"ListItem\",\"position\":1,\"name\":\"Startseite\",\"item\":\"https:\/\/weltlaeden.de\/greifswald\/\"},{\"@type\":\"ListItem\",\"position\":2,\"name\":\"\u00dcber uns\",\"item\":\"https:\/\/weltlaeden.de\/greifswald\/ueber-uns\/\"},{\"@type\":\"ListItem\",\"position\":3,\"name\":\"Spenden und F\u00f6rdermitgliedschaft\"}]},{\"@type\":\"WebSite\",\"@id\":\"https:\/\/weltlaeden.de\/greifswald\/#website\",\"url\":\"https:\/\/weltlaeden.de\/greifswald\/\",\"name\":\"Weltladen Greifswald\",\"description\":\"Faire Produkte seit 1990\",\"potentialAction\":[{\"@type\":\"SearchAction\",\"target\":{\"@type\":\"EntryPoint\",\"urlTemplate\":\"https:\/\/weltlaeden.de\/greifswald\/?s={search_term_string}\"},\"query-input\":{\"@type\":\"PropertyValueSpecification\",\"valueRequired\":true,\"valueName\":\"search_term_string\"}}],\"inLanguage\":\"de\"}]}<\/script>\n<!-- \/ Yoast SEO plugin. -->","yoast_head_json":{"title":"Spenden und F\u00f6rdermitgliedschaft - Weltladen Greifswald","robots":{"index":"index","follow":"follow","max-snippet":"max-snippet:-1","max-image-preview":"max-image-preview:large","max-video-preview":"max-video-preview:-1"},"canonical":"https:\/\/weltlaeden.de\/greifswald\/ueber-uns\/spenden\/","og_locale":"de_DE","og_type":"article","og_title":"Spenden und F\u00f6rdermitgliedschaft - Weltladen Greifswald","og_description":"[vc_row][vc_column][vc_column_text] Finanzielle Unterst\u00fctzungsm\u00f6glichkeiten [\/vc_column_text][\/vc_column][\/vc_row][vc_row][vc_column width=&#8220;1\/4&#8243;][vc_empty_space][\/vc_column][vc_column width=&#8220;3\/4&#8243;][vc_column_text] Ihr m\u00f6chtet uns und unsere Projekte unterst\u00fctzen? Unterst\u00fctzt uns mit einer Spende oder werdet F\u00f6rdermitglied! Hier erfahrt Ihr alles Wissenswerte \u00fcber eine F\u00f6rdermitgliedschaft: FAQ F\u00f6rdermitglieder Spenden nehmen wir gerne unter folgender Bankverbindung entgegen: Sparkasse Vorpommern Weltblick: Fairer Handel, Bildung, Projekte e.V. DE62 1505 0500 0231 0006 77 Herzlichen Dank!&hellip;","og_url":"https:\/\/weltlaeden.de\/greifswald\/ueber-uns\/spenden\/","og_site_name":"Weltladen Greifswald","article_modified_time":"2025-11-23T22:14:58+00:00","twitter_card":"summary_large_image","twitter_misc":{"Gesch\u00e4tzte Lesezeit":"1\u00a0Minute"},"schema":{"@context":"https:\/\/schema.org","@graph":[{"@type":"WebPage","@id":"https:\/\/weltlaeden.de\/greifswald\/ueber-uns\/spenden\/","url":"https:\/\/weltlaeden.de\/greifswald\/ueber-uns\/spenden\/","name":"Spenden und F\u00f6rdermitgliedschaft - Weltladen Greifswald","isPartOf":{"@id":"https:\/\/weltlaeden.de\/greifswald\/#website"},"datePublished":"2022-05-30T12:28:48+00:00","dateModified":"2025-11-23T22:14:58+00:00","breadcrumb":{"@id":"https:\/\/weltlaeden.de\/greifswald\/ueber-uns\/spenden\/#breadcrumb"},"inLanguage":"de","potentialAction":[{"@type":"ReadAction","target":["https:\/\/weltlaeden.de\/greifswald\/ueber-uns\/spenden\/"]}]},{"@type":"BreadcrumbList","@id":"https:\/\/weltlaeden.de\/greifswald\/ueber-uns\/spenden\/#breadcrumb","itemListElement":[{"@type":"ListItem","position":1,"name":"Startseite","item":"https:\/\/weltlaeden.de\/greifswald\/"},{"@type":"ListItem","position":2,"name":"\u00dcber uns","item":"https:\/\/weltlaeden.de\/greifswald\/ueber-uns\/"},{"@type":"ListItem","position":3,"name":"Spenden und F\u00f6rdermitgliedschaft"}]},{"@type":"WebSite","@id":"https:\/\/weltlaeden.de\/greifswald\/#website","url":"https:\/\/weltlaeden.de\/greifswald\/","name":"Weltladen Greifswald","description":"Faire Produkte seit 1990","potentialAction":[{"@type":"SearchAction","target":{"@type":"EntryPoint","urlTemplate":"https:\/\/weltlaeden.de\/greifswald\/?s={search_term_string}"},"query-input":{"@type":"PropertyValueSpecification","valueRequired":true,"valueName":"search_term_string"}}],"inLanguage":"de"}]}},"_links":{"self":[{"href":"https:\/\/weltlaeden.de\/greifswald\/wp-json\/wp\/v2\/pages\/926","targetHints":{"allow":["GET"]}}],"collection":[{"href":"https:\/\/weltlaeden.de\/greifswald\/wp-json\/wp\/v2\/pages"}],"about":[{"href":"https:\/\/weltlaeden.de\/greifswald\/wp-json\/wp\/v2\/types\/page"}],"author":[{"embeddable":true,"href":"https:\/\/weltlaeden.de\/greifswald\/wp-json\/wp\/v2\/users\/239"}],"replies":[{"embeddable":true,"href":"https:\/\/weltlaeden.de\/greifswald\/wp-json\/wp\/v2\/comments?post=926"}],"version-history":[{"count":7,"href":"https:\/\/weltlaeden.de\/greifswald\/wp-json\/wp\/v2\/pages\/926\/revisions"}],"predecessor-version":[{"id":1388,"href":"https:\/\/weltlaeden.de\/greifswald\/wp-json\/wp\/v2\/pages\/926\/revisions\/1388"}],"up":[{"embeddable":true,"href":"https:\/\/weltlaeden.de\/greifswald\/wp-json\/wp\/v2\/pages\/1362"}],"wp:attachment":[{"href":"https:\/\/weltlaeden.de\/greifswald\/wp-json\/wp\/v2\/media?parent=926"}],"curies":[{"name":"wp","href":"https:\/\/api.w.org\/{rel}","templated":true}]}}