{"id":23,"date":"2016-10-14T09:05:21","date_gmt":"2016-10-14T07:05:21","guid":{"rendered":"https:\/\/wl.heimpixel.de\/vorlage\/termine\/"},"modified":"2026-01-06T15:05:56","modified_gmt":"2026-01-06T14:05:56","slug":"termine","status":"publish","type":"page","link":"https:\/\/weltlaeden.de\/greifswald\/termine\/","title":{"rendered":"Termine"},"content":{"rendered":"<div class=\"wpb-content-wrapper\"><p style=\"text-align: center\">[vc_column_text]<\/p>\n<h1 style=\"text-align: center\">Kommende Termine<\/h1>\n<p style=\"text-align: center\">[\/vc_column_text][vc_column_text]<\/p>\n<p style=\"text-align: center\">[vc_row][vc_column]<ul class=\"termine-page current aktuell\"><li><h5 class=\"termine-titel\"><a href=\"https:\/\/weltlaeden.de\/greifswald\/termin\/weltladentag-unter-dem-motto-fair-fruchtet\/\">Weltladentag unter dem Motto &#8222;Fair fruchtet&#8220;<\/a><\/h5><p class=\"termine-date\">Sa., 09.05.2026, 11:00<\/p><p class=\"termine-auszug\">Der Weltladentag ist der entwicklungspolitische Aktionstag der Weltl\u00e4den, der jedes Jahr bundesweit stattfindet und in diesem Jahr unter dem Motto \"Fair fruchtet\" steht. Auch wir beteiligen uns und machen auf ungerechte Arbeitsbedingungen und unfaire Gewinnverteilung im Handel mit Fr\u00fcchten aufmerksam. Von 11.00 - 14.00 Uhr informieren wir an einem Aktionsstand \u00fcber globale Lieferketten und faire Alternativen vor dem St.Spiritus. Mit interaktiven Spielen und einer Verkostung laden wir dazu ein, mehr \u00fcber den Fairen Handel zu erfahren und mit uns ins Gespr\u00e4ch zu kommen.<p class=termine-ort\"><small>Ort: <i>St.Spiritus<\/i><\/small><\/p><\/li><\/ul>[\/vc_column][\/vc_row]<\/p>\n<p style=\"text-align: center\">[vc_column_text]<\/p>\n<h1 style=\"text-align: center\">Vergangenes<\/h1>\n<p style=\"text-align: center\">[\/vc_column_text][vc_column_text]<\/p>\n<p style=\"text-align: center\">[vc_row][vc_column]<ul class=\"termine-page past vergangen\"><li><h5 class=\"termine-titel\"><a href=\"https:\/\/weltlaeden.de\/greifswald\/termin\/osterhasenstreik-fuer-faire-kakaopreise\/\">Osterhasenstreik f\u00fcr faire Kakaopreise<\/a><\/h5><p class=\"termine-date\">Sa., 28.03.2026, 11:00<\/p><p class=\"termine-auszug\">Der Osterhasenstreik geht in die n\u00e4chste Runde. Am Samstag, 28.03.2026 zwischen 11.00 - 14.00 Uhr streiken die Osterhasen vor dem Weltladen f\u00fcr faire Kakaopreise. Auch in diesem Jahr beteiligen wir uns an der Aktion des INKOTA-netzwerk e.V. und protestieren gegen ausbeuterische Arbeitsbedingungen im Kakaoanbau. Vor Ort sammeln wir Unterschriften f\u00fcr einen Apell an den Bundeslandwirtschaftsminister und fordern faire, kostendeckende Preise entlang der gesamten Agrarlieferkette. Kommt vorbei und unterst\u00fctzt den Osterhasenstreik.<\/li><li><h5 class=\"termine-titel\"><a href=\"https:\/\/weltlaeden.de\/greifswald\/termin\/workshop-friedenslogik-in-kriegerischen-zeiten-bausteine-der-deeskalation\/\">Workshop \u201eFriedenslogik in kriegerischen Zeiten \u2013Bausteine der Deeskalation\u201c<\/a><\/h5><p class=\"termine-date\">Mi., 14.01.2026, 14:00<\/p><p class=\"termine-auszug\">Ein Workshop mit Konstantin Leimig und Esther Binne, Friedensreferent:innen Kurve Wustrow e.V. Seit dem Angriff Russlands auf die Ukraine sind Sicherheit und Verteidigung in Deutschland und Europa zum politischen Schwerpunkt geworden. Die Regierung setzt dabei vor allem auf milit\u00e4rische Ma\u00dfnahmen, wie ein 100-Milliarden-Euro-Sonderverm\u00f6gen f\u00fcr die Bundeswehr und einen stark wachsenden Verteidigungshaushalt. Die Musterungspflicht kehrt zur\u00fcck, die Wiedereinf\u00fchrung der Wehrpflicht steht zur Debatte. Zivile Konfliktl\u00f6sungsans\u00e4tze finden in Medien und Politik hingegen kaum Beachtung, obwohl gerade angesichts globaler Krisen deutlich wird, wie wichtig gezielte Friedensvorbereitung ist. Der Workshop sucht nachM\u00f6glichkeiten, Frieden langfristig systematisch zu f\u00f6rdern. Im Mittelpunkt steht das Konzept der Friedenslogik, das aus der Friedens- und Konfliktforschung stammt und stetig weiterentwickelt wird. Ziel ist es, Wege zur Deeskalation aufzuzeigen und die Rolle der Zivilgesellschaft zu st\u00e4rken \u2013 sei es im Bildungsbereich, der Politik oder in Vereinen. Angesprochen sind Lehr- und Bildungskr\u00e4fte, Politiker:innen sowie engagierte Gruppen. Auf dem Programm stehen Theorie und [...] <a href=\"https:\/\/weltlaeden.de\/greifswald\/termin\/workshop-friedenslogik-in-kriegerischen-zeiten-bausteine-der-deeskalation\/\"><small>[WEITERLESEN]<\/small><\/a><\/p><p class=termine-ort\"><small>Ort: <i>Alte Feuerwache Greifswald<\/i><\/small><\/p><\/li><li><h5 class=\"termine-titel\"><a href=\"https:\/\/weltlaeden.de\/greifswald\/termin\/a-wall-is-a-screen\/\">\u201eA Wall is a Screen\u201c<\/a><\/h5><p class=\"termine-date\">Fr., 10.10.2025, 19:00<\/p><p class=\"termine-auszug\"><strong>A Wall is a Screen <\/strong> - Film ab! Fairtrade im Blick \u2013 Globale Perspektiven erleben Kostenloser Kurzfilmspaziergang durch die Innenstadt Greifswalds Gemeinsam mit dem Publikum erkundet A Wall is a Screen das abendliche Greifswald auf den Wegen des Fairen Handels in der Innenstadt. Kurzfilme werden in einer einzigartigen Mischung aus Pop-Up Cinema und visueller Intervention im \u00f6ffentlichen Raum gezeigt und er\u00f6ffnen neue Perspektiven auf das Thema Fairer Handel und verbinden dieses mit globalen Perspektiven. Der Kurzfilmspaziergang dauert ca. 1,5 \u2013 2 Stunden, die Teilnahme ist kostenlos und auf eigene Gefahr. Die Veranstaltung findet auch bei Regen statt. Treffpunkt: 10. Oktober, Start 19:00 Uhr Rathaus (Markt 1) Die Veranstaltung wird erm\u00f6glicht durch die Universit\u00e4ts- und Hansestadt Greifswald und der Au\u00dfenstelle in Hamburg von Engagement Global im Programm \u201eEntwicklungsbezogene Bildung in Deutschland\u201c Copyright: Nadine Mayer<\/li><li><h5 class=\"termine-titel\"><a href=\"https:\/\/weltlaeden.de\/greifswald\/termin\/suedafrika-vortrag-2\/\">S\u00fcdafrika-Vortrag<\/a><\/h5><p class=\"termine-date\">Fr., 19.09.2025, 19:00<\/p><p class=\"termine-auszug\">S\u00fcdafrika-Vortrag \u2013 Impressionen eines Besuchs bei Fair-Handels-Partnern Am 19.09.2025 um 19 Uhr findet in der STRAZE ein Vortrag von zwei Fair-Handels-Engagierten statt. Sie teilen ihre Eindr\u00fccke von ihrem Besuch bei Fair-Handels-Partnern undgeben spannende Einblicke in die Produktionsbedingungen des fairen Handels sowie ihreTreffen mit Produzent*innen und zivilgesellschaftlichen Akteur*innen. An diesem Abend werden wichtige Fragen beleuchtet: \u2022 Unter welchen Bedingungen entstehen Fair-Handels-Produkte im globalen S\u00fcden? \u2022 Wie verbessert der faire Handel die Arbeits- und Lebensbedingungen vor Ort? \u2022 Welche Nachwirkungen hat die Apartheid noch heute auf Politik und Gesellschaft? Au\u00dferdem gibt es einen Bericht vom Treffen der World Fair Trade Organization (WFTO) Die Veranstaltung ist kostenfrei. Veranstaltungsort: Straze Greifswald<p class=termine-ort\"><small>Ort: <i>STRAZE, Stralsunder Stra\u00dfe 10, 17489 Greifswald<\/i><\/small><\/p><\/li><li><h5 class=\"termine-titel\"><a href=\"https:\/\/weltlaeden.de\/greifswald\/termin\/kaffee-spaziergang-walk-and-talk-dem-fairen-kaffee-auf-der-spur\/\">Kaffee-Spaziergang &#8222;Walk and Talk: Dem fairen Kaffee auf der Spur&#8220;<\/a><\/h5><p class=\"termine-date\">Fr., 12.09.2025, 15:00<\/p><p class=\"termine-auszug\">Bei diesem Rundgang durch die Greifswalder Altstadt mit Gespr\u00e4chen und Impulsen k\u00f6nnen Sie die Welt des Kaffees kennenlernen. Sie erfahren an vier Stationen Wissenswertes und Interessantes rund um das beliebte Getr\u00e4nk. Wie wird Kaffee angebaut, wieviel Arbeit von Frauen steckt darin und welche Rolle spielt der Faire Handel? Wie sich Kaffeeb\u00e4uer*innen an den Klimawandel anpassen, ist ebenfalls ein Thema. Der Spaziergang endet mit einer Kaffeeverkostung im Weltladen. Treffpunkt: Botanischer Garten, M\u00fcnterstra\u00dfe 2, 17489 Greifswald Uhrzeit: 15.00 Uhr Anmeldung: Bis zum 04.09.2025 unter info@weltladen-greifswald.de Die Teilnahme ist kostenlos. In Kooperation mit dem F\u00f6rderkreis Norddeutschland der Entwicklungsgenossenschaft Oikocredit, der Fairtrade Stadt Greifswald und dem Projekt Lebenswandel<p class=termine-ort\"><small>Ort: <i>Botanischer Garten, M\u00fcnterstra\u00dfe 2<\/i><\/small><\/p><\/li><li><h5 class=\"termine-titel\"><a href=\"https:\/\/weltlaeden.de\/greifswald\/termin\/osteraktion\/\">Osteraktion<\/a><\/h5><p class=\"termine-date\">Fr., 11.04.2025, 14:00 bis 12.04.2025, 14:00<\/p><p class=\"termine-auszug\">Auch in diesem Jahr nehmen wir wieder an der bundesweiten Osteraktion des INKOTA-netzwerk e.V. teil und erinnern mit einem Protest die gro\u00dfen Schokoladenunternehmen an ihre Verantwortung f\u00fcr die Menschen in ihrer Lieferkette. Existenzsichernde Einkommen sind ein Menschenrecht, es ist mehr als \u00fcberf\u00e4llig, dass Kakaob\u00e4uerinnen und Kakaobauern endlich einen fairen Kakaopreis erhalten. Unterst\u00fctzen Sie die Aktion und besuchen Sie uns am 11.04.2025 zwischen 14.00 - 17.00 Uhr oder am 12.04.2025 zwischen 11.00 - 14.00 Uhr vor dem Weltladen in der Langen Stra\u00dfe 49. Wir freuen uns \u00fcber Ihren Besuch, ihre Unterschrift und viele Gespr\u00e4che.<p class=termine-ort\"><small>Ort: <i>Weltladen Greifswald<\/i><\/small><\/p><\/li><li><h5 class=\"termine-titel\"><a href=\"https:\/\/weltlaeden.de\/greifswald\/termin\/filmvorfuehrung-walk-for-the-planet\/\">Filmvorf\u00fchrung &#8222;Walk for the Planet&#8220;<\/a><\/h5><p class=\"termine-date\">Di., 12.11.2024, 19:00<\/p><p class=\"termine-auszug\">\"Walk for the Planet\" Filmtour mit Regisseurgespr\u00e4ch Ein Dokumentarfilm \u00fcber eine Umweltfriedensbewegung. Ein Portr\u00e4t von Menschen, die durch einen eindrucksvollen Klimamarsch von Deutschland bis nach S\u00fcdeuropa die Erderw\u00e4rmung in \u00f6ffentliche Bewusstsein rufen. Die Veranstaltung findet im Rahmen von Weltwechsel statt und in Kooperation mit der Amnesty International Gruppe 1441 Greifswald statt. Der Eintritt ist kostenfrei.<p class=termine-ort\"><small>Ort: <i>Straze, Stralsunder Stra\u00dfe 10, 17489 Greifswald<\/i><\/small><\/p><\/li><li><h5 class=\"termine-titel\"><a href=\"https:\/\/weltlaeden.de\/greifswald\/termin\/infoabend-eine-einfuehrung-in-vernachlaessigte-tropenkrankheiten\/\">Infoabend: Eine Einf\u00fchrung in vernachl\u00e4ssigte Tropenkrankheiten<\/a><\/h5><p class=\"termine-date\">Di., 29.10.2024, 19:00<\/p><p class=\"termine-auszug\">\u00dcber 1 Mrd. Menschen sind von Erkrankungen wie Flussblindheit oder Schistosomiasis betroffen. Hierzulande sind diese Infektionen kaum bekannt. Doch Klimawandel und Globalisierung bedeuten auch f\u00fcr Europa neue Herausforderungen, wie etwa das Dengue-Fieber zeigt. Gastredner ist Max Klein von der Bielefelder NGO \u201eBUKO Pharma-Kampagne\u201c. Wir erl\u00e4utern und diskutieren, warum f\u00fcr die Gruppe der vernachl\u00e4ssigten Tropenkrankheiten gravierende Versorgungsl\u00fccken klaffen und welche global wachsende Bedeutung sie haben. Wir freuen uns auf Ihr Kommen! (Voranmeldung und Vorwissen nicht vonn\u00f6ten) Die Veranstaltung findet in Kooperation mit der AG Medizin und Menschenrechte statt und ist kostenfrei.<p class=termine-ort\"><small>Ort: <i>St. Spiritus Greifswald \/ Lange Stra\u00dfe 49<\/i><\/small><\/p><\/li><li><h5 class=\"termine-titel\"><a href=\"https:\/\/weltlaeden.de\/greifswald\/termin\/weltladentag-2024\/\">Weltladentag 2024<\/a><\/h5><p class=\"termine-date\">Sa., 11.05.2024, 11:00<\/p><p class=\"termine-auszug\">Jedes Jahr ist am 2.Samstag im Mai Weltladentag. Am politischen Aktionstag der Weltl\u00e4den finden bundesweit vielz\u00e4hlige Aktionen statt, um auf ein gemeinsames Anliegen des Fairen Handels aufmerksam zu machen. Dieses Jahr geht es unter dem Motto \"F\u00fcr Klimasch\u00e4den Verantwortung \u00fcbernehmen\" um Klimagerechtigkeit. Kommt vorbei und unterschreibt unsere Forderung f\u00fcr Fairen Handel und mehr Klimagerechtigkeit. Wann: 11.05.2024 von 11.00 - 15.00 Uhr Wo: Vor dem Weltladen in der Langen Stra\u00dfe 49 &nbsp;<\/li><li><h5 class=\"termine-titel\"><a href=\"https:\/\/weltlaeden.de\/greifswald\/termin\/__trashed\/\">Kulturfest 01.Mai 2024<\/a><\/h5><p class=\"termine-date\">Mi., 01.05.2024, 13:00<\/p><p class=\"termine-auszug\">Das Greifswalder Kulturfest findet am 01.Mai 2024 unter dem Motto \"Gegen Rassismus und Antisemitismus!\" auf dem Markt statt. Neben verschiedenen Acts auf der B\u00fchne gibt es Angebote f\u00fcr Familien, Kulinarisches und Getr\u00e4nke und verschiedene Greifswalder Vereine und Initiativen stellen sich vor. Wir sind auch mit einem Informationsstand dabei. Start: 13.00 Uhr<\/li><\/ul>[\/vc_column][\/vc_row]<\/p>\n<\/div>","protected":false},"excerpt":{"rendered":"<p>[vc_column_text] Kommende Termine [\/vc_column_text][vc_column_text] [vc_row][vc_column][\/vc_column][\/vc_row] [vc_column_text] Vergangenes [\/vc_column_text][vc_column_text] [vc_row][vc_column][\/vc_column][\/vc_row]<\/p>\n","protected":false},"author":1,"featured_media":0,"parent":0,"menu_order":4,"comment_status":"closed","ping_status":"closed","template":"","meta":{"footnotes":""},"class_list":["post-23","page","type-page","status-publish","hentry","description-off"],"yoast_head":"<!-- This site is optimized with the Yoast SEO plugin v26.8 - https:\/\/yoast.com\/product\/yoast-seo-wordpress\/ -->\n<title>Termine - Weltladen Greifswald<\/title>\n<meta name=\"robots\" content=\"index, follow, max-snippet:-1, max-image-preview:large, max-video-preview:-1\" \/>\n<link rel=\"canonical\" href=\"https:\/\/weltlaeden.de\/greifswald\/termine\/\" \/>\n<meta property=\"og:locale\" content=\"de_DE\" \/>\n<meta property=\"og:type\" content=\"article\" \/>\n<meta property=\"og:title\" content=\"Termine - Weltladen Greifswald\" \/>\n<meta property=\"og:description\" content=\"[vc_column_text] Kommende Termine [\/vc_column_text][vc_column_text] [vc_row][vc_column][\/vc_column][\/vc_row] [vc_column_text] Vergangenes [\/vc_column_text][vc_column_text] [vc_row][vc_column][\/vc_column][\/vc_row]\" \/>\n<meta property=\"og:url\" content=\"https:\/\/weltlaeden.de\/greifswald\/termine\/\" \/>\n<meta property=\"og:site_name\" content=\"Weltladen Greifswald\" \/>\n<meta property=\"article:modified_time\" content=\"2026-01-06T14:05:56+00:00\" \/>\n<meta name=\"twitter:card\" content=\"summary_large_image\" \/>\n<meta name=\"twitter:label1\" content=\"Gesch\u00e4tzte Lesezeit\" \/>\n\t<meta name=\"twitter:data1\" content=\"1\u00a0Minute\" \/>\n<script type=\"application\/ld+json\" class=\"yoast-schema-graph\">{\"@context\":\"https:\/\/schema.org\",\"@graph\":[{\"@type\":\"WebPage\",\"@id\":\"https:\/\/weltlaeden.de\/greifswald\/termine\/\",\"url\":\"https:\/\/weltlaeden.de\/greifswald\/termine\/\",\"name\":\"Termine - Weltladen Greifswald\",\"isPartOf\":{\"@id\":\"https:\/\/weltlaeden.de\/greifswald\/#website\"},\"datePublished\":\"2016-10-14T07:05:21+00:00\",\"dateModified\":\"2026-01-06T14:05:56+00:00\",\"breadcrumb\":{\"@id\":\"https:\/\/weltlaeden.de\/greifswald\/termine\/#breadcrumb\"},\"inLanguage\":\"de\",\"potentialAction\":[{\"@type\":\"ReadAction\",\"target\":[\"https:\/\/weltlaeden.de\/greifswald\/termine\/\"]}]},{\"@type\":\"BreadcrumbList\",\"@id\":\"https:\/\/weltlaeden.de\/greifswald\/termine\/#breadcrumb\",\"itemListElement\":[{\"@type\":\"ListItem\",\"position\":1,\"name\":\"Startseite\",\"item\":\"https:\/\/weltlaeden.de\/greifswald\/\"},{\"@type\":\"ListItem\",\"position\":2,\"name\":\"Termine\"}]},{\"@type\":\"WebSite\",\"@id\":\"https:\/\/weltlaeden.de\/greifswald\/#website\",\"url\":\"https:\/\/weltlaeden.de\/greifswald\/\",\"name\":\"Weltladen Greifswald\",\"description\":\"Faire Produkte seit 1990\",\"potentialAction\":[{\"@type\":\"SearchAction\",\"target\":{\"@type\":\"EntryPoint\",\"urlTemplate\":\"https:\/\/weltlaeden.de\/greifswald\/?s={search_term_string}\"},\"query-input\":{\"@type\":\"PropertyValueSpecification\",\"valueRequired\":true,\"valueName\":\"search_term_string\"}}],\"inLanguage\":\"de\"}]}<\/script>\n<!-- \/ Yoast SEO plugin. -->","yoast_head_json":{"title":"Termine - Weltladen Greifswald","robots":{"index":"index","follow":"follow","max-snippet":"max-snippet:-1","max-image-preview":"max-image-preview:large","max-video-preview":"max-video-preview:-1"},"canonical":"https:\/\/weltlaeden.de\/greifswald\/termine\/","og_locale":"de_DE","og_type":"article","og_title":"Termine - Weltladen Greifswald","og_description":"[vc_column_text] Kommende Termine [\/vc_column_text][vc_column_text] [vc_row][vc_column][\/vc_column][\/vc_row] [vc_column_text] Vergangenes [\/vc_column_text][vc_column_text] [vc_row][vc_column][\/vc_column][\/vc_row]","og_url":"https:\/\/weltlaeden.de\/greifswald\/termine\/","og_site_name":"Weltladen Greifswald","article_modified_time":"2026-01-06T14:05:56+00:00","twitter_card":"summary_large_image","twitter_misc":{"Gesch\u00e4tzte Lesezeit":"1\u00a0Minute"},"schema":{"@context":"https:\/\/schema.org","@graph":[{"@type":"WebPage","@id":"https:\/\/weltlaeden.de\/greifswald\/termine\/","url":"https:\/\/weltlaeden.de\/greifswald\/termine\/","name":"Termine - Weltladen Greifswald","isPartOf":{"@id":"https:\/\/weltlaeden.de\/greifswald\/#website"},"datePublished":"2016-10-14T07:05:21+00:00","dateModified":"2026-01-06T14:05:56+00:00","breadcrumb":{"@id":"https:\/\/weltlaeden.de\/greifswald\/termine\/#breadcrumb"},"inLanguage":"de","potentialAction":[{"@type":"ReadAction","target":["https:\/\/weltlaeden.de\/greifswald\/termine\/"]}]},{"@type":"BreadcrumbList","@id":"https:\/\/weltlaeden.de\/greifswald\/termine\/#breadcrumb","itemListElement":[{"@type":"ListItem","position":1,"name":"Startseite","item":"https:\/\/weltlaeden.de\/greifswald\/"},{"@type":"ListItem","position":2,"name":"Termine"}]},{"@type":"WebSite","@id":"https:\/\/weltlaeden.de\/greifswald\/#website","url":"https:\/\/weltlaeden.de\/greifswald\/","name":"Weltladen Greifswald","description":"Faire Produkte seit 1990","potentialAction":[{"@type":"SearchAction","target":{"@type":"EntryPoint","urlTemplate":"https:\/\/weltlaeden.de\/greifswald\/?s={search_term_string}"},"query-input":{"@type":"PropertyValueSpecification","valueRequired":true,"valueName":"search_term_string"}}],"inLanguage":"de"}]}},"_links":{"self":[{"href":"https:\/\/weltlaeden.de\/greifswald\/wp-json\/wp\/v2\/pages\/23","targetHints":{"allow":["GET"]}}],"collection":[{"href":"https:\/\/weltlaeden.de\/greifswald\/wp-json\/wp\/v2\/pages"}],"about":[{"href":"https:\/\/weltlaeden.de\/greifswald\/wp-json\/wp\/v2\/types\/page"}],"author":[{"embeddable":true,"href":"https:\/\/weltlaeden.de\/greifswald\/wp-json\/wp\/v2\/users\/1"}],"replies":[{"embeddable":true,"href":"https:\/\/weltlaeden.de\/greifswald\/wp-json\/wp\/v2\/comments?post=23"}],"version-history":[{"count":20,"href":"https:\/\/weltlaeden.de\/greifswald\/wp-json\/wp\/v2\/pages\/23\/revisions"}],"predecessor-version":[{"id":1431,"href":"https:\/\/weltlaeden.de\/greifswald\/wp-json\/wp\/v2\/pages\/23\/revisions\/1431"}],"wp:attachment":[{"href":"https:\/\/weltlaeden.de\/greifswald\/wp-json\/wp\/v2\/media?parent=23"}],"curies":[{"name":"wp","href":"https:\/\/api.w.org\/{rel}","templated":true}]}}