{"id":1362,"date":"2025-11-14T10:01:57","date_gmt":"2025-11-14T09:01:57","guid":{"rendered":"https:\/\/weltlaeden.de\/greifswald\/neuigkeiten-2\/"},"modified":"2025-11-23T23:14:03","modified_gmt":"2025-11-23T22:14:03","slug":"unterstuetzen","status":"publish","type":"page","link":"https:\/\/weltlaeden.de\/greifswald\/unterstuetzen\/","title":{"rendered":"Unterst\u00fctzen"},"content":{"rendered":"<div class=\"wpb-content-wrapper\"><p>[vc_row][vc_column][vc_column_text]<\/p>\n<h1>Mitmachen im Weltladen Greifswald<\/h1>\n<p>[\/vc_column_text][\/vc_column][\/vc_row][vc_row][vc_column width=&#8220;1\/4&#8243;][vc_empty_space]<div class=\"wl_einzelbild\"><p><img loading=\"lazy\" decoding=\"async\" class=\"alignnone size-full wp-image-1019\" src=\"https:\/\/weltlaeden.de\/greifswald\/wp-content\/uploads\/sites\/167\/2019\/03\/Unbenannt-e1676142857102.png\" alt=\"\" width=\"433\" height=\"550\" srcset=\"https:\/\/weltlaeden.de\/greifswald\/wp-content\/uploads\/sites\/167\/2019\/03\/Unbenannt-e1676142857102.png 433w, https:\/\/weltlaeden.de\/greifswald\/wp-content\/uploads\/sites\/167\/2019\/03\/Unbenannt-e1676142857102-236x300.png 236w\" sizes=\"auto, (max-width: 433px) 100vw, 433px\" \/><\/p><\/div>[\/vc_column][vc_column width=&#8220;3\/4&#8243;][vc_column_text]<\/p>\n<div class=\"wpb_text_column wpb_content_element \">\n<div class=\"wpb_wrapper\">\n<h2 id=\"wir-suchen-stetig-verst\u00e4rkung\"><strong>Wir suchen stetig Verst\u00e4rkung,<\/strong><\/h2>\n<p>denn nur so k\u00f6nnen wir unsere Arbeit vorantreiben und noch mehr Projekte umsetzen. Jeder kann sich bei uns kreativ entfalten und je nach pers\u00f6nlichem Interesse dabei eigene T\u00e4tigkeitsschwerpunkte setzen. Unsere drei gro\u00dfen Arbeitsbereiche sind der Verkauf im Weltladen, die Bildungs- und Projektarbeit sowie die \u00d6ffentlichkeitsarbeit.<\/p>\n<p>Werdet Teil unseres netten, freundlichen Teams und nutzt die M\u00f6glichkeit mit dem Ehrenamt neue Kompetenzen zu erwerben und bestehende zu erweitern. Meldet Euch einfach bei uns im Laden oder per E-Mail (<a href=\"mailto:info@weltladen-greifswald.de\">info@weltladen-greifswald.de<\/a>).<\/p>\n<h3>Wir freuen uns auf Euch!<\/h3>\n<\/div>\n<\/div>\n<p>[\/vc_column_text][\/vc_column][\/vc_row]<\/p>\n<\/div>","protected":false},"excerpt":{"rendered":"<p>[vc_row][vc_column][vc_column_text] Mitmachen im Weltladen Greifswald [\/vc_column_text][\/vc_column][\/vc_row][vc_row][vc_column width=&#8220;1\/4&#8243;][vc_empty_space][\/vc_column][vc_column width=&#8220;3\/4&#8243;][vc_column_text] Wir suchen stetig Verst\u00e4rkung, denn nur so k\u00f6nnen wir unsere Arbeit vorantreiben und noch mehr Projekte umsetzen. Jeder kann sich bei uns kreativ entfalten und je nach pers\u00f6nlichem Interesse dabei eigene T\u00e4tigkeitsschwerpunkte setzen. Unsere drei gro\u00dfen Arbeitsbereiche sind der Verkauf im Weltladen, die Bildungs- und Projektarbeit sowie&hellip;<\/p>\n","protected":false},"author":14,"featured_media":0,"parent":0,"menu_order":6,"comment_status":"closed","ping_status":"closed","template":"","meta":{"footnotes":""},"class_list":["post-1362","page","type-page","status-publish","hentry","description-off"],"yoast_head":"<!-- This site is optimized with the Yoast SEO plugin v26.8 - https:\/\/yoast.com\/product\/yoast-seo-wordpress\/ -->\n<title>Unterst\u00fctzen - Weltladen Greifswald<\/title>\n<meta name=\"description\" content=\"Du kannst uns auf viele Arten unterst\u00fctzen - als aktives Mitglied direkt vor Ort oder auch als F\u00f6rdermitglied aus der Ferne!\" \/>\n<meta name=\"robots\" content=\"index, follow, max-snippet:-1, max-image-preview:large, max-video-preview:-1\" \/>\n<link rel=\"canonical\" href=\"https:\/\/weltlaeden.de\/greifswald\/unterstuetzen\/\" \/>\n<meta property=\"og:locale\" content=\"de_DE\" \/>\n<meta property=\"og:type\" content=\"article\" \/>\n<meta property=\"og:title\" content=\"Unterst\u00fctzen - Weltladen Greifswald\" \/>\n<meta property=\"og:description\" content=\"Du kannst uns auf viele Arten unterst\u00fctzen - als aktives Mitglied direkt vor Ort oder auch als F\u00f6rdermitglied aus der Ferne!\" \/>\n<meta property=\"og:url\" content=\"https:\/\/weltlaeden.de\/greifswald\/unterstuetzen\/\" \/>\n<meta property=\"og:site_name\" content=\"Weltladen Greifswald\" \/>\n<meta property=\"article:modified_time\" content=\"2025-11-23T22:14:03+00:00\" \/>\n<meta property=\"og:image\" content=\"https:\/\/weltlaeden.de\/greifswald\/wp-content\/uploads\/sites\/167\/2019\/03\/Unbenannt-e1676142857102.png\" \/>\n\t<meta property=\"og:image:width\" content=\"433\" \/>\n\t<meta property=\"og:image:height\" content=\"550\" \/>\n\t<meta property=\"og:image:type\" content=\"image\/png\" \/>\n<meta name=\"twitter:card\" content=\"summary_large_image\" \/>\n<meta name=\"twitter:label1\" content=\"Gesch\u00e4tzte Lesezeit\" \/>\n\t<meta name=\"twitter:data1\" content=\"1\u00a0Minute\" \/>\n<script type=\"application\/ld+json\" class=\"yoast-schema-graph\">{\"@context\":\"https:\/\/schema.org\",\"@graph\":[{\"@type\":\"WebPage\",\"@id\":\"https:\/\/weltlaeden.de\/greifswald\/unterstuetzen\/\",\"url\":\"https:\/\/weltlaeden.de\/greifswald\/unterstuetzen\/\",\"name\":\"Unterst\u00fctzen - Weltladen Greifswald\",\"isPartOf\":{\"@id\":\"https:\/\/weltlaeden.de\/greifswald\/#website\"},\"primaryImageOfPage\":{\"@id\":\"https:\/\/weltlaeden.de\/greifswald\/unterstuetzen\/#primaryimage\"},\"image\":{\"@id\":\"https:\/\/weltlaeden.de\/greifswald\/unterstuetzen\/#primaryimage\"},\"thumbnailUrl\":\"https:\/\/weltlaeden.de\/greifswald\/wp-content\/uploads\/sites\/167\/2019\/03\/Unbenannt-e1676142857102.png\",\"datePublished\":\"2025-11-14T09:01:57+00:00\",\"dateModified\":\"2025-11-23T22:14:03+00:00\",\"description\":\"Du kannst uns auf viele Arten unterst\u00fctzen - als aktives Mitglied direkt vor Ort oder auch als F\u00f6rdermitglied aus der Ferne!\",\"breadcrumb\":{\"@id\":\"https:\/\/weltlaeden.de\/greifswald\/unterstuetzen\/#breadcrumb\"},\"inLanguage\":\"de\",\"potentialAction\":[{\"@type\":\"ReadAction\",\"target\":[\"https:\/\/weltlaeden.de\/greifswald\/unterstuetzen\/\"]}]},{\"@type\":\"ImageObject\",\"inLanguage\":\"de\",\"@id\":\"https:\/\/weltlaeden.de\/greifswald\/unterstuetzen\/#primaryimage\",\"url\":\"https:\/\/weltlaeden.de\/greifswald\/wp-content\/uploads\/sites\/167\/2019\/03\/Unbenannt-e1676142857102.png\",\"contentUrl\":\"https:\/\/weltlaeden.de\/greifswald\/wp-content\/uploads\/sites\/167\/2019\/03\/Unbenannt-e1676142857102.png\",\"width\":433,\"height\":550},{\"@type\":\"BreadcrumbList\",\"@id\":\"https:\/\/weltlaeden.de\/greifswald\/unterstuetzen\/#breadcrumb\",\"itemListElement\":[{\"@type\":\"ListItem\",\"position\":1,\"name\":\"Startseite\",\"item\":\"https:\/\/weltlaeden.de\/greifswald\/\"},{\"@type\":\"ListItem\",\"position\":2,\"name\":\"Unterst\u00fctzen\"}]},{\"@type\":\"WebSite\",\"@id\":\"https:\/\/weltlaeden.de\/greifswald\/#website\",\"url\":\"https:\/\/weltlaeden.de\/greifswald\/\",\"name\":\"Weltladen Greifswald\",\"description\":\"Faire Produkte seit 1990\",\"potentialAction\":[{\"@type\":\"SearchAction\",\"target\":{\"@type\":\"EntryPoint\",\"urlTemplate\":\"https:\/\/weltlaeden.de\/greifswald\/?s={search_term_string}\"},\"query-input\":{\"@type\":\"PropertyValueSpecification\",\"valueRequired\":true,\"valueName\":\"search_term_string\"}}],\"inLanguage\":\"de\"}]}<\/script>\n<!-- \/ Yoast SEO plugin. -->","yoast_head_json":{"title":"Unterst\u00fctzen - Weltladen Greifswald","description":"Du kannst uns auf viele Arten unterst\u00fctzen - als aktives Mitglied direkt vor Ort oder auch als F\u00f6rdermitglied aus der Ferne!","robots":{"index":"index","follow":"follow","max-snippet":"max-snippet:-1","max-image-preview":"max-image-preview:large","max-video-preview":"max-video-preview:-1"},"canonical":"https:\/\/weltlaeden.de\/greifswald\/unterstuetzen\/","og_locale":"de_DE","og_type":"article","og_title":"Unterst\u00fctzen - Weltladen Greifswald","og_description":"Du kannst uns auf viele Arten unterst\u00fctzen - als aktives Mitglied direkt vor Ort oder auch als F\u00f6rdermitglied aus der Ferne!","og_url":"https:\/\/weltlaeden.de\/greifswald\/unterstuetzen\/","og_site_name":"Weltladen Greifswald","article_modified_time":"2025-11-23T22:14:03+00:00","og_image":[{"width":433,"height":550,"url":"https:\/\/weltlaeden.de\/greifswald\/wp-content\/uploads\/sites\/167\/2019\/03\/Unbenannt-e1676142857102.png","type":"image\/png"}],"twitter_card":"summary_large_image","twitter_misc":{"Gesch\u00e4tzte Lesezeit":"1\u00a0Minute"},"schema":{"@context":"https:\/\/schema.org","@graph":[{"@type":"WebPage","@id":"https:\/\/weltlaeden.de\/greifswald\/unterstuetzen\/","url":"https:\/\/weltlaeden.de\/greifswald\/unterstuetzen\/","name":"Unterst\u00fctzen - Weltladen Greifswald","isPartOf":{"@id":"https:\/\/weltlaeden.de\/greifswald\/#website"},"primaryImageOfPage":{"@id":"https:\/\/weltlaeden.de\/greifswald\/unterstuetzen\/#primaryimage"},"image":{"@id":"https:\/\/weltlaeden.de\/greifswald\/unterstuetzen\/#primaryimage"},"thumbnailUrl":"https:\/\/weltlaeden.de\/greifswald\/wp-content\/uploads\/sites\/167\/2019\/03\/Unbenannt-e1676142857102.png","datePublished":"2025-11-14T09:01:57+00:00","dateModified":"2025-11-23T22:14:03+00:00","description":"Du kannst uns auf viele Arten unterst\u00fctzen - als aktives Mitglied direkt vor Ort oder auch als F\u00f6rdermitglied aus der Ferne!","breadcrumb":{"@id":"https:\/\/weltlaeden.de\/greifswald\/unterstuetzen\/#breadcrumb"},"inLanguage":"de","potentialAction":[{"@type":"ReadAction","target":["https:\/\/weltlaeden.de\/greifswald\/unterstuetzen\/"]}]},{"@type":"ImageObject","inLanguage":"de","@id":"https:\/\/weltlaeden.de\/greifswald\/unterstuetzen\/#primaryimage","url":"https:\/\/weltlaeden.de\/greifswald\/wp-content\/uploads\/sites\/167\/2019\/03\/Unbenannt-e1676142857102.png","contentUrl":"https:\/\/weltlaeden.de\/greifswald\/wp-content\/uploads\/sites\/167\/2019\/03\/Unbenannt-e1676142857102.png","width":433,"height":550},{"@type":"BreadcrumbList","@id":"https:\/\/weltlaeden.de\/greifswald\/unterstuetzen\/#breadcrumb","itemListElement":[{"@type":"ListItem","position":1,"name":"Startseite","item":"https:\/\/weltlaeden.de\/greifswald\/"},{"@type":"ListItem","position":2,"name":"Unterst\u00fctzen"}]},{"@type":"WebSite","@id":"https:\/\/weltlaeden.de\/greifswald\/#website","url":"https:\/\/weltlaeden.de\/greifswald\/","name":"Weltladen Greifswald","description":"Faire Produkte seit 1990","potentialAction":[{"@type":"SearchAction","target":{"@type":"EntryPoint","urlTemplate":"https:\/\/weltlaeden.de\/greifswald\/?s={search_term_string}"},"query-input":{"@type":"PropertyValueSpecification","valueRequired":true,"valueName":"search_term_string"}}],"inLanguage":"de"}]}},"_links":{"self":[{"href":"https:\/\/weltlaeden.de\/greifswald\/wp-json\/wp\/v2\/pages\/1362","targetHints":{"allow":["GET"]}}],"collection":[{"href":"https:\/\/weltlaeden.de\/greifswald\/wp-json\/wp\/v2\/pages"}],"about":[{"href":"https:\/\/weltlaeden.de\/greifswald\/wp-json\/wp\/v2\/types\/page"}],"author":[{"embeddable":true,"href":"https:\/\/weltlaeden.de\/greifswald\/wp-json\/wp\/v2\/users\/14"}],"replies":[{"embeddable":true,"href":"https:\/\/weltlaeden.de\/greifswald\/wp-json\/wp\/v2\/comments?post=1362"}],"version-history":[{"count":4,"href":"https:\/\/weltlaeden.de\/greifswald\/wp-json\/wp\/v2\/pages\/1362\/revisions"}],"predecessor-version":[{"id":1387,"href":"https:\/\/weltlaeden.de\/greifswald\/wp-json\/wp\/v2\/pages\/1362\/revisions\/1387"}],"wp:attachment":[{"href":"https:\/\/weltlaeden.de\/greifswald\/wp-json\/wp\/v2\/media?parent=1362"}],"curies":[{"name":"wp","href":"https:\/\/api.w.org\/{rel}","templated":true}]}}