{"id":426,"date":"2019-02-03T11:41:47","date_gmt":"2019-02-03T10:41:47","guid":{"rendered":"https:\/\/weltlaeden.de\/goeppingen\/?page_id=426"},"modified":"2019-02-03T12:34:57","modified_gmt":"2019-02-03T11:34:57","slug":"vereinssatzung","status":"publish","type":"page","link":"https:\/\/weltlaeden.de\/goeppingen\/ueber-uns\/vereinssatzung\/","title":{"rendered":"Vereinssatzung"},"content":{"rendered":"<div class=\"wpb-content-wrapper\"><p>[vc_row][vc_column][vc_column_text]<\/p>\n<h1 class=\"gross\" style=\"text-align: left\" align=\"center\"><strong>INITIATIVE EINE WELT e.V. G\u00f6ppingen<\/strong><\/h1>\n<p class=\"normal\" style=\"text-align: left\">Satzung vom 16.04.2018<\/p>\n<h4 style=\"text-align: left\"><strong>\u00a7 l Name<\/strong><\/h4>\n<p style=\"text-align: left\">Der Verein nennt sich &#8222;Initiative Eine Welt e.V. G\u00f6ppingen\u201c<\/p>\n<h4 style=\"text-align: left\"><strong>\u00a7 2 Sitz, Vertretung, Gesch\u00e4ftsjahr<\/strong><\/h4>\n<p style=\"text-align: left\">Der Verein hat seinen Sitz in G\u00f6ppingen. Er ist ein eingetragener Verein.<br \/>\nDer Verein wird gerichtlich und au\u00dfergerichtlich durch den Vorstand vertreten. Der\/die Vorsitzende des Vereins und sein\/seine Stellvertreter*in k\u00f6nnen den Verein einzeln vertreten, weitere Mitglieder des Vorstands jeweils nur zu zweit.<br \/>\nDas Gesch\u00e4ftsjahr ist das Kalenderjahr.<\/p>\n<h4 style=\"text-align: left\"><strong>\u00a7 3 Vereinszweck<\/strong><\/h4>\n<p style=\"text-align: left\">Der Verein f\u00f6rdert internationale Gesinnung durch das Eintreten f\u00fcr Frieden und Gerechtigkeit in unserer Welt und durch Initiativen f\u00fcr ein partnerschaftliches Zusammenleben. Insbesondere,<\/p>\n<ul>\n<li style=\"text-align: left\">informiert er \u00fcber Probleme der L\u00e4nder des Globalen S\u00fcdens und Zusammenh\u00e4nge zwischen ihnen und den Industrienationen. Dies geschieht durch \u00f6ffentliche Veranstaltungen und die Unterhaltung eines Informationszentrums.<\/li>\n<li style=\"text-align: left\">unterst\u00fctzt er Projekte von gemeinn\u00fctzigen, sozialkaritativen oder genossenschaftlichen Institutionen in L\u00e4ndern des Globalen S\u00fcdens.<\/li>\n<li style=\"text-align: left\">f\u00f6rdert er den Fairen Handel.<\/li>\n<\/ul>\n<h4><strong>\u00a7 4 Gemeinn\u00fctzigkeit<\/strong><\/h4>\n<p>Der Verein verfolgt ausschlie\u00dflich und unmittelbar gemeinn\u00fctzige Zwecke in Sinne des Abschnitts &#8222;Steuerbeg\u00fcnstigte Zwecke&#8220; der Abgabenordnung.<br \/>\nDer Verein ist selbstlos t\u00e4tig; er verfolgt nicht in erster Linie eigenwirtschaftliche Zwecke.<br \/>\nMittel des Vereins d\u00fcrfen nur f\u00fcr die satzungsm\u00e4\u00dfigen Zwecke verwendet werden. Die Mitglieder erhalten keine Zuwendungen aus Mitteln des Vereins. Bei ihrem Ausscheiden oder bei Aufl\u00f6sung oder Aufhebung des Vereins haben sie keinerlei Anspruch auf das Vereinsverm\u00f6gen.<br \/>\nNiemand darf durch Ausgaben, die dem Zweck des Vereins fremd sind, oder durch unverh\u00e4ltnism\u00e4\u00dfig hohe Verg\u00fctungen beg\u00fcnstigt werden.<\/p>\n<h4><strong>\u00a7 5 Mitgliedschaft<\/strong><\/h4>\n<p>Ordentliche Mitglieder k\u00f6nnen nat\u00fcrliche Personen werden, die den Zwecken und Zielen der Vereinsarbeit zustimmen.<br \/>\nAu\u00dferordentliche Mitglieder k\u00f6nnen juristische Personen werden, die den Zwecken und Zielen der Vereinsarbeit zustimmen.<br \/>\n\u00dcber die Aufnahme nat\u00fcrlicher Personen entscheidet auf Antrag der Vorstand. Gegen eine Ablehnung, welche schriftlich erfolgen soll, kann die Mitgliederversammlung angerufen werden. \u00dcber die Aufnahme juristischer Personen entscheidet auf deren Antrag die Mitgliederversammlung.<br \/>\nDie Mitgliedschaft endet au\u00dfer durch Tod durch schriftliche Austrittserkl\u00e4rung, durch Ausschluss seitens der Mitgliederversammlung bei vereinssch\u00e4digendem Verhalten.<br \/>\nDer Austritt ist bis zum Ende des jeweiligen Monats m\u00f6glich. Der Ausschluss eines Mitglieds kann nur mit einer Mehrheit von 2\/3 der auf einer Mitgliederversammlung abgegebenen Stimmen beschlossen werden, wenn die Frage des Ausschlusses auf der Tagesordnung gestanden hat.<br \/>\nJedes Mitglied verpflichtet sich zur Zahlung eines Jahresbeitrages.<\/p>\n<h4><strong>\u00a7 6 Organe des Vereins<\/strong><\/h4>\n<p>Organe des Vereins sind:<\/p>\n<ul>\n<li>die Mitgliederversammlung,<\/li>\n<li>der Vorstand.<\/li>\n<\/ul>\n<h4><strong>\u00a7 7 Mitgliederversammlung (MV)<\/strong><\/h4>\n<p>Die ordentliche MV findet einmal j\u00e4hrlich statt. Eine au\u00dferordentliche MV kann vom Vorstand einberufen werden. Auf schriftliches Verlangen von einem Viertel oder 20 der Mitglieder ist sie einzuberufen.<br \/>\nMitgliederversammlungen sind den Mitgliedern unter Beif\u00fcgung eines Tagesordnungsvorschlages schriftlich anzuk\u00fcndigen; die Ank\u00fcndigung muss 14 Tage vor der Versammlung abgesandt werden. Als schriftliche Einladung gilt auch eine Einladung per E-Mail.<\/p>\n<p>Die Mitgliederversammlung<br \/>\n(a) w\u00e4hlt den Vorstand,<br \/>\n(b) bestimmt die Richtlinien f\u00fcr die Arbeit des Vereins gem\u00e4\u00df \u00a7 3,<br \/>\n(c) nimmt den T\u00e4tigkeitsbericht des Vorstands entgegen und entlastet den Vorstand,<br \/>\n(d) setzt die Beitr\u00e4ge fest und \u00fcberwacht die Kassenf\u00fchrung,<br \/>\n(e) bestimmt \u00fcber die Versammlungsleitung.<\/p>\n<p>Die Beschl\u00fcsse werden protokolliert und vom Sitzungsleiter unterzeichnet.<\/p>\n<p>Die MV ist beschlussf\u00e4hig, wenn mindestens 15 Mitglieder anwesend sind. Sie beschlie\u00dft mit einfacher Mehrheit der abgegebenen Stimmen. Zu Satzungs\u00e4nderungen sind 2\/3 der Stimmen der anwesenden Mitglieder, jedoch mindestens 14 Stimmen erforderlich. Zur Aufl\u00f6sung des Vereins bedarf es 2\/3 der Stimmen aller Mitglieder.<\/p>\n<p>Die Antr\u00e4ge auf Satzungs\u00e4nderung oder Aufl\u00f6sung m\u00fcssen mit der Einladung zur MV allen Mitgliedern bekannt gegeben werden und sind schriftlich beim Vorstand einzureichen.<\/p>\n<p>Die Mitglieder \u00fcben ihr Stimmrecht pers\u00f6nlich aus.<\/p>\n<p>Ist eine Mitgliederversammlung nicht beschlussf\u00e4hig, so muss der Vorstand eine neue MV mit derselben Tagesordnung &#8211; jedoch nicht vor Ablauf einer Frist von 3 Wochen &#8211; einberufen. Diese ist dann in jedem Fall beschlussf\u00e4hig.<\/p>\n<h4><strong>\u00a7 8 Der Vorstand<\/strong><\/h4>\n<p>(1) Zusammensetzung und Aufgaben<\/p>\n<p>(a) Der Vorstand besteht aus drei Mitgliedern: dem\/der Vorsitzenden, seinem\/seiner Stellvertreter*in (gleichzeitig Schriftf\u00fchrer*in) und dem\/der Kassierer*in.<\/p>\n<p>(b) Der Vorstand koordiniert die Vereinsarbeit. Er ist an die Beschl\u00fcsse der MV gebunden und f\u00fchrt die laufenden Gesch\u00e4fte.<\/p>\n<p>(c) Der Vorstand kann f\u00fcr seine Arbeit eine Gesch\u00e4ftsordnung erstellen.<\/p>\n<p>(d) Der Vorstand hat jeder MV \u00fcber seine T\u00e4tigkeit seit der vorangegangenen MV Rechenschaft zu geben.<\/p>\n<p>(2) Wahlen und Amtszeiten<\/p>\n<p>(a) Die Vorstandsmitglieder werden f\u00fcr die Dauer eines Jahres gew\u00e4hlt. Sie bleiben auch nach ihrer Amtszeit bis zur Neuwahl im Amt. Wiederwahl ist m\u00f6glich.<\/p>\n<p>(b) Die Wahl erfolgt schriftlich und geheim. Gew\u00e4hlt sind die Bewerber mit der h\u00f6chsten Stimmenzahl.<\/p>\n<p>(c) Es werden gew\u00e4hlt:<br \/>\nim ersten Wahlgang der\/die Vorsitzende,<br \/>\nim zweiten Wahlgang seinen\/seine Stellvertreter*in und Schriftf\u00fchrer*in,<br \/>\nim dritten Wahlgang der\/die Kassierer*in.<\/p>\n<p>Mit Zustimmung der MV k\u00f6nnen alle drei Wahlg\u00e4nge gemeinsam ausgef\u00fchrt werden.<\/p>\n<p>(d) Scheidet ein Vorstandsmitglied vor Ablauf der Wahlperiode aus, so w\u00e4hlt eine f\u00fcr diesen Zweck einberufene MV einen Nachfolger.<\/p>\n<p>(e) Abwahl ist nur durch Wahl eines neuen Vorstands m\u00f6glich.<\/p>\n<h4><strong>\u00a7 9 Verm\u00f6gens\u00fcbergang<\/strong><\/h4>\n<p>Bei Aufl\u00f6sung oder Aufhebung des Vereins oder bei Wegfall seines bisherigen Zwecks f\u00e4llt das Vereinsverm\u00f6gen zu gleichen Teilen an:<\/p>\n<p>(a) die Aktion BROT F\u00dcR DIE WELT, Arbeitsgemeinschaft der ev. Landes- und Freikirchen in der BRD, Sitz Stuttgart,<\/p>\n<p>(b) die bisch\u00f6fliche Aktion MISEREOR der kath. Kirche in der BRD, Sitz Aachen,<\/p>\n<p>(c) TERRE DES HOMMES Deutschland e.V., Sitz Osnabr\u00fcck,<\/p>\n<p>die es f\u00fcr die in \u00a7 3 genannten Zwecke zu verwenden haben.[\/vc_column_text][\/vc_column][\/vc_row]<\/p>\n<\/div>","protected":false},"excerpt":{"rendered":"<p>[vc_row][vc_column][vc_column_text] INITIATIVE EINE WELT e.V. G\u00f6ppingen Satzung vom 16.04.2018 \u00a7 l Name Der Verein nennt sich &#8222;Initiative Eine Welt e.V. G\u00f6ppingen\u201c \u00a7 2 Sitz, Vertretung, Gesch\u00e4ftsjahr Der Verein hat seinen Sitz in G\u00f6ppingen. Er ist ein eingetragener Verein. Der Verein wird gerichtlich und au\u00dfergerichtlich durch den Vorstand vertreten. Der\/die Vorsitzende des Vereins und sein\/seine Stellvertreter*in&hellip;<\/p>\n","protected":false},"author":61,"featured_media":0,"parent":219,"menu_order":0,"comment_status":"closed","ping_status":"closed","template":"","meta":{"footnotes":""},"class_list":["post-426","page","type-page","status-publish","hentry","description-off"],"yoast_head":"<!-- This site is optimized with the Yoast SEO plugin v26.8 - https:\/\/yoast.com\/product\/yoast-seo-wordpress\/ -->\n<title>Vereinssatzung - Weltladen G\u00f6ppingen<\/title>\n<meta name=\"robots\" content=\"index, follow, max-snippet:-1, max-image-preview:large, max-video-preview:-1\" \/>\n<link rel=\"canonical\" href=\"https:\/\/weltlaeden.de\/goeppingen\/ueber-uns\/vereinssatzung\/\" \/>\n<meta property=\"og:locale\" content=\"de_DE\" \/>\n<meta property=\"og:type\" content=\"article\" \/>\n<meta property=\"og:title\" content=\"Vereinssatzung - Weltladen G\u00f6ppingen\" \/>\n<meta property=\"og:description\" content=\"[vc_row][vc_column][vc_column_text] INITIATIVE EINE WELT e.V. G\u00f6ppingen Satzung vom 16.04.2018 \u00a7 l Name Der Verein nennt sich &#8222;Initiative Eine Welt e.V. G\u00f6ppingen\u201c \u00a7 2 Sitz, Vertretung, Gesch\u00e4ftsjahr Der Verein hat seinen Sitz in G\u00f6ppingen. Er ist ein eingetragener Verein. Der Verein wird gerichtlich und au\u00dfergerichtlich durch den Vorstand vertreten. Der\/die Vorsitzende des Vereins und sein\/seine Stellvertreter*in&hellip;\" \/>\n<meta property=\"og:url\" content=\"https:\/\/weltlaeden.de\/goeppingen\/ueber-uns\/vereinssatzung\/\" \/>\n<meta property=\"og:site_name\" content=\"Weltladen G\u00f6ppingen\" \/>\n<meta property=\"article:modified_time\" content=\"2019-02-03T11:34:57+00:00\" \/>\n<meta name=\"twitter:card\" content=\"summary_large_image\" \/>\n<meta name=\"twitter:label1\" content=\"Gesch\u00e4tzte Lesezeit\" \/>\n\t<meta name=\"twitter:data1\" content=\"5\u00a0Minuten\" \/>\n<script type=\"application\/ld+json\" class=\"yoast-schema-graph\">{\"@context\":\"https:\/\/schema.org\",\"@graph\":[{\"@type\":\"WebPage\",\"@id\":\"https:\/\/weltlaeden.de\/goeppingen\/ueber-uns\/vereinssatzung\/\",\"url\":\"https:\/\/weltlaeden.de\/goeppingen\/ueber-uns\/vereinssatzung\/\",\"name\":\"Vereinssatzung - Weltladen G\u00f6ppingen\",\"isPartOf\":{\"@id\":\"https:\/\/weltlaeden.de\/goeppingen\/#website\"},\"datePublished\":\"2019-02-03T10:41:47+00:00\",\"dateModified\":\"2019-02-03T11:34:57+00:00\",\"breadcrumb\":{\"@id\":\"https:\/\/weltlaeden.de\/goeppingen\/ueber-uns\/vereinssatzung\/#breadcrumb\"},\"inLanguage\":\"de\",\"potentialAction\":[{\"@type\":\"ReadAction\",\"target\":[\"https:\/\/weltlaeden.de\/goeppingen\/ueber-uns\/vereinssatzung\/\"]}]},{\"@type\":\"BreadcrumbList\",\"@id\":\"https:\/\/weltlaeden.de\/goeppingen\/ueber-uns\/vereinssatzung\/#breadcrumb\",\"itemListElement\":[{\"@type\":\"ListItem\",\"position\":1,\"name\":\"Startseite\",\"item\":\"https:\/\/weltlaeden.de\/goeppingen\/\"},{\"@type\":\"ListItem\",\"position\":2,\"name\":\"Wir \u00fcber uns\",\"item\":\"https:\/\/weltlaeden.de\/goeppingen\/ueber-uns\/\"},{\"@type\":\"ListItem\",\"position\":3,\"name\":\"Vereinssatzung\"}]},{\"@type\":\"WebSite\",\"@id\":\"https:\/\/weltlaeden.de\/goeppingen\/#website\",\"url\":\"https:\/\/weltlaeden.de\/goeppingen\/\",\"name\":\"Vorlage\",\"description\":\"40 Jahre Initiative Eine Welt e.V. G\u00f6ppingen  und Weltladen G\u00f6ppingen\",\"potentialAction\":[{\"@type\":\"SearchAction\",\"target\":{\"@type\":\"EntryPoint\",\"urlTemplate\":\"https:\/\/weltlaeden.de\/goeppingen\/?s={search_term_string}\"},\"query-input\":{\"@type\":\"PropertyValueSpecification\",\"valueRequired\":true,\"valueName\":\"search_term_string\"}}],\"inLanguage\":\"de\"}]}<\/script>\n<!-- \/ Yoast SEO plugin. -->","yoast_head_json":{"title":"Vereinssatzung - Weltladen G\u00f6ppingen","robots":{"index":"index","follow":"follow","max-snippet":"max-snippet:-1","max-image-preview":"max-image-preview:large","max-video-preview":"max-video-preview:-1"},"canonical":"https:\/\/weltlaeden.de\/goeppingen\/ueber-uns\/vereinssatzung\/","og_locale":"de_DE","og_type":"article","og_title":"Vereinssatzung - Weltladen G\u00f6ppingen","og_description":"[vc_row][vc_column][vc_column_text] INITIATIVE EINE WELT e.V. G\u00f6ppingen Satzung vom 16.04.2018 \u00a7 l Name Der Verein nennt sich &#8222;Initiative Eine Welt e.V. G\u00f6ppingen\u201c \u00a7 2 Sitz, Vertretung, Gesch\u00e4ftsjahr Der Verein hat seinen Sitz in G\u00f6ppingen. Er ist ein eingetragener Verein. Der Verein wird gerichtlich und au\u00dfergerichtlich durch den Vorstand vertreten. Der\/die Vorsitzende des Vereins und sein\/seine Stellvertreter*in&hellip;","og_url":"https:\/\/weltlaeden.de\/goeppingen\/ueber-uns\/vereinssatzung\/","og_site_name":"Weltladen G\u00f6ppingen","article_modified_time":"2019-02-03T11:34:57+00:00","twitter_card":"summary_large_image","twitter_misc":{"Gesch\u00e4tzte Lesezeit":"5\u00a0Minuten"},"schema":{"@context":"https:\/\/schema.org","@graph":[{"@type":"WebPage","@id":"https:\/\/weltlaeden.de\/goeppingen\/ueber-uns\/vereinssatzung\/","url":"https:\/\/weltlaeden.de\/goeppingen\/ueber-uns\/vereinssatzung\/","name":"Vereinssatzung - Weltladen G\u00f6ppingen","isPartOf":{"@id":"https:\/\/weltlaeden.de\/goeppingen\/#website"},"datePublished":"2019-02-03T10:41:47+00:00","dateModified":"2019-02-03T11:34:57+00:00","breadcrumb":{"@id":"https:\/\/weltlaeden.de\/goeppingen\/ueber-uns\/vereinssatzung\/#breadcrumb"},"inLanguage":"de","potentialAction":[{"@type":"ReadAction","target":["https:\/\/weltlaeden.de\/goeppingen\/ueber-uns\/vereinssatzung\/"]}]},{"@type":"BreadcrumbList","@id":"https:\/\/weltlaeden.de\/goeppingen\/ueber-uns\/vereinssatzung\/#breadcrumb","itemListElement":[{"@type":"ListItem","position":1,"name":"Startseite","item":"https:\/\/weltlaeden.de\/goeppingen\/"},{"@type":"ListItem","position":2,"name":"Wir \u00fcber uns","item":"https:\/\/weltlaeden.de\/goeppingen\/ueber-uns\/"},{"@type":"ListItem","position":3,"name":"Vereinssatzung"}]},{"@type":"WebSite","@id":"https:\/\/weltlaeden.de\/goeppingen\/#website","url":"https:\/\/weltlaeden.de\/goeppingen\/","name":"Vorlage","description":"40 Jahre Initiative Eine Welt e.V. G\u00f6ppingen  und Weltladen G\u00f6ppingen","potentialAction":[{"@type":"SearchAction","target":{"@type":"EntryPoint","urlTemplate":"https:\/\/weltlaeden.de\/goeppingen\/?s={search_term_string}"},"query-input":{"@type":"PropertyValueSpecification","valueRequired":true,"valueName":"search_term_string"}}],"inLanguage":"de"}]}},"_links":{"self":[{"href":"https:\/\/weltlaeden.de\/goeppingen\/wp-json\/wp\/v2\/pages\/426","targetHints":{"allow":["GET"]}}],"collection":[{"href":"https:\/\/weltlaeden.de\/goeppingen\/wp-json\/wp\/v2\/pages"}],"about":[{"href":"https:\/\/weltlaeden.de\/goeppingen\/wp-json\/wp\/v2\/types\/page"}],"author":[{"embeddable":true,"href":"https:\/\/weltlaeden.de\/goeppingen\/wp-json\/wp\/v2\/users\/61"}],"replies":[{"embeddable":true,"href":"https:\/\/weltlaeden.de\/goeppingen\/wp-json\/wp\/v2\/comments?post=426"}],"version-history":[{"count":3,"href":"https:\/\/weltlaeden.de\/goeppingen\/wp-json\/wp\/v2\/pages\/426\/revisions"}],"predecessor-version":[{"id":457,"href":"https:\/\/weltlaeden.de\/goeppingen\/wp-json\/wp\/v2\/pages\/426\/revisions\/457"}],"up":[{"embeddable":true,"href":"https:\/\/weltlaeden.de\/goeppingen\/wp-json\/wp\/v2\/pages\/219"}],"wp:attachment":[{"href":"https:\/\/weltlaeden.de\/goeppingen\/wp-json\/wp\/v2\/media?parent=426"}],"curies":[{"name":"wp","href":"https:\/\/api.w.org\/{rel}","templated":true}]}}