{"id":20,"date":"2019-04-14T09:05:47","date_gmt":"2019-04-14T07:05:06","guid":{"rendered":"https:\/\/wl.heimpixel.de\/vorlage\/weltladen-musterdorf\/"},"modified":"2025-09-21T08:56:27","modified_gmt":"2025-09-21T06:56:27","slug":"weltladen-musterdorf","status":"publish","type":"page","link":"https:\/\/weltlaeden.de\/goeppingen\/","title":{"rendered":"Weltladen G\u00f6ppingen"},"content":{"rendered":"<div class=\"wpb-content-wrapper\"><p>[vc_row][vc_column][vc_raw_html css=&#8220;&#8220;]JTNDaWZyYW1lJTIwc3JjJTNEJTIyaHR0cHMlM0ElMkYlMkZ3d3cuZ29vZ2xlLmNvbSUyRm1hcHMlMkZlbWJlZCUzRnBiJTNEJTIxNHYxNzI4NTgwMzIzMDA1JTIxNm04JTIxMW03JTIxMXNDQW9TTEVGR01WRnBjRTR0VEdNMllWbzFOV2swY1dSb2NFRkdWa0ZsZDFGTFdGbFdOMkpoTmxSQ1IxTk9VSGN6JTIxMm0yJTIxMWQ0OC43MDM5ODk2JTIxMmQ5LjY1Mjg3ODIlMjEzZjMwOS4yMTEwNzMyMzQxMTI2MyUyMTRmLTUuNzE2MzM0MjczMDQ5NDk3NSUyMTVmMC43ODIwODY1OTc0NjI3NDY5JTIyJTIwd2lkdGglM0QlMjI2MDAlMjIlMjBoZWlnaHQlM0QlMjI0NTAlMjIlMjBzdHlsZSUzRCUyMmJvcmRlciUzQTAlM0IlMjIlMjBhbGxvd2Z1bGxzY3JlZW4lM0QlMjIlMjIlMjBsb2FkaW5nJTNEJTIybGF6eSUyMiUyMHJlZmVycmVycG9saWN5JTNEJTIybm8tcmVmZXJyZXItd2hlbi1kb3duZ3JhZGUlMjIlM0UlM0MlMkZpZnJhbWUlM0U=[\/vc_raw_html][\/vc_column][\/vc_row][vc_row][vc_column][vc_column_text css=&#8220;&#8220;]<\/p>\n<p style=\"text-align: center\"><strong>\u00a0<\/strong><\/p>\n<p><span style=\"font-family: Calibri, serif\"><span style=\"font-size: small\"><span style=\"font-family: Tahoma, serif\">\u00a0<\/span><\/span><\/span><\/p>\n<h2 style=\"text-align: left\"><span style=\"color: #ff6600\"><strong><span class=\"groesser\">Herzlich Willkommen bei der Initiative Eine Welt e.V. G\u00f6ppingen !<\/span><\/strong><\/span><\/h2>\n<h2><\/h2>\n<p>&nbsp;<\/p>\n<h2 style=\"text-align: left\"><\/h2>\n<p>[\/vc_column_text][vc_empty_space height=&#8220;20px&#8220;][vc_column_text]<\/p>\n<h4><\/h4>\n<p>&nbsp;<\/p>\n<h4><strong><span style=\"color: #ff6600\">Weltladen G\u00f6ppingen<\/span><br \/>\n<\/strong><\/h4>\n<p>Der Weltladen G\u00f6ppingen l\u00e4dt Sie zu einer Entdeckungsreise rund um den Globus ein: So finden Sie bei uns Taschen aus Nepal und Indien, kunstvolle Specksteinarbeiten aus Kenia, hochwertige Textilien aus China, sowie Kunsthandwerk aus Holz, geflochtene K\u00f6rbe oder Keramik aus vielen L\u00e4ndern Afrikas, S\u00fcdamerikas oder Asien. Viele Produkte werden aus recycelten Materialien wie Reiss\u00e4cken oder Blechdosen hergestellt.<\/p>\n<p>In unserem reichhaltigen Sortiment an Lebensmitteln finden Sie Kaffee, Tee, Schokolade, frische Bananen, getrocknete Mangostreifen, H\u00fclsenfr\u00fcchte, N\u00fcsse und vieles mehr.<\/p>\n<p>Wir beziehen unsere Produkte von Importeuren, die vom Weltladendachverband gepr\u00fcft und im sogenannten Lieferantenkatalog positiv bewertet wurden.<\/p>\n<p>&nbsp;<\/p>\n<p>&nbsp;<\/p>\n<h2><strong>Selbstverst\u00e4ndlich k\u00f6nnen Sie auch bei uns Waren vorbestellen<br \/>\n<\/strong><\/h2>\n<p align=\"left\">Es geht ganz einfach:<\/p>\n<p align=\"left\">Sie schreiben uns eine Mail an<br \/>\n<strong>info@weltladen-goeppingen.de<\/strong><\/p>\n<p align=\"left\">oder rufen uns an unter der Telefonnummer <strong>07161-73686<\/strong><\/p>\n<p>&nbsp;<\/p>\n<p align=\"left\">Wir ben\u00f6tigen folgende Angaben:<\/p>\n<ul>\n<li>\n<p align=\"left\">Die Produkte, die Sie bestellen wollen<\/p>\n<\/li>\n<li>\n<p align=\"left\">Evtl. besondere W\u00fcnsche<\/p>\n<\/li>\n<li>\n<p align=\"left\">Ihr <b>Name und Ihre Adresse<\/b><\/p>\n<\/li>\n<li>\n<p align=\"left\"><b>Ihre Telefonnummer <\/b>(f\u00fcr R\u00fcckfragen)<\/p>\n<p>&nbsp;<\/li>\n<\/ul>\n<p align=\"left\">Wir stellen die Ware zusammen und halten sie zur Abholung bereit.<\/p>\n<p>[\/vc_column_text][vc_empty_space height=&#8220;50px&#8220;][vc_row_inner][vc_column_inner width=&#8220;1\/4&#8243;][vc_single_image image=&#8220;543&#8243; img_size=&#8220;150&#215;100&#8243;][\/vc_column_inner][vc_column_inner width=&#8220;1\/4&#8243;][vc_single_image image=&#8220;542&#8243; img_size=&#8220;150&#215;100&#8243;][\/vc_column_inner][vc_column_inner width=&#8220;1\/4&#8243;][vc_single_image image=&#8220;541&#8243; img_size=&#8220;150&#215;100&#8243;][\/vc_column_inner][vc_column_inner width=&#8220;1\/4&#8243;][vc_single_image image=&#8220;540&#8243; img_size=&#8220;150&#215;100&#8243;][\/vc_column_inner][\/vc_row_inner][vc_empty_space height=&#8220;150px&#8220;][vc_row_inner][vc_column_inner width=&#8220;1\/4&#8243;][vc_single_image image=&#8220;545&#8243; img_size=&#8220;300&#215;200&#8243;][\/vc_column_inner][vc_column_inner width=&#8220;3\/4&#8243;][vc_column_text css=&#8220;&#8220;]<\/p>\n<h1 style=\"text-align: center\"><span style=\"color: #ff6600\"><strong>Aktuelles aus dem Weltladen\u00a0<\/strong><\/span><\/h1>\n<h2 style=\"text-align: center\"><span style=\"color: #ff6600\"><strong>Bilder von unseren Veranstaltungen<\/strong><\/span><\/h2>\n<p>[\/vc_column_text][\/vc_column_inner][\/vc_row_inner][vc_empty_space height=&#8220;25px&#8220;][vc_row_inner][vc_column_inner width=&#8220;1\/4&#8243;][vc_single_image image=&#8220;1077&#8243; img_size=&#8220;150&#215;100&#8243; css=&#8220;&#8220;][\/vc_column_inner][vc_column_inner width=&#8220;1\/4&#8243;][vc_single_image image=&#8220;1076&#8243; img_size=&#8220;150&#215;100&#8243; css=&#8220;&#8220;][\/vc_column_inner][vc_column_inner width=&#8220;1\/4&#8243;][vc_single_image image=&#8220;1075&#8243; img_size=&#8220;150&#215;100&#8243; css=&#8220;&#8220;][\/vc_column_inner][vc_column_inner width=&#8220;1\/4&#8243;][vc_single_image image=&#8220;1074&#8243; img_size=&#8220;150&#215;100&#8243; css=&#8220;&#8220;][\/vc_column_inner][\/vc_row_inner][vc_row_inner][vc_column_inner width=&#8220;1\/4&#8243;][vc_single_image image=&#8220;1073&#8243; img_size=&#8220;150&#215;100&#8243; css=&#8220;&#8220;][\/vc_column_inner][vc_column_inner width=&#8220;1\/4&#8243;][vc_single_image image=&#8220;1058&#8243; img_size=&#8220;150&#215;100&#8243; css=&#8220;&#8220;][\/vc_column_inner][vc_column_inner width=&#8220;1\/4&#8243;][vc_single_image image=&#8220;1070&#8243; img_size=&#8220;150&#215;100&#8243; css=&#8220;&#8220;][\/vc_column_inner][vc_column_inner width=&#8220;1\/4&#8243;][vc_single_image image=&#8220;1078&#8243; img_size=&#8220;150&#215;100&#8243; css=&#8220;&#8220;][\/vc_column_inner][\/vc_row_inner][vc_empty_space height=&#8220;50px&#8220;][\/vc_column][\/vc_row][vc_row][vc_column][vc_separator border_width=&#8220;2&#8243;][vc_empty_space height=&#8220;20px&#8220;][vc_row_inner equal_height=&#8220;yes&#8220;][vc_column_inner width=&#8220;1\/4&#8243;][vc_column_text][\/vc_column_text][vc_single_image image=&#8220;1070&#8243; img_size=&#8220;150&#215;100&#8243; onclick=&#8220;custom_link&#8220; css=&#8220;.vc_custom_1758436914850{margin-top: 0px !important;}&#8220; link=&#8220;https:\/\/www.weltladen.de\/politik-veraendern\/initiative-lieferkettengesetz\/&#8220;][\/vc_column_inner][vc_column_inner width=&#8220;3\/4&#8243;][vc_column_text css=&#8220;&#8220;]<\/p>\n<h1><span style=\"color: #ff6600\"><strong>Viele interessante Begegnungen beim fairen Fr\u00fchst\u00fcck<\/strong><\/span><\/h1>\n<p>Im Rahmen der bundesweiten fairen Woche in G\u00f6ppingen kamen viele Interessierte zum fairen Fr\u00fchst\u00fcck am Samstag, 20.9.. Sie konnten nicht nur fairen Kaffee oder Tee bzw. Saft und\u00a0 herzhafte und s\u00fc\u00dfe Brotaufstriche genie\u00dfen. Es ergab sich auch eine nette Gemeinschaft mit anregenden Gespr\u00e4chen. Ein besonderer Gast war Maria Skaroupka-Liesche mit einer K\u00f6nigsfigur aus Holz. Sie f\u00fchrte in die Kunstausstellung zum Thema &#8222;Menschenw\u00fcrde&#8220; ein, die zur Zeit im Gemeindehaus in St. Maria stattfindet. Diese Kooperation mit der katholischen Erwachsenenbildung im Rahmen der interkulturellen Woche mit dem Motto &#8222;daf\u00fcr&#8220; verdeutlicht unser gemeinsames Anliegen: Das Eintreten f\u00fcr die Menschenw\u00fcrde und den respektvollen Umgang im Miteinander in G\u00f6ppingen und weltweit. Daf\u00fcr arbeiten wir im Weltladen und daf\u00fcr steht das Motto der fairen Woche: Vielfalt erleben![\/vc_column_text][\/vc_column_inner][\/vc_row_inner][vc_separator border_width=&#8220;2&#8243;][vc_empty_space height=&#8220;20px&#8220;][vc_row_inner equal_height=&#8220;yes&#8220;][vc_column_inner width=&#8220;1\/4&#8243;][vc_single_image image=&#8220;1060&#8243; css=&#8220;&#8220;][\/vc_column_inner][vc_column_inner el_class=&#8220;Agraprofit &#8211; der Kurzfilm zur Kampagne Diese satirische Kurzdokumentation berichtet \u00fcber eine Aktion des fiktiven Unternehmens Agraprofit, die auf dem Wochenmarkt einer deutschen Gro\u00dfstadt durchgef\u00fchrt wurde. Das fiktive Unternehmen &#8222;Agraprofit&#8222; hat ein innovatives Verkaufskonzept: Richtig billige Produkte und gleichzeitig volle Transparenz der Produktionskette. Keine Ausreden, nichts wird verschwiegen. Schauen Sie doch mal, wie die Passanten auf &#8222;Agraprofits&#8222; Werbung reagieren. zum Film&#8220; width=&#8220;3\/4&#8243;][vc_column_text css=&#8220;&#8220;]<\/p>\n<h1><span style=\"color: #ff6600\"><strong>Vorfreude auf den Herbst und Weihnachten<\/strong><\/span><\/h1>\n<p>Bei der Ordermesse in Gerlingen pr\u00e4sentierten die Partnerfirmen der Weltl\u00e4den Ihre Waren f\u00fcr die Wintersaison. Wir haben reichlich bestellt und freuen uns schon auf ansprechende und leckere Angebot f\u00fcr den Herbst und Weihnachen.[\/vc_column_text][\/vc_column_inner][\/vc_row_inner][vc_separator border_width=&#8220;2&#8243;][\/vc_column][\/vc_row][vc_row][vc_column][\/vc_column][\/vc_row]<\/p>\n<\/div>","protected":false},"excerpt":{"rendered":"<p>[vc_row][vc_column][vc_raw_html css=&#8220;&#8220;]JTNDaWZyYW1lJTIwc3JjJTNEJTIyaHR0cHMlM0ElMkYlMkZ3d3cuZ29vZ2xlLmNvbSUyRm1hcHMlMkZlbWJlZCUzRnBiJTNEJTIxNHYxNzI4NTgwMzIzMDA1JTIxNm04JTIxMW03JTIxMXNDQW9TTEVGR01WRnBjRTR0VEdNMllWbzFOV2swY1dSb2NFRkdWa0ZsZDFGTFdGbFdOMkpoTmxSQ1IxTk9VSGN6JTIxMm0yJTIxMWQ0OC43MDM5ODk2JTIxMmQ5LjY1Mjg3ODIlMjEzZjMwOS4yMTEwNzMyMzQxMTI2MyUyMTRmLTUuNzE2MzM0MjczMDQ5NDk3NSUyMTVmMC43ODIwODY1OTc0NjI3NDY5JTIyJTIwd2lkdGglM0QlMjI2MDAlMjIlMjBoZWlnaHQlM0QlMjI0NTAlMjIlMjBzdHlsZSUzRCUyMmJvcmRlciUzQTAlM0IlMjIlMjBhbGxvd2Z1bGxzY3JlZW4lM0QlMjIlMjIlMjBsb2FkaW5nJTNEJTIybGF6eSUyMiUyMHJlZmVycmVycG9saWN5JTNEJTIybm8tcmVmZXJyZXItd2hlbi1kb3duZ3JhZGUlMjIlM0UlM0MlMkZpZnJhbWUlM0U=[\/vc_raw_html][\/vc_column][\/vc_row][vc_row][vc_column][vc_column_text css=&#8220;&#8220;] \u00a0 \u00a0 Herzlich Willkommen bei der Initiative Eine Welt e.V. G\u00f6ppingen ! &nbsp; [\/vc_column_text][vc_empty_space height=&#8220;20px&#8220;][vc_column_text] &nbsp; Weltladen G\u00f6ppingen Der Weltladen G\u00f6ppingen l\u00e4dt Sie zu einer Entdeckungsreise rund um den Globus ein: So finden Sie bei uns Taschen aus Nepal und Indien, kunstvolle Specksteinarbeiten aus Kenia, hochwertige Textilien aus China, sowie Kunsthandwerk aus&hellip;<\/p>\n","protected":false},"author":1,"featured_media":1070,"parent":0,"menu_order":0,"comment_status":"closed","ping_status":"closed","template":"","meta":{"footnotes":""},"class_list":["post-20","page","type-page","status-publish","has-post-thumbnail","hentry","description-off"],"yoast_head":"<!-- This site is optimized with the Yoast SEO plugin v26.8 - https:\/\/yoast.com\/product\/yoast-seo-wordpress\/ -->\n<title>Weltladen G\u00f6ppingen - Weltladen G\u00f6ppingen<\/title>\n<meta name=\"robots\" content=\"index, follow, max-snippet:-1, max-image-preview:large, max-video-preview:-1\" \/>\n<link rel=\"canonical\" href=\"https:\/\/weltlaeden.de\/goeppingen\/\" \/>\n<meta property=\"og:locale\" content=\"de_DE\" \/>\n<meta property=\"og:type\" content=\"article\" \/>\n<meta property=\"og:title\" content=\"Weltladen G\u00f6ppingen - Weltladen G\u00f6ppingen\" \/>\n<meta property=\"og:description\" content=\"[vc_row][vc_column][vc_raw_html css=&#8220;&#8220;]JTNDaWZyYW1lJTIwc3JjJTNEJTIyaHR0cHMlM0ElMkYlMkZ3d3cuZ29vZ2xlLmNvbSUyRm1hcHMlMkZlbWJlZCUzRnBiJTNEJTIxNHYxNzI4NTgwMzIzMDA1JTIxNm04JTIxMW03JTIxMXNDQW9TTEVGR01WRnBjRTR0VEdNMllWbzFOV2swY1dSb2NFRkdWa0ZsZDFGTFdGbFdOMkpoTmxSQ1IxTk9VSGN6JTIxMm0yJTIxMWQ0OC43MDM5ODk2JTIxMmQ5LjY1Mjg3ODIlMjEzZjMwOS4yMTEwNzMyMzQxMTI2MyUyMTRmLTUuNzE2MzM0MjczMDQ5NDk3NSUyMTVmMC43ODIwODY1OTc0NjI3NDY5JTIyJTIwd2lkdGglM0QlMjI2MDAlMjIlMjBoZWlnaHQlM0QlMjI0NTAlMjIlMjBzdHlsZSUzRCUyMmJvcmRlciUzQTAlM0IlMjIlMjBhbGxvd2Z1bGxzY3JlZW4lM0QlMjIlMjIlMjBsb2FkaW5nJTNEJTIybGF6eSUyMiUyMHJlZmVycmVycG9saWN5JTNEJTIybm8tcmVmZXJyZXItd2hlbi1kb3duZ3JhZGUlMjIlM0UlM0MlMkZpZnJhbWUlM0U=[\/vc_raw_html][\/vc_column][\/vc_row][vc_row][vc_column][vc_column_text css=&#8220;&#8220;] \u00a0 \u00a0 Herzlich Willkommen bei der Initiative Eine Welt e.V. G\u00f6ppingen ! &nbsp; [\/vc_column_text][vc_empty_space height=&#8220;20px&#8220;][vc_column_text] &nbsp; Weltladen G\u00f6ppingen Der Weltladen G\u00f6ppingen l\u00e4dt Sie zu einer Entdeckungsreise rund um den Globus ein: So finden Sie bei uns Taschen aus Nepal und Indien, kunstvolle Specksteinarbeiten aus Kenia, hochwertige Textilien aus China, sowie Kunsthandwerk aus&hellip;\" \/>\n<meta property=\"og:url\" content=\"https:\/\/weltlaeden.de\/goeppingen\/\" \/>\n<meta property=\"og:site_name\" content=\"Weltladen G\u00f6ppingen\" \/>\n<meta property=\"article:modified_time\" content=\"2025-09-21T06:56:27+00:00\" \/>\n<meta property=\"og:image\" content=\"https:\/\/weltlaeden.de\/goeppingen\/wp-content\/uploads\/sites\/38\/2025\/09\/20250920_095653-1-scaled.jpg\" \/>\n\t<meta property=\"og:image:width\" content=\"2560\" \/>\n\t<meta property=\"og:image:height\" content=\"1920\" \/>\n\t<meta property=\"og:image:type\" content=\"image\/jpeg\" \/>\n<meta name=\"twitter:card\" content=\"summary_large_image\" \/>\n<meta name=\"twitter:label1\" content=\"Gesch\u00e4tzte Lesezeit\" \/>\n\t<meta name=\"twitter:data1\" content=\"3\u00a0Minuten\" \/>\n<script type=\"application\/ld+json\" class=\"yoast-schema-graph\">{\"@context\":\"https:\/\/schema.org\",\"@graph\":[{\"@type\":\"WebPage\",\"@id\":\"https:\/\/weltlaeden.de\/goeppingen\/\",\"url\":\"https:\/\/weltlaeden.de\/goeppingen\/\",\"name\":\"Weltladen G\u00f6ppingen - Weltladen G\u00f6ppingen\",\"isPartOf\":{\"@id\":\"https:\/\/weltlaeden.de\/goeppingen\/#website\"},\"primaryImageOfPage\":{\"@id\":\"https:\/\/weltlaeden.de\/goeppingen\/#primaryimage\"},\"image\":{\"@id\":\"https:\/\/weltlaeden.de\/goeppingen\/#primaryimage\"},\"thumbnailUrl\":\"https:\/\/weltlaeden.de\/goeppingen\/wp-content\/uploads\/sites\/38\/2025\/09\/20250920_095653-1-scaled.jpg\",\"datePublished\":\"2019-04-14T07:05:06+00:00\",\"dateModified\":\"2025-09-21T06:56:27+00:00\",\"breadcrumb\":{\"@id\":\"https:\/\/weltlaeden.de\/goeppingen\/#breadcrumb\"},\"inLanguage\":\"de\",\"potentialAction\":[{\"@type\":\"ReadAction\",\"target\":[\"https:\/\/weltlaeden.de\/goeppingen\/\"]}]},{\"@type\":\"ImageObject\",\"inLanguage\":\"de\",\"@id\":\"https:\/\/weltlaeden.de\/goeppingen\/#primaryimage\",\"url\":\"https:\/\/weltlaeden.de\/goeppingen\/wp-content\/uploads\/sites\/38\/2025\/09\/20250920_095653-1-scaled.jpg\",\"contentUrl\":\"https:\/\/weltlaeden.de\/goeppingen\/wp-content\/uploads\/sites\/38\/2025\/09\/20250920_095653-1-scaled.jpg\",\"width\":2560,\"height\":1920},{\"@type\":\"BreadcrumbList\",\"@id\":\"https:\/\/weltlaeden.de\/goeppingen\/#breadcrumb\",\"itemListElement\":[{\"@type\":\"ListItem\",\"position\":1,\"name\":\"Startseite\",\"item\":\"https:\/\/weltlaeden.de\/goeppingen\/\"},{\"@type\":\"ListItem\",\"position\":2,\"name\":\"Weltladen G\u00f6ppingen\"}]},{\"@type\":\"WebSite\",\"@id\":\"https:\/\/weltlaeden.de\/goeppingen\/#website\",\"url\":\"https:\/\/weltlaeden.de\/goeppingen\/\",\"name\":\"Vorlage\",\"description\":\"40 Jahre Initiative Eine Welt e.V. G\u00f6ppingen  und Weltladen G\u00f6ppingen\",\"potentialAction\":[{\"@type\":\"SearchAction\",\"target\":{\"@type\":\"EntryPoint\",\"urlTemplate\":\"https:\/\/weltlaeden.de\/goeppingen\/?s={search_term_string}\"},\"query-input\":{\"@type\":\"PropertyValueSpecification\",\"valueRequired\":true,\"valueName\":\"search_term_string\"}}],\"inLanguage\":\"de\"}]}<\/script>\n<!-- \/ Yoast SEO plugin. -->","yoast_head_json":{"title":"Weltladen G\u00f6ppingen - Weltladen G\u00f6ppingen","robots":{"index":"index","follow":"follow","max-snippet":"max-snippet:-1","max-image-preview":"max-image-preview:large","max-video-preview":"max-video-preview:-1"},"canonical":"https:\/\/weltlaeden.de\/goeppingen\/","og_locale":"de_DE","og_type":"article","og_title":"Weltladen G\u00f6ppingen - Weltladen G\u00f6ppingen","og_description":"[vc_row][vc_column][vc_raw_html css=&#8220;&#8220;]JTNDaWZyYW1lJTIwc3JjJTNEJTIyaHR0cHMlM0ElMkYlMkZ3d3cuZ29vZ2xlLmNvbSUyRm1hcHMlMkZlbWJlZCUzRnBiJTNEJTIxNHYxNzI4NTgwMzIzMDA1JTIxNm04JTIxMW03JTIxMXNDQW9TTEVGR01WRnBjRTR0VEdNMllWbzFOV2swY1dSb2NFRkdWa0ZsZDFGTFdGbFdOMkpoTmxSQ1IxTk9VSGN6JTIxMm0yJTIxMWQ0OC43MDM5ODk2JTIxMmQ5LjY1Mjg3ODIlMjEzZjMwOS4yMTEwNzMyMzQxMTI2MyUyMTRmLTUuNzE2MzM0MjczMDQ5NDk3NSUyMTVmMC43ODIwODY1OTc0NjI3NDY5JTIyJTIwd2lkdGglM0QlMjI2MDAlMjIlMjBoZWlnaHQlM0QlMjI0NTAlMjIlMjBzdHlsZSUzRCUyMmJvcmRlciUzQTAlM0IlMjIlMjBhbGxvd2Z1bGxzY3JlZW4lM0QlMjIlMjIlMjBsb2FkaW5nJTNEJTIybGF6eSUyMiUyMHJlZmVycmVycG9saWN5JTNEJTIybm8tcmVmZXJyZXItd2hlbi1kb3duZ3JhZGUlMjIlM0UlM0MlMkZpZnJhbWUlM0U=[\/vc_raw_html][\/vc_column][\/vc_row][vc_row][vc_column][vc_column_text css=&#8220;&#8220;] \u00a0 \u00a0 Herzlich Willkommen bei der Initiative Eine Welt e.V. G\u00f6ppingen ! &nbsp; [\/vc_column_text][vc_empty_space height=&#8220;20px&#8220;][vc_column_text] &nbsp; Weltladen G\u00f6ppingen Der Weltladen G\u00f6ppingen l\u00e4dt Sie zu einer Entdeckungsreise rund um den Globus ein: So finden Sie bei uns Taschen aus Nepal und Indien, kunstvolle Specksteinarbeiten aus Kenia, hochwertige Textilien aus China, sowie Kunsthandwerk aus&hellip;","og_url":"https:\/\/weltlaeden.de\/goeppingen\/","og_site_name":"Weltladen G\u00f6ppingen","article_modified_time":"2025-09-21T06:56:27+00:00","og_image":[{"width":2560,"height":1920,"url":"https:\/\/weltlaeden.de\/goeppingen\/wp-content\/uploads\/sites\/38\/2025\/09\/20250920_095653-1-scaled.jpg","type":"image\/jpeg"}],"twitter_card":"summary_large_image","twitter_misc":{"Gesch\u00e4tzte Lesezeit":"3\u00a0Minuten"},"schema":{"@context":"https:\/\/schema.org","@graph":[{"@type":"WebPage","@id":"https:\/\/weltlaeden.de\/goeppingen\/","url":"https:\/\/weltlaeden.de\/goeppingen\/","name":"Weltladen G\u00f6ppingen - Weltladen G\u00f6ppingen","isPartOf":{"@id":"https:\/\/weltlaeden.de\/goeppingen\/#website"},"primaryImageOfPage":{"@id":"https:\/\/weltlaeden.de\/goeppingen\/#primaryimage"},"image":{"@id":"https:\/\/weltlaeden.de\/goeppingen\/#primaryimage"},"thumbnailUrl":"https:\/\/weltlaeden.de\/goeppingen\/wp-content\/uploads\/sites\/38\/2025\/09\/20250920_095653-1-scaled.jpg","datePublished":"2019-04-14T07:05:06+00:00","dateModified":"2025-09-21T06:56:27+00:00","breadcrumb":{"@id":"https:\/\/weltlaeden.de\/goeppingen\/#breadcrumb"},"inLanguage":"de","potentialAction":[{"@type":"ReadAction","target":["https:\/\/weltlaeden.de\/goeppingen\/"]}]},{"@type":"ImageObject","inLanguage":"de","@id":"https:\/\/weltlaeden.de\/goeppingen\/#primaryimage","url":"https:\/\/weltlaeden.de\/goeppingen\/wp-content\/uploads\/sites\/38\/2025\/09\/20250920_095653-1-scaled.jpg","contentUrl":"https:\/\/weltlaeden.de\/goeppingen\/wp-content\/uploads\/sites\/38\/2025\/09\/20250920_095653-1-scaled.jpg","width":2560,"height":1920},{"@type":"BreadcrumbList","@id":"https:\/\/weltlaeden.de\/goeppingen\/#breadcrumb","itemListElement":[{"@type":"ListItem","position":1,"name":"Startseite","item":"https:\/\/weltlaeden.de\/goeppingen\/"},{"@type":"ListItem","position":2,"name":"Weltladen G\u00f6ppingen"}]},{"@type":"WebSite","@id":"https:\/\/weltlaeden.de\/goeppingen\/#website","url":"https:\/\/weltlaeden.de\/goeppingen\/","name":"Vorlage","description":"40 Jahre Initiative Eine Welt e.V. G\u00f6ppingen  und Weltladen G\u00f6ppingen","potentialAction":[{"@type":"SearchAction","target":{"@type":"EntryPoint","urlTemplate":"https:\/\/weltlaeden.de\/goeppingen\/?s={search_term_string}"},"query-input":{"@type":"PropertyValueSpecification","valueRequired":true,"valueName":"search_term_string"}}],"inLanguage":"de"}]}},"_links":{"self":[{"href":"https:\/\/weltlaeden.de\/goeppingen\/wp-json\/wp\/v2\/pages\/20","targetHints":{"allow":["GET"]}}],"collection":[{"href":"https:\/\/weltlaeden.de\/goeppingen\/wp-json\/wp\/v2\/pages"}],"about":[{"href":"https:\/\/weltlaeden.de\/goeppingen\/wp-json\/wp\/v2\/types\/page"}],"author":[{"embeddable":true,"href":"https:\/\/weltlaeden.de\/goeppingen\/wp-json\/wp\/v2\/users\/1"}],"replies":[{"embeddable":true,"href":"https:\/\/weltlaeden.de\/goeppingen\/wp-json\/wp\/v2\/comments?post=20"}],"version-history":[{"count":196,"href":"https:\/\/weltlaeden.de\/goeppingen\/wp-json\/wp\/v2\/pages\/20\/revisions"}],"predecessor-version":[{"id":1082,"href":"https:\/\/weltlaeden.de\/goeppingen\/wp-json\/wp\/v2\/pages\/20\/revisions\/1082"}],"wp:featuredmedia":[{"embeddable":true,"href":"https:\/\/weltlaeden.de\/goeppingen\/wp-json\/wp\/v2\/media\/1070"}],"wp:attachment":[{"href":"https:\/\/weltlaeden.de\/goeppingen\/wp-json\/wp\/v2\/media?parent=20"}],"curies":[{"name":"wp","href":"https:\/\/api.w.org\/{rel}","templated":true}]}}