{"id":540,"date":"2019-12-06T14:45:12","date_gmt":"2019-12-06T13:45:12","guid":{"rendered":"https:\/\/weltlaeden.de\/gladenbach\/?page_id=540"},"modified":"2025-01-20T21:57:30","modified_gmt":"2025-01-20T20:57:30","slug":"mitmachen","status":"publish","type":"page","link":"https:\/\/weltlaeden.de\/gladenbach\/mitmachen\/","title":{"rendered":"Mitmachen"},"content":{"rendered":"<h1><span style=\"color: #ff6600\"><strong>Mitmachen im Weltladen Gladenbach oder im Caf\u00e9 FAIR<br \/>\n<\/strong><\/span><\/h1>\n<p>Wir suchen stets aktive Menschen, die sich entsprechend ihren Interessen und F\u00e4higkeiten mit uns im Team f\u00fcr mehr Gerechtigkeit weltweit engagieren m\u00f6chten.<\/p>\n<h2><strong><span style=\"color: #ff6600\">Wir suchen&#8230;<\/span><\/strong><\/h2>\n<p><strong>&#8230;<\/strong> Menschen, die Lust haben, sich ehrenamtlich f\u00fcr eine offene, transparente, \u00f6kologische und nachhaltige Form des Wirtschaftens zu engagieren.<\/p>\n<p>&#8230; motivierte MitarbeiterInnen im Verkauf, in der Informations- oder Bildungsarbeit.<\/p>\n<p>Die M\u00f6glichkeiten, in unserem Team mitzumachen sind vielf\u00e4ltig und lassen sich bestimmt auch in Deinen Alltag integrieren!<\/p>\n<p>Neben regelm\u00e4\u00dfigen Aufgaben gibt es bei uns auch immer wieder einzelne zeitlich befristete Projekte, f\u00fcr die wir Unterst\u00fctzer\/innen suchen. Viele Aufgaben erfordern keine speziellen Vorkenntnisse, sondern nur Deine Bereitschaft, Deine F\u00e4higkeiten einzubringen und eventuell in neuen Bereichen dazuzulernen.<\/p>\n<h2><span style=\"color: #ff6600\"><strong>Wir bieten&#8230;<\/strong><\/span><\/h2>\n<p>&#8230; ein nettes Team aus Engagierten mit vielf\u00e4ltigen M\u00f6glichkeiten, sich selbst einzubringen.<\/p>\n<p>&#8230; eine Gemeinschaft, die Dich herzlich aufnimmt, einarbeitet und bei Fragen zur Verf\u00fcgung steht.<\/p>\n<p>&#8230; Fortbildungsm\u00f6glichkeiten nach Deinen Interessen und Aufgaben.<\/p>\n<h2><span style=\"color: #ff6600\"><strong>Ansprechpartnerin:<br \/>\n<\/strong><\/span><\/h2>\n<p>Andrea Reinhardt<\/p>\n<p>06462-915885<\/p>\n<p>&nbsp;<\/p>\n<h2><span style=\"color: #ff6600\"><strong>Wir freuen uns auf Dich!<\/strong><\/span><\/h2>\n<h2><strong><span style=\"color: #ff6600\">Das Team des Weltladens und Caf\u00e9 FAIR<\/span><\/strong><\/h2>\n<p><img loading=\"lazy\" decoding=\"async\" class=\"alignnone size-large wp-image-1218\" src=\"https:\/\/weltlaeden.de\/gladenbach\/wp-content\/uploads\/sites\/84\/2023\/02\/IMG_1009-1024x683.jpg\" alt=\"\" width=\"1024\" height=\"683\" srcset=\"https:\/\/weltlaeden.de\/gladenbach\/wp-content\/uploads\/sites\/84\/2023\/02\/IMG_1009-1024x683.jpg 1024w, https:\/\/weltlaeden.de\/gladenbach\/wp-content\/uploads\/sites\/84\/2023\/02\/IMG_1009-300x200.jpg 300w, https:\/\/weltlaeden.de\/gladenbach\/wp-content\/uploads\/sites\/84\/2023\/02\/IMG_1009-768x512.jpg 768w, https:\/\/weltlaeden.de\/gladenbach\/wp-content\/uploads\/sites\/84\/2023\/02\/IMG_1009-1536x1024.jpg 1536w, https:\/\/weltlaeden.de\/gladenbach\/wp-content\/uploads\/sites\/84\/2023\/02\/IMG_1009-scaled.jpg 2048w\" sizes=\"auto, (max-width: 1024px) 100vw, 1024px\" \/><\/p>\n","protected":false},"excerpt":{"rendered":"<p>Mitmachen im Weltladen Gladenbach oder im Caf\u00e9 FAIR Wir suchen stets aktive Menschen, die sich entsprechend ihren Interessen und F\u00e4higkeiten mit uns im Team f\u00fcr mehr Gerechtigkeit weltweit engagieren m\u00f6chten. Wir suchen&#8230; &#8230; Menschen, die Lust haben, sich ehrenamtlich f\u00fcr eine offene, transparente, \u00f6kologische und nachhaltige Form des Wirtschaftens zu engagieren. &#8230; motivierte MitarbeiterInnen im&hellip;<\/p>\n","protected":false},"author":126,"featured_media":0,"parent":0,"menu_order":5,"comment_status":"closed","ping_status":"closed","template":"","meta":{"footnotes":""},"class_list":["post-540","page","type-page","status-publish","hentry","description-off"],"yoast_head":"<!-- This site is optimized with the Yoast SEO plugin v26.8 - https:\/\/yoast.com\/product\/yoast-seo-wordpress\/ -->\n<title>Mitmachen - Weltladen Gladenbach<\/title>\n<meta name=\"robots\" content=\"index, follow, max-snippet:-1, max-image-preview:large, max-video-preview:-1\" \/>\n<link rel=\"canonical\" href=\"https:\/\/weltlaeden.de\/gladenbach\/mitmachen\/\" \/>\n<meta property=\"og:locale\" content=\"de_DE\" \/>\n<meta property=\"og:type\" content=\"article\" \/>\n<meta property=\"og:title\" content=\"Mitmachen - Weltladen Gladenbach\" \/>\n<meta property=\"og:description\" content=\"Mitmachen im Weltladen Gladenbach oder im Caf\u00e9 FAIR Wir suchen stets aktive Menschen, die sich entsprechend ihren Interessen und F\u00e4higkeiten mit uns im Team f\u00fcr mehr Gerechtigkeit weltweit engagieren m\u00f6chten. Wir suchen&#8230; &#8230; Menschen, die Lust haben, sich ehrenamtlich f\u00fcr eine offene, transparente, \u00f6kologische und nachhaltige Form des Wirtschaftens zu engagieren. &#8230; motivierte MitarbeiterInnen im&hellip;\" \/>\n<meta property=\"og:url\" content=\"https:\/\/weltlaeden.de\/gladenbach\/mitmachen\/\" \/>\n<meta property=\"og:site_name\" content=\"Weltladen Gladenbach\" \/>\n<meta property=\"article:modified_time\" content=\"2025-01-20T20:57:30+00:00\" \/>\n<meta property=\"og:image\" content=\"https:\/\/weltlaeden.de\/gladenbach\/wp-content\/uploads\/sites\/84\/2023\/02\/IMG_1009.jpg\" \/>\n\t<meta property=\"og:image:width\" content=\"2048\" \/>\n\t<meta property=\"og:image:height\" content=\"1365\" \/>\n\t<meta property=\"og:image:type\" content=\"image\/jpeg\" \/>\n<meta name=\"twitter:card\" content=\"summary_large_image\" \/>\n<meta name=\"twitter:label1\" content=\"Gesch\u00e4tzte Lesezeit\" \/>\n\t<meta name=\"twitter:data1\" content=\"2\u00a0Minuten\" \/>\n<script type=\"application\/ld+json\" class=\"yoast-schema-graph\">{\"@context\":\"https:\/\/schema.org\",\"@graph\":[{\"@type\":\"WebPage\",\"@id\":\"https:\/\/weltlaeden.de\/gladenbach\/mitmachen\/\",\"url\":\"https:\/\/weltlaeden.de\/gladenbach\/mitmachen\/\",\"name\":\"Mitmachen - Weltladen Gladenbach\",\"isPartOf\":{\"@id\":\"https:\/\/weltlaeden.de\/gladenbach\/#website\"},\"primaryImageOfPage\":{\"@id\":\"https:\/\/weltlaeden.de\/gladenbach\/mitmachen\/#primaryimage\"},\"image\":{\"@id\":\"https:\/\/weltlaeden.de\/gladenbach\/mitmachen\/#primaryimage\"},\"thumbnailUrl\":\"https:\/\/weltlaeden.de\/gladenbach\/wp-content\/uploads\/sites\/84\/2023\/02\/IMG_1009-1024x683.jpg\",\"datePublished\":\"2019-12-06T13:45:12+00:00\",\"dateModified\":\"2025-01-20T20:57:30+00:00\",\"breadcrumb\":{\"@id\":\"https:\/\/weltlaeden.de\/gladenbach\/mitmachen\/#breadcrumb\"},\"inLanguage\":\"de\",\"potentialAction\":[{\"@type\":\"ReadAction\",\"target\":[\"https:\/\/weltlaeden.de\/gladenbach\/mitmachen\/\"]}]},{\"@type\":\"ImageObject\",\"inLanguage\":\"de\",\"@id\":\"https:\/\/weltlaeden.de\/gladenbach\/mitmachen\/#primaryimage\",\"url\":\"https:\/\/weltlaeden.de\/gladenbach\/wp-content\/uploads\/sites\/84\/2023\/02\/IMG_1009.jpg\",\"contentUrl\":\"https:\/\/weltlaeden.de\/gladenbach\/wp-content\/uploads\/sites\/84\/2023\/02\/IMG_1009.jpg\",\"width\":2048,\"height\":1365},{\"@type\":\"BreadcrumbList\",\"@id\":\"https:\/\/weltlaeden.de\/gladenbach\/mitmachen\/#breadcrumb\",\"itemListElement\":[{\"@type\":\"ListItem\",\"position\":1,\"name\":\"Startseite\",\"item\":\"https:\/\/weltlaeden.de\/gladenbach\/\"},{\"@type\":\"ListItem\",\"position\":2,\"name\":\"Mitmachen\"}]},{\"@type\":\"WebSite\",\"@id\":\"https:\/\/weltlaeden.de\/gladenbach\/#website\",\"url\":\"https:\/\/weltlaeden.de\/gladenbach\/\",\"name\":\"Weltladen Gladenbach\",\"description\":\"Faire Produkte seit 1990\",\"potentialAction\":[{\"@type\":\"SearchAction\",\"target\":{\"@type\":\"EntryPoint\",\"urlTemplate\":\"https:\/\/weltlaeden.de\/gladenbach\/?s={search_term_string}\"},\"query-input\":{\"@type\":\"PropertyValueSpecification\",\"valueRequired\":true,\"valueName\":\"search_term_string\"}}],\"inLanguage\":\"de\"}]}<\/script>\n<!-- \/ Yoast SEO plugin. -->","yoast_head_json":{"title":"Mitmachen - Weltladen Gladenbach","robots":{"index":"index","follow":"follow","max-snippet":"max-snippet:-1","max-image-preview":"max-image-preview:large","max-video-preview":"max-video-preview:-1"},"canonical":"https:\/\/weltlaeden.de\/gladenbach\/mitmachen\/","og_locale":"de_DE","og_type":"article","og_title":"Mitmachen - Weltladen Gladenbach","og_description":"Mitmachen im Weltladen Gladenbach oder im Caf\u00e9 FAIR Wir suchen stets aktive Menschen, die sich entsprechend ihren Interessen und F\u00e4higkeiten mit uns im Team f\u00fcr mehr Gerechtigkeit weltweit engagieren m\u00f6chten. Wir suchen&#8230; &#8230; Menschen, die Lust haben, sich ehrenamtlich f\u00fcr eine offene, transparente, \u00f6kologische und nachhaltige Form des Wirtschaftens zu engagieren. &#8230; motivierte MitarbeiterInnen im&hellip;","og_url":"https:\/\/weltlaeden.de\/gladenbach\/mitmachen\/","og_site_name":"Weltladen Gladenbach","article_modified_time":"2025-01-20T20:57:30+00:00","og_image":[{"width":2048,"height":1365,"url":"https:\/\/weltlaeden.de\/gladenbach\/wp-content\/uploads\/sites\/84\/2023\/02\/IMG_1009.jpg","type":"image\/jpeg"}],"twitter_card":"summary_large_image","twitter_misc":{"Gesch\u00e4tzte Lesezeit":"2\u00a0Minuten"},"schema":{"@context":"https:\/\/schema.org","@graph":[{"@type":"WebPage","@id":"https:\/\/weltlaeden.de\/gladenbach\/mitmachen\/","url":"https:\/\/weltlaeden.de\/gladenbach\/mitmachen\/","name":"Mitmachen - Weltladen Gladenbach","isPartOf":{"@id":"https:\/\/weltlaeden.de\/gladenbach\/#website"},"primaryImageOfPage":{"@id":"https:\/\/weltlaeden.de\/gladenbach\/mitmachen\/#primaryimage"},"image":{"@id":"https:\/\/weltlaeden.de\/gladenbach\/mitmachen\/#primaryimage"},"thumbnailUrl":"https:\/\/weltlaeden.de\/gladenbach\/wp-content\/uploads\/sites\/84\/2023\/02\/IMG_1009-1024x683.jpg","datePublished":"2019-12-06T13:45:12+00:00","dateModified":"2025-01-20T20:57:30+00:00","breadcrumb":{"@id":"https:\/\/weltlaeden.de\/gladenbach\/mitmachen\/#breadcrumb"},"inLanguage":"de","potentialAction":[{"@type":"ReadAction","target":["https:\/\/weltlaeden.de\/gladenbach\/mitmachen\/"]}]},{"@type":"ImageObject","inLanguage":"de","@id":"https:\/\/weltlaeden.de\/gladenbach\/mitmachen\/#primaryimage","url":"https:\/\/weltlaeden.de\/gladenbach\/wp-content\/uploads\/sites\/84\/2023\/02\/IMG_1009.jpg","contentUrl":"https:\/\/weltlaeden.de\/gladenbach\/wp-content\/uploads\/sites\/84\/2023\/02\/IMG_1009.jpg","width":2048,"height":1365},{"@type":"BreadcrumbList","@id":"https:\/\/weltlaeden.de\/gladenbach\/mitmachen\/#breadcrumb","itemListElement":[{"@type":"ListItem","position":1,"name":"Startseite","item":"https:\/\/weltlaeden.de\/gladenbach\/"},{"@type":"ListItem","position":2,"name":"Mitmachen"}]},{"@type":"WebSite","@id":"https:\/\/weltlaeden.de\/gladenbach\/#website","url":"https:\/\/weltlaeden.de\/gladenbach\/","name":"Weltladen Gladenbach","description":"Faire Produkte seit 1990","potentialAction":[{"@type":"SearchAction","target":{"@type":"EntryPoint","urlTemplate":"https:\/\/weltlaeden.de\/gladenbach\/?s={search_term_string}"},"query-input":{"@type":"PropertyValueSpecification","valueRequired":true,"valueName":"search_term_string"}}],"inLanguage":"de"}]}},"_links":{"self":[{"href":"https:\/\/weltlaeden.de\/gladenbach\/wp-json\/wp\/v2\/pages\/540","targetHints":{"allow":["GET"]}}],"collection":[{"href":"https:\/\/weltlaeden.de\/gladenbach\/wp-json\/wp\/v2\/pages"}],"about":[{"href":"https:\/\/weltlaeden.de\/gladenbach\/wp-json\/wp\/v2\/types\/page"}],"author":[{"embeddable":true,"href":"https:\/\/weltlaeden.de\/gladenbach\/wp-json\/wp\/v2\/users\/126"}],"replies":[{"embeddable":true,"href":"https:\/\/weltlaeden.de\/gladenbach\/wp-json\/wp\/v2\/comments?post=540"}],"version-history":[{"count":16,"href":"https:\/\/weltlaeden.de\/gladenbach\/wp-json\/wp\/v2\/pages\/540\/revisions"}],"predecessor-version":[{"id":1512,"href":"https:\/\/weltlaeden.de\/gladenbach\/wp-json\/wp\/v2\/pages\/540\/revisions\/1512"}],"wp:attachment":[{"href":"https:\/\/weltlaeden.de\/gladenbach\/wp-json\/wp\/v2\/media?parent=540"}],"curies":[{"name":"wp","href":"https:\/\/api.w.org\/{rel}","templated":true}]}}