{"id":217,"date":"2016-10-28T13:34:47","date_gmt":"2016-10-28T11:34:47","guid":{"rendered":"https:\/\/wl.heimpixel.de\/vorlage\/produkte\/"},"modified":"2023-03-09T10:00:08","modified_gmt":"2023-03-09T09:00:08","slug":"produkte","status":"publish","type":"page","link":"https:\/\/weltlaeden.de\/gladenbach\/produkte\/","title":{"rendered":"Produkte"},"content":{"rendered":"<h1><span style=\"color: #ff6600\">Unser Sortiment<\/span><\/h1>\n<p>Wir bieten Kaffee, Tee, Honig, Schokolade und Kakao, Brotaufstriche, Reis und Nudeln, N\u00fcsse und Trockenfr\u00fcchte, Wein, Sekt und Spirituosen, Geb\u00e4ck und Snacks uvm. aus aller Welt, zumeist in Bio-Qualit\u00e4t.<\/p>\n<p>&nbsp;<\/p>\n<p><img loading=\"lazy\" decoding=\"async\" class=\"size-medium wp-image-460 alignleft\" src=\"https:\/\/weltlaeden.de\/gladenbach\/wp-content\/uploads\/sites\/84\/2019\/11\/Laden-2-300x200.jpg\" alt=\"\" width=\"300\" height=\"200\" \/><\/p>\n<p>Beim Besuch in unserem Weltladen finden Sie sicher das Passende.<\/p>\n<p>Schauen Sie doch einfach mal vorbei!<\/p>\n<p>&nbsp;<\/p>\n<p>&nbsp;<\/p>\n<p>&nbsp;<\/p>\n<p>&nbsp;<\/p>\n<p>&nbsp;<\/p>\n<hr \/>\n<p>Unter dem folgenden Link findet ihr einen aufschlussreichen Beitrag \u00fcber die Herkunft und Herstellung unserer Peru Puro &#8211; Schokolade:<\/p>\n<p><a href=\"https:\/\/www.ardmediathek.de\/video\/gut-zu-wissen\/fairer-handel-mit-kakaobohnen\/br-fernsehen\/Y3JpZDovL2JyLmRlL3ZpZGVvLzQxZDcxMjA4LWJiYTgtNDYwMy04MDkyLTRiNmIxZjQ3MDU3ZQ\/\" target=\"_blank\" rel=\"noopener\">https:\/\/www.ardmediathek.de\/video\/gut-zu-wissen\/fairer-handel-mit-kakaobohnen\/br-fernsehen\/Y3JpZDovL2JyLmRlL3ZpZGVvLzQxZDcxMjA4LWJiYTgtNDYwMy04MDkyLTRiNmIxZjQ3MDU3ZQ\/<\/a><\/p>\n<p>&nbsp;<\/p>\n<h2><span style=\"color: #ff6600\">Kunsthandwerk &amp; Textilien<\/span><\/h2>\n<p>Wir bieten zahlreiche Artikel aus dem Sortiment Kunsthandwerk und Textilien aus aller Welt an, zum Beispiel:<\/p>\n<p><img loading=\"lazy\" decoding=\"async\" class=\"wp-image-690 alignleft\" src=\"https:\/\/weltlaeden.de\/gladenbach\/wp-content\/uploads\/sites\/84\/2020\/02\/Produkte-2-300x200.jpg\" alt=\"\" width=\"299\" height=\"199\" srcset=\"https:\/\/weltlaeden.de\/gladenbach\/wp-content\/uploads\/sites\/84\/2020\/02\/Produkte-2-300x200.jpg 300w, https:\/\/weltlaeden.de\/gladenbach\/wp-content\/uploads\/sites\/84\/2020\/02\/Produkte-2-768x512.jpg 768w, https:\/\/weltlaeden.de\/gladenbach\/wp-content\/uploads\/sites\/84\/2020\/02\/Produkte-2-1024x682.jpg 1024w, https:\/\/weltlaeden.de\/gladenbach\/wp-content\/uploads\/sites\/84\/2020\/02\/Produkte-2.jpg 1280w\" sizes=\"auto, (max-width: 299px) 100vw, 299px\" \/><\/p>\n<p><img loading=\"lazy\" decoding=\"async\" class=\"alignnone wp-image-495\" src=\"https:\/\/weltlaeden.de\/gladenbach\/wp-content\/uploads\/sites\/84\/2019\/11\/Laden-17-300x200.jpg\" alt=\"\" width=\"296\" height=\"197\" srcset=\"https:\/\/weltlaeden.de\/gladenbach\/wp-content\/uploads\/sites\/84\/2019\/11\/Laden-17-300x200.jpg 300w, https:\/\/weltlaeden.de\/gladenbach\/wp-content\/uploads\/sites\/84\/2019\/11\/Laden-17-768x512.jpg 768w, https:\/\/weltlaeden.de\/gladenbach\/wp-content\/uploads\/sites\/84\/2019\/11\/Laden-17-1024x682.jpg 1024w, https:\/\/weltlaeden.de\/gladenbach\/wp-content\/uploads\/sites\/84\/2019\/11\/Laden-17.jpg 1280w\" sizes=\"auto, (max-width: 296px) 100vw, 296px\" \/><\/p>\n<p>Specksteinfiguren\u00a0\u00a0\u00a0\u00a0\u00a0\u00a0\u00a0\u00a0\u00a0\u00a0\u00a0\u00a0\u00a0\u00a0\u00a0\u00a0\u00a0\u00a0\u00a0\u00a0\u00a0\u00a0\u00a0\u00a0\u00a0\u00a0\u00a0\u00a0\u00a0\u00a0\u00a0\u00a0\u00a0\u00a0\u00a0\u00a0\u00a0\u00a0\u00a0\u00a0\u00a0\u00a0\u00a0\u00a0\u00a0\u00a0\u00a0\u00a0\u00a0\u00a0\u00a0\u00a0\u00a0\u00a0\u00a0\u00a0\u00a0\u00a0\u00a0\u00a0\u00a0\u00a0\u00a0\u00a0\u00a0\u00a0\u00a0\u00a0\u00a0\u00a0\u00a0\u00a0\u00a0\u00a0\u00a0\u00a0\u00a0\u00a0\u00a0 Geschirr<\/p>\n<p>&nbsp;<\/p>\n<p><img loading=\"lazy\" decoding=\"async\" class=\"alignnone size-medium wp-image-512\" src=\"https:\/\/weltlaeden.de\/gladenbach\/wp-content\/uploads\/sites\/84\/2019\/11\/Laden-14-300x200.jpg\" alt=\"\" width=\"300\" height=\"200\" \/>\u00a0\u00a0\u00a0\u00a0\u00a0\u00a0\u00a0\u00a0\u00a0\u00a0\u00a0\u00a0\u00a0\u00a0\u00a0\u00a0\u00a0\u00a0\u00a0\u00a0\u00a0\u00a0 <img loading=\"lazy\" decoding=\"async\" class=\"alignnone size-medium wp-image-510\" src=\"https:\/\/weltlaeden.de\/gladenbach\/wp-content\/uploads\/sites\/84\/2019\/11\/Laden-12-300x200.jpg\" alt=\"\" width=\"300\" height=\"200\" \/><\/p>\n<p>Sitzkissen\u00a0\u00a0\u00a0\u00a0\u00a0\u00a0\u00a0\u00a0\u00a0\u00a0\u00a0\u00a0\u00a0\u00a0\u00a0\u00a0\u00a0\u00a0\u00a0\u00a0\u00a0\u00a0\u00a0\u00a0\u00a0\u00a0\u00a0\u00a0\u00a0\u00a0\u00a0\u00a0\u00a0\u00a0\u00a0\u00a0\u00a0\u00a0\u00a0\u00a0\u00a0\u00a0\u00a0\u00a0\u00a0\u00a0\u00a0\u00a0\u00a0\u00a0\u00a0\u00a0\u00a0\u00a0\u00a0\u00a0\u00a0\u00a0\u00a0\u00a0\u00a0\u00a0\u00a0\u00a0\u00a0\u00a0\u00a0\u00a0\u00a0\u00a0\u00a0\u00a0\u00a0\u00a0\u00a0\u00a0\u00a0\u00a0\u00a0\u00a0\u00a0\u00a0\u00a0\u00a0\u00a0\u00a0\u00a0\u00a0 Schmuck<\/p>\n<p>&nbsp;<\/p>\n<p><img loading=\"lazy\" decoding=\"async\" class=\"alignnone size-medium wp-image-511\" src=\"https:\/\/weltlaeden.de\/gladenbach\/wp-content\/uploads\/sites\/84\/2019\/11\/Laden-13-300x200.jpg\" alt=\"\" width=\"300\" height=\"200\" \/>\u00a0\u00a0\u00a0\u00a0\u00a0\u00a0\u00a0\u00a0\u00a0\u00a0\u00a0\u00a0\u00a0\u00a0 \u00a0 \u00a0\u00a0\u00a0\u00a0\u00a0 <img loading=\"lazy\" decoding=\"async\" class=\"alignnone size-medium wp-image-491\" src=\"https:\/\/weltlaeden.de\/gladenbach\/wp-content\/uploads\/sites\/84\/2019\/11\/Tpcher-1-300x200.jpg\" alt=\"\" width=\"300\" height=\"200\" \/><\/p>\n<p>Oberbekleidung\u00a0\u00a0\u00a0\u00a0\u00a0\u00a0\u00a0\u00a0\u00a0\u00a0\u00a0\u00a0\u00a0\u00a0\u00a0\u00a0\u00a0\u00a0\u00a0\u00a0\u00a0\u00a0\u00a0\u00a0\u00a0\u00a0\u00a0\u00a0\u00a0\u00a0\u00a0\u00a0\u00a0\u00a0\u00a0\u00a0\u00a0\u00a0\u00a0\u00a0\u00a0\u00a0\u00a0\u00a0\u00a0\u00a0\u00a0\u00a0\u00a0\u00a0\u00a0\u00a0\u00a0\u00a0\u00a0\u00a0\u00a0\u00a0\u00a0\u00a0\u00a0\u00a0\u00a0\u00a0\u00a0\u00a0\u00a0\u00a0\u00a0\u00a0\u00a0\u00a0\u00a0\u00a0\u00a0\u00a0\u00a0 Schals und T\u00fccher<\/p>\n<p>&nbsp;<\/p>\n<p><img loading=\"lazy\" decoding=\"async\" class=\"alignnone size-medium wp-image-500\" src=\"https:\/\/weltlaeden.de\/gladenbach\/wp-content\/uploads\/sites\/84\/2019\/11\/Laden-1-1-300x200.jpg\" alt=\"\" width=\"300\" height=\"200\" srcset=\"https:\/\/weltlaeden.de\/gladenbach\/wp-content\/uploads\/sites\/84\/2019\/11\/Laden-1-1-300x200.jpg 300w, https:\/\/weltlaeden.de\/gladenbach\/wp-content\/uploads\/sites\/84\/2019\/11\/Laden-1-1-768x512.jpg 768w, https:\/\/weltlaeden.de\/gladenbach\/wp-content\/uploads\/sites\/84\/2019\/11\/Laden-1-1-1024x682.jpg 1024w, https:\/\/weltlaeden.de\/gladenbach\/wp-content\/uploads\/sites\/84\/2019\/11\/Laden-1-1.jpg 1280w\" sizes=\"auto, (max-width: 300px) 100vw, 300px\" \/> \u00a0 \u00a0\u00a0 \u00a0 \u00a0 \u00a0 \u00a0 \u00a0 \u00a0 \u00a0 \u00a0\u00a0 <img loading=\"lazy\" decoding=\"async\" class=\"alignnone size-medium wp-image-498\" src=\"https:\/\/weltlaeden.de\/gladenbach\/wp-content\/uploads\/sites\/84\/2019\/11\/Laden-20-300x200.jpg\" alt=\"\" width=\"300\" height=\"200\" \/><\/p>\n<p>Sonnenh\u00fcte und Taschen\u00a0\u00a0\u00a0\u00a0\u00a0\u00a0\u00a0\u00a0\u00a0\u00a0\u00a0\u00a0\u00a0\u00a0\u00a0\u00a0\u00a0\u00a0\u00a0\u00a0\u00a0\u00a0\u00a0\u00a0\u00a0\u00a0\u00a0\u00a0\u00a0\u00a0\u00a0\u00a0\u00a0\u00a0\u00a0\u00a0\u00a0\u00a0\u00a0\u00a0\u00a0\u00a0\u00a0\u00a0\u00a0\u00a0\u00a0\u00a0\u00a0\u00a0\u00a0\u00a0\u00a0\u00a0\u00a0\u00a0\u00a0\u00a0\u00a0\u00a0\u00a0\u00a0\u00a0\u00a0\u00a0\u00a0\u00a0 Socken<\/p>\n<p>&nbsp;<\/p>\n<p>&#8230; und vieles mehr!<\/p>\n<p>&nbsp;<\/p>\n","protected":false},"excerpt":{"rendered":"<p>Unser Sortiment Wir bieten Kaffee, Tee, Honig, Schokolade und Kakao, Brotaufstriche, Reis und Nudeln, N\u00fcsse und Trockenfr\u00fcchte, Wein, Sekt und Spirituosen, Geb\u00e4ck und Snacks uvm. aus aller Welt, zumeist in Bio-Qualit\u00e4t. &nbsp; Beim Besuch in unserem Weltladen finden Sie sicher das Passende. Schauen Sie doch einfach mal vorbei! &nbsp; &nbsp; &nbsp; &nbsp; &nbsp; Unter dem&hellip;<\/p>\n","protected":false},"author":1,"featured_media":0,"parent":0,"menu_order":8,"comment_status":"closed","ping_status":"closed","template":"","meta":{"footnotes":""},"class_list":["post-217","page","type-page","status-publish","hentry","description-off"],"yoast_head":"<!-- This site is optimized with the Yoast SEO plugin v26.8 - https:\/\/yoast.com\/product\/yoast-seo-wordpress\/ -->\n<title>Produkte - Weltladen Gladenbach<\/title>\n<meta name=\"robots\" content=\"index, follow, max-snippet:-1, max-image-preview:large, max-video-preview:-1\" \/>\n<link rel=\"canonical\" href=\"https:\/\/weltlaeden.de\/gladenbach\/produkte\/\" \/>\n<meta property=\"og:locale\" content=\"de_DE\" \/>\n<meta property=\"og:type\" content=\"article\" \/>\n<meta property=\"og:title\" content=\"Produkte - Weltladen Gladenbach\" \/>\n<meta property=\"og:description\" content=\"Unser Sortiment Wir bieten Kaffee, Tee, Honig, Schokolade und Kakao, Brotaufstriche, Reis und Nudeln, N\u00fcsse und Trockenfr\u00fcchte, Wein, Sekt und Spirituosen, Geb\u00e4ck und Snacks uvm. aus aller Welt, zumeist in Bio-Qualit\u00e4t. &nbsp; Beim Besuch in unserem Weltladen finden Sie sicher das Passende. Schauen Sie doch einfach mal vorbei! &nbsp; &nbsp; &nbsp; &nbsp; &nbsp; Unter dem&hellip;\" \/>\n<meta property=\"og:url\" content=\"https:\/\/weltlaeden.de\/gladenbach\/produkte\/\" \/>\n<meta property=\"og:site_name\" content=\"Weltladen Gladenbach\" \/>\n<meta property=\"article:modified_time\" content=\"2023-03-09T09:00:08+00:00\" \/>\n<meta property=\"og:image\" content=\"https:\/\/weltlaeden.de\/gladenbach\/wp-content\/uploads\/sites\/84\/2019\/11\/Laden-2-300x200.jpg\" \/>\n<meta name=\"twitter:card\" content=\"summary_large_image\" \/>\n<meta name=\"twitter:label1\" content=\"Gesch\u00e4tzte Lesezeit\" \/>\n\t<meta name=\"twitter:data1\" content=\"3\u00a0Minuten\" \/>\n<script type=\"application\/ld+json\" class=\"yoast-schema-graph\">{\"@context\":\"https:\/\/schema.org\",\"@graph\":[{\"@type\":\"WebPage\",\"@id\":\"https:\/\/weltlaeden.de\/gladenbach\/produkte\/\",\"url\":\"https:\/\/weltlaeden.de\/gladenbach\/produkte\/\",\"name\":\"Produkte - Weltladen Gladenbach\",\"isPartOf\":{\"@id\":\"https:\/\/weltlaeden.de\/gladenbach\/#website\"},\"primaryImageOfPage\":{\"@id\":\"https:\/\/weltlaeden.de\/gladenbach\/produkte\/#primaryimage\"},\"image\":{\"@id\":\"https:\/\/weltlaeden.de\/gladenbach\/produkte\/#primaryimage\"},\"thumbnailUrl\":\"https:\/\/weltlaeden.de\/gladenbach\/wp-content\/uploads\/sites\/84\/2019\/11\/Laden-2-300x200.jpg\",\"datePublished\":\"2016-10-28T11:34:47+00:00\",\"dateModified\":\"2023-03-09T09:00:08+00:00\",\"breadcrumb\":{\"@id\":\"https:\/\/weltlaeden.de\/gladenbach\/produkte\/#breadcrumb\"},\"inLanguage\":\"de\",\"potentialAction\":[{\"@type\":\"ReadAction\",\"target\":[\"https:\/\/weltlaeden.de\/gladenbach\/produkte\/\"]}]},{\"@type\":\"ImageObject\",\"inLanguage\":\"de\",\"@id\":\"https:\/\/weltlaeden.de\/gladenbach\/produkte\/#primaryimage\",\"url\":\"\",\"contentUrl\":\"\"},{\"@type\":\"BreadcrumbList\",\"@id\":\"https:\/\/weltlaeden.de\/gladenbach\/produkte\/#breadcrumb\",\"itemListElement\":[{\"@type\":\"ListItem\",\"position\":1,\"name\":\"Startseite\",\"item\":\"https:\/\/weltlaeden.de\/gladenbach\/\"},{\"@type\":\"ListItem\",\"position\":2,\"name\":\"Produkte\"}]},{\"@type\":\"WebSite\",\"@id\":\"https:\/\/weltlaeden.de\/gladenbach\/#website\",\"url\":\"https:\/\/weltlaeden.de\/gladenbach\/\",\"name\":\"Weltladen Gladenbach\",\"description\":\"Faire Produkte seit 1990\",\"potentialAction\":[{\"@type\":\"SearchAction\",\"target\":{\"@type\":\"EntryPoint\",\"urlTemplate\":\"https:\/\/weltlaeden.de\/gladenbach\/?s={search_term_string}\"},\"query-input\":{\"@type\":\"PropertyValueSpecification\",\"valueRequired\":true,\"valueName\":\"search_term_string\"}}],\"inLanguage\":\"de\"}]}<\/script>\n<!-- \/ Yoast SEO plugin. -->","yoast_head_json":{"title":"Produkte - Weltladen Gladenbach","robots":{"index":"index","follow":"follow","max-snippet":"max-snippet:-1","max-image-preview":"max-image-preview:large","max-video-preview":"max-video-preview:-1"},"canonical":"https:\/\/weltlaeden.de\/gladenbach\/produkte\/","og_locale":"de_DE","og_type":"article","og_title":"Produkte - Weltladen Gladenbach","og_description":"Unser Sortiment Wir bieten Kaffee, Tee, Honig, Schokolade und Kakao, Brotaufstriche, Reis und Nudeln, N\u00fcsse und Trockenfr\u00fcchte, Wein, Sekt und Spirituosen, Geb\u00e4ck und Snacks uvm. aus aller Welt, zumeist in Bio-Qualit\u00e4t. &nbsp; Beim Besuch in unserem Weltladen finden Sie sicher das Passende. Schauen Sie doch einfach mal vorbei! &nbsp; &nbsp; &nbsp; &nbsp; &nbsp; Unter dem&hellip;","og_url":"https:\/\/weltlaeden.de\/gladenbach\/produkte\/","og_site_name":"Weltladen Gladenbach","article_modified_time":"2023-03-09T09:00:08+00:00","og_image":[{"url":"https:\/\/weltlaeden.de\/gladenbach\/wp-content\/uploads\/sites\/84\/2019\/11\/Laden-2-300x200.jpg","type":"","width":"","height":""}],"twitter_card":"summary_large_image","twitter_misc":{"Gesch\u00e4tzte Lesezeit":"3\u00a0Minuten"},"schema":{"@context":"https:\/\/schema.org","@graph":[{"@type":"WebPage","@id":"https:\/\/weltlaeden.de\/gladenbach\/produkte\/","url":"https:\/\/weltlaeden.de\/gladenbach\/produkte\/","name":"Produkte - Weltladen Gladenbach","isPartOf":{"@id":"https:\/\/weltlaeden.de\/gladenbach\/#website"},"primaryImageOfPage":{"@id":"https:\/\/weltlaeden.de\/gladenbach\/produkte\/#primaryimage"},"image":{"@id":"https:\/\/weltlaeden.de\/gladenbach\/produkte\/#primaryimage"},"thumbnailUrl":"https:\/\/weltlaeden.de\/gladenbach\/wp-content\/uploads\/sites\/84\/2019\/11\/Laden-2-300x200.jpg","datePublished":"2016-10-28T11:34:47+00:00","dateModified":"2023-03-09T09:00:08+00:00","breadcrumb":{"@id":"https:\/\/weltlaeden.de\/gladenbach\/produkte\/#breadcrumb"},"inLanguage":"de","potentialAction":[{"@type":"ReadAction","target":["https:\/\/weltlaeden.de\/gladenbach\/produkte\/"]}]},{"@type":"ImageObject","inLanguage":"de","@id":"https:\/\/weltlaeden.de\/gladenbach\/produkte\/#primaryimage","url":"","contentUrl":""},{"@type":"BreadcrumbList","@id":"https:\/\/weltlaeden.de\/gladenbach\/produkte\/#breadcrumb","itemListElement":[{"@type":"ListItem","position":1,"name":"Startseite","item":"https:\/\/weltlaeden.de\/gladenbach\/"},{"@type":"ListItem","position":2,"name":"Produkte"}]},{"@type":"WebSite","@id":"https:\/\/weltlaeden.de\/gladenbach\/#website","url":"https:\/\/weltlaeden.de\/gladenbach\/","name":"Weltladen Gladenbach","description":"Faire Produkte seit 1990","potentialAction":[{"@type":"SearchAction","target":{"@type":"EntryPoint","urlTemplate":"https:\/\/weltlaeden.de\/gladenbach\/?s={search_term_string}"},"query-input":{"@type":"PropertyValueSpecification","valueRequired":true,"valueName":"search_term_string"}}],"inLanguage":"de"}]}},"_links":{"self":[{"href":"https:\/\/weltlaeden.de\/gladenbach\/wp-json\/wp\/v2\/pages\/217","targetHints":{"allow":["GET"]}}],"collection":[{"href":"https:\/\/weltlaeden.de\/gladenbach\/wp-json\/wp\/v2\/pages"}],"about":[{"href":"https:\/\/weltlaeden.de\/gladenbach\/wp-json\/wp\/v2\/types\/page"}],"author":[{"embeddable":true,"href":"https:\/\/weltlaeden.de\/gladenbach\/wp-json\/wp\/v2\/users\/1"}],"replies":[{"embeddable":true,"href":"https:\/\/weltlaeden.de\/gladenbach\/wp-json\/wp\/v2\/comments?post=217"}],"version-history":[{"count":76,"href":"https:\/\/weltlaeden.de\/gladenbach\/wp-json\/wp\/v2\/pages\/217\/revisions"}],"predecessor-version":[{"id":1230,"href":"https:\/\/weltlaeden.de\/gladenbach\/wp-json\/wp\/v2\/pages\/217\/revisions\/1230"}],"wp:attachment":[{"href":"https:\/\/weltlaeden.de\/gladenbach\/wp-json\/wp\/v2\/media?parent=217"}],"curies":[{"name":"wp","href":"https:\/\/api.w.org\/{rel}","templated":true}]}}