{"id":1851,"date":"2026-04-30T18:27:54","date_gmt":"2026-04-30T16:27:54","guid":{"rendered":"https:\/\/weltlaeden.de\/gladenbach\/?page_id=1851"},"modified":"2026-04-30T18:28:34","modified_gmt":"2026-04-30T16:28:34","slug":"produkt-des-monats-dezember-2-2-2-2-2-2","status":"publish","type":"page","link":"https:\/\/weltlaeden.de\/gladenbach\/produkt-des-monats-dezember-2-2-2-2-2-2\/","title":{"rendered":"Produkt des Monats"},"content":{"rendered":"<div class=\"wpb-content-wrapper\"><p>[vc_row][vc_column][vc_column_text]<\/p>\n<h1>Vom Sofa aus&#8230;.<br \/>\nRote, blaue und mediterrane Kartoffelchips aus Peru<\/h1>\n<p>[\/vc_column_text][\/vc_column][\/vc_row][vc_row][vc_column][vc_column_text css=&#8220;&#8220;]Sogar als \u201eCouch-Potato\u201c und nicht nur am \u201eWelttag der Kartoffel\u201c (30.Mai) kann man etwas f\u00fcr die Biodiversit\u00e4t in den peruanischen Anden tun. Und nat\u00fcrlich den Bauern dort einen fairen Preis f\u00fcr ihr Produkt zahlen. Seit langem schon findet man im Weltladen die blauen und roten Fair Trade Kartoffelchips von der Kooperative AGROPIA im Sortiment. Und was steckt hinter der T\u00fcte des Produkts des Monats Mai?<\/p>\n<p><a href=\"https:\/\/weltlaeden.de\/gladenbach\/produkt-des-monats-dezember-2-2-2-2-2-2\/agropia-dwp-die-weltpartner-bild5\/\" rel=\"attachment wp-att-1855\"><img loading=\"lazy\" decoding=\"async\" class=\"size-medium wp-image-1855 alignleft\" src=\"https:\/\/weltlaeden.de\/gladenbach\/wp-content\/uploads\/sites\/84\/2026\/04\/agropia-dwp-die-weltpartner-bild5-300x200.jpg\" alt=\"\" width=\"300\" height=\"200\" srcset=\"https:\/\/weltlaeden.de\/gladenbach\/wp-content\/uploads\/sites\/84\/2026\/04\/agropia-dwp-die-weltpartner-bild5-300x200.jpg 300w, https:\/\/weltlaeden.de\/gladenbach\/wp-content\/uploads\/sites\/84\/2026\/04\/agropia-dwp-die-weltpartner-bild5-1024x683.jpg 1024w, https:\/\/weltlaeden.de\/gladenbach\/wp-content\/uploads\/sites\/84\/2026\/04\/agropia-dwp-die-weltpartner-bild5-768x512.jpg 768w, https:\/\/weltlaeden.de\/gladenbach\/wp-content\/uploads\/sites\/84\/2026\/04\/agropia-dwp-die-weltpartner-bild5.jpg 1280w\" sizes=\"auto, (max-width: 300px) 100vw, 300px\" \/><\/a>In den Anden werden mehr als 4000 Kartoffelsorten angebaut. Sie haben sich \u00fcber die Jahrtausende hinweg entwickelt. Diese beeindruckende Vielfalt ist von enormer Bedeutung f\u00fcr die lokalen Gemeinschaften und ein kulturelles Erbe, das es zu bewahren gilt.<br \/>\nF\u00fcr Sylvestre Quispe Clemente, Manager von AGROPIA, ist daher klar:<\/p>\n<p>\u201eDer Erhalt der einheimischen Kartoffelvielfalt ist nicht nur wichtig f\u00fcr die Sicherung der biologischen Vielfalt, sondern auch f\u00fcr die Ern\u00e4hrungssicherheit und die nachhaltige Entwicklung der Gemeinschaften, die sie anbauen.\u201c<\/p>\n<p>Gut 400 verschiedene Sorten umfasst der Kartoffelreichtum, den die Mitglieder von AGROPIA auf ihren Landfl\u00e4chen in H\u00f6hen von 3700 bis 4200 Metern kultivieren. Formen- und Farbenvielfalt ist enorm und reicht von wei\u00df \u00fcber gelb, blau, orange und lila bis hin zu bunten Farbkombinationen. Mit mehreren Saatgutbanken stellen die Mitglieder au\u00dferdem den Fortbestand der Nutzpflanzen systematisch sicher.<\/p>\n<p>Die \u201epapas nativa\u201c sind an die extremen klimatischen Bedingungen der Anden angepasst und resistenter gegen viele Krankheiten, die in Monokulturen h\u00e4ufig auftreten. AGROPIA st\u00e4rkt damit die Widerstandskraft der Landwirtschaft in der Region und wappnet sie f\u00fcr die Herausforderungen der Klimakrise.<\/p>\n<p><a href=\"https:\/\/weltlaeden.de\/gladenbach\/produkt-des-monats-dezember-2-2-2-2-2-2\/agropia-dwp-die-weltpartner-bild4\/\" rel=\"attachment wp-att-1856\"><img loading=\"lazy\" decoding=\"async\" class=\"wp-image-1856 alignright\" src=\"https:\/\/weltlaeden.de\/gladenbach\/wp-content\/uploads\/sites\/84\/2026\/04\/agropia-dwp-die-weltpartner-bild4-300x200.jpg\" alt=\"\" width=\"408\" height=\"272\" srcset=\"https:\/\/weltlaeden.de\/gladenbach\/wp-content\/uploads\/sites\/84\/2026\/04\/agropia-dwp-die-weltpartner-bild4-300x200.jpg 300w, https:\/\/weltlaeden.de\/gladenbach\/wp-content\/uploads\/sites\/84\/2026\/04\/agropia-dwp-die-weltpartner-bild4-1024x682.jpg 1024w, https:\/\/weltlaeden.de\/gladenbach\/wp-content\/uploads\/sites\/84\/2026\/04\/agropia-dwp-die-weltpartner-bild4-768x512.jpg 768w, https:\/\/weltlaeden.de\/gladenbach\/wp-content\/uploads\/sites\/84\/2026\/04\/agropia-dwp-die-weltpartner-bild4.jpg 1280w\" sizes=\"auto, (max-width: 408px) 100vw, 408px\" \/><\/a>F\u00fcr die Herstellung der Kartoffelchips werden nur traditionelle peruanische Kartoffelsorten, wie die Sorte &#8222;sumac soncco&#8220; (sch\u00f6nes Herz) verwendet. Frittiert werden die Kartoffelchips mit fair gehandeltem Bio-Palm\u00f6l von Kooperativen in Ecuador. In den Anden haben sich 120 Kleinbauern 2008 zur Kooperative AGROPIA zusammengeschlossen und es sich zur Aufgabe gemacht, diese einzigartigen Kartoffel-Sorten zu bewahren.<\/p>\n<p>AGROPIA setzt bewusst auf die Vermarktung \u00fcber den Fairen Handel. Die Mitglieder sind stolz darauf, ihre Kartoffeln im Einklang mit der Natur anzubauen und dabei die traditionellen und nachhaltigen Methoden ihrer Vorfahren zu respektieren, womit sie ihre Lebensbedingungen und die ihrer Kinder verbessern und erhalten.<\/p>\n<p>Die F\u00f6rderung und Unterst\u00fctzung von Frauen ist ebenfalls ein wichtiges Anliegen von AGROPIA. So sind verschiedene leitende Positionen der Kooperative mit Frauen besetzt. Der Faire Handel \u00fcber Weltpartner wirkt sich nachhaltig auf den Lebensalltag der Kooperationsmitglieder aus. So k\u00f6nnen die Eltern ihre Kinder zur Schule schicken und selbst auch an vielen Bildungsangeboten teilnehmen.<\/p>\n<p>Manchmal braucht man vielleicht eine kleine T\u00fcte Chips \u2013 und eine Couch.<\/p>\n<p>Blaue, rote, \u201egr\u00fcne\u201c Kartoffelchips sind Produkt des Monats Mai, Rabatt -5%<\/p>\n<p>[\/vc_column_text][\/vc_column][\/vc_row]<\/p>\n<\/div>","protected":false},"excerpt":{"rendered":"<p>[vc_row][vc_column][vc_column_text] Vom Sofa aus&#8230;. Rote, blaue und mediterrane Kartoffelchips aus Peru [\/vc_column_text][\/vc_column][\/vc_row][vc_row][vc_column][vc_column_text css=&#8220;&#8220;]Sogar als \u201eCouch-Potato\u201c und nicht nur am \u201eWelttag der Kartoffel\u201c (30.Mai) kann man etwas f\u00fcr die Biodiversit\u00e4t in den peruanischen Anden tun. Und nat\u00fcrlich den Bauern dort einen fairen Preis f\u00fcr ihr Produkt zahlen. Seit langem schon findet man im Weltladen die blauen&hellip;<\/p>\n","protected":false},"author":14,"featured_media":0,"parent":0,"menu_order":1,"comment_status":"closed","ping_status":"closed","template":"","meta":{"footnotes":""},"class_list":["post-1851","page","type-page","status-publish","hentry","description-off"],"yoast_head":"<!-- This site is optimized with the Yoast SEO plugin v26.8 - https:\/\/yoast.com\/product\/yoast-seo-wordpress\/ -->\n<title>Produkt des Monats - Weltladen Gladenbach<\/title>\n<meta name=\"robots\" content=\"index, follow, max-snippet:-1, max-image-preview:large, max-video-preview:-1\" \/>\n<link rel=\"canonical\" href=\"https:\/\/weltlaeden.de\/gladenbach\/produkt-des-monats-dezember-2-2-2-2-2-2\/\" \/>\n<meta property=\"og:locale\" content=\"de_DE\" \/>\n<meta property=\"og:type\" content=\"article\" \/>\n<meta property=\"og:title\" content=\"Produkt des Monats - Weltladen Gladenbach\" \/>\n<meta property=\"og:description\" content=\"[vc_row][vc_column][vc_column_text] Vom Sofa aus&#8230;. Rote, blaue und mediterrane Kartoffelchips aus Peru [\/vc_column_text][\/vc_column][\/vc_row][vc_row][vc_column][vc_column_text css=&#8220;&#8220;]Sogar als \u201eCouch-Potato\u201c und nicht nur am \u201eWelttag der Kartoffel\u201c (30.Mai) kann man etwas f\u00fcr die Biodiversit\u00e4t in den peruanischen Anden tun. Und nat\u00fcrlich den Bauern dort einen fairen Preis f\u00fcr ihr Produkt zahlen. Seit langem schon findet man im Weltladen die blauen&hellip;\" \/>\n<meta property=\"og:url\" content=\"https:\/\/weltlaeden.de\/gladenbach\/produkt-des-monats-dezember-2-2-2-2-2-2\/\" \/>\n<meta property=\"og:site_name\" content=\"Weltladen Gladenbach\" \/>\n<meta property=\"article:modified_time\" content=\"2026-04-30T16:28:34+00:00\" \/>\n<meta property=\"og:image\" content=\"https:\/\/weltlaeden.de\/gladenbach\/wp-content\/uploads\/sites\/84\/2026\/04\/agropia-dwp-die-weltpartner-bild5.jpg\" \/>\n\t<meta property=\"og:image:width\" content=\"1280\" \/>\n\t<meta property=\"og:image:height\" content=\"854\" \/>\n\t<meta property=\"og:image:type\" content=\"image\/jpeg\" \/>\n<meta name=\"twitter:card\" content=\"summary_large_image\" \/>\n<meta name=\"twitter:label1\" content=\"Gesch\u00e4tzte Lesezeit\" \/>\n\t<meta name=\"twitter:data1\" content=\"3\u00a0Minuten\" \/>\n<script type=\"application\/ld+json\" class=\"yoast-schema-graph\">{\"@context\":\"https:\/\/schema.org\",\"@graph\":[{\"@type\":\"WebPage\",\"@id\":\"https:\/\/weltlaeden.de\/gladenbach\/produkt-des-monats-dezember-2-2-2-2-2-2\/\",\"url\":\"https:\/\/weltlaeden.de\/gladenbach\/produkt-des-monats-dezember-2-2-2-2-2-2\/\",\"name\":\"Produkt des Monats - Weltladen Gladenbach\",\"isPartOf\":{\"@id\":\"https:\/\/weltlaeden.de\/gladenbach\/#website\"},\"primaryImageOfPage\":{\"@id\":\"https:\/\/weltlaeden.de\/gladenbach\/produkt-des-monats-dezember-2-2-2-2-2-2\/#primaryimage\"},\"image\":{\"@id\":\"https:\/\/weltlaeden.de\/gladenbach\/produkt-des-monats-dezember-2-2-2-2-2-2\/#primaryimage\"},\"thumbnailUrl\":\"https:\/\/weltlaeden.de\/gladenbach\/wp-content\/uploads\/sites\/84\/2026\/04\/agropia-dwp-die-weltpartner-bild5-300x200.jpg\",\"datePublished\":\"2026-04-30T16:27:54+00:00\",\"dateModified\":\"2026-04-30T16:28:34+00:00\",\"breadcrumb\":{\"@id\":\"https:\/\/weltlaeden.de\/gladenbach\/produkt-des-monats-dezember-2-2-2-2-2-2\/#breadcrumb\"},\"inLanguage\":\"de\",\"potentialAction\":[{\"@type\":\"ReadAction\",\"target\":[\"https:\/\/weltlaeden.de\/gladenbach\/produkt-des-monats-dezember-2-2-2-2-2-2\/\"]}]},{\"@type\":\"ImageObject\",\"inLanguage\":\"de\",\"@id\":\"https:\/\/weltlaeden.de\/gladenbach\/produkt-des-monats-dezember-2-2-2-2-2-2\/#primaryimage\",\"url\":\"https:\/\/weltlaeden.de\/gladenbach\/wp-content\/uploads\/sites\/84\/2026\/04\/agropia-dwp-die-weltpartner-bild5.jpg\",\"contentUrl\":\"https:\/\/weltlaeden.de\/gladenbach\/wp-content\/uploads\/sites\/84\/2026\/04\/agropia-dwp-die-weltpartner-bild5.jpg\",\"width\":1280,\"height\":854},{\"@type\":\"BreadcrumbList\",\"@id\":\"https:\/\/weltlaeden.de\/gladenbach\/produkt-des-monats-dezember-2-2-2-2-2-2\/#breadcrumb\",\"itemListElement\":[{\"@type\":\"ListItem\",\"position\":1,\"name\":\"Startseite\",\"item\":\"https:\/\/weltlaeden.de\/gladenbach\/\"},{\"@type\":\"ListItem\",\"position\":2,\"name\":\"Produkt des Monats\"}]},{\"@type\":\"WebSite\",\"@id\":\"https:\/\/weltlaeden.de\/gladenbach\/#website\",\"url\":\"https:\/\/weltlaeden.de\/gladenbach\/\",\"name\":\"Weltladen Gladenbach\",\"description\":\"Faire Produkte seit 1990\",\"potentialAction\":[{\"@type\":\"SearchAction\",\"target\":{\"@type\":\"EntryPoint\",\"urlTemplate\":\"https:\/\/weltlaeden.de\/gladenbach\/?s={search_term_string}\"},\"query-input\":{\"@type\":\"PropertyValueSpecification\",\"valueRequired\":true,\"valueName\":\"search_term_string\"}}],\"inLanguage\":\"de\"}]}<\/script>\n<!-- \/ Yoast SEO plugin. -->","yoast_head_json":{"title":"Produkt des Monats - Weltladen Gladenbach","robots":{"index":"index","follow":"follow","max-snippet":"max-snippet:-1","max-image-preview":"max-image-preview:large","max-video-preview":"max-video-preview:-1"},"canonical":"https:\/\/weltlaeden.de\/gladenbach\/produkt-des-monats-dezember-2-2-2-2-2-2\/","og_locale":"de_DE","og_type":"article","og_title":"Produkt des Monats - Weltladen Gladenbach","og_description":"[vc_row][vc_column][vc_column_text] Vom Sofa aus&#8230;. Rote, blaue und mediterrane Kartoffelchips aus Peru [\/vc_column_text][\/vc_column][\/vc_row][vc_row][vc_column][vc_column_text css=&#8220;&#8220;]Sogar als \u201eCouch-Potato\u201c und nicht nur am \u201eWelttag der Kartoffel\u201c (30.Mai) kann man etwas f\u00fcr die Biodiversit\u00e4t in den peruanischen Anden tun. Und nat\u00fcrlich den Bauern dort einen fairen Preis f\u00fcr ihr Produkt zahlen. Seit langem schon findet man im Weltladen die blauen&hellip;","og_url":"https:\/\/weltlaeden.de\/gladenbach\/produkt-des-monats-dezember-2-2-2-2-2-2\/","og_site_name":"Weltladen Gladenbach","article_modified_time":"2026-04-30T16:28:34+00:00","og_image":[{"width":1280,"height":854,"url":"https:\/\/weltlaeden.de\/gladenbach\/wp-content\/uploads\/sites\/84\/2026\/04\/agropia-dwp-die-weltpartner-bild5.jpg","type":"image\/jpeg"}],"twitter_card":"summary_large_image","twitter_misc":{"Gesch\u00e4tzte Lesezeit":"3\u00a0Minuten"},"schema":{"@context":"https:\/\/schema.org","@graph":[{"@type":"WebPage","@id":"https:\/\/weltlaeden.de\/gladenbach\/produkt-des-monats-dezember-2-2-2-2-2-2\/","url":"https:\/\/weltlaeden.de\/gladenbach\/produkt-des-monats-dezember-2-2-2-2-2-2\/","name":"Produkt des Monats - Weltladen Gladenbach","isPartOf":{"@id":"https:\/\/weltlaeden.de\/gladenbach\/#website"},"primaryImageOfPage":{"@id":"https:\/\/weltlaeden.de\/gladenbach\/produkt-des-monats-dezember-2-2-2-2-2-2\/#primaryimage"},"image":{"@id":"https:\/\/weltlaeden.de\/gladenbach\/produkt-des-monats-dezember-2-2-2-2-2-2\/#primaryimage"},"thumbnailUrl":"https:\/\/weltlaeden.de\/gladenbach\/wp-content\/uploads\/sites\/84\/2026\/04\/agropia-dwp-die-weltpartner-bild5-300x200.jpg","datePublished":"2026-04-30T16:27:54+00:00","dateModified":"2026-04-30T16:28:34+00:00","breadcrumb":{"@id":"https:\/\/weltlaeden.de\/gladenbach\/produkt-des-monats-dezember-2-2-2-2-2-2\/#breadcrumb"},"inLanguage":"de","potentialAction":[{"@type":"ReadAction","target":["https:\/\/weltlaeden.de\/gladenbach\/produkt-des-monats-dezember-2-2-2-2-2-2\/"]}]},{"@type":"ImageObject","inLanguage":"de","@id":"https:\/\/weltlaeden.de\/gladenbach\/produkt-des-monats-dezember-2-2-2-2-2-2\/#primaryimage","url":"https:\/\/weltlaeden.de\/gladenbach\/wp-content\/uploads\/sites\/84\/2026\/04\/agropia-dwp-die-weltpartner-bild5.jpg","contentUrl":"https:\/\/weltlaeden.de\/gladenbach\/wp-content\/uploads\/sites\/84\/2026\/04\/agropia-dwp-die-weltpartner-bild5.jpg","width":1280,"height":854},{"@type":"BreadcrumbList","@id":"https:\/\/weltlaeden.de\/gladenbach\/produkt-des-monats-dezember-2-2-2-2-2-2\/#breadcrumb","itemListElement":[{"@type":"ListItem","position":1,"name":"Startseite","item":"https:\/\/weltlaeden.de\/gladenbach\/"},{"@type":"ListItem","position":2,"name":"Produkt des Monats"}]},{"@type":"WebSite","@id":"https:\/\/weltlaeden.de\/gladenbach\/#website","url":"https:\/\/weltlaeden.de\/gladenbach\/","name":"Weltladen Gladenbach","description":"Faire Produkte seit 1990","potentialAction":[{"@type":"SearchAction","target":{"@type":"EntryPoint","urlTemplate":"https:\/\/weltlaeden.de\/gladenbach\/?s={search_term_string}"},"query-input":{"@type":"PropertyValueSpecification","valueRequired":true,"valueName":"search_term_string"}}],"inLanguage":"de"}]}},"_links":{"self":[{"href":"https:\/\/weltlaeden.de\/gladenbach\/wp-json\/wp\/v2\/pages\/1851","targetHints":{"allow":["GET"]}}],"collection":[{"href":"https:\/\/weltlaeden.de\/gladenbach\/wp-json\/wp\/v2\/pages"}],"about":[{"href":"https:\/\/weltlaeden.de\/gladenbach\/wp-json\/wp\/v2\/types\/page"}],"author":[{"embeddable":true,"href":"https:\/\/weltlaeden.de\/gladenbach\/wp-json\/wp\/v2\/users\/14"}],"replies":[{"embeddable":true,"href":"https:\/\/weltlaeden.de\/gladenbach\/wp-json\/wp\/v2\/comments?post=1851"}],"version-history":[{"count":6,"href":"https:\/\/weltlaeden.de\/gladenbach\/wp-json\/wp\/v2\/pages\/1851\/revisions"}],"predecessor-version":[{"id":1862,"href":"https:\/\/weltlaeden.de\/gladenbach\/wp-json\/wp\/v2\/pages\/1851\/revisions\/1862"}],"wp:attachment":[{"href":"https:\/\/weltlaeden.de\/gladenbach\/wp-json\/wp\/v2\/media?parent=1851"}],"curies":[{"name":"wp","href":"https:\/\/api.w.org\/{rel}","templated":true}]}}