{"id":911,"date":"2022-03-08T17:00:15","date_gmt":"2022-03-08T16:00:15","guid":{"rendered":"https:\/\/weltlaeden.de\/gifhorn\/?page_id=911"},"modified":"2022-03-08T17:02:24","modified_gmt":"2022-03-08T16:02:24","slug":"sitzkissen-von-frida-feeling","status":"publish","type":"page","link":"https:\/\/weltlaeden.de\/gifhorn\/sitzkissen-von-frida-feeling\/","title":{"rendered":"Sitzkissen von Frida Feeling"},"content":{"rendered":"<h1><strong>Sitzkissen von Frida Feeling<\/strong><\/h1>\n<p>Diese Sitzkissen werden aus reiner Wolle von Hand in Nepal gefertigt \u2013 unter fairen Arbeitsbedingungen!<br \/>\nDie Kissen machen jeden Stuhl oder Bank gem\u00fctlicher. Sie sind angenehm und isolierend gegen K\u00e4lte, au\u00dferdem bieten sie ein Polster f\u00fcr ein entspanntes Sitzen. W\u00e4hlbar sind verschiedene Farben, gerade so, wie es am besten zum eigenen Stuhl oder Sitzm\u00f6bel passt.<\/p>\n<p><img loading=\"lazy\" decoding=\"async\" class=\"alignnone wp-image-912\" src=\"https:\/\/weltlaeden.de\/gifhorn\/wp-content\/uploads\/sites\/168\/2022\/03\/filzkissen.jpg\" alt=\"\" width=\"596\" height=\"493\" srcset=\"https:\/\/weltlaeden.de\/gifhorn\/wp-content\/uploads\/sites\/168\/2022\/03\/filzkissen.jpg 1576w, https:\/\/weltlaeden.de\/gifhorn\/wp-content\/uploads\/sites\/168\/2022\/03\/filzkissen-300x248.jpg 300w, https:\/\/weltlaeden.de\/gifhorn\/wp-content\/uploads\/sites\/168\/2022\/03\/filzkissen-1024x847.jpg 1024w, https:\/\/weltlaeden.de\/gifhorn\/wp-content\/uploads\/sites\/168\/2022\/03\/filzkissen-768x635.jpg 768w, https:\/\/weltlaeden.de\/gifhorn\/wp-content\/uploads\/sites\/168\/2022\/03\/filzkissen-1536x1270.jpg 1536w\" sizes=\"auto, (max-width: 596px) 100vw, 596px\" \/><\/p>\n<p><strong><span style=\"font-weight: normal\">Frida Feeling schreibt dazu: <i>\u201eU<\/i><\/span><\/strong><i>nter den Rahmenbedingungen des fairen Handels bieten wir unseren Kunden hochwertige und sch\u00f6ne Waren haupts\u00e4chlich aus Nepal zu fair kalkulierten Preisen an. Dabei arbeiten wir partnerschaftlich mit Lieferanten zusammen, die sich den Leitlinien des <a title=\"Fairer Handel\" href=\"http:\/\/wfto-europe.org\/the-10-principles-of-fair-trade\/\"><span style=\"color: windowtext;text-decoration: none\">fairen Handels<\/span><\/a> verpflichtet haben und regelm\u00e4\u00dfig auditiert \/ \u00fcberpr\u00fcft werden.\u201c<\/i><\/p>\n","protected":false},"excerpt":{"rendered":"<p>Sitzkissen von Frida Feeling Diese Sitzkissen werden aus reiner Wolle von Hand in Nepal gefertigt \u2013 unter fairen Arbeitsbedingungen! Die Kissen machen jeden Stuhl oder Bank gem\u00fctlicher. Sie sind angenehm und isolierend gegen K\u00e4lte, au\u00dferdem bieten sie ein Polster f\u00fcr ein entspanntes Sitzen. W\u00e4hlbar sind verschiedene Farben, gerade so, wie es am besten zum eigenen&hellip;<\/p>\n","protected":false},"author":244,"featured_media":0,"parent":0,"menu_order":0,"comment_status":"closed","ping_status":"closed","template":"","meta":{"footnotes":""},"class_list":["post-911","page","type-page","status-publish","hentry","description-off"],"yoast_head":"<!-- This site is optimized with the Yoast SEO plugin v26.8 - https:\/\/yoast.com\/product\/yoast-seo-wordpress\/ -->\n<title>Sitzkissen von Frida Feeling - Weltladen Gifhorn<\/title>\n<meta name=\"robots\" content=\"index, follow, max-snippet:-1, max-image-preview:large, max-video-preview:-1\" \/>\n<link rel=\"canonical\" href=\"https:\/\/weltlaeden.de\/gifhorn\/sitzkissen-von-frida-feeling\/\" \/>\n<meta property=\"og:locale\" content=\"de_DE\" \/>\n<meta property=\"og:type\" content=\"article\" \/>\n<meta property=\"og:title\" content=\"Sitzkissen von Frida Feeling - Weltladen Gifhorn\" \/>\n<meta property=\"og:description\" content=\"Sitzkissen von Frida Feeling Diese Sitzkissen werden aus reiner Wolle von Hand in Nepal gefertigt \u2013 unter fairen Arbeitsbedingungen! Die Kissen machen jeden Stuhl oder Bank gem\u00fctlicher. Sie sind angenehm und isolierend gegen K\u00e4lte, au\u00dferdem bieten sie ein Polster f\u00fcr ein entspanntes Sitzen. W\u00e4hlbar sind verschiedene Farben, gerade so, wie es am besten zum eigenen&hellip;\" \/>\n<meta property=\"og:url\" content=\"https:\/\/weltlaeden.de\/gifhorn\/sitzkissen-von-frida-feeling\/\" \/>\n<meta property=\"og:site_name\" content=\"Weltladen Gifhorn\" \/>\n<meta property=\"article:modified_time\" content=\"2022-03-08T16:02:24+00:00\" \/>\n<meta property=\"og:image\" content=\"https:\/\/weltlaeden.de\/gifhorn\/wp-content\/uploads\/sites\/168\/2022\/03\/filzkissen.jpg\" \/>\n<meta name=\"twitter:card\" content=\"summary_large_image\" \/>\n<meta name=\"twitter:label1\" content=\"Gesch\u00e4tzte Lesezeit\" \/>\n\t<meta name=\"twitter:data1\" content=\"1\u00a0Minute\" \/>\n<script type=\"application\/ld+json\" class=\"yoast-schema-graph\">{\"@context\":\"https:\/\/schema.org\",\"@graph\":[{\"@type\":\"WebPage\",\"@id\":\"https:\/\/weltlaeden.de\/gifhorn\/sitzkissen-von-frida-feeling\/\",\"url\":\"https:\/\/weltlaeden.de\/gifhorn\/sitzkissen-von-frida-feeling\/\",\"name\":\"Sitzkissen von Frida Feeling - Weltladen Gifhorn\",\"isPartOf\":{\"@id\":\"https:\/\/weltlaeden.de\/gifhorn\/#website\"},\"primaryImageOfPage\":{\"@id\":\"https:\/\/weltlaeden.de\/gifhorn\/sitzkissen-von-frida-feeling\/#primaryimage\"},\"image\":{\"@id\":\"https:\/\/weltlaeden.de\/gifhorn\/sitzkissen-von-frida-feeling\/#primaryimage\"},\"thumbnailUrl\":\"https:\/\/weltlaeden.de\/gifhorn\/wp-content\/uploads\/sites\/168\/2022\/03\/filzkissen.jpg\",\"datePublished\":\"2022-03-08T16:00:15+00:00\",\"dateModified\":\"2022-03-08T16:02:24+00:00\",\"breadcrumb\":{\"@id\":\"https:\/\/weltlaeden.de\/gifhorn\/sitzkissen-von-frida-feeling\/#breadcrumb\"},\"inLanguage\":\"de\",\"potentialAction\":[{\"@type\":\"ReadAction\",\"target\":[\"https:\/\/weltlaeden.de\/gifhorn\/sitzkissen-von-frida-feeling\/\"]}]},{\"@type\":\"ImageObject\",\"inLanguage\":\"de\",\"@id\":\"https:\/\/weltlaeden.de\/gifhorn\/sitzkissen-von-frida-feeling\/#primaryimage\",\"url\":\"https:\/\/weltlaeden.de\/gifhorn\/wp-content\/uploads\/sites\/168\/2022\/03\/filzkissen.jpg\",\"contentUrl\":\"https:\/\/weltlaeden.de\/gifhorn\/wp-content\/uploads\/sites\/168\/2022\/03\/filzkissen.jpg\",\"width\":1576,\"height\":1303},{\"@type\":\"BreadcrumbList\",\"@id\":\"https:\/\/weltlaeden.de\/gifhorn\/sitzkissen-von-frida-feeling\/#breadcrumb\",\"itemListElement\":[{\"@type\":\"ListItem\",\"position\":1,\"name\":\"Startseite\",\"item\":\"https:\/\/weltlaeden.de\/gifhorn\/\"},{\"@type\":\"ListItem\",\"position\":2,\"name\":\"Sitzkissen von Frida Feeling\"}]},{\"@type\":\"WebSite\",\"@id\":\"https:\/\/weltlaeden.de\/gifhorn\/#website\",\"url\":\"https:\/\/weltlaeden.de\/gifhorn\/\",\"name\":\"Weltladen Gifhorn\",\"description\":\"Faire Produkte seit 1990\",\"potentialAction\":[{\"@type\":\"SearchAction\",\"target\":{\"@type\":\"EntryPoint\",\"urlTemplate\":\"https:\/\/weltlaeden.de\/gifhorn\/?s={search_term_string}\"},\"query-input\":{\"@type\":\"PropertyValueSpecification\",\"valueRequired\":true,\"valueName\":\"search_term_string\"}}],\"inLanguage\":\"de\"}]}<\/script>\n<!-- \/ Yoast SEO plugin. -->","yoast_head_json":{"title":"Sitzkissen von Frida Feeling - Weltladen Gifhorn","robots":{"index":"index","follow":"follow","max-snippet":"max-snippet:-1","max-image-preview":"max-image-preview:large","max-video-preview":"max-video-preview:-1"},"canonical":"https:\/\/weltlaeden.de\/gifhorn\/sitzkissen-von-frida-feeling\/","og_locale":"de_DE","og_type":"article","og_title":"Sitzkissen von Frida Feeling - Weltladen Gifhorn","og_description":"Sitzkissen von Frida Feeling Diese Sitzkissen werden aus reiner Wolle von Hand in Nepal gefertigt \u2013 unter fairen Arbeitsbedingungen! Die Kissen machen jeden Stuhl oder Bank gem\u00fctlicher. Sie sind angenehm und isolierend gegen K\u00e4lte, au\u00dferdem bieten sie ein Polster f\u00fcr ein entspanntes Sitzen. W\u00e4hlbar sind verschiedene Farben, gerade so, wie es am besten zum eigenen&hellip;","og_url":"https:\/\/weltlaeden.de\/gifhorn\/sitzkissen-von-frida-feeling\/","og_site_name":"Weltladen Gifhorn","article_modified_time":"2022-03-08T16:02:24+00:00","og_image":[{"url":"https:\/\/weltlaeden.de\/gifhorn\/wp-content\/uploads\/sites\/168\/2022\/03\/filzkissen.jpg","type":"","width":"","height":""}],"twitter_card":"summary_large_image","twitter_misc":{"Gesch\u00e4tzte Lesezeit":"1\u00a0Minute"},"schema":{"@context":"https:\/\/schema.org","@graph":[{"@type":"WebPage","@id":"https:\/\/weltlaeden.de\/gifhorn\/sitzkissen-von-frida-feeling\/","url":"https:\/\/weltlaeden.de\/gifhorn\/sitzkissen-von-frida-feeling\/","name":"Sitzkissen von Frida Feeling - Weltladen Gifhorn","isPartOf":{"@id":"https:\/\/weltlaeden.de\/gifhorn\/#website"},"primaryImageOfPage":{"@id":"https:\/\/weltlaeden.de\/gifhorn\/sitzkissen-von-frida-feeling\/#primaryimage"},"image":{"@id":"https:\/\/weltlaeden.de\/gifhorn\/sitzkissen-von-frida-feeling\/#primaryimage"},"thumbnailUrl":"https:\/\/weltlaeden.de\/gifhorn\/wp-content\/uploads\/sites\/168\/2022\/03\/filzkissen.jpg","datePublished":"2022-03-08T16:00:15+00:00","dateModified":"2022-03-08T16:02:24+00:00","breadcrumb":{"@id":"https:\/\/weltlaeden.de\/gifhorn\/sitzkissen-von-frida-feeling\/#breadcrumb"},"inLanguage":"de","potentialAction":[{"@type":"ReadAction","target":["https:\/\/weltlaeden.de\/gifhorn\/sitzkissen-von-frida-feeling\/"]}]},{"@type":"ImageObject","inLanguage":"de","@id":"https:\/\/weltlaeden.de\/gifhorn\/sitzkissen-von-frida-feeling\/#primaryimage","url":"https:\/\/weltlaeden.de\/gifhorn\/wp-content\/uploads\/sites\/168\/2022\/03\/filzkissen.jpg","contentUrl":"https:\/\/weltlaeden.de\/gifhorn\/wp-content\/uploads\/sites\/168\/2022\/03\/filzkissen.jpg","width":1576,"height":1303},{"@type":"BreadcrumbList","@id":"https:\/\/weltlaeden.de\/gifhorn\/sitzkissen-von-frida-feeling\/#breadcrumb","itemListElement":[{"@type":"ListItem","position":1,"name":"Startseite","item":"https:\/\/weltlaeden.de\/gifhorn\/"},{"@type":"ListItem","position":2,"name":"Sitzkissen von Frida Feeling"}]},{"@type":"WebSite","@id":"https:\/\/weltlaeden.de\/gifhorn\/#website","url":"https:\/\/weltlaeden.de\/gifhorn\/","name":"Weltladen Gifhorn","description":"Faire Produkte seit 1990","potentialAction":[{"@type":"SearchAction","target":{"@type":"EntryPoint","urlTemplate":"https:\/\/weltlaeden.de\/gifhorn\/?s={search_term_string}"},"query-input":{"@type":"PropertyValueSpecification","valueRequired":true,"valueName":"search_term_string"}}],"inLanguage":"de"}]}},"_links":{"self":[{"href":"https:\/\/weltlaeden.de\/gifhorn\/wp-json\/wp\/v2\/pages\/911","targetHints":{"allow":["GET"]}}],"collection":[{"href":"https:\/\/weltlaeden.de\/gifhorn\/wp-json\/wp\/v2\/pages"}],"about":[{"href":"https:\/\/weltlaeden.de\/gifhorn\/wp-json\/wp\/v2\/types\/page"}],"author":[{"embeddable":true,"href":"https:\/\/weltlaeden.de\/gifhorn\/wp-json\/wp\/v2\/users\/244"}],"replies":[{"embeddable":true,"href":"https:\/\/weltlaeden.de\/gifhorn\/wp-json\/wp\/v2\/comments?post=911"}],"version-history":[{"count":3,"href":"https:\/\/weltlaeden.de\/gifhorn\/wp-json\/wp\/v2\/pages\/911\/revisions"}],"predecessor-version":[{"id":916,"href":"https:\/\/weltlaeden.de\/gifhorn\/wp-json\/wp\/v2\/pages\/911\/revisions\/916"}],"wp:attachment":[{"href":"https:\/\/weltlaeden.de\/gifhorn\/wp-json\/wp\/v2\/media?parent=911"}],"curies":[{"name":"wp","href":"https:\/\/api.w.org\/{rel}","templated":true}]}}