{"id":878,"date":"2022-02-23T21:35:32","date_gmt":"2022-02-23T20:35:32","guid":{"rendered":"https:\/\/weltlaeden.de\/gifhorn\/?page_id=878"},"modified":"2022-03-08T16:37:53","modified_gmt":"2022-03-08T15:37:53","slug":"kosmetik-von-fairsquared","status":"publish","type":"page","link":"https:\/\/weltlaeden.de\/gifhorn\/kosmetik-von-fairsquared\/","title":{"rendered":"Kosmetik von FAIR SQUARED"},"content":{"rendered":"<h2>Erfrischen vielseitig \u2013 Naturksmetik von<strong> FAIR SQUARED<\/strong><\/h2>\n<h3>\u2026. von Shampoo \u00fcber Handcreme bis hin zur Lippenpflege!<\/h3>\n<p>Das Fair-Trade-Siegel bedeutet f\u00fcr die Kosmetikfirma, dass sie einen fairen Preis f\u00fcr die Produzierenden bietet, sowie einen Mehrpreis beinhaltet, der zur Verbesserung der Lebensbedingungen verwendet werden muss.<\/p>\n<p><strong><em>Bei R\u00fcckgabe der Fair Squared Glastiegel und -flaschen gibt es bei uns 0,15 Euro zur\u00fcck!<\/em><\/strong><\/p>\n<p>Besonders am Herzen liegt der Firma hierbei: <em>\u201e\u2026 das Ende von Armut und Hungersnot, Zugang zu sauberem Wasser und Sanit\u00e4reinrichtungen, zu guter Gesundheitsversorgung und hochwertiger Bildung, die Gleichberechtigung aller Geschlechter, F\u00f6rderung erneuerbarer Energien, Entwicklung hin zu verantwortungsvollem Konsum, Klimaschutz sowie der Schutz von Leben unter Wasser und an Land.\u201c <\/em><\/p>\n<p><img loading=\"lazy\" decoding=\"async\" class=\"alignnone wp-image-880\" src=\"https:\/\/weltlaeden.de\/gifhorn\/wp-content\/uploads\/sites\/168\/2022\/02\/fair_squared01.jpg\" alt=\"\" width=\"571\" height=\"339\" srcset=\"https:\/\/weltlaeden.de\/gifhorn\/wp-content\/uploads\/sites\/168\/2022\/02\/fair_squared01.jpg 1680w, https:\/\/weltlaeden.de\/gifhorn\/wp-content\/uploads\/sites\/168\/2022\/02\/fair_squared01-300x178.jpg 300w, https:\/\/weltlaeden.de\/gifhorn\/wp-content\/uploads\/sites\/168\/2022\/02\/fair_squared01-1024x607.jpg 1024w, https:\/\/weltlaeden.de\/gifhorn\/wp-content\/uploads\/sites\/168\/2022\/02\/fair_squared01-768x455.jpg 768w, https:\/\/weltlaeden.de\/gifhorn\/wp-content\/uploads\/sites\/168\/2022\/02\/fair_squared01-1536x911.jpg 1536w\" sizes=\"auto, (max-width: 571px) 100vw, 571px\" \/><\/p>\n<p>Fair Squared schreibt: <em>\u201eWir setzen auf die Kraft der Natur. Unsere gesamte Naturkosmetik ist NATRUE-zertifiziert. Dies bedeutet, dass unsere Produkte ausschlie\u00dflich aus nat\u00fcrlichen Inhaltsstoffen hergestellt werden. Alle Produkte sind frei von gentechnisch ver\u00e4nderten Stoffen sowie Mikroplastik, Palm\u00f6l, Mineral\u00f6len, Petrochemikalien, synthetischen Duftstoffen und k\u00fcnstlichen Konservierungsstoffen.\u201c <\/em><\/p>\n","protected":false},"excerpt":{"rendered":"<p>Erfrischen vielseitig \u2013 Naturksmetik von FAIR SQUARED \u2026. von Shampoo \u00fcber Handcreme bis hin zur Lippenpflege! Das Fair-Trade-Siegel bedeutet f\u00fcr die Kosmetikfirma, dass sie einen fairen Preis f\u00fcr die Produzierenden bietet, sowie einen Mehrpreis beinhaltet, der zur Verbesserung der Lebensbedingungen verwendet werden muss. Bei R\u00fcckgabe der Fair Squared Glastiegel und -flaschen gibt es bei uns&hellip;<\/p>\n","protected":false},"author":244,"featured_media":0,"parent":0,"menu_order":0,"comment_status":"closed","ping_status":"closed","template":"","meta":{"footnotes":""},"class_list":["post-878","page","type-page","status-publish","hentry","description-off"],"yoast_head":"<!-- This site is optimized with the Yoast SEO plugin v26.8 - https:\/\/yoast.com\/product\/yoast-seo-wordpress\/ -->\n<title>Kosmetik von FAIR SQUARED - Weltladen Gifhorn<\/title>\n<meta name=\"robots\" content=\"index, follow, max-snippet:-1, max-image-preview:large, max-video-preview:-1\" \/>\n<link rel=\"canonical\" href=\"https:\/\/weltlaeden.de\/gifhorn\/kosmetik-von-fairsquared\/\" \/>\n<meta property=\"og:locale\" content=\"de_DE\" \/>\n<meta property=\"og:type\" content=\"article\" \/>\n<meta property=\"og:title\" content=\"Kosmetik von FAIR SQUARED - Weltladen Gifhorn\" \/>\n<meta property=\"og:description\" content=\"Erfrischen vielseitig \u2013 Naturksmetik von FAIR SQUARED \u2026. von Shampoo \u00fcber Handcreme bis hin zur Lippenpflege! Das Fair-Trade-Siegel bedeutet f\u00fcr die Kosmetikfirma, dass sie einen fairen Preis f\u00fcr die Produzierenden bietet, sowie einen Mehrpreis beinhaltet, der zur Verbesserung der Lebensbedingungen verwendet werden muss. Bei R\u00fcckgabe der Fair Squared Glastiegel und -flaschen gibt es bei uns&hellip;\" \/>\n<meta property=\"og:url\" content=\"https:\/\/weltlaeden.de\/gifhorn\/kosmetik-von-fairsquared\/\" \/>\n<meta property=\"og:site_name\" content=\"Weltladen Gifhorn\" \/>\n<meta property=\"article:modified_time\" content=\"2022-03-08T15:37:53+00:00\" \/>\n<meta property=\"og:image\" content=\"https:\/\/weltlaeden.de\/gifhorn\/wp-content\/uploads\/sites\/168\/2022\/02\/fair_squared01.jpg\" \/>\n<meta name=\"twitter:card\" content=\"summary_large_image\" \/>\n<meta name=\"twitter:label1\" content=\"Gesch\u00e4tzte Lesezeit\" \/>\n\t<meta name=\"twitter:data1\" content=\"1\u00a0Minute\" \/>\n<script type=\"application\/ld+json\" class=\"yoast-schema-graph\">{\"@context\":\"https:\/\/schema.org\",\"@graph\":[{\"@type\":\"WebPage\",\"@id\":\"https:\/\/weltlaeden.de\/gifhorn\/kosmetik-von-fairsquared\/\",\"url\":\"https:\/\/weltlaeden.de\/gifhorn\/kosmetik-von-fairsquared\/\",\"name\":\"Kosmetik von FAIR SQUARED - Weltladen Gifhorn\",\"isPartOf\":{\"@id\":\"https:\/\/weltlaeden.de\/gifhorn\/#website\"},\"primaryImageOfPage\":{\"@id\":\"https:\/\/weltlaeden.de\/gifhorn\/kosmetik-von-fairsquared\/#primaryimage\"},\"image\":{\"@id\":\"https:\/\/weltlaeden.de\/gifhorn\/kosmetik-von-fairsquared\/#primaryimage\"},\"thumbnailUrl\":\"https:\/\/weltlaeden.de\/gifhorn\/wp-content\/uploads\/sites\/168\/2022\/02\/fair_squared01.jpg\",\"datePublished\":\"2022-02-23T20:35:32+00:00\",\"dateModified\":\"2022-03-08T15:37:53+00:00\",\"breadcrumb\":{\"@id\":\"https:\/\/weltlaeden.de\/gifhorn\/kosmetik-von-fairsquared\/#breadcrumb\"},\"inLanguage\":\"de\",\"potentialAction\":[{\"@type\":\"ReadAction\",\"target\":[\"https:\/\/weltlaeden.de\/gifhorn\/kosmetik-von-fairsquared\/\"]}]},{\"@type\":\"ImageObject\",\"inLanguage\":\"de\",\"@id\":\"https:\/\/weltlaeden.de\/gifhorn\/kosmetik-von-fairsquared\/#primaryimage\",\"url\":\"https:\/\/weltlaeden.de\/gifhorn\/wp-content\/uploads\/sites\/168\/2022\/02\/fair_squared01.jpg\",\"contentUrl\":\"https:\/\/weltlaeden.de\/gifhorn\/wp-content\/uploads\/sites\/168\/2022\/02\/fair_squared01.jpg\",\"width\":1680,\"height\":996},{\"@type\":\"BreadcrumbList\",\"@id\":\"https:\/\/weltlaeden.de\/gifhorn\/kosmetik-von-fairsquared\/#breadcrumb\",\"itemListElement\":[{\"@type\":\"ListItem\",\"position\":1,\"name\":\"Startseite\",\"item\":\"https:\/\/weltlaeden.de\/gifhorn\/\"},{\"@type\":\"ListItem\",\"position\":2,\"name\":\"Kosmetik von FAIR SQUARED\"}]},{\"@type\":\"WebSite\",\"@id\":\"https:\/\/weltlaeden.de\/gifhorn\/#website\",\"url\":\"https:\/\/weltlaeden.de\/gifhorn\/\",\"name\":\"Weltladen Gifhorn\",\"description\":\"Faire Produkte seit 1990\",\"potentialAction\":[{\"@type\":\"SearchAction\",\"target\":{\"@type\":\"EntryPoint\",\"urlTemplate\":\"https:\/\/weltlaeden.de\/gifhorn\/?s={search_term_string}\"},\"query-input\":{\"@type\":\"PropertyValueSpecification\",\"valueRequired\":true,\"valueName\":\"search_term_string\"}}],\"inLanguage\":\"de\"}]}<\/script>\n<!-- \/ Yoast SEO plugin. -->","yoast_head_json":{"title":"Kosmetik von FAIR SQUARED - Weltladen Gifhorn","robots":{"index":"index","follow":"follow","max-snippet":"max-snippet:-1","max-image-preview":"max-image-preview:large","max-video-preview":"max-video-preview:-1"},"canonical":"https:\/\/weltlaeden.de\/gifhorn\/kosmetik-von-fairsquared\/","og_locale":"de_DE","og_type":"article","og_title":"Kosmetik von FAIR SQUARED - Weltladen Gifhorn","og_description":"Erfrischen vielseitig \u2013 Naturksmetik von FAIR SQUARED \u2026. von Shampoo \u00fcber Handcreme bis hin zur Lippenpflege! Das Fair-Trade-Siegel bedeutet f\u00fcr die Kosmetikfirma, dass sie einen fairen Preis f\u00fcr die Produzierenden bietet, sowie einen Mehrpreis beinhaltet, der zur Verbesserung der Lebensbedingungen verwendet werden muss. Bei R\u00fcckgabe der Fair Squared Glastiegel und -flaschen gibt es bei uns&hellip;","og_url":"https:\/\/weltlaeden.de\/gifhorn\/kosmetik-von-fairsquared\/","og_site_name":"Weltladen Gifhorn","article_modified_time":"2022-03-08T15:37:53+00:00","og_image":[{"url":"https:\/\/weltlaeden.de\/gifhorn\/wp-content\/uploads\/sites\/168\/2022\/02\/fair_squared01.jpg","type":"","width":"","height":""}],"twitter_card":"summary_large_image","twitter_misc":{"Gesch\u00e4tzte Lesezeit":"1\u00a0Minute"},"schema":{"@context":"https:\/\/schema.org","@graph":[{"@type":"WebPage","@id":"https:\/\/weltlaeden.de\/gifhorn\/kosmetik-von-fairsquared\/","url":"https:\/\/weltlaeden.de\/gifhorn\/kosmetik-von-fairsquared\/","name":"Kosmetik von FAIR SQUARED - Weltladen Gifhorn","isPartOf":{"@id":"https:\/\/weltlaeden.de\/gifhorn\/#website"},"primaryImageOfPage":{"@id":"https:\/\/weltlaeden.de\/gifhorn\/kosmetik-von-fairsquared\/#primaryimage"},"image":{"@id":"https:\/\/weltlaeden.de\/gifhorn\/kosmetik-von-fairsquared\/#primaryimage"},"thumbnailUrl":"https:\/\/weltlaeden.de\/gifhorn\/wp-content\/uploads\/sites\/168\/2022\/02\/fair_squared01.jpg","datePublished":"2022-02-23T20:35:32+00:00","dateModified":"2022-03-08T15:37:53+00:00","breadcrumb":{"@id":"https:\/\/weltlaeden.de\/gifhorn\/kosmetik-von-fairsquared\/#breadcrumb"},"inLanguage":"de","potentialAction":[{"@type":"ReadAction","target":["https:\/\/weltlaeden.de\/gifhorn\/kosmetik-von-fairsquared\/"]}]},{"@type":"ImageObject","inLanguage":"de","@id":"https:\/\/weltlaeden.de\/gifhorn\/kosmetik-von-fairsquared\/#primaryimage","url":"https:\/\/weltlaeden.de\/gifhorn\/wp-content\/uploads\/sites\/168\/2022\/02\/fair_squared01.jpg","contentUrl":"https:\/\/weltlaeden.de\/gifhorn\/wp-content\/uploads\/sites\/168\/2022\/02\/fair_squared01.jpg","width":1680,"height":996},{"@type":"BreadcrumbList","@id":"https:\/\/weltlaeden.de\/gifhorn\/kosmetik-von-fairsquared\/#breadcrumb","itemListElement":[{"@type":"ListItem","position":1,"name":"Startseite","item":"https:\/\/weltlaeden.de\/gifhorn\/"},{"@type":"ListItem","position":2,"name":"Kosmetik von FAIR SQUARED"}]},{"@type":"WebSite","@id":"https:\/\/weltlaeden.de\/gifhorn\/#website","url":"https:\/\/weltlaeden.de\/gifhorn\/","name":"Weltladen Gifhorn","description":"Faire Produkte seit 1990","potentialAction":[{"@type":"SearchAction","target":{"@type":"EntryPoint","urlTemplate":"https:\/\/weltlaeden.de\/gifhorn\/?s={search_term_string}"},"query-input":{"@type":"PropertyValueSpecification","valueRequired":true,"valueName":"search_term_string"}}],"inLanguage":"de"}]}},"_links":{"self":[{"href":"https:\/\/weltlaeden.de\/gifhorn\/wp-json\/wp\/v2\/pages\/878","targetHints":{"allow":["GET"]}}],"collection":[{"href":"https:\/\/weltlaeden.de\/gifhorn\/wp-json\/wp\/v2\/pages"}],"about":[{"href":"https:\/\/weltlaeden.de\/gifhorn\/wp-json\/wp\/v2\/types\/page"}],"author":[{"embeddable":true,"href":"https:\/\/weltlaeden.de\/gifhorn\/wp-json\/wp\/v2\/users\/244"}],"replies":[{"embeddable":true,"href":"https:\/\/weltlaeden.de\/gifhorn\/wp-json\/wp\/v2\/comments?post=878"}],"version-history":[{"count":7,"href":"https:\/\/weltlaeden.de\/gifhorn\/wp-json\/wp\/v2\/pages\/878\/revisions"}],"predecessor-version":[{"id":910,"href":"https:\/\/weltlaeden.de\/gifhorn\/wp-json\/wp\/v2\/pages\/878\/revisions\/910"}],"wp:attachment":[{"href":"https:\/\/weltlaeden.de\/gifhorn\/wp-json\/wp\/v2\/media?parent=878"}],"curies":[{"name":"wp","href":"https:\/\/api.w.org\/{rel}","templated":true}]}}