{"id":874,"date":"2022-02-23T21:08:47","date_gmt":"2022-02-23T20:08:47","guid":{"rendered":"https:\/\/weltlaeden.de\/gifhorn\/?page_id=874"},"modified":"2022-02-23T21:08:55","modified_gmt":"2022-02-23T20:08:55","slug":"sonrisa-kaffee-aus-mexiko","status":"publish","type":"page","link":"https:\/\/weltlaeden.de\/gifhorn\/sonrisa-kaffee-aus-mexiko\/","title":{"rendered":"Sonrisa-Kaffee aus Mexiko"},"content":{"rendered":"<p>Dieser mexikanische Kaffee wird im Hochland um Chiapas angebaut. Es ist ein milder Bio-Kaffee, der kaum S\u00e4ure hat. Mit seinem kr\u00e4ftig-w\u00fcrzigem Geschmack l\u00e4sst er eine Note von Bitterschokolade aufkommen.<\/p>\n<p>Die Kaffeebohne kommt aus dem Fairen Handel von <strong>El Puente<\/strong>, diese Fair-Trade-Organisation f\u00f6rdert Kleinbetriebe und Kooperativen des globalen S\u00fcdens.<\/p>\n<p><img loading=\"lazy\" decoding=\"async\" class=\"alignnone wp-image-875\" src=\"https:\/\/weltlaeden.de\/gifhorn\/wp-content\/uploads\/sites\/168\/2022\/02\/sonriso1-scaled.jpg\" alt=\"\" width=\"693\" height=\"503\" srcset=\"https:\/\/weltlaeden.de\/gifhorn\/wp-content\/uploads\/sites\/168\/2022\/02\/sonriso1-scaled.jpg 1920w, https:\/\/weltlaeden.de\/gifhorn\/wp-content\/uploads\/sites\/168\/2022\/02\/sonriso1-300x218.jpg 300w, https:\/\/weltlaeden.de\/gifhorn\/wp-content\/uploads\/sites\/168\/2022\/02\/sonriso1-1024x744.jpg 1024w, https:\/\/weltlaeden.de\/gifhorn\/wp-content\/uploads\/sites\/168\/2022\/02\/sonriso1-768x558.jpg 768w, https:\/\/weltlaeden.de\/gifhorn\/wp-content\/uploads\/sites\/168\/2022\/02\/sonriso1-1536x1115.jpg 1536w, https:\/\/weltlaeden.de\/gifhorn\/wp-content\/uploads\/sites\/168\/2022\/02\/sonriso1-2048x1487.jpg 2048w\" sizes=\"auto, (max-width: 693px) 100vw, 693px\" \/><\/p>\n<p>Bei uns kannst Du folgende Produkte kaufen:<\/p>\n<ul>\n<li>Sonrisa-Biokaffee, Bohne<\/li>\n<li>Sonrisa-Biokaffee, gemahlen<\/li>\n<li>Sonrisa-Bio-Kaffee, gemahlen und entkoffeiniert<\/li>\n<li>Sonrisa-Bio-Kaffee, Bohne und entkoffeiniert<\/li>\n<\/ul>\n","protected":false},"excerpt":{"rendered":"<p>Dieser mexikanische Kaffee wird im Hochland um Chiapas angebaut. Es ist ein milder Bio-Kaffee, der kaum S\u00e4ure hat. Mit seinem kr\u00e4ftig-w\u00fcrzigem Geschmack l\u00e4sst er eine Note von Bitterschokolade aufkommen. Die Kaffeebohne kommt aus dem Fairen Handel von El Puente, diese Fair-Trade-Organisation f\u00f6rdert Kleinbetriebe und Kooperativen des globalen S\u00fcdens. Bei uns kannst Du folgende Produkte kaufen:&hellip;<\/p>\n","protected":false},"author":244,"featured_media":0,"parent":0,"menu_order":0,"comment_status":"closed","ping_status":"closed","template":"","meta":{"footnotes":""},"class_list":["post-874","page","type-page","status-publish","hentry","description-off"],"yoast_head":"<!-- This site is optimized with the Yoast SEO plugin v26.8 - https:\/\/yoast.com\/product\/yoast-seo-wordpress\/ -->\n<title>Sonrisa-Kaffee aus Mexiko - Weltladen Gifhorn<\/title>\n<meta name=\"robots\" content=\"index, follow, max-snippet:-1, max-image-preview:large, max-video-preview:-1\" \/>\n<link rel=\"canonical\" href=\"https:\/\/weltlaeden.de\/gifhorn\/sonrisa-kaffee-aus-mexiko\/\" \/>\n<meta property=\"og:locale\" content=\"de_DE\" \/>\n<meta property=\"og:type\" content=\"article\" \/>\n<meta property=\"og:title\" content=\"Sonrisa-Kaffee aus Mexiko - Weltladen Gifhorn\" \/>\n<meta property=\"og:description\" content=\"Dieser mexikanische Kaffee wird im Hochland um Chiapas angebaut. Es ist ein milder Bio-Kaffee, der kaum S\u00e4ure hat. Mit seinem kr\u00e4ftig-w\u00fcrzigem Geschmack l\u00e4sst er eine Note von Bitterschokolade aufkommen. Die Kaffeebohne kommt aus dem Fairen Handel von El Puente, diese Fair-Trade-Organisation f\u00f6rdert Kleinbetriebe und Kooperativen des globalen S\u00fcdens. Bei uns kannst Du folgende Produkte kaufen:&hellip;\" \/>\n<meta property=\"og:url\" content=\"https:\/\/weltlaeden.de\/gifhorn\/sonrisa-kaffee-aus-mexiko\/\" \/>\n<meta property=\"og:site_name\" content=\"Weltladen Gifhorn\" \/>\n<meta property=\"article:modified_time\" content=\"2022-02-23T20:08:55+00:00\" \/>\n<meta property=\"og:image\" content=\"https:\/\/weltlaeden.de\/gifhorn\/wp-content\/uploads\/sites\/168\/2022\/02\/sonriso1-scaled.jpg\" \/>\n<meta name=\"twitter:card\" content=\"summary_large_image\" \/>\n<script type=\"application\/ld+json\" class=\"yoast-schema-graph\">{\"@context\":\"https:\/\/schema.org\",\"@graph\":[{\"@type\":\"WebPage\",\"@id\":\"https:\/\/weltlaeden.de\/gifhorn\/sonrisa-kaffee-aus-mexiko\/\",\"url\":\"https:\/\/weltlaeden.de\/gifhorn\/sonrisa-kaffee-aus-mexiko\/\",\"name\":\"Sonrisa-Kaffee aus Mexiko - Weltladen Gifhorn\",\"isPartOf\":{\"@id\":\"https:\/\/weltlaeden.de\/gifhorn\/#website\"},\"primaryImageOfPage\":{\"@id\":\"https:\/\/weltlaeden.de\/gifhorn\/sonrisa-kaffee-aus-mexiko\/#primaryimage\"},\"image\":{\"@id\":\"https:\/\/weltlaeden.de\/gifhorn\/sonrisa-kaffee-aus-mexiko\/#primaryimage\"},\"thumbnailUrl\":\"https:\/\/weltlaeden.de\/gifhorn\/wp-content\/uploads\/sites\/168\/2022\/02\/sonriso1-scaled.jpg\",\"datePublished\":\"2022-02-23T20:08:47+00:00\",\"dateModified\":\"2022-02-23T20:08:55+00:00\",\"breadcrumb\":{\"@id\":\"https:\/\/weltlaeden.de\/gifhorn\/sonrisa-kaffee-aus-mexiko\/#breadcrumb\"},\"inLanguage\":\"de\",\"potentialAction\":[{\"@type\":\"ReadAction\",\"target\":[\"https:\/\/weltlaeden.de\/gifhorn\/sonrisa-kaffee-aus-mexiko\/\"]}]},{\"@type\":\"ImageObject\",\"inLanguage\":\"de\",\"@id\":\"https:\/\/weltlaeden.de\/gifhorn\/sonrisa-kaffee-aus-mexiko\/#primaryimage\",\"url\":\"https:\/\/weltlaeden.de\/gifhorn\/wp-content\/uploads\/sites\/168\/2022\/02\/sonriso1-scaled.jpg\",\"contentUrl\":\"https:\/\/weltlaeden.de\/gifhorn\/wp-content\/uploads\/sites\/168\/2022\/02\/sonriso1-scaled.jpg\",\"width\":1920,\"height\":1394},{\"@type\":\"BreadcrumbList\",\"@id\":\"https:\/\/weltlaeden.de\/gifhorn\/sonrisa-kaffee-aus-mexiko\/#breadcrumb\",\"itemListElement\":[{\"@type\":\"ListItem\",\"position\":1,\"name\":\"Startseite\",\"item\":\"https:\/\/weltlaeden.de\/gifhorn\/\"},{\"@type\":\"ListItem\",\"position\":2,\"name\":\"Sonrisa-Kaffee aus Mexiko\"}]},{\"@type\":\"WebSite\",\"@id\":\"https:\/\/weltlaeden.de\/gifhorn\/#website\",\"url\":\"https:\/\/weltlaeden.de\/gifhorn\/\",\"name\":\"Weltladen Gifhorn\",\"description\":\"Faire Produkte seit 1990\",\"potentialAction\":[{\"@type\":\"SearchAction\",\"target\":{\"@type\":\"EntryPoint\",\"urlTemplate\":\"https:\/\/weltlaeden.de\/gifhorn\/?s={search_term_string}\"},\"query-input\":{\"@type\":\"PropertyValueSpecification\",\"valueRequired\":true,\"valueName\":\"search_term_string\"}}],\"inLanguage\":\"de\"}]}<\/script>\n<!-- \/ Yoast SEO plugin. -->","yoast_head_json":{"title":"Sonrisa-Kaffee aus Mexiko - Weltladen Gifhorn","robots":{"index":"index","follow":"follow","max-snippet":"max-snippet:-1","max-image-preview":"max-image-preview:large","max-video-preview":"max-video-preview:-1"},"canonical":"https:\/\/weltlaeden.de\/gifhorn\/sonrisa-kaffee-aus-mexiko\/","og_locale":"de_DE","og_type":"article","og_title":"Sonrisa-Kaffee aus Mexiko - Weltladen Gifhorn","og_description":"Dieser mexikanische Kaffee wird im Hochland um Chiapas angebaut. Es ist ein milder Bio-Kaffee, der kaum S\u00e4ure hat. Mit seinem kr\u00e4ftig-w\u00fcrzigem Geschmack l\u00e4sst er eine Note von Bitterschokolade aufkommen. Die Kaffeebohne kommt aus dem Fairen Handel von El Puente, diese Fair-Trade-Organisation f\u00f6rdert Kleinbetriebe und Kooperativen des globalen S\u00fcdens. Bei uns kannst Du folgende Produkte kaufen:&hellip;","og_url":"https:\/\/weltlaeden.de\/gifhorn\/sonrisa-kaffee-aus-mexiko\/","og_site_name":"Weltladen Gifhorn","article_modified_time":"2022-02-23T20:08:55+00:00","og_image":[{"url":"https:\/\/weltlaeden.de\/gifhorn\/wp-content\/uploads\/sites\/168\/2022\/02\/sonriso1-scaled.jpg","type":"","width":"","height":""}],"twitter_card":"summary_large_image","schema":{"@context":"https:\/\/schema.org","@graph":[{"@type":"WebPage","@id":"https:\/\/weltlaeden.de\/gifhorn\/sonrisa-kaffee-aus-mexiko\/","url":"https:\/\/weltlaeden.de\/gifhorn\/sonrisa-kaffee-aus-mexiko\/","name":"Sonrisa-Kaffee aus Mexiko - Weltladen Gifhorn","isPartOf":{"@id":"https:\/\/weltlaeden.de\/gifhorn\/#website"},"primaryImageOfPage":{"@id":"https:\/\/weltlaeden.de\/gifhorn\/sonrisa-kaffee-aus-mexiko\/#primaryimage"},"image":{"@id":"https:\/\/weltlaeden.de\/gifhorn\/sonrisa-kaffee-aus-mexiko\/#primaryimage"},"thumbnailUrl":"https:\/\/weltlaeden.de\/gifhorn\/wp-content\/uploads\/sites\/168\/2022\/02\/sonriso1-scaled.jpg","datePublished":"2022-02-23T20:08:47+00:00","dateModified":"2022-02-23T20:08:55+00:00","breadcrumb":{"@id":"https:\/\/weltlaeden.de\/gifhorn\/sonrisa-kaffee-aus-mexiko\/#breadcrumb"},"inLanguage":"de","potentialAction":[{"@type":"ReadAction","target":["https:\/\/weltlaeden.de\/gifhorn\/sonrisa-kaffee-aus-mexiko\/"]}]},{"@type":"ImageObject","inLanguage":"de","@id":"https:\/\/weltlaeden.de\/gifhorn\/sonrisa-kaffee-aus-mexiko\/#primaryimage","url":"https:\/\/weltlaeden.de\/gifhorn\/wp-content\/uploads\/sites\/168\/2022\/02\/sonriso1-scaled.jpg","contentUrl":"https:\/\/weltlaeden.de\/gifhorn\/wp-content\/uploads\/sites\/168\/2022\/02\/sonriso1-scaled.jpg","width":1920,"height":1394},{"@type":"BreadcrumbList","@id":"https:\/\/weltlaeden.de\/gifhorn\/sonrisa-kaffee-aus-mexiko\/#breadcrumb","itemListElement":[{"@type":"ListItem","position":1,"name":"Startseite","item":"https:\/\/weltlaeden.de\/gifhorn\/"},{"@type":"ListItem","position":2,"name":"Sonrisa-Kaffee aus Mexiko"}]},{"@type":"WebSite","@id":"https:\/\/weltlaeden.de\/gifhorn\/#website","url":"https:\/\/weltlaeden.de\/gifhorn\/","name":"Weltladen Gifhorn","description":"Faire Produkte seit 1990","potentialAction":[{"@type":"SearchAction","target":{"@type":"EntryPoint","urlTemplate":"https:\/\/weltlaeden.de\/gifhorn\/?s={search_term_string}"},"query-input":{"@type":"PropertyValueSpecification","valueRequired":true,"valueName":"search_term_string"}}],"inLanguage":"de"}]}},"_links":{"self":[{"href":"https:\/\/weltlaeden.de\/gifhorn\/wp-json\/wp\/v2\/pages\/874","targetHints":{"allow":["GET"]}}],"collection":[{"href":"https:\/\/weltlaeden.de\/gifhorn\/wp-json\/wp\/v2\/pages"}],"about":[{"href":"https:\/\/weltlaeden.de\/gifhorn\/wp-json\/wp\/v2\/types\/page"}],"author":[{"embeddable":true,"href":"https:\/\/weltlaeden.de\/gifhorn\/wp-json\/wp\/v2\/users\/244"}],"replies":[{"embeddable":true,"href":"https:\/\/weltlaeden.de\/gifhorn\/wp-json\/wp\/v2\/comments?post=874"}],"version-history":[{"count":1,"href":"https:\/\/weltlaeden.de\/gifhorn\/wp-json\/wp\/v2\/pages\/874\/revisions"}],"predecessor-version":[{"id":876,"href":"https:\/\/weltlaeden.de\/gifhorn\/wp-json\/wp\/v2\/pages\/874\/revisions\/876"}],"wp:attachment":[{"href":"https:\/\/weltlaeden.de\/gifhorn\/wp-json\/wp\/v2\/media?parent=874"}],"curies":[{"name":"wp","href":"https:\/\/api.w.org\/{rel}","templated":true}]}}