{"id":818,"date":"2022-02-07T18:28:29","date_gmt":"2022-02-07T17:28:29","guid":{"rendered":"https:\/\/weltlaeden.de\/gifhorn\/?page_id=818"},"modified":"2022-02-14T18:26:30","modified_gmt":"2022-02-14T17:26:30","slug":"zickenkaffee","status":"publish","type":"page","link":"https:\/\/weltlaeden.de\/gifhorn\/zickenkaffee\/","title":{"rendered":"Zickenkaffee"},"content":{"rendered":"<h2>Kaffeegenuss aus Fairem Handel<\/h2>\n<p>Dieser Premiumkaffee stammt aus dem fruchtbaren Hochland der <strong>Region Ruvuma\u00a0 im S\u00fcdwesten Tansanias.<\/strong><\/p>\n<p>Wir beziehen ihn vom &#8222;W\u00fcrzburger Partnerkaffee e.V.&#8220;. Seit vielen Jahren arbeiten dieser Verein eng mit einer Kaffeebauern-Kooperative zusammen. Jede gekaufte Packung Partnerkaffee unterst\u00fctzt durch fairen Handel die Kleinb\u00e4uerinnen und Kleinbauern vor Ort. Unser Zickenkaffee unterst\u00fctzt mit einer Abgabe von 50 Cent pro Kaffeepackung au\u00dferdem ein Bildungsprojekt im Norden von Tansania, n\u00e4mlich den Verein &#8222;Hilfe f\u00fcr die Massai e. V.&#8220;.<\/p>\n<p><img loading=\"lazy\" decoding=\"async\" class=\"alignnone wp-image-820\" src=\"https:\/\/weltlaeden.de\/gifhorn\/wp-content\/uploads\/sites\/168\/2022\/02\/zickenkaffee01.jpg\" alt=\"\" width=\"597\" height=\"307\" srcset=\"https:\/\/weltlaeden.de\/gifhorn\/wp-content\/uploads\/sites\/168\/2022\/02\/zickenkaffee01.jpg 999w, https:\/\/weltlaeden.de\/gifhorn\/wp-content\/uploads\/sites\/168\/2022\/02\/zickenkaffee01-300x154.jpg 300w, https:\/\/weltlaeden.de\/gifhorn\/wp-content\/uploads\/sites\/168\/2022\/02\/zickenkaffee01-768x395.jpg 768w\" sizes=\"auto, (max-width: 597px) 100vw, 597px\" \/><\/p>\n<p>Es gibt ihn in den Sorten:<br \/>\n<strong>Kaffee Bohne, Arabica<\/strong> Premiumkaffee, 100 % fair gehandelt.<br \/>\n<strong>R\u00f6stkaffee gemahlen<\/strong>, Arabica Premiumkaffee, 100 % fair gehandelt.<br \/>\n<strong>Espresso Bohne<\/strong>, Premiumkaffee, 100 % fair gehandelt.<br \/>\nUnser erstklassiger <strong>Arabica<\/strong> und auch der <strong>Espresso<\/strong> wird auf traditionelle Weise langsam in der Trommel ger\u00f6stet. Das schonende und aroma-intensive Langzeitr\u00f6stverfahren sorgt daf\u00fcr, dass sich Geschmacksnuancen optimal entfalten k\u00f6nnen. Das Resultat ist ein Kaffee, der im Gegensatz zur industriellen R\u00f6stung nicht nur besonders aromastark, sondern sehr s\u00e4urearm ist.<\/p>\n","protected":false},"excerpt":{"rendered":"<p>Kaffeegenuss aus Fairem Handel Dieser Premiumkaffee stammt aus dem fruchtbaren Hochland der Region Ruvuma\u00a0 im S\u00fcdwesten Tansanias. Wir beziehen ihn vom &#8222;W\u00fcrzburger Partnerkaffee e.V.&#8220;. Seit vielen Jahren arbeiten dieser Verein eng mit einer Kaffeebauern-Kooperative zusammen. Jede gekaufte Packung Partnerkaffee unterst\u00fctzt durch fairen Handel die Kleinb\u00e4uerinnen und Kleinbauern vor Ort. Unser Zickenkaffee unterst\u00fctzt mit einer Abgabe&hellip;<\/p>\n","protected":false},"author":244,"featured_media":0,"parent":0,"menu_order":0,"comment_status":"closed","ping_status":"closed","template":"","meta":{"footnotes":""},"class_list":["post-818","page","type-page","status-publish","hentry","description-off"],"yoast_head":"<!-- This site is optimized with the Yoast SEO plugin v26.8 - https:\/\/yoast.com\/product\/yoast-seo-wordpress\/ -->\n<title>Zickenkaffee - Weltladen Gifhorn<\/title>\n<meta name=\"robots\" content=\"index, follow, max-snippet:-1, max-image-preview:large, max-video-preview:-1\" \/>\n<link rel=\"canonical\" href=\"https:\/\/weltlaeden.de\/gifhorn\/zickenkaffee\/\" \/>\n<meta property=\"og:locale\" content=\"de_DE\" \/>\n<meta property=\"og:type\" content=\"article\" \/>\n<meta property=\"og:title\" content=\"Zickenkaffee - Weltladen Gifhorn\" \/>\n<meta property=\"og:description\" content=\"Kaffeegenuss aus Fairem Handel Dieser Premiumkaffee stammt aus dem fruchtbaren Hochland der Region Ruvuma\u00a0 im S\u00fcdwesten Tansanias. Wir beziehen ihn vom &#8222;W\u00fcrzburger Partnerkaffee e.V.&#8220;. Seit vielen Jahren arbeiten dieser Verein eng mit einer Kaffeebauern-Kooperative zusammen. Jede gekaufte Packung Partnerkaffee unterst\u00fctzt durch fairen Handel die Kleinb\u00e4uerinnen und Kleinbauern vor Ort. Unser Zickenkaffee unterst\u00fctzt mit einer Abgabe&hellip;\" \/>\n<meta property=\"og:url\" content=\"https:\/\/weltlaeden.de\/gifhorn\/zickenkaffee\/\" \/>\n<meta property=\"og:site_name\" content=\"Weltladen Gifhorn\" \/>\n<meta property=\"article:modified_time\" content=\"2022-02-14T17:26:30+00:00\" \/>\n<meta property=\"og:image\" content=\"https:\/\/weltlaeden.de\/gifhorn\/wp-content\/uploads\/sites\/168\/2022\/02\/zickenkaffee01.jpg\" \/>\n<meta name=\"twitter:card\" content=\"summary_large_image\" \/>\n<meta name=\"twitter:label1\" content=\"Gesch\u00e4tzte Lesezeit\" \/>\n\t<meta name=\"twitter:data1\" content=\"2\u00a0Minuten\" \/>\n<script type=\"application\/ld+json\" class=\"yoast-schema-graph\">{\"@context\":\"https:\/\/schema.org\",\"@graph\":[{\"@type\":\"WebPage\",\"@id\":\"https:\/\/weltlaeden.de\/gifhorn\/zickenkaffee\/\",\"url\":\"https:\/\/weltlaeden.de\/gifhorn\/zickenkaffee\/\",\"name\":\"Zickenkaffee - Weltladen Gifhorn\",\"isPartOf\":{\"@id\":\"https:\/\/weltlaeden.de\/gifhorn\/#website\"},\"primaryImageOfPage\":{\"@id\":\"https:\/\/weltlaeden.de\/gifhorn\/zickenkaffee\/#primaryimage\"},\"image\":{\"@id\":\"https:\/\/weltlaeden.de\/gifhorn\/zickenkaffee\/#primaryimage\"},\"thumbnailUrl\":\"https:\/\/weltlaeden.de\/gifhorn\/wp-content\/uploads\/sites\/168\/2022\/02\/zickenkaffee01.jpg\",\"datePublished\":\"2022-02-07T17:28:29+00:00\",\"dateModified\":\"2022-02-14T17:26:30+00:00\",\"breadcrumb\":{\"@id\":\"https:\/\/weltlaeden.de\/gifhorn\/zickenkaffee\/#breadcrumb\"},\"inLanguage\":\"de\",\"potentialAction\":[{\"@type\":\"ReadAction\",\"target\":[\"https:\/\/weltlaeden.de\/gifhorn\/zickenkaffee\/\"]}]},{\"@type\":\"ImageObject\",\"inLanguage\":\"de\",\"@id\":\"https:\/\/weltlaeden.de\/gifhorn\/zickenkaffee\/#primaryimage\",\"url\":\"https:\/\/weltlaeden.de\/gifhorn\/wp-content\/uploads\/sites\/168\/2022\/02\/zickenkaffee01.jpg\",\"contentUrl\":\"https:\/\/weltlaeden.de\/gifhorn\/wp-content\/uploads\/sites\/168\/2022\/02\/zickenkaffee01.jpg\",\"width\":999,\"height\":514},{\"@type\":\"BreadcrumbList\",\"@id\":\"https:\/\/weltlaeden.de\/gifhorn\/zickenkaffee\/#breadcrumb\",\"itemListElement\":[{\"@type\":\"ListItem\",\"position\":1,\"name\":\"Startseite\",\"item\":\"https:\/\/weltlaeden.de\/gifhorn\/\"},{\"@type\":\"ListItem\",\"position\":2,\"name\":\"Zickenkaffee\"}]},{\"@type\":\"WebSite\",\"@id\":\"https:\/\/weltlaeden.de\/gifhorn\/#website\",\"url\":\"https:\/\/weltlaeden.de\/gifhorn\/\",\"name\":\"Weltladen Gifhorn\",\"description\":\"Faire Produkte seit 1990\",\"potentialAction\":[{\"@type\":\"SearchAction\",\"target\":{\"@type\":\"EntryPoint\",\"urlTemplate\":\"https:\/\/weltlaeden.de\/gifhorn\/?s={search_term_string}\"},\"query-input\":{\"@type\":\"PropertyValueSpecification\",\"valueRequired\":true,\"valueName\":\"search_term_string\"}}],\"inLanguage\":\"de\"}]}<\/script>\n<!-- \/ Yoast SEO plugin. -->","yoast_head_json":{"title":"Zickenkaffee - Weltladen Gifhorn","robots":{"index":"index","follow":"follow","max-snippet":"max-snippet:-1","max-image-preview":"max-image-preview:large","max-video-preview":"max-video-preview:-1"},"canonical":"https:\/\/weltlaeden.de\/gifhorn\/zickenkaffee\/","og_locale":"de_DE","og_type":"article","og_title":"Zickenkaffee - Weltladen Gifhorn","og_description":"Kaffeegenuss aus Fairem Handel Dieser Premiumkaffee stammt aus dem fruchtbaren Hochland der Region Ruvuma\u00a0 im S\u00fcdwesten Tansanias. Wir beziehen ihn vom &#8222;W\u00fcrzburger Partnerkaffee e.V.&#8220;. Seit vielen Jahren arbeiten dieser Verein eng mit einer Kaffeebauern-Kooperative zusammen. Jede gekaufte Packung Partnerkaffee unterst\u00fctzt durch fairen Handel die Kleinb\u00e4uerinnen und Kleinbauern vor Ort. Unser Zickenkaffee unterst\u00fctzt mit einer Abgabe&hellip;","og_url":"https:\/\/weltlaeden.de\/gifhorn\/zickenkaffee\/","og_site_name":"Weltladen Gifhorn","article_modified_time":"2022-02-14T17:26:30+00:00","og_image":[{"url":"https:\/\/weltlaeden.de\/gifhorn\/wp-content\/uploads\/sites\/168\/2022\/02\/zickenkaffee01.jpg","type":"","width":"","height":""}],"twitter_card":"summary_large_image","twitter_misc":{"Gesch\u00e4tzte Lesezeit":"2\u00a0Minuten"},"schema":{"@context":"https:\/\/schema.org","@graph":[{"@type":"WebPage","@id":"https:\/\/weltlaeden.de\/gifhorn\/zickenkaffee\/","url":"https:\/\/weltlaeden.de\/gifhorn\/zickenkaffee\/","name":"Zickenkaffee - Weltladen Gifhorn","isPartOf":{"@id":"https:\/\/weltlaeden.de\/gifhorn\/#website"},"primaryImageOfPage":{"@id":"https:\/\/weltlaeden.de\/gifhorn\/zickenkaffee\/#primaryimage"},"image":{"@id":"https:\/\/weltlaeden.de\/gifhorn\/zickenkaffee\/#primaryimage"},"thumbnailUrl":"https:\/\/weltlaeden.de\/gifhorn\/wp-content\/uploads\/sites\/168\/2022\/02\/zickenkaffee01.jpg","datePublished":"2022-02-07T17:28:29+00:00","dateModified":"2022-02-14T17:26:30+00:00","breadcrumb":{"@id":"https:\/\/weltlaeden.de\/gifhorn\/zickenkaffee\/#breadcrumb"},"inLanguage":"de","potentialAction":[{"@type":"ReadAction","target":["https:\/\/weltlaeden.de\/gifhorn\/zickenkaffee\/"]}]},{"@type":"ImageObject","inLanguage":"de","@id":"https:\/\/weltlaeden.de\/gifhorn\/zickenkaffee\/#primaryimage","url":"https:\/\/weltlaeden.de\/gifhorn\/wp-content\/uploads\/sites\/168\/2022\/02\/zickenkaffee01.jpg","contentUrl":"https:\/\/weltlaeden.de\/gifhorn\/wp-content\/uploads\/sites\/168\/2022\/02\/zickenkaffee01.jpg","width":999,"height":514},{"@type":"BreadcrumbList","@id":"https:\/\/weltlaeden.de\/gifhorn\/zickenkaffee\/#breadcrumb","itemListElement":[{"@type":"ListItem","position":1,"name":"Startseite","item":"https:\/\/weltlaeden.de\/gifhorn\/"},{"@type":"ListItem","position":2,"name":"Zickenkaffee"}]},{"@type":"WebSite","@id":"https:\/\/weltlaeden.de\/gifhorn\/#website","url":"https:\/\/weltlaeden.de\/gifhorn\/","name":"Weltladen Gifhorn","description":"Faire Produkte seit 1990","potentialAction":[{"@type":"SearchAction","target":{"@type":"EntryPoint","urlTemplate":"https:\/\/weltlaeden.de\/gifhorn\/?s={search_term_string}"},"query-input":{"@type":"PropertyValueSpecification","valueRequired":true,"valueName":"search_term_string"}}],"inLanguage":"de"}]}},"_links":{"self":[{"href":"https:\/\/weltlaeden.de\/gifhorn\/wp-json\/wp\/v2\/pages\/818","targetHints":{"allow":["GET"]}}],"collection":[{"href":"https:\/\/weltlaeden.de\/gifhorn\/wp-json\/wp\/v2\/pages"}],"about":[{"href":"https:\/\/weltlaeden.de\/gifhorn\/wp-json\/wp\/v2\/types\/page"}],"author":[{"embeddable":true,"href":"https:\/\/weltlaeden.de\/gifhorn\/wp-json\/wp\/v2\/users\/244"}],"replies":[{"embeddable":true,"href":"https:\/\/weltlaeden.de\/gifhorn\/wp-json\/wp\/v2\/comments?post=818"}],"version-history":[{"count":9,"href":"https:\/\/weltlaeden.de\/gifhorn\/wp-json\/wp\/v2\/pages\/818\/revisions"}],"predecessor-version":[{"id":852,"href":"https:\/\/weltlaeden.de\/gifhorn\/wp-json\/wp\/v2\/pages\/818\/revisions\/852"}],"wp:attachment":[{"href":"https:\/\/weltlaeden.de\/gifhorn\/wp-json\/wp\/v2\/media?parent=818"}],"curies":[{"name":"wp","href":"https:\/\/api.w.org\/{rel}","templated":true}]}}