{"id":754,"date":"2021-11-15T21:35:13","date_gmt":"2021-11-15T20:35:13","guid":{"rendered":"https:\/\/weltlaeden.de\/gifhorn\/?page_id=754"},"modified":"2024-02-23T13:42:54","modified_gmt":"2024-02-23T12:42:54","slug":"verein-weltladen-gifhorn-e-v","status":"publish","type":"page","link":"https:\/\/weltlaeden.de\/gifhorn\/verein-weltladen-gifhorn-e-v\/","title":{"rendered":"Verein Weltladen Gifhorn e. V."},"content":{"rendered":"<h1><strong>Verein Weltladen Gifhorn e. V.<\/strong><\/h1>\n<p><img loading=\"lazy\" decoding=\"async\" class=\"alignnone size-full wp-image-758\" src=\"https:\/\/weltlaeden.de\/gifhorn\/wp-content\/uploads\/sites\/168\/2021\/11\/Weltladen_Logo01.jpg\" alt=\"\" width=\"1920\" height=\"449\" srcset=\"https:\/\/weltlaeden.de\/gifhorn\/wp-content\/uploads\/sites\/168\/2021\/11\/Weltladen_Logo01.jpg 1920w, https:\/\/weltlaeden.de\/gifhorn\/wp-content\/uploads\/sites\/168\/2021\/11\/Weltladen_Logo01-300x70.jpg 300w, https:\/\/weltlaeden.de\/gifhorn\/wp-content\/uploads\/sites\/168\/2021\/11\/Weltladen_Logo01-768x180.jpg 768w, https:\/\/weltlaeden.de\/gifhorn\/wp-content\/uploads\/sites\/168\/2021\/11\/Weltladen_Logo01-1024x239.jpg 1024w\" sizes=\"auto, (max-width: 1920px) 100vw, 1920px\" \/><\/p>\n<h2>Weltladen Gifhorn e.V.<\/h2>\n<h4>Cardenap 5, 38518 Gifhorn<\/h4>\n<p>Der Weltladen Gifhorn ist seit 2017 als eingetragener Verein organisiert. Unsere Aufgaben und Ziele sind der Betrieb des Weltladens Gifhorn, die F\u00f6rderung internationaler Gesinnung, der Toleranz auf allen Gebieten der Kultur, des V\u00f6lkerverst\u00e4ndigungsgedankens und der Entwicklungszusammenarbeit.<\/p>\n<p>Der Verein ist selbstlos t\u00e4tig und verfolgt nicht in erster Linie eigenwirtschaftliche Zwecke. Er ist als gemeinn\u00fctzig anerkannt.<\/p>\n<p>Als Mitglied im <a href=\"https:\/\/www.weltladen.de\/\">Weltladen-Dachverband e.V.<\/a> sind wir den international anerkannten <a href=\"https:\/\/www.weltladen-peine.de\/wp-content\/uploads\/2020\/12\/Die-10-Grundsaetze-des-Fairen-Handels.pdf\">Grunds\u00e4tzen des Fairen Handels<\/a> und der <a href=\"https:\/\/www.weltladen-peine.de\/wp-content\/uploads\/2021\/01\/5_konvention_der_weltlaeden_2019.pdf\">Konvention der Weltl\u00e4den<\/a> verpflichtet.<\/p>\n<p>Richtschnur f\u00fcr unser Handeln sind:<\/p>\n<ul>\n<li>Sozialvertr\u00e4glichkeit<\/li>\n<li>Umweltvertr\u00e4glichkeit<\/li>\n<li>Transparenz der Handelswege<\/li>\n<li>Demokratische Organisationsformen<\/li>\n<li>Kontinuit\u00e4t<\/li>\n<li>Non-Profit-Charakter<\/li>\n<\/ul>\n<p>&nbsp;<\/p>\n<h2>Die S\u00e4ulen unserer Arbeit<\/h2>\n<ul>\n<li>Handel: In unserem Weltladen handeln wir mit Produkten, die nach den <a href=\"https:\/\/www.weltladen-peine.de\/wp-content\/uploads\/2020\/12\/Die-10-Grundsaetze-des-Fairen-Handels.pdf\">Grunds\u00e4tzen des Fairen Handels<\/a> produziert werden.<\/li>\n<li>Politische Kampagnenarbeit: Mit der regelm\u00e4\u00dfigen Beteiligung an politischen Kampagnen, zum Beispiel j\u00e4hrlich am <a href=\"https:\/\/www.weltladen.de\/fuer-weltlaeden\/wiki\/76\">Weltladentag<\/a>, wirken wir darauf hin, die Regeln des Welthandels gerechter zu gestalten.<\/li>\n<li>Informations- und Bildungsarbeit: Unser Weltladen ist ein Lernort \u2013 f\u00fcr die Mitarbeiterinnen und Mitarbeiter ebenso wie f\u00fcr Schulklassen, Konfirmandinnen und Konfirmanden und anderen interessierten Gruppen.<\/li>\n<\/ul>\n<p>Erst alle drei Aktivit\u00e4ten machen die Weltladenarbeit rund.<\/p>\n<p><em>Gern beantworten wir Ihre weitergehenden Fragen!<br \/>\nSetzen Sie sich einfach hier mit uns in Verbindung.<\/em><\/p>\n<p>Die Satzung unseres Weltladens kann hier heruntergeladen werden.<\/p>\n<p><a href=\"https:\/\/weltlaeden.de\/gifhorn\/wp-content\/uploads\/sites\/168\/2024\/02\/Satzung-Weltladenverein-Gifhorn.pdf\">Satzung Weltladenverein Gifhorn<\/a><\/p>\n<h3><u>Mitglieder<\/u><\/h3>\n<p>Mitglieder des Vereins k\u00f6nnen nat\u00fcrliche oder juristische Personen sein, die die Ziele des Vereins \u201eWeltladen Gifhorn\u201c unterst\u00fctzen und seinen Grunds\u00e4tzen verbunden sind. Die Aufnahme in den Verein erfolgt durch den Vorstand. Die Mitgliedschaft ist nicht \u00fcbertragbar und nicht vererblich.<\/p>\n<p><a href=\"https:\/\/weltlaeden.de\/gifhorn\/wp-content\/uploads\/sites\/168\/2024\/02\/Beitrittsformular_Weltladen_Gf.pdf\">Beitrittsformular_Weltladen_Gf<\/a><\/p>\n<p>Dieses Beitrittsformular bitte an den Weltladen zur\u00fcck. Danke!.<\/p>\n<h3><u>Vorstand<\/u><\/h3>\n<p>Dem Vorstand geh\u00f6ren an:<\/p>\n<p>Sonnhild Baucke, Martin Wrasmann, Christa Bausch<\/p>\n<p><img loading=\"lazy\" decoding=\"async\" class=\"alignnone wp-image-841\" src=\"https:\/\/weltlaeden.de\/gifhorn\/wp-content\/uploads\/sites\/168\/2022\/02\/IMG_20211117_140219-scaled.jpg\" alt=\"\" width=\"533\" height=\"400\" srcset=\"https:\/\/weltlaeden.de\/gifhorn\/wp-content\/uploads\/sites\/168\/2022\/02\/IMG_20211117_140219-scaled.jpg 1920w, https:\/\/weltlaeden.de\/gifhorn\/wp-content\/uploads\/sites\/168\/2022\/02\/IMG_20211117_140219-300x225.jpg 300w, https:\/\/weltlaeden.de\/gifhorn\/wp-content\/uploads\/sites\/168\/2022\/02\/IMG_20211117_140219-1024x768.jpg 1024w, https:\/\/weltlaeden.de\/gifhorn\/wp-content\/uploads\/sites\/168\/2022\/02\/IMG_20211117_140219-768x576.jpg 768w, https:\/\/weltlaeden.de\/gifhorn\/wp-content\/uploads\/sites\/168\/2022\/02\/IMG_20211117_140219-1536x1152.jpg 1536w, https:\/\/weltlaeden.de\/gifhorn\/wp-content\/uploads\/sites\/168\/2022\/02\/IMG_20211117_140219-2048x1536.jpg 2048w\" sizes=\"auto, (max-width: 533px) 100vw, 533px\" \/><\/p>\n<p><strong><u>Berichte<\/u><\/strong><\/p>\n<p>&nbsp;<\/p>\n<p>\u2026 Berichte aus den letzten Jahren der Vereinsversammlungen &#8230;\u00a0 IN BEARBEITUNG!<\/p>\n","protected":false},"excerpt":{"rendered":"<p>Verein Weltladen Gifhorn e. V. Weltladen Gifhorn e.V. Cardenap 5, 38518 Gifhorn Der Weltladen Gifhorn ist seit 2017 als eingetragener Verein organisiert. Unsere Aufgaben und Ziele sind der Betrieb des Weltladens Gifhorn, die F\u00f6rderung internationaler Gesinnung, der Toleranz auf allen Gebieten der Kultur, des V\u00f6lkerverst\u00e4ndigungsgedankens und der Entwicklungszusammenarbeit. Der Verein ist selbstlos t\u00e4tig und verfolgt&hellip;<\/p>\n","protected":false},"author":244,"featured_media":0,"parent":0,"menu_order":0,"comment_status":"closed","ping_status":"closed","template":"","meta":{"footnotes":""},"class_list":["post-754","page","type-page","status-publish","hentry","description-off"],"yoast_head":"<!-- This site is optimized with the Yoast SEO plugin v26.8 - https:\/\/yoast.com\/product\/yoast-seo-wordpress\/ -->\n<title>Verein Weltladen Gifhorn e. V. - Weltladen Gifhorn<\/title>\n<meta name=\"robots\" content=\"index, follow, max-snippet:-1, max-image-preview:large, max-video-preview:-1\" \/>\n<link rel=\"canonical\" href=\"https:\/\/weltlaeden.de\/gifhorn\/verein-weltladen-gifhorn-e-v\/\" \/>\n<meta property=\"og:locale\" content=\"de_DE\" \/>\n<meta property=\"og:type\" content=\"article\" \/>\n<meta property=\"og:title\" content=\"Verein Weltladen Gifhorn e. V. - Weltladen Gifhorn\" \/>\n<meta property=\"og:description\" content=\"Verein Weltladen Gifhorn e. V. Weltladen Gifhorn e.V. Cardenap 5, 38518 Gifhorn Der Weltladen Gifhorn ist seit 2017 als eingetragener Verein organisiert. Unsere Aufgaben und Ziele sind der Betrieb des Weltladens Gifhorn, die F\u00f6rderung internationaler Gesinnung, der Toleranz auf allen Gebieten der Kultur, des V\u00f6lkerverst\u00e4ndigungsgedankens und der Entwicklungszusammenarbeit. Der Verein ist selbstlos t\u00e4tig und verfolgt&hellip;\" \/>\n<meta property=\"og:url\" content=\"https:\/\/weltlaeden.de\/gifhorn\/verein-weltladen-gifhorn-e-v\/\" \/>\n<meta property=\"og:site_name\" content=\"Weltladen Gifhorn\" \/>\n<meta property=\"article:modified_time\" content=\"2024-02-23T12:42:54+00:00\" \/>\n<meta property=\"og:image\" content=\"https:\/\/weltlaeden.de\/gifhorn\/wp-content\/uploads\/sites\/168\/2021\/11\/Weltladen_Logo01.jpg\" \/>\n<meta name=\"twitter:card\" content=\"summary_large_image\" \/>\n<meta name=\"twitter:label1\" content=\"Gesch\u00e4tzte Lesezeit\" \/>\n\t<meta name=\"twitter:data1\" content=\"2\u00a0Minuten\" \/>\n<script type=\"application\/ld+json\" class=\"yoast-schema-graph\">{\"@context\":\"https:\/\/schema.org\",\"@graph\":[{\"@type\":\"WebPage\",\"@id\":\"https:\/\/weltlaeden.de\/gifhorn\/verein-weltladen-gifhorn-e-v\/\",\"url\":\"https:\/\/weltlaeden.de\/gifhorn\/verein-weltladen-gifhorn-e-v\/\",\"name\":\"Verein Weltladen Gifhorn e. V. - Weltladen Gifhorn\",\"isPartOf\":{\"@id\":\"https:\/\/weltlaeden.de\/gifhorn\/#website\"},\"primaryImageOfPage\":{\"@id\":\"https:\/\/weltlaeden.de\/gifhorn\/verein-weltladen-gifhorn-e-v\/#primaryimage\"},\"image\":{\"@id\":\"https:\/\/weltlaeden.de\/gifhorn\/verein-weltladen-gifhorn-e-v\/#primaryimage\"},\"thumbnailUrl\":\"https:\/\/weltlaeden.de\/gifhorn\/wp-content\/uploads\/sites\/168\/2021\/11\/Weltladen_Logo01.jpg\",\"datePublished\":\"2021-11-15T20:35:13+00:00\",\"dateModified\":\"2024-02-23T12:42:54+00:00\",\"breadcrumb\":{\"@id\":\"https:\/\/weltlaeden.de\/gifhorn\/verein-weltladen-gifhorn-e-v\/#breadcrumb\"},\"inLanguage\":\"de\",\"potentialAction\":[{\"@type\":\"ReadAction\",\"target\":[\"https:\/\/weltlaeden.de\/gifhorn\/verein-weltladen-gifhorn-e-v\/\"]}]},{\"@type\":\"ImageObject\",\"inLanguage\":\"de\",\"@id\":\"https:\/\/weltlaeden.de\/gifhorn\/verein-weltladen-gifhorn-e-v\/#primaryimage\",\"url\":\"https:\/\/weltlaeden.de\/gifhorn\/wp-content\/uploads\/sites\/168\/2021\/11\/Weltladen_Logo01.jpg\",\"contentUrl\":\"https:\/\/weltlaeden.de\/gifhorn\/wp-content\/uploads\/sites\/168\/2021\/11\/Weltladen_Logo01.jpg\",\"width\":1920,\"height\":449},{\"@type\":\"BreadcrumbList\",\"@id\":\"https:\/\/weltlaeden.de\/gifhorn\/verein-weltladen-gifhorn-e-v\/#breadcrumb\",\"itemListElement\":[{\"@type\":\"ListItem\",\"position\":1,\"name\":\"Startseite\",\"item\":\"https:\/\/weltlaeden.de\/gifhorn\/\"},{\"@type\":\"ListItem\",\"position\":2,\"name\":\"Verein Weltladen Gifhorn e. V.\"}]},{\"@type\":\"WebSite\",\"@id\":\"https:\/\/weltlaeden.de\/gifhorn\/#website\",\"url\":\"https:\/\/weltlaeden.de\/gifhorn\/\",\"name\":\"Weltladen Gifhorn\",\"description\":\"Faire Produkte seit 1990\",\"potentialAction\":[{\"@type\":\"SearchAction\",\"target\":{\"@type\":\"EntryPoint\",\"urlTemplate\":\"https:\/\/weltlaeden.de\/gifhorn\/?s={search_term_string}\"},\"query-input\":{\"@type\":\"PropertyValueSpecification\",\"valueRequired\":true,\"valueName\":\"search_term_string\"}}],\"inLanguage\":\"de\"}]}<\/script>\n<!-- \/ Yoast SEO plugin. -->","yoast_head_json":{"title":"Verein Weltladen Gifhorn e. V. - Weltladen Gifhorn","robots":{"index":"index","follow":"follow","max-snippet":"max-snippet:-1","max-image-preview":"max-image-preview:large","max-video-preview":"max-video-preview:-1"},"canonical":"https:\/\/weltlaeden.de\/gifhorn\/verein-weltladen-gifhorn-e-v\/","og_locale":"de_DE","og_type":"article","og_title":"Verein Weltladen Gifhorn e. V. - Weltladen Gifhorn","og_description":"Verein Weltladen Gifhorn e. V. Weltladen Gifhorn e.V. Cardenap 5, 38518 Gifhorn Der Weltladen Gifhorn ist seit 2017 als eingetragener Verein organisiert. Unsere Aufgaben und Ziele sind der Betrieb des Weltladens Gifhorn, die F\u00f6rderung internationaler Gesinnung, der Toleranz auf allen Gebieten der Kultur, des V\u00f6lkerverst\u00e4ndigungsgedankens und der Entwicklungszusammenarbeit. Der Verein ist selbstlos t\u00e4tig und verfolgt&hellip;","og_url":"https:\/\/weltlaeden.de\/gifhorn\/verein-weltladen-gifhorn-e-v\/","og_site_name":"Weltladen Gifhorn","article_modified_time":"2024-02-23T12:42:54+00:00","og_image":[{"url":"https:\/\/weltlaeden.de\/gifhorn\/wp-content\/uploads\/sites\/168\/2021\/11\/Weltladen_Logo01.jpg","type":"","width":"","height":""}],"twitter_card":"summary_large_image","twitter_misc":{"Gesch\u00e4tzte Lesezeit":"2\u00a0Minuten"},"schema":{"@context":"https:\/\/schema.org","@graph":[{"@type":"WebPage","@id":"https:\/\/weltlaeden.de\/gifhorn\/verein-weltladen-gifhorn-e-v\/","url":"https:\/\/weltlaeden.de\/gifhorn\/verein-weltladen-gifhorn-e-v\/","name":"Verein Weltladen Gifhorn e. V. - Weltladen Gifhorn","isPartOf":{"@id":"https:\/\/weltlaeden.de\/gifhorn\/#website"},"primaryImageOfPage":{"@id":"https:\/\/weltlaeden.de\/gifhorn\/verein-weltladen-gifhorn-e-v\/#primaryimage"},"image":{"@id":"https:\/\/weltlaeden.de\/gifhorn\/verein-weltladen-gifhorn-e-v\/#primaryimage"},"thumbnailUrl":"https:\/\/weltlaeden.de\/gifhorn\/wp-content\/uploads\/sites\/168\/2021\/11\/Weltladen_Logo01.jpg","datePublished":"2021-11-15T20:35:13+00:00","dateModified":"2024-02-23T12:42:54+00:00","breadcrumb":{"@id":"https:\/\/weltlaeden.de\/gifhorn\/verein-weltladen-gifhorn-e-v\/#breadcrumb"},"inLanguage":"de","potentialAction":[{"@type":"ReadAction","target":["https:\/\/weltlaeden.de\/gifhorn\/verein-weltladen-gifhorn-e-v\/"]}]},{"@type":"ImageObject","inLanguage":"de","@id":"https:\/\/weltlaeden.de\/gifhorn\/verein-weltladen-gifhorn-e-v\/#primaryimage","url":"https:\/\/weltlaeden.de\/gifhorn\/wp-content\/uploads\/sites\/168\/2021\/11\/Weltladen_Logo01.jpg","contentUrl":"https:\/\/weltlaeden.de\/gifhorn\/wp-content\/uploads\/sites\/168\/2021\/11\/Weltladen_Logo01.jpg","width":1920,"height":449},{"@type":"BreadcrumbList","@id":"https:\/\/weltlaeden.de\/gifhorn\/verein-weltladen-gifhorn-e-v\/#breadcrumb","itemListElement":[{"@type":"ListItem","position":1,"name":"Startseite","item":"https:\/\/weltlaeden.de\/gifhorn\/"},{"@type":"ListItem","position":2,"name":"Verein Weltladen Gifhorn e. V."}]},{"@type":"WebSite","@id":"https:\/\/weltlaeden.de\/gifhorn\/#website","url":"https:\/\/weltlaeden.de\/gifhorn\/","name":"Weltladen Gifhorn","description":"Faire Produkte seit 1990","potentialAction":[{"@type":"SearchAction","target":{"@type":"EntryPoint","urlTemplate":"https:\/\/weltlaeden.de\/gifhorn\/?s={search_term_string}"},"query-input":{"@type":"PropertyValueSpecification","valueRequired":true,"valueName":"search_term_string"}}],"inLanguage":"de"}]}},"_links":{"self":[{"href":"https:\/\/weltlaeden.de\/gifhorn\/wp-json\/wp\/v2\/pages\/754","targetHints":{"allow":["GET"]}}],"collection":[{"href":"https:\/\/weltlaeden.de\/gifhorn\/wp-json\/wp\/v2\/pages"}],"about":[{"href":"https:\/\/weltlaeden.de\/gifhorn\/wp-json\/wp\/v2\/types\/page"}],"author":[{"embeddable":true,"href":"https:\/\/weltlaeden.de\/gifhorn\/wp-json\/wp\/v2\/users\/244"}],"replies":[{"embeddable":true,"href":"https:\/\/weltlaeden.de\/gifhorn\/wp-json\/wp\/v2\/comments?post=754"}],"version-history":[{"count":11,"href":"https:\/\/weltlaeden.de\/gifhorn\/wp-json\/wp\/v2\/pages\/754\/revisions"}],"predecessor-version":[{"id":1314,"href":"https:\/\/weltlaeden.de\/gifhorn\/wp-json\/wp\/v2\/pages\/754\/revisions\/1314"}],"wp:attachment":[{"href":"https:\/\/weltlaeden.de\/gifhorn\/wp-json\/wp\/v2\/media?parent=754"}],"curies":[{"name":"wp","href":"https:\/\/api.w.org\/{rel}","templated":true}]}}