{"id":624,"date":"2021-10-19T19:59:06","date_gmt":"2021-10-19T17:59:40","guid":{"rendered":"https:\/\/weltlaeden.de\/gifhorn\/handelspartner-portrait-canaan-2\/"},"modified":"2025-08-26T14:18:27","modified_gmt":"2025-08-26T12:18:27","slug":"faire-kleidung","status":"publish","type":"page","link":"https:\/\/weltlaeden.de\/gifhorn\/faire-kleidung\/","title":{"rendered":"Faire Kleidung"},"content":{"rendered":"<div class=\"wpb-content-wrapper\"><p>[vc_row][vc_column]<div class=\"wl_einzelbild\"><p><img loading=\"lazy\" decoding=\"async\" class=\"alignnone size-full wp-image-636\" src=\"https:\/\/weltlaeden.de\/gifhorn\/wp-content\/uploads\/sites\/168\/2021\/10\/faire-kleidung-team-p1.jpg\" alt=\"\" width=\"1200\" height=\"500\" srcset=\"https:\/\/weltlaeden.de\/gifhorn\/wp-content\/uploads\/sites\/168\/2021\/10\/faire-kleidung-team-p1.jpg 1200w, https:\/\/weltlaeden.de\/gifhorn\/wp-content\/uploads\/sites\/168\/2021\/10\/faire-kleidung-team-p1-300x125.jpg 300w, https:\/\/weltlaeden.de\/gifhorn\/wp-content\/uploads\/sites\/168\/2021\/10\/faire-kleidung-team-p1-768x320.jpg 768w, https:\/\/weltlaeden.de\/gifhorn\/wp-content\/uploads\/sites\/168\/2021\/10\/faire-kleidung-team-p1-1024x427.jpg 1024w\" sizes=\"auto, (max-width: 1200px) 100vw, 1200px\" \/><\/p><\/div>[vc_empty_space][\/vc_column][\/vc_row][vc_row][vc_column][vc_column_text]<span style=\"color: #808080\"><strong><em>Handelspartner-Portrait<\/em><\/strong><\/span><\/p>\n<h1>Faire Kleidung<\/h1>\n<p><strong>Warum faire Kleidung?<\/strong><\/p>\n<ul>\n<li>Fair Fashion achtet auf eine minimale Belastung der Umwelt. Ob Bio-Baumwolle, umweltfreundliche F\u00e4rbeprozesse, innovative nachwachsende Materialien oder upgecycelte oder recycelte Stoffe.<\/li>\n<li>Fair Fashion setzt sich f\u00fcr faire Entlohnung und ethisch korrekte Arbeitsbedingungen ein<\/li>\n<li>Langlebige faire Kleidung statt Wegwerf-Klamotten<\/li>\n<li>Fair Fashion unterst\u00fctzt in der Regel kleine Unternehmen statt riesige Ketten. Faire Modelabels wurden mit einer Vision gegr\u00fcndet; Mode die Spa\u00df macht und trotzdem positive Auswirkungen auf unsere Umwelt und Mitmenschen haben kann.<\/li>\n<li>Mode mit gutem Gewissen tragen und den Wert der Kleidung sch\u00e4tzen.<\/li>\n<\/ul>\n<p>&nbsp;<\/p>\n<h2><strong><img loading=\"lazy\" decoding=\"async\" class=\"alignnone size-full wp-image-1141\" src=\"https:\/\/weltlaeden.de\/gifhorn\/wp-content\/uploads\/sites\/168\/2023\/01\/Set-Card_Masai.jpg\" alt=\"\" width=\"1018\" height=\"652\" \/><\/strong><\/h2>\n<h2><strong>MASAI<\/strong><\/h2>\n<p>Wir haben jetzt bei uns im Weltladen ein neues faires Modelabel \u2013 MASAI aus Kopenhagen.<\/p>\n<p>Wir haben uns daf\u00fcr entschieden, das d\u00e4nische Label bei uns aufzunehmen, weil wir gerne unseren Kundinnen hochwertige, faire Mode anbieten wollten, mit gutem Tragegef\u00fchl,<br \/>\nd.h. optimalen Schnitten f\u00fcr die weibliche Silhouette.<br \/>\nDas Gute, MASAI bietet unterschiedliche Schnitte an, von figurbetont bis oversized, so dass wir hier mit Gr\u00f6\u00dfe XXL, die Kleidergr\u00f6\u00dfe 52 unseren Kundinnen anbieten k\u00f6nnen.<\/p>\n<p>MASAI ist Mitglied des FSC (Forest Stewardship Council) und hat 2020 die ersten Viskose-Lieferketten mit FSC-Produktzertifizierung aufgebaut. Zudem ist MASAI Canopy-Partner und unterst\u00fctzt Ans\u00e4tze und Systeme, bei denen keine alten und gef\u00e4hrdete W\u00e4lder f\u00fcr Zellulose-Fasermaterialien, Verpackungen und Papierartikel genutzt werden.<\/p>\n<p>Als FSC-Mitglied und Canopy-Partner fordert MASAI von seinen Lieferanten, die Allgemeine Erkl\u00e4rung der Menschrechte zu respektieren und die Rechte, Gewohnheitsrechte und Nutzungsrechte der indigenen und l\u00e4ndlichen Gemeinschaften an ihren Territorien, ihrem Land und ihren Ressourcen anzuerkennen.<\/p>\n<p>[\/vc_column_text][vc_empty_space height=&#8220;64px&#8220;][\/vc_column][\/vc_row][vc_row][vc_column]<div class=\"wl_einzelbild\"><p>\u00a0<img loading=\"lazy\" decoding=\"async\" class=\"alignnone size-full wp-image-628\" src=\"https:\/\/weltlaeden.de\/gifhorn\/wp-content\/uploads\/sites\/168\/2021\/10\/madness-weltladen-gifhorn-p1.jpg\" alt=\"\" width=\"1018\" height=\"652\" srcset=\"https:\/\/weltlaeden.de\/gifhorn\/wp-content\/uploads\/sites\/168\/2021\/10\/madness-weltladen-gifhorn-p1.jpg 1018w, https:\/\/weltlaeden.de\/gifhorn\/wp-content\/uploads\/sites\/168\/2021\/10\/madness-weltladen-gifhorn-p1-300x192.jpg 300w, https:\/\/weltlaeden.de\/gifhorn\/wp-content\/uploads\/sites\/168\/2021\/10\/madness-weltladen-gifhorn-p1-768x492.jpg 768w\" sizes=\"auto, (max-width: 1018px) 100vw, 1018px\" \/> <\/p><\/div>[vc_column_text]<\/p>\n<h2><strong>MADNESS<\/strong><\/h2>\n<p style=\"text-align: left\">MADNESS engagiert sich f\u00fcr echte Nachhaltigkeit in der gesamten Lieferkette. Anspruchsvolle Zertifizierung (GOTS) und vor allem eine Mitgliedschaft in der Fair Wear Foundation (FWF) spiegelt das Engagement f\u00fcr nachhaltige Praktiken von MADNESS wieder. MADNESS ist auf Damenkleidung aus Naturmaterialien wie Baumwolle, Wolle, Leinen oder Hanf spezialisiert.[\/vc_column_text][vc_empty_space height=&#8220;64px&#8220;][\/vc_column][\/vc_row][vc_row][vc_column]<div class=\"wl_einzelbild\"><p><\/p><\/div>[vc_column_text]<\/p>\n<p><img loading=\"lazy\" decoding=\"async\" class=\"alignnone size-full wp-image-638\" src=\"https:\/\/weltlaeden.de\/gifhorn\/wp-content\/uploads\/sites\/168\/2021\/10\/bloomers-weltladen-gifhorn-p3.jpg\" alt=\"\" width=\"1018\" height=\"652\" srcset=\"https:\/\/weltlaeden.de\/gifhorn\/wp-content\/uploads\/sites\/168\/2021\/10\/bloomers-weltladen-gifhorn-p3.jpg 1018w, https:\/\/weltlaeden.de\/gifhorn\/wp-content\/uploads\/sites\/168\/2021\/10\/bloomers-weltladen-gifhorn-p3-300x192.jpg 300w, https:\/\/weltlaeden.de\/gifhorn\/wp-content\/uploads\/sites\/168\/2021\/10\/bloomers-weltladen-gifhorn-p3-768x492.jpg 768w\" sizes=\"auto, (max-width: 1018px) 100vw, 1018px\" \/>[\/einzelbild][vc_column_text]<\/p>\n<h2><strong>Bloomers<\/strong><\/h2>\n<p>Bloomers &#8211; die gr\u00fcne Art Hosen zu tragen.<\/p>\n<p>Vom Rohstoff bis zur fertigen Hose &#8211; die gesamte textile Fertigungskette wird kontrolliert. Alle Lieferanten mit denen Bloomers zusammenarbeitet sind GOTS-zertifiziert. Die Baumwolle wird in der T\u00fcrkei und Deutschland gewebt. Leinen und Wolle in \u00d6sterreich. F\u00fcr die Firma bloomers geh\u00f6rt soziale Verantwortung und Umweltschutz zu den wichtigsten Kernpunkten ihrer Firmenphilosophie.<\/p>\n<p>Der Label Name Bloomers ist angelehnt an die amerikanische Frauenrechtlerin Amelia Bloomer. Sie setzte sich in den 1850er-Jahren unter anderem f\u00fcr die Reform der Kleidung ein und pr\u00e4sentierte die erste Hose f\u00fcr Frauen. F\u00fcr die damalige Zeit v\u00f6llig ungew\u00f6hnlich und neu!<br \/>\n[\/vc_column_text][vc_empty_space height=&#8220;64px&#8220;][\/vc_column][\/vc_row][vc_row][vc_column]<div class=\"wl_einzelbild\"><p><img loading=\"lazy\" decoding=\"async\" class=\"alignnone wp-image-779 size-full\" src=\"https:\/\/weltlaeden.de\/gifhorn\/wp-content\/uploads\/sites\/168\/2021\/11\/brandless_Werbefoto.png\" alt=\"\" width=\"1018\" height=\"652\" srcset=\"https:\/\/weltlaeden.de\/gifhorn\/wp-content\/uploads\/sites\/168\/2021\/11\/brandless_Werbefoto.png 1018w, https:\/\/weltlaeden.de\/gifhorn\/wp-content\/uploads\/sites\/168\/2021\/11\/brandless_Werbefoto-300x192.png 300w, https:\/\/weltlaeden.de\/gifhorn\/wp-content\/uploads\/sites\/168\/2021\/11\/brandless_Werbefoto-768x492.png 768w\" sizes=\"auto, (max-width: 1018px) 100vw, 1018px\" \/><\/p><\/div>[vc_column_text]<\/p>\n<h2><strong>Brandless<\/strong><\/h2>\n<p>brandless legt besonderen Wert auf Fairness und Nachhaltigkeit und bieten Wohlf\u00fchlkleidung zu angemessenen Preisen. F\u00fcr ihre Textilien verwenden brandless ausschlie\u00dflich umweltfreundliche und zertifizierte Materialien. Das junge und ambitionierte Modelabel stellt \u00f6ko-faire Kleidung ohne Logo her.[\/vc_column_text][vc_empty_space height=&#8220;64px&#8220;][\/vc_column][\/vc_row][vc_row][vc_column][vc_empty_space height=&#8220;20px&#8220;][\/vc_column][\/vc_row]<\/p>\n<h2><strong><img loading=\"lazy\" decoding=\"async\" class=\"alignnone size-full wp-image-933\" src=\"https:\/\/weltlaeden.de\/gifhorn\/wp-content\/uploads\/sites\/168\/2022\/03\/Greenbomb_Werbefoto.png\" alt=\"\" width=\"1018\" height=\"652\" srcset=\"https:\/\/weltlaeden.de\/gifhorn\/wp-content\/uploads\/sites\/168\/2022\/03\/Greenbomb_Werbefoto.png 1018w, https:\/\/weltlaeden.de\/gifhorn\/wp-content\/uploads\/sites\/168\/2022\/03\/Greenbomb_Werbefoto-300x192.png 300w, https:\/\/weltlaeden.de\/gifhorn\/wp-content\/uploads\/sites\/168\/2022\/03\/Greenbomb_Werbefoto-768x492.png 768w\" sizes=\"auto, (max-width: 1018px) 100vw, 1018px\" \/><\/strong><\/h2>\n<h2><strong>GREENBOMB<\/strong><\/h2>\n<p align=\"justify\">GREENBOMB ist ein wachsendes, nachhaltiges Modelabel aus Halle und wurde 2015 gegr\u00fcndet &#8211; mit der Motivation gemeinsam sch\u00f6ne und faire Mode zu schaffen. Sie ist auf Dauer angelegt und sieht Mode anders. Statt Produkte zu schaffen, die nicht lange halten, geht es um vielseitige, hochwertige, urbane Kleidungsst\u00fccke aus Bio-Baumwolle, TENCEL\u2122, EcoVero\u2122 und Bambus, die \u00fcber Trends hinausgehen &#8211; zu fairen Preisen und Konditionen f\u00fcr alle Glieder der Kette.<b><\/b><\/p>\n<p align=\"justify\">Auch beim Drucken und Veredeln der Ware in Deutschland arbeiten GREENBOMB so schlank und umweltfreundlich wie m\u00f6glich. So wird nur mit nachhaltigen Druckfarben gearbeitet und sie produzieren nur das, was wirklich gebraucht wird. Zus\u00e4tzlich versuchen sie Plastik zu vermeiden und arbeiten daran, in Zukunft ganz darauf zu verzichten.<a name=\"_GoBack\"><\/a><\/p>\n<p align=\"justify\">\n<\/div>","protected":false},"excerpt":{"rendered":"<p>[vc_row][vc_column][vc_empty_space][\/vc_column][\/vc_row][vc_row][vc_column][vc_column_text]Handelspartner-Portrait Faire Kleidung Warum faire Kleidung? Fair Fashion achtet auf eine minimale Belastung der Umwelt. Ob Bio-Baumwolle, umweltfreundliche F\u00e4rbeprozesse, innovative nachwachsende Materialien oder upgecycelte oder recycelte Stoffe. Fair Fashion setzt sich f\u00fcr faire Entlohnung und ethisch korrekte Arbeitsbedingungen ein Langlebige faire Kleidung statt Wegwerf-Klamotten Fair Fashion unterst\u00fctzt in der Regel kleine Unternehmen statt riesige Ketten.&hellip;<\/p>\n","protected":false},"author":14,"featured_media":0,"parent":0,"menu_order":1,"comment_status":"closed","ping_status":"closed","template":"","meta":{"footnotes":""},"class_list":["post-624","page","type-page","status-publish","hentry","description-off"],"yoast_head":"<!-- This site is optimized with the Yoast SEO plugin v26.8 - https:\/\/yoast.com\/product\/yoast-seo-wordpress\/ -->\n<title>Faire Kleidung - Weltladen Gifhorn<\/title>\n<meta name=\"robots\" content=\"index, follow, max-snippet:-1, max-image-preview:large, max-video-preview:-1\" \/>\n<link rel=\"canonical\" href=\"https:\/\/weltlaeden.de\/gifhorn\/faire-kleidung\/\" \/>\n<meta property=\"og:locale\" content=\"de_DE\" \/>\n<meta property=\"og:type\" content=\"article\" \/>\n<meta property=\"og:title\" content=\"Faire Kleidung - Weltladen Gifhorn\" \/>\n<meta property=\"og:description\" content=\"[vc_row][vc_column][vc_empty_space][\/vc_column][\/vc_row][vc_row][vc_column][vc_column_text]Handelspartner-Portrait Faire Kleidung Warum faire Kleidung? Fair Fashion achtet auf eine minimale Belastung der Umwelt. Ob Bio-Baumwolle, umweltfreundliche F\u00e4rbeprozesse, innovative nachwachsende Materialien oder upgecycelte oder recycelte Stoffe. Fair Fashion setzt sich f\u00fcr faire Entlohnung und ethisch korrekte Arbeitsbedingungen ein Langlebige faire Kleidung statt Wegwerf-Klamotten Fair Fashion unterst\u00fctzt in der Regel kleine Unternehmen statt riesige Ketten.&hellip;\" \/>\n<meta property=\"og:url\" content=\"https:\/\/weltlaeden.de\/gifhorn\/faire-kleidung\/\" \/>\n<meta property=\"og:site_name\" content=\"Weltladen Gifhorn\" \/>\n<meta property=\"article:modified_time\" content=\"2025-08-26T12:18:27+00:00\" \/>\n<meta property=\"og:image\" content=\"https:\/\/weltlaeden.de\/gifhorn\/wp-content\/uploads\/sites\/168\/2021\/10\/faire-kleidung-team-p1.jpg\" \/>\n\t<meta property=\"og:image:width\" content=\"1200\" \/>\n\t<meta property=\"og:image:height\" content=\"500\" \/>\n\t<meta property=\"og:image:type\" content=\"image\/jpeg\" \/>\n<meta name=\"twitter:card\" content=\"summary_large_image\" \/>\n<meta name=\"twitter:label1\" content=\"Gesch\u00e4tzte Lesezeit\" \/>\n\t<meta name=\"twitter:data1\" content=\"5\u00a0Minuten\" \/>\n<script type=\"application\/ld+json\" class=\"yoast-schema-graph\">{\"@context\":\"https:\/\/schema.org\",\"@graph\":[{\"@type\":\"WebPage\",\"@id\":\"https:\/\/weltlaeden.de\/gifhorn\/faire-kleidung\/\",\"url\":\"https:\/\/weltlaeden.de\/gifhorn\/faire-kleidung\/\",\"name\":\"Faire Kleidung - Weltladen Gifhorn\",\"isPartOf\":{\"@id\":\"https:\/\/weltlaeden.de\/gifhorn\/#website\"},\"primaryImageOfPage\":{\"@id\":\"https:\/\/weltlaeden.de\/gifhorn\/faire-kleidung\/#primaryimage\"},\"image\":{\"@id\":\"https:\/\/weltlaeden.de\/gifhorn\/faire-kleidung\/#primaryimage\"},\"thumbnailUrl\":\"https:\/\/weltlaeden.de\/gifhorn\/wp-content\/uploads\/sites\/168\/2021\/10\/faire-kleidung-team-p1.jpg\",\"datePublished\":\"2021-10-19T17:59:40+00:00\",\"dateModified\":\"2025-08-26T12:18:27+00:00\",\"breadcrumb\":{\"@id\":\"https:\/\/weltlaeden.de\/gifhorn\/faire-kleidung\/#breadcrumb\"},\"inLanguage\":\"de\",\"potentialAction\":[{\"@type\":\"ReadAction\",\"target\":[\"https:\/\/weltlaeden.de\/gifhorn\/faire-kleidung\/\"]}]},{\"@type\":\"ImageObject\",\"inLanguage\":\"de\",\"@id\":\"https:\/\/weltlaeden.de\/gifhorn\/faire-kleidung\/#primaryimage\",\"url\":\"https:\/\/weltlaeden.de\/gifhorn\/wp-content\/uploads\/sites\/168\/2021\/10\/faire-kleidung-team-p1.jpg\",\"contentUrl\":\"https:\/\/weltlaeden.de\/gifhorn\/wp-content\/uploads\/sites\/168\/2021\/10\/faire-kleidung-team-p1.jpg\",\"width\":1200,\"height\":500},{\"@type\":\"BreadcrumbList\",\"@id\":\"https:\/\/weltlaeden.de\/gifhorn\/faire-kleidung\/#breadcrumb\",\"itemListElement\":[{\"@type\":\"ListItem\",\"position\":1,\"name\":\"Startseite\",\"item\":\"https:\/\/weltlaeden.de\/gifhorn\/\"},{\"@type\":\"ListItem\",\"position\":2,\"name\":\"Faire Kleidung\"}]},{\"@type\":\"WebSite\",\"@id\":\"https:\/\/weltlaeden.de\/gifhorn\/#website\",\"url\":\"https:\/\/weltlaeden.de\/gifhorn\/\",\"name\":\"Weltladen Gifhorn\",\"description\":\"Faire Produkte seit 1990\",\"potentialAction\":[{\"@type\":\"SearchAction\",\"target\":{\"@type\":\"EntryPoint\",\"urlTemplate\":\"https:\/\/weltlaeden.de\/gifhorn\/?s={search_term_string}\"},\"query-input\":{\"@type\":\"PropertyValueSpecification\",\"valueRequired\":true,\"valueName\":\"search_term_string\"}}],\"inLanguage\":\"de\"}]}<\/script>\n<!-- \/ Yoast SEO plugin. -->","yoast_head_json":{"title":"Faire Kleidung - Weltladen Gifhorn","robots":{"index":"index","follow":"follow","max-snippet":"max-snippet:-1","max-image-preview":"max-image-preview:large","max-video-preview":"max-video-preview:-1"},"canonical":"https:\/\/weltlaeden.de\/gifhorn\/faire-kleidung\/","og_locale":"de_DE","og_type":"article","og_title":"Faire Kleidung - Weltladen Gifhorn","og_description":"[vc_row][vc_column][vc_empty_space][\/vc_column][\/vc_row][vc_row][vc_column][vc_column_text]Handelspartner-Portrait Faire Kleidung Warum faire Kleidung? Fair Fashion achtet auf eine minimale Belastung der Umwelt. Ob Bio-Baumwolle, umweltfreundliche F\u00e4rbeprozesse, innovative nachwachsende Materialien oder upgecycelte oder recycelte Stoffe. Fair Fashion setzt sich f\u00fcr faire Entlohnung und ethisch korrekte Arbeitsbedingungen ein Langlebige faire Kleidung statt Wegwerf-Klamotten Fair Fashion unterst\u00fctzt in der Regel kleine Unternehmen statt riesige Ketten.&hellip;","og_url":"https:\/\/weltlaeden.de\/gifhorn\/faire-kleidung\/","og_site_name":"Weltladen Gifhorn","article_modified_time":"2025-08-26T12:18:27+00:00","og_image":[{"width":1200,"height":500,"url":"https:\/\/weltlaeden.de\/gifhorn\/wp-content\/uploads\/sites\/168\/2021\/10\/faire-kleidung-team-p1.jpg","type":"image\/jpeg"}],"twitter_card":"summary_large_image","twitter_misc":{"Gesch\u00e4tzte Lesezeit":"5\u00a0Minuten"},"schema":{"@context":"https:\/\/schema.org","@graph":[{"@type":"WebPage","@id":"https:\/\/weltlaeden.de\/gifhorn\/faire-kleidung\/","url":"https:\/\/weltlaeden.de\/gifhorn\/faire-kleidung\/","name":"Faire Kleidung - Weltladen Gifhorn","isPartOf":{"@id":"https:\/\/weltlaeden.de\/gifhorn\/#website"},"primaryImageOfPage":{"@id":"https:\/\/weltlaeden.de\/gifhorn\/faire-kleidung\/#primaryimage"},"image":{"@id":"https:\/\/weltlaeden.de\/gifhorn\/faire-kleidung\/#primaryimage"},"thumbnailUrl":"https:\/\/weltlaeden.de\/gifhorn\/wp-content\/uploads\/sites\/168\/2021\/10\/faire-kleidung-team-p1.jpg","datePublished":"2021-10-19T17:59:40+00:00","dateModified":"2025-08-26T12:18:27+00:00","breadcrumb":{"@id":"https:\/\/weltlaeden.de\/gifhorn\/faire-kleidung\/#breadcrumb"},"inLanguage":"de","potentialAction":[{"@type":"ReadAction","target":["https:\/\/weltlaeden.de\/gifhorn\/faire-kleidung\/"]}]},{"@type":"ImageObject","inLanguage":"de","@id":"https:\/\/weltlaeden.de\/gifhorn\/faire-kleidung\/#primaryimage","url":"https:\/\/weltlaeden.de\/gifhorn\/wp-content\/uploads\/sites\/168\/2021\/10\/faire-kleidung-team-p1.jpg","contentUrl":"https:\/\/weltlaeden.de\/gifhorn\/wp-content\/uploads\/sites\/168\/2021\/10\/faire-kleidung-team-p1.jpg","width":1200,"height":500},{"@type":"BreadcrumbList","@id":"https:\/\/weltlaeden.de\/gifhorn\/faire-kleidung\/#breadcrumb","itemListElement":[{"@type":"ListItem","position":1,"name":"Startseite","item":"https:\/\/weltlaeden.de\/gifhorn\/"},{"@type":"ListItem","position":2,"name":"Faire Kleidung"}]},{"@type":"WebSite","@id":"https:\/\/weltlaeden.de\/gifhorn\/#website","url":"https:\/\/weltlaeden.de\/gifhorn\/","name":"Weltladen Gifhorn","description":"Faire Produkte seit 1990","potentialAction":[{"@type":"SearchAction","target":{"@type":"EntryPoint","urlTemplate":"https:\/\/weltlaeden.de\/gifhorn\/?s={search_term_string}"},"query-input":{"@type":"PropertyValueSpecification","valueRequired":true,"valueName":"search_term_string"}}],"inLanguage":"de"}]}},"_links":{"self":[{"href":"https:\/\/weltlaeden.de\/gifhorn\/wp-json\/wp\/v2\/pages\/624","targetHints":{"allow":["GET"]}}],"collection":[{"href":"https:\/\/weltlaeden.de\/gifhorn\/wp-json\/wp\/v2\/pages"}],"about":[{"href":"https:\/\/weltlaeden.de\/gifhorn\/wp-json\/wp\/v2\/types\/page"}],"author":[{"embeddable":true,"href":"https:\/\/weltlaeden.de\/gifhorn\/wp-json\/wp\/v2\/users\/14"}],"replies":[{"embeddable":true,"href":"https:\/\/weltlaeden.de\/gifhorn\/wp-json\/wp\/v2\/comments?post=624"}],"version-history":[{"count":26,"href":"https:\/\/weltlaeden.de\/gifhorn\/wp-json\/wp\/v2\/pages\/624\/revisions"}],"predecessor-version":[{"id":1614,"href":"https:\/\/weltlaeden.de\/gifhorn\/wp-json\/wp\/v2\/pages\/624\/revisions\/1614"}],"wp:attachment":[{"href":"https:\/\/weltlaeden.de\/gifhorn\/wp-json\/wp\/v2\/media?parent=624"}],"curies":[{"name":"wp","href":"https:\/\/api.w.org\/{rel}","templated":true}]}}