{"id":571,"date":"2021-09-17T18:33:06","date_gmt":"2021-09-17T16:33:51","guid":{"rendered":"https:\/\/weltlaeden.de\/gifhorn\/verein-weltladen-gifhorn-e-v-2\/"},"modified":"2025-06-18T18:40:06","modified_gmt":"2025-06-18T16:40:06","slug":"projekt-engikaret","status":"publish","type":"page","link":"https:\/\/weltlaeden.de\/gifhorn\/projekt-engikaret\/","title":{"rendered":"Projekt Engikaret"},"content":{"rendered":"<h1 style=\"text-align: center\">Projekt Engikaret<\/h1>\n<h2 style=\"text-align: center\"><em>HABARI! Neuigkeiten aus Engikaret!\u00a0 Sommer 2025<\/em><\/h2>\n<p><img loading=\"lazy\" decoding=\"async\" class=\"wp-image-1549 aligncenter\" src=\"https:\/\/weltlaeden.de\/gifhorn\/wp-content\/uploads\/sites\/168\/2025\/06\/hauptbild_7_2025.jpg\" alt=\"\" width=\"908\" height=\"512\" srcset=\"https:\/\/weltlaeden.de\/gifhorn\/wp-content\/uploads\/sites\/168\/2025\/06\/hauptbild_7_2025.jpg 1929w, https:\/\/weltlaeden.de\/gifhorn\/wp-content\/uploads\/sites\/168\/2025\/06\/hauptbild_7_2025-300x169.jpg 300w, https:\/\/weltlaeden.de\/gifhorn\/wp-content\/uploads\/sites\/168\/2025\/06\/hauptbild_7_2025-1024x577.jpg 1024w, https:\/\/weltlaeden.de\/gifhorn\/wp-content\/uploads\/sites\/168\/2025\/06\/hauptbild_7_2025-768x433.jpg 768w, https:\/\/weltlaeden.de\/gifhorn\/wp-content\/uploads\/sites\/168\/2025\/06\/hauptbild_7_2025-1536x866.jpg 1536w\" sizes=\"auto, (max-width: 908px) 100vw, 908px\" \/><\/p>\n<hr \/>\n<p>Mit <strong>\u201eMulika Afrika\u201c<\/strong> haben wir eine Partner-Organisation gefunden, die Entwicklungsarbeit in Massai-Gemeinden betreibt.<\/p>\n<p><a href=\"https:\/\/mulika-afrika.org\/\" target=\"_blank\" rel=\"noopener\">https:\/\/mulika-afrika.org\/<\/a><\/p>\n<p>Nun ist nicht mehr eine Privatperson unser \u201eGegen\u00fcber\u201c, sondern eine NGO (Nicht-Regierungs-Organisation), mit der wir jetzt auch andere Geldgeber ansprechen k\u00f6nnen. <strong><br \/>\n<\/strong><\/p>\n<p><img loading=\"lazy\" decoding=\"async\" class=\"alignnone wp-image-1220\" src=\"https:\/\/weltlaeden.de\/gifhorn\/wp-content\/uploads\/sites\/168\/2023\/07\/025-Engikaret.jpg\" alt=\"\" width=\"757\" height=\"504\" \/><\/p>\n<p>Ein gew\u00e4hltes Dorfkomitee entscheidet mit \u00fcber die Verwendung von Spendengeldern.<\/p>\n<hr \/>\n<p><img loading=\"lazy\" decoding=\"async\" class=\"alignnone wp-image-1518\" src=\"https:\/\/weltlaeden.de\/gifhorn\/wp-content\/uploads\/sites\/168\/2025\/05\/30-Engikaret.jpg\" alt=\"\" width=\"585\" height=\"390\" srcset=\"https:\/\/weltlaeden.de\/gifhorn\/wp-content\/uploads\/sites\/168\/2025\/05\/30-Engikaret.jpg 2016w, https:\/\/weltlaeden.de\/gifhorn\/wp-content\/uploads\/sites\/168\/2025\/05\/30-Engikaret-300x200.jpg 300w, https:\/\/weltlaeden.de\/gifhorn\/wp-content\/uploads\/sites\/168\/2025\/05\/30-Engikaret-1024x683.jpg 1024w, https:\/\/weltlaeden.de\/gifhorn\/wp-content\/uploads\/sites\/168\/2025\/05\/30-Engikaret-768x512.jpg 768w, https:\/\/weltlaeden.de\/gifhorn\/wp-content\/uploads\/sites\/168\/2025\/05\/30-Engikaret-1536x1024.jpg 1536w\" sizes=\"auto, (max-width: 585px) 100vw, 585px\" \/><img loading=\"lazy\" decoding=\"async\" class=\"alignnone wp-image-1519\" src=\"https:\/\/weltlaeden.de\/gifhorn\/wp-content\/uploads\/sites\/168\/2025\/05\/32-Engikaret.jpg\" alt=\"\" width=\"582\" height=\"388\" srcset=\"https:\/\/weltlaeden.de\/gifhorn\/wp-content\/uploads\/sites\/168\/2025\/05\/32-Engikaret.jpg 2016w, https:\/\/weltlaeden.de\/gifhorn\/wp-content\/uploads\/sites\/168\/2025\/05\/32-Engikaret-300x200.jpg 300w, https:\/\/weltlaeden.de\/gifhorn\/wp-content\/uploads\/sites\/168\/2025\/05\/32-Engikaret-1024x683.jpg 1024w, https:\/\/weltlaeden.de\/gifhorn\/wp-content\/uploads\/sites\/168\/2025\/05\/32-Engikaret-768x512.jpg 768w, https:\/\/weltlaeden.de\/gifhorn\/wp-content\/uploads\/sites\/168\/2025\/05\/32-Engikaret-1536x1024.jpg 1536w\" sizes=\"auto, (max-width: 582px) 100vw, 582px\" \/><img loading=\"lazy\" decoding=\"async\" class=\"alignnone wp-image-1520\" src=\"https:\/\/weltlaeden.de\/gifhorn\/wp-content\/uploads\/sites\/168\/2025\/05\/33-Engikaret.jpg\" alt=\"\" width=\"584\" height=\"399\" srcset=\"https:\/\/weltlaeden.de\/gifhorn\/wp-content\/uploads\/sites\/168\/2025\/05\/33-Engikaret.jpg 1836w, https:\/\/weltlaeden.de\/gifhorn\/wp-content\/uploads\/sites\/168\/2025\/05\/33-Engikaret-300x205.jpg 300w, https:\/\/weltlaeden.de\/gifhorn\/wp-content\/uploads\/sites\/168\/2025\/05\/33-Engikaret-1024x699.jpg 1024w, https:\/\/weltlaeden.de\/gifhorn\/wp-content\/uploads\/sites\/168\/2025\/05\/33-Engikaret-768x524.jpg 768w, https:\/\/weltlaeden.de\/gifhorn\/wp-content\/uploads\/sites\/168\/2025\/05\/33-Engikaret-1536x1048.jpg 1536w\" sizes=\"auto, (max-width: 584px) 100vw, 584px\" \/><\/p>\n<p>Der zweite Klassenraum ist fast fertig! Es fehlen jetzt noch die Fenster und die T\u00fcr.<\/p>\n<p>Nun sind wir auf weitere Spenden angewiesen!<\/p>\n<hr \/>\n<p>&nbsp;<\/p>\n<p><img loading=\"lazy\" decoding=\"async\" class=\"alignnone wp-image-704 size-full\" src=\"https:\/\/weltlaeden.de\/gifhorn\/wp-content\/uploads\/sites\/168\/2021\/11\/engikaret-weltladen-gifhorn-p1.jpg\" alt=\"\" width=\"766\" height=\"280\" srcset=\"https:\/\/weltlaeden.de\/gifhorn\/wp-content\/uploads\/sites\/168\/2021\/11\/engikaret-weltladen-gifhorn-p1.jpg 766w, https:\/\/weltlaeden.de\/gifhorn\/wp-content\/uploads\/sites\/168\/2021\/11\/engikaret-weltladen-gifhorn-p1-300x110.jpg 300w\" sizes=\"auto, (max-width: 766px) 100vw, 766px\" \/><\/p>\n<p>Wir, <strong>Irmgard Damm und Martin A. Seth,<\/strong> sind zwei pensionierte Lehrkr\u00e4fte aus Gifhorn. Seit 2013 unterst\u00fctzen wir die Entwicklungsarbeit des Dorfes durch Spenden und Einnahmen aus Vortr\u00e4gen. Seit 2020 ist unser Projekt dem Weltladen Gifhorn eingegliedert.<em><strong><br \/>\n<\/strong><\/em><\/p>\n<hr \/>\n<p>&nbsp;<\/p>\n<p><img loading=\"lazy\" decoding=\"async\" class=\"size-full wp-image-589 alignnone\" src=\"https:\/\/weltlaeden.de\/gifhorn\/wp-content\/uploads\/sites\/168\/2021\/10\/engikaret-weltladen-gifhorn-p2.jpg\" alt=\"\" width=\"766\" height=\"280\" srcset=\"https:\/\/weltlaeden.de\/gifhorn\/wp-content\/uploads\/sites\/168\/2021\/10\/engikaret-weltladen-gifhorn-p2.jpg 766w, https:\/\/weltlaeden.de\/gifhorn\/wp-content\/uploads\/sites\/168\/2021\/10\/engikaret-weltladen-gifhorn-p2-300x110.jpg 300w\" sizes=\"auto, (max-width: 766px) 100vw, 766px\" \/><\/p>\n<p>Eine Ma\u00dfnahme zur Verbesserung der Gesundheit ist das eingez\u00e4unte und vertiefte Sammelbecken f\u00fcr Regenwasser, zu dem die Tiere keinen Zugang haben. Wenn es trotz des Klimawandels w\u00e4hrend der Regenzeiten gen\u00fcgend regnet, k\u00f6nnen sich drei Gro\u00dffamilien in Engikaret inzwischen mit relativ sauberem Wasser versorgen.<\/p>\n<p><img loading=\"lazy\" decoding=\"async\" class=\"alignnone wp-image-1071 \" src=\"https:\/\/weltlaeden.de\/gifhorn\/wp-content\/uploads\/sites\/168\/2022\/11\/fleyer_foto4.jpg\" alt=\"\" width=\"487\" height=\"345\" srcset=\"https:\/\/weltlaeden.de\/gifhorn\/wp-content\/uploads\/sites\/168\/2022\/11\/fleyer_foto4.jpg 1180w, https:\/\/weltlaeden.de\/gifhorn\/wp-content\/uploads\/sites\/168\/2022\/11\/fleyer_foto4-300x213.jpg 300w, https:\/\/weltlaeden.de\/gifhorn\/wp-content\/uploads\/sites\/168\/2022\/11\/fleyer_foto4-1024x725.jpg 1024w, https:\/\/weltlaeden.de\/gifhorn\/wp-content\/uploads\/sites\/168\/2022\/11\/fleyer_foto4-768x544.jpg 768w\" sizes=\"auto, (max-width: 487px) 100vw, 487px\" \/><\/p>\n<p><img loading=\"lazy\" decoding=\"async\" class=\"wp-image-1070 alignnone\" src=\"https:\/\/weltlaeden.de\/gifhorn\/wp-content\/uploads\/sites\/168\/2022\/11\/fleyer_foto3.jpg\" alt=\"\" width=\"350\" height=\"530\" srcset=\"https:\/\/weltlaeden.de\/gifhorn\/wp-content\/uploads\/sites\/168\/2022\/11\/fleyer_foto3.jpg 938w, https:\/\/weltlaeden.de\/gifhorn\/wp-content\/uploads\/sites\/168\/2022\/11\/fleyer_foto3-198x300.jpg 198w, https:\/\/weltlaeden.de\/gifhorn\/wp-content\/uploads\/sites\/168\/2022\/11\/fleyer_foto3-676x1024.jpg 676w, https:\/\/weltlaeden.de\/gifhorn\/wp-content\/uploads\/sites\/168\/2022\/11\/fleyer_foto3-768x1163.jpg 768w\" sizes=\"auto, (max-width: 350px) 100vw, 350px\" \/><\/p>\n<p>&nbsp;<\/p>\n<hr \/>\n<p>Ein zweiter Bildungsschwerpunkt ist der Vorschul-Unterricht f\u00fcr die Dorfkinder. Eine Zeit lang wurden sie in einer Holzbaracke unterrichtet.<br \/>\nMit den Spendengeldern konnte inzwischen eine Schule mit einem Klassenraum und B\u00fcro gebaut werden.<br \/>\nDer Anbau eines zweiten Klassenraumes ist fast abgeschlossen (siehe oben).<\/p>\n<p style=\"text-align: center\"><img loading=\"lazy\" decoding=\"async\" class=\"wp-image-1079 aligncenter\" src=\"https:\/\/weltlaeden.de\/gifhorn\/wp-content\/uploads\/sites\/168\/2022\/11\/fleyer_foto8.jpg\" alt=\"\" width=\"706\" height=\"442\" srcset=\"https:\/\/weltlaeden.de\/gifhorn\/wp-content\/uploads\/sites\/168\/2022\/11\/fleyer_foto8.jpg 1779w, https:\/\/weltlaeden.de\/gifhorn\/wp-content\/uploads\/sites\/168\/2022\/11\/fleyer_foto8-300x188.jpg 300w, https:\/\/weltlaeden.de\/gifhorn\/wp-content\/uploads\/sites\/168\/2022\/11\/fleyer_foto8-1024x641.jpg 1024w, https:\/\/weltlaeden.de\/gifhorn\/wp-content\/uploads\/sites\/168\/2022\/11\/fleyer_foto8-768x481.jpg 768w, https:\/\/weltlaeden.de\/gifhorn\/wp-content\/uploads\/sites\/168\/2022\/11\/fleyer_foto8-1536x962.jpg 1536w\" sizes=\"auto, (max-width: 706px) 100vw, 706px\" \/><img loading=\"lazy\" decoding=\"async\" class=\"wp-image-1080 aligncenter\" src=\"https:\/\/weltlaeden.de\/gifhorn\/wp-content\/uploads\/sites\/168\/2022\/11\/fleyer_foto9.jpg\" alt=\"\" width=\"702\" height=\"408\" srcset=\"https:\/\/weltlaeden.de\/gifhorn\/wp-content\/uploads\/sites\/168\/2022\/11\/fleyer_foto9.jpg 1623w, https:\/\/weltlaeden.de\/gifhorn\/wp-content\/uploads\/sites\/168\/2022\/11\/fleyer_foto9-300x174.jpg 300w, https:\/\/weltlaeden.de\/gifhorn\/wp-content\/uploads\/sites\/168\/2022\/11\/fleyer_foto9-1024x595.jpg 1024w, https:\/\/weltlaeden.de\/gifhorn\/wp-content\/uploads\/sites\/168\/2022\/11\/fleyer_foto9-768x446.jpg 768w, https:\/\/weltlaeden.de\/gifhorn\/wp-content\/uploads\/sites\/168\/2022\/11\/fleyer_foto9-1536x892.jpg 1536w\" sizes=\"auto, (max-width: 702px) 100vw, 702px\" \/><\/p>\n<hr \/>\n<p><strong>Wir unterst\u00fctzen gern das Bildungsanliegen des Massaidorfes ENGIKARET und freuen uns \u00fcber jeden Geldbetrag, den wir in voller H\u00f6he <\/strong><strong>weiterleiten.<\/strong><\/p>\n<p><strong>Mit Dank an alle Interessierten und Unterst\u00fctzen<\/strong><strong>den des \u201eProjektes Engikaret\u201c!<\/strong><\/p>\n<p><strong>Irmgard &amp; Martin<\/strong><\/p>\n<hr \/>\n<p>\u00dcber das Konto des Gifhorner Weltladen-Vereins kann bargeldlos eingezahlt werden; Spendenbescheinigungen werden von dort ausgestellt:<\/p>\n<p><strong>Weltladen Gifhorn e.V.<\/strong><br \/>\n<strong>Volksbank BraWo<\/strong><br \/>\n<strong>IBAN DE49 269 910 668 423 520 001<\/strong><br \/>\n<strong>Stichwort \u201eDAMM Engikaret-Tansania\u201c<\/strong><\/p>\n","protected":false},"excerpt":{"rendered":"<p>Projekt Engikaret HABARI! Neuigkeiten aus Engikaret!\u00a0 Sommer 2025 Mit \u201eMulika Afrika\u201c haben wir eine Partner-Organisation gefunden, die Entwicklungsarbeit in Massai-Gemeinden betreibt. https:\/\/mulika-afrika.org\/ Nun ist nicht mehr eine Privatperson unser \u201eGegen\u00fcber\u201c, sondern eine NGO (Nicht-Regierungs-Organisation), mit der wir jetzt auch andere Geldgeber ansprechen k\u00f6nnen. Ein gew\u00e4hltes Dorfkomitee entscheidet mit \u00fcber die Verwendung von Spendengeldern. Der zweite&hellip;<\/p>\n","protected":false},"author":14,"featured_media":0,"parent":0,"menu_order":2,"comment_status":"closed","ping_status":"closed","template":"","meta":{"footnotes":""},"class_list":["post-571","page","type-page","status-publish","hentry","description-off"],"yoast_head":"<!-- This site is optimized with the Yoast SEO plugin v26.8 - https:\/\/yoast.com\/product\/yoast-seo-wordpress\/ -->\n<title>Projekt Engikaret - Weltladen Gifhorn<\/title>\n<meta name=\"robots\" content=\"index, follow, max-snippet:-1, max-image-preview:large, max-video-preview:-1\" \/>\n<link rel=\"canonical\" href=\"https:\/\/weltlaeden.de\/gifhorn\/projekt-engikaret\/\" \/>\n<meta property=\"og:locale\" content=\"de_DE\" \/>\n<meta property=\"og:type\" content=\"article\" \/>\n<meta property=\"og:title\" content=\"Projekt Engikaret - Weltladen Gifhorn\" \/>\n<meta property=\"og:description\" content=\"Projekt Engikaret HABARI! Neuigkeiten aus Engikaret!\u00a0 Sommer 2025 Mit \u201eMulika Afrika\u201c haben wir eine Partner-Organisation gefunden, die Entwicklungsarbeit in Massai-Gemeinden betreibt. https:\/\/mulika-afrika.org\/ Nun ist nicht mehr eine Privatperson unser \u201eGegen\u00fcber\u201c, sondern eine NGO (Nicht-Regierungs-Organisation), mit der wir jetzt auch andere Geldgeber ansprechen k\u00f6nnen. Ein gew\u00e4hltes Dorfkomitee entscheidet mit \u00fcber die Verwendung von Spendengeldern. Der zweite&hellip;\" \/>\n<meta property=\"og:url\" content=\"https:\/\/weltlaeden.de\/gifhorn\/projekt-engikaret\/\" \/>\n<meta property=\"og:site_name\" content=\"Weltladen Gifhorn\" \/>\n<meta property=\"article:modified_time\" content=\"2025-06-18T16:40:06+00:00\" \/>\n<meta property=\"og:image\" content=\"https:\/\/weltlaeden.de\/gifhorn\/wp-content\/uploads\/sites\/168\/2025\/06\/hauptbild_7_2025.jpg\" \/>\n\t<meta property=\"og:image:width\" content=\"1929\" \/>\n\t<meta property=\"og:image:height\" content=\"1087\" \/>\n\t<meta property=\"og:image:type\" content=\"image\/jpeg\" \/>\n<meta name=\"twitter:card\" content=\"summary_large_image\" \/>\n<meta name=\"twitter:label1\" content=\"Gesch\u00e4tzte Lesezeit\" \/>\n\t<meta name=\"twitter:data1\" content=\"4\u00a0Minuten\" \/>\n<script type=\"application\/ld+json\" class=\"yoast-schema-graph\">{\"@context\":\"https:\/\/schema.org\",\"@graph\":[{\"@type\":\"WebPage\",\"@id\":\"https:\/\/weltlaeden.de\/gifhorn\/projekt-engikaret\/\",\"url\":\"https:\/\/weltlaeden.de\/gifhorn\/projekt-engikaret\/\",\"name\":\"Projekt Engikaret - Weltladen Gifhorn\",\"isPartOf\":{\"@id\":\"https:\/\/weltlaeden.de\/gifhorn\/#website\"},\"primaryImageOfPage\":{\"@id\":\"https:\/\/weltlaeden.de\/gifhorn\/projekt-engikaret\/#primaryimage\"},\"image\":{\"@id\":\"https:\/\/weltlaeden.de\/gifhorn\/projekt-engikaret\/#primaryimage\"},\"thumbnailUrl\":\"https:\/\/weltlaeden.de\/gifhorn\/wp-content\/uploads\/sites\/168\/2025\/06\/hauptbild_7_2025.jpg\",\"datePublished\":\"2021-09-17T16:33:51+00:00\",\"dateModified\":\"2025-06-18T16:40:06+00:00\",\"breadcrumb\":{\"@id\":\"https:\/\/weltlaeden.de\/gifhorn\/projekt-engikaret\/#breadcrumb\"},\"inLanguage\":\"de\",\"potentialAction\":[{\"@type\":\"ReadAction\",\"target\":[\"https:\/\/weltlaeden.de\/gifhorn\/projekt-engikaret\/\"]}]},{\"@type\":\"ImageObject\",\"inLanguage\":\"de\",\"@id\":\"https:\/\/weltlaeden.de\/gifhorn\/projekt-engikaret\/#primaryimage\",\"url\":\"https:\/\/weltlaeden.de\/gifhorn\/wp-content\/uploads\/sites\/168\/2025\/06\/hauptbild_7_2025.jpg\",\"contentUrl\":\"https:\/\/weltlaeden.de\/gifhorn\/wp-content\/uploads\/sites\/168\/2025\/06\/hauptbild_7_2025.jpg\",\"width\":1929,\"height\":1087},{\"@type\":\"BreadcrumbList\",\"@id\":\"https:\/\/weltlaeden.de\/gifhorn\/projekt-engikaret\/#breadcrumb\",\"itemListElement\":[{\"@type\":\"ListItem\",\"position\":1,\"name\":\"Startseite\",\"item\":\"https:\/\/weltlaeden.de\/gifhorn\/\"},{\"@type\":\"ListItem\",\"position\":2,\"name\":\"Projekt Engikaret\"}]},{\"@type\":\"WebSite\",\"@id\":\"https:\/\/weltlaeden.de\/gifhorn\/#website\",\"url\":\"https:\/\/weltlaeden.de\/gifhorn\/\",\"name\":\"Weltladen Gifhorn\",\"description\":\"Faire Produkte seit 1990\",\"potentialAction\":[{\"@type\":\"SearchAction\",\"target\":{\"@type\":\"EntryPoint\",\"urlTemplate\":\"https:\/\/weltlaeden.de\/gifhorn\/?s={search_term_string}\"},\"query-input\":{\"@type\":\"PropertyValueSpecification\",\"valueRequired\":true,\"valueName\":\"search_term_string\"}}],\"inLanguage\":\"de\"}]}<\/script>\n<!-- \/ Yoast SEO plugin. -->","yoast_head_json":{"title":"Projekt Engikaret - Weltladen Gifhorn","robots":{"index":"index","follow":"follow","max-snippet":"max-snippet:-1","max-image-preview":"max-image-preview:large","max-video-preview":"max-video-preview:-1"},"canonical":"https:\/\/weltlaeden.de\/gifhorn\/projekt-engikaret\/","og_locale":"de_DE","og_type":"article","og_title":"Projekt Engikaret - Weltladen Gifhorn","og_description":"Projekt Engikaret HABARI! Neuigkeiten aus Engikaret!\u00a0 Sommer 2025 Mit \u201eMulika Afrika\u201c haben wir eine Partner-Organisation gefunden, die Entwicklungsarbeit in Massai-Gemeinden betreibt. https:\/\/mulika-afrika.org\/ Nun ist nicht mehr eine Privatperson unser \u201eGegen\u00fcber\u201c, sondern eine NGO (Nicht-Regierungs-Organisation), mit der wir jetzt auch andere Geldgeber ansprechen k\u00f6nnen. Ein gew\u00e4hltes Dorfkomitee entscheidet mit \u00fcber die Verwendung von Spendengeldern. Der zweite&hellip;","og_url":"https:\/\/weltlaeden.de\/gifhorn\/projekt-engikaret\/","og_site_name":"Weltladen Gifhorn","article_modified_time":"2025-06-18T16:40:06+00:00","og_image":[{"width":1929,"height":1087,"url":"https:\/\/weltlaeden.de\/gifhorn\/wp-content\/uploads\/sites\/168\/2025\/06\/hauptbild_7_2025.jpg","type":"image\/jpeg"}],"twitter_card":"summary_large_image","twitter_misc":{"Gesch\u00e4tzte Lesezeit":"4\u00a0Minuten"},"schema":{"@context":"https:\/\/schema.org","@graph":[{"@type":"WebPage","@id":"https:\/\/weltlaeden.de\/gifhorn\/projekt-engikaret\/","url":"https:\/\/weltlaeden.de\/gifhorn\/projekt-engikaret\/","name":"Projekt Engikaret - Weltladen Gifhorn","isPartOf":{"@id":"https:\/\/weltlaeden.de\/gifhorn\/#website"},"primaryImageOfPage":{"@id":"https:\/\/weltlaeden.de\/gifhorn\/projekt-engikaret\/#primaryimage"},"image":{"@id":"https:\/\/weltlaeden.de\/gifhorn\/projekt-engikaret\/#primaryimage"},"thumbnailUrl":"https:\/\/weltlaeden.de\/gifhorn\/wp-content\/uploads\/sites\/168\/2025\/06\/hauptbild_7_2025.jpg","datePublished":"2021-09-17T16:33:51+00:00","dateModified":"2025-06-18T16:40:06+00:00","breadcrumb":{"@id":"https:\/\/weltlaeden.de\/gifhorn\/projekt-engikaret\/#breadcrumb"},"inLanguage":"de","potentialAction":[{"@type":"ReadAction","target":["https:\/\/weltlaeden.de\/gifhorn\/projekt-engikaret\/"]}]},{"@type":"ImageObject","inLanguage":"de","@id":"https:\/\/weltlaeden.de\/gifhorn\/projekt-engikaret\/#primaryimage","url":"https:\/\/weltlaeden.de\/gifhorn\/wp-content\/uploads\/sites\/168\/2025\/06\/hauptbild_7_2025.jpg","contentUrl":"https:\/\/weltlaeden.de\/gifhorn\/wp-content\/uploads\/sites\/168\/2025\/06\/hauptbild_7_2025.jpg","width":1929,"height":1087},{"@type":"BreadcrumbList","@id":"https:\/\/weltlaeden.de\/gifhorn\/projekt-engikaret\/#breadcrumb","itemListElement":[{"@type":"ListItem","position":1,"name":"Startseite","item":"https:\/\/weltlaeden.de\/gifhorn\/"},{"@type":"ListItem","position":2,"name":"Projekt Engikaret"}]},{"@type":"WebSite","@id":"https:\/\/weltlaeden.de\/gifhorn\/#website","url":"https:\/\/weltlaeden.de\/gifhorn\/","name":"Weltladen Gifhorn","description":"Faire Produkte seit 1990","potentialAction":[{"@type":"SearchAction","target":{"@type":"EntryPoint","urlTemplate":"https:\/\/weltlaeden.de\/gifhorn\/?s={search_term_string}"},"query-input":{"@type":"PropertyValueSpecification","valueRequired":true,"valueName":"search_term_string"}}],"inLanguage":"de"}]}},"_links":{"self":[{"href":"https:\/\/weltlaeden.de\/gifhorn\/wp-json\/wp\/v2\/pages\/571","targetHints":{"allow":["GET"]}}],"collection":[{"href":"https:\/\/weltlaeden.de\/gifhorn\/wp-json\/wp\/v2\/pages"}],"about":[{"href":"https:\/\/weltlaeden.de\/gifhorn\/wp-json\/wp\/v2\/types\/page"}],"author":[{"embeddable":true,"href":"https:\/\/weltlaeden.de\/gifhorn\/wp-json\/wp\/v2\/users\/14"}],"replies":[{"embeddable":true,"href":"https:\/\/weltlaeden.de\/gifhorn\/wp-json\/wp\/v2\/comments?post=571"}],"version-history":[{"count":181,"href":"https:\/\/weltlaeden.de\/gifhorn\/wp-json\/wp\/v2\/pages\/571\/revisions"}],"predecessor-version":[{"id":1556,"href":"https:\/\/weltlaeden.de\/gifhorn\/wp-json\/wp\/v2\/pages\/571\/revisions\/1556"}],"wp:attachment":[{"href":"https:\/\/weltlaeden.de\/gifhorn\/wp-json\/wp\/v2\/media?parent=571"}],"curies":[{"name":"wp","href":"https:\/\/api.w.org\/{rel}","templated":true}]}}