{"id":361,"date":"2018-04-05T09:52:53","date_gmt":"2018-04-05T07:52:53","guid":{"rendered":"https:\/\/weltlaeden.de\/gifhorn\/?page_id=361"},"modified":"2022-01-08T13:30:34","modified_gmt":"2022-01-08T12:30:34","slug":"neuigkeiten","status":"publish","type":"page","link":"https:\/\/weltlaeden.de\/gifhorn\/neuigkeiten\/","title":{"rendered":"Neuigkeiten"},"content":{"rendered":"<div class=\"wpb-content-wrapper\"><p>[vc_row][vc_column][vc_column_text]<\/p>\n<h1>Neuigkeiten<\/h1>\n<p>[\/vc_column_text]<style type=\"text\/css\" data-type=\"the7_shortcodes-inline-css\">.blog-shortcode.blog-masonry-shortcode-id-619a3c9b8a7ede2e122ac85cf8b67672.dividers-on.classic-layout-list article {\n  padding-top: 0;\n}\n.blog-shortcode.blog-masonry-shortcode-id-619a3c9b8a7ede2e122ac85cf8b67672.dividers-on.classic-layout-list article:first-of-type {\n  margin-top: 0;\n  padding-top: 0;\n}\n.blog-shortcode.blog-masonry-shortcode-id-619a3c9b8a7ede2e122ac85cf8b67672.classic-layout-list.mode-list .post-entry-content {\n  width: calc(100% - );\n}\n.blog-shortcode.blog-masonry-shortcode-id-619a3c9b8a7ede2e122ac85cf8b67672.classic-layout-list.mode-list .no-img .post-entry-content {\n  width: 100%;\n}\n.blog-shortcode.blog-masonry-shortcode-id-619a3c9b8a7ede2e122ac85cf8b67672 .filter-bg-decoration .filter-categories a.act {\n  color: #fff;\n}\n.blog-shortcode.blog-masonry-shortcode-id-619a3c9b8a7ede2e122ac85cf8b67672:not(.mode-masonry) article:first-of-type,\n.blog-shortcode.blog-masonry-shortcode-id-619a3c9b8a7ede2e122ac85cf8b67672:not(.mode-masonry) article.visible.first:not(.product) {\n  margin-top: 0;\n}\n.blog-shortcode.blog-masonry-shortcode-id-619a3c9b8a7ede2e122ac85cf8b67672.dividers-on:not(.mode-masonry) article {\n  margin-top: 0;\n}\n.blog-shortcode.blog-masonry-shortcode-id-619a3c9b8a7ede2e122ac85cf8b67672.dividers-on:not(.mode-masonry) article:first-of-type,\n.blog-shortcode.blog-masonry-shortcode-id-619a3c9b8a7ede2e122ac85cf8b67672.dividers-on:not(.mode-masonry) article.visible.first:not(.product) {\n  margin-top: 0;\n  padding-top: 0;\n}\n.blog-shortcode.blog-masonry-shortcode-id-619a3c9b8a7ede2e122ac85cf8b67672 .post-thumbnail-wrap {\n  padding: 0px 0px 0px 0px;\n}\n.blog-shortcode.blog-masonry-shortcode-id-619a3c9b8a7ede2e122ac85cf8b67672.enable-bg-rollover .post-thumbnail-rollover:after {\n  background: -webkit-linear-gradient();\n  background: linear-gradient();\n}\n.blog-shortcode.blog-masonry-shortcode-id-619a3c9b8a7ede2e122ac85cf8b67672 .gallery-zoom-ico {\n  width: 44px;\n  height: 44px;\n  line-height: 44px;\n  border-radius: 100px;\n  margin: -22px 0 0 -22px;\n  border-width: 0px;\n  color: #ffffff;\n}\n.bottom-overlap-layout-list.blog-shortcode.blog-masonry-shortcode-id-619a3c9b8a7ede2e122ac85cf8b67672 .gallery-zoom-ico {\n  margin-top: -72px;\n}\n.gradient-overlay-layout-list.blog-shortcode.blog-masonry-shortcode-id-619a3c9b8a7ede2e122ac85cf8b67672 .gallery-zoom-ico,\n.content-rollover-layout-list.blog-shortcode.blog-masonry-shortcode-id-619a3c9b8a7ede2e122ac85cf8b67672 .gallery-zoom-ico {\n  margin: 0 0 10px;\n}\n.content-align-center.gradient-overlay-layout-list.blog-shortcode.blog-masonry-shortcode-id-619a3c9b8a7ede2e122ac85cf8b67672 .gallery-zoom-ico,\n.content-align-center.content-rollover-layout-list.blog-shortcode.blog-masonry-shortcode-id-619a3c9b8a7ede2e122ac85cf8b67672 .gallery-zoom-ico {\n  margin: 0 auto 10px;\n}\n.dt-icon-bg-on.blog-shortcode.blog-masonry-shortcode-id-619a3c9b8a7ede2e122ac85cf8b67672 .gallery-zoom-ico {\n  background: rgba(255,255,255,0.3);\n  box-shadow: none;\n}\n.blog-shortcode.blog-masonry-shortcode-id-619a3c9b8a7ede2e122ac85cf8b67672 .gallery-zoom-ico > span,\n.blog-shortcode.blog-masonry-shortcode-id-619a3c9b8a7ede2e122ac85cf8b67672 .gallery-zoom-ico:before {\n  font-size: 32px;\n  line-height: 44px;\n}\n.blog-shortcode.blog-masonry-shortcode-id-619a3c9b8a7ede2e122ac85cf8b67672 .gallery-zoom-ico > span,\n.blog-shortcode.blog-masonry-shortcode-id-619a3c9b8a7ede2e122ac85cf8b67672 .gallery-zoom-ico:before {\n  color: #ffffff;\n}\n.blog-shortcode.blog-masonry-shortcode-id-619a3c9b8a7ede2e122ac85cf8b67672 .entry-title,\n.blog-shortcode.blog-masonry-shortcode-id-619a3c9b8a7ede2e122ac85cf8b67672.owl-carousel .entry-title {\n  margin-bottom: 5px;\n  font-weight: bold;\n}\n.blog-shortcode.blog-masonry-shortcode-id-619a3c9b8a7ede2e122ac85cf8b67672 .entry-meta {\n  margin-bottom: 15px;\n}\n.blog-shortcode.blog-masonry-shortcode-id-619a3c9b8a7ede2e122ac85cf8b67672 .portfolio-categories {\n  margin-bottom: 15px;\n}\n.blog-shortcode.blog-masonry-shortcode-id-619a3c9b8a7ede2e122ac85cf8b67672 .entry-excerpt {\n  margin-bottom: 5px;\n}\n.blog-shortcode.blog-masonry-shortcode-id-619a3c9b8a7ede2e122ac85cf8b67672:not(.centered-layout-list) .post-entry-content {\n  padding: 25px 30px 30px 30px;\n}\n.blog-shortcode.blog-masonry-shortcode-id-619a3c9b8a7ede2e122ac85cf8b67672:not(.centered-layout-list):not(.content-bg-on):not(.mode-list) .no-img .post-entry-content {\n  padding: 0;\n}\n@media screen and (max-width: ) {\n  .blog-shortcode.blog-masonry-shortcode-id-619a3c9b8a7ede2e122ac85cf8b67672 article {\n    -ms-flex-flow: column nowrap;\n    flex-flow: column nowrap;\n    margin-top: 20px;\n  }\n  .blog-shortcode.blog-masonry-shortcode-id-619a3c9b8a7ede2e122ac85cf8b67672.dividers-on article {\n    border: none;\n  }\n  .blog-shortcode.blog-masonry-shortcode-id-619a3c9b8a7ede2e122ac85cf8b67672.content-bg-on.centered-layout-list article {\n    padding: 0;\n  }\n  .blog-shortcode.blog-masonry-shortcode-id-619a3c9b8a7ede2e122ac85cf8b67672.blog-shortcode.dividers-on article,\n  .blog-shortcode.blog-masonry-shortcode-id-619a3c9b8a7ede2e122ac85cf8b67672.dividers-on.classic-layout-list article {\n    margin-top: 20px;\n    padding: 0;\n  }\n  .blog-shortcode.blog-masonry-shortcode-id-619a3c9b8a7ede2e122ac85cf8b67672.blog-shortcode.dividers-on article:first-of-type,\n  .blog-shortcode.blog-masonry-shortcode-id-619a3c9b8a7ede2e122ac85cf8b67672.dividers-on.classic-layout-list article:first-of-type {\n    padding: 0;\n  }\n  #page .blog-shortcode.blog-masonry-shortcode-id-619a3c9b8a7ede2e122ac85cf8b67672 .post-thumbnail-wrap,\n  #page .blog-shortcode.blog-masonry-shortcode-id-619a3c9b8a7ede2e122ac85cf8b67672 .post-entry-content {\n    width: 100%;\n    margin: 0;\n    top: 0;\n  }\n  #page .blog-shortcode.blog-masonry-shortcode-id-619a3c9b8a7ede2e122ac85cf8b67672 .post-thumbnail-wrap {\n    padding: 0;\n  }\n  #page .blog-shortcode.blog-masonry-shortcode-id-619a3c9b8a7ede2e122ac85cf8b67672 .post-entry-content:after {\n    display: none;\n  }\n  #page .blog-shortcode.blog-masonry-shortcode-id-619a3c9b8a7ede2e122ac85cf8b67672 .project-even .post-thumbnail-wrap,\n  #page .blog-shortcode.blog-masonry-shortcode-id-619a3c9b8a7ede2e122ac85cf8b67672.centered-layout-list .post-thumbnail-wrap {\n    -ms-flex-order: 0;\n    order: 0;\n  }\n  #page .blog-shortcode.blog-masonry-shortcode-id-619a3c9b8a7ede2e122ac85cf8b67672.centered-layout-list .post-entry-title-content {\n    -ms-flex-order: 1;\n    order: 1;\n    width: 100%;\n    padding: 20px 20px 0;\n  }\n  #page .blog-shortcode.blog-masonry-shortcode-id-619a3c9b8a7ede2e122ac85cf8b67672.centered-layout-list .post-entry-content {\n    -ms-flex-order: 2;\n    order: 2;\n    padding-top: 0;\n  }\n  #page .blog-shortcode.blog-masonry-shortcode-id-619a3c9b8a7ede2e122ac85cf8b67672 .fancy-categories {\n    top: 10px;\n    left: 10px;\n    bottom: auto;\n    right: auto;\n  }\n  #page .blog-shortcode.blog-masonry-shortcode-id-619a3c9b8a7ede2e122ac85cf8b67672 .fancy-date a {\n    top: 10px;\n    right: 10px;\n    left: auto;\n    bottom: auto;\n  }\n  #page .blog-shortcode.blog-masonry-shortcode-id-619a3c9b8a7ede2e122ac85cf8b67672 .post-entry-content {\n    padding: 20px;\n  }\n  #page .blog-shortcode.blog-masonry-shortcode-id-619a3c9b8a7ede2e122ac85cf8b67672 .entry-title {\n    margin: 3px 0 5px;\n    font-size: 20px;\n    line-height: 26px;\n  }\n  #page .blog-shortcode.blog-masonry-shortcode-id-619a3c9b8a7ede2e122ac85cf8b67672 .entry-meta {\n    margin: 5px 0 5px;\n  }\n  #page .blog-shortcode.blog-masonry-shortcode-id-619a3c9b8a7ede2e122ac85cf8b67672 .entry-excerpt {\n    margin: 15px 0 0;\n  }\n  #page .blog-shortcode.blog-masonry-shortcode-id-619a3c9b8a7ede2e122ac85cf8b67672 .post-details {\n    margin: 5px 0 10px;\n  }\n  #page .blog-shortcode.blog-masonry-shortcode-id-619a3c9b8a7ede2e122ac85cf8b67672 .post-details.details-type-link {\n    margin-bottom: 2px;\n  }\n}<\/style><div class=\"blog-shortcode blog-masonry-shortcode-id-619a3c9b8a7ede2e122ac85cf8b67672 mode-masonry classic-layout-list content-bg-on scale-img dt-icon-bg-off resize-by-browser-width loading-effect-none description-under-image \" data-padding=\"15px\" data-cur-page=\"1\" data-post-limit=\"-1\" data-pagination-mode=\"pages\" data-desktop-columns-num=\"2\" data-v-tablet-columns-num=\"1\" data-h-tablet-columns-num=\"2\" data-phone-columns-num=\"1\" data-width=\"0px\" data-columns=\"0\"><div class=\"iso-container\" ><div class=\"visible wf-cell iso-item\" data-post-id=\"1705\" data-date=\"2026-04-10T09:59:46+02:00\" data-name=\"Faire Farben\"><article class=\"post project-odd visible no-img post-1705 type-post status-publish format-standard hentry category-allgemein category-1\" data-name=\"Faire Farben\" data-date=\"2026-04-10T09:59:46+02:00\">\n\n<div class=\"post-entry-content\">\n\n\t<h3 class=\"entry-title\">\n\t\t<a href=\"https:\/\/weltlaeden.de\/gifhorn\/faire-farben\/\" title=\"Faire Farben\" rel=\"bookmark\">Faire Farben<\/a>\n\t<\/h3>\n\n\t<div class=\"entry-meta\"><a href=\"https:\/\/weltlaeden.de\/gifhorn\/2026\/04\/10\/\" title=\"9:59\" class=\"data-link\" rel=\"bookmark\"><time class=\"entry-date updated\" datetime=\"2026-04-10T09:59:46+02:00\">10. April 2026<\/time><\/a><\/div>\n\t<div class=\"entry-excerpt\"><p>Fairer Handel bringt Farbe ins Zuhause. Endlich ist der Fr\u00fchling da und verzaubert die Welt in verschiedene Farben. Brauchen Sie noch etwas Farbe f\u00fcr ihr Zuhause? Ob bunte Filz Blumen oder Sitzkissen, Kerze oder bunte Schalen&#8230;.wir haben bestimmt die richtige Farbe f\u00fcr ihr Zuhause. Wir freuen uns auf ihren Besuch bei uns im Weltladen!<\/p>\n<\/div>\n\t\n<a href=\"https:\/\/weltlaeden.de\/gifhorn\/faire-farben\/\" class=\"dt-btn-s dt-btn post-details details-type-btn\" aria-label=\"Read more about Faire Farben\">Weiterlesen<i class=\"dt-icon-the7-arrow-03\" aria-hidden=\"true\"><\/i><\/a>\n\n<\/div><\/article><\/div><div class=\"visible wf-cell iso-item\" data-post-id=\"1658\" data-date=\"2026-01-09T10:24:17+01:00\" data-name=\"Weltladen-Podcast\"><article class=\"post project-odd visible no-img post-1658 type-post status-publish format-standard hentry category-allgemein category-1\" data-name=\"Weltladen-Podcast\" data-date=\"2026-01-09T10:24:17+01:00\">\n\n<div class=\"post-entry-content\">\n\n\t<h3 class=\"entry-title\">\n\t\t<a href=\"https:\/\/weltlaeden.de\/gifhorn\/weltladen-podcast\/\" title=\"Weltladen-Podcast\" rel=\"bookmark\">Weltladen-Podcast<\/a>\n\t<\/h3>\n\n\t<div class=\"entry-meta\"><a href=\"https:\/\/weltlaeden.de\/gifhorn\/2026\/01\/09\/\" title=\"10:24\" class=\"data-link\" rel=\"bookmark\"><time class=\"entry-date updated\" datetime=\"2026-01-09T10:24:17+01:00\">9. Januar 2026<\/time><\/a><\/div>\n\t<div class=\"entry-excerpt\"><p>Der Weltladen-Podcast Fair was? &#8211; fairtont Also Fairer Handel f\u00fcr die Ohren. Weltladen sind Fachgesch\u00e4fte f\u00fcr Fairen Handel und haben viel zu bieten. Davon erz\u00e4hlen euch Annalena und Laura in diesem Podcast. BITTE AUF DAS BILD KLICKEN!<\/p>\n<\/div>\n\t\n<a href=\"https:\/\/weltlaeden.de\/gifhorn\/weltladen-podcast\/\" class=\"dt-btn-s dt-btn post-details details-type-btn\" aria-label=\"Read more about Weltladen-Podcast\">Weiterlesen<i class=\"dt-icon-the7-arrow-03\" aria-hidden=\"true\"><\/i><\/a>\n\n<\/div><\/article><\/div><div class=\"visible wf-cell iso-item\" data-post-id=\"1037\" data-date=\"2022-10-13T21:45:10+02:00\" data-name=\"Lust auf was Neues?\"><article class=\"post project-odd visible no-img post-1037 type-post status-publish format-standard hentry category-allgemein category-1\" data-name=\"Lust auf was Neues?\" data-date=\"2022-10-13T21:45:10+02:00\">\n\n<div class=\"post-entry-content\">\n\n\t<h3 class=\"entry-title\">\n\t\t<a href=\"https:\/\/weltlaeden.de\/gifhorn\/lust-auf-was-neues\/\" title=\"Lust auf was Neues?\" rel=\"bookmark\">Lust auf was Neues?<\/a>\n\t<\/h3>\n\n\t<div class=\"entry-meta\"><a href=\"https:\/\/weltlaeden.de\/gifhorn\/2022\/10\/13\/\" title=\"21:45\" class=\"data-link\" rel=\"bookmark\"><time class=\"entry-date updated\" datetime=\"2022-10-13T21:45:10+02:00\">13. Oktober 2022<\/time><\/a><\/div>\n\t<div class=\"entry-excerpt\"><p>Lust auf eine neue ehrenamtliche Erfahrung mit FAIREN Produkten? Dann kommen Sie gerne vorbei und sprechen Sie uns an! Egal ob im Verkauf, Dekoration, \u00d6ffentlichkeitsarbeit oder anderweitig und egal mit welcher zeitlichen Verf\u00fcgbarkeit. Wir finden was passendes. Wir freuen uns auf Sie! &nbsp; &nbsp; &nbsp;<\/p>\n<\/div>\n\t\n<a href=\"https:\/\/weltlaeden.de\/gifhorn\/lust-auf-was-neues\/\" class=\"dt-btn-s dt-btn post-details details-type-btn\" aria-label=\"Read more about Lust auf was Neues?\">Weiterlesen<i class=\"dt-icon-the7-arrow-03\" aria-hidden=\"true\"><\/i><\/a>\n\n<\/div><\/article><\/div><div class=\"visible wf-cell iso-item\" data-post-id=\"984\" data-date=\"2022-07-09T19:00:57+02:00\" data-name=\"Wir sammeln Ihre Korken\"><article class=\"post project-odd visible post-984 type-post status-publish format-standard has-post-thumbnail hentry category-allgemein category-1\" data-name=\"Wir sammeln Ihre Korken\" data-date=\"2022-07-09T19:00:57+02:00\">\n\n<div class=\"post-thumbnail-wrap\">\n\t<div class=\"post-thumbnail\">\n\t\t\n\t\t\n\t\t<a href=\"https:\/\/weltlaeden.de\/gifhorn\/wir-sammeln-ihre-korken\/\" class=\"post-thumbnail-rollover layzr-bg layzr-bg\" ><img fetchpriority=\"high\" decoding=\"async\" class=\"iso-lazy-load preload-me iso-lazy-load aspect\" src=\"data:image\/svg+xml,%3Csvg%20xmlns%3D&#39;http%3A%2F%2Fwww.w3.org%2F2000%2Fsvg&#39;%20viewBox%3D&#39;0%200%20768%20512&#39;%2F%3E\" data-src=\"https:\/\/weltlaeden.de\/gifhorn\/wp-content\/uploads\/sites\/168\/2022\/07\/IMG_9085a-768x512.jpg\" data-srcset=\"https:\/\/weltlaeden.de\/gifhorn\/wp-content\/uploads\/sites\/168\/2022\/07\/IMG_9085a-768x512.jpg 768w, https:\/\/weltlaeden.de\/gifhorn\/wp-content\/uploads\/sites\/168\/2022\/07\/IMG_9085a-1123x748.jpg 1123w\" loading=\"eager\" style=\"--ratio: 768 \/ 512\" sizes=\"(max-width: 768px) 100vw, 768px\" alt=\"\" title=\"IMG_9085a\" width=\"768\" height=\"512\"  \/><\/a>\t<\/div>\n<\/div>\n\n\n<div class=\"post-entry-content\">\n\n\t<h3 class=\"entry-title\">\n\t\t<a href=\"https:\/\/weltlaeden.de\/gifhorn\/wir-sammeln-ihre-korken\/\" title=\"Wir sammeln Ihre Korken\" rel=\"bookmark\">Wir sammeln Ihre Korken<\/a>\n\t<\/h3>\n\n\t<div class=\"entry-meta\"><a href=\"https:\/\/weltlaeden.de\/gifhorn\/2022\/07\/09\/\" title=\"19:00\" class=\"data-link\" rel=\"bookmark\"><time class=\"entry-date updated\" datetime=\"2022-07-09T19:00:57+02:00\">9. Juli 2022<\/time><\/a><\/div>\n\t<div class=\"entry-excerpt\"><\/div>\n\t\n<a href=\"https:\/\/weltlaeden.de\/gifhorn\/wir-sammeln-ihre-korken\/\" class=\"dt-btn-s dt-btn post-details details-type-btn\" aria-label=\"Read more about Wir sammeln Ihre Korken\">Weiterlesen<i class=\"dt-icon-the7-arrow-03\" aria-hidden=\"true\"><\/i><\/a>\n\n<\/div><\/article><\/div><\/div><!-- iso-container|iso-grid --><\/div>[\/vc_column][\/vc_row]<\/p>\n<\/div>","protected":false},"excerpt":{"rendered":"<p>[vc_row][vc_column][vc_column_text] Neuigkeiten [\/vc_column_text][\/vc_column][\/vc_row]<\/p>\n","protected":false},"author":1,"featured_media":803,"parent":0,"menu_order":1,"comment_status":"closed","ping_status":"closed","template":"","meta":{"footnotes":""},"class_list":["post-361","page","type-page","status-publish","has-post-thumbnail","hentry","description-off"],"yoast_head":"<!-- This site is optimized with the Yoast SEO plugin v26.8 - https:\/\/yoast.com\/product\/yoast-seo-wordpress\/ -->\n<title>Neuigkeiten - Weltladen Gifhorn<\/title>\n<meta name=\"robots\" content=\"index, follow, max-snippet:-1, max-image-preview:large, max-video-preview:-1\" \/>\n<link rel=\"canonical\" href=\"https:\/\/weltlaeden.de\/gifhorn\/neuigkeiten\/\" \/>\n<meta property=\"og:locale\" content=\"de_DE\" \/>\n<meta property=\"og:type\" content=\"article\" \/>\n<meta property=\"og:title\" content=\"Neuigkeiten - Weltladen Gifhorn\" \/>\n<meta property=\"og:description\" content=\"[vc_row][vc_column][vc_column_text] Neuigkeiten [\/vc_column_text][\/vc_column][\/vc_row]\" \/>\n<meta property=\"og:url\" content=\"https:\/\/weltlaeden.de\/gifhorn\/neuigkeiten\/\" \/>\n<meta property=\"og:site_name\" content=\"Weltladen Gifhorn\" \/>\n<meta property=\"article:modified_time\" content=\"2022-01-08T12:30:34+00:00\" \/>\n<meta property=\"og:image\" content=\"https:\/\/weltlaeden.de\/gifhorn\/wp-content\/uploads\/sites\/168\/2021\/12\/schaufenster1.jpg\" \/>\n\t<meta property=\"og:image:width\" content=\"800\" \/>\n\t<meta property=\"og:image:height\" content=\"600\" \/>\n\t<meta property=\"og:image:type\" content=\"image\/jpeg\" \/>\n<meta name=\"twitter:card\" content=\"summary_large_image\" \/>\n<script type=\"application\/ld+json\" class=\"yoast-schema-graph\">{\"@context\":\"https:\/\/schema.org\",\"@graph\":[{\"@type\":\"WebPage\",\"@id\":\"https:\/\/weltlaeden.de\/gifhorn\/neuigkeiten\/\",\"url\":\"https:\/\/weltlaeden.de\/gifhorn\/neuigkeiten\/\",\"name\":\"Neuigkeiten - Weltladen Gifhorn\",\"isPartOf\":{\"@id\":\"https:\/\/weltlaeden.de\/gifhorn\/#website\"},\"primaryImageOfPage\":{\"@id\":\"https:\/\/weltlaeden.de\/gifhorn\/neuigkeiten\/#primaryimage\"},\"image\":{\"@id\":\"https:\/\/weltlaeden.de\/gifhorn\/neuigkeiten\/#primaryimage\"},\"thumbnailUrl\":\"https:\/\/weltlaeden.de\/gifhorn\/wp-content\/uploads\/sites\/168\/2021\/12\/schaufenster1.jpg\",\"datePublished\":\"2018-04-05T07:52:53+00:00\",\"dateModified\":\"2022-01-08T12:30:34+00:00\",\"breadcrumb\":{\"@id\":\"https:\/\/weltlaeden.de\/gifhorn\/neuigkeiten\/#breadcrumb\"},\"inLanguage\":\"de\",\"potentialAction\":[{\"@type\":\"ReadAction\",\"target\":[\"https:\/\/weltlaeden.de\/gifhorn\/neuigkeiten\/\"]}]},{\"@type\":\"ImageObject\",\"inLanguage\":\"de\",\"@id\":\"https:\/\/weltlaeden.de\/gifhorn\/neuigkeiten\/#primaryimage\",\"url\":\"https:\/\/weltlaeden.de\/gifhorn\/wp-content\/uploads\/sites\/168\/2021\/12\/schaufenster1.jpg\",\"contentUrl\":\"https:\/\/weltlaeden.de\/gifhorn\/wp-content\/uploads\/sites\/168\/2021\/12\/schaufenster1.jpg\",\"width\":800,\"height\":600},{\"@type\":\"BreadcrumbList\",\"@id\":\"https:\/\/weltlaeden.de\/gifhorn\/neuigkeiten\/#breadcrumb\",\"itemListElement\":[{\"@type\":\"ListItem\",\"position\":1,\"name\":\"Startseite\",\"item\":\"https:\/\/weltlaeden.de\/gifhorn\/\"},{\"@type\":\"ListItem\",\"position\":2,\"name\":\"Neuigkeiten\"}]},{\"@type\":\"WebSite\",\"@id\":\"https:\/\/weltlaeden.de\/gifhorn\/#website\",\"url\":\"https:\/\/weltlaeden.de\/gifhorn\/\",\"name\":\"Weltladen Gifhorn\",\"description\":\"Faire Produkte seit 1990\",\"potentialAction\":[{\"@type\":\"SearchAction\",\"target\":{\"@type\":\"EntryPoint\",\"urlTemplate\":\"https:\/\/weltlaeden.de\/gifhorn\/?s={search_term_string}\"},\"query-input\":{\"@type\":\"PropertyValueSpecification\",\"valueRequired\":true,\"valueName\":\"search_term_string\"}}],\"inLanguage\":\"de\"}]}<\/script>\n<!-- \/ Yoast SEO plugin. -->","yoast_head_json":{"title":"Neuigkeiten - Weltladen Gifhorn","robots":{"index":"index","follow":"follow","max-snippet":"max-snippet:-1","max-image-preview":"max-image-preview:large","max-video-preview":"max-video-preview:-1"},"canonical":"https:\/\/weltlaeden.de\/gifhorn\/neuigkeiten\/","og_locale":"de_DE","og_type":"article","og_title":"Neuigkeiten - Weltladen Gifhorn","og_description":"[vc_row][vc_column][vc_column_text] Neuigkeiten [\/vc_column_text][\/vc_column][\/vc_row]","og_url":"https:\/\/weltlaeden.de\/gifhorn\/neuigkeiten\/","og_site_name":"Weltladen Gifhorn","article_modified_time":"2022-01-08T12:30:34+00:00","og_image":[{"width":800,"height":600,"url":"https:\/\/weltlaeden.de\/gifhorn\/wp-content\/uploads\/sites\/168\/2021\/12\/schaufenster1.jpg","type":"image\/jpeg"}],"twitter_card":"summary_large_image","schema":{"@context":"https:\/\/schema.org","@graph":[{"@type":"WebPage","@id":"https:\/\/weltlaeden.de\/gifhorn\/neuigkeiten\/","url":"https:\/\/weltlaeden.de\/gifhorn\/neuigkeiten\/","name":"Neuigkeiten - Weltladen Gifhorn","isPartOf":{"@id":"https:\/\/weltlaeden.de\/gifhorn\/#website"},"primaryImageOfPage":{"@id":"https:\/\/weltlaeden.de\/gifhorn\/neuigkeiten\/#primaryimage"},"image":{"@id":"https:\/\/weltlaeden.de\/gifhorn\/neuigkeiten\/#primaryimage"},"thumbnailUrl":"https:\/\/weltlaeden.de\/gifhorn\/wp-content\/uploads\/sites\/168\/2021\/12\/schaufenster1.jpg","datePublished":"2018-04-05T07:52:53+00:00","dateModified":"2022-01-08T12:30:34+00:00","breadcrumb":{"@id":"https:\/\/weltlaeden.de\/gifhorn\/neuigkeiten\/#breadcrumb"},"inLanguage":"de","potentialAction":[{"@type":"ReadAction","target":["https:\/\/weltlaeden.de\/gifhorn\/neuigkeiten\/"]}]},{"@type":"ImageObject","inLanguage":"de","@id":"https:\/\/weltlaeden.de\/gifhorn\/neuigkeiten\/#primaryimage","url":"https:\/\/weltlaeden.de\/gifhorn\/wp-content\/uploads\/sites\/168\/2021\/12\/schaufenster1.jpg","contentUrl":"https:\/\/weltlaeden.de\/gifhorn\/wp-content\/uploads\/sites\/168\/2021\/12\/schaufenster1.jpg","width":800,"height":600},{"@type":"BreadcrumbList","@id":"https:\/\/weltlaeden.de\/gifhorn\/neuigkeiten\/#breadcrumb","itemListElement":[{"@type":"ListItem","position":1,"name":"Startseite","item":"https:\/\/weltlaeden.de\/gifhorn\/"},{"@type":"ListItem","position":2,"name":"Neuigkeiten"}]},{"@type":"WebSite","@id":"https:\/\/weltlaeden.de\/gifhorn\/#website","url":"https:\/\/weltlaeden.de\/gifhorn\/","name":"Weltladen Gifhorn","description":"Faire Produkte seit 1990","potentialAction":[{"@type":"SearchAction","target":{"@type":"EntryPoint","urlTemplate":"https:\/\/weltlaeden.de\/gifhorn\/?s={search_term_string}"},"query-input":{"@type":"PropertyValueSpecification","valueRequired":true,"valueName":"search_term_string"}}],"inLanguage":"de"}]}},"_links":{"self":[{"href":"https:\/\/weltlaeden.de\/gifhorn\/wp-json\/wp\/v2\/pages\/361","targetHints":{"allow":["GET"]}}],"collection":[{"href":"https:\/\/weltlaeden.de\/gifhorn\/wp-json\/wp\/v2\/pages"}],"about":[{"href":"https:\/\/weltlaeden.de\/gifhorn\/wp-json\/wp\/v2\/types\/page"}],"author":[{"embeddable":true,"href":"https:\/\/weltlaeden.de\/gifhorn\/wp-json\/wp\/v2\/users\/1"}],"replies":[{"embeddable":true,"href":"https:\/\/weltlaeden.de\/gifhorn\/wp-json\/wp\/v2\/comments?post=361"}],"version-history":[{"count":4,"href":"https:\/\/weltlaeden.de\/gifhorn\/wp-json\/wp\/v2\/pages\/361\/revisions"}],"predecessor-version":[{"id":365,"href":"https:\/\/weltlaeden.de\/gifhorn\/wp-json\/wp\/v2\/pages\/361\/revisions\/365"}],"wp:featuredmedia":[{"embeddable":true,"href":"https:\/\/weltlaeden.de\/gifhorn\/wp-json\/wp\/v2\/media\/803"}],"wp:attachment":[{"href":"https:\/\/weltlaeden.de\/gifhorn\/wp-json\/wp\/v2\/media?parent=361"}],"curies":[{"name":"wp","href":"https:\/\/api.w.org\/{rel}","templated":true}]}}