{"id":217,"date":"2016-10-28T13:34:47","date_gmt":"2016-10-28T11:34:47","guid":{"rendered":"https:\/\/wl.heimpixel.de\/vorlage\/produkte\/"},"modified":"2022-02-15T11:04:49","modified_gmt":"2022-02-15T10:04:49","slug":"produkte","status":"publish","type":"page","link":"https:\/\/weltlaeden.de\/gifhorn\/produkte\/","title":{"rendered":"Produkte"},"content":{"rendered":"<h1><strong>Unser Sortiment<\/strong><\/h1>\n<h2><strong>Lebensmittel<\/strong><\/h2>\n<p>Ein vielf\u00e4ltiges Angebot an Lebensmitteln finden Sie in unserer Lebensmittelabteilung.<\/p>\n<p><img loading=\"lazy\" decoding=\"async\" class=\" wp-image-546 alignleft\" src=\"https:\/\/weltlaeden.de\/gifhorn\/wp-content\/uploads\/sites\/168\/2021\/09\/weltladen-gifhorn-produkte-p2.jpg\" alt=\"\" width=\"600\" height=\"402\" srcset=\"https:\/\/weltlaeden.de\/gifhorn\/wp-content\/uploads\/sites\/168\/2021\/09\/weltladen-gifhorn-produkte-p2.jpg 600w, https:\/\/weltlaeden.de\/gifhorn\/wp-content\/uploads\/sites\/168\/2021\/09\/weltladen-gifhorn-produkte-p2-300x201.jpg 300w\" sizes=\"auto, (max-width: 600px) 100vw, 600px\" \/><\/p>\n<p>&nbsp;<\/p>\n<p>&nbsp;<\/p>\n<p>&nbsp;<\/p>\n<p>&nbsp;<\/p>\n<p>&nbsp;<\/p>\n<p>&nbsp;<\/p>\n<p>&nbsp;<\/p>\n<p>&nbsp;<\/p>\n<p>&nbsp;<\/p>\n<p>&nbsp;<\/p>\n<p>&nbsp;<\/p>\n<p>&nbsp;<\/p>\n<p>&nbsp;<\/p>\n<h2><strong>Textilien &amp; Kunsthandwerk<\/strong><\/h2>\n<p>Ein gro\u00dfes Sortiment der verschiedensten Artikel des Kunsthandwerkes stehen f\u00fcr Sie bereit. Von afrikanischenhandgefertigten K\u00f6rben, sch\u00f6n gearbeiteten Silberschmuck, \u00fcber Klangschalen, bis hin zu schicken Kleidungsst\u00fccken erstreckt sich die ganze Palette der Produkte aus der ganzen Welt.<\/p>\n<p><img loading=\"lazy\" decoding=\"async\" class=\"size-full wp-image-845 alignleft\" src=\"https:\/\/weltlaeden.de\/gifhorn\/wp-content\/uploads\/sites\/168\/2022\/02\/kunsthandwerk01.jpg\" alt=\"\" width=\"600\" height=\"402\" srcset=\"https:\/\/weltlaeden.de\/gifhorn\/wp-content\/uploads\/sites\/168\/2022\/02\/kunsthandwerk01.jpg 600w, https:\/\/weltlaeden.de\/gifhorn\/wp-content\/uploads\/sites\/168\/2022\/02\/kunsthandwerk01-300x201.jpg 300w\" sizes=\"auto, (max-width: 600px) 100vw, 600px\" \/><\/p>\n<p>&nbsp;<\/p>\n<p>&nbsp;<\/p>\n<p>&nbsp;<\/p>\n<p>&nbsp;<\/p>\n<p>&nbsp;<\/p>\n<p>&nbsp;<\/p>\n<p>&nbsp;<\/p>\n<p>&nbsp;<\/p>\n<p>&nbsp;<\/p>\n<p>&nbsp;<\/p>\n<p>&nbsp;<\/p>\n<p>&nbsp;<\/p>\n<p>&nbsp;<\/p>\n<p>&nbsp;<\/p>\n<p>&nbsp;<\/p>\n","protected":false},"excerpt":{"rendered":"<p>Unser Sortiment Lebensmittel Ein vielf\u00e4ltiges Angebot an Lebensmitteln finden Sie in unserer Lebensmittelabteilung. &nbsp; &nbsp; &nbsp; &nbsp; &nbsp; &nbsp; &nbsp; &nbsp; &nbsp; &nbsp; &nbsp; &nbsp; &nbsp; Textilien &amp; Kunsthandwerk Ein gro\u00dfes Sortiment der verschiedensten Artikel des Kunsthandwerkes stehen f\u00fcr Sie bereit. Von afrikanischenhandgefertigten K\u00f6rben, sch\u00f6n gearbeiteten Silberschmuck, \u00fcber Klangschalen, bis hin zu schicken Kleidungsst\u00fccken erstreckt&hellip;<\/p>\n","protected":false},"author":1,"featured_media":0,"parent":0,"menu_order":3,"comment_status":"closed","ping_status":"closed","template":"","meta":{"footnotes":""},"class_list":["post-217","page","type-page","status-publish","hentry","description-off"],"yoast_head":"<!-- This site is optimized with the Yoast SEO plugin v26.8 - https:\/\/yoast.com\/product\/yoast-seo-wordpress\/ -->\n<title>Produkte - Weltladen Gifhorn<\/title>\n<meta name=\"robots\" content=\"index, follow, max-snippet:-1, max-image-preview:large, max-video-preview:-1\" \/>\n<link rel=\"canonical\" href=\"https:\/\/weltlaeden.de\/gifhorn\/produkte\/\" \/>\n<meta property=\"og:locale\" content=\"de_DE\" \/>\n<meta property=\"og:type\" content=\"article\" \/>\n<meta property=\"og:title\" content=\"Produkte - Weltladen Gifhorn\" \/>\n<meta property=\"og:description\" content=\"Unser Sortiment Lebensmittel Ein vielf\u00e4ltiges Angebot an Lebensmitteln finden Sie in unserer Lebensmittelabteilung. &nbsp; &nbsp; &nbsp; &nbsp; &nbsp; &nbsp; &nbsp; &nbsp; &nbsp; &nbsp; &nbsp; &nbsp; &nbsp; Textilien &amp; Kunsthandwerk Ein gro\u00dfes Sortiment der verschiedensten Artikel des Kunsthandwerkes stehen f\u00fcr Sie bereit. Von afrikanischenhandgefertigten K\u00f6rben, sch\u00f6n gearbeiteten Silberschmuck, \u00fcber Klangschalen, bis hin zu schicken Kleidungsst\u00fccken erstreckt&hellip;\" \/>\n<meta property=\"og:url\" content=\"https:\/\/weltlaeden.de\/gifhorn\/produkte\/\" \/>\n<meta property=\"og:site_name\" content=\"Weltladen Gifhorn\" \/>\n<meta property=\"article:modified_time\" content=\"2022-02-15T10:04:49+00:00\" \/>\n<meta property=\"og:image\" content=\"https:\/\/weltlaeden.de\/gifhorn\/wp-content\/uploads\/sites\/168\/2021\/09\/weltladen-gifhorn-produkte-p2.jpg\" \/>\n<meta name=\"twitter:card\" content=\"summary_large_image\" \/>\n<script type=\"application\/ld+json\" class=\"yoast-schema-graph\">{\"@context\":\"https:\/\/schema.org\",\"@graph\":[{\"@type\":\"WebPage\",\"@id\":\"https:\/\/weltlaeden.de\/gifhorn\/produkte\/\",\"url\":\"https:\/\/weltlaeden.de\/gifhorn\/produkte\/\",\"name\":\"Produkte - Weltladen Gifhorn\",\"isPartOf\":{\"@id\":\"https:\/\/weltlaeden.de\/gifhorn\/#website\"},\"primaryImageOfPage\":{\"@id\":\"https:\/\/weltlaeden.de\/gifhorn\/produkte\/#primaryimage\"},\"image\":{\"@id\":\"https:\/\/weltlaeden.de\/gifhorn\/produkte\/#primaryimage\"},\"thumbnailUrl\":\"https:\/\/weltlaeden.de\/gifhorn\/wp-content\/uploads\/sites\/168\/2021\/09\/weltladen-gifhorn-produkte-p2.jpg\",\"datePublished\":\"2016-10-28T11:34:47+00:00\",\"dateModified\":\"2022-02-15T10:04:49+00:00\",\"breadcrumb\":{\"@id\":\"https:\/\/weltlaeden.de\/gifhorn\/produkte\/#breadcrumb\"},\"inLanguage\":\"de\",\"potentialAction\":[{\"@type\":\"ReadAction\",\"target\":[\"https:\/\/weltlaeden.de\/gifhorn\/produkte\/\"]}]},{\"@type\":\"ImageObject\",\"inLanguage\":\"de\",\"@id\":\"https:\/\/weltlaeden.de\/gifhorn\/produkte\/#primaryimage\",\"url\":\"https:\/\/weltlaeden.de\/gifhorn\/wp-content\/uploads\/sites\/168\/2021\/09\/weltladen-gifhorn-produkte-p2.jpg\",\"contentUrl\":\"https:\/\/weltlaeden.de\/gifhorn\/wp-content\/uploads\/sites\/168\/2021\/09\/weltladen-gifhorn-produkte-p2.jpg\",\"width\":600,\"height\":402},{\"@type\":\"BreadcrumbList\",\"@id\":\"https:\/\/weltlaeden.de\/gifhorn\/produkte\/#breadcrumb\",\"itemListElement\":[{\"@type\":\"ListItem\",\"position\":1,\"name\":\"Startseite\",\"item\":\"https:\/\/weltlaeden.de\/gifhorn\/\"},{\"@type\":\"ListItem\",\"position\":2,\"name\":\"Produkte\"}]},{\"@type\":\"WebSite\",\"@id\":\"https:\/\/weltlaeden.de\/gifhorn\/#website\",\"url\":\"https:\/\/weltlaeden.de\/gifhorn\/\",\"name\":\"Weltladen Gifhorn\",\"description\":\"Faire Produkte seit 1990\",\"potentialAction\":[{\"@type\":\"SearchAction\",\"target\":{\"@type\":\"EntryPoint\",\"urlTemplate\":\"https:\/\/weltlaeden.de\/gifhorn\/?s={search_term_string}\"},\"query-input\":{\"@type\":\"PropertyValueSpecification\",\"valueRequired\":true,\"valueName\":\"search_term_string\"}}],\"inLanguage\":\"de\"}]}<\/script>\n<!-- \/ Yoast SEO plugin. -->","yoast_head_json":{"title":"Produkte - Weltladen Gifhorn","robots":{"index":"index","follow":"follow","max-snippet":"max-snippet:-1","max-image-preview":"max-image-preview:large","max-video-preview":"max-video-preview:-1"},"canonical":"https:\/\/weltlaeden.de\/gifhorn\/produkte\/","og_locale":"de_DE","og_type":"article","og_title":"Produkte - Weltladen Gifhorn","og_description":"Unser Sortiment Lebensmittel Ein vielf\u00e4ltiges Angebot an Lebensmitteln finden Sie in unserer Lebensmittelabteilung. &nbsp; &nbsp; &nbsp; &nbsp; &nbsp; &nbsp; &nbsp; &nbsp; &nbsp; &nbsp; &nbsp; &nbsp; &nbsp; Textilien &amp; Kunsthandwerk Ein gro\u00dfes Sortiment der verschiedensten Artikel des Kunsthandwerkes stehen f\u00fcr Sie bereit. Von afrikanischenhandgefertigten K\u00f6rben, sch\u00f6n gearbeiteten Silberschmuck, \u00fcber Klangschalen, bis hin zu schicken Kleidungsst\u00fccken erstreckt&hellip;","og_url":"https:\/\/weltlaeden.de\/gifhorn\/produkte\/","og_site_name":"Weltladen Gifhorn","article_modified_time":"2022-02-15T10:04:49+00:00","og_image":[{"url":"https:\/\/weltlaeden.de\/gifhorn\/wp-content\/uploads\/sites\/168\/2021\/09\/weltladen-gifhorn-produkte-p2.jpg","type":"","width":"","height":""}],"twitter_card":"summary_large_image","schema":{"@context":"https:\/\/schema.org","@graph":[{"@type":"WebPage","@id":"https:\/\/weltlaeden.de\/gifhorn\/produkte\/","url":"https:\/\/weltlaeden.de\/gifhorn\/produkte\/","name":"Produkte - Weltladen Gifhorn","isPartOf":{"@id":"https:\/\/weltlaeden.de\/gifhorn\/#website"},"primaryImageOfPage":{"@id":"https:\/\/weltlaeden.de\/gifhorn\/produkte\/#primaryimage"},"image":{"@id":"https:\/\/weltlaeden.de\/gifhorn\/produkte\/#primaryimage"},"thumbnailUrl":"https:\/\/weltlaeden.de\/gifhorn\/wp-content\/uploads\/sites\/168\/2021\/09\/weltladen-gifhorn-produkte-p2.jpg","datePublished":"2016-10-28T11:34:47+00:00","dateModified":"2022-02-15T10:04:49+00:00","breadcrumb":{"@id":"https:\/\/weltlaeden.de\/gifhorn\/produkte\/#breadcrumb"},"inLanguage":"de","potentialAction":[{"@type":"ReadAction","target":["https:\/\/weltlaeden.de\/gifhorn\/produkte\/"]}]},{"@type":"ImageObject","inLanguage":"de","@id":"https:\/\/weltlaeden.de\/gifhorn\/produkte\/#primaryimage","url":"https:\/\/weltlaeden.de\/gifhorn\/wp-content\/uploads\/sites\/168\/2021\/09\/weltladen-gifhorn-produkte-p2.jpg","contentUrl":"https:\/\/weltlaeden.de\/gifhorn\/wp-content\/uploads\/sites\/168\/2021\/09\/weltladen-gifhorn-produkte-p2.jpg","width":600,"height":402},{"@type":"BreadcrumbList","@id":"https:\/\/weltlaeden.de\/gifhorn\/produkte\/#breadcrumb","itemListElement":[{"@type":"ListItem","position":1,"name":"Startseite","item":"https:\/\/weltlaeden.de\/gifhorn\/"},{"@type":"ListItem","position":2,"name":"Produkte"}]},{"@type":"WebSite","@id":"https:\/\/weltlaeden.de\/gifhorn\/#website","url":"https:\/\/weltlaeden.de\/gifhorn\/","name":"Weltladen Gifhorn","description":"Faire Produkte seit 1990","potentialAction":[{"@type":"SearchAction","target":{"@type":"EntryPoint","urlTemplate":"https:\/\/weltlaeden.de\/gifhorn\/?s={search_term_string}"},"query-input":{"@type":"PropertyValueSpecification","valueRequired":true,"valueName":"search_term_string"}}],"inLanguage":"de"}]}},"_links":{"self":[{"href":"https:\/\/weltlaeden.de\/gifhorn\/wp-json\/wp\/v2\/pages\/217","targetHints":{"allow":["GET"]}}],"collection":[{"href":"https:\/\/weltlaeden.de\/gifhorn\/wp-json\/wp\/v2\/pages"}],"about":[{"href":"https:\/\/weltlaeden.de\/gifhorn\/wp-json\/wp\/v2\/types\/page"}],"author":[{"embeddable":true,"href":"https:\/\/weltlaeden.de\/gifhorn\/wp-json\/wp\/v2\/users\/1"}],"replies":[{"embeddable":true,"href":"https:\/\/weltlaeden.de\/gifhorn\/wp-json\/wp\/v2\/comments?post=217"}],"version-history":[{"count":22,"href":"https:\/\/weltlaeden.de\/gifhorn\/wp-json\/wp\/v2\/pages\/217\/revisions"}],"predecessor-version":[{"id":864,"href":"https:\/\/weltlaeden.de\/gifhorn\/wp-json\/wp\/v2\/pages\/217\/revisions\/864"}],"wp:attachment":[{"href":"https:\/\/weltlaeden.de\/gifhorn\/wp-json\/wp\/v2\/media?parent=217"}],"curies":[{"name":"wp","href":"https:\/\/api.w.org\/{rel}","templated":true}]}}