{"id":1713,"date":"2026-04-11T19:34:08","date_gmt":"2026-04-11T17:34:08","guid":{"rendered":"https:\/\/weltlaeden.de\/gifhorn\/?page_id=1713"},"modified":"2026-04-18T13:50:15","modified_gmt":"2026-04-18T11:50:15","slug":"unverpackt","status":"publish","type":"page","link":"https:\/\/weltlaeden.de\/gifhorn\/unverpackt\/","title":{"rendered":"Unverpackt"},"content":{"rendered":"<div id=\"cc-m-10354982986\" class=\"j-module n j-text \">\n<h2><strong>Herzlich willkommen auf der neuen Seite unseres Ladens &#8211; Unverpackt<\/strong><strong>!<\/strong><\/h2>\n<\/div>\n<div id=\"cc-m-10353224786\" class=\"j-module n j-text \">\n<p><strong>Wir erweitern mit dem Unverpacktbereich unsere Nachhaltigkeitsprojekte in Gifhorn!<\/strong><\/p>\n<p data-start=\"0\" data-end=\"170\">Mit dem neuen Unverpacktbereich im Weltladen Gifhorn gehen wir einen wichtigen Schritt in Richtung Zukunft. Weniger Verpackung hei\u00dft weniger M\u00fcll \u2013 gut f\u00fcr unsere Erde.<\/p>\n<p data-start=\"172\" data-end=\"311\">Das passt perfekt zum Fairen Handel: Unverpackt einkaufen sch\u00fctzt die Umwelt, fair einkaufen st\u00e4rkt die Menschen. Beides geh\u00f6rt zusammen.<\/p>\n<p data-start=\"313\" data-end=\"421\" data-is-last-node=\"\" data-is-only-node=\"\">So wird der Weltladen noch mehr zu einem Ort f\u00fcr gutes Einkaufen \u2013 gut f\u00fcr Umwelt, andere und uns alle. \ud83c\udf0d\ud83d\udc9a<\/p>\n<p data-start=\"313\" data-end=\"421\" data-is-last-node=\"\" data-is-only-node=\"\"><img loading=\"lazy\" decoding=\"async\" class=\"wp-image-1717 aligncenter\" src=\"https:\/\/weltlaeden.de\/gifhorn\/wp-content\/uploads\/sites\/168\/2026\/04\/klein-04-unverpackt.jpg\" alt=\"\" width=\"306\" height=\"453\" srcset=\"https:\/\/weltlaeden.de\/gifhorn\/wp-content\/uploads\/sites\/168\/2026\/04\/klein-04-unverpackt.jpg 402w, https:\/\/weltlaeden.de\/gifhorn\/wp-content\/uploads\/sites\/168\/2026\/04\/klein-04-unverpackt-203x300.jpg 203w\" sizes=\"auto, (max-width: 306px) 100vw, 306px\" \/><img loading=\"lazy\" decoding=\"async\" class=\"wp-image-1719 aligncenter\" src=\"https:\/\/weltlaeden.de\/gifhorn\/wp-content\/uploads\/sites\/168\/2026\/04\/klein-07-unverpackt.jpg\" alt=\"\" width=\"575\" height=\"432\" srcset=\"https:\/\/weltlaeden.de\/gifhorn\/wp-content\/uploads\/sites\/168\/2026\/04\/klein-07-unverpackt.jpg 614w, https:\/\/weltlaeden.de\/gifhorn\/wp-content\/uploads\/sites\/168\/2026\/04\/klein-07-unverpackt-300x225.jpg 300w\" sizes=\"auto, (max-width: 575px) 100vw, 575px\" \/><\/p>\n<p><strong>Unser Sortiment:<\/strong><\/p>\n<p>Seifen, Wasch- und Putzmittel von <strong>SONETT<\/strong><\/p>\n<p>Unverpackte Lebenmittel vom Bio-Gro\u00dfhandel (<strong>Kornkraft, Bode<\/strong>)<\/p>\n<ul>\n<li>4-Korn-Flocken<\/li>\n<li>6-Korn-Mischung<\/li>\n<li>Backpulver, vegan<\/li>\n<li>Bananenchips<\/li>\n<li>Basis M\u00fcsli<\/li>\n<li>Basmati Reis natur<\/li>\n<li>Basmati Reis wei\u00df<\/li>\n<li>Bourbon Vanillezucker<\/li>\n<li>Bulgur<\/li>\n<li>bunte Zuckerstreusel<\/li>\n<li>Cranberries<\/li>\n<li>Datteln<\/li>\n<li>Dinkel<\/li>\n<li>Farfalle hell lose<\/li>\n<li>Feines M\u00fcsli<\/li>\n<li>Gerste<\/li>\n<li>Gr\u00fcnkern<\/li>\n<li>Haferflocken, fein<\/li>\n<li>Haferflocken, grob<\/li>\n<li>Hafermilchpulver<\/li>\n<li>Hirse<\/li>\n<li>H\u00f6rnchen, semola,\u00a0Byodo<\/li>\n<li>Kirchererbsen<\/li>\n<li>Linsen, braun<\/li>\n<li>Linsen, rot<\/li>\n<li>Maisgrie\u00df<\/li>\n<li>Maisst\u00e4rke<\/li>\n<li>Makkaroni, 3cm semola,\u00a0Byodo<\/li>\n<li>Milchreis Rundkorn wei\u00df<\/li>\n<li>Penne hell lose<\/li>\n<li>Reis extra lang, Thaibonnet<\/li>\n<li>Risotto Reis wei\u00df<\/li>\n<li>Roggen<\/li>\n<li>Roh-Rohrzucker<\/li>\n<li>R\u00fcbenzucker, wei\u00df<\/li>\n<li>Schoko-Hafer-M\u00fcsli<\/li>\n<li>Sesam, ungesch\u00e4lt<\/li>\n<li>Sonnenblumenkerne<\/li>\n<li>Spiralen bunt semola lose,\u00a0Byodo<\/li>\n<li>Spiralen Vollkorn, lose,\u00a0Byodo<\/li>\n<li>Trockenbackhefe<\/li>\n<li>verschiedene Gew\u00fcrze<\/li>\n<li>Weizengrie\u00df<\/li>\n<li>Wildreis lose<\/li>\n<\/ul>\n<p>&nbsp;<\/p>\n<p>&nbsp;<\/p>\n<p><img loading=\"lazy\" decoding=\"async\" class=\"wp-image-1718 aligncenter\" src=\"https:\/\/weltlaeden.de\/gifhorn\/wp-content\/uploads\/sites\/168\/2026\/04\/klein-06-unverpackt.jpg\" alt=\"\" width=\"507\" height=\"379\" srcset=\"https:\/\/weltlaeden.de\/gifhorn\/wp-content\/uploads\/sites\/168\/2026\/04\/klein-06-unverpackt.jpg 584w, https:\/\/weltlaeden.de\/gifhorn\/wp-content\/uploads\/sites\/168\/2026\/04\/klein-06-unverpackt-300x224.jpg 300w\" sizes=\"auto, (max-width: 507px) 100vw, 507px\" \/><br \/>\n<img loading=\"lazy\" decoding=\"async\" class=\"wp-image-1716 aligncenter\" src=\"https:\/\/weltlaeden.de\/gifhorn\/wp-content\/uploads\/sites\/168\/2026\/04\/klein-02-unverpackt.jpg\" alt=\"\" width=\"521\" height=\"357\" srcset=\"https:\/\/weltlaeden.de\/gifhorn\/wp-content\/uploads\/sites\/168\/2026\/04\/klein-02-unverpackt.jpg 539w, https:\/\/weltlaeden.de\/gifhorn\/wp-content\/uploads\/sites\/168\/2026\/04\/klein-02-unverpackt-300x206.jpg 300w\" sizes=\"auto, (max-width: 521px) 100vw, 521px\" \/><\/p>\n<p>Je nach Nachfrage, kann sich das Sortiment entsprechend entwickeln.<\/p>\n<p>\u201eUnverpackt\u201c hei\u00dft, dass die Kunden ihre Beh\u00e4lter selbst mitbringen und bei uns f\u00fcllen.<\/p>\n<p>F\u00fcr Spontank\u00e4ufe gibt es Papiert\u00fcten und eine begrenzte Anzahl an Pfandbeh\u00e4ltern<br \/>\n(2\u20ac Pfand).<\/p>\n<p>Wir freuen uns, wenn diese Angebote in Gifhorn gut angenommen wird:)<\/p>\n<p>&nbsp;<\/p>\n<p>&nbsp;<\/p>\n<\/div>\n","protected":false},"excerpt":{"rendered":"<p>Herzlich willkommen auf der neuen Seite unseres Ladens &#8211; Unverpackt! Wir erweitern mit dem Unverpacktbereich unsere Nachhaltigkeitsprojekte in Gifhorn! Mit dem neuen Unverpacktbereich im Weltladen Gifhorn gehen wir einen wichtigen Schritt in Richtung Zukunft. Weniger Verpackung hei\u00dft weniger M\u00fcll \u2013 gut f\u00fcr unsere Erde. Das passt perfekt zum Fairen Handel: Unverpackt einkaufen sch\u00fctzt die Umwelt,&hellip;<\/p>\n","protected":false},"author":244,"featured_media":0,"parent":0,"menu_order":0,"comment_status":"closed","ping_status":"closed","template":"","meta":{"footnotes":""},"class_list":["post-1713","page","type-page","status-publish","hentry","description-off"],"yoast_head":"<!-- This site is optimized with the Yoast SEO plugin v26.8 - https:\/\/yoast.com\/product\/yoast-seo-wordpress\/ -->\n<title>Unverpackt - Weltladen Gifhorn<\/title>\n<meta name=\"robots\" content=\"index, follow, max-snippet:-1, max-image-preview:large, max-video-preview:-1\" \/>\n<link rel=\"canonical\" href=\"https:\/\/weltlaeden.de\/gifhorn\/unverpackt\/\" \/>\n<meta property=\"og:locale\" content=\"de_DE\" \/>\n<meta property=\"og:type\" content=\"article\" \/>\n<meta property=\"og:title\" content=\"Unverpackt - Weltladen Gifhorn\" \/>\n<meta property=\"og:description\" content=\"Herzlich willkommen auf der neuen Seite unseres Ladens &#8211; Unverpackt! Wir erweitern mit dem Unverpacktbereich unsere Nachhaltigkeitsprojekte in Gifhorn! Mit dem neuen Unverpacktbereich im Weltladen Gifhorn gehen wir einen wichtigen Schritt in Richtung Zukunft. Weniger Verpackung hei\u00dft weniger M\u00fcll \u2013 gut f\u00fcr unsere Erde. Das passt perfekt zum Fairen Handel: Unverpackt einkaufen sch\u00fctzt die Umwelt,&hellip;\" \/>\n<meta property=\"og:url\" content=\"https:\/\/weltlaeden.de\/gifhorn\/unverpackt\/\" \/>\n<meta property=\"og:site_name\" content=\"Weltladen Gifhorn\" \/>\n<meta property=\"article:modified_time\" content=\"2026-04-18T11:50:15+00:00\" \/>\n<meta property=\"og:image\" content=\"https:\/\/weltlaeden.de\/gifhorn\/wp-content\/uploads\/sites\/168\/2026\/04\/klein-04-unverpackt.jpg\" \/>\n\t<meta property=\"og:image:width\" content=\"402\" \/>\n\t<meta property=\"og:image:height\" content=\"595\" \/>\n\t<meta property=\"og:image:type\" content=\"image\/jpeg\" \/>\n<meta name=\"twitter:card\" content=\"summary_large_image\" \/>\n<meta name=\"twitter:label1\" content=\"Gesch\u00e4tzte Lesezeit\" \/>\n\t<meta name=\"twitter:data1\" content=\"3\u00a0Minuten\" \/>\n<script type=\"application\/ld+json\" class=\"yoast-schema-graph\">{\"@context\":\"https:\/\/schema.org\",\"@graph\":[{\"@type\":\"WebPage\",\"@id\":\"https:\/\/weltlaeden.de\/gifhorn\/unverpackt\/\",\"url\":\"https:\/\/weltlaeden.de\/gifhorn\/unverpackt\/\",\"name\":\"Unverpackt - Weltladen Gifhorn\",\"isPartOf\":{\"@id\":\"https:\/\/weltlaeden.de\/gifhorn\/#website\"},\"primaryImageOfPage\":{\"@id\":\"https:\/\/weltlaeden.de\/gifhorn\/unverpackt\/#primaryimage\"},\"image\":{\"@id\":\"https:\/\/weltlaeden.de\/gifhorn\/unverpackt\/#primaryimage\"},\"thumbnailUrl\":\"https:\/\/weltlaeden.de\/gifhorn\/wp-content\/uploads\/sites\/168\/2026\/04\/klein-04-unverpackt.jpg\",\"datePublished\":\"2026-04-11T17:34:08+00:00\",\"dateModified\":\"2026-04-18T11:50:15+00:00\",\"breadcrumb\":{\"@id\":\"https:\/\/weltlaeden.de\/gifhorn\/unverpackt\/#breadcrumb\"},\"inLanguage\":\"de\",\"potentialAction\":[{\"@type\":\"ReadAction\",\"target\":[\"https:\/\/weltlaeden.de\/gifhorn\/unverpackt\/\"]}]},{\"@type\":\"ImageObject\",\"inLanguage\":\"de\",\"@id\":\"https:\/\/weltlaeden.de\/gifhorn\/unverpackt\/#primaryimage\",\"url\":\"https:\/\/weltlaeden.de\/gifhorn\/wp-content\/uploads\/sites\/168\/2026\/04\/klein-04-unverpackt.jpg\",\"contentUrl\":\"https:\/\/weltlaeden.de\/gifhorn\/wp-content\/uploads\/sites\/168\/2026\/04\/klein-04-unverpackt.jpg\",\"width\":402,\"height\":595},{\"@type\":\"BreadcrumbList\",\"@id\":\"https:\/\/weltlaeden.de\/gifhorn\/unverpackt\/#breadcrumb\",\"itemListElement\":[{\"@type\":\"ListItem\",\"position\":1,\"name\":\"Startseite\",\"item\":\"https:\/\/weltlaeden.de\/gifhorn\/\"},{\"@type\":\"ListItem\",\"position\":2,\"name\":\"Unverpackt\"}]},{\"@type\":\"WebSite\",\"@id\":\"https:\/\/weltlaeden.de\/gifhorn\/#website\",\"url\":\"https:\/\/weltlaeden.de\/gifhorn\/\",\"name\":\"Weltladen Gifhorn\",\"description\":\"Faire Produkte seit 1990\",\"potentialAction\":[{\"@type\":\"SearchAction\",\"target\":{\"@type\":\"EntryPoint\",\"urlTemplate\":\"https:\/\/weltlaeden.de\/gifhorn\/?s={search_term_string}\"},\"query-input\":{\"@type\":\"PropertyValueSpecification\",\"valueRequired\":true,\"valueName\":\"search_term_string\"}}],\"inLanguage\":\"de\"}]}<\/script>\n<!-- \/ Yoast SEO plugin. -->","yoast_head_json":{"title":"Unverpackt - Weltladen Gifhorn","robots":{"index":"index","follow":"follow","max-snippet":"max-snippet:-1","max-image-preview":"max-image-preview:large","max-video-preview":"max-video-preview:-1"},"canonical":"https:\/\/weltlaeden.de\/gifhorn\/unverpackt\/","og_locale":"de_DE","og_type":"article","og_title":"Unverpackt - Weltladen Gifhorn","og_description":"Herzlich willkommen auf der neuen Seite unseres Ladens &#8211; Unverpackt! Wir erweitern mit dem Unverpacktbereich unsere Nachhaltigkeitsprojekte in Gifhorn! Mit dem neuen Unverpacktbereich im Weltladen Gifhorn gehen wir einen wichtigen Schritt in Richtung Zukunft. Weniger Verpackung hei\u00dft weniger M\u00fcll \u2013 gut f\u00fcr unsere Erde. Das passt perfekt zum Fairen Handel: Unverpackt einkaufen sch\u00fctzt die Umwelt,&hellip;","og_url":"https:\/\/weltlaeden.de\/gifhorn\/unverpackt\/","og_site_name":"Weltladen Gifhorn","article_modified_time":"2026-04-18T11:50:15+00:00","og_image":[{"width":402,"height":595,"url":"https:\/\/weltlaeden.de\/gifhorn\/wp-content\/uploads\/sites\/168\/2026\/04\/klein-04-unverpackt.jpg","type":"image\/jpeg"}],"twitter_card":"summary_large_image","twitter_misc":{"Gesch\u00e4tzte Lesezeit":"3\u00a0Minuten"},"schema":{"@context":"https:\/\/schema.org","@graph":[{"@type":"WebPage","@id":"https:\/\/weltlaeden.de\/gifhorn\/unverpackt\/","url":"https:\/\/weltlaeden.de\/gifhorn\/unverpackt\/","name":"Unverpackt - Weltladen Gifhorn","isPartOf":{"@id":"https:\/\/weltlaeden.de\/gifhorn\/#website"},"primaryImageOfPage":{"@id":"https:\/\/weltlaeden.de\/gifhorn\/unverpackt\/#primaryimage"},"image":{"@id":"https:\/\/weltlaeden.de\/gifhorn\/unverpackt\/#primaryimage"},"thumbnailUrl":"https:\/\/weltlaeden.de\/gifhorn\/wp-content\/uploads\/sites\/168\/2026\/04\/klein-04-unverpackt.jpg","datePublished":"2026-04-11T17:34:08+00:00","dateModified":"2026-04-18T11:50:15+00:00","breadcrumb":{"@id":"https:\/\/weltlaeden.de\/gifhorn\/unverpackt\/#breadcrumb"},"inLanguage":"de","potentialAction":[{"@type":"ReadAction","target":["https:\/\/weltlaeden.de\/gifhorn\/unverpackt\/"]}]},{"@type":"ImageObject","inLanguage":"de","@id":"https:\/\/weltlaeden.de\/gifhorn\/unverpackt\/#primaryimage","url":"https:\/\/weltlaeden.de\/gifhorn\/wp-content\/uploads\/sites\/168\/2026\/04\/klein-04-unverpackt.jpg","contentUrl":"https:\/\/weltlaeden.de\/gifhorn\/wp-content\/uploads\/sites\/168\/2026\/04\/klein-04-unverpackt.jpg","width":402,"height":595},{"@type":"BreadcrumbList","@id":"https:\/\/weltlaeden.de\/gifhorn\/unverpackt\/#breadcrumb","itemListElement":[{"@type":"ListItem","position":1,"name":"Startseite","item":"https:\/\/weltlaeden.de\/gifhorn\/"},{"@type":"ListItem","position":2,"name":"Unverpackt"}]},{"@type":"WebSite","@id":"https:\/\/weltlaeden.de\/gifhorn\/#website","url":"https:\/\/weltlaeden.de\/gifhorn\/","name":"Weltladen Gifhorn","description":"Faire Produkte seit 1990","potentialAction":[{"@type":"SearchAction","target":{"@type":"EntryPoint","urlTemplate":"https:\/\/weltlaeden.de\/gifhorn\/?s={search_term_string}"},"query-input":{"@type":"PropertyValueSpecification","valueRequired":true,"valueName":"search_term_string"}}],"inLanguage":"de"}]}},"_links":{"self":[{"href":"https:\/\/weltlaeden.de\/gifhorn\/wp-json\/wp\/v2\/pages\/1713","targetHints":{"allow":["GET"]}}],"collection":[{"href":"https:\/\/weltlaeden.de\/gifhorn\/wp-json\/wp\/v2\/pages"}],"about":[{"href":"https:\/\/weltlaeden.de\/gifhorn\/wp-json\/wp\/v2\/types\/page"}],"author":[{"embeddable":true,"href":"https:\/\/weltlaeden.de\/gifhorn\/wp-json\/wp\/v2\/users\/244"}],"replies":[{"embeddable":true,"href":"https:\/\/weltlaeden.de\/gifhorn\/wp-json\/wp\/v2\/comments?post=1713"}],"version-history":[{"count":9,"href":"https:\/\/weltlaeden.de\/gifhorn\/wp-json\/wp\/v2\/pages\/1713\/revisions"}],"predecessor-version":[{"id":1731,"href":"https:\/\/weltlaeden.de\/gifhorn\/wp-json\/wp\/v2\/pages\/1713\/revisions\/1731"}],"wp:attachment":[{"href":"https:\/\/weltlaeden.de\/gifhorn\/wp-json\/wp\/v2\/media?parent=1713"}],"curies":[{"name":"wp","href":"https:\/\/api.w.org\/{rel}","templated":true}]}}