{"id":893,"date":"2021-08-02T14:49:23","date_gmt":"2021-08-02T12:49:23","guid":{"rendered":"https:\/\/weltlaeden.de\/gemuenden\/?page_id=893"},"modified":"2022-02-11T20:05:17","modified_gmt":"2022-02-11T19:05:17","slug":"dreifluessestadtkaffee-im-neuen-design","status":"publish","type":"page","link":"https:\/\/weltlaeden.de\/gemuenden\/dreifluessestadtkaffee-im-neuen-design\/","title":{"rendered":"Dreifl\u00fcssestadtkaffee im neuen Design\u2026"},"content":{"rendered":"<p><img loading=\"lazy\" decoding=\"async\" class=\"aligncenter wp-image-892 size-large\" src=\"https:\/\/weltlaeden.de\/gemuenden\/wp-content\/uploads\/sites\/141\/2021\/08\/2021-07-15-1024x750.jpg\" alt=\"\" width=\"1024\" height=\"750\" srcset=\"https:\/\/weltlaeden.de\/gemuenden\/wp-content\/uploads\/sites\/141\/2021\/08\/2021-07-15-1024x750.jpg 1024w, https:\/\/weltlaeden.de\/gemuenden\/wp-content\/uploads\/sites\/141\/2021\/08\/2021-07-15-300x220.jpg 300w, https:\/\/weltlaeden.de\/gemuenden\/wp-content\/uploads\/sites\/141\/2021\/08\/2021-07-15-768x562.jpg 768w, https:\/\/weltlaeden.de\/gemuenden\/wp-content\/uploads\/sites\/141\/2021\/08\/2021-07-15.jpg 1200w\" sizes=\"auto, (max-width: 1024px) 100vw, 1024px\" \/><\/p>\n<p>Der Dreifl\u00fcssestadtkaffee kommt in v\u00f6llig neuen Design daher und ist jetzt ein echter Beitrag Gem\u00fcndens als Fair-Trade-Stadt. Deshalb wurden die zwei Varianten f\u00fcr gemahlenen Kaffee und ganze Bohne auch gemeinsam mit B\u00fcrgermeister J\u00fcrgen Lippert und Stadtrat Ralf Obert sowie dem Weltladen-Team auf dem Marktplatz der \u00d6ffentlichkeit vorgestellt. Ab sofort ist auf den bunten Packungen die Stadt von ihrer sch\u00f6nsten Seite oder auch nur das Huttenschloss zu sehen. Der durch und durch faire Kaffee kommt jetzt von einer kleinen Kooperative im Hochland von Peru und kostet jeweils 4,90 \u20ac f\u00fcr 250g.<span class=\"Apple-converted-space\">\u00a0<\/span><\/p>\n<p><img loading=\"lazy\" decoding=\"async\" class=\"aligncenter wp-image-896 size-large\" src=\"https:\/\/weltlaeden.de\/gemuenden\/wp-content\/uploads\/sites\/141\/2021\/08\/IMG_5316-2-1024x725.jpg\" alt=\"\" width=\"1024\" height=\"725\" srcset=\"https:\/\/weltlaeden.de\/gemuenden\/wp-content\/uploads\/sites\/141\/2021\/08\/IMG_5316-2-1024x725.jpg 1024w, https:\/\/weltlaeden.de\/gemuenden\/wp-content\/uploads\/sites\/141\/2021\/08\/IMG_5316-2-300x212.jpg 300w, https:\/\/weltlaeden.de\/gemuenden\/wp-content\/uploads\/sites\/141\/2021\/08\/IMG_5316-2-768x544.jpg 768w, https:\/\/weltlaeden.de\/gemuenden\/wp-content\/uploads\/sites\/141\/2021\/08\/IMG_5316-2.jpg 1200w\" sizes=\"auto, (max-width: 1024px) 100vw, 1024px\" \/><\/p>\n<p>Foto: Nicole Schmidt<\/p>\n","protected":false},"excerpt":{"rendered":"<p>Der Dreifl\u00fcssestadtkaffee kommt in v\u00f6llig neuen Design daher und ist jetzt ein echter Beitrag Gem\u00fcndens als Fair-Trade-Stadt. Deshalb wurden die zwei Varianten f\u00fcr gemahlenen Kaffee und ganze Bohne auch gemeinsam mit B\u00fcrgermeister J\u00fcrgen Lippert und Stadtrat Ralf Obert sowie dem Weltladen-Team auf dem Marktplatz der \u00d6ffentlichkeit vorgestellt. Ab sofort ist auf den bunten Packungen die&hellip;<\/p>\n","protected":false},"author":208,"featured_media":892,"parent":0,"menu_order":0,"comment_status":"closed","ping_status":"closed","template":"","meta":{"footnotes":""},"class_list":["post-893","page","type-page","status-publish","has-post-thumbnail","hentry","description-off"],"yoast_head":"<!-- This site is optimized with the Yoast SEO plugin v26.8 - https:\/\/yoast.com\/product\/yoast-seo-wordpress\/ -->\n<title>Dreifl\u00fcssestadtkaffee im neuen Design\u2026 - Weltladen Gem\u00fcnden<\/title>\n<meta name=\"robots\" content=\"index, follow, max-snippet:-1, max-image-preview:large, max-video-preview:-1\" \/>\n<link rel=\"canonical\" href=\"https:\/\/weltlaeden.de\/gemuenden\/dreifluessestadtkaffee-im-neuen-design\/\" \/>\n<meta property=\"og:locale\" content=\"de_DE\" \/>\n<meta property=\"og:type\" content=\"article\" \/>\n<meta property=\"og:title\" content=\"Dreifl\u00fcssestadtkaffee im neuen Design\u2026 - Weltladen Gem\u00fcnden\" \/>\n<meta property=\"og:description\" content=\"Der Dreifl\u00fcssestadtkaffee kommt in v\u00f6llig neuen Design daher und ist jetzt ein echter Beitrag Gem\u00fcndens als Fair-Trade-Stadt. Deshalb wurden die zwei Varianten f\u00fcr gemahlenen Kaffee und ganze Bohne auch gemeinsam mit B\u00fcrgermeister J\u00fcrgen Lippert und Stadtrat Ralf Obert sowie dem Weltladen-Team auf dem Marktplatz der \u00d6ffentlichkeit vorgestellt. Ab sofort ist auf den bunten Packungen die&hellip;\" \/>\n<meta property=\"og:url\" content=\"https:\/\/weltlaeden.de\/gemuenden\/dreifluessestadtkaffee-im-neuen-design\/\" \/>\n<meta property=\"og:site_name\" content=\"Weltladen Gem\u00fcnden\" \/>\n<meta property=\"article:modified_time\" content=\"2022-02-11T19:05:17+00:00\" \/>\n<meta property=\"og:image\" content=\"https:\/\/weltlaeden.de\/gemuenden\/wp-content\/uploads\/sites\/141\/2021\/08\/2021-07-15.jpg\" \/>\n\t<meta property=\"og:image:width\" content=\"1920\" \/>\n\t<meta property=\"og:image:height\" content=\"1406\" \/>\n\t<meta property=\"og:image:type\" content=\"image\/jpeg\" \/>\n<meta name=\"twitter:card\" content=\"summary_large_image\" \/>\n<meta name=\"twitter:label1\" content=\"Gesch\u00e4tzte Lesezeit\" \/>\n\t<meta name=\"twitter:data1\" content=\"1\u00a0Minute\" \/>\n<script type=\"application\/ld+json\" class=\"yoast-schema-graph\">{\"@context\":\"https:\/\/schema.org\",\"@graph\":[{\"@type\":\"WebPage\",\"@id\":\"https:\/\/weltlaeden.de\/gemuenden\/dreifluessestadtkaffee-im-neuen-design\/\",\"url\":\"https:\/\/weltlaeden.de\/gemuenden\/dreifluessestadtkaffee-im-neuen-design\/\",\"name\":\"Dreifl\u00fcssestadtkaffee im neuen Design\u2026 - Weltladen Gem\u00fcnden\",\"isPartOf\":{\"@id\":\"https:\/\/weltlaeden.de\/gemuenden\/#website\"},\"primaryImageOfPage\":{\"@id\":\"https:\/\/weltlaeden.de\/gemuenden\/dreifluessestadtkaffee-im-neuen-design\/#primaryimage\"},\"image\":{\"@id\":\"https:\/\/weltlaeden.de\/gemuenden\/dreifluessestadtkaffee-im-neuen-design\/#primaryimage\"},\"thumbnailUrl\":\"https:\/\/weltlaeden.de\/gemuenden\/wp-content\/uploads\/sites\/141\/2021\/08\/2021-07-15.jpg\",\"datePublished\":\"2021-08-02T12:49:23+00:00\",\"dateModified\":\"2022-02-11T19:05:17+00:00\",\"breadcrumb\":{\"@id\":\"https:\/\/weltlaeden.de\/gemuenden\/dreifluessestadtkaffee-im-neuen-design\/#breadcrumb\"},\"inLanguage\":\"de\",\"potentialAction\":[{\"@type\":\"ReadAction\",\"target\":[\"https:\/\/weltlaeden.de\/gemuenden\/dreifluessestadtkaffee-im-neuen-design\/\"]}]},{\"@type\":\"ImageObject\",\"inLanguage\":\"de\",\"@id\":\"https:\/\/weltlaeden.de\/gemuenden\/dreifluessestadtkaffee-im-neuen-design\/#primaryimage\",\"url\":\"https:\/\/weltlaeden.de\/gemuenden\/wp-content\/uploads\/sites\/141\/2021\/08\/2021-07-15.jpg\",\"contentUrl\":\"https:\/\/weltlaeden.de\/gemuenden\/wp-content\/uploads\/sites\/141\/2021\/08\/2021-07-15.jpg\",\"width\":1200,\"height\":879},{\"@type\":\"BreadcrumbList\",\"@id\":\"https:\/\/weltlaeden.de\/gemuenden\/dreifluessestadtkaffee-im-neuen-design\/#breadcrumb\",\"itemListElement\":[{\"@type\":\"ListItem\",\"position\":1,\"name\":\"Startseite\",\"item\":\"https:\/\/weltlaeden.de\/gemuenden\/\"},{\"@type\":\"ListItem\",\"position\":2,\"name\":\"Dreifl\u00fcssestadtkaffee im neuen Design\u2026\"}]},{\"@type\":\"WebSite\",\"@id\":\"https:\/\/weltlaeden.de\/gemuenden\/#website\",\"url\":\"https:\/\/weltlaeden.de\/gemuenden\/\",\"name\":\"Weltladen Gem\u00fcnden\",\"description\":\"Faire Produkte seit 1990\",\"potentialAction\":[{\"@type\":\"SearchAction\",\"target\":{\"@type\":\"EntryPoint\",\"urlTemplate\":\"https:\/\/weltlaeden.de\/gemuenden\/?s={search_term_string}\"},\"query-input\":{\"@type\":\"PropertyValueSpecification\",\"valueRequired\":true,\"valueName\":\"search_term_string\"}}],\"inLanguage\":\"de\"}]}<\/script>\n<!-- \/ Yoast SEO plugin. -->","yoast_head_json":{"title":"Dreifl\u00fcssestadtkaffee im neuen Design\u2026 - Weltladen Gem\u00fcnden","robots":{"index":"index","follow":"follow","max-snippet":"max-snippet:-1","max-image-preview":"max-image-preview:large","max-video-preview":"max-video-preview:-1"},"canonical":"https:\/\/weltlaeden.de\/gemuenden\/dreifluessestadtkaffee-im-neuen-design\/","og_locale":"de_DE","og_type":"article","og_title":"Dreifl\u00fcssestadtkaffee im neuen Design\u2026 - Weltladen Gem\u00fcnden","og_description":"Der Dreifl\u00fcssestadtkaffee kommt in v\u00f6llig neuen Design daher und ist jetzt ein echter Beitrag Gem\u00fcndens als Fair-Trade-Stadt. Deshalb wurden die zwei Varianten f\u00fcr gemahlenen Kaffee und ganze Bohne auch gemeinsam mit B\u00fcrgermeister J\u00fcrgen Lippert und Stadtrat Ralf Obert sowie dem Weltladen-Team auf dem Marktplatz der \u00d6ffentlichkeit vorgestellt. Ab sofort ist auf den bunten Packungen die&hellip;","og_url":"https:\/\/weltlaeden.de\/gemuenden\/dreifluessestadtkaffee-im-neuen-design\/","og_site_name":"Weltladen Gem\u00fcnden","article_modified_time":"2022-02-11T19:05:17+00:00","og_image":[{"width":1920,"height":1406,"url":"https:\/\/weltlaeden.de\/gemuenden\/wp-content\/uploads\/sites\/141\/2021\/08\/2021-07-15.jpg","type":"image\/jpeg"}],"twitter_card":"summary_large_image","twitter_misc":{"Gesch\u00e4tzte Lesezeit":"1\u00a0Minute"},"schema":{"@context":"https:\/\/schema.org","@graph":[{"@type":"WebPage","@id":"https:\/\/weltlaeden.de\/gemuenden\/dreifluessestadtkaffee-im-neuen-design\/","url":"https:\/\/weltlaeden.de\/gemuenden\/dreifluessestadtkaffee-im-neuen-design\/","name":"Dreifl\u00fcssestadtkaffee im neuen Design\u2026 - Weltladen Gem\u00fcnden","isPartOf":{"@id":"https:\/\/weltlaeden.de\/gemuenden\/#website"},"primaryImageOfPage":{"@id":"https:\/\/weltlaeden.de\/gemuenden\/dreifluessestadtkaffee-im-neuen-design\/#primaryimage"},"image":{"@id":"https:\/\/weltlaeden.de\/gemuenden\/dreifluessestadtkaffee-im-neuen-design\/#primaryimage"},"thumbnailUrl":"https:\/\/weltlaeden.de\/gemuenden\/wp-content\/uploads\/sites\/141\/2021\/08\/2021-07-15.jpg","datePublished":"2021-08-02T12:49:23+00:00","dateModified":"2022-02-11T19:05:17+00:00","breadcrumb":{"@id":"https:\/\/weltlaeden.de\/gemuenden\/dreifluessestadtkaffee-im-neuen-design\/#breadcrumb"},"inLanguage":"de","potentialAction":[{"@type":"ReadAction","target":["https:\/\/weltlaeden.de\/gemuenden\/dreifluessestadtkaffee-im-neuen-design\/"]}]},{"@type":"ImageObject","inLanguage":"de","@id":"https:\/\/weltlaeden.de\/gemuenden\/dreifluessestadtkaffee-im-neuen-design\/#primaryimage","url":"https:\/\/weltlaeden.de\/gemuenden\/wp-content\/uploads\/sites\/141\/2021\/08\/2021-07-15.jpg","contentUrl":"https:\/\/weltlaeden.de\/gemuenden\/wp-content\/uploads\/sites\/141\/2021\/08\/2021-07-15.jpg","width":1200,"height":879},{"@type":"BreadcrumbList","@id":"https:\/\/weltlaeden.de\/gemuenden\/dreifluessestadtkaffee-im-neuen-design\/#breadcrumb","itemListElement":[{"@type":"ListItem","position":1,"name":"Startseite","item":"https:\/\/weltlaeden.de\/gemuenden\/"},{"@type":"ListItem","position":2,"name":"Dreifl\u00fcssestadtkaffee im neuen Design\u2026"}]},{"@type":"WebSite","@id":"https:\/\/weltlaeden.de\/gemuenden\/#website","url":"https:\/\/weltlaeden.de\/gemuenden\/","name":"Weltladen Gem\u00fcnden","description":"Faire Produkte seit 1990","potentialAction":[{"@type":"SearchAction","target":{"@type":"EntryPoint","urlTemplate":"https:\/\/weltlaeden.de\/gemuenden\/?s={search_term_string}"},"query-input":{"@type":"PropertyValueSpecification","valueRequired":true,"valueName":"search_term_string"}}],"inLanguage":"de"}]}},"_links":{"self":[{"href":"https:\/\/weltlaeden.de\/gemuenden\/wp-json\/wp\/v2\/pages\/893","targetHints":{"allow":["GET"]}}],"collection":[{"href":"https:\/\/weltlaeden.de\/gemuenden\/wp-json\/wp\/v2\/pages"}],"about":[{"href":"https:\/\/weltlaeden.de\/gemuenden\/wp-json\/wp\/v2\/types\/page"}],"author":[{"embeddable":true,"href":"https:\/\/weltlaeden.de\/gemuenden\/wp-json\/wp\/v2\/users\/208"}],"replies":[{"embeddable":true,"href":"https:\/\/weltlaeden.de\/gemuenden\/wp-json\/wp\/v2\/comments?post=893"}],"version-history":[{"count":4,"href":"https:\/\/weltlaeden.de\/gemuenden\/wp-json\/wp\/v2\/pages\/893\/revisions"}],"predecessor-version":[{"id":1010,"href":"https:\/\/weltlaeden.de\/gemuenden\/wp-json\/wp\/v2\/pages\/893\/revisions\/1010"}],"wp:featuredmedia":[{"embeddable":true,"href":"https:\/\/weltlaeden.de\/gemuenden\/wp-json\/wp\/v2\/media\/892"}],"wp:attachment":[{"href":"https:\/\/weltlaeden.de\/gemuenden\/wp-json\/wp\/v2\/media?parent=893"}],"curies":[{"name":"wp","href":"https:\/\/api.w.org\/{rel}","templated":true}]}}