{"id":786,"date":"2021-07-12T14:27:21","date_gmt":"2021-07-12T12:27:21","guid":{"rendered":"https:\/\/weltlaeden.de\/gemuenden\/?page_id=786"},"modified":"2024-07-18T10:06:13","modified_gmt":"2024-07-18T08:06:13","slug":"ueber-uns","status":"publish","type":"page","link":"https:\/\/weltlaeden.de\/gemuenden\/ueber-uns\/","title":{"rendered":"\u00dcber uns"},"content":{"rendered":"<div class=\"wpb-content-wrapper\"><p>[vc_row][vc_column][vc_column_text]<\/p>\n<p style=\"font-weight: 400\">Damit ein Weltladen l\u00e4uft, ausreichend \u00d6ffnungszeiten anbieten kann und \u00d6ffentlichkeits- und Bildungsarbeit macht, braucht es viele flei\u00dfigen Mitarbeiterinnen und Mitarbeiter.<\/p>\n<p style=\"font-weight: 400\">Unser Team in Gem\u00fcnden besteht aus ca. 30 Aktiven, die daf\u00fcr sorgen, dass unser Weltladen seit \u00fcber 25 Jahren an sechs Tagen die Woche ge\u00f6ffnet ist. Mit vielen Stunden ehrenamtlicher Arbeit sorgen wir daf\u00fcr, dass Menschen in Gem\u00fcnden und Umgebung bei uns gute und qualitativ hochwertige Lebensmittel und Kunsthandwerk aus dem fairen Handel kaufen k\u00f6nnen.<\/p>\n<p style=\"font-weight: 400\">Unsere ehrenamtlichen Verk\u00e4uferinnen und Verk\u00e4ufer hinter der Theke des Weltladens kommen nicht nur aus dem Stadtgebiet, sondern auch aus vielen Stadteilen Gem\u00fcndens und dar\u00fcber hinaus.<\/p>\n<p>[\/vc_column_text][vc_single_image image=&#8220;496&#8243; img_size=&#8220;full&#8220; alignment=&#8220;center&#8220;][vc_column_text]<\/p>\n<p style=\"text-align: center\">Ein Teil des Ladenteams beim Treffen der Aktiven.<\/p>\n<p>[\/vc_column_text][\/vc_column][\/vc_row][vc_row][vc_column][vc_column_text css=&#8220;&#8220;]<\/p>\n<p style=\"font-weight: 400\">Wie jeder Verein, haben auch wir einen Vorstand, der alle zwei Jahre auf der Mitgliederversammlung gew\u00e4hlt wird und \u00fcber seine Arbeit Rechenschaft ablegen muss.<\/p>\n<p style=\"font-weight: 400\">Der Vorstand des Esperanza-Vereins sorgt daf\u00fcr, dass alles rund um den Weltladen l\u00e4uft und dass die Finanzen stimmen. Er organisiert ma\u00dfgeblich Veranstaltungen und k\u00fcmmert sich um die \u00d6ffentlichkeits- und Bildungsarbeit.<\/p>\n<p style=\"font-weight: 400\">Aktuell besteht unser Vorstand aus folgenden Personen:<\/p>\n<ul>\n<li>Vorsitzender: Wolfgang Fella<\/li>\n<li>stellvertretende Vorsitzende: Doris Betz<\/li>\n<li>Kassier: Franz Gerhard<\/li>\n<li>Schriftf\u00fchrer: Dieter Konradt<\/li>\n<li>Beisitzer: Elke Herkert-Mai, Klaus Simon, Ursel Werner, Margit Welzenbach, Joachim Braun<\/li>\n<\/ul>\n<p>[\/vc_column_text][\/vc_column][\/vc_row][vc_row][vc_column][vc_single_image image=&#8220;1316&#8243; img_size=&#8220;large&#8220; add_caption=&#8220;yes&#8220;][\/vc_column][\/vc_row][vc_row][vc_column][\/vc_column][\/vc_row][vc_row][vc_column][\/vc_column][\/vc_row]<\/p>\n<\/div>","protected":false},"excerpt":{"rendered":"<p>[vc_row][vc_column][vc_column_text] Damit ein Weltladen l\u00e4uft, ausreichend \u00d6ffnungszeiten anbieten kann und \u00d6ffentlichkeits- und Bildungsarbeit macht, braucht es viele flei\u00dfigen Mitarbeiterinnen und Mitarbeiter. Unser Team in Gem\u00fcnden besteht aus ca. 30 Aktiven, die daf\u00fcr sorgen, dass unser Weltladen seit \u00fcber 25 Jahren an sechs Tagen die Woche ge\u00f6ffnet ist. Mit vielen Stunden ehrenamtlicher Arbeit sorgen wir daf\u00fcr,&hellip;<\/p>\n","protected":false},"author":208,"featured_media":0,"parent":0,"menu_order":0,"comment_status":"closed","ping_status":"closed","template":"","meta":{"footnotes":""},"class_list":["post-786","page","type-page","status-publish","hentry","description-off"],"yoast_head":"<!-- This site is optimized with the Yoast SEO plugin v26.8 - https:\/\/yoast.com\/product\/yoast-seo-wordpress\/ -->\n<title>\u00dcber uns - Weltladen Gem\u00fcnden<\/title>\n<meta name=\"robots\" content=\"index, follow, max-snippet:-1, max-image-preview:large, max-video-preview:-1\" \/>\n<link rel=\"canonical\" href=\"https:\/\/weltlaeden.de\/gemuenden\/ueber-uns\/\" \/>\n<meta property=\"og:locale\" content=\"de_DE\" \/>\n<meta property=\"og:type\" content=\"article\" \/>\n<meta property=\"og:title\" content=\"\u00dcber uns - Weltladen Gem\u00fcnden\" \/>\n<meta property=\"og:description\" content=\"[vc_row][vc_column][vc_column_text] Damit ein Weltladen l\u00e4uft, ausreichend \u00d6ffnungszeiten anbieten kann und \u00d6ffentlichkeits- und Bildungsarbeit macht, braucht es viele flei\u00dfigen Mitarbeiterinnen und Mitarbeiter. Unser Team in Gem\u00fcnden besteht aus ca. 30 Aktiven, die daf\u00fcr sorgen, dass unser Weltladen seit \u00fcber 25 Jahren an sechs Tagen die Woche ge\u00f6ffnet ist. Mit vielen Stunden ehrenamtlicher Arbeit sorgen wir daf\u00fcr,&hellip;\" \/>\n<meta property=\"og:url\" content=\"https:\/\/weltlaeden.de\/gemuenden\/ueber-uns\/\" \/>\n<meta property=\"og:site_name\" content=\"Weltladen Gem\u00fcnden\" \/>\n<meta property=\"article:modified_time\" content=\"2024-07-18T08:06:13+00:00\" \/>\n<meta name=\"twitter:card\" content=\"summary_large_image\" \/>\n<meta name=\"twitter:label1\" content=\"Gesch\u00e4tzte Lesezeit\" \/>\n\t<meta name=\"twitter:data1\" content=\"2\u00a0Minuten\" \/>\n<script type=\"application\/ld+json\" class=\"yoast-schema-graph\">{\"@context\":\"https:\/\/schema.org\",\"@graph\":[{\"@type\":\"WebPage\",\"@id\":\"https:\/\/weltlaeden.de\/gemuenden\/ueber-uns\/\",\"url\":\"https:\/\/weltlaeden.de\/gemuenden\/ueber-uns\/\",\"name\":\"\u00dcber uns - Weltladen Gem\u00fcnden\",\"isPartOf\":{\"@id\":\"https:\/\/weltlaeden.de\/gemuenden\/#website\"},\"datePublished\":\"2021-07-12T12:27:21+00:00\",\"dateModified\":\"2024-07-18T08:06:13+00:00\",\"breadcrumb\":{\"@id\":\"https:\/\/weltlaeden.de\/gemuenden\/ueber-uns\/#breadcrumb\"},\"inLanguage\":\"de\",\"potentialAction\":[{\"@type\":\"ReadAction\",\"target\":[\"https:\/\/weltlaeden.de\/gemuenden\/ueber-uns\/\"]}]},{\"@type\":\"BreadcrumbList\",\"@id\":\"https:\/\/weltlaeden.de\/gemuenden\/ueber-uns\/#breadcrumb\",\"itemListElement\":[{\"@type\":\"ListItem\",\"position\":1,\"name\":\"Startseite\",\"item\":\"https:\/\/weltlaeden.de\/gemuenden\/\"},{\"@type\":\"ListItem\",\"position\":2,\"name\":\"\u00dcber uns\"}]},{\"@type\":\"WebSite\",\"@id\":\"https:\/\/weltlaeden.de\/gemuenden\/#website\",\"url\":\"https:\/\/weltlaeden.de\/gemuenden\/\",\"name\":\"Weltladen Gem\u00fcnden\",\"description\":\"Faire Produkte seit 1990\",\"potentialAction\":[{\"@type\":\"SearchAction\",\"target\":{\"@type\":\"EntryPoint\",\"urlTemplate\":\"https:\/\/weltlaeden.de\/gemuenden\/?s={search_term_string}\"},\"query-input\":{\"@type\":\"PropertyValueSpecification\",\"valueRequired\":true,\"valueName\":\"search_term_string\"}}],\"inLanguage\":\"de\"}]}<\/script>\n<!-- \/ Yoast SEO plugin. -->","yoast_head_json":{"title":"\u00dcber uns - Weltladen Gem\u00fcnden","robots":{"index":"index","follow":"follow","max-snippet":"max-snippet:-1","max-image-preview":"max-image-preview:large","max-video-preview":"max-video-preview:-1"},"canonical":"https:\/\/weltlaeden.de\/gemuenden\/ueber-uns\/","og_locale":"de_DE","og_type":"article","og_title":"\u00dcber uns - Weltladen Gem\u00fcnden","og_description":"[vc_row][vc_column][vc_column_text] Damit ein Weltladen l\u00e4uft, ausreichend \u00d6ffnungszeiten anbieten kann und \u00d6ffentlichkeits- und Bildungsarbeit macht, braucht es viele flei\u00dfigen Mitarbeiterinnen und Mitarbeiter. Unser Team in Gem\u00fcnden besteht aus ca. 30 Aktiven, die daf\u00fcr sorgen, dass unser Weltladen seit \u00fcber 25 Jahren an sechs Tagen die Woche ge\u00f6ffnet ist. Mit vielen Stunden ehrenamtlicher Arbeit sorgen wir daf\u00fcr,&hellip;","og_url":"https:\/\/weltlaeden.de\/gemuenden\/ueber-uns\/","og_site_name":"Weltladen Gem\u00fcnden","article_modified_time":"2024-07-18T08:06:13+00:00","twitter_card":"summary_large_image","twitter_misc":{"Gesch\u00e4tzte Lesezeit":"2\u00a0Minuten"},"schema":{"@context":"https:\/\/schema.org","@graph":[{"@type":"WebPage","@id":"https:\/\/weltlaeden.de\/gemuenden\/ueber-uns\/","url":"https:\/\/weltlaeden.de\/gemuenden\/ueber-uns\/","name":"\u00dcber uns - Weltladen Gem\u00fcnden","isPartOf":{"@id":"https:\/\/weltlaeden.de\/gemuenden\/#website"},"datePublished":"2021-07-12T12:27:21+00:00","dateModified":"2024-07-18T08:06:13+00:00","breadcrumb":{"@id":"https:\/\/weltlaeden.de\/gemuenden\/ueber-uns\/#breadcrumb"},"inLanguage":"de","potentialAction":[{"@type":"ReadAction","target":["https:\/\/weltlaeden.de\/gemuenden\/ueber-uns\/"]}]},{"@type":"BreadcrumbList","@id":"https:\/\/weltlaeden.de\/gemuenden\/ueber-uns\/#breadcrumb","itemListElement":[{"@type":"ListItem","position":1,"name":"Startseite","item":"https:\/\/weltlaeden.de\/gemuenden\/"},{"@type":"ListItem","position":2,"name":"\u00dcber uns"}]},{"@type":"WebSite","@id":"https:\/\/weltlaeden.de\/gemuenden\/#website","url":"https:\/\/weltlaeden.de\/gemuenden\/","name":"Weltladen Gem\u00fcnden","description":"Faire Produkte seit 1990","potentialAction":[{"@type":"SearchAction","target":{"@type":"EntryPoint","urlTemplate":"https:\/\/weltlaeden.de\/gemuenden\/?s={search_term_string}"},"query-input":{"@type":"PropertyValueSpecification","valueRequired":true,"valueName":"search_term_string"}}],"inLanguage":"de"}]}},"_links":{"self":[{"href":"https:\/\/weltlaeden.de\/gemuenden\/wp-json\/wp\/v2\/pages\/786","targetHints":{"allow":["GET"]}}],"collection":[{"href":"https:\/\/weltlaeden.de\/gemuenden\/wp-json\/wp\/v2\/pages"}],"about":[{"href":"https:\/\/weltlaeden.de\/gemuenden\/wp-json\/wp\/v2\/types\/page"}],"author":[{"embeddable":true,"href":"https:\/\/weltlaeden.de\/gemuenden\/wp-json\/wp\/v2\/users\/208"}],"replies":[{"embeddable":true,"href":"https:\/\/weltlaeden.de\/gemuenden\/wp-json\/wp\/v2\/comments?post=786"}],"version-history":[{"count":10,"href":"https:\/\/weltlaeden.de\/gemuenden\/wp-json\/wp\/v2\/pages\/786\/revisions"}],"predecessor-version":[{"id":854,"href":"https:\/\/weltlaeden.de\/gemuenden\/wp-json\/wp\/v2\/pages\/786\/revisions\/854"}],"wp:attachment":[{"href":"https:\/\/weltlaeden.de\/gemuenden\/wp-json\/wp\/v2\/media?parent=786"}],"curies":[{"name":"wp","href":"https:\/\/api.w.org\/{rel}","templated":true}]}}