{"id":580,"date":"2021-01-30T11:18:12","date_gmt":"2021-01-30T10:18:12","guid":{"rendered":"https:\/\/weltlaeden.de\/gemuenden\/fairtrade-stadt-gemuenden\/"},"modified":"2021-09-29T19:41:28","modified_gmt":"2021-09-29T17:41:28","slug":"fairtrade-stadt-gemuenden","status":"publish","type":"page","link":"https:\/\/weltlaeden.de\/gemuenden\/fairtrade-stadt-gemuenden\/","title":{"rendered":"Fairtrade-Stadt Gem\u00fcnden"},"content":{"rendered":"<div class=\"wpb-content-wrapper\"><p>[vc_row][vc_column][vc_single_image image=&#8220;823&#8243; img_size=&#8220;full&#8220; alignment=&#8220;center&#8220;][\/vc_column][\/vc_row][vc_row][vc_column][vc_column_text]<\/p>\n<h3 style=\"text-align: center\"><strong>Seit dem Fr\u00fchjahr 2017 ist Gem\u00fcnden eine Fairtrade-Stadt.<\/strong><\/h3>\n<p style=\"text-align: center\">Weitere Infos auf der Homepage unserer Stadt Gem\u00fcnden unter:<\/p>\n<p style=\"text-align: center\"><a href=\"https:\/\/www.stadt-gemuenden.de\/seite\/de\/main-spessart\/01635\/msr\/Gemuenden_ist_Fairtrade-Stadt.html\" target=\"_blank\" rel=\"noopener\">https:\/\/www.stadt-gemuenden.de\/seite\/de\/main-spessart\/01635\/msr\/Gemuenden_ist_Fairtrade-Stadt.html<\/a><\/p>\n<p>[\/vc_column_text][\/vc_column][\/vc_row][vc_row][vc_column][vc_separator border_width=&#8220;3&#8243;][vc_empty_space height=&#8220;100px&#8220;][vc_single_image image=&#8220;834&#8243; img_size=&#8220;full&#8220;][\/vc_column][\/vc_row][vc_row][vc_column][vc_column_text]Die aktuelle Steuerungsgruppe der Fairtrade-Stadt Gem\u00fcnden: hinten von links J\u00fcrgen Lippert (B\u00fcrgermeister), Belinda K\u00f6hler (Stadtverwaltung), Miro Blaic (Stadtrat), Dieter Konradt u. Wolfgang Fella (Weltladen), vorne von links Elke Herkert-Mai (Stadtmarketing &amp; Weltladen), Hans-Joachim Sch\u00fcssler (Stadtrat), Doris Betz (Stadtmarketing &amp; Weltladen), Ralf Obert (Stadtrat) &#8211; Foto: Jennifer Weidle[\/vc_column_text][\/vc_column][\/vc_row]<\/p>\n<\/div>","protected":false},"excerpt":{"rendered":"<p>[vc_row][vc_column][vc_single_image image=&#8220;823&#8243; img_size=&#8220;full&#8220; alignment=&#8220;center&#8220;][\/vc_column][\/vc_row][vc_row][vc_column][vc_column_text] Seit dem Fr\u00fchjahr 2017 ist Gem\u00fcnden eine Fairtrade-Stadt. Weitere Infos auf der Homepage unserer Stadt Gem\u00fcnden unter: https:\/\/www.stadt-gemuenden.de\/seite\/de\/main-spessart\/01635\/msr\/Gemuenden_ist_Fairtrade-Stadt.html [\/vc_column_text][\/vc_column][\/vc_row][vc_row][vc_column][vc_separator border_width=&#8220;3&#8243;][vc_empty_space height=&#8220;100px&#8220;][vc_single_image image=&#8220;834&#8243; img_size=&#8220;full&#8220;][\/vc_column][\/vc_row][vc_row][vc_column][vc_column_text]Die aktuelle Steuerungsgruppe der Fairtrade-Stadt Gem\u00fcnden: hinten von links J\u00fcrgen Lippert (B\u00fcrgermeister), Belinda K\u00f6hler (Stadtverwaltung), Miro Blaic (Stadtrat), Dieter Konradt u. Wolfgang Fella (Weltladen), vorne von links Elke Herkert-Mai&hellip;<\/p>\n","protected":false},"author":208,"featured_media":0,"parent":0,"menu_order":3,"comment_status":"closed","ping_status":"closed","template":"","meta":{"footnotes":""},"class_list":["post-580","page","type-page","status-publish","hentry","description-off"],"yoast_head":"<!-- This site is optimized with the Yoast SEO plugin v26.8 - https:\/\/yoast.com\/product\/yoast-seo-wordpress\/ -->\n<title>Fairtrade-Stadt Gem\u00fcnden - Weltladen Gem\u00fcnden<\/title>\n<meta name=\"robots\" content=\"index, follow, max-snippet:-1, max-image-preview:large, max-video-preview:-1\" \/>\n<link rel=\"canonical\" href=\"https:\/\/weltlaeden.de\/gemuenden\/fairtrade-stadt-gemuenden\/\" \/>\n<meta property=\"og:locale\" content=\"de_DE\" \/>\n<meta property=\"og:type\" content=\"article\" \/>\n<meta property=\"og:title\" content=\"Fairtrade-Stadt Gem\u00fcnden - Weltladen Gem\u00fcnden\" \/>\n<meta property=\"og:description\" content=\"[vc_row][vc_column][vc_single_image image=&#8220;823&#8243; img_size=&#8220;full&#8220; alignment=&#8220;center&#8220;][\/vc_column][\/vc_row][vc_row][vc_column][vc_column_text] Seit dem Fr\u00fchjahr 2017 ist Gem\u00fcnden eine Fairtrade-Stadt. Weitere Infos auf der Homepage unserer Stadt Gem\u00fcnden unter: https:\/\/www.stadt-gemuenden.de\/seite\/de\/main-spessart\/01635\/msr\/Gemuenden_ist_Fairtrade-Stadt.html [\/vc_column_text][\/vc_column][\/vc_row][vc_row][vc_column][vc_separator border_width=&#8220;3&#8243;][vc_empty_space height=&#8220;100px&#8220;][vc_single_image image=&#8220;834&#8243; img_size=&#8220;full&#8220;][\/vc_column][\/vc_row][vc_row][vc_column][vc_column_text]Die aktuelle Steuerungsgruppe der Fairtrade-Stadt Gem\u00fcnden: hinten von links J\u00fcrgen Lippert (B\u00fcrgermeister), Belinda K\u00f6hler (Stadtverwaltung), Miro Blaic (Stadtrat), Dieter Konradt u. Wolfgang Fella (Weltladen), vorne von links Elke Herkert-Mai&hellip;\" \/>\n<meta property=\"og:url\" content=\"https:\/\/weltlaeden.de\/gemuenden\/fairtrade-stadt-gemuenden\/\" \/>\n<meta property=\"og:site_name\" content=\"Weltladen Gem\u00fcnden\" \/>\n<meta property=\"article:modified_time\" content=\"2021-09-29T17:41:28+00:00\" \/>\n<meta name=\"twitter:card\" content=\"summary_large_image\" \/>\n<meta name=\"twitter:label1\" content=\"Gesch\u00e4tzte Lesezeit\" \/>\n\t<meta name=\"twitter:data1\" content=\"1\u00a0Minute\" \/>\n<script type=\"application\/ld+json\" class=\"yoast-schema-graph\">{\"@context\":\"https:\/\/schema.org\",\"@graph\":[{\"@type\":\"WebPage\",\"@id\":\"https:\/\/weltlaeden.de\/gemuenden\/fairtrade-stadt-gemuenden\/\",\"url\":\"https:\/\/weltlaeden.de\/gemuenden\/fairtrade-stadt-gemuenden\/\",\"name\":\"Fairtrade-Stadt Gem\u00fcnden - Weltladen Gem\u00fcnden\",\"isPartOf\":{\"@id\":\"https:\/\/weltlaeden.de\/gemuenden\/#website\"},\"datePublished\":\"2021-01-30T10:18:12+00:00\",\"dateModified\":\"2021-09-29T17:41:28+00:00\",\"breadcrumb\":{\"@id\":\"https:\/\/weltlaeden.de\/gemuenden\/fairtrade-stadt-gemuenden\/#breadcrumb\"},\"inLanguage\":\"de\",\"potentialAction\":[{\"@type\":\"ReadAction\",\"target\":[\"https:\/\/weltlaeden.de\/gemuenden\/fairtrade-stadt-gemuenden\/\"]}]},{\"@type\":\"BreadcrumbList\",\"@id\":\"https:\/\/weltlaeden.de\/gemuenden\/fairtrade-stadt-gemuenden\/#breadcrumb\",\"itemListElement\":[{\"@type\":\"ListItem\",\"position\":1,\"name\":\"Startseite\",\"item\":\"https:\/\/weltlaeden.de\/gemuenden\/\"},{\"@type\":\"ListItem\",\"position\":2,\"name\":\"Fairtrade-Stadt Gem\u00fcnden\"}]},{\"@type\":\"WebSite\",\"@id\":\"https:\/\/weltlaeden.de\/gemuenden\/#website\",\"url\":\"https:\/\/weltlaeden.de\/gemuenden\/\",\"name\":\"Weltladen Gem\u00fcnden\",\"description\":\"Faire Produkte seit 1990\",\"potentialAction\":[{\"@type\":\"SearchAction\",\"target\":{\"@type\":\"EntryPoint\",\"urlTemplate\":\"https:\/\/weltlaeden.de\/gemuenden\/?s={search_term_string}\"},\"query-input\":{\"@type\":\"PropertyValueSpecification\",\"valueRequired\":true,\"valueName\":\"search_term_string\"}}],\"inLanguage\":\"de\"}]}<\/script>\n<!-- \/ Yoast SEO plugin. -->","yoast_head_json":{"title":"Fairtrade-Stadt Gem\u00fcnden - Weltladen Gem\u00fcnden","robots":{"index":"index","follow":"follow","max-snippet":"max-snippet:-1","max-image-preview":"max-image-preview:large","max-video-preview":"max-video-preview:-1"},"canonical":"https:\/\/weltlaeden.de\/gemuenden\/fairtrade-stadt-gemuenden\/","og_locale":"de_DE","og_type":"article","og_title":"Fairtrade-Stadt Gem\u00fcnden - Weltladen Gem\u00fcnden","og_description":"[vc_row][vc_column][vc_single_image image=&#8220;823&#8243; img_size=&#8220;full&#8220; alignment=&#8220;center&#8220;][\/vc_column][\/vc_row][vc_row][vc_column][vc_column_text] Seit dem Fr\u00fchjahr 2017 ist Gem\u00fcnden eine Fairtrade-Stadt. Weitere Infos auf der Homepage unserer Stadt Gem\u00fcnden unter: https:\/\/www.stadt-gemuenden.de\/seite\/de\/main-spessart\/01635\/msr\/Gemuenden_ist_Fairtrade-Stadt.html [\/vc_column_text][\/vc_column][\/vc_row][vc_row][vc_column][vc_separator border_width=&#8220;3&#8243;][vc_empty_space height=&#8220;100px&#8220;][vc_single_image image=&#8220;834&#8243; img_size=&#8220;full&#8220;][\/vc_column][\/vc_row][vc_row][vc_column][vc_column_text]Die aktuelle Steuerungsgruppe der Fairtrade-Stadt Gem\u00fcnden: hinten von links J\u00fcrgen Lippert (B\u00fcrgermeister), Belinda K\u00f6hler (Stadtverwaltung), Miro Blaic (Stadtrat), Dieter Konradt u. Wolfgang Fella (Weltladen), vorne von links Elke Herkert-Mai&hellip;","og_url":"https:\/\/weltlaeden.de\/gemuenden\/fairtrade-stadt-gemuenden\/","og_site_name":"Weltladen Gem\u00fcnden","article_modified_time":"2021-09-29T17:41:28+00:00","twitter_card":"summary_large_image","twitter_misc":{"Gesch\u00e4tzte Lesezeit":"1\u00a0Minute"},"schema":{"@context":"https:\/\/schema.org","@graph":[{"@type":"WebPage","@id":"https:\/\/weltlaeden.de\/gemuenden\/fairtrade-stadt-gemuenden\/","url":"https:\/\/weltlaeden.de\/gemuenden\/fairtrade-stadt-gemuenden\/","name":"Fairtrade-Stadt Gem\u00fcnden - Weltladen Gem\u00fcnden","isPartOf":{"@id":"https:\/\/weltlaeden.de\/gemuenden\/#website"},"datePublished":"2021-01-30T10:18:12+00:00","dateModified":"2021-09-29T17:41:28+00:00","breadcrumb":{"@id":"https:\/\/weltlaeden.de\/gemuenden\/fairtrade-stadt-gemuenden\/#breadcrumb"},"inLanguage":"de","potentialAction":[{"@type":"ReadAction","target":["https:\/\/weltlaeden.de\/gemuenden\/fairtrade-stadt-gemuenden\/"]}]},{"@type":"BreadcrumbList","@id":"https:\/\/weltlaeden.de\/gemuenden\/fairtrade-stadt-gemuenden\/#breadcrumb","itemListElement":[{"@type":"ListItem","position":1,"name":"Startseite","item":"https:\/\/weltlaeden.de\/gemuenden\/"},{"@type":"ListItem","position":2,"name":"Fairtrade-Stadt Gem\u00fcnden"}]},{"@type":"WebSite","@id":"https:\/\/weltlaeden.de\/gemuenden\/#website","url":"https:\/\/weltlaeden.de\/gemuenden\/","name":"Weltladen Gem\u00fcnden","description":"Faire Produkte seit 1990","potentialAction":[{"@type":"SearchAction","target":{"@type":"EntryPoint","urlTemplate":"https:\/\/weltlaeden.de\/gemuenden\/?s={search_term_string}"},"query-input":{"@type":"PropertyValueSpecification","valueRequired":true,"valueName":"search_term_string"}}],"inLanguage":"de"}]}},"_links":{"self":[{"href":"https:\/\/weltlaeden.de\/gemuenden\/wp-json\/wp\/v2\/pages\/580","targetHints":{"allow":["GET"]}}],"collection":[{"href":"https:\/\/weltlaeden.de\/gemuenden\/wp-json\/wp\/v2\/pages"}],"about":[{"href":"https:\/\/weltlaeden.de\/gemuenden\/wp-json\/wp\/v2\/types\/page"}],"author":[{"embeddable":true,"href":"https:\/\/weltlaeden.de\/gemuenden\/wp-json\/wp\/v2\/users\/208"}],"replies":[{"embeddable":true,"href":"https:\/\/weltlaeden.de\/gemuenden\/wp-json\/wp\/v2\/comments?post=580"}],"version-history":[{"count":19,"href":"https:\/\/weltlaeden.de\/gemuenden\/wp-json\/wp\/v2\/pages\/580\/revisions"}],"predecessor-version":[{"id":977,"href":"https:\/\/weltlaeden.de\/gemuenden\/wp-json\/wp\/v2\/pages\/580\/revisions\/977"}],"wp:attachment":[{"href":"https:\/\/weltlaeden.de\/gemuenden\/wp-json\/wp\/v2\/media?parent=580"}],"curies":[{"name":"wp","href":"https:\/\/api.w.org\/{rel}","templated":true}]}}