{"id":578,"date":"2021-01-30T11:18:12","date_gmt":"2021-01-30T10:18:12","guid":{"rendered":"https:\/\/weltlaeden.de\/gemuenden\/mitarbeit-und-unterstuetzung\/"},"modified":"2023-04-01T11:35:29","modified_gmt":"2023-04-01T09:35:29","slug":"mitarbeit-und-unterstuetzung","status":"publish","type":"page","link":"https:\/\/weltlaeden.de\/gemuenden\/mitarbeit-und-unterstuetzung\/","title":{"rendered":"Mitarbeit und Unterst\u00fctzung"},"content":{"rendered":"<div class=\"wpb-content-wrapper\"><p>[vc_row][vc_column][vc_column_text]<\/p>\n<h2>Mitarbeit und Unterst\u00fctzung<\/h2>\n<p style=\"font-weight: 400\">Unser Weltladen und unser Eine-Welt-Verein leben von den Menschen, die sich f\u00fcr unsere Ziele stark machen. Egal ob als Kundin und Kunde im Laden oder als Mensch hinter der Theke im Verkauf.<\/p>\n<p style=\"font-weight: 400\">Jeder ist bei uns herzlich willkommen und kann jederzeit im Verein mitwirken und im Weltladen mitarbeiten.<\/p>\n<p style=\"font-weight: 400\">Im Verein k\u00f6nnen Sie bei der Bildungs- und \u00d6ffentlichkeitsarbeit mitwirken.<\/p>\n<p style=\"font-weight: 400\">Im Weltladen k\u00f6nnen Sie eine Verkaufsschicht \u00fcbernehmen oder als Springer zur Verf\u00fcgung stehen. Eine Schicht im Laden dauert in der Regel 2,5 Stunden (an den Mittwochen und Samstagen jeweils 3 Stunden).<\/p>\n<p style=\"font-weight: 400\">Aber auch bei den vier Marktsonntagen im Jahr werden immer wieder Freiwillige gesucht, die im Laden oder vor dem Laden Aktionen vorbereiten und Waren verkaufen.<\/p>\n<p style=\"font-weight: 400\">In jedem Fall werden Sie bei uns ordentlich auf Ihre Aufgaben vorbereitet und eingearbeitet. Sie k\u00f6nnen selbst entscheiden, wo und wie Sie bei uns mitarbeiten wollen.<\/p>\n<p style=\"font-weight: 400\">Wenn Sie noch Fragen zum Engagement in Verein oder Weltladen haben oder Interesse mit dabei zu sein, dann wenden Sie sich doch an eins unserer Vorstandsmitglieder oder schreiben Sie eine E-Mail an den Weltladen oder rufen Sie uns an (Mailadresse und Tel.Nr. siehe rechts).<\/p>\n<h2>Mitgliedschaft<\/h2>\n<p>Wenn Sie die Arbeit unseres Vereins finanziell und ideell unterst\u00fctzen wollen, dann k\u00f6nnen Sie das auch durch eine Vereinsmitgliedschaft tun, wor\u00fcber wir uns auch sehr freuen w\u00fcrden. Der Vereinsbeitrag ist momentan 12 \u20ac im Jahr f\u00fcr Einzelpersonen und 20 \u20ac f\u00fcr Familien.<\/p>\n<p>Hier k\u00f6nnen Sie eine <a href=\"https:\/\/weltlaeden.de\/gemuenden\/wp-content\/uploads\/sites\/141\/2023\/04\/Beitrittserklaerung-ESPERANZA-1.pdf\"><strong>Beitrittserkl\u00e4rung<\/strong><\/a> ausdrucken.<\/p>\n<h2>Spenden<\/h2>\n<p>Sie k\u00f6nnen unser Arbeit f\u00fcr eine solidarische Welt auch durch eine Spende unterst\u00fctzen. Nutzen Sie hierf\u00fcr unser Vereinskonto\u00a0<b>DE96 7905 0000 0380 0121 12<\/b>\u00a0bei der Sparkasse Mainfranken. Hierf\u00fcr erhalten Sie nat\u00fcrlich auch eine Spendenquittung.<\/p>\n<p>Infos zu unserem Verein und zum Weltladen finden Sie in dem Flyer unter dem folgenden Link\u2026.<\/p>\n<p><a href=\"https:\/\/weltlaeden.de\/gemuenden\/wp-content\/uploads\/sites\/141\/2023\/04\/Flyer.jpg\" target=\"_blank\" rel=\"noopener\"><img loading=\"lazy\" decoding=\"async\" class=\"alignleft wp-image-1346 size-medium\" src=\"https:\/\/weltlaeden.de\/gemuenden\/wp-content\/uploads\/sites\/141\/2023\/04\/flyer1-300x211.jpg\" alt=\"\" width=\"300\" height=\"211\" srcset=\"https:\/\/weltlaeden.de\/gemuenden\/wp-content\/uploads\/sites\/141\/2023\/04\/flyer1-300x211.jpg 300w, https:\/\/weltlaeden.de\/gemuenden\/wp-content\/uploads\/sites\/141\/2023\/04\/flyer1-1024x721.jpg 1024w, https:\/\/weltlaeden.de\/gemuenden\/wp-content\/uploads\/sites\/141\/2023\/04\/flyer1-768x540.jpg 768w, https:\/\/weltlaeden.de\/gemuenden\/wp-content\/uploads\/sites\/141\/2023\/04\/flyer1-1536x1081.jpg 1536w, https:\/\/weltlaeden.de\/gemuenden\/wp-content\/uploads\/sites\/141\/2023\/04\/flyer1.jpg 1200w\" sizes=\"auto, (max-width: 300px) 100vw, 300px\" \/><\/a>[\/vc_column_text][\/vc_column][\/vc_row]<\/p>\n<\/div>","protected":false},"excerpt":{"rendered":"<p>[vc_row][vc_column][vc_column_text] Mitarbeit und Unterst\u00fctzung Unser Weltladen und unser Eine-Welt-Verein leben von den Menschen, die sich f\u00fcr unsere Ziele stark machen. Egal ob als Kundin und Kunde im Laden oder als Mensch hinter der Theke im Verkauf. Jeder ist bei uns herzlich willkommen und kann jederzeit im Verein mitwirken und im Weltladen mitarbeiten. Im Verein k\u00f6nnen&hellip;<\/p>\n","protected":false},"author":208,"featured_media":0,"parent":0,"menu_order":1,"comment_status":"closed","ping_status":"closed","template":"","meta":{"footnotes":""},"class_list":["post-578","page","type-page","status-publish","hentry","description-off"],"yoast_head":"<!-- This site is optimized with the Yoast SEO plugin v26.8 - https:\/\/yoast.com\/product\/yoast-seo-wordpress\/ -->\n<title>Mitarbeit und Unterst\u00fctzung - Weltladen Gem\u00fcnden<\/title>\n<meta name=\"robots\" content=\"index, follow, max-snippet:-1, max-image-preview:large, max-video-preview:-1\" \/>\n<link rel=\"canonical\" href=\"https:\/\/weltlaeden.de\/gemuenden\/mitarbeit-und-unterstuetzung\/\" \/>\n<meta property=\"og:locale\" content=\"de_DE\" \/>\n<meta property=\"og:type\" content=\"article\" \/>\n<meta property=\"og:title\" content=\"Mitarbeit und Unterst\u00fctzung - Weltladen Gem\u00fcnden\" \/>\n<meta property=\"og:description\" content=\"[vc_row][vc_column][vc_column_text] Mitarbeit und Unterst\u00fctzung Unser Weltladen und unser Eine-Welt-Verein leben von den Menschen, die sich f\u00fcr unsere Ziele stark machen. Egal ob als Kundin und Kunde im Laden oder als Mensch hinter der Theke im Verkauf. Jeder ist bei uns herzlich willkommen und kann jederzeit im Verein mitwirken und im Weltladen mitarbeiten. Im Verein k\u00f6nnen&hellip;\" \/>\n<meta property=\"og:url\" content=\"https:\/\/weltlaeden.de\/gemuenden\/mitarbeit-und-unterstuetzung\/\" \/>\n<meta property=\"og:site_name\" content=\"Weltladen Gem\u00fcnden\" \/>\n<meta property=\"article:modified_time\" content=\"2023-04-01T09:35:29+00:00\" \/>\n<meta property=\"og:image\" content=\"https:\/\/weltlaeden.de\/gemuenden\/wp-content\/uploads\/sites\/141\/2023\/04\/flyer1-300x211.jpg\" \/>\n<meta name=\"twitter:card\" content=\"summary_large_image\" \/>\n<meta name=\"twitter:label1\" content=\"Gesch\u00e4tzte Lesezeit\" \/>\n\t<meta name=\"twitter:data1\" content=\"2\u00a0Minuten\" \/>\n<script type=\"application\/ld+json\" class=\"yoast-schema-graph\">{\"@context\":\"https:\/\/schema.org\",\"@graph\":[{\"@type\":\"WebPage\",\"@id\":\"https:\/\/weltlaeden.de\/gemuenden\/mitarbeit-und-unterstuetzung\/\",\"url\":\"https:\/\/weltlaeden.de\/gemuenden\/mitarbeit-und-unterstuetzung\/\",\"name\":\"Mitarbeit und Unterst\u00fctzung - Weltladen Gem\u00fcnden\",\"isPartOf\":{\"@id\":\"https:\/\/weltlaeden.de\/gemuenden\/#website\"},\"primaryImageOfPage\":{\"@id\":\"https:\/\/weltlaeden.de\/gemuenden\/mitarbeit-und-unterstuetzung\/#primaryimage\"},\"image\":{\"@id\":\"https:\/\/weltlaeden.de\/gemuenden\/mitarbeit-und-unterstuetzung\/#primaryimage\"},\"thumbnailUrl\":\"https:\/\/weltlaeden.de\/gemuenden\/wp-content\/uploads\/sites\/141\/2023\/04\/flyer1-300x211.jpg\",\"datePublished\":\"2021-01-30T10:18:12+00:00\",\"dateModified\":\"2023-04-01T09:35:29+00:00\",\"breadcrumb\":{\"@id\":\"https:\/\/weltlaeden.de\/gemuenden\/mitarbeit-und-unterstuetzung\/#breadcrumb\"},\"inLanguage\":\"de\",\"potentialAction\":[{\"@type\":\"ReadAction\",\"target\":[\"https:\/\/weltlaeden.de\/gemuenden\/mitarbeit-und-unterstuetzung\/\"]}]},{\"@type\":\"ImageObject\",\"inLanguage\":\"de\",\"@id\":\"https:\/\/weltlaeden.de\/gemuenden\/mitarbeit-und-unterstuetzung\/#primaryimage\",\"url\":\"https:\/\/weltlaeden.de\/gemuenden\/wp-content\/uploads\/sites\/141\/2023\/04\/flyer1.jpg\",\"contentUrl\":\"https:\/\/weltlaeden.de\/gemuenden\/wp-content\/uploads\/sites\/141\/2023\/04\/flyer1.jpg\",\"width\":1200,\"height\":844},{\"@type\":\"BreadcrumbList\",\"@id\":\"https:\/\/weltlaeden.de\/gemuenden\/mitarbeit-und-unterstuetzung\/#breadcrumb\",\"itemListElement\":[{\"@type\":\"ListItem\",\"position\":1,\"name\":\"Startseite\",\"item\":\"https:\/\/weltlaeden.de\/gemuenden\/\"},{\"@type\":\"ListItem\",\"position\":2,\"name\":\"Mitarbeit und Unterst\u00fctzung\"}]},{\"@type\":\"WebSite\",\"@id\":\"https:\/\/weltlaeden.de\/gemuenden\/#website\",\"url\":\"https:\/\/weltlaeden.de\/gemuenden\/\",\"name\":\"Weltladen Gem\u00fcnden\",\"description\":\"Faire Produkte seit 1990\",\"potentialAction\":[{\"@type\":\"SearchAction\",\"target\":{\"@type\":\"EntryPoint\",\"urlTemplate\":\"https:\/\/weltlaeden.de\/gemuenden\/?s={search_term_string}\"},\"query-input\":{\"@type\":\"PropertyValueSpecification\",\"valueRequired\":true,\"valueName\":\"search_term_string\"}}],\"inLanguage\":\"de\"}]}<\/script>\n<!-- \/ Yoast SEO plugin. -->","yoast_head_json":{"title":"Mitarbeit und Unterst\u00fctzung - Weltladen Gem\u00fcnden","robots":{"index":"index","follow":"follow","max-snippet":"max-snippet:-1","max-image-preview":"max-image-preview:large","max-video-preview":"max-video-preview:-1"},"canonical":"https:\/\/weltlaeden.de\/gemuenden\/mitarbeit-und-unterstuetzung\/","og_locale":"de_DE","og_type":"article","og_title":"Mitarbeit und Unterst\u00fctzung - Weltladen Gem\u00fcnden","og_description":"[vc_row][vc_column][vc_column_text] Mitarbeit und Unterst\u00fctzung Unser Weltladen und unser Eine-Welt-Verein leben von den Menschen, die sich f\u00fcr unsere Ziele stark machen. Egal ob als Kundin und Kunde im Laden oder als Mensch hinter der Theke im Verkauf. Jeder ist bei uns herzlich willkommen und kann jederzeit im Verein mitwirken und im Weltladen mitarbeiten. Im Verein k\u00f6nnen&hellip;","og_url":"https:\/\/weltlaeden.de\/gemuenden\/mitarbeit-und-unterstuetzung\/","og_site_name":"Weltladen Gem\u00fcnden","article_modified_time":"2023-04-01T09:35:29+00:00","og_image":[{"url":"https:\/\/weltlaeden.de\/gemuenden\/wp-content\/uploads\/sites\/141\/2023\/04\/flyer1-300x211.jpg","type":"","width":"","height":""}],"twitter_card":"summary_large_image","twitter_misc":{"Gesch\u00e4tzte Lesezeit":"2\u00a0Minuten"},"schema":{"@context":"https:\/\/schema.org","@graph":[{"@type":"WebPage","@id":"https:\/\/weltlaeden.de\/gemuenden\/mitarbeit-und-unterstuetzung\/","url":"https:\/\/weltlaeden.de\/gemuenden\/mitarbeit-und-unterstuetzung\/","name":"Mitarbeit und Unterst\u00fctzung - Weltladen Gem\u00fcnden","isPartOf":{"@id":"https:\/\/weltlaeden.de\/gemuenden\/#website"},"primaryImageOfPage":{"@id":"https:\/\/weltlaeden.de\/gemuenden\/mitarbeit-und-unterstuetzung\/#primaryimage"},"image":{"@id":"https:\/\/weltlaeden.de\/gemuenden\/mitarbeit-und-unterstuetzung\/#primaryimage"},"thumbnailUrl":"https:\/\/weltlaeden.de\/gemuenden\/wp-content\/uploads\/sites\/141\/2023\/04\/flyer1-300x211.jpg","datePublished":"2021-01-30T10:18:12+00:00","dateModified":"2023-04-01T09:35:29+00:00","breadcrumb":{"@id":"https:\/\/weltlaeden.de\/gemuenden\/mitarbeit-und-unterstuetzung\/#breadcrumb"},"inLanguage":"de","potentialAction":[{"@type":"ReadAction","target":["https:\/\/weltlaeden.de\/gemuenden\/mitarbeit-und-unterstuetzung\/"]}]},{"@type":"ImageObject","inLanguage":"de","@id":"https:\/\/weltlaeden.de\/gemuenden\/mitarbeit-und-unterstuetzung\/#primaryimage","url":"https:\/\/weltlaeden.de\/gemuenden\/wp-content\/uploads\/sites\/141\/2023\/04\/flyer1.jpg","contentUrl":"https:\/\/weltlaeden.de\/gemuenden\/wp-content\/uploads\/sites\/141\/2023\/04\/flyer1.jpg","width":1200,"height":844},{"@type":"BreadcrumbList","@id":"https:\/\/weltlaeden.de\/gemuenden\/mitarbeit-und-unterstuetzung\/#breadcrumb","itemListElement":[{"@type":"ListItem","position":1,"name":"Startseite","item":"https:\/\/weltlaeden.de\/gemuenden\/"},{"@type":"ListItem","position":2,"name":"Mitarbeit und Unterst\u00fctzung"}]},{"@type":"WebSite","@id":"https:\/\/weltlaeden.de\/gemuenden\/#website","url":"https:\/\/weltlaeden.de\/gemuenden\/","name":"Weltladen Gem\u00fcnden","description":"Faire Produkte seit 1990","potentialAction":[{"@type":"SearchAction","target":{"@type":"EntryPoint","urlTemplate":"https:\/\/weltlaeden.de\/gemuenden\/?s={search_term_string}"},"query-input":{"@type":"PropertyValueSpecification","valueRequired":true,"valueName":"search_term_string"}}],"inLanguage":"de"}]}},"_links":{"self":[{"href":"https:\/\/weltlaeden.de\/gemuenden\/wp-json\/wp\/v2\/pages\/578","targetHints":{"allow":["GET"]}}],"collection":[{"href":"https:\/\/weltlaeden.de\/gemuenden\/wp-json\/wp\/v2\/pages"}],"about":[{"href":"https:\/\/weltlaeden.de\/gemuenden\/wp-json\/wp\/v2\/types\/page"}],"author":[{"embeddable":true,"href":"https:\/\/weltlaeden.de\/gemuenden\/wp-json\/wp\/v2\/users\/208"}],"replies":[{"embeddable":true,"href":"https:\/\/weltlaeden.de\/gemuenden\/wp-json\/wp\/v2\/comments?post=578"}],"version-history":[{"count":8,"href":"https:\/\/weltlaeden.de\/gemuenden\/wp-json\/wp\/v2\/pages\/578\/revisions"}],"predecessor-version":[{"id":598,"href":"https:\/\/weltlaeden.de\/gemuenden\/wp-json\/wp\/v2\/pages\/578\/revisions\/598"}],"wp:attachment":[{"href":"https:\/\/weltlaeden.de\/gemuenden\/wp-json\/wp\/v2\/media?parent=578"}],"curies":[{"name":"wp","href":"https:\/\/api.w.org\/{rel}","templated":true}]}}