{"id":613,"date":"2020-07-03T16:50:39","date_gmt":"2020-07-03T14:50:39","guid":{"rendered":"https:\/\/weltlaeden.de\/gelnhausen\/bildungsarbeit\/beratung\/"},"modified":"2020-07-16T12:53:39","modified_gmt":"2020-07-16T10:53:39","slug":"beratung","status":"publish","type":"page","link":"https:\/\/weltlaeden.de\/gelnhausen\/bildungsarbeit\/beratung\/","title":{"rendered":"Beratung"},"content":{"rendered":"<h1><img loading=\"lazy\" decoding=\"async\" class=\"alignnone size-medium wp-image-756 aligncenter\" src=\"https:\/\/weltlaeden.de\/gelnhausen\/wp-content\/uploads\/sites\/135\/2020\/07\/bildung_bildungssaeule_lisa_mittel-300x200.jpg\" alt=\"\" width=\"300\" height=\"200\" srcset=\"https:\/\/weltlaeden.de\/gelnhausen\/wp-content\/uploads\/sites\/135\/2020\/07\/bildung_bildungssaeule_lisa_mittel-300x200.jpg 300w, https:\/\/weltlaeden.de\/gelnhausen\/wp-content\/uploads\/sites\/135\/2020\/07\/bildung_bildungssaeule_lisa_mittel-768x512.jpg 768w, https:\/\/weltlaeden.de\/gelnhausen\/wp-content\/uploads\/sites\/135\/2020\/07\/bildung_bildungssaeule_lisa_mittel-1024x683.jpg 1024w, https:\/\/weltlaeden.de\/gelnhausen\/wp-content\/uploads\/sites\/135\/2020\/07\/bildung_bildungssaeule_lisa_mittel.jpg 1920w\" sizes=\"auto, (max-width: 300px) 100vw, 300px\" \/><\/h1>\n<h1 style=\"text-align: center\">Wir unterst\u00fctzen Sie bei der Realisierung Ihrer Unterrichtsprojekte<\/h1>\n<p style=\"text-align: justify\">Sie m\u00f6chten ein Unterrichtsprojekt gestalten oder einen Vortrag \/ eine Pr\u00e4sentation halten und ben\u00f6tigen daf\u00fcr Informationen \u00fcber den Fairen Handel oder didaktisches Material?<\/p>\n<p style=\"text-align: justify\">Wir beraten Sie gerne und geben Ihnen bei Bedarf entsprechende Materialien an die Hand.<\/p>\n","protected":false},"excerpt":{"rendered":"<p>Wir unterst\u00fctzen Sie bei der Realisierung Ihrer Unterrichtsprojekte Sie m\u00f6chten ein Unterrichtsprojekt gestalten oder einen Vortrag \/ eine Pr\u00e4sentation halten und ben\u00f6tigen daf\u00fcr Informationen \u00fcber den Fairen Handel oder didaktisches Material? Wir beraten Sie gerne und geben Ihnen bei Bedarf entsprechende Materialien an die Hand.<\/p>\n","protected":false},"author":197,"featured_media":0,"parent":486,"menu_order":5,"comment_status":"closed","ping_status":"closed","template":"","meta":{"footnotes":""},"class_list":["post-613","page","type-page","status-publish","hentry","description-off"],"yoast_head":"<!-- This site is optimized with the Yoast SEO plugin v26.8 - https:\/\/yoast.com\/product\/yoast-seo-wordpress\/ -->\n<title>Beratung - Weltladen Gelnhausen<\/title>\n<meta name=\"robots\" content=\"index, follow, max-snippet:-1, max-image-preview:large, max-video-preview:-1\" \/>\n<link rel=\"canonical\" href=\"https:\/\/weltlaeden.de\/gelnhausen\/bildungsarbeit\/beratung\/\" \/>\n<meta property=\"og:locale\" content=\"de_DE\" \/>\n<meta property=\"og:type\" content=\"article\" \/>\n<meta property=\"og:title\" content=\"Beratung - Weltladen Gelnhausen\" \/>\n<meta property=\"og:description\" content=\"Wir unterst\u00fctzen Sie bei der Realisierung Ihrer Unterrichtsprojekte Sie m\u00f6chten ein Unterrichtsprojekt gestalten oder einen Vortrag \/ eine Pr\u00e4sentation halten und ben\u00f6tigen daf\u00fcr Informationen \u00fcber den Fairen Handel oder didaktisches Material? Wir beraten Sie gerne und geben Ihnen bei Bedarf entsprechende Materialien an die Hand.\" \/>\n<meta property=\"og:url\" content=\"https:\/\/weltlaeden.de\/gelnhausen\/bildungsarbeit\/beratung\/\" \/>\n<meta property=\"og:site_name\" content=\"Weltladen Gelnhausen\" \/>\n<meta property=\"article:modified_time\" content=\"2020-07-16T10:53:39+00:00\" \/>\n<meta property=\"og:image\" content=\"https:\/\/weltlaeden.de\/gelnhausen\/wp-content\/uploads\/sites\/135\/2020\/07\/bildung_bildungssaeule_lisa_mittel-300x200.jpg\" \/>\n<meta name=\"twitter:card\" content=\"summary_large_image\" \/>\n<script type=\"application\/ld+json\" class=\"yoast-schema-graph\">{\"@context\":\"https:\/\/schema.org\",\"@graph\":[{\"@type\":\"WebPage\",\"@id\":\"https:\/\/weltlaeden.de\/gelnhausen\/bildungsarbeit\/beratung\/\",\"url\":\"https:\/\/weltlaeden.de\/gelnhausen\/bildungsarbeit\/beratung\/\",\"name\":\"Beratung - Weltladen Gelnhausen\",\"isPartOf\":{\"@id\":\"https:\/\/weltlaeden.de\/gelnhausen\/#website\"},\"primaryImageOfPage\":{\"@id\":\"https:\/\/weltlaeden.de\/gelnhausen\/bildungsarbeit\/beratung\/#primaryimage\"},\"image\":{\"@id\":\"https:\/\/weltlaeden.de\/gelnhausen\/bildungsarbeit\/beratung\/#primaryimage\"},\"thumbnailUrl\":\"https:\/\/weltlaeden.de\/gelnhausen\/wp-content\/uploads\/sites\/135\/2020\/07\/bildung_bildungssaeule_lisa_mittel-300x200.jpg\",\"datePublished\":\"2020-07-03T14:50:39+00:00\",\"dateModified\":\"2020-07-16T10:53:39+00:00\",\"breadcrumb\":{\"@id\":\"https:\/\/weltlaeden.de\/gelnhausen\/bildungsarbeit\/beratung\/#breadcrumb\"},\"inLanguage\":\"de\",\"potentialAction\":[{\"@type\":\"ReadAction\",\"target\":[\"https:\/\/weltlaeden.de\/gelnhausen\/bildungsarbeit\/beratung\/\"]}]},{\"@type\":\"ImageObject\",\"inLanguage\":\"de\",\"@id\":\"https:\/\/weltlaeden.de\/gelnhausen\/bildungsarbeit\/beratung\/#primaryimage\",\"url\":\"https:\/\/weltlaeden.de\/gelnhausen\/wp-content\/uploads\/sites\/135\/2020\/07\/bildung_bildungssaeule_lisa_mittel.jpg\",\"contentUrl\":\"https:\/\/weltlaeden.de\/gelnhausen\/wp-content\/uploads\/sites\/135\/2020\/07\/bildung_bildungssaeule_lisa_mittel.jpg\",\"width\":1920,\"height\":1280},{\"@type\":\"BreadcrumbList\",\"@id\":\"https:\/\/weltlaeden.de\/gelnhausen\/bildungsarbeit\/beratung\/#breadcrumb\",\"itemListElement\":[{\"@type\":\"ListItem\",\"position\":1,\"name\":\"Startseite\",\"item\":\"https:\/\/weltlaeden.de\/gelnhausen\/\"},{\"@type\":\"ListItem\",\"position\":2,\"name\":\"Bildungsarbeit\",\"item\":\"https:\/\/weltlaeden.de\/gelnhausen\/bildungsarbeit\/\"},{\"@type\":\"ListItem\",\"position\":3,\"name\":\"Beratung\"}]},{\"@type\":\"WebSite\",\"@id\":\"https:\/\/weltlaeden.de\/gelnhausen\/#website\",\"url\":\"https:\/\/weltlaeden.de\/gelnhausen\/\",\"name\":\"Weltladen Gelnhausen\",\"description\":\"Faire Produkte seit 1981\",\"potentialAction\":[{\"@type\":\"SearchAction\",\"target\":{\"@type\":\"EntryPoint\",\"urlTemplate\":\"https:\/\/weltlaeden.de\/gelnhausen\/?s={search_term_string}\"},\"query-input\":{\"@type\":\"PropertyValueSpecification\",\"valueRequired\":true,\"valueName\":\"search_term_string\"}}],\"inLanguage\":\"de\"}]}<\/script>\n<!-- \/ Yoast SEO plugin. -->","yoast_head_json":{"title":"Beratung - Weltladen Gelnhausen","robots":{"index":"index","follow":"follow","max-snippet":"max-snippet:-1","max-image-preview":"max-image-preview:large","max-video-preview":"max-video-preview:-1"},"canonical":"https:\/\/weltlaeden.de\/gelnhausen\/bildungsarbeit\/beratung\/","og_locale":"de_DE","og_type":"article","og_title":"Beratung - Weltladen Gelnhausen","og_description":"Wir unterst\u00fctzen Sie bei der Realisierung Ihrer Unterrichtsprojekte Sie m\u00f6chten ein Unterrichtsprojekt gestalten oder einen Vortrag \/ eine Pr\u00e4sentation halten und ben\u00f6tigen daf\u00fcr Informationen \u00fcber den Fairen Handel oder didaktisches Material? Wir beraten Sie gerne und geben Ihnen bei Bedarf entsprechende Materialien an die Hand.","og_url":"https:\/\/weltlaeden.de\/gelnhausen\/bildungsarbeit\/beratung\/","og_site_name":"Weltladen Gelnhausen","article_modified_time":"2020-07-16T10:53:39+00:00","og_image":[{"url":"https:\/\/weltlaeden.de\/gelnhausen\/wp-content\/uploads\/sites\/135\/2020\/07\/bildung_bildungssaeule_lisa_mittel-300x200.jpg","type":"","width":"","height":""}],"twitter_card":"summary_large_image","schema":{"@context":"https:\/\/schema.org","@graph":[{"@type":"WebPage","@id":"https:\/\/weltlaeden.de\/gelnhausen\/bildungsarbeit\/beratung\/","url":"https:\/\/weltlaeden.de\/gelnhausen\/bildungsarbeit\/beratung\/","name":"Beratung - Weltladen Gelnhausen","isPartOf":{"@id":"https:\/\/weltlaeden.de\/gelnhausen\/#website"},"primaryImageOfPage":{"@id":"https:\/\/weltlaeden.de\/gelnhausen\/bildungsarbeit\/beratung\/#primaryimage"},"image":{"@id":"https:\/\/weltlaeden.de\/gelnhausen\/bildungsarbeit\/beratung\/#primaryimage"},"thumbnailUrl":"https:\/\/weltlaeden.de\/gelnhausen\/wp-content\/uploads\/sites\/135\/2020\/07\/bildung_bildungssaeule_lisa_mittel-300x200.jpg","datePublished":"2020-07-03T14:50:39+00:00","dateModified":"2020-07-16T10:53:39+00:00","breadcrumb":{"@id":"https:\/\/weltlaeden.de\/gelnhausen\/bildungsarbeit\/beratung\/#breadcrumb"},"inLanguage":"de","potentialAction":[{"@type":"ReadAction","target":["https:\/\/weltlaeden.de\/gelnhausen\/bildungsarbeit\/beratung\/"]}]},{"@type":"ImageObject","inLanguage":"de","@id":"https:\/\/weltlaeden.de\/gelnhausen\/bildungsarbeit\/beratung\/#primaryimage","url":"https:\/\/weltlaeden.de\/gelnhausen\/wp-content\/uploads\/sites\/135\/2020\/07\/bildung_bildungssaeule_lisa_mittel.jpg","contentUrl":"https:\/\/weltlaeden.de\/gelnhausen\/wp-content\/uploads\/sites\/135\/2020\/07\/bildung_bildungssaeule_lisa_mittel.jpg","width":1920,"height":1280},{"@type":"BreadcrumbList","@id":"https:\/\/weltlaeden.de\/gelnhausen\/bildungsarbeit\/beratung\/#breadcrumb","itemListElement":[{"@type":"ListItem","position":1,"name":"Startseite","item":"https:\/\/weltlaeden.de\/gelnhausen\/"},{"@type":"ListItem","position":2,"name":"Bildungsarbeit","item":"https:\/\/weltlaeden.de\/gelnhausen\/bildungsarbeit\/"},{"@type":"ListItem","position":3,"name":"Beratung"}]},{"@type":"WebSite","@id":"https:\/\/weltlaeden.de\/gelnhausen\/#website","url":"https:\/\/weltlaeden.de\/gelnhausen\/","name":"Weltladen Gelnhausen","description":"Faire Produkte seit 1981","potentialAction":[{"@type":"SearchAction","target":{"@type":"EntryPoint","urlTemplate":"https:\/\/weltlaeden.de\/gelnhausen\/?s={search_term_string}"},"query-input":{"@type":"PropertyValueSpecification","valueRequired":true,"valueName":"search_term_string"}}],"inLanguage":"de"}]}},"_links":{"self":[{"href":"https:\/\/weltlaeden.de\/gelnhausen\/wp-json\/wp\/v2\/pages\/613","targetHints":{"allow":["GET"]}}],"collection":[{"href":"https:\/\/weltlaeden.de\/gelnhausen\/wp-json\/wp\/v2\/pages"}],"about":[{"href":"https:\/\/weltlaeden.de\/gelnhausen\/wp-json\/wp\/v2\/types\/page"}],"author":[{"embeddable":true,"href":"https:\/\/weltlaeden.de\/gelnhausen\/wp-json\/wp\/v2\/users\/197"}],"replies":[{"embeddable":true,"href":"https:\/\/weltlaeden.de\/gelnhausen\/wp-json\/wp\/v2\/comments?post=613"}],"version-history":[{"count":5,"href":"https:\/\/weltlaeden.de\/gelnhausen\/wp-json\/wp\/v2\/pages\/613\/revisions"}],"predecessor-version":[{"id":758,"href":"https:\/\/weltlaeden.de\/gelnhausen\/wp-json\/wp\/v2\/pages\/613\/revisions\/758"}],"up":[{"embeddable":true,"href":"https:\/\/weltlaeden.de\/gelnhausen\/wp-json\/wp\/v2\/pages\/486"}],"wp:attachment":[{"href":"https:\/\/weltlaeden.de\/gelnhausen\/wp-json\/wp\/v2\/media?parent=613"}],"curies":[{"name":"wp","href":"https:\/\/api.w.org\/{rel}","templated":true}]}}