{"id":591,"date":"2020-06-27T11:01:36","date_gmt":"2020-06-27T09:01:36","guid":{"rendered":"https:\/\/weltlaeden.de\/gelnhausen\/bildungsarbeit\/kleidertausch\/"},"modified":"2025-03-27T20:42:33","modified_gmt":"2025-03-27T19:42:33","slug":"kleidertausch","status":"publish","type":"page","link":"https:\/\/weltlaeden.de\/gelnhausen\/bildungsarbeit\/kleidertausch\/","title":{"rendered":"Kleidertausch"},"content":{"rendered":"<h1 style=\"text-align: center\"><img loading=\"lazy\" decoding=\"async\" class=\"alignnone  wp-image-1310\" src=\"https:\/\/weltlaeden.de\/gelnhausen\/wp-content\/uploads\/sites\/135\/2023\/10\/IMG_6737-300x176.jpg\" alt=\"\" width=\"402\" height=\"236\" srcset=\"https:\/\/weltlaeden.de\/gelnhausen\/wp-content\/uploads\/sites\/135\/2023\/10\/IMG_6737-300x176.jpg 300w, https:\/\/weltlaeden.de\/gelnhausen\/wp-content\/uploads\/sites\/135\/2023\/10\/IMG_6737-1024x602.jpg 1024w, https:\/\/weltlaeden.de\/gelnhausen\/wp-content\/uploads\/sites\/135\/2023\/10\/IMG_6737-768x451.jpg 768w, https:\/\/weltlaeden.de\/gelnhausen\/wp-content\/uploads\/sites\/135\/2023\/10\/IMG_6737-1536x902.jpg 1536w, https:\/\/weltlaeden.de\/gelnhausen\/wp-content\/uploads\/sites\/135\/2023\/10\/IMG_6737-scaled.jpg 2048w\" sizes=\"auto, (max-width: 402px) 100vw, 402px\" \/><\/h1>\n<h1 style=\"text-align: center\">Kleidertausch<\/h1>\n<h3>Nachhaltiger Kleiderkonsum, ist das m\u00f6glich?<\/h3>\n<p class=\"western\" style=\"text-align: justify\">Sch\u00f6ne Kleidung erwerben und dabei Ressourcen schonen? Die Idee zum Kleidertausch wurde aus einem Bildungsprojekt des Weltladens entwickelt und verbindet Aufkl\u00e4rung \u00fcber die problematischen Praktiken der Textilindustrie mit dem Vergn\u00fcgen, gut erhaltene Kleidungsst\u00fccke und Accessoires zu tauschen.<\/p>\n<p class=\"western\" style=\"text-align: justify\">Zur Party am Nachmittag bringen die Teilnehmerinnen jeweils bis zu 10 gebrauchte Kleidungsst\u00fccke mit, die vom Tauschteam kontrolliert und auf Thementische verteilt wurden. W\u00e4hrend sich die Tische f\u00fcllen, laben sich die Frauen in gem\u00fctlichen Sitzecken an Kaffee und Informationen sowie selbstgemachten Kuchen. Anschlie\u00dfend kann nach Herzenslust gest\u00f6bert und anprobiert werden, so dass viele ehemals geliebte Sch\u00e4tzchen aus den Kleiderschr\u00e4nken gl\u00fcckliche neue Besitzerinnen finden.<\/p>\n<p>&nbsp;<\/p>\n","protected":false},"excerpt":{"rendered":"<p>Kleidertausch Nachhaltiger Kleiderkonsum, ist das m\u00f6glich? Sch\u00f6ne Kleidung erwerben und dabei Ressourcen schonen? Die Idee zum Kleidertausch wurde aus einem Bildungsprojekt des Weltladens entwickelt und verbindet Aufkl\u00e4rung \u00fcber die problematischen Praktiken der Textilindustrie mit dem Vergn\u00fcgen, gut erhaltene Kleidungsst\u00fccke und Accessoires zu tauschen. Zur Party am Nachmittag bringen die Teilnehmerinnen jeweils bis zu 10 gebrauchte&hellip;<\/p>\n","protected":false},"author":197,"featured_media":1310,"parent":486,"menu_order":4,"comment_status":"closed","ping_status":"closed","template":"","meta":{"footnotes":""},"class_list":["post-591","page","type-page","status-publish","has-post-thumbnail","hentry","description-off"],"yoast_head":"<!-- This site is optimized with the Yoast SEO plugin v26.8 - https:\/\/yoast.com\/product\/yoast-seo-wordpress\/ -->\n<title>Kleidertausch - Weltladen Gelnhausen<\/title>\n<meta name=\"robots\" content=\"index, follow, max-snippet:-1, max-image-preview:large, max-video-preview:-1\" \/>\n<link rel=\"canonical\" href=\"https:\/\/weltlaeden.de\/gelnhausen\/bildungsarbeit\/kleidertausch\/\" \/>\n<meta property=\"og:locale\" content=\"de_DE\" \/>\n<meta property=\"og:type\" content=\"article\" \/>\n<meta property=\"og:title\" content=\"Kleidertausch - Weltladen Gelnhausen\" \/>\n<meta property=\"og:description\" content=\"Kleidertausch Nachhaltiger Kleiderkonsum, ist das m\u00f6glich? Sch\u00f6ne Kleidung erwerben und dabei Ressourcen schonen? Die Idee zum Kleidertausch wurde aus einem Bildungsprojekt des Weltladens entwickelt und verbindet Aufkl\u00e4rung \u00fcber die problematischen Praktiken der Textilindustrie mit dem Vergn\u00fcgen, gut erhaltene Kleidungsst\u00fccke und Accessoires zu tauschen. Zur Party am Nachmittag bringen die Teilnehmerinnen jeweils bis zu 10 gebrauchte&hellip;\" \/>\n<meta property=\"og:url\" content=\"https:\/\/weltlaeden.de\/gelnhausen\/bildungsarbeit\/kleidertausch\/\" \/>\n<meta property=\"og:site_name\" content=\"Weltladen Gelnhausen\" \/>\n<meta property=\"article:modified_time\" content=\"2025-03-27T19:42:33+00:00\" \/>\n<meta property=\"og:image\" content=\"https:\/\/weltlaeden.de\/gelnhausen\/wp-content\/uploads\/sites\/135\/2023\/10\/IMG_6737.jpg\" \/>\n\t<meta property=\"og:image:width\" content=\"2048\" \/>\n\t<meta property=\"og:image:height\" content=\"1203\" \/>\n\t<meta property=\"og:image:type\" content=\"image\/jpeg\" \/>\n<meta name=\"twitter:card\" content=\"summary_large_image\" \/>\n<meta name=\"twitter:label1\" content=\"Gesch\u00e4tzte Lesezeit\" \/>\n\t<meta name=\"twitter:data1\" content=\"1\u00a0Minute\" \/>\n<script type=\"application\/ld+json\" class=\"yoast-schema-graph\">{\"@context\":\"https:\/\/schema.org\",\"@graph\":[{\"@type\":\"WebPage\",\"@id\":\"https:\/\/weltlaeden.de\/gelnhausen\/bildungsarbeit\/kleidertausch\/\",\"url\":\"https:\/\/weltlaeden.de\/gelnhausen\/bildungsarbeit\/kleidertausch\/\",\"name\":\"Kleidertausch - Weltladen Gelnhausen\",\"isPartOf\":{\"@id\":\"https:\/\/weltlaeden.de\/gelnhausen\/#website\"},\"primaryImageOfPage\":{\"@id\":\"https:\/\/weltlaeden.de\/gelnhausen\/bildungsarbeit\/kleidertausch\/#primaryimage\"},\"image\":{\"@id\":\"https:\/\/weltlaeden.de\/gelnhausen\/bildungsarbeit\/kleidertausch\/#primaryimage\"},\"thumbnailUrl\":\"https:\/\/weltlaeden.de\/gelnhausen\/wp-content\/uploads\/sites\/135\/2023\/10\/IMG_6737.jpg\",\"datePublished\":\"2020-06-27T09:01:36+00:00\",\"dateModified\":\"2025-03-27T19:42:33+00:00\",\"breadcrumb\":{\"@id\":\"https:\/\/weltlaeden.de\/gelnhausen\/bildungsarbeit\/kleidertausch\/#breadcrumb\"},\"inLanguage\":\"de\",\"potentialAction\":[{\"@type\":\"ReadAction\",\"target\":[\"https:\/\/weltlaeden.de\/gelnhausen\/bildungsarbeit\/kleidertausch\/\"]}]},{\"@type\":\"ImageObject\",\"inLanguage\":\"de\",\"@id\":\"https:\/\/weltlaeden.de\/gelnhausen\/bildungsarbeit\/kleidertausch\/#primaryimage\",\"url\":\"https:\/\/weltlaeden.de\/gelnhausen\/wp-content\/uploads\/sites\/135\/2023\/10\/IMG_6737.jpg\",\"contentUrl\":\"https:\/\/weltlaeden.de\/gelnhausen\/wp-content\/uploads\/sites\/135\/2023\/10\/IMG_6737.jpg\",\"width\":2048,\"height\":1203},{\"@type\":\"BreadcrumbList\",\"@id\":\"https:\/\/weltlaeden.de\/gelnhausen\/bildungsarbeit\/kleidertausch\/#breadcrumb\",\"itemListElement\":[{\"@type\":\"ListItem\",\"position\":1,\"name\":\"Startseite\",\"item\":\"https:\/\/weltlaeden.de\/gelnhausen\/\"},{\"@type\":\"ListItem\",\"position\":2,\"name\":\"Bildungsarbeit\",\"item\":\"https:\/\/weltlaeden.de\/gelnhausen\/bildungsarbeit\/\"},{\"@type\":\"ListItem\",\"position\":3,\"name\":\"Kleidertausch\"}]},{\"@type\":\"WebSite\",\"@id\":\"https:\/\/weltlaeden.de\/gelnhausen\/#website\",\"url\":\"https:\/\/weltlaeden.de\/gelnhausen\/\",\"name\":\"Weltladen Gelnhausen\",\"description\":\"Faire Produkte seit 1981\",\"potentialAction\":[{\"@type\":\"SearchAction\",\"target\":{\"@type\":\"EntryPoint\",\"urlTemplate\":\"https:\/\/weltlaeden.de\/gelnhausen\/?s={search_term_string}\"},\"query-input\":{\"@type\":\"PropertyValueSpecification\",\"valueRequired\":true,\"valueName\":\"search_term_string\"}}],\"inLanguage\":\"de\"}]}<\/script>\n<!-- \/ Yoast SEO plugin. -->","yoast_head_json":{"title":"Kleidertausch - Weltladen Gelnhausen","robots":{"index":"index","follow":"follow","max-snippet":"max-snippet:-1","max-image-preview":"max-image-preview:large","max-video-preview":"max-video-preview:-1"},"canonical":"https:\/\/weltlaeden.de\/gelnhausen\/bildungsarbeit\/kleidertausch\/","og_locale":"de_DE","og_type":"article","og_title":"Kleidertausch - Weltladen Gelnhausen","og_description":"Kleidertausch Nachhaltiger Kleiderkonsum, ist das m\u00f6glich? Sch\u00f6ne Kleidung erwerben und dabei Ressourcen schonen? Die Idee zum Kleidertausch wurde aus einem Bildungsprojekt des Weltladens entwickelt und verbindet Aufkl\u00e4rung \u00fcber die problematischen Praktiken der Textilindustrie mit dem Vergn\u00fcgen, gut erhaltene Kleidungsst\u00fccke und Accessoires zu tauschen. Zur Party am Nachmittag bringen die Teilnehmerinnen jeweils bis zu 10 gebrauchte&hellip;","og_url":"https:\/\/weltlaeden.de\/gelnhausen\/bildungsarbeit\/kleidertausch\/","og_site_name":"Weltladen Gelnhausen","article_modified_time":"2025-03-27T19:42:33+00:00","og_image":[{"width":2048,"height":1203,"url":"https:\/\/weltlaeden.de\/gelnhausen\/wp-content\/uploads\/sites\/135\/2023\/10\/IMG_6737.jpg","type":"image\/jpeg"}],"twitter_card":"summary_large_image","twitter_misc":{"Gesch\u00e4tzte Lesezeit":"1\u00a0Minute"},"schema":{"@context":"https:\/\/schema.org","@graph":[{"@type":"WebPage","@id":"https:\/\/weltlaeden.de\/gelnhausen\/bildungsarbeit\/kleidertausch\/","url":"https:\/\/weltlaeden.de\/gelnhausen\/bildungsarbeit\/kleidertausch\/","name":"Kleidertausch - Weltladen Gelnhausen","isPartOf":{"@id":"https:\/\/weltlaeden.de\/gelnhausen\/#website"},"primaryImageOfPage":{"@id":"https:\/\/weltlaeden.de\/gelnhausen\/bildungsarbeit\/kleidertausch\/#primaryimage"},"image":{"@id":"https:\/\/weltlaeden.de\/gelnhausen\/bildungsarbeit\/kleidertausch\/#primaryimage"},"thumbnailUrl":"https:\/\/weltlaeden.de\/gelnhausen\/wp-content\/uploads\/sites\/135\/2023\/10\/IMG_6737.jpg","datePublished":"2020-06-27T09:01:36+00:00","dateModified":"2025-03-27T19:42:33+00:00","breadcrumb":{"@id":"https:\/\/weltlaeden.de\/gelnhausen\/bildungsarbeit\/kleidertausch\/#breadcrumb"},"inLanguage":"de","potentialAction":[{"@type":"ReadAction","target":["https:\/\/weltlaeden.de\/gelnhausen\/bildungsarbeit\/kleidertausch\/"]}]},{"@type":"ImageObject","inLanguage":"de","@id":"https:\/\/weltlaeden.de\/gelnhausen\/bildungsarbeit\/kleidertausch\/#primaryimage","url":"https:\/\/weltlaeden.de\/gelnhausen\/wp-content\/uploads\/sites\/135\/2023\/10\/IMG_6737.jpg","contentUrl":"https:\/\/weltlaeden.de\/gelnhausen\/wp-content\/uploads\/sites\/135\/2023\/10\/IMG_6737.jpg","width":2048,"height":1203},{"@type":"BreadcrumbList","@id":"https:\/\/weltlaeden.de\/gelnhausen\/bildungsarbeit\/kleidertausch\/#breadcrumb","itemListElement":[{"@type":"ListItem","position":1,"name":"Startseite","item":"https:\/\/weltlaeden.de\/gelnhausen\/"},{"@type":"ListItem","position":2,"name":"Bildungsarbeit","item":"https:\/\/weltlaeden.de\/gelnhausen\/bildungsarbeit\/"},{"@type":"ListItem","position":3,"name":"Kleidertausch"}]},{"@type":"WebSite","@id":"https:\/\/weltlaeden.de\/gelnhausen\/#website","url":"https:\/\/weltlaeden.de\/gelnhausen\/","name":"Weltladen Gelnhausen","description":"Faire Produkte seit 1981","potentialAction":[{"@type":"SearchAction","target":{"@type":"EntryPoint","urlTemplate":"https:\/\/weltlaeden.de\/gelnhausen\/?s={search_term_string}"},"query-input":{"@type":"PropertyValueSpecification","valueRequired":true,"valueName":"search_term_string"}}],"inLanguage":"de"}]}},"_links":{"self":[{"href":"https:\/\/weltlaeden.de\/gelnhausen\/wp-json\/wp\/v2\/pages\/591","targetHints":{"allow":["GET"]}}],"collection":[{"href":"https:\/\/weltlaeden.de\/gelnhausen\/wp-json\/wp\/v2\/pages"}],"about":[{"href":"https:\/\/weltlaeden.de\/gelnhausen\/wp-json\/wp\/v2\/types\/page"}],"author":[{"embeddable":true,"href":"https:\/\/weltlaeden.de\/gelnhausen\/wp-json\/wp\/v2\/users\/197"}],"replies":[{"embeddable":true,"href":"https:\/\/weltlaeden.de\/gelnhausen\/wp-json\/wp\/v2\/comments?post=591"}],"version-history":[{"count":7,"href":"https:\/\/weltlaeden.de\/gelnhausen\/wp-json\/wp\/v2\/pages\/591\/revisions"}],"predecessor-version":[{"id":1407,"href":"https:\/\/weltlaeden.de\/gelnhausen\/wp-json\/wp\/v2\/pages\/591\/revisions\/1407"}],"up":[{"embeddable":true,"href":"https:\/\/weltlaeden.de\/gelnhausen\/wp-json\/wp\/v2\/pages\/486"}],"wp:featuredmedia":[{"embeddable":true,"href":"https:\/\/weltlaeden.de\/gelnhausen\/wp-json\/wp\/v2\/media\/1310"}],"wp:attachment":[{"href":"https:\/\/weltlaeden.de\/gelnhausen\/wp-json\/wp\/v2\/media?parent=591"}],"curies":[{"name":"wp","href":"https:\/\/api.w.org\/{rel}","templated":true}]}}