{"id":584,"date":"2020-06-27T10:55:54","date_gmt":"2020-06-27T08:55:54","guid":{"rendered":"https:\/\/weltlaeden.de\/gelnhausen\/bildungsarbeit\/weltladen-als-lernort\/"},"modified":"2025-04-07T19:53:15","modified_gmt":"2025-04-07T17:53:15","slug":"weltladen-als-lernort","status":"publish","type":"page","link":"https:\/\/weltlaeden.de\/gelnhausen\/bildungsarbeit\/weltladen-als-lernort\/","title":{"rendered":"Weltladen als Lernort"},"content":{"rendered":"<h1><img loading=\"lazy\" decoding=\"async\" class=\"wp-image-747 aligncenter\" src=\"https:\/\/weltlaeden.de\/gelnhausen\/wp-content\/uploads\/sites\/135\/2020\/07\/Bild-15.07.20-um-10.35-300x111.jpg\" alt=\"\" width=\"448\" height=\"166\" srcset=\"https:\/\/weltlaeden.de\/gelnhausen\/wp-content\/uploads\/sites\/135\/2020\/07\/Bild-15.07.20-um-10.35-300x111.jpg 300w, https:\/\/weltlaeden.de\/gelnhausen\/wp-content\/uploads\/sites\/135\/2020\/07\/Bild-15.07.20-um-10.35-768x284.jpg 768w, https:\/\/weltlaeden.de\/gelnhausen\/wp-content\/uploads\/sites\/135\/2020\/07\/Bild-15.07.20-um-10.35.jpg 1001w\" sizes=\"auto, (max-width: 448px) 100vw, 448px\" \/><\/h1>\n<h1 style=\"text-align: center\">Weltladen als Lernort<\/h1>\n<p style=\"text-align: justify\">Der Weltladen ist ein idealer Ort, um sich \u00fcber den Fairen Handel zu informieren und auszutauschen. Gruppen erhalten nach vorheriger Anmeldung ein auf ihre Interessen zugeschnittenes Angebot, das neben fachlichem Input durch die Mitarbeitenden auch spielerische Erarbeitung von Inhalten, Diskussionen, Verkostung von Produkten sowie Einkauf beinhalten kann. Das Angebot richtet sich an Gruppen jeden Alters, z. B. Schulklassen, Konfirmand:innengruppen, Ferienspiele, Erwachsenengruppen oder private Ausflugsgruppen.<\/p>\n<p style=\"text-align: justify\">Sch\u00fcler:innen bietet ein Besuch im Weltladen konkrete Ankn\u00fcpfungspunkte und Handlungsm\u00f6glichkeiten in Bezug auf den Lernbereich &#8222;Bildung f\u00fcr nachhaltige Entwicklung&#8220;.<\/p>\n<p style=\"text-align: justify\">Der Weltladen ist ein Lernort zu den Zukunftsfragen rund um eine gerechtere Gestaltung der Globalisierung.<\/p>\n","protected":false},"excerpt":{"rendered":"<p>Weltladen als Lernort Der Weltladen ist ein idealer Ort, um sich \u00fcber den Fairen Handel zu informieren und auszutauschen. Gruppen erhalten nach vorheriger Anmeldung ein auf ihre Interessen zugeschnittenes Angebot, das neben fachlichem Input durch die Mitarbeitenden auch spielerische Erarbeitung von Inhalten, Diskussionen, Verkostung von Produkten sowie Einkauf beinhalten kann. Das Angebot richtet sich an&hellip;<\/p>\n","protected":false},"author":197,"featured_media":0,"parent":486,"menu_order":1,"comment_status":"closed","ping_status":"closed","template":"","meta":{"footnotes":""},"class_list":["post-584","page","type-page","status-publish","hentry","description-off"],"yoast_head":"<!-- This site is optimized with the Yoast SEO plugin v26.8 - https:\/\/yoast.com\/product\/yoast-seo-wordpress\/ -->\n<title>Weltladen als Lernort - Weltladen Gelnhausen<\/title>\n<meta name=\"robots\" content=\"index, follow, max-snippet:-1, max-image-preview:large, max-video-preview:-1\" \/>\n<link rel=\"canonical\" href=\"https:\/\/weltlaeden.de\/gelnhausen\/bildungsarbeit\/weltladen-als-lernort\/\" \/>\n<meta property=\"og:locale\" content=\"de_DE\" \/>\n<meta property=\"og:type\" content=\"article\" \/>\n<meta property=\"og:title\" content=\"Weltladen als Lernort - Weltladen Gelnhausen\" \/>\n<meta property=\"og:description\" content=\"Weltladen als Lernort Der Weltladen ist ein idealer Ort, um sich \u00fcber den Fairen Handel zu informieren und auszutauschen. Gruppen erhalten nach vorheriger Anmeldung ein auf ihre Interessen zugeschnittenes Angebot, das neben fachlichem Input durch die Mitarbeitenden auch spielerische Erarbeitung von Inhalten, Diskussionen, Verkostung von Produkten sowie Einkauf beinhalten kann. Das Angebot richtet sich an&hellip;\" \/>\n<meta property=\"og:url\" content=\"https:\/\/weltlaeden.de\/gelnhausen\/bildungsarbeit\/weltladen-als-lernort\/\" \/>\n<meta property=\"og:site_name\" content=\"Weltladen Gelnhausen\" \/>\n<meta property=\"article:modified_time\" content=\"2025-04-07T17:53:15+00:00\" \/>\n<meta property=\"og:image\" content=\"https:\/\/weltlaeden.de\/gelnhausen\/wp-content\/uploads\/sites\/135\/2020\/07\/Bild-15.07.20-um-10.35.jpg\" \/>\n\t<meta property=\"og:image:width\" content=\"1001\" \/>\n\t<meta property=\"og:image:height\" content=\"370\" \/>\n\t<meta property=\"og:image:type\" content=\"image\/jpeg\" \/>\n<meta name=\"twitter:card\" content=\"summary_large_image\" \/>\n<meta name=\"twitter:label1\" content=\"Gesch\u00e4tzte Lesezeit\" \/>\n\t<meta name=\"twitter:data1\" content=\"1\u00a0Minute\" \/>\n<script type=\"application\/ld+json\" class=\"yoast-schema-graph\">{\"@context\":\"https:\/\/schema.org\",\"@graph\":[{\"@type\":\"WebPage\",\"@id\":\"https:\/\/weltlaeden.de\/gelnhausen\/bildungsarbeit\/weltladen-als-lernort\/\",\"url\":\"https:\/\/weltlaeden.de\/gelnhausen\/bildungsarbeit\/weltladen-als-lernort\/\",\"name\":\"Weltladen als Lernort - Weltladen Gelnhausen\",\"isPartOf\":{\"@id\":\"https:\/\/weltlaeden.de\/gelnhausen\/#website\"},\"primaryImageOfPage\":{\"@id\":\"https:\/\/weltlaeden.de\/gelnhausen\/bildungsarbeit\/weltladen-als-lernort\/#primaryimage\"},\"image\":{\"@id\":\"https:\/\/weltlaeden.de\/gelnhausen\/bildungsarbeit\/weltladen-als-lernort\/#primaryimage\"},\"thumbnailUrl\":\"https:\/\/weltlaeden.de\/gelnhausen\/wp-content\/uploads\/sites\/135\/2020\/07\/Bild-15.07.20-um-10.35-300x111.jpg\",\"datePublished\":\"2020-06-27T08:55:54+00:00\",\"dateModified\":\"2025-04-07T17:53:15+00:00\",\"breadcrumb\":{\"@id\":\"https:\/\/weltlaeden.de\/gelnhausen\/bildungsarbeit\/weltladen-als-lernort\/#breadcrumb\"},\"inLanguage\":\"de\",\"potentialAction\":[{\"@type\":\"ReadAction\",\"target\":[\"https:\/\/weltlaeden.de\/gelnhausen\/bildungsarbeit\/weltladen-als-lernort\/\"]}]},{\"@type\":\"ImageObject\",\"inLanguage\":\"de\",\"@id\":\"https:\/\/weltlaeden.de\/gelnhausen\/bildungsarbeit\/weltladen-als-lernort\/#primaryimage\",\"url\":\"https:\/\/weltlaeden.de\/gelnhausen\/wp-content\/uploads\/sites\/135\/2020\/07\/Bild-15.07.20-um-10.35.jpg\",\"contentUrl\":\"https:\/\/weltlaeden.de\/gelnhausen\/wp-content\/uploads\/sites\/135\/2020\/07\/Bild-15.07.20-um-10.35.jpg\",\"width\":1001,\"height\":370},{\"@type\":\"BreadcrumbList\",\"@id\":\"https:\/\/weltlaeden.de\/gelnhausen\/bildungsarbeit\/weltladen-als-lernort\/#breadcrumb\",\"itemListElement\":[{\"@type\":\"ListItem\",\"position\":1,\"name\":\"Startseite\",\"item\":\"https:\/\/weltlaeden.de\/gelnhausen\/\"},{\"@type\":\"ListItem\",\"position\":2,\"name\":\"Bildungsarbeit\",\"item\":\"https:\/\/weltlaeden.de\/gelnhausen\/bildungsarbeit\/\"},{\"@type\":\"ListItem\",\"position\":3,\"name\":\"Weltladen als Lernort\"}]},{\"@type\":\"WebSite\",\"@id\":\"https:\/\/weltlaeden.de\/gelnhausen\/#website\",\"url\":\"https:\/\/weltlaeden.de\/gelnhausen\/\",\"name\":\"Weltladen Gelnhausen\",\"description\":\"Faire Produkte seit 1981\",\"potentialAction\":[{\"@type\":\"SearchAction\",\"target\":{\"@type\":\"EntryPoint\",\"urlTemplate\":\"https:\/\/weltlaeden.de\/gelnhausen\/?s={search_term_string}\"},\"query-input\":{\"@type\":\"PropertyValueSpecification\",\"valueRequired\":true,\"valueName\":\"search_term_string\"}}],\"inLanguage\":\"de\"}]}<\/script>\n<!-- \/ Yoast SEO plugin. -->","yoast_head_json":{"title":"Weltladen als Lernort - Weltladen Gelnhausen","robots":{"index":"index","follow":"follow","max-snippet":"max-snippet:-1","max-image-preview":"max-image-preview:large","max-video-preview":"max-video-preview:-1"},"canonical":"https:\/\/weltlaeden.de\/gelnhausen\/bildungsarbeit\/weltladen-als-lernort\/","og_locale":"de_DE","og_type":"article","og_title":"Weltladen als Lernort - Weltladen Gelnhausen","og_description":"Weltladen als Lernort Der Weltladen ist ein idealer Ort, um sich \u00fcber den Fairen Handel zu informieren und auszutauschen. Gruppen erhalten nach vorheriger Anmeldung ein auf ihre Interessen zugeschnittenes Angebot, das neben fachlichem Input durch die Mitarbeitenden auch spielerische Erarbeitung von Inhalten, Diskussionen, Verkostung von Produkten sowie Einkauf beinhalten kann. Das Angebot richtet sich an&hellip;","og_url":"https:\/\/weltlaeden.de\/gelnhausen\/bildungsarbeit\/weltladen-als-lernort\/","og_site_name":"Weltladen Gelnhausen","article_modified_time":"2025-04-07T17:53:15+00:00","og_image":[{"width":1001,"height":370,"url":"https:\/\/weltlaeden.de\/gelnhausen\/wp-content\/uploads\/sites\/135\/2020\/07\/Bild-15.07.20-um-10.35.jpg","type":"image\/jpeg"}],"twitter_card":"summary_large_image","twitter_misc":{"Gesch\u00e4tzte Lesezeit":"1\u00a0Minute"},"schema":{"@context":"https:\/\/schema.org","@graph":[{"@type":"WebPage","@id":"https:\/\/weltlaeden.de\/gelnhausen\/bildungsarbeit\/weltladen-als-lernort\/","url":"https:\/\/weltlaeden.de\/gelnhausen\/bildungsarbeit\/weltladen-als-lernort\/","name":"Weltladen als Lernort - Weltladen Gelnhausen","isPartOf":{"@id":"https:\/\/weltlaeden.de\/gelnhausen\/#website"},"primaryImageOfPage":{"@id":"https:\/\/weltlaeden.de\/gelnhausen\/bildungsarbeit\/weltladen-als-lernort\/#primaryimage"},"image":{"@id":"https:\/\/weltlaeden.de\/gelnhausen\/bildungsarbeit\/weltladen-als-lernort\/#primaryimage"},"thumbnailUrl":"https:\/\/weltlaeden.de\/gelnhausen\/wp-content\/uploads\/sites\/135\/2020\/07\/Bild-15.07.20-um-10.35-300x111.jpg","datePublished":"2020-06-27T08:55:54+00:00","dateModified":"2025-04-07T17:53:15+00:00","breadcrumb":{"@id":"https:\/\/weltlaeden.de\/gelnhausen\/bildungsarbeit\/weltladen-als-lernort\/#breadcrumb"},"inLanguage":"de","potentialAction":[{"@type":"ReadAction","target":["https:\/\/weltlaeden.de\/gelnhausen\/bildungsarbeit\/weltladen-als-lernort\/"]}]},{"@type":"ImageObject","inLanguage":"de","@id":"https:\/\/weltlaeden.de\/gelnhausen\/bildungsarbeit\/weltladen-als-lernort\/#primaryimage","url":"https:\/\/weltlaeden.de\/gelnhausen\/wp-content\/uploads\/sites\/135\/2020\/07\/Bild-15.07.20-um-10.35.jpg","contentUrl":"https:\/\/weltlaeden.de\/gelnhausen\/wp-content\/uploads\/sites\/135\/2020\/07\/Bild-15.07.20-um-10.35.jpg","width":1001,"height":370},{"@type":"BreadcrumbList","@id":"https:\/\/weltlaeden.de\/gelnhausen\/bildungsarbeit\/weltladen-als-lernort\/#breadcrumb","itemListElement":[{"@type":"ListItem","position":1,"name":"Startseite","item":"https:\/\/weltlaeden.de\/gelnhausen\/"},{"@type":"ListItem","position":2,"name":"Bildungsarbeit","item":"https:\/\/weltlaeden.de\/gelnhausen\/bildungsarbeit\/"},{"@type":"ListItem","position":3,"name":"Weltladen als Lernort"}]},{"@type":"WebSite","@id":"https:\/\/weltlaeden.de\/gelnhausen\/#website","url":"https:\/\/weltlaeden.de\/gelnhausen\/","name":"Weltladen Gelnhausen","description":"Faire Produkte seit 1981","potentialAction":[{"@type":"SearchAction","target":{"@type":"EntryPoint","urlTemplate":"https:\/\/weltlaeden.de\/gelnhausen\/?s={search_term_string}"},"query-input":{"@type":"PropertyValueSpecification","valueRequired":true,"valueName":"search_term_string"}}],"inLanguage":"de"}]}},"_links":{"self":[{"href":"https:\/\/weltlaeden.de\/gelnhausen\/wp-json\/wp\/v2\/pages\/584","targetHints":{"allow":["GET"]}}],"collection":[{"href":"https:\/\/weltlaeden.de\/gelnhausen\/wp-json\/wp\/v2\/pages"}],"about":[{"href":"https:\/\/weltlaeden.de\/gelnhausen\/wp-json\/wp\/v2\/types\/page"}],"author":[{"embeddable":true,"href":"https:\/\/weltlaeden.de\/gelnhausen\/wp-json\/wp\/v2\/users\/197"}],"replies":[{"embeddable":true,"href":"https:\/\/weltlaeden.de\/gelnhausen\/wp-json\/wp\/v2\/comments?post=584"}],"version-history":[{"count":12,"href":"https:\/\/weltlaeden.de\/gelnhausen\/wp-json\/wp\/v2\/pages\/584\/revisions"}],"predecessor-version":[{"id":1456,"href":"https:\/\/weltlaeden.de\/gelnhausen\/wp-json\/wp\/v2\/pages\/584\/revisions\/1456"}],"up":[{"embeddable":true,"href":"https:\/\/weltlaeden.de\/gelnhausen\/wp-json\/wp\/v2\/pages\/486"}],"wp:attachment":[{"href":"https:\/\/weltlaeden.de\/gelnhausen\/wp-json\/wp\/v2\/media?parent=584"}],"curies":[{"name":"wp","href":"https:\/\/api.w.org\/{rel}","templated":true}]}}