{"id":582,"date":"2020-06-27T10:55:32","date_gmt":"2020-06-27T08:55:32","guid":{"rendered":"https:\/\/weltlaeden.de\/gelnhausen\/bildungsarbeit\/projekte-in-schulen\/"},"modified":"2025-03-27T20:06:04","modified_gmt":"2025-03-27T19:06:04","slug":"projekte-in-schulen","status":"publish","type":"page","link":"https:\/\/weltlaeden.de\/gelnhausen\/bildungsarbeit\/projekte-in-schulen\/","title":{"rendered":"Projekte in Schulen"},"content":{"rendered":"<div class=\"wpb-content-wrapper\"><p>[vc_row][vc_column][vc_column_text css=&#8220;&#8220;]<\/p>\n<h1 style=\"text-align: center\"><img loading=\"lazy\" decoding=\"async\" class=\"alignnone size-medium wp-image-646\" src=\"https:\/\/weltlaeden.de\/gelnhausen\/wp-content\/uploads\/sites\/135\/2020\/07\/IMG_2077_1-300x209.jpg\" alt=\"\" width=\"300\" height=\"209\" srcset=\"https:\/\/weltlaeden.de\/gelnhausen\/wp-content\/uploads\/sites\/135\/2020\/07\/IMG_2077_1-300x209.jpg 300w, https:\/\/weltlaeden.de\/gelnhausen\/wp-content\/uploads\/sites\/135\/2020\/07\/IMG_2077_1.jpg 506w\" sizes=\"auto, (max-width: 300px) 100vw, 300px\" \/><\/h1>\n<h1 style=\"text-align: center\">Projekte in Schulen<\/h1>\n<p style=\"text-align: justify\">Unter dem Motto &#8222;Fair Handeln Lernen&#8220; bietet der Weltladen konkrete Unterrichtsprojekte rund um den Fairen Handel an. Wir haben exemplarisch einige Themen vorbereitet und passen diese gerne den Vorgaben des jeweiligen Fachs, den Bed\u00fcrfnissen der Lerngruppe und Ihren Ideen und W\u00fcnschen an. (Zeitbedarf 90 &#8211; 120 Minuten, Klassenraum oder Schulk\u00fcche)<\/p>\n<h4 style=\"text-align: justify\">Weltfr\u00fchst\u00fcck<\/h4>\n<p style=\"text-align: justify\">Beim gemeinsamen Fr\u00fchst\u00fcck im Klassenraum probieren die Sch\u00fcler*innen fair gehandelte Leckereien und erfahren wissenswertes \u00fcber die Herkunft unserer Lebensmittel.<\/p>\n<h4 style=\"text-align: justify\">Schokoladenwerkstatt<\/h4>\n<p style=\"text-align: justify\">Neben grunds\u00e4tzlichen Erfahrungen rund um den Kakao und dessen Weg von den Erzeuger*innen bis zu uns steht hier die eigene Herstellung und Verkostung von Schokolade durch die Sch\u00fcler*innen im Mittelpunkt.<\/p>\n<h4 style=\"text-align: justify\">Alles Banane<\/h4>\n<p style=\"text-align: justify\">Mit BanaFair haben wir in Gelhausen Spezialisten f\u00fcr fair gehandelte Bananen vor Ort, die uns mit Wissen aus erster Hand versorgen. Authentische Materialien machen neugierig und kl\u00e4ren auf: Warum ist die Banane krumm? Wie kommt sie zu uns? Wer verdient an ihr? Nat\u00fcrlich kommt das Naschen nicht zu kurz.<\/p>\n<h4 style=\"text-align: justify\">Projektwoche<\/h4>\n<p style=\"text-align: justify\">Mehrt\u00e4gige Projekte eignen sich besonders f\u00fcr vielf\u00e4ltige, lehrreiche und phantasievolle Aktivit\u00e4ten rund um den Fairen Handel und zum Lernbereich globale Entwicklung. Wir beraten Sie gerne und \u00fcbernehmen bei Bedarf die Projektleitung, besonders bei unseren erprobten Projekten zu Textilen (Was steckt in der Hose?) und Bananen (S\u00fc\u00dfe Fairf\u00fchrung?).<\/p>\n<p align=\"justify\"><span style=\"font-family: Helvetica, sans-serif\"><span style=\"font-family: ITC Officina Sans Book\">\u00a0<\/span><\/span><\/p>\n<p>[\/vc_column_text][\/vc_column][\/vc_row]<\/p>\n<\/div>","protected":false},"excerpt":{"rendered":"<p>[vc_row][vc_column][vc_column_text css=&#8220;&#8220;] Projekte in Schulen Unter dem Motto &#8222;Fair Handeln Lernen&#8220; bietet der Weltladen konkrete Unterrichtsprojekte rund um den Fairen Handel an. Wir haben exemplarisch einige Themen vorbereitet und passen diese gerne den Vorgaben des jeweiligen Fachs, den Bed\u00fcrfnissen der Lerngruppe und Ihren Ideen und W\u00fcnschen an. (Zeitbedarf 90 &#8211; 120 Minuten, Klassenraum oder Schulk\u00fcche)&hellip;<\/p>\n","protected":false},"author":197,"featured_media":0,"parent":486,"menu_order":0,"comment_status":"closed","ping_status":"closed","template":"","meta":{"footnotes":""},"class_list":["post-582","page","type-page","status-publish","hentry","description-off"],"yoast_head":"<!-- This site is optimized with the Yoast SEO plugin v26.8 - https:\/\/yoast.com\/product\/yoast-seo-wordpress\/ -->\n<title>Projekte in Schulen - Weltladen Gelnhausen<\/title>\n<meta name=\"robots\" content=\"index, follow, max-snippet:-1, max-image-preview:large, max-video-preview:-1\" \/>\n<link rel=\"canonical\" href=\"https:\/\/weltlaeden.de\/gelnhausen\/bildungsarbeit\/projekte-in-schulen\/\" \/>\n<meta property=\"og:locale\" content=\"de_DE\" \/>\n<meta property=\"og:type\" content=\"article\" \/>\n<meta property=\"og:title\" content=\"Projekte in Schulen - Weltladen Gelnhausen\" \/>\n<meta property=\"og:description\" content=\"[vc_row][vc_column][vc_column_text css=&#8220;&#8220;] Projekte in Schulen Unter dem Motto &#8222;Fair Handeln Lernen&#8220; bietet der Weltladen konkrete Unterrichtsprojekte rund um den Fairen Handel an. Wir haben exemplarisch einige Themen vorbereitet und passen diese gerne den Vorgaben des jeweiligen Fachs, den Bed\u00fcrfnissen der Lerngruppe und Ihren Ideen und W\u00fcnschen an. (Zeitbedarf 90 &#8211; 120 Minuten, Klassenraum oder Schulk\u00fcche)&hellip;\" \/>\n<meta property=\"og:url\" content=\"https:\/\/weltlaeden.de\/gelnhausen\/bildungsarbeit\/projekte-in-schulen\/\" \/>\n<meta property=\"og:site_name\" content=\"Weltladen Gelnhausen\" \/>\n<meta property=\"article:modified_time\" content=\"2025-03-27T19:06:04+00:00\" \/>\n<meta property=\"og:image\" content=\"https:\/\/weltlaeden.de\/gelnhausen\/wp-content\/uploads\/sites\/135\/2020\/07\/IMG_2077_1.jpg\" \/>\n\t<meta property=\"og:image:width\" content=\"506\" \/>\n\t<meta property=\"og:image:height\" content=\"353\" \/>\n\t<meta property=\"og:image:type\" content=\"image\/jpeg\" \/>\n<meta name=\"twitter:card\" content=\"summary_large_image\" \/>\n<meta name=\"twitter:label1\" content=\"Gesch\u00e4tzte Lesezeit\" \/>\n\t<meta name=\"twitter:data1\" content=\"2\u00a0Minuten\" \/>\n<script type=\"application\/ld+json\" class=\"yoast-schema-graph\">{\"@context\":\"https:\/\/schema.org\",\"@graph\":[{\"@type\":\"WebPage\",\"@id\":\"https:\/\/weltlaeden.de\/gelnhausen\/bildungsarbeit\/projekte-in-schulen\/\",\"url\":\"https:\/\/weltlaeden.de\/gelnhausen\/bildungsarbeit\/projekte-in-schulen\/\",\"name\":\"Projekte in Schulen - Weltladen Gelnhausen\",\"isPartOf\":{\"@id\":\"https:\/\/weltlaeden.de\/gelnhausen\/#website\"},\"primaryImageOfPage\":{\"@id\":\"https:\/\/weltlaeden.de\/gelnhausen\/bildungsarbeit\/projekte-in-schulen\/#primaryimage\"},\"image\":{\"@id\":\"https:\/\/weltlaeden.de\/gelnhausen\/bildungsarbeit\/projekte-in-schulen\/#primaryimage\"},\"thumbnailUrl\":\"https:\/\/weltlaeden.de\/gelnhausen\/wp-content\/uploads\/sites\/135\/2020\/07\/IMG_2077_1-300x209.jpg\",\"datePublished\":\"2020-06-27T08:55:32+00:00\",\"dateModified\":\"2025-03-27T19:06:04+00:00\",\"breadcrumb\":{\"@id\":\"https:\/\/weltlaeden.de\/gelnhausen\/bildungsarbeit\/projekte-in-schulen\/#breadcrumb\"},\"inLanguage\":\"de\",\"potentialAction\":[{\"@type\":\"ReadAction\",\"target\":[\"https:\/\/weltlaeden.de\/gelnhausen\/bildungsarbeit\/projekte-in-schulen\/\"]}]},{\"@type\":\"ImageObject\",\"inLanguage\":\"de\",\"@id\":\"https:\/\/weltlaeden.de\/gelnhausen\/bildungsarbeit\/projekte-in-schulen\/#primaryimage\",\"url\":\"https:\/\/weltlaeden.de\/gelnhausen\/wp-content\/uploads\/sites\/135\/2020\/07\/IMG_2077_1.jpg\",\"contentUrl\":\"https:\/\/weltlaeden.de\/gelnhausen\/wp-content\/uploads\/sites\/135\/2020\/07\/IMG_2077_1.jpg\",\"width\":506,\"height\":353},{\"@type\":\"BreadcrumbList\",\"@id\":\"https:\/\/weltlaeden.de\/gelnhausen\/bildungsarbeit\/projekte-in-schulen\/#breadcrumb\",\"itemListElement\":[{\"@type\":\"ListItem\",\"position\":1,\"name\":\"Startseite\",\"item\":\"https:\/\/weltlaeden.de\/gelnhausen\/\"},{\"@type\":\"ListItem\",\"position\":2,\"name\":\"Bildungsarbeit\",\"item\":\"https:\/\/weltlaeden.de\/gelnhausen\/bildungsarbeit\/\"},{\"@type\":\"ListItem\",\"position\":3,\"name\":\"Projekte in Schulen\"}]},{\"@type\":\"WebSite\",\"@id\":\"https:\/\/weltlaeden.de\/gelnhausen\/#website\",\"url\":\"https:\/\/weltlaeden.de\/gelnhausen\/\",\"name\":\"Weltladen Gelnhausen\",\"description\":\"Faire Produkte seit 1981\",\"potentialAction\":[{\"@type\":\"SearchAction\",\"target\":{\"@type\":\"EntryPoint\",\"urlTemplate\":\"https:\/\/weltlaeden.de\/gelnhausen\/?s={search_term_string}\"},\"query-input\":{\"@type\":\"PropertyValueSpecification\",\"valueRequired\":true,\"valueName\":\"search_term_string\"}}],\"inLanguage\":\"de\"}]}<\/script>\n<!-- \/ Yoast SEO plugin. -->","yoast_head_json":{"title":"Projekte in Schulen - Weltladen Gelnhausen","robots":{"index":"index","follow":"follow","max-snippet":"max-snippet:-1","max-image-preview":"max-image-preview:large","max-video-preview":"max-video-preview:-1"},"canonical":"https:\/\/weltlaeden.de\/gelnhausen\/bildungsarbeit\/projekte-in-schulen\/","og_locale":"de_DE","og_type":"article","og_title":"Projekte in Schulen - Weltladen Gelnhausen","og_description":"[vc_row][vc_column][vc_column_text css=&#8220;&#8220;] Projekte in Schulen Unter dem Motto &#8222;Fair Handeln Lernen&#8220; bietet der Weltladen konkrete Unterrichtsprojekte rund um den Fairen Handel an. Wir haben exemplarisch einige Themen vorbereitet und passen diese gerne den Vorgaben des jeweiligen Fachs, den Bed\u00fcrfnissen der Lerngruppe und Ihren Ideen und W\u00fcnschen an. (Zeitbedarf 90 &#8211; 120 Minuten, Klassenraum oder Schulk\u00fcche)&hellip;","og_url":"https:\/\/weltlaeden.de\/gelnhausen\/bildungsarbeit\/projekte-in-schulen\/","og_site_name":"Weltladen Gelnhausen","article_modified_time":"2025-03-27T19:06:04+00:00","og_image":[{"width":506,"height":353,"url":"https:\/\/weltlaeden.de\/gelnhausen\/wp-content\/uploads\/sites\/135\/2020\/07\/IMG_2077_1.jpg","type":"image\/jpeg"}],"twitter_card":"summary_large_image","twitter_misc":{"Gesch\u00e4tzte Lesezeit":"2\u00a0Minuten"},"schema":{"@context":"https:\/\/schema.org","@graph":[{"@type":"WebPage","@id":"https:\/\/weltlaeden.de\/gelnhausen\/bildungsarbeit\/projekte-in-schulen\/","url":"https:\/\/weltlaeden.de\/gelnhausen\/bildungsarbeit\/projekte-in-schulen\/","name":"Projekte in Schulen - Weltladen Gelnhausen","isPartOf":{"@id":"https:\/\/weltlaeden.de\/gelnhausen\/#website"},"primaryImageOfPage":{"@id":"https:\/\/weltlaeden.de\/gelnhausen\/bildungsarbeit\/projekte-in-schulen\/#primaryimage"},"image":{"@id":"https:\/\/weltlaeden.de\/gelnhausen\/bildungsarbeit\/projekte-in-schulen\/#primaryimage"},"thumbnailUrl":"https:\/\/weltlaeden.de\/gelnhausen\/wp-content\/uploads\/sites\/135\/2020\/07\/IMG_2077_1-300x209.jpg","datePublished":"2020-06-27T08:55:32+00:00","dateModified":"2025-03-27T19:06:04+00:00","breadcrumb":{"@id":"https:\/\/weltlaeden.de\/gelnhausen\/bildungsarbeit\/projekte-in-schulen\/#breadcrumb"},"inLanguage":"de","potentialAction":[{"@type":"ReadAction","target":["https:\/\/weltlaeden.de\/gelnhausen\/bildungsarbeit\/projekte-in-schulen\/"]}]},{"@type":"ImageObject","inLanguage":"de","@id":"https:\/\/weltlaeden.de\/gelnhausen\/bildungsarbeit\/projekte-in-schulen\/#primaryimage","url":"https:\/\/weltlaeden.de\/gelnhausen\/wp-content\/uploads\/sites\/135\/2020\/07\/IMG_2077_1.jpg","contentUrl":"https:\/\/weltlaeden.de\/gelnhausen\/wp-content\/uploads\/sites\/135\/2020\/07\/IMG_2077_1.jpg","width":506,"height":353},{"@type":"BreadcrumbList","@id":"https:\/\/weltlaeden.de\/gelnhausen\/bildungsarbeit\/projekte-in-schulen\/#breadcrumb","itemListElement":[{"@type":"ListItem","position":1,"name":"Startseite","item":"https:\/\/weltlaeden.de\/gelnhausen\/"},{"@type":"ListItem","position":2,"name":"Bildungsarbeit","item":"https:\/\/weltlaeden.de\/gelnhausen\/bildungsarbeit\/"},{"@type":"ListItem","position":3,"name":"Projekte in Schulen"}]},{"@type":"WebSite","@id":"https:\/\/weltlaeden.de\/gelnhausen\/#website","url":"https:\/\/weltlaeden.de\/gelnhausen\/","name":"Weltladen Gelnhausen","description":"Faire Produkte seit 1981","potentialAction":[{"@type":"SearchAction","target":{"@type":"EntryPoint","urlTemplate":"https:\/\/weltlaeden.de\/gelnhausen\/?s={search_term_string}"},"query-input":{"@type":"PropertyValueSpecification","valueRequired":true,"valueName":"search_term_string"}}],"inLanguage":"de"}]}},"_links":{"self":[{"href":"https:\/\/weltlaeden.de\/gelnhausen\/wp-json\/wp\/v2\/pages\/582","targetHints":{"allow":["GET"]}}],"collection":[{"href":"https:\/\/weltlaeden.de\/gelnhausen\/wp-json\/wp\/v2\/pages"}],"about":[{"href":"https:\/\/weltlaeden.de\/gelnhausen\/wp-json\/wp\/v2\/types\/page"}],"author":[{"embeddable":true,"href":"https:\/\/weltlaeden.de\/gelnhausen\/wp-json\/wp\/v2\/users\/197"}],"replies":[{"embeddable":true,"href":"https:\/\/weltlaeden.de\/gelnhausen\/wp-json\/wp\/v2\/comments?post=582"}],"version-history":[{"count":12,"href":"https:\/\/weltlaeden.de\/gelnhausen\/wp-json\/wp\/v2\/pages\/582\/revisions"}],"predecessor-version":[{"id":1404,"href":"https:\/\/weltlaeden.de\/gelnhausen\/wp-json\/wp\/v2\/pages\/582\/revisions\/1404"}],"up":[{"embeddable":true,"href":"https:\/\/weltlaeden.de\/gelnhausen\/wp-json\/wp\/v2\/pages\/486"}],"wp:attachment":[{"href":"https:\/\/weltlaeden.de\/gelnhausen\/wp-json\/wp\/v2\/media?parent=582"}],"curies":[{"name":"wp","href":"https:\/\/api.w.org\/{rel}","templated":true}]}}