{"id":509,"date":"2020-06-25T15:42:28","date_gmt":"2020-06-25T13:42:28","guid":{"rendered":"https:\/\/weltlaeden.de\/gelnhausen\/fairer-handel\/fairtrade-town-gelnhausen\/"},"modified":"2025-03-27T20:03:58","modified_gmt":"2025-03-27T19:03:58","slug":"fairtrade-town-gelnhausen","status":"publish","type":"page","link":"https:\/\/weltlaeden.de\/gelnhausen\/fairer-handel\/fairtrade-town-gelnhausen\/","title":{"rendered":"Fairtrade Town Gelnhausen"},"content":{"rendered":"<h2 class=\"western\" style=\"text-align: center\"><b>\u00a0<img loading=\"lazy\" decoding=\"async\" class=\"alignnone size-medium wp-image-678\" src=\"https:\/\/weltlaeden.de\/gelnhausen\/wp-content\/uploads\/sites\/135\/2020\/07\/Logo-Fairtrade-Stadt-GN-neu-001-1-300x206.jpg\" alt=\"\" width=\"300\" height=\"206\" srcset=\"https:\/\/weltlaeden.de\/gelnhausen\/wp-content\/uploads\/sites\/135\/2020\/07\/Logo-Fairtrade-Stadt-GN-neu-001-1-300x206.jpg 300w, https:\/\/weltlaeden.de\/gelnhausen\/wp-content\/uploads\/sites\/135\/2020\/07\/Logo-Fairtrade-Stadt-GN-neu-001-1-768x528.jpg 768w, https:\/\/weltlaeden.de\/gelnhausen\/wp-content\/uploads\/sites\/135\/2020\/07\/Logo-Fairtrade-Stadt-GN-neu-001-1-1024x704.jpg 1024w, https:\/\/weltlaeden.de\/gelnhausen\/wp-content\/uploads\/sites\/135\/2020\/07\/Logo-Fairtrade-Stadt-GN-neu-001-1.jpg 1570w\" sizes=\"auto, (max-width: 300px) 100vw, 300px\" \/><\/b><\/h2>\n<h2 class=\"western\" style=\"text-align: center\"><b>Unsere Stadt engagiert sich<br \/>\n<\/b><\/h2>\n<h4 style=\"text-align: center\"><b>2011 wurde Gelnhausen von TransFair e.V. als Faire Stadt ausgezeichnet. <\/b><\/h4>\n<p>TransFair e.V. ist ein gemeinn\u00fctziger Verein, der Fairtrade in Deutschland repr\u00e4sentiert. Getragen von \u00fcber 35 Mitgliedsorganisationen aus den Bereichen Entwicklungszusammenarbeit, Jugend- und Sozialarbeit, politischer Arbeit, Konsum- und Finanzwesen, Bildung, Umwelt und Gesundheit ist er es, der das bekannte Fairtrade-Siegel f\u00fcr fair gehandelte Produkte vergibt, die den Anforderungen der internationalen Fairtrade-Standards gen\u00fcgen. 2002 hat er die Fairtrade-Towns Kampagne initiiert, um Akteure aus Handel, Politik und Zivilgesellschaft zusammen zu bringen f\u00fcr das gemeinsame Ziel, den Fairen Handel voranzubringen. Inzwischen gibt es weltweit \u00fcber 2000 Fairtrade-Towns in 36 L\u00e4ndern, in Deutschland sind es \u00fcber 700 St\u00e4dte und Gemeinden.<\/p>\n<p>Angeregt und unterst\u00fctzt vom Weltladen Gelnhausen hat die Stadt Gelnhausen die Bedingungen (siehe unten) f\u00fcr die jeweils f\u00fcr zwei Jahre g\u00fcltige Anerkennung zur Fairen Stadt mehr als erf\u00fcllt. Zahlreiche Akteure unterst\u00fctzen inzwischen den Fairen Handel und die Fairtrade-Town-Kampagne, so dass der Titel bisher regelm\u00e4\u00dfig erneuert werden konnte.<\/p>\n<p class=\"western\" style=\"text-align: left\">Weitere Informationen erhalten Sie \u00fcber den Weltladen Gelnhausen unter 06051-15177, \u00fcber die Steuerungsgruppe \u201eFairtrade-Stadt Gelnhausen\u201c, info@weltladen-gelnhausen.de und unter www.fairtrade-towns.de.<\/p>\n<p style=\"text-align: left\">Bitte wenden Sie sich an uns, wenn Sie Interesse an dieser Kampagne haben, bereits fair gehandelte Produkte anbieten oder in anderer Weise zum Thema \u201eFairer Handel\u201c aktiv sind.<\/p>\n<p><img loading=\"lazy\" decoding=\"async\" class=\"aligncenter wp-image-679 size-large\" src=\"https:\/\/weltlaeden.de\/gelnhausen\/wp-content\/uploads\/sites\/135\/2020\/07\/Steuerungsgruppe-1024x683.jpg\" alt=\"\" width=\"1024\" height=\"683\" \/><\/p>\n<h4><\/h4>\n<h4>Kurzfassung der 5 Bedingungen f\u00fcr die Anerkennung:<\/h4>\n<ul>\n<li>Die Kommune verabschiedet einen Ratsbeschluss zur Unterst\u00fctzung des fairen Handels und verwendet selbst fair gehandelten Kaffee und mindestens ein weiteres Produkt.<\/li>\n<\/ul>\n<ul>\n<li>Zur Koordination der Aktivit\u00e4ten wird eine Steuerungsgruppe gebildet, die aus mindestens einer Person aus Zivilgesellschaft, Politik und Wirtschaft besteht.<\/li>\n<\/ul>\n<ul>\n<li>Einzelhandel und Gastronomie bieten jeweils mindestens zwei Produkte aus fairem Handel an. Die Mindestanzahl der unterst\u00fctzenden Betriebe richtet sich nach der Einwohnerzahl.<\/li>\n<\/ul>\n<ul>\n<li>\u00d6ffentliche Einrichtungen wie Schulen, Kirchengemeinden und Vereine unterst\u00fctzen den fairen Handel durch \u00d6ffentlichkeitsarbeit und und das Angebote fairer gehandelter Produkte.<\/li>\n<\/ul>\n<ul>\n<li>Die Steuerungsgruppe macht \u00d6ffentlichkeitsarbeit, unter Anderem \u00fcber die lokalen Medien.<\/li>\n<\/ul>\n","protected":false},"excerpt":{"rendered":"<p>\u00a0 Unsere Stadt engagiert sich 2011 wurde Gelnhausen von TransFair e.V. als Faire Stadt ausgezeichnet. TransFair e.V. ist ein gemeinn\u00fctziger Verein, der Fairtrade in Deutschland repr\u00e4sentiert. Getragen von \u00fcber 35 Mitgliedsorganisationen aus den Bereichen Entwicklungszusammenarbeit, Jugend- und Sozialarbeit, politischer Arbeit, Konsum- und Finanzwesen, Bildung, Umwelt und Gesundheit ist er es, der das bekannte Fairtrade-Siegel f\u00fcr&hellip;<\/p>\n","protected":false},"author":197,"featured_media":652,"parent":218,"menu_order":1,"comment_status":"closed","ping_status":"closed","template":"","meta":{"footnotes":""},"class_list":["post-509","page","type-page","status-publish","has-post-thumbnail","hentry","description-off"],"yoast_head":"<!-- This site is optimized with the Yoast SEO plugin v26.8 - https:\/\/yoast.com\/product\/yoast-seo-wordpress\/ -->\n<title>Fairtrade Town Gelnhausen - Weltladen Gelnhausen<\/title>\n<meta name=\"robots\" content=\"index, follow, max-snippet:-1, max-image-preview:large, max-video-preview:-1\" \/>\n<link rel=\"canonical\" href=\"https:\/\/weltlaeden.de\/gelnhausen\/fairer-handel\/fairtrade-town-gelnhausen\/\" \/>\n<meta property=\"og:locale\" content=\"de_DE\" \/>\n<meta property=\"og:type\" content=\"article\" \/>\n<meta property=\"og:title\" content=\"Fairtrade Town Gelnhausen - Weltladen Gelnhausen\" \/>\n<meta property=\"og:description\" content=\"\u00a0 Unsere Stadt engagiert sich 2011 wurde Gelnhausen von TransFair e.V. als Faire Stadt ausgezeichnet. TransFair e.V. ist ein gemeinn\u00fctziger Verein, der Fairtrade in Deutschland repr\u00e4sentiert. Getragen von \u00fcber 35 Mitgliedsorganisationen aus den Bereichen Entwicklungszusammenarbeit, Jugend- und Sozialarbeit, politischer Arbeit, Konsum- und Finanzwesen, Bildung, Umwelt und Gesundheit ist er es, der das bekannte Fairtrade-Siegel f\u00fcr&hellip;\" \/>\n<meta property=\"og:url\" content=\"https:\/\/weltlaeden.de\/gelnhausen\/fairer-handel\/fairtrade-town-gelnhausen\/\" \/>\n<meta property=\"og:site_name\" content=\"Weltladen Gelnhausen\" \/>\n<meta property=\"article:modified_time\" content=\"2025-03-27T19:03:58+00:00\" \/>\n<meta property=\"og:image\" content=\"https:\/\/weltlaeden.de\/gelnhausen\/wp-content\/uploads\/sites\/135\/2020\/07\/Logo-Fairtrade-Stadt-GN-neu-001.jpg\" \/>\n\t<meta property=\"og:image:width\" content=\"1570\" \/>\n\t<meta property=\"og:image:height\" content=\"1079\" \/>\n\t<meta property=\"og:image:type\" content=\"image\/jpeg\" \/>\n<meta name=\"twitter:card\" content=\"summary_large_image\" \/>\n<meta name=\"twitter:label1\" content=\"Gesch\u00e4tzte Lesezeit\" \/>\n\t<meta name=\"twitter:data1\" content=\"3\u00a0Minuten\" \/>\n<script type=\"application\/ld+json\" class=\"yoast-schema-graph\">{\"@context\":\"https:\/\/schema.org\",\"@graph\":[{\"@type\":\"WebPage\",\"@id\":\"https:\/\/weltlaeden.de\/gelnhausen\/fairer-handel\/fairtrade-town-gelnhausen\/\",\"url\":\"https:\/\/weltlaeden.de\/gelnhausen\/fairer-handel\/fairtrade-town-gelnhausen\/\",\"name\":\"Fairtrade Town Gelnhausen - Weltladen Gelnhausen\",\"isPartOf\":{\"@id\":\"https:\/\/weltlaeden.de\/gelnhausen\/#website\"},\"primaryImageOfPage\":{\"@id\":\"https:\/\/weltlaeden.de\/gelnhausen\/fairer-handel\/fairtrade-town-gelnhausen\/#primaryimage\"},\"image\":{\"@id\":\"https:\/\/weltlaeden.de\/gelnhausen\/fairer-handel\/fairtrade-town-gelnhausen\/#primaryimage\"},\"thumbnailUrl\":\"https:\/\/weltlaeden.de\/gelnhausen\/wp-content\/uploads\/sites\/135\/2020\/07\/Logo-Fairtrade-Stadt-GN-neu-001.jpg\",\"datePublished\":\"2020-06-25T13:42:28+00:00\",\"dateModified\":\"2025-03-27T19:03:58+00:00\",\"breadcrumb\":{\"@id\":\"https:\/\/weltlaeden.de\/gelnhausen\/fairer-handel\/fairtrade-town-gelnhausen\/#breadcrumb\"},\"inLanguage\":\"de\",\"potentialAction\":[{\"@type\":\"ReadAction\",\"target\":[\"https:\/\/weltlaeden.de\/gelnhausen\/fairer-handel\/fairtrade-town-gelnhausen\/\"]}]},{\"@type\":\"ImageObject\",\"inLanguage\":\"de\",\"@id\":\"https:\/\/weltlaeden.de\/gelnhausen\/fairer-handel\/fairtrade-town-gelnhausen\/#primaryimage\",\"url\":\"https:\/\/weltlaeden.de\/gelnhausen\/wp-content\/uploads\/sites\/135\/2020\/07\/Logo-Fairtrade-Stadt-GN-neu-001.jpg\",\"contentUrl\":\"https:\/\/weltlaeden.de\/gelnhausen\/wp-content\/uploads\/sites\/135\/2020\/07\/Logo-Fairtrade-Stadt-GN-neu-001.jpg\",\"width\":1570,\"height\":1079},{\"@type\":\"BreadcrumbList\",\"@id\":\"https:\/\/weltlaeden.de\/gelnhausen\/fairer-handel\/fairtrade-town-gelnhausen\/#breadcrumb\",\"itemListElement\":[{\"@type\":\"ListItem\",\"position\":1,\"name\":\"Startseite\",\"item\":\"https:\/\/weltlaeden.de\/gelnhausen\/\"},{\"@type\":\"ListItem\",\"position\":2,\"name\":\"Fairer Handel\",\"item\":\"https:\/\/weltlaeden.de\/gelnhausen\/fairer-handel\/\"},{\"@type\":\"ListItem\",\"position\":3,\"name\":\"Fairtrade Town Gelnhausen\"}]},{\"@type\":\"WebSite\",\"@id\":\"https:\/\/weltlaeden.de\/gelnhausen\/#website\",\"url\":\"https:\/\/weltlaeden.de\/gelnhausen\/\",\"name\":\"Weltladen Gelnhausen\",\"description\":\"Faire Produkte seit 1981\",\"potentialAction\":[{\"@type\":\"SearchAction\",\"target\":{\"@type\":\"EntryPoint\",\"urlTemplate\":\"https:\/\/weltlaeden.de\/gelnhausen\/?s={search_term_string}\"},\"query-input\":{\"@type\":\"PropertyValueSpecification\",\"valueRequired\":true,\"valueName\":\"search_term_string\"}}],\"inLanguage\":\"de\"}]}<\/script>\n<!-- \/ Yoast SEO plugin. -->","yoast_head_json":{"title":"Fairtrade Town Gelnhausen - Weltladen Gelnhausen","robots":{"index":"index","follow":"follow","max-snippet":"max-snippet:-1","max-image-preview":"max-image-preview:large","max-video-preview":"max-video-preview:-1"},"canonical":"https:\/\/weltlaeden.de\/gelnhausen\/fairer-handel\/fairtrade-town-gelnhausen\/","og_locale":"de_DE","og_type":"article","og_title":"Fairtrade Town Gelnhausen - Weltladen Gelnhausen","og_description":"\u00a0 Unsere Stadt engagiert sich 2011 wurde Gelnhausen von TransFair e.V. als Faire Stadt ausgezeichnet. TransFair e.V. ist ein gemeinn\u00fctziger Verein, der Fairtrade in Deutschland repr\u00e4sentiert. Getragen von \u00fcber 35 Mitgliedsorganisationen aus den Bereichen Entwicklungszusammenarbeit, Jugend- und Sozialarbeit, politischer Arbeit, Konsum- und Finanzwesen, Bildung, Umwelt und Gesundheit ist er es, der das bekannte Fairtrade-Siegel f\u00fcr&hellip;","og_url":"https:\/\/weltlaeden.de\/gelnhausen\/fairer-handel\/fairtrade-town-gelnhausen\/","og_site_name":"Weltladen Gelnhausen","article_modified_time":"2025-03-27T19:03:58+00:00","og_image":[{"width":1570,"height":1079,"url":"https:\/\/weltlaeden.de\/gelnhausen\/wp-content\/uploads\/sites\/135\/2020\/07\/Logo-Fairtrade-Stadt-GN-neu-001.jpg","type":"image\/jpeg"}],"twitter_card":"summary_large_image","twitter_misc":{"Gesch\u00e4tzte Lesezeit":"3\u00a0Minuten"},"schema":{"@context":"https:\/\/schema.org","@graph":[{"@type":"WebPage","@id":"https:\/\/weltlaeden.de\/gelnhausen\/fairer-handel\/fairtrade-town-gelnhausen\/","url":"https:\/\/weltlaeden.de\/gelnhausen\/fairer-handel\/fairtrade-town-gelnhausen\/","name":"Fairtrade Town Gelnhausen - Weltladen Gelnhausen","isPartOf":{"@id":"https:\/\/weltlaeden.de\/gelnhausen\/#website"},"primaryImageOfPage":{"@id":"https:\/\/weltlaeden.de\/gelnhausen\/fairer-handel\/fairtrade-town-gelnhausen\/#primaryimage"},"image":{"@id":"https:\/\/weltlaeden.de\/gelnhausen\/fairer-handel\/fairtrade-town-gelnhausen\/#primaryimage"},"thumbnailUrl":"https:\/\/weltlaeden.de\/gelnhausen\/wp-content\/uploads\/sites\/135\/2020\/07\/Logo-Fairtrade-Stadt-GN-neu-001.jpg","datePublished":"2020-06-25T13:42:28+00:00","dateModified":"2025-03-27T19:03:58+00:00","breadcrumb":{"@id":"https:\/\/weltlaeden.de\/gelnhausen\/fairer-handel\/fairtrade-town-gelnhausen\/#breadcrumb"},"inLanguage":"de","potentialAction":[{"@type":"ReadAction","target":["https:\/\/weltlaeden.de\/gelnhausen\/fairer-handel\/fairtrade-town-gelnhausen\/"]}]},{"@type":"ImageObject","inLanguage":"de","@id":"https:\/\/weltlaeden.de\/gelnhausen\/fairer-handel\/fairtrade-town-gelnhausen\/#primaryimage","url":"https:\/\/weltlaeden.de\/gelnhausen\/wp-content\/uploads\/sites\/135\/2020\/07\/Logo-Fairtrade-Stadt-GN-neu-001.jpg","contentUrl":"https:\/\/weltlaeden.de\/gelnhausen\/wp-content\/uploads\/sites\/135\/2020\/07\/Logo-Fairtrade-Stadt-GN-neu-001.jpg","width":1570,"height":1079},{"@type":"BreadcrumbList","@id":"https:\/\/weltlaeden.de\/gelnhausen\/fairer-handel\/fairtrade-town-gelnhausen\/#breadcrumb","itemListElement":[{"@type":"ListItem","position":1,"name":"Startseite","item":"https:\/\/weltlaeden.de\/gelnhausen\/"},{"@type":"ListItem","position":2,"name":"Fairer Handel","item":"https:\/\/weltlaeden.de\/gelnhausen\/fairer-handel\/"},{"@type":"ListItem","position":3,"name":"Fairtrade Town Gelnhausen"}]},{"@type":"WebSite","@id":"https:\/\/weltlaeden.de\/gelnhausen\/#website","url":"https:\/\/weltlaeden.de\/gelnhausen\/","name":"Weltladen Gelnhausen","description":"Faire Produkte seit 1981","potentialAction":[{"@type":"SearchAction","target":{"@type":"EntryPoint","urlTemplate":"https:\/\/weltlaeden.de\/gelnhausen\/?s={search_term_string}"},"query-input":{"@type":"PropertyValueSpecification","valueRequired":true,"valueName":"search_term_string"}}],"inLanguage":"de"}]}},"_links":{"self":[{"href":"https:\/\/weltlaeden.de\/gelnhausen\/wp-json\/wp\/v2\/pages\/509","targetHints":{"allow":["GET"]}}],"collection":[{"href":"https:\/\/weltlaeden.de\/gelnhausen\/wp-json\/wp\/v2\/pages"}],"about":[{"href":"https:\/\/weltlaeden.de\/gelnhausen\/wp-json\/wp\/v2\/types\/page"}],"author":[{"embeddable":true,"href":"https:\/\/weltlaeden.de\/gelnhausen\/wp-json\/wp\/v2\/users\/197"}],"replies":[{"embeddable":true,"href":"https:\/\/weltlaeden.de\/gelnhausen\/wp-json\/wp\/v2\/comments?post=509"}],"version-history":[{"count":24,"href":"https:\/\/weltlaeden.de\/gelnhausen\/wp-json\/wp\/v2\/pages\/509\/revisions"}],"predecessor-version":[{"id":1402,"href":"https:\/\/weltlaeden.de\/gelnhausen\/wp-json\/wp\/v2\/pages\/509\/revisions\/1402"}],"up":[{"embeddable":true,"href":"https:\/\/weltlaeden.de\/gelnhausen\/wp-json\/wp\/v2\/pages\/218"}],"wp:featuredmedia":[{"embeddable":true,"href":"https:\/\/weltlaeden.de\/gelnhausen\/wp-json\/wp\/v2\/media\/652"}],"wp:attachment":[{"href":"https:\/\/weltlaeden.de\/gelnhausen\/wp-json\/wp\/v2\/media?parent=509"}],"curies":[{"name":"wp","href":"https:\/\/api.w.org\/{rel}","templated":true}]}}