{"id":482,"date":"2019-03-03T11:59:20","date_gmt":"2019-03-03T10:59:20","guid":{"rendered":"https:\/\/weltlaeden.de\/geislingen\/?page_id=482"},"modified":"2020-01-04T18:05:46","modified_gmt":"2020-01-04T17:05:46","slug":"nachhaltige-produkte","status":"publish","type":"page","link":"https:\/\/weltlaeden.de\/geislingen\/nachhaltige-produkte\/","title":{"rendered":"Nachhaltige Produkte"},"content":{"rendered":"<div class=\"wpb-content-wrapper\"><p>[vc_row][vc_column][vc_column_text]Nachhaltige Produkte sind wegweisend f\u00fcr eine lebensbejahende Zukunft. Deshalb sieht sich der Weltladen Geislingen, in \u00dcbereinstimmung mit der Weltladenkonvention, zuehmend als Fachhandel f\u00fcr nachhaltige Produkte.<\/p>\n<p>Wir bieten zur Zeit:<\/p>\n<ul>\n<li>Zahnb\u00fcrsten aus Bambus, feste Zahnpasta ohne Kunststoffverpackung, waschbare Abschminkt\u00fccher, Haarseife ohne Kunststoffverpackung, sowie weitere Kosmetikartikel ohne Umverpackung, <a href=\"http:\/\/www.hydrophil.com\" target=\"_blank\" rel=\"noopener\">www.hydrophil.com<\/a><\/li>\n<li>Sonnengl\u00e4ser <a href=\"http:\/\/www.sonnenglas.net\" target=\"_blank\" rel=\"noopener\">www.sonnenglas.net<\/a><\/li>\n<li>gewachste Baumwollt\u00fccher zum Frischhalten, <a href=\"http:\/\/www.wildwaxtuch.de\" target=\"_blank\" rel=\"noopener\">www.wildwaxtuch.de<\/a><\/li>\n<li>Soulbottles zur Vermeidung von PET Flaschen, <a href=\"http:\/\/www.soulbottles.de\" target=\"_blank\" rel=\"noopener\">www.soulbottles.de<\/a><\/li>\n<li>Vesperdosen und andere Geschirrteile aus Kunststoff, der mit dem Abfallprodukt Rohrzuckermelasse hergestellt wird statt aus Erd\u00f6l, <a href=\"http:\/\/www.ajaa.de\">www.ajaa.de<\/a><\/li>\n<li>Kaffebecher &#8222;to-go&#8220; aus Bambus, Melamin und Silikon zum Wiederverwenden<\/li>\n<\/ul>\n<p>[\/vc_column_text][\/vc_column][\/vc_row][vc_row][vc_column]<div class=\"wl_einzelbild\"><p><\/p><\/div><div class=\"wl_einzelbild\"><p><img loading=\"lazy\" decoding=\"async\" class=\"alignnone size-medium wp-image-546\" src=\"https:\/\/weltlaeden.de\/geislingen\/wp-content\/uploads\/sites\/73\/2019\/05\/P1030975-300x225.jpg\" alt=\"\" width=\"300\" height=\"225\" srcset=\"https:\/\/weltlaeden.de\/geislingen\/wp-content\/uploads\/sites\/73\/2019\/05\/P1030975-300x225.jpg 300w, https:\/\/weltlaeden.de\/geislingen\/wp-content\/uploads\/sites\/73\/2019\/05\/P1030975-768x576.jpg 768w, https:\/\/weltlaeden.de\/geislingen\/wp-content\/uploads\/sites\/73\/2019\/05\/P1030975-1024x768.jpg 1024w\" sizes=\"auto, (max-width: 300px) 100vw, 300px\" \/><img loading=\"lazy\" decoding=\"async\" class=\"alignnone size-medium wp-image-547\" src=\"https:\/\/weltlaeden.de\/geislingen\/wp-content\/uploads\/sites\/73\/2019\/05\/P1030976-300x225.jpg\" alt=\"\" width=\"300\" height=\"225\" srcset=\"https:\/\/weltlaeden.de\/geislingen\/wp-content\/uploads\/sites\/73\/2019\/05\/P1030976-300x225.jpg 300w, https:\/\/weltlaeden.de\/geislingen\/wp-content\/uploads\/sites\/73\/2019\/05\/P1030976-768x576.jpg 768w, https:\/\/weltlaeden.de\/geislingen\/wp-content\/uploads\/sites\/73\/2019\/05\/P1030976-1024x768.jpg 1024w\" sizes=\"auto, (max-width: 300px) 100vw, 300px\" \/><\/p><\/div>[\/vc_column][\/vc_row][vc_row][vc_column]<div class=\"wl_einzelbild\"><p><img loading=\"lazy\" decoding=\"async\" class=\"alignnone size-medium wp-image-454\" src=\"https:\/\/weltlaeden.de\/geislingen\/wp-content\/uploads\/sites\/73\/2019\/02\/P1030968-300x225.jpg\" alt=\"\" width=\"300\" height=\"225\" srcset=\"https:\/\/weltlaeden.de\/geislingen\/wp-content\/uploads\/sites\/73\/2019\/02\/P1030968-300x225.jpg 300w, https:\/\/weltlaeden.de\/geislingen\/wp-content\/uploads\/sites\/73\/2019\/02\/P1030968-768x576.jpg 768w, https:\/\/weltlaeden.de\/geislingen\/wp-content\/uploads\/sites\/73\/2019\/02\/P1030968-1024x768.jpg 1024w\" sizes=\"auto, (max-width: 300px) 100vw, 300px\" \/><img loading=\"lazy\" decoding=\"async\" class=\"alignnone size-medium wp-image-445\" src=\"https:\/\/weltlaeden.de\/geislingen\/wp-content\/uploads\/sites\/73\/2019\/02\/P1030958-e1555360145621-225x300.jpg\" alt=\"\" width=\"225\" height=\"300\" srcset=\"https:\/\/weltlaeden.de\/geislingen\/wp-content\/uploads\/sites\/73\/2019\/02\/P1030958-e1555360145621-225x300.jpg 225w, https:\/\/weltlaeden.de\/geislingen\/wp-content\/uploads\/sites\/73\/2019\/02\/P1030958-e1555360145621-768x1024.jpg 768w\" sizes=\"auto, (max-width: 225px) 100vw, 225px\" \/><\/p><\/div>[\/vc_column][\/vc_row]<\/p>\n<\/div>","protected":false},"excerpt":{"rendered":"<p>[vc_row][vc_column][vc_column_text]Nachhaltige Produkte sind wegweisend f\u00fcr eine lebensbejahende Zukunft. Deshalb sieht sich der Weltladen Geislingen, in \u00dcbereinstimmung mit der Weltladenkonvention, zuehmend als Fachhandel f\u00fcr nachhaltige Produkte. Wir bieten zur Zeit: Zahnb\u00fcrsten aus Bambus, feste Zahnpasta ohne Kunststoffverpackung, waschbare Abschminkt\u00fccher, Haarseife ohne Kunststoffverpackung, sowie weitere Kosmetikartikel ohne Umverpackung, www.hydrophil.com Sonnengl\u00e4ser www.sonnenglas.net gewachste Baumwollt\u00fccher zum Frischhalten, www.wildwaxtuch.de Soulbottles&hellip;<\/p>\n","protected":false},"author":112,"featured_media":546,"parent":0,"menu_order":3,"comment_status":"closed","ping_status":"closed","template":"","meta":{"footnotes":""},"class_list":["post-482","page","type-page","status-publish","has-post-thumbnail","hentry","description-off"],"yoast_head":"<!-- This site is optimized with the Yoast SEO plugin v26.8 - https:\/\/yoast.com\/product\/yoast-seo-wordpress\/ -->\n<title>Nachhaltige Produkte - Weltladen Geislingen<\/title>\n<meta name=\"robots\" content=\"index, follow, max-snippet:-1, max-image-preview:large, max-video-preview:-1\" \/>\n<link rel=\"canonical\" href=\"https:\/\/weltlaeden.de\/geislingen\/nachhaltige-produkte\/\" \/>\n<meta property=\"og:locale\" content=\"de_DE\" \/>\n<meta property=\"og:type\" content=\"article\" \/>\n<meta property=\"og:title\" content=\"Nachhaltige Produkte - Weltladen Geislingen\" \/>\n<meta property=\"og:description\" content=\"[vc_row][vc_column][vc_column_text]Nachhaltige Produkte sind wegweisend f\u00fcr eine lebensbejahende Zukunft. Deshalb sieht sich der Weltladen Geislingen, in \u00dcbereinstimmung mit der Weltladenkonvention, zuehmend als Fachhandel f\u00fcr nachhaltige Produkte. Wir bieten zur Zeit: Zahnb\u00fcrsten aus Bambus, feste Zahnpasta ohne Kunststoffverpackung, waschbare Abschminkt\u00fccher, Haarseife ohne Kunststoffverpackung, sowie weitere Kosmetikartikel ohne Umverpackung, www.hydrophil.com Sonnengl\u00e4ser www.sonnenglas.net gewachste Baumwollt\u00fccher zum Frischhalten, www.wildwaxtuch.de Soulbottles&hellip;\" \/>\n<meta property=\"og:url\" content=\"https:\/\/weltlaeden.de\/geislingen\/nachhaltige-produkte\/\" \/>\n<meta property=\"og:site_name\" content=\"Weltladen Geislingen\" \/>\n<meta property=\"article:modified_time\" content=\"2020-01-04T17:05:46+00:00\" \/>\n<meta property=\"og:image\" content=\"https:\/\/weltlaeden.de\/geislingen\/wp-content\/uploads\/sites\/73\/2019\/05\/P1030975-1024x768.jpg\" \/>\n\t<meta property=\"og:image:width\" content=\"1024\" \/>\n\t<meta property=\"og:image:height\" content=\"768\" \/>\n\t<meta property=\"og:image:type\" content=\"image\/jpeg\" \/>\n<meta name=\"twitter:card\" content=\"summary_large_image\" \/>\n<meta name=\"twitter:label1\" content=\"Gesch\u00e4tzte Lesezeit\" \/>\n\t<meta name=\"twitter:data1\" content=\"1\u00a0Minute\" \/>\n<script type=\"application\/ld+json\" class=\"yoast-schema-graph\">{\"@context\":\"https:\/\/schema.org\",\"@graph\":[{\"@type\":\"WebPage\",\"@id\":\"https:\/\/weltlaeden.de\/geislingen\/nachhaltige-produkte\/\",\"url\":\"https:\/\/weltlaeden.de\/geislingen\/nachhaltige-produkte\/\",\"name\":\"Nachhaltige Produkte - Weltladen Geislingen\",\"isPartOf\":{\"@id\":\"https:\/\/weltlaeden.de\/geislingen\/#website\"},\"primaryImageOfPage\":{\"@id\":\"https:\/\/weltlaeden.de\/geislingen\/nachhaltige-produkte\/#primaryimage\"},\"image\":{\"@id\":\"https:\/\/weltlaeden.de\/geislingen\/nachhaltige-produkte\/#primaryimage\"},\"thumbnailUrl\":\"https:\/\/weltlaeden.de\/geislingen\/wp-content\/uploads\/sites\/73\/2019\/05\/P1030975.jpg\",\"datePublished\":\"2019-03-03T10:59:20+00:00\",\"dateModified\":\"2020-01-04T17:05:46+00:00\",\"breadcrumb\":{\"@id\":\"https:\/\/weltlaeden.de\/geislingen\/nachhaltige-produkte\/#breadcrumb\"},\"inLanguage\":\"de\",\"potentialAction\":[{\"@type\":\"ReadAction\",\"target\":[\"https:\/\/weltlaeden.de\/geislingen\/nachhaltige-produkte\/\"]}]},{\"@type\":\"ImageObject\",\"inLanguage\":\"de\",\"@id\":\"https:\/\/weltlaeden.de\/geislingen\/nachhaltige-produkte\/#primaryimage\",\"url\":\"https:\/\/weltlaeden.de\/geislingen\/wp-content\/uploads\/sites\/73\/2019\/05\/P1030975.jpg\",\"contentUrl\":\"https:\/\/weltlaeden.de\/geislingen\/wp-content\/uploads\/sites\/73\/2019\/05\/P1030975.jpg\",\"width\":4896,\"height\":3672},{\"@type\":\"BreadcrumbList\",\"@id\":\"https:\/\/weltlaeden.de\/geislingen\/nachhaltige-produkte\/#breadcrumb\",\"itemListElement\":[{\"@type\":\"ListItem\",\"position\":1,\"name\":\"Startseite\",\"item\":\"https:\/\/weltlaeden.de\/geislingen\/\"},{\"@type\":\"ListItem\",\"position\":2,\"name\":\"Nachhaltige Produkte\"}]},{\"@type\":\"WebSite\",\"@id\":\"https:\/\/weltlaeden.de\/geislingen\/#website\",\"url\":\"https:\/\/weltlaeden.de\/geislingen\/\",\"name\":\"Weltladen Geislingen\",\"description\":\"Fair gehandelte Produkte\",\"potentialAction\":[{\"@type\":\"SearchAction\",\"target\":{\"@type\":\"EntryPoint\",\"urlTemplate\":\"https:\/\/weltlaeden.de\/geislingen\/?s={search_term_string}\"},\"query-input\":{\"@type\":\"PropertyValueSpecification\",\"valueRequired\":true,\"valueName\":\"search_term_string\"}}],\"inLanguage\":\"de\"}]}<\/script>\n<!-- \/ Yoast SEO plugin. -->","yoast_head_json":{"title":"Nachhaltige Produkte - Weltladen Geislingen","robots":{"index":"index","follow":"follow","max-snippet":"max-snippet:-1","max-image-preview":"max-image-preview:large","max-video-preview":"max-video-preview:-1"},"canonical":"https:\/\/weltlaeden.de\/geislingen\/nachhaltige-produkte\/","og_locale":"de_DE","og_type":"article","og_title":"Nachhaltige Produkte - Weltladen Geislingen","og_description":"[vc_row][vc_column][vc_column_text]Nachhaltige Produkte sind wegweisend f\u00fcr eine lebensbejahende Zukunft. Deshalb sieht sich der Weltladen Geislingen, in \u00dcbereinstimmung mit der Weltladenkonvention, zuehmend als Fachhandel f\u00fcr nachhaltige Produkte. Wir bieten zur Zeit: Zahnb\u00fcrsten aus Bambus, feste Zahnpasta ohne Kunststoffverpackung, waschbare Abschminkt\u00fccher, Haarseife ohne Kunststoffverpackung, sowie weitere Kosmetikartikel ohne Umverpackung, www.hydrophil.com Sonnengl\u00e4ser www.sonnenglas.net gewachste Baumwollt\u00fccher zum Frischhalten, www.wildwaxtuch.de Soulbottles&hellip;","og_url":"https:\/\/weltlaeden.de\/geislingen\/nachhaltige-produkte\/","og_site_name":"Weltladen Geislingen","article_modified_time":"2020-01-04T17:05:46+00:00","og_image":[{"width":1024,"height":768,"url":"https:\/\/weltlaeden.de\/geislingen\/wp-content\/uploads\/sites\/73\/2019\/05\/P1030975-1024x768.jpg","type":"image\/jpeg"}],"twitter_card":"summary_large_image","twitter_misc":{"Gesch\u00e4tzte Lesezeit":"1\u00a0Minute"},"schema":{"@context":"https:\/\/schema.org","@graph":[{"@type":"WebPage","@id":"https:\/\/weltlaeden.de\/geislingen\/nachhaltige-produkte\/","url":"https:\/\/weltlaeden.de\/geislingen\/nachhaltige-produkte\/","name":"Nachhaltige Produkte - Weltladen Geislingen","isPartOf":{"@id":"https:\/\/weltlaeden.de\/geislingen\/#website"},"primaryImageOfPage":{"@id":"https:\/\/weltlaeden.de\/geislingen\/nachhaltige-produkte\/#primaryimage"},"image":{"@id":"https:\/\/weltlaeden.de\/geislingen\/nachhaltige-produkte\/#primaryimage"},"thumbnailUrl":"https:\/\/weltlaeden.de\/geislingen\/wp-content\/uploads\/sites\/73\/2019\/05\/P1030975.jpg","datePublished":"2019-03-03T10:59:20+00:00","dateModified":"2020-01-04T17:05:46+00:00","breadcrumb":{"@id":"https:\/\/weltlaeden.de\/geislingen\/nachhaltige-produkte\/#breadcrumb"},"inLanguage":"de","potentialAction":[{"@type":"ReadAction","target":["https:\/\/weltlaeden.de\/geislingen\/nachhaltige-produkte\/"]}]},{"@type":"ImageObject","inLanguage":"de","@id":"https:\/\/weltlaeden.de\/geislingen\/nachhaltige-produkte\/#primaryimage","url":"https:\/\/weltlaeden.de\/geislingen\/wp-content\/uploads\/sites\/73\/2019\/05\/P1030975.jpg","contentUrl":"https:\/\/weltlaeden.de\/geislingen\/wp-content\/uploads\/sites\/73\/2019\/05\/P1030975.jpg","width":4896,"height":3672},{"@type":"BreadcrumbList","@id":"https:\/\/weltlaeden.de\/geislingen\/nachhaltige-produkte\/#breadcrumb","itemListElement":[{"@type":"ListItem","position":1,"name":"Startseite","item":"https:\/\/weltlaeden.de\/geislingen\/"},{"@type":"ListItem","position":2,"name":"Nachhaltige Produkte"}]},{"@type":"WebSite","@id":"https:\/\/weltlaeden.de\/geislingen\/#website","url":"https:\/\/weltlaeden.de\/geislingen\/","name":"Weltladen Geislingen","description":"Fair gehandelte Produkte","potentialAction":[{"@type":"SearchAction","target":{"@type":"EntryPoint","urlTemplate":"https:\/\/weltlaeden.de\/geislingen\/?s={search_term_string}"},"query-input":{"@type":"PropertyValueSpecification","valueRequired":true,"valueName":"search_term_string"}}],"inLanguage":"de"}]}},"_links":{"self":[{"href":"https:\/\/weltlaeden.de\/geislingen\/wp-json\/wp\/v2\/pages\/482","targetHints":{"allow":["GET"]}}],"collection":[{"href":"https:\/\/weltlaeden.de\/geislingen\/wp-json\/wp\/v2\/pages"}],"about":[{"href":"https:\/\/weltlaeden.de\/geislingen\/wp-json\/wp\/v2\/types\/page"}],"author":[{"embeddable":true,"href":"https:\/\/weltlaeden.de\/geislingen\/wp-json\/wp\/v2\/users\/112"}],"replies":[{"embeddable":true,"href":"https:\/\/weltlaeden.de\/geislingen\/wp-json\/wp\/v2\/comments?post=482"}],"version-history":[{"count":17,"href":"https:\/\/weltlaeden.de\/geislingen\/wp-json\/wp\/v2\/pages\/482\/revisions"}],"predecessor-version":[{"id":588,"href":"https:\/\/weltlaeden.de\/geislingen\/wp-json\/wp\/v2\/pages\/482\/revisions\/588"}],"wp:featuredmedia":[{"embeddable":true,"href":"https:\/\/weltlaeden.de\/geislingen\/wp-json\/wp\/v2\/media\/546"}],"wp:attachment":[{"href":"https:\/\/weltlaeden.de\/geislingen\/wp-json\/wp\/v2\/media?parent=482"}],"curies":[{"name":"wp","href":"https:\/\/api.w.org\/{rel}","templated":true}]}}