{"id":23,"date":"2016-10-14T09:05:21","date_gmt":"2016-10-14T07:05:21","guid":{"rendered":"https:\/\/wl.heimpixel.de\/vorlage\/termine\/"},"modified":"2019-06-06T15:41:29","modified_gmt":"2019-06-06T13:41:29","slug":"termine","status":"publish","type":"page","link":"https:\/\/weltlaeden.de\/geislingen\/termine\/","title":{"rendered":"Termine"},"content":{"rendered":"<div class=\"wpb-content-wrapper\"><p>[vc_row][vc_column]<div class=\"wl_einzelbild\"><p><img loading=\"lazy\" decoding=\"async\" class=\"alignnone size-medium wp-image-440\" src=\"https:\/\/weltlaeden.de\/geislingen\/wp-content\/uploads\/sites\/73\/2019\/02\/P1030953-300x225.jpg\" alt=\"\" width=\"300\" height=\"225\" srcset=\"https:\/\/weltlaeden.de\/geislingen\/wp-content\/uploads\/sites\/73\/2019\/02\/P1030953-300x225.jpg 300w, https:\/\/weltlaeden.de\/geislingen\/wp-content\/uploads\/sites\/73\/2019\/02\/P1030953-768x576.jpg 768w, https:\/\/weltlaeden.de\/geislingen\/wp-content\/uploads\/sites\/73\/2019\/02\/P1030953-1024x768.jpg 1024w\" sizes=\"auto, (max-width: 300px) 100vw, 300px\" \/><\/p><\/div>[vc_empty_space height=&#8220;30px&#8220;][vc_column_text]<\/p>\n<h1>Termine<\/h1>\n<h4><\/h4>\n<p>[\/vc_column_text][vc_empty_space height=&#8220;30px&#8220;][\/vc_column][\/vc_row][vc_row][vc_column width=&#8220;2\/3&#8243;][vc_column_text]<\/p>\n<h2>Kommende Termine<\/h2>\n<p>[\/vc_column_text]<ul class=\"termine-page current aktuell\">[vc_empty_space height=&#8220;30px&#8220;][vc_column_text]<\/p>\n<h2>Vergangene Termine<\/h2>\n<p>[\/vc_column_text]<ul class=\"termine-page past vergangen\"><li><h5 class=\"termine-titel\"><a href=\"https:\/\/weltlaeden.de\/geislingen\/termin\/weltladentag-2\/\">Weltladentag<\/a><\/h5><p class=\"termine-date\">Fr., 26.04.2024, 09:26<\/p><p class=\"termine-auszug\">Am 11. Mai ist wieder weltweiter Weltladentag. An diesem Tag startet die Aktion \"F\u00fcr Klimasch\u00e4den Verantwortung \u00fcbernehmen\". Mehr dazu am Weltladenjubil\u00e4umsfest 29. Juni 2024.<\/li><li><h5 class=\"termine-titel\"><a href=\"https:\/\/weltlaeden.de\/geislingen\/termin\/weltladenjubilaeum\/\">Weltladenjubil\u00e4um<\/a><\/h5><p class=\"termine-date\">Fr., 26.04.2024, 09:17<\/p><p class=\"termine-auszug\">Am Samstag, 29. Juni 2024. 12 bis 17 Uhr. Feier vor dem Weltladen, Schubartstra\u00dfe 9, 73312 Geislingen<\/li><li><h5 class=\"termine-titel\"><a href=\"https:\/\/weltlaeden.de\/geislingen\/termin\/aktion-zum-weltladentag-2022\/\">Aktion zum Weltladentag 2022<\/a><\/h5><p class=\"termine-date\">Di., 29.03.2022 bis 22.05.2022<\/p><p class=\"termine-auszug\">In der Fu\u00dfg\u00e4ngerzone Geislingen. Installationen zu Produkten aus fairem Handel.<\/li><li><h5 class=\"termine-titel\"><a href=\"https:\/\/weltlaeden.de\/geislingen\/termin\/weltladensitzung-online\/\">Weltladensitzung online<\/a><\/h5><p class=\"termine-date\">Mi., 10.11.2021, 20:00<\/p><p class=\"termine-auszug\">am 10. November 2021, 20 Uhr.<\/li><li><h5 class=\"termine-titel\"><a href=\"https:\/\/weltlaeden.de\/geislingen\/termin\/hand-in-hand-fuer-menschenrechte\/\">Hand-in-Hand f\u00fcr Menschenrechte<\/a><\/h5><p class=\"termine-date\">Sa., 18.09.2021, 12:00<\/p><p class=\"termine-auszug\">Veranstaltung im Rahmen der \"fairen Woche\" Der Weltladen und alle Interessierten und Unterst\u00fctzer*innen sind eingeladen an der Menschenkette teilzunehmen. Die Menschenkette geht durch ganz Europa, sie soll von 12 bis 12:30 Uhr so weit wie m\u00f6glich geschlossen werden. Im Weltladen wird ab sofort Kaffee mit dem Logo und f\u00fcr die Aktion verkauft.<\/li><li><h5 class=\"termine-titel\"><a href=\"https:\/\/weltlaeden.de\/geislingen\/termin\/weltgebetstag-zu-surinam\/\">Weltgebetstag Simbabwe<\/a><\/h5><p class=\"termine-date\">Fr., 06.03.2020, 18:00<\/p><p class=\"termine-auszug\">Um 15 Uhr im Gemeindezentrum St. Elisabeth der Katholischen Kirchengemeinde Geislingen\/Seebach. Kaffe\/Tee, Kuchen\/Snacks und L\u00e4nderinfos mit Fotos f\u00fcr alle. Um 16 Uhr Weltgebetstags Gottesdienst in der Kirche St. Johannes. Nach dem Gottesdienst Verkauf von fair gehandelten Waren durch Weltladenmitarbeiterinnen. Um 18.30 Uhr findet der Gottesdienst in Eybach statt.<\/li><li><h5 class=\"termine-titel\"><a href=\"https:\/\/weltlaeden.de\/geislingen\/termin\/jahresessen\/\">Jahresessen<\/a><\/h5><p class=\"termine-date\">Do., 23.01.2020, 18:30<\/p><p class=\"termine-auszug\">F\u00fcr alle Aktiven im Weltladen ein gemeinsames Essen<\/li><li><h5 class=\"termine-titel\"><a href=\"https:\/\/weltlaeden.de\/geislingen\/termin\/winterbetriebsferien\/\">Winterbetriebsferien<\/a><\/h5><p class=\"termine-date\">Mo., 06.01.2020, 23:00<\/p><p class=\"termine-auszug\">Der Weltladen macht Winterferien bis 6. Januar 2020. Am 7. Januar um 10 Uhr \u00f6ffenen wir wieder.<\/li><li><h5 class=\"termine-titel\"><a href=\"https:\/\/weltlaeden.de\/geislingen\/termin\/weltladensitzung-4\/\">Weltladensitzung<\/a><\/h5><p class=\"termine-date\">Do., 17.10.2019, 20:00<\/p><p class=\"termine-auszug\"><\/li><li><h5 class=\"termine-titel\"><a href=\"https:\/\/weltlaeden.de\/geislingen\/termin\/coffee-day\/\">coffee day<\/a><\/h5><p class=\"termine-date\">Di., 01.10.2019, 10:00<\/p><p class=\"termine-auszug\"><\/li><li><h5 class=\"termine-titel\"><a href=\"https:\/\/weltlaeden.de\/geislingen\/termin\/aktionstag-zur-fairen-woche\/\">Aktionstag zur FAIREN WOCHE<\/a><\/h5><p class=\"termine-date\">Sa., 21.09.2019, 10:00<\/p><p class=\"termine-auszug\">Die FAIRE WOCHE fokusiert dieses Jahr das Thema Geschlechtergerechtigkeit. Der Faire Handel will entlang der ganzen Lieferkette mehr Geschlechtergerechtigkeit schaffen. Das hei\u00dft F\u00f6rderung der Frauen in Kooperativen der Lieferanten sowie Lohnangleichung hier bei allen Angestellten. Dazu sollen an diesem Tag f\u00fcr Frauen 3 ausgew\u00e4hlte Produkte 10 % g\u00fcnstiger sein. Jede*r Kund*in kann sich in die online Petition f\u00fcr eine Gesetzgebung zu mehr Gerechtigkeit, Umweltschutz und Arbeitssicherheit in allen Teilen der Welt im Weltladen eintragen.<\/li><li><h5 class=\"termine-titel\"><a href=\"https:\/\/weltlaeden.de\/geislingen\/termin\/sommerfest-im-gruenen\/\">Sommerfest im Gr\u00fcnen<\/a><\/h5><p class=\"termine-date\">Fr., 26.07.2019, 19:30<\/p><p class=\"termine-auszug\">Wir sind wieder mal eingeladen, unser Sommerfest in Amstetten zu feiern. Jede bringt etwas zum Essen oder Trinken mit f\u00fcr ein spannendes appetitliches B\u00fcffet. Eventuell kann Prisca Bilder von ihrer gro\u00dfen Reise zeigen.<\/li><li><h5 class=\"termine-titel\"><a href=\"https:\/\/weltlaeden.de\/geislingen\/termin\/weltladensitzung-3\/\">Weltladensitzung<\/a><\/h5><p class=\"termine-date\">Do., 27.06.2019, 20:00<\/p><p class=\"termine-auszug\"><\/li><li><h5 class=\"termine-titel\"><a href=\"https:\/\/weltlaeden.de\/geislingen\/termin\/nachhaltig-leben-in-geislingen\/\">Nachhaltig leben in Geislingen<\/a><\/h5><p class=\"termine-date\">Mi., 26.06.2019, 19:30<\/p><p class=\"termine-auszug\">Sitzung in der Stadtb\u00fccherei mit Referentin<\/li><li><h5 class=\"termine-titel\"><a href=\"https:\/\/weltlaeden.de\/geislingen\/termin\/geburtstagsfest-10-jahre-weltladen-in-der-schubartstrasse\/\">Geburtstagsfest 10 Jahre Weltladen in der Schubartstra\u00dfe<\/a><\/h5><p class=\"termine-date\">Sa., 18.05.2019, 12:00<\/p><p class=\"termine-auszug\">in und vor dem Weltladen. Es gibt H\u00e4ppchen und Getr\u00e4nke, u.a. aus dem Weltladensortiment. Wir gestalten eine \"Kleidertauschb\u00f6rse\" an der jede*r Besucher*in bis zu 10 sch\u00f6ne, gut erhaltene Kleidungsst\u00fccke in \"neue\" umtauschen kann. Es spielt auf die Stra\u00dfenmusikband \"Konrads Spezialorchester\" gegen 17 Uhr. Die Band spielt ohne Gage und sammelt ausschlie\u00dflich f\u00fcr die Aktion \"1 Million gegen rechts\", siehe auch <a href=\"http:\/\/offensivbuero.de\/eine-million-gegen-rechts\/\">http:\/\/offensivbuero.de\/eine-million-gegen-rechts\/<\/a> . Au\u00dferdem gilt an dem ganzen Verkaufstag 10 % Rabatt auf Kunsthandwerk im Weltladen. Wir freuen uns auf alle Geislinger*innen, bis bald im WELTLADEN!<\/li><li><h5 class=\"termine-titel\"><a href=\"https:\/\/weltlaeden.de\/geislingen\/termin\/weltadensitzung\/\">Weltadensitzung<\/a><\/h5><p class=\"termine-date\">Mi., 15.05.2019, 20:00<\/p><p class=\"termine-auszug\">im Weltladen<\/li><li><h5 class=\"termine-titel\"><a href=\"https:\/\/weltlaeden.de\/geislingen\/termin\/weltladentag\/\">Weltladentag<\/a><\/h5><p class=\"termine-date\">Sa., 11.05.2019, 10:00<\/p><p class=\"termine-auszug\">Am 11. Mai ist der Weltladentag wir feiern den Weltladentag am 18. Mai mit unserem Geburtstagsfest zum 10j\u00e4hrigen Bestehen in der Schubartstra\u00dfe<\/li><li><h5 class=\"termine-titel\"><a href=\"https:\/\/weltlaeden.de\/geislingen\/termin\/jahreshauptversammlung-des-ak-eine-welt\/\">Jahreshauptversammlung des AK Eine Welt<\/a><\/h5><p class=\"termine-date\">Do., 11.04.2019, 20:00<\/p><p class=\"termine-auszug\">im Weltladen<\/li><li><h5 class=\"termine-titel\"><a href=\"https:\/\/weltlaeden.de\/geislingen\/termin\/weltladensitzung\/\">Weltladensitzung<\/a><\/h5><p class=\"termine-date\">Fr., 15.03.2019, 20:00<\/p><p class=\"termine-auszug\">im Weltladen<\/li><li><h5 class=\"termine-titel\"><a href=\"https:\/\/weltlaeden.de\/geislingen\/termin\/weltladensitzung-2\/\">Weltladensitzung<\/a><\/h5><p class=\"termine-date\">Fr., 15.03.2019, 20:00<\/p><p class=\"termine-auszug\">im Weltladen<\/li><\/ul>[\/vc_column][\/vc_row]<\/p>\n<\/div>","protected":false},"excerpt":{"rendered":"<p>[vc_row][vc_column][vc_empty_space height=&#8220;30px&#8220;][vc_column_text] Termine [\/vc_column_text][vc_empty_space height=&#8220;30px&#8220;][\/vc_column][\/vc_row][vc_row][vc_column width=&#8220;2\/3&#8243;][vc_column_text] Kommende Termine [\/vc_column_text][vc_empty_space height=&#8220;30px&#8220;][vc_column_text] Vergangene Termine [\/vc_column_text][\/vc_column][\/vc_row]<\/p>\n","protected":false},"author":1,"featured_media":440,"parent":0,"menu_order":7,"comment_status":"closed","ping_status":"closed","template":"","meta":{"footnotes":""},"class_list":["post-23","page","type-page","status-publish","has-post-thumbnail","hentry","description-off"],"yoast_head":"<!-- This site is optimized with the Yoast SEO plugin v26.8 - https:\/\/yoast.com\/product\/yoast-seo-wordpress\/ -->\n<title>Termine - Weltladen Geislingen<\/title>\n<meta name=\"robots\" content=\"index, follow, max-snippet:-1, max-image-preview:large, max-video-preview:-1\" \/>\n<link rel=\"canonical\" href=\"https:\/\/weltlaeden.de\/geislingen\/termine\/\" \/>\n<meta property=\"og:locale\" content=\"de_DE\" \/>\n<meta property=\"og:type\" content=\"article\" \/>\n<meta property=\"og:title\" content=\"Termine - Weltladen Geislingen\" \/>\n<meta property=\"og:description\" content=\"[vc_row][vc_column][vc_empty_space height=&#8220;30px&#8220;][vc_column_text] Termine [\/vc_column_text][vc_empty_space height=&#8220;30px&#8220;][\/vc_column][\/vc_row][vc_row][vc_column width=&#8220;2\/3&#8243;][vc_column_text] Kommende Termine [\/vc_column_text][vc_empty_space height=&#8220;30px&#8220;][vc_column_text] Vergangene Termine [\/vc_column_text][\/vc_column][\/vc_row]\" \/>\n<meta property=\"og:url\" content=\"https:\/\/weltlaeden.de\/geislingen\/termine\/\" \/>\n<meta property=\"og:site_name\" content=\"Weltladen Geislingen\" \/>\n<meta property=\"article:modified_time\" content=\"2019-06-06T13:41:29+00:00\" \/>\n<meta property=\"og:image\" content=\"https:\/\/weltlaeden.de\/geislingen\/wp-content\/uploads\/sites\/73\/2019\/02\/P1030953-1024x768.jpg\" \/>\n\t<meta property=\"og:image:width\" content=\"1024\" \/>\n\t<meta property=\"og:image:height\" content=\"768\" \/>\n\t<meta property=\"og:image:type\" content=\"image\/jpeg\" \/>\n<meta name=\"twitter:card\" content=\"summary_large_image\" \/>\n<script type=\"application\/ld+json\" class=\"yoast-schema-graph\">{\"@context\":\"https:\/\/schema.org\",\"@graph\":[{\"@type\":\"WebPage\",\"@id\":\"https:\/\/weltlaeden.de\/geislingen\/termine\/\",\"url\":\"https:\/\/weltlaeden.de\/geislingen\/termine\/\",\"name\":\"Termine - Weltladen Geislingen\",\"isPartOf\":{\"@id\":\"https:\/\/weltlaeden.de\/geislingen\/#website\"},\"primaryImageOfPage\":{\"@id\":\"https:\/\/weltlaeden.de\/geislingen\/termine\/#primaryimage\"},\"image\":{\"@id\":\"https:\/\/weltlaeden.de\/geislingen\/termine\/#primaryimage\"},\"thumbnailUrl\":\"https:\/\/weltlaeden.de\/geislingen\/wp-content\/uploads\/sites\/73\/2019\/02\/P1030953.jpg\",\"datePublished\":\"2016-10-14T07:05:21+00:00\",\"dateModified\":\"2019-06-06T13:41:29+00:00\",\"breadcrumb\":{\"@id\":\"https:\/\/weltlaeden.de\/geislingen\/termine\/#breadcrumb\"},\"inLanguage\":\"de\",\"potentialAction\":[{\"@type\":\"ReadAction\",\"target\":[\"https:\/\/weltlaeden.de\/geislingen\/termine\/\"]}]},{\"@type\":\"ImageObject\",\"inLanguage\":\"de\",\"@id\":\"https:\/\/weltlaeden.de\/geislingen\/termine\/#primaryimage\",\"url\":\"https:\/\/weltlaeden.de\/geislingen\/wp-content\/uploads\/sites\/73\/2019\/02\/P1030953.jpg\",\"contentUrl\":\"https:\/\/weltlaeden.de\/geislingen\/wp-content\/uploads\/sites\/73\/2019\/02\/P1030953.jpg\",\"width\":4896,\"height\":3672},{\"@type\":\"BreadcrumbList\",\"@id\":\"https:\/\/weltlaeden.de\/geislingen\/termine\/#breadcrumb\",\"itemListElement\":[{\"@type\":\"ListItem\",\"position\":1,\"name\":\"Startseite\",\"item\":\"https:\/\/weltlaeden.de\/geislingen\/\"},{\"@type\":\"ListItem\",\"position\":2,\"name\":\"Termine\"}]},{\"@type\":\"WebSite\",\"@id\":\"https:\/\/weltlaeden.de\/geislingen\/#website\",\"url\":\"https:\/\/weltlaeden.de\/geislingen\/\",\"name\":\"Weltladen Geislingen\",\"description\":\"Fair gehandelte Produkte\",\"potentialAction\":[{\"@type\":\"SearchAction\",\"target\":{\"@type\":\"EntryPoint\",\"urlTemplate\":\"https:\/\/weltlaeden.de\/geislingen\/?s={search_term_string}\"},\"query-input\":{\"@type\":\"PropertyValueSpecification\",\"valueRequired\":true,\"valueName\":\"search_term_string\"}}],\"inLanguage\":\"de\"}]}<\/script>\n<!-- \/ Yoast SEO plugin. -->","yoast_head_json":{"title":"Termine - Weltladen Geislingen","robots":{"index":"index","follow":"follow","max-snippet":"max-snippet:-1","max-image-preview":"max-image-preview:large","max-video-preview":"max-video-preview:-1"},"canonical":"https:\/\/weltlaeden.de\/geislingen\/termine\/","og_locale":"de_DE","og_type":"article","og_title":"Termine - Weltladen Geislingen","og_description":"[vc_row][vc_column][vc_empty_space height=&#8220;30px&#8220;][vc_column_text] Termine [\/vc_column_text][vc_empty_space height=&#8220;30px&#8220;][\/vc_column][\/vc_row][vc_row][vc_column width=&#8220;2\/3&#8243;][vc_column_text] Kommende Termine [\/vc_column_text][vc_empty_space height=&#8220;30px&#8220;][vc_column_text] Vergangene Termine [\/vc_column_text][\/vc_column][\/vc_row]","og_url":"https:\/\/weltlaeden.de\/geislingen\/termine\/","og_site_name":"Weltladen Geislingen","article_modified_time":"2019-06-06T13:41:29+00:00","og_image":[{"width":1024,"height":768,"url":"https:\/\/weltlaeden.de\/geislingen\/wp-content\/uploads\/sites\/73\/2019\/02\/P1030953-1024x768.jpg","type":"image\/jpeg"}],"twitter_card":"summary_large_image","schema":{"@context":"https:\/\/schema.org","@graph":[{"@type":"WebPage","@id":"https:\/\/weltlaeden.de\/geislingen\/termine\/","url":"https:\/\/weltlaeden.de\/geislingen\/termine\/","name":"Termine - Weltladen Geislingen","isPartOf":{"@id":"https:\/\/weltlaeden.de\/geislingen\/#website"},"primaryImageOfPage":{"@id":"https:\/\/weltlaeden.de\/geislingen\/termine\/#primaryimage"},"image":{"@id":"https:\/\/weltlaeden.de\/geislingen\/termine\/#primaryimage"},"thumbnailUrl":"https:\/\/weltlaeden.de\/geislingen\/wp-content\/uploads\/sites\/73\/2019\/02\/P1030953.jpg","datePublished":"2016-10-14T07:05:21+00:00","dateModified":"2019-06-06T13:41:29+00:00","breadcrumb":{"@id":"https:\/\/weltlaeden.de\/geislingen\/termine\/#breadcrumb"},"inLanguage":"de","potentialAction":[{"@type":"ReadAction","target":["https:\/\/weltlaeden.de\/geislingen\/termine\/"]}]},{"@type":"ImageObject","inLanguage":"de","@id":"https:\/\/weltlaeden.de\/geislingen\/termine\/#primaryimage","url":"https:\/\/weltlaeden.de\/geislingen\/wp-content\/uploads\/sites\/73\/2019\/02\/P1030953.jpg","contentUrl":"https:\/\/weltlaeden.de\/geislingen\/wp-content\/uploads\/sites\/73\/2019\/02\/P1030953.jpg","width":4896,"height":3672},{"@type":"BreadcrumbList","@id":"https:\/\/weltlaeden.de\/geislingen\/termine\/#breadcrumb","itemListElement":[{"@type":"ListItem","position":1,"name":"Startseite","item":"https:\/\/weltlaeden.de\/geislingen\/"},{"@type":"ListItem","position":2,"name":"Termine"}]},{"@type":"WebSite","@id":"https:\/\/weltlaeden.de\/geislingen\/#website","url":"https:\/\/weltlaeden.de\/geislingen\/","name":"Weltladen Geislingen","description":"Fair gehandelte Produkte","potentialAction":[{"@type":"SearchAction","target":{"@type":"EntryPoint","urlTemplate":"https:\/\/weltlaeden.de\/geislingen\/?s={search_term_string}"},"query-input":{"@type":"PropertyValueSpecification","valueRequired":true,"valueName":"search_term_string"}}],"inLanguage":"de"}]}},"_links":{"self":[{"href":"https:\/\/weltlaeden.de\/geislingen\/wp-json\/wp\/v2\/pages\/23","targetHints":{"allow":["GET"]}}],"collection":[{"href":"https:\/\/weltlaeden.de\/geislingen\/wp-json\/wp\/v2\/pages"}],"about":[{"href":"https:\/\/weltlaeden.de\/geislingen\/wp-json\/wp\/v2\/types\/page"}],"author":[{"embeddable":true,"href":"https:\/\/weltlaeden.de\/geislingen\/wp-json\/wp\/v2\/users\/1"}],"replies":[{"embeddable":true,"href":"https:\/\/weltlaeden.de\/geislingen\/wp-json\/wp\/v2\/comments?post=23"}],"version-history":[{"count":17,"href":"https:\/\/weltlaeden.de\/geislingen\/wp-json\/wp\/v2\/pages\/23\/revisions"}],"predecessor-version":[{"id":564,"href":"https:\/\/weltlaeden.de\/geislingen\/wp-json\/wp\/v2\/pages\/23\/revisions\/564"}],"wp:featuredmedia":[{"embeddable":true,"href":"https:\/\/weltlaeden.de\/geislingen\/wp-json\/wp\/v2\/media\/440"}],"wp:attachment":[{"href":"https:\/\/weltlaeden.de\/geislingen\/wp-json\/wp\/v2\/media?parent=23"}],"curies":[{"name":"wp","href":"https:\/\/api.w.org\/{rel}","templated":true}]}}