{"id":219,"date":"2016-10-28T13:34:47","date_gmt":"2016-10-28T11:34:47","guid":{"rendered":"https:\/\/wl.heimpixel.de\/vorlage\/ueber-uns\/"},"modified":"2020-08-01T18:48:30","modified_gmt":"2020-08-01T16:48:30","slug":"ueber-uns","status":"publish","type":"page","link":"https:\/\/weltlaeden.de\/geislingen\/ueber-uns\/","title":{"rendered":"\u00dcber uns"},"content":{"rendered":"<div class=\"wpb-content-wrapper\"><p>[vc_row][vc_column]<div class=\"wl_einzelbild\"><p><img loading=\"lazy\" decoding=\"async\" class=\"alignnone size-medium wp-image-582\" src=\"https:\/\/weltlaeden.de\/geislingen\/wp-content\/uploads\/sites\/73\/2020\/01\/P1040579-300x225.jpg\" alt=\"\" width=\"300\" height=\"225\" srcset=\"https:\/\/weltlaeden.de\/geislingen\/wp-content\/uploads\/sites\/73\/2020\/01\/P1040579-300x225.jpg 300w, https:\/\/weltlaeden.de\/geislingen\/wp-content\/uploads\/sites\/73\/2020\/01\/P1040579-768x576.jpg 768w, https:\/\/weltlaeden.de\/geislingen\/wp-content\/uploads\/sites\/73\/2020\/01\/P1040579-1024x768.jpg 1024w, https:\/\/weltlaeden.de\/geislingen\/wp-content\/uploads\/sites\/73\/2020\/01\/P1040579.jpg 1920w\" sizes=\"auto, (max-width: 300px) 100vw, 300px\" \/> Die Aktiven im Weltladen Geislingen<\/p><\/div>[vc_empty_space][vc_column_text]<\/p>\n<h1>\u00dcber den Weltladen Geislingen<\/h1>\n<p>[\/vc_column_text][vc_column_text]Circa 10 Mitarbeiterinnen sorgen ehrenamtlich daf\u00fcr, dass der Weltladen t\u00e4glich ge\u00f6ffnet sein kann. 2009 sind wir umgezogen in dieses sch\u00f6ne Ladengesch\u00e4ft mit seinen gro\u00dfz\u00fcgigen Fenstern. Die Geislinger*innen und Besucher*innen der Stadt werden angezogen durch sch\u00f6ne Schaufenstergestaltung mit ansprechenden Produkten aus fairem Handel und nachhaltigem Wirtschaften.[\/vc_column_text][\/vc_column][\/vc_row][vc_row][vc_column][vc_empty_space][vc_column_text]<\/p>\n<h1>Mitmachen im Weltladen Geislingen<\/h1>\n<p>[\/vc_column_text][vc_column_text]<strong>Wir suchen<\/strong> Menschen, die Lust haben, sich ehrenamtlich zu engagieren. Der Weltladen steht f\u00fcr eine offene, transparente, \u00f6kologische und nachhaltige Form des Wirtschaftens.<\/p>\n<p>Zur Organisation der Laden- und \u00d6ffentlichkeitsarbeit treffen wir uns monatlich im Weltladen. Eine gute M\u00f6glichkeit, uns kennen zu lernen.<\/p>\n<p><strong>Wir bieten<\/strong> ein nettes Team aus engagierten Mitarbeiterinnen mit vielf\u00e4ltigen M\u00f6glichkeiten, sich selbst einzubringen. Eine Gemeinschaft, die sie herzlich aufnimmt, einarbeitet und bei Fragen zur Verf\u00fcgung steht. Es bestehen dar\u00fcberhinaus Fortbildungsm\u00f6glichkeiten nach ihren Interessen und Aufgaben.<\/p>\n<p><strong>Ansprechpartnerin:<\/strong><br \/>\nHeidi Klang-Meinzinger, Kontakt \u00fcber den Weltladen<\/p>\n<p><strong>Wir freuen uns auf sie!<\/strong>[\/vc_column_text][\/vc_column][\/vc_row]<\/p>\n<\/div>","protected":false},"excerpt":{"rendered":"<p>[vc_row][vc_column][vc_empty_space][vc_column_text] \u00dcber den Weltladen Geislingen [\/vc_column_text][vc_column_text]Circa 10 Mitarbeiterinnen sorgen ehrenamtlich daf\u00fcr, dass der Weltladen t\u00e4glich ge\u00f6ffnet sein kann. 2009 sind wir umgezogen in dieses sch\u00f6ne Ladengesch\u00e4ft mit seinen gro\u00dfz\u00fcgigen Fenstern. Die Geislinger*innen und Besucher*innen der Stadt werden angezogen durch sch\u00f6ne Schaufenstergestaltung mit ansprechenden Produkten aus fairem Handel und nachhaltigem Wirtschaften.[\/vc_column_text][\/vc_column][\/vc_row][vc_row][vc_column][vc_empty_space][vc_column_text] Mitmachen im Weltladen Geislingen [\/vc_column_text][vc_column_text]Wir&hellip;<\/p>\n","protected":false},"author":1,"featured_media":581,"parent":0,"menu_order":4,"comment_status":"closed","ping_status":"closed","template":"","meta":{"footnotes":""},"class_list":["post-219","page","type-page","status-publish","has-post-thumbnail","hentry","description-off"],"yoast_head":"<!-- This site is optimized with the Yoast SEO plugin v26.8 - https:\/\/yoast.com\/product\/yoast-seo-wordpress\/ -->\n<title>\u00dcber uns - Weltladen Geislingen<\/title>\n<meta name=\"robots\" content=\"index, follow, max-snippet:-1, max-image-preview:large, max-video-preview:-1\" \/>\n<link rel=\"canonical\" href=\"https:\/\/weltlaeden.de\/geislingen\/ueber-uns\/\" \/>\n<meta property=\"og:locale\" content=\"de_DE\" \/>\n<meta property=\"og:type\" content=\"article\" \/>\n<meta property=\"og:title\" content=\"\u00dcber uns - Weltladen Geislingen\" \/>\n<meta property=\"og:description\" content=\"[vc_row][vc_column][vc_empty_space][vc_column_text] \u00dcber den Weltladen Geislingen [\/vc_column_text][vc_column_text]Circa 10 Mitarbeiterinnen sorgen ehrenamtlich daf\u00fcr, dass der Weltladen t\u00e4glich ge\u00f6ffnet sein kann. 2009 sind wir umgezogen in dieses sch\u00f6ne Ladengesch\u00e4ft mit seinen gro\u00dfz\u00fcgigen Fenstern. Die Geislinger*innen und Besucher*innen der Stadt werden angezogen durch sch\u00f6ne Schaufenstergestaltung mit ansprechenden Produkten aus fairem Handel und nachhaltigem Wirtschaften.[\/vc_column_text][\/vc_column][\/vc_row][vc_row][vc_column][vc_empty_space][vc_column_text] Mitmachen im Weltladen Geislingen [\/vc_column_text][vc_column_text]Wir&hellip;\" \/>\n<meta property=\"og:url\" content=\"https:\/\/weltlaeden.de\/geislingen\/ueber-uns\/\" \/>\n<meta property=\"og:site_name\" content=\"Weltladen Geislingen\" \/>\n<meta property=\"article:modified_time\" content=\"2020-08-01T16:48:30+00:00\" \/>\n<meta property=\"og:image\" content=\"https:\/\/weltlaeden.de\/geislingen\/wp-content\/uploads\/sites\/73\/2020\/01\/P1040545.jpg\" \/>\n\t<meta property=\"og:image:width\" content=\"1920\" \/>\n\t<meta property=\"og:image:height\" content=\"1440\" \/>\n\t<meta property=\"og:image:type\" content=\"image\/jpeg\" \/>\n<meta name=\"twitter:card\" content=\"summary_large_image\" \/>\n<meta name=\"twitter:label1\" content=\"Gesch\u00e4tzte Lesezeit\" \/>\n\t<meta name=\"twitter:data1\" content=\"1\u00a0Minute\" \/>\n<script type=\"application\/ld+json\" class=\"yoast-schema-graph\">{\"@context\":\"https:\/\/schema.org\",\"@graph\":[{\"@type\":\"WebPage\",\"@id\":\"https:\/\/weltlaeden.de\/geislingen\/ueber-uns\/\",\"url\":\"https:\/\/weltlaeden.de\/geislingen\/ueber-uns\/\",\"name\":\"\u00dcber uns - Weltladen Geislingen\",\"isPartOf\":{\"@id\":\"https:\/\/weltlaeden.de\/geislingen\/#website\"},\"primaryImageOfPage\":{\"@id\":\"https:\/\/weltlaeden.de\/geislingen\/ueber-uns\/#primaryimage\"},\"image\":{\"@id\":\"https:\/\/weltlaeden.de\/geislingen\/ueber-uns\/#primaryimage\"},\"thumbnailUrl\":\"https:\/\/weltlaeden.de\/geislingen\/wp-content\/uploads\/sites\/73\/2020\/01\/P1040545.jpg\",\"datePublished\":\"2016-10-28T11:34:47+00:00\",\"dateModified\":\"2020-08-01T16:48:30+00:00\",\"breadcrumb\":{\"@id\":\"https:\/\/weltlaeden.de\/geislingen\/ueber-uns\/#breadcrumb\"},\"inLanguage\":\"de\",\"potentialAction\":[{\"@type\":\"ReadAction\",\"target\":[\"https:\/\/weltlaeden.de\/geislingen\/ueber-uns\/\"]}]},{\"@type\":\"ImageObject\",\"inLanguage\":\"de\",\"@id\":\"https:\/\/weltlaeden.de\/geislingen\/ueber-uns\/#primaryimage\",\"url\":\"https:\/\/weltlaeden.de\/geislingen\/wp-content\/uploads\/sites\/73\/2020\/01\/P1040545.jpg\",\"contentUrl\":\"https:\/\/weltlaeden.de\/geislingen\/wp-content\/uploads\/sites\/73\/2020\/01\/P1040545.jpg\",\"width\":1920,\"height\":1440},{\"@type\":\"BreadcrumbList\",\"@id\":\"https:\/\/weltlaeden.de\/geislingen\/ueber-uns\/#breadcrumb\",\"itemListElement\":[{\"@type\":\"ListItem\",\"position\":1,\"name\":\"Startseite\",\"item\":\"https:\/\/weltlaeden.de\/geislingen\/\"},{\"@type\":\"ListItem\",\"position\":2,\"name\":\"\u00dcber uns\"}]},{\"@type\":\"WebSite\",\"@id\":\"https:\/\/weltlaeden.de\/geislingen\/#website\",\"url\":\"https:\/\/weltlaeden.de\/geislingen\/\",\"name\":\"Weltladen Geislingen\",\"description\":\"Fair gehandelte Produkte\",\"potentialAction\":[{\"@type\":\"SearchAction\",\"target\":{\"@type\":\"EntryPoint\",\"urlTemplate\":\"https:\/\/weltlaeden.de\/geislingen\/?s={search_term_string}\"},\"query-input\":{\"@type\":\"PropertyValueSpecification\",\"valueRequired\":true,\"valueName\":\"search_term_string\"}}],\"inLanguage\":\"de\"}]}<\/script>\n<!-- \/ Yoast SEO plugin. -->","yoast_head_json":{"title":"\u00dcber uns - Weltladen Geislingen","robots":{"index":"index","follow":"follow","max-snippet":"max-snippet:-1","max-image-preview":"max-image-preview:large","max-video-preview":"max-video-preview:-1"},"canonical":"https:\/\/weltlaeden.de\/geislingen\/ueber-uns\/","og_locale":"de_DE","og_type":"article","og_title":"\u00dcber uns - Weltladen Geislingen","og_description":"[vc_row][vc_column][vc_empty_space][vc_column_text] \u00dcber den Weltladen Geislingen [\/vc_column_text][vc_column_text]Circa 10 Mitarbeiterinnen sorgen ehrenamtlich daf\u00fcr, dass der Weltladen t\u00e4glich ge\u00f6ffnet sein kann. 2009 sind wir umgezogen in dieses sch\u00f6ne Ladengesch\u00e4ft mit seinen gro\u00dfz\u00fcgigen Fenstern. Die Geislinger*innen und Besucher*innen der Stadt werden angezogen durch sch\u00f6ne Schaufenstergestaltung mit ansprechenden Produkten aus fairem Handel und nachhaltigem Wirtschaften.[\/vc_column_text][\/vc_column][\/vc_row][vc_row][vc_column][vc_empty_space][vc_column_text] Mitmachen im Weltladen Geislingen [\/vc_column_text][vc_column_text]Wir&hellip;","og_url":"https:\/\/weltlaeden.de\/geislingen\/ueber-uns\/","og_site_name":"Weltladen Geislingen","article_modified_time":"2020-08-01T16:48:30+00:00","og_image":[{"width":1920,"height":1440,"url":"https:\/\/weltlaeden.de\/geislingen\/wp-content\/uploads\/sites\/73\/2020\/01\/P1040545.jpg","type":"image\/jpeg"}],"twitter_card":"summary_large_image","twitter_misc":{"Gesch\u00e4tzte Lesezeit":"1\u00a0Minute"},"schema":{"@context":"https:\/\/schema.org","@graph":[{"@type":"WebPage","@id":"https:\/\/weltlaeden.de\/geislingen\/ueber-uns\/","url":"https:\/\/weltlaeden.de\/geislingen\/ueber-uns\/","name":"\u00dcber uns - Weltladen Geislingen","isPartOf":{"@id":"https:\/\/weltlaeden.de\/geislingen\/#website"},"primaryImageOfPage":{"@id":"https:\/\/weltlaeden.de\/geislingen\/ueber-uns\/#primaryimage"},"image":{"@id":"https:\/\/weltlaeden.de\/geislingen\/ueber-uns\/#primaryimage"},"thumbnailUrl":"https:\/\/weltlaeden.de\/geislingen\/wp-content\/uploads\/sites\/73\/2020\/01\/P1040545.jpg","datePublished":"2016-10-28T11:34:47+00:00","dateModified":"2020-08-01T16:48:30+00:00","breadcrumb":{"@id":"https:\/\/weltlaeden.de\/geislingen\/ueber-uns\/#breadcrumb"},"inLanguage":"de","potentialAction":[{"@type":"ReadAction","target":["https:\/\/weltlaeden.de\/geislingen\/ueber-uns\/"]}]},{"@type":"ImageObject","inLanguage":"de","@id":"https:\/\/weltlaeden.de\/geislingen\/ueber-uns\/#primaryimage","url":"https:\/\/weltlaeden.de\/geislingen\/wp-content\/uploads\/sites\/73\/2020\/01\/P1040545.jpg","contentUrl":"https:\/\/weltlaeden.de\/geislingen\/wp-content\/uploads\/sites\/73\/2020\/01\/P1040545.jpg","width":1920,"height":1440},{"@type":"BreadcrumbList","@id":"https:\/\/weltlaeden.de\/geislingen\/ueber-uns\/#breadcrumb","itemListElement":[{"@type":"ListItem","position":1,"name":"Startseite","item":"https:\/\/weltlaeden.de\/geislingen\/"},{"@type":"ListItem","position":2,"name":"\u00dcber uns"}]},{"@type":"WebSite","@id":"https:\/\/weltlaeden.de\/geislingen\/#website","url":"https:\/\/weltlaeden.de\/geislingen\/","name":"Weltladen Geislingen","description":"Fair gehandelte Produkte","potentialAction":[{"@type":"SearchAction","target":{"@type":"EntryPoint","urlTemplate":"https:\/\/weltlaeden.de\/geislingen\/?s={search_term_string}"},"query-input":{"@type":"PropertyValueSpecification","valueRequired":true,"valueName":"search_term_string"}}],"inLanguage":"de"}]}},"_links":{"self":[{"href":"https:\/\/weltlaeden.de\/geislingen\/wp-json\/wp\/v2\/pages\/219","targetHints":{"allow":["GET"]}}],"collection":[{"href":"https:\/\/weltlaeden.de\/geislingen\/wp-json\/wp\/v2\/pages"}],"about":[{"href":"https:\/\/weltlaeden.de\/geislingen\/wp-json\/wp\/v2\/types\/page"}],"author":[{"embeddable":true,"href":"https:\/\/weltlaeden.de\/geislingen\/wp-json\/wp\/v2\/users\/1"}],"replies":[{"embeddable":true,"href":"https:\/\/weltlaeden.de\/geislingen\/wp-json\/wp\/v2\/comments?post=219"}],"version-history":[{"count":16,"href":"https:\/\/weltlaeden.de\/geislingen\/wp-json\/wp\/v2\/pages\/219\/revisions"}],"predecessor-version":[{"id":636,"href":"https:\/\/weltlaeden.de\/geislingen\/wp-json\/wp\/v2\/pages\/219\/revisions\/636"}],"wp:featuredmedia":[{"embeddable":true,"href":"https:\/\/weltlaeden.de\/geislingen\/wp-json\/wp\/v2\/media\/581"}],"wp:attachment":[{"href":"https:\/\/weltlaeden.de\/geislingen\/wp-json\/wp\/v2\/media?parent=219"}],"curies":[{"name":"wp","href":"https:\/\/api.w.org\/{rel}","templated":true}]}}