{"id":217,"date":"2016-10-28T13:34:47","date_gmt":"2016-10-28T11:34:47","guid":{"rendered":"https:\/\/wl.heimpixel.de\/vorlage\/produkte\/"},"modified":"2020-08-01T18:42:18","modified_gmt":"2020-08-01T16:42:18","slug":"produkte","status":"publish","type":"page","link":"https:\/\/weltlaeden.de\/geislingen\/produkte\/","title":{"rendered":"Produkte"},"content":{"rendered":"<div class=\"wpb-content-wrapper\"><p>[vc_row][vc_column]<div class=\"wl_einzelbild\"><p><\/p><\/div>[vc_empty_space][vc_column_text]<\/p>\n<h1>Unser Sortiment<\/h1>\n<p>[\/vc_column_text][vc_column_text][\/vc_column_text][vc_empty_space][vc_row_inner][vc_column_inner width=&#8220;1\/2&#8243;][vc_column_text]<\/p>\n<h2>Lebensmittel<\/h2>\n<p>[\/vc_column_text]<div class=\"wl_einzelbild\"><p><img loading=\"lazy\" decoding=\"async\" class=\"size-medium wp-image-448\" src=\"https:\/\/weltlaeden.de\/geislingen\/wp-content\/uploads\/sites\/73\/2019\/02\/P1030961-300x225.jpg\" alt=\"\" width=\"300\" height=\"225\" srcset=\"https:\/\/weltlaeden.de\/geislingen\/wp-content\/uploads\/sites\/73\/2019\/02\/P1030961-300x225.jpg 300w, https:\/\/weltlaeden.de\/geislingen\/wp-content\/uploads\/sites\/73\/2019\/02\/P1030961-768x576.jpg 768w, https:\/\/weltlaeden.de\/geislingen\/wp-content\/uploads\/sites\/73\/2019\/02\/P1030961-1024x768.jpg 1024w\" sizes=\"auto, (max-width: 300px) 100vw, 300px\" \/><\/p>\n<p><img loading=\"lazy\" decoding=\"async\" class=\"alignnone size-medium wp-image-450\" src=\"https:\/\/weltlaeden.de\/geislingen\/wp-content\/uploads\/sites\/73\/2019\/02\/P1030963-300x225.jpg\" alt=\"\" width=\"300\" height=\"225\" srcset=\"https:\/\/weltlaeden.de\/geislingen\/wp-content\/uploads\/sites\/73\/2019\/02\/P1030963-300x225.jpg 300w, https:\/\/weltlaeden.de\/geislingen\/wp-content\/uploads\/sites\/73\/2019\/02\/P1030963-768x576.jpg 768w, https:\/\/weltlaeden.de\/geislingen\/wp-content\/uploads\/sites\/73\/2019\/02\/P1030963-1024x768.jpg 1024w\" sizes=\"auto, (max-width: 300px) 100vw, 300px\" \/><img loading=\"lazy\" decoding=\"async\" class=\"alignnone size-medium wp-image-453\" src=\"https:\/\/weltlaeden.de\/geislingen\/wp-content\/uploads\/sites\/73\/2019\/02\/P1030966-300x225.jpg\" alt=\"\" width=\"300\" height=\"225\" srcset=\"https:\/\/weltlaeden.de\/geislingen\/wp-content\/uploads\/sites\/73\/2019\/02\/P1030966-300x225.jpg 300w, https:\/\/weltlaeden.de\/geislingen\/wp-content\/uploads\/sites\/73\/2019\/02\/P1030966-768x576.jpg 768w, https:\/\/weltlaeden.de\/geislingen\/wp-content\/uploads\/sites\/73\/2019\/02\/P1030966-1024x768.jpg 1024w\" sizes=\"auto, (max-width: 300px) 100vw, 300px\" \/><\/p><\/div>[vc_column_text]Lebensmittel fair gehandelt, fast alle biologisch produziert und einige lokal. Wir bieten an<\/p>\n<ul style=\"list-style-type: square\">\n<li>Kaffeebohnen, Kaffe gemahlen, entkoffeiniert, Instant, Getreide, aus Nicaragua \/ Kolumbien \/ Papua Neuguinea und vieles mehr -&gt; kein Wunsch bleibt offen, Vielfalt gew\u00e4hrt<\/li>\n<li>Tee schwarz, gr\u00fcn, Kr\u00e4uter offen oder im Teebeutel<\/li>\n<li>Schokolade produziert in der Region, in Ecuador oder in Europa aus Kakao aus S\u00fcdamerika und Afrika<\/li>\n<li>Honig, Zucker, Reis, Quinoa und H\u00fclsenfr\u00fcchte f\u00fcr moderne Menschen, die sich bewusst ern\u00e4hren<\/li>\n<li>Kaugummi aus Pflanzensaft ohne Erd\u00f6l<\/li>\n<li>und vieles andere mehr, es gibt immer etwas zu entdecken in unserer Lebensmittel-Ecke<\/li>\n<\/ul>\n<p>[\/vc_column_text][\/vc_column_inner][vc_column_inner width=&#8220;1\/2&#8243;][vc_column_text]<\/p>\n<h2>Kunsthandwerk &amp; Textilien<\/h2>\n<p>[\/vc_column_text]<div class=\"wl_einzelbild\"><p><img loading=\"lazy\" decoding=\"async\" class=\"alignnone size-medium wp-image-491\" src=\"https:\/\/weltlaeden.de\/geislingen\/wp-content\/uploads\/sites\/73\/2019\/03\/P1030950-e1551811891414-225x300.jpg\" alt=\"\" width=\"225\" height=\"300\" srcset=\"https:\/\/weltlaeden.de\/geislingen\/wp-content\/uploads\/sites\/73\/2019\/03\/P1030950-e1551811891414-225x300.jpg 225w, https:\/\/weltlaeden.de\/geislingen\/wp-content\/uploads\/sites\/73\/2019\/03\/P1030950-e1551811891414-768x1024.jpg 768w\" sizes=\"auto, (max-width: 225px) 100vw, 225px\" \/><img loading=\"lazy\" decoding=\"async\" class=\"alignnone size-medium wp-image-444\" src=\"https:\/\/weltlaeden.de\/geislingen\/wp-content\/uploads\/sites\/73\/2019\/02\/P1030957-300x225.jpg\" alt=\"\" width=\"300\" height=\"225\" srcset=\"https:\/\/weltlaeden.de\/geislingen\/wp-content\/uploads\/sites\/73\/2019\/02\/P1030957-300x225.jpg 300w, https:\/\/weltlaeden.de\/geislingen\/wp-content\/uploads\/sites\/73\/2019\/02\/P1030957-768x576.jpg 768w, https:\/\/weltlaeden.de\/geislingen\/wp-content\/uploads\/sites\/73\/2019\/02\/P1030957-1024x768.jpg 1024w\" sizes=\"auto, (max-width: 300px) 100vw, 300px\" \/><img loading=\"lazy\" decoding=\"async\" class=\"alignnone size-medium wp-image-436\" src=\"https:\/\/weltlaeden.de\/geislingen\/wp-content\/uploads\/sites\/73\/2019\/02\/P1030949-e1552316462654-225x300.jpg\" alt=\"\" width=\"225\" height=\"300\" srcset=\"https:\/\/weltlaeden.de\/geislingen\/wp-content\/uploads\/sites\/73\/2019\/02\/P1030949-e1552316462654-225x300.jpg 225w, https:\/\/weltlaeden.de\/geislingen\/wp-content\/uploads\/sites\/73\/2019\/02\/P1030949-e1552316462654-768x1024.jpg 768w\" sizes=\"auto, (max-width: 225px) 100vw, 225px\" \/><img loading=\"lazy\" decoding=\"async\" class=\"alignnone size-medium wp-image-435\" src=\"https:\/\/weltlaeden.de\/geislingen\/wp-content\/uploads\/sites\/73\/2019\/02\/P1030948-300x225.jpg\" alt=\"\" width=\"300\" height=\"225\" srcset=\"https:\/\/weltlaeden.de\/geislingen\/wp-content\/uploads\/sites\/73\/2019\/02\/P1030948-300x225.jpg 300w, https:\/\/weltlaeden.de\/geislingen\/wp-content\/uploads\/sites\/73\/2019\/02\/P1030948-768x576.jpg 768w, https:\/\/weltlaeden.de\/geislingen\/wp-content\/uploads\/sites\/73\/2019\/02\/P1030948-1024x768.jpg 1024w\" sizes=\"auto, (max-width: 300px) 100vw, 300px\" \/><\/p><\/div>[vc_column_text]Kunsthandwerk aus aller Welt bereichert unser Leben. Bestickte Taschen aus Vietnam, handgestrickte Pulsw\u00e4rmer aus Peru, Recycling Taschen aus Baustellennetzen in Kambodscha gefertigt &#8211; es gibt viel Neues und Altbew\u00e4hrtes, was f\u00fcr uns in liebevoller Handarbeit oder halbmechanisch produziert wird.<\/p>\n<p>In Nepal sind die Frauen gewohnt mit w\u00e4rmender Wolle umzugehen. Sie erstellen wundersch\u00f6ne Filzblumen oder Girlanden.<\/p>\n<p>In \u00c4gypten werden Perlen-Drahtschn\u00fcre zu filigranen Sternen gedreht.<\/p>\n<p>In Vietnam werden alte LKW Reifen zu stabilen Tragetaschen verarbeitet.<\/p>\n<p>In Afrika werden bunte Perlen oder Metallst\u00fccke zu wundersch\u00f6nen Kunstwerken zusammengestellt.<\/p>\n<p>Aus El Salvador bekommen wir kreative Karten aus Bl\u00fctenbl\u00e4ttern.<\/p>\n<p>Die Vielfalt ist nicht zu beschreiben. Ein Besuch im Weltladen ist immer eine Entdeckungsreise um die ganze Welt. Und das Angebot ver\u00e4ndert sich st\u00e4ndig: Ein Blick herein lohnt sich[\/vc_column_text][\/vc_column_inner][\/vc_row_inner][\/vc_column][\/vc_row]<\/p>\n<\/div>","protected":false},"excerpt":{"rendered":"<p>[vc_row][vc_column][vc_empty_space][vc_column_text] Unser Sortiment [\/vc_column_text][vc_column_text][\/vc_column_text][vc_empty_space][vc_row_inner][vc_column_inner width=&#8220;1\/2&#8243;][vc_column_text] Lebensmittel [\/vc_column_text][vc_column_text]Lebensmittel fair gehandelt, fast alle biologisch produziert und einige lokal. Wir bieten an Kaffeebohnen, Kaffe gemahlen, entkoffeiniert, Instant, Getreide, aus Nicaragua \/ Kolumbien \/ Papua Neuguinea und vieles mehr -&gt; kein Wunsch bleibt offen, Vielfalt gew\u00e4hrt Tee schwarz, gr\u00fcn, Kr\u00e4uter offen oder im Teebeutel Schokolade produziert in der Region,&hellip;<\/p>\n","protected":false},"author":1,"featured_media":448,"parent":0,"menu_order":2,"comment_status":"closed","ping_status":"closed","template":"","meta":{"footnotes":""},"class_list":["post-217","page","type-page","status-publish","has-post-thumbnail","hentry","description-off"],"yoast_head":"<!-- This site is optimized with the Yoast SEO plugin v26.8 - https:\/\/yoast.com\/product\/yoast-seo-wordpress\/ -->\n<title>Produkte - Weltladen Geislingen<\/title>\n<meta name=\"description\" content=\"Lebensmittel und Kunsthandwerk aus fairem Handel\" \/>\n<meta name=\"robots\" content=\"index, follow, max-snippet:-1, max-image-preview:large, max-video-preview:-1\" \/>\n<link rel=\"canonical\" href=\"https:\/\/weltlaeden.de\/geislingen\/produkte\/\" \/>\n<meta property=\"og:locale\" content=\"de_DE\" \/>\n<meta property=\"og:type\" content=\"article\" \/>\n<meta property=\"og:title\" content=\"Produkte - Weltladen Geislingen\" \/>\n<meta property=\"og:description\" content=\"Lebensmittel und Kunsthandwerk aus fairem Handel\" \/>\n<meta property=\"og:url\" content=\"https:\/\/weltlaeden.de\/geislingen\/produkte\/\" \/>\n<meta property=\"og:site_name\" content=\"Weltladen Geislingen\" \/>\n<meta property=\"article:modified_time\" content=\"2020-08-01T16:42:18+00:00\" \/>\n<meta property=\"og:image\" content=\"https:\/\/weltlaeden.de\/geislingen\/wp-content\/uploads\/sites\/73\/2019\/02\/P1030961-1024x768.jpg\" \/>\n\t<meta property=\"og:image:width\" content=\"1024\" \/>\n\t<meta property=\"og:image:height\" content=\"768\" \/>\n\t<meta property=\"og:image:type\" content=\"image\/jpeg\" \/>\n<meta name=\"twitter:card\" content=\"summary_large_image\" \/>\n<meta name=\"twitter:label1\" content=\"Gesch\u00e4tzte Lesezeit\" \/>\n\t<meta name=\"twitter:data1\" content=\"2\u00a0Minuten\" \/>\n<script type=\"application\/ld+json\" class=\"yoast-schema-graph\">{\"@context\":\"https:\/\/schema.org\",\"@graph\":[{\"@type\":\"WebPage\",\"@id\":\"https:\/\/weltlaeden.de\/geislingen\/produkte\/\",\"url\":\"https:\/\/weltlaeden.de\/geislingen\/produkte\/\",\"name\":\"Produkte - Weltladen Geislingen\",\"isPartOf\":{\"@id\":\"https:\/\/weltlaeden.de\/geislingen\/#website\"},\"primaryImageOfPage\":{\"@id\":\"https:\/\/weltlaeden.de\/geislingen\/produkte\/#primaryimage\"},\"image\":{\"@id\":\"https:\/\/weltlaeden.de\/geislingen\/produkte\/#primaryimage\"},\"thumbnailUrl\":\"https:\/\/weltlaeden.de\/geislingen\/wp-content\/uploads\/sites\/73\/2019\/02\/P1030961.jpg\",\"datePublished\":\"2016-10-28T11:34:47+00:00\",\"dateModified\":\"2020-08-01T16:42:18+00:00\",\"description\":\"Lebensmittel und Kunsthandwerk aus fairem Handel\",\"breadcrumb\":{\"@id\":\"https:\/\/weltlaeden.de\/geislingen\/produkte\/#breadcrumb\"},\"inLanguage\":\"de\",\"potentialAction\":[{\"@type\":\"ReadAction\",\"target\":[\"https:\/\/weltlaeden.de\/geislingen\/produkte\/\"]}]},{\"@type\":\"ImageObject\",\"inLanguage\":\"de\",\"@id\":\"https:\/\/weltlaeden.de\/geislingen\/produkte\/#primaryimage\",\"url\":\"https:\/\/weltlaeden.de\/geislingen\/wp-content\/uploads\/sites\/73\/2019\/02\/P1030961.jpg\",\"contentUrl\":\"https:\/\/weltlaeden.de\/geislingen\/wp-content\/uploads\/sites\/73\/2019\/02\/P1030961.jpg\",\"width\":4896,\"height\":3672},{\"@type\":\"BreadcrumbList\",\"@id\":\"https:\/\/weltlaeden.de\/geislingen\/produkte\/#breadcrumb\",\"itemListElement\":[{\"@type\":\"ListItem\",\"position\":1,\"name\":\"Startseite\",\"item\":\"https:\/\/weltlaeden.de\/geislingen\/\"},{\"@type\":\"ListItem\",\"position\":2,\"name\":\"Produkte\"}]},{\"@type\":\"WebSite\",\"@id\":\"https:\/\/weltlaeden.de\/geislingen\/#website\",\"url\":\"https:\/\/weltlaeden.de\/geislingen\/\",\"name\":\"Weltladen Geislingen\",\"description\":\"Fair gehandelte Produkte\",\"potentialAction\":[{\"@type\":\"SearchAction\",\"target\":{\"@type\":\"EntryPoint\",\"urlTemplate\":\"https:\/\/weltlaeden.de\/geislingen\/?s={search_term_string}\"},\"query-input\":{\"@type\":\"PropertyValueSpecification\",\"valueRequired\":true,\"valueName\":\"search_term_string\"}}],\"inLanguage\":\"de\"}]}<\/script>\n<!-- \/ Yoast SEO plugin. -->","yoast_head_json":{"title":"Produkte - Weltladen Geislingen","description":"Lebensmittel und Kunsthandwerk aus fairem Handel","robots":{"index":"index","follow":"follow","max-snippet":"max-snippet:-1","max-image-preview":"max-image-preview:large","max-video-preview":"max-video-preview:-1"},"canonical":"https:\/\/weltlaeden.de\/geislingen\/produkte\/","og_locale":"de_DE","og_type":"article","og_title":"Produkte - Weltladen Geislingen","og_description":"Lebensmittel und Kunsthandwerk aus fairem Handel","og_url":"https:\/\/weltlaeden.de\/geislingen\/produkte\/","og_site_name":"Weltladen Geislingen","article_modified_time":"2020-08-01T16:42:18+00:00","og_image":[{"width":1024,"height":768,"url":"https:\/\/weltlaeden.de\/geislingen\/wp-content\/uploads\/sites\/73\/2019\/02\/P1030961-1024x768.jpg","type":"image\/jpeg"}],"twitter_card":"summary_large_image","twitter_misc":{"Gesch\u00e4tzte Lesezeit":"2\u00a0Minuten"},"schema":{"@context":"https:\/\/schema.org","@graph":[{"@type":"WebPage","@id":"https:\/\/weltlaeden.de\/geislingen\/produkte\/","url":"https:\/\/weltlaeden.de\/geislingen\/produkte\/","name":"Produkte - Weltladen Geislingen","isPartOf":{"@id":"https:\/\/weltlaeden.de\/geislingen\/#website"},"primaryImageOfPage":{"@id":"https:\/\/weltlaeden.de\/geislingen\/produkte\/#primaryimage"},"image":{"@id":"https:\/\/weltlaeden.de\/geislingen\/produkte\/#primaryimage"},"thumbnailUrl":"https:\/\/weltlaeden.de\/geislingen\/wp-content\/uploads\/sites\/73\/2019\/02\/P1030961.jpg","datePublished":"2016-10-28T11:34:47+00:00","dateModified":"2020-08-01T16:42:18+00:00","description":"Lebensmittel und Kunsthandwerk aus fairem Handel","breadcrumb":{"@id":"https:\/\/weltlaeden.de\/geislingen\/produkte\/#breadcrumb"},"inLanguage":"de","potentialAction":[{"@type":"ReadAction","target":["https:\/\/weltlaeden.de\/geislingen\/produkte\/"]}]},{"@type":"ImageObject","inLanguage":"de","@id":"https:\/\/weltlaeden.de\/geislingen\/produkte\/#primaryimage","url":"https:\/\/weltlaeden.de\/geislingen\/wp-content\/uploads\/sites\/73\/2019\/02\/P1030961.jpg","contentUrl":"https:\/\/weltlaeden.de\/geislingen\/wp-content\/uploads\/sites\/73\/2019\/02\/P1030961.jpg","width":4896,"height":3672},{"@type":"BreadcrumbList","@id":"https:\/\/weltlaeden.de\/geislingen\/produkte\/#breadcrumb","itemListElement":[{"@type":"ListItem","position":1,"name":"Startseite","item":"https:\/\/weltlaeden.de\/geislingen\/"},{"@type":"ListItem","position":2,"name":"Produkte"}]},{"@type":"WebSite","@id":"https:\/\/weltlaeden.de\/geislingen\/#website","url":"https:\/\/weltlaeden.de\/geislingen\/","name":"Weltladen Geislingen","description":"Fair gehandelte Produkte","potentialAction":[{"@type":"SearchAction","target":{"@type":"EntryPoint","urlTemplate":"https:\/\/weltlaeden.de\/geislingen\/?s={search_term_string}"},"query-input":{"@type":"PropertyValueSpecification","valueRequired":true,"valueName":"search_term_string"}}],"inLanguage":"de"}]}},"_links":{"self":[{"href":"https:\/\/weltlaeden.de\/geislingen\/wp-json\/wp\/v2\/pages\/217","targetHints":{"allow":["GET"]}}],"collection":[{"href":"https:\/\/weltlaeden.de\/geislingen\/wp-json\/wp\/v2\/pages"}],"about":[{"href":"https:\/\/weltlaeden.de\/geislingen\/wp-json\/wp\/v2\/types\/page"}],"author":[{"embeddable":true,"href":"https:\/\/weltlaeden.de\/geislingen\/wp-json\/wp\/v2\/users\/1"}],"replies":[{"embeddable":true,"href":"https:\/\/weltlaeden.de\/geislingen\/wp-json\/wp\/v2\/comments?post=217"}],"version-history":[{"count":16,"href":"https:\/\/weltlaeden.de\/geislingen\/wp-json\/wp\/v2\/pages\/217\/revisions"}],"predecessor-version":[{"id":635,"href":"https:\/\/weltlaeden.de\/geislingen\/wp-json\/wp\/v2\/pages\/217\/revisions\/635"}],"wp:featuredmedia":[{"embeddable":true,"href":"https:\/\/weltlaeden.de\/geislingen\/wp-json\/wp\/v2\/media\/448"}],"wp:attachment":[{"href":"https:\/\/weltlaeden.de\/geislingen\/wp-json\/wp\/v2\/media?parent=217"}],"curies":[{"name":"wp","href":"https:\/\/api.w.org\/{rel}","templated":true}]}}