{"id":20,"date":"2016-10-14T09:05:21","date_gmt":"2016-10-14T07:05:21","guid":{"rendered":"https:\/\/wl.heimpixel.de\/vorlage\/weltladen-musterdorf\/"},"modified":"2021-05-04T15:46:43","modified_gmt":"2021-05-04T13:46:43","slug":"weltladen-musterdorf","status":"publish","type":"page","link":"https:\/\/weltlaeden.de\/geislingen\/","title":{"rendered":"Weltladen Geislingen"},"content":{"rendered":"<div class=\"wpb-content-wrapper\"><p>[vc_row][vc_column]<div class=\"wl_einzelbild\"><p><img loading=\"lazy\" decoding=\"async\" class=\"alignnone size-medium wp-image-442\" src=\"https:\/\/weltlaeden.de\/geislingen\/wp-content\/uploads\/sites\/73\/2019\/02\/P1030955-300x225.jpg\" alt=\"\" width=\"300\" height=\"225\" srcset=\"https:\/\/weltlaeden.de\/geislingen\/wp-content\/uploads\/sites\/73\/2019\/02\/P1030955-300x225.jpg 300w, https:\/\/weltlaeden.de\/geislingen\/wp-content\/uploads\/sites\/73\/2019\/02\/P1030955-768x576.jpg 768w, https:\/\/weltlaeden.de\/geislingen\/wp-content\/uploads\/sites\/73\/2019\/02\/P1030955-1024x768.jpg 1024w\" sizes=\"auto, (max-width: 300px) 100vw, 300px\" \/><\/p><\/div>[vc_empty_space height=&#8220;20px&#8220;][\/vc_column][\/vc_row][vc_row][vc_column][vc_column_text]<\/p>\n<h1 style=\"text-align: left\">Willkommen im Weltladen Geislingen!<\/h1>\n<p>[\/vc_column_text][vc_column_text]Herzlich willkommen auf unserer Homepage. Hier werden Sie hier \u00fcber alle Veranstaltungen, Neuigkeiten und Angebote im Weltladen Geislingen informiert.<\/p>\n<p>Und erfahren alles \u00fcber den Fairen Handel, hier und global.[\/vc_column_text][vc_empty_space height=&#8220;30px&#8220;][\/vc_column][\/vc_row][vc_row][vc_column][vc_column_text]<\/p>\n<h2>Was Sie auf dieser Website finden:<\/h2>\n<p>[\/vc_column_text][vc_empty_space height=&#8220;20px&#8220;][vc_row_inner][vc_column_inner width=&#8220;1\/4&#8243;]<div class=\"wl_einzelbild\"><p><img loading=\"lazy\" decoding=\"async\" class=\"alignnone size-medium wp-image-435\" src=\"https:\/\/weltlaeden.de\/geislingen\/wp-content\/uploads\/sites\/73\/2019\/02\/P1030948-300x225.jpg\" alt=\"\" width=\"300\" height=\"225\" srcset=\"https:\/\/weltlaeden.de\/geislingen\/wp-content\/uploads\/sites\/73\/2019\/02\/P1030948-300x225.jpg 300w, https:\/\/weltlaeden.de\/geislingen\/wp-content\/uploads\/sites\/73\/2019\/02\/P1030948-768x576.jpg 768w, https:\/\/weltlaeden.de\/geislingen\/wp-content\/uploads\/sites\/73\/2019\/02\/P1030948-1024x768.jpg 1024w\" sizes=\"auto, (max-width: 300px) 100vw, 300px\" \/><\/p><\/div>[\/vc_column_inner][vc_column_inner width=&#8220;3\/4&#8243;][vc_column_text]<\/p>\n<h3>Fairer Handel<\/h3>\n<p>Was meint Fairer Handel \u00fcberhaupt? Welche Kriterien m\u00fcssen eingehalten werden und wer \u00fcberpr\u00fcft diese? <a href=\"https:\/\/weltlaeden.de\/geislingen\/fairer-handel\/\">Erfahren Sie mehr &#8230;<\/a>[\/vc_column_text][\/vc_column_inner][\/vc_row_inner][vc_separator][vc_row_inner][vc_column_inner width=&#8220;1\/4&#8243;]<div class=\"wl_einzelbild\"><p><img loading=\"lazy\" decoding=\"async\" class=\"alignnone size-medium wp-image-433\" src=\"https:\/\/weltlaeden.de\/geislingen\/wp-content\/uploads\/sites\/73\/2019\/02\/P1030946-300x225.jpg\" alt=\"\" width=\"300\" height=\"225\" srcset=\"https:\/\/weltlaeden.de\/geislingen\/wp-content\/uploads\/sites\/73\/2019\/02\/P1030946-300x225.jpg 300w, https:\/\/weltlaeden.de\/geislingen\/wp-content\/uploads\/sites\/73\/2019\/02\/P1030946-768x576.jpg 768w, https:\/\/weltlaeden.de\/geislingen\/wp-content\/uploads\/sites\/73\/2019\/02\/P1030946-1024x768.jpg 1024w\" sizes=\"auto, (max-width: 300px) 100vw, 300px\" \/><\/p><\/div>[\/vc_column_inner][vc_column_inner width=&#8220;3\/4&#8243;][vc_column_text]<\/p>\n<h3>Produkte<\/h3>\n<p>Unsere Produkte im Weltladen sind nat\u00fcrlich alle aus Fairem Handel, dennoch kommen sie von unterschiedlichen Fair-Handels-Importeuren. <a href=\"https:\/\/weltlaeden.de\/geislingen\/produkte\/\">Hier zeigen wir Ihnen unser Sortiment &#8230;<\/a>[\/vc_column_text][\/vc_column_inner][\/vc_row_inner][vc_separator][vc_row_inner][vc_column_inner width=&#8220;1\/4&#8243;]<div class=\"wl_einzelbild\"><p><img loading=\"lazy\" decoding=\"async\" class=\"alignnone size-medium wp-image-582\" src=\"https:\/\/weltlaeden.de\/geislingen\/wp-content\/uploads\/sites\/73\/2020\/01\/P1040579-300x225.jpg\" alt=\"\" width=\"300\" height=\"225\" srcset=\"https:\/\/weltlaeden.de\/geislingen\/wp-content\/uploads\/sites\/73\/2020\/01\/P1040579-300x225.jpg 300w, https:\/\/weltlaeden.de\/geislingen\/wp-content\/uploads\/sites\/73\/2020\/01\/P1040579-768x576.jpg 768w, https:\/\/weltlaeden.de\/geislingen\/wp-content\/uploads\/sites\/73\/2020\/01\/P1040579-1024x768.jpg 1024w, https:\/\/weltlaeden.de\/geislingen\/wp-content\/uploads\/sites\/73\/2020\/01\/P1040579.jpg 1920w\" sizes=\"auto, (max-width: 300px) 100vw, 300px\" \/> einige der aktiven Frauen im Weltladen Geislingen<\/p><\/div>[\/vc_column_inner][vc_column_inner width=&#8220;3\/4&#8243;][vc_column_text]<\/p>\n<h3>\u00dcber uns<\/h3>\n<p>Wer wir sind, warum wir uns f\u00fcr Fairen Handel engagieren und wie man bei uns mitmachen kann &#8211; <a href=\"https:\/\/weltlaeden.de\/geislingen\/ueber-uns\/\">hier stellen wir uns vor &#8230;<\/a>[\/vc_column_text][\/vc_column_inner][\/vc_row_inner][vc_separator][vc_row_inner][vc_column_inner width=&#8220;1\/4&#8243;]<div class=\"wl_einzelbild\"><p><img loading=\"lazy\" decoding=\"async\" class=\"alignnone size-medium wp-image-440\" src=\"https:\/\/weltlaeden.de\/geislingen\/wp-content\/uploads\/sites\/73\/2019\/02\/P1030953-300x225.jpg\" alt=\"\" width=\"300\" height=\"225\" srcset=\"https:\/\/weltlaeden.de\/geislingen\/wp-content\/uploads\/sites\/73\/2019\/02\/P1030953-300x225.jpg 300w, https:\/\/weltlaeden.de\/geislingen\/wp-content\/uploads\/sites\/73\/2019\/02\/P1030953-768x576.jpg 768w, https:\/\/weltlaeden.de\/geislingen\/wp-content\/uploads\/sites\/73\/2019\/02\/P1030953-1024x768.jpg 1024w\" sizes=\"auto, (max-width: 300px) 100vw, 300px\" \/><\/p><\/div>[\/vc_column_inner][vc_column_inner width=&#8220;3\/4&#8243;][vc_column_text]<\/p>\n<h3>Termine<\/h3>\n<p>Bei uns ist immer etwas los! Wir treffen uns regelm\u00e4\u00dfig zu Teamsitzungen und Fortbildungen, organisieren aber auch immer mal wieder eine Veranstaltung zum Fairen Handel und verwandten Themen. <a href=\"https:\/\/weltlaeden.de\/geislingen\/termine\/\">Hier erfahren Sie was bei uns los ist \u2026<\/a><br \/>\n[\/vc_column_text][\/vc_column_inner][\/vc_row_inner][vc_separator][vc_empty_space][\/vc_column][\/vc_row][vc_row][vc_column][vc_column_text]<\/p>\n<h2>Neuigkeiten<\/h2>\n<p>[\/vc_column_text]<section class=\"items-grid wf-container\"><div class=\"wf-cell wf-1-2\"><article class=\"post-format-standard\"><div class=\"mini-post-img\"><a class=\"alignleft post-rollover layzr-bg\" href=\"https:\/\/weltlaeden.de\/geislingen\/fest-zum-30jaehrigen-bestehen-des-weltladen-geislingen\/\" aria-label=\"Post image\"><img decoding=\"async\" class=\"preload-me lazy-load aspect\" src=\"data:image\/svg+xml,%3Csvg%20xmlns%3D&#39;http%3A%2F%2Fwww.w3.org%2F2000%2Fsvg&#39;%20viewBox%3D&#39;0%200%2060%2060&#39;%2F%3E\" data-src=\"https:\/\/weltlaeden.de\/geislingen\/wp-content\/uploads\/sites\/73\/2024\/07\/IMG_1902-60x60.jpg\" data-srcset=\"https:\/\/weltlaeden.de\/geislingen\/wp-content\/uploads\/sites\/73\/2024\/07\/IMG_1902-60x60.jpg 60w, https:\/\/weltlaeden.de\/geislingen\/wp-content\/uploads\/sites\/73\/2024\/07\/IMG_1902-120x120.jpg 120w\" loading=\"eager\" style=\"--ratio: 60 \/ 60\" sizes=\"(max-width: 60px) 100vw, 60px\" width=\"60\" height=\"60\"  alt=\"\" \/><\/a><\/div><div class=\"post-content\"><a href=\"https:\/\/weltlaeden.de\/geislingen\/fest-zum-30jaehrigen-bestehen-des-weltladen-geislingen\/\">Fest zum 30j\u00e4hrigen Bestehen des Weltladen Geislingen<\/a><br \/><time class=\"text-secondary\" datetime=\"2024-07-04T17:02:40+02:00\">4. Juli 2024<\/time><\/div><\/article><\/div><div class=\"wf-cell wf-1-2\"><article class=\"post-format-standard\"><div class=\"mini-post-img\"><a class=\"alignleft post-rollover layzr-bg\" href=\"https:\/\/weltlaeden.de\/geislingen\/fuer-klimaschaeden-verantwortung-uebernehmen\/\" aria-label=\"Post image\"><img decoding=\"async\" class=\"preload-me lazy-load aspect\" src=\"data:image\/svg+xml,%3Csvg%20xmlns%3D&#39;http%3A%2F%2Fwww.w3.org%2F2000%2Fsvg&#39;%20viewBox%3D&#39;0%200%2060%2060&#39;%2F%3E\" data-src=\"https:\/\/weltlaeden.de\/geislingen\/wp-content\/uploads\/sites\/73\/2024\/06\/Schaufenster-Klimaschaeden2-rotated-60x60.jpg\" data-srcset=\"https:\/\/weltlaeden.de\/geislingen\/wp-content\/uploads\/sites\/73\/2024\/06\/Schaufenster-Klimaschaeden2-rotated-60x60.jpg 60w, https:\/\/weltlaeden.de\/geislingen\/wp-content\/uploads\/sites\/73\/2024\/06\/Schaufenster-Klimaschaeden2-rotated-120x120.jpg 120w\" loading=\"eager\" style=\"--ratio: 60 \/ 60\" sizes=\"(max-width: 60px) 100vw, 60px\" width=\"60\" height=\"60\"  alt=\"\" \/><\/a><\/div><div class=\"post-content\"><a href=\"https:\/\/weltlaeden.de\/geislingen\/fuer-klimaschaeden-verantwortung-uebernehmen\/\">F\u00fcr Klimasch\u00e4den Verantwortung \u00fcbernehmen<\/a><br \/><time class=\"text-secondary\" datetime=\"2024-06-18T16:43:56+02:00\">18. Juni 2024<\/time><\/div><\/article><\/div><div class=\"wf-cell wf-1-2\"><article class=\"post-format-standard\"><div class=\"mini-post-img\"><a class=\"alignleft post-rollover layzr-bg\" href=\"https:\/\/weltlaeden.de\/geislingen\/jubilaeumsfeier-30-jahre-weltladen-geislingen\/\" aria-label=\"Post image\"><img decoding=\"async\" class=\"preload-me lazy-load aspect\" src=\"data:image\/svg+xml,%3Csvg%20xmlns%3D&#39;http%3A%2F%2Fwww.w3.org%2F2000%2Fsvg&#39;%20viewBox%3D&#39;0%200%2060%2060&#39;%2F%3E\" data-src=\"https:\/\/weltlaeden.de\/geislingen\/wp-content\/uploads\/sites\/73\/2024\/04\/Jubilaeumsplakat-scaled-60x60.jpg\" data-srcset=\"https:\/\/weltlaeden.de\/geislingen\/wp-content\/uploads\/sites\/73\/2024\/04\/Jubilaeumsplakat-scaled-60x60.jpg 60w, https:\/\/weltlaeden.de\/geislingen\/wp-content\/uploads\/sites\/73\/2024\/04\/Jubilaeumsplakat-scaled-120x120.jpg 120w\" loading=\"eager\" style=\"--ratio: 60 \/ 60\" sizes=\"(max-width: 60px) 100vw, 60px\" width=\"60\" height=\"60\"  alt=\"\" \/><\/a><\/div><div class=\"post-content\"><a href=\"https:\/\/weltlaeden.de\/geislingen\/jubilaeumsfeier-30-jahre-weltladen-geislingen\/\">Jubil\u00e4umsfeier 30 Jahre Weltladen Geislingen<\/a><br \/><time class=\"text-secondary\" datetime=\"2024-04-26T09:40:37+02:00\">26. April 2024<\/time><\/div><\/article><\/div><div class=\"wf-cell wf-1-2\"><article class=\"post-format-standard\"><div class=\"mini-post-img\"><a class=\"alignleft post-rollover layzr-bg\" href=\"https:\/\/weltlaeden.de\/geislingen\/mangos-aus-burkina-faso\/\" aria-label=\"Post image\"><img decoding=\"async\" class=\"preload-me lazy-load aspect\" src=\"data:image\/svg+xml,%3Csvg%20xmlns%3D&#39;http%3A%2F%2Fwww.w3.org%2F2000%2Fsvg&#39;%20viewBox%3D&#39;0%200%2060%2060&#39;%2F%3E\" data-src=\"https:\/\/weltlaeden.de\/geislingen\/wp-content\/uploads\/sites\/73\/2021\/04\/Mango-Acrylbild-e1714117091147-60x60.jpg\" data-srcset=\"https:\/\/weltlaeden.de\/geislingen\/wp-content\/uploads\/sites\/73\/2021\/04\/Mango-Acrylbild-e1714117091147-60x60.jpg 60w, https:\/\/weltlaeden.de\/geislingen\/wp-content\/uploads\/sites\/73\/2021\/04\/Mango-Acrylbild-e1714117091147-120x120.jpg 120w\" loading=\"eager\" style=\"--ratio: 60 \/ 60\" sizes=\"(max-width: 60px) 100vw, 60px\" width=\"60\" height=\"60\"  alt=\"\" \/><\/a><\/div><div class=\"post-content\"><a href=\"https:\/\/weltlaeden.de\/geislingen\/mangos-aus-burkina-faso\/\">Mangos aus Burkina Faso<\/a><br \/><time class=\"text-secondary\" datetime=\"2024-04-26T09:39:42+02:00\">26. April 2024<\/time><\/div><\/article><\/div><div class=\"wf-cell wf-1-2\"><article class=\"post-format-standard\"><div class=\"mini-post-img\"><a class=\"alignleft post-rollover layzr-bg\" href=\"https:\/\/weltlaeden.de\/geislingen\/sommerferien-oeffnungszeiten\/\" aria-label=\"Post image\"><img decoding=\"async\" class=\"preload-me lazy-load aspect\" src=\"data:image\/svg+xml,%3Csvg%20xmlns%3D&#39;http%3A%2F%2Fwww.w3.org%2F2000%2Fsvg&#39;%20viewBox%3D&#39;0%200%2060%2060&#39;%2F%3E\" data-src=\"https:\/\/weltlaeden.de\/geislingen\/wp-content\/uploads\/sites\/73\/2019\/02\/P1030961-60x60.jpg\" data-srcset=\"https:\/\/weltlaeden.de\/geislingen\/wp-content\/uploads\/sites\/73\/2019\/02\/P1030961-60x60.jpg 60w, https:\/\/weltlaeden.de\/geislingen\/wp-content\/uploads\/sites\/73\/2019\/02\/P1030961-120x120.jpg 120w\" loading=\"eager\" style=\"--ratio: 60 \/ 60\" sizes=\"(max-width: 60px) 100vw, 60px\" width=\"60\" height=\"60\"  alt=\"\" \/><\/a><\/div><div class=\"post-content\"><a href=\"https:\/\/weltlaeden.de\/geislingen\/sommerferien-oeffnungszeiten\/\">Sommerferien \u00d6ffnungszeiten<\/a><br \/><time class=\"text-secondary\" datetime=\"2022-08-04T12:55:47+02:00\">4. August 2022<\/time><\/div><\/article><\/div><div class=\"wf-cell wf-1-2\"><article class=\"post-format-standard\"><div class=\"mini-post-img\"><a class=\"alignleft post-rollover no-avatar\" href=\"https:\/\/weltlaeden.de\/geislingen\/maechtig-unfair-2\/\"  style=\"width:60px; height: 60px;\" aria-label=\"Post image\"><\/a><\/div><div class=\"post-content\"><a href=\"https:\/\/weltlaeden.de\/geislingen\/maechtig-unfair-2\/\">M\u00c4CHTIG UNFAIR<\/a><br \/><time class=\"text-secondary\" datetime=\"2022-05-24T17:12:10+02:00\">24. Mai 2022<\/time><\/div><\/article><\/div><\/section><a href=\"https:\/\/weltlaeden.de\/geislingen\/neuigkeiten\" class=\"btn-shortcode dt-btn-s dt-btn default-btn-color default-btn-hover-color default-btn-bg-color default-btn-bg-hover-color\" target=\"_blank\" id=\"dt-btn-1\" rel=\"noopener\"><span>Alle Neuigkeiten<\/span><\/a>[\/vc_column][\/vc_row]<\/p>\n<\/div>","protected":false},"excerpt":{"rendered":"<p>[vc_row][vc_column][vc_empty_space height=&#8220;20px&#8220;][\/vc_column][\/vc_row][vc_row][vc_column][vc_column_text] Willkommen im Weltladen Geislingen! [\/vc_column_text][vc_column_text]Herzlich willkommen auf unserer Homepage. Hier werden Sie hier \u00fcber alle Veranstaltungen, Neuigkeiten und Angebote im Weltladen Geislingen informiert. Und erfahren alles \u00fcber den Fairen Handel, hier und global.[\/vc_column_text][vc_empty_space height=&#8220;30px&#8220;][\/vc_column][\/vc_row][vc_row][vc_column][vc_column_text] Was Sie auf dieser Website finden: [\/vc_column_text][vc_empty_space height=&#8220;20px&#8220;][vc_row_inner][vc_column_inner width=&#8220;1\/4&#8243;][\/vc_column_inner][vc_column_inner width=&#8220;3\/4&#8243;][vc_column_text] Fairer Handel Was meint Fairer Handel \u00fcberhaupt? Welche Kriterien&hellip;<\/p>\n","protected":false},"author":1,"featured_media":442,"parent":0,"menu_order":0,"comment_status":"closed","ping_status":"closed","template":"","meta":{"footnotes":""},"class_list":["post-20","page","type-page","status-publish","has-post-thumbnail","hentry","description-off"],"yoast_head":"<!-- This site is optimized with the Yoast SEO plugin v26.8 - https:\/\/yoast.com\/product\/yoast-seo-wordpress\/ -->\n<title>Weltladen Geislingen - Weltladen Geislingen<\/title>\n<meta name=\"robots\" content=\"index, follow, max-snippet:-1, max-image-preview:large, max-video-preview:-1\" \/>\n<link rel=\"canonical\" href=\"https:\/\/weltlaeden.de\/geislingen\/\" \/>\n<meta property=\"og:locale\" content=\"de_DE\" \/>\n<meta property=\"og:type\" content=\"article\" \/>\n<meta property=\"og:title\" content=\"Weltladen Geislingen - Weltladen Geislingen\" \/>\n<meta property=\"og:description\" content=\"[vc_row][vc_column][vc_empty_space height=&#8220;20px&#8220;][\/vc_column][\/vc_row][vc_row][vc_column][vc_column_text] Willkommen im Weltladen Geislingen! [\/vc_column_text][vc_column_text]Herzlich willkommen auf unserer Homepage. Hier werden Sie hier \u00fcber alle Veranstaltungen, Neuigkeiten und Angebote im Weltladen Geislingen informiert. Und erfahren alles \u00fcber den Fairen Handel, hier und global.[\/vc_column_text][vc_empty_space height=&#8220;30px&#8220;][\/vc_column][\/vc_row][vc_row][vc_column][vc_column_text] Was Sie auf dieser Website finden: [\/vc_column_text][vc_empty_space height=&#8220;20px&#8220;][vc_row_inner][vc_column_inner width=&#8220;1\/4&#8243;][\/vc_column_inner][vc_column_inner width=&#8220;3\/4&#8243;][vc_column_text] Fairer Handel Was meint Fairer Handel \u00fcberhaupt? Welche Kriterien&hellip;\" \/>\n<meta property=\"og:url\" content=\"https:\/\/weltlaeden.de\/geislingen\/\" \/>\n<meta property=\"og:site_name\" content=\"Weltladen Geislingen\" \/>\n<meta property=\"article:modified_time\" content=\"2021-05-04T13:46:43+00:00\" \/>\n<meta property=\"og:image\" content=\"https:\/\/weltlaeden.de\/geislingen\/wp-content\/uploads\/sites\/73\/2019\/02\/P1030955-1024x768.jpg\" \/>\n\t<meta property=\"og:image:width\" content=\"1024\" \/>\n\t<meta property=\"og:image:height\" content=\"768\" \/>\n\t<meta property=\"og:image:type\" content=\"image\/jpeg\" \/>\n<meta name=\"twitter:card\" content=\"summary_large_image\" \/>\n<meta name=\"twitter:label1\" content=\"Gesch\u00e4tzte Lesezeit\" \/>\n\t<meta name=\"twitter:data1\" content=\"2\u00a0Minuten\" \/>\n<script type=\"application\/ld+json\" class=\"yoast-schema-graph\">{\"@context\":\"https:\/\/schema.org\",\"@graph\":[{\"@type\":\"WebPage\",\"@id\":\"https:\/\/weltlaeden.de\/geislingen\/\",\"url\":\"https:\/\/weltlaeden.de\/geislingen\/\",\"name\":\"Weltladen Geislingen - Weltladen Geislingen\",\"isPartOf\":{\"@id\":\"https:\/\/weltlaeden.de\/geislingen\/#website\"},\"primaryImageOfPage\":{\"@id\":\"https:\/\/weltlaeden.de\/geislingen\/#primaryimage\"},\"image\":{\"@id\":\"https:\/\/weltlaeden.de\/geislingen\/#primaryimage\"},\"thumbnailUrl\":\"https:\/\/weltlaeden.de\/geislingen\/wp-content\/uploads\/sites\/73\/2019\/02\/P1030955.jpg\",\"datePublished\":\"2016-10-14T07:05:21+00:00\",\"dateModified\":\"2021-05-04T13:46:43+00:00\",\"breadcrumb\":{\"@id\":\"https:\/\/weltlaeden.de\/geislingen\/#breadcrumb\"},\"inLanguage\":\"de\",\"potentialAction\":[{\"@type\":\"ReadAction\",\"target\":[\"https:\/\/weltlaeden.de\/geislingen\/\"]}]},{\"@type\":\"ImageObject\",\"inLanguage\":\"de\",\"@id\":\"https:\/\/weltlaeden.de\/geislingen\/#primaryimage\",\"url\":\"https:\/\/weltlaeden.de\/geislingen\/wp-content\/uploads\/sites\/73\/2019\/02\/P1030955.jpg\",\"contentUrl\":\"https:\/\/weltlaeden.de\/geislingen\/wp-content\/uploads\/sites\/73\/2019\/02\/P1030955.jpg\",\"width\":4896,\"height\":3672},{\"@type\":\"BreadcrumbList\",\"@id\":\"https:\/\/weltlaeden.de\/geislingen\/#breadcrumb\",\"itemListElement\":[{\"@type\":\"ListItem\",\"position\":1,\"name\":\"Startseite\",\"item\":\"https:\/\/weltlaeden.de\/geislingen\/\"},{\"@type\":\"ListItem\",\"position\":2,\"name\":\"Weltladen Geislingen\"}]},{\"@type\":\"WebSite\",\"@id\":\"https:\/\/weltlaeden.de\/geislingen\/#website\",\"url\":\"https:\/\/weltlaeden.de\/geislingen\/\",\"name\":\"Weltladen Geislingen\",\"description\":\"Fair gehandelte Produkte\",\"potentialAction\":[{\"@type\":\"SearchAction\",\"target\":{\"@type\":\"EntryPoint\",\"urlTemplate\":\"https:\/\/weltlaeden.de\/geislingen\/?s={search_term_string}\"},\"query-input\":{\"@type\":\"PropertyValueSpecification\",\"valueRequired\":true,\"valueName\":\"search_term_string\"}}],\"inLanguage\":\"de\"}]}<\/script>\n<!-- \/ Yoast SEO plugin. -->","yoast_head_json":{"title":"Weltladen Geislingen - Weltladen Geislingen","robots":{"index":"index","follow":"follow","max-snippet":"max-snippet:-1","max-image-preview":"max-image-preview:large","max-video-preview":"max-video-preview:-1"},"canonical":"https:\/\/weltlaeden.de\/geislingen\/","og_locale":"de_DE","og_type":"article","og_title":"Weltladen Geislingen - Weltladen Geislingen","og_description":"[vc_row][vc_column][vc_empty_space height=&#8220;20px&#8220;][\/vc_column][\/vc_row][vc_row][vc_column][vc_column_text] Willkommen im Weltladen Geislingen! [\/vc_column_text][vc_column_text]Herzlich willkommen auf unserer Homepage. Hier werden Sie hier \u00fcber alle Veranstaltungen, Neuigkeiten und Angebote im Weltladen Geislingen informiert. Und erfahren alles \u00fcber den Fairen Handel, hier und global.[\/vc_column_text][vc_empty_space height=&#8220;30px&#8220;][\/vc_column][\/vc_row][vc_row][vc_column][vc_column_text] Was Sie auf dieser Website finden: [\/vc_column_text][vc_empty_space height=&#8220;20px&#8220;][vc_row_inner][vc_column_inner width=&#8220;1\/4&#8243;][\/vc_column_inner][vc_column_inner width=&#8220;3\/4&#8243;][vc_column_text] Fairer Handel Was meint Fairer Handel \u00fcberhaupt? Welche Kriterien&hellip;","og_url":"https:\/\/weltlaeden.de\/geislingen\/","og_site_name":"Weltladen Geislingen","article_modified_time":"2021-05-04T13:46:43+00:00","og_image":[{"width":1024,"height":768,"url":"https:\/\/weltlaeden.de\/geislingen\/wp-content\/uploads\/sites\/73\/2019\/02\/P1030955-1024x768.jpg","type":"image\/jpeg"}],"twitter_card":"summary_large_image","twitter_misc":{"Gesch\u00e4tzte Lesezeit":"2\u00a0Minuten"},"schema":{"@context":"https:\/\/schema.org","@graph":[{"@type":"WebPage","@id":"https:\/\/weltlaeden.de\/geislingen\/","url":"https:\/\/weltlaeden.de\/geislingen\/","name":"Weltladen Geislingen - Weltladen Geislingen","isPartOf":{"@id":"https:\/\/weltlaeden.de\/geislingen\/#website"},"primaryImageOfPage":{"@id":"https:\/\/weltlaeden.de\/geislingen\/#primaryimage"},"image":{"@id":"https:\/\/weltlaeden.de\/geislingen\/#primaryimage"},"thumbnailUrl":"https:\/\/weltlaeden.de\/geislingen\/wp-content\/uploads\/sites\/73\/2019\/02\/P1030955.jpg","datePublished":"2016-10-14T07:05:21+00:00","dateModified":"2021-05-04T13:46:43+00:00","breadcrumb":{"@id":"https:\/\/weltlaeden.de\/geislingen\/#breadcrumb"},"inLanguage":"de","potentialAction":[{"@type":"ReadAction","target":["https:\/\/weltlaeden.de\/geislingen\/"]}]},{"@type":"ImageObject","inLanguage":"de","@id":"https:\/\/weltlaeden.de\/geislingen\/#primaryimage","url":"https:\/\/weltlaeden.de\/geislingen\/wp-content\/uploads\/sites\/73\/2019\/02\/P1030955.jpg","contentUrl":"https:\/\/weltlaeden.de\/geislingen\/wp-content\/uploads\/sites\/73\/2019\/02\/P1030955.jpg","width":4896,"height":3672},{"@type":"BreadcrumbList","@id":"https:\/\/weltlaeden.de\/geislingen\/#breadcrumb","itemListElement":[{"@type":"ListItem","position":1,"name":"Startseite","item":"https:\/\/weltlaeden.de\/geislingen\/"},{"@type":"ListItem","position":2,"name":"Weltladen Geislingen"}]},{"@type":"WebSite","@id":"https:\/\/weltlaeden.de\/geislingen\/#website","url":"https:\/\/weltlaeden.de\/geislingen\/","name":"Weltladen Geislingen","description":"Fair gehandelte Produkte","potentialAction":[{"@type":"SearchAction","target":{"@type":"EntryPoint","urlTemplate":"https:\/\/weltlaeden.de\/geislingen\/?s={search_term_string}"},"query-input":{"@type":"PropertyValueSpecification","valueRequired":true,"valueName":"search_term_string"}}],"inLanguage":"de"}]}},"_links":{"self":[{"href":"https:\/\/weltlaeden.de\/geislingen\/wp-json\/wp\/v2\/pages\/20","targetHints":{"allow":["GET"]}}],"collection":[{"href":"https:\/\/weltlaeden.de\/geislingen\/wp-json\/wp\/v2\/pages"}],"about":[{"href":"https:\/\/weltlaeden.de\/geislingen\/wp-json\/wp\/v2\/types\/page"}],"author":[{"embeddable":true,"href":"https:\/\/weltlaeden.de\/geislingen\/wp-json\/wp\/v2\/users\/1"}],"replies":[{"embeddable":true,"href":"https:\/\/weltlaeden.de\/geislingen\/wp-json\/wp\/v2\/comments?post=20"}],"version-history":[{"count":39,"href":"https:\/\/weltlaeden.de\/geislingen\/wp-json\/wp\/v2\/pages\/20\/revisions"}],"predecessor-version":[{"id":656,"href":"https:\/\/weltlaeden.de\/geislingen\/wp-json\/wp\/v2\/pages\/20\/revisions\/656"}],"wp:featuredmedia":[{"embeddable":true,"href":"https:\/\/weltlaeden.de\/geislingen\/wp-json\/wp\/v2\/media\/442"}],"wp:attachment":[{"href":"https:\/\/weltlaeden.de\/geislingen\/wp-json\/wp\/v2\/media?parent=20"}],"curies":[{"name":"wp","href":"https:\/\/api.w.org\/{rel}","templated":true}]}}