{"id":20,"date":"2016-10-14T09:05:06","date_gmt":"2016-10-14T07:05:21","guid":{"rendered":"https:\/\/wl.heimpixel.de\/vorlage\/weltladen-musterdorf\/"},"modified":"2026-02-23T15:43:00","modified_gmt":"2026-02-23T14:43:00","slug":"weltladen-musterdorf","status":"publish","type":"page","link":"https:\/\/weltlaeden.de\/gau-algesheim\/","title":{"rendered":"Weltladen Haus Bernardin, Gau-Algesheim"},"content":{"rendered":"<div class=\"wpb-content-wrapper\"><p>[vc_row][vc_column][vc_row_inner][vc_column_inner]<div class=\"wl_einzelbild\"><p><img loading=\"lazy\" decoding=\"async\" class=\"aligncenter size-full wp-image-1236\" src=\"https:\/\/weltlaeden.de\/gau-algesheim\/wp-content\/uploads\/sites\/149\/2026\/02\/Weltladen-Poster_End.jpg\" alt=\"\" width=\"1754\" height=\"2480\" srcset=\"https:\/\/weltlaeden.de\/gau-algesheim\/wp-content\/uploads\/sites\/149\/2026\/02\/Weltladen-Poster_End.jpg 1754w, https:\/\/weltlaeden.de\/gau-algesheim\/wp-content\/uploads\/sites\/149\/2026\/02\/Weltladen-Poster_End-212x300.jpg 212w, https:\/\/weltlaeden.de\/gau-algesheim\/wp-content\/uploads\/sites\/149\/2026\/02\/Weltladen-Poster_End-724x1024.jpg 724w, https:\/\/weltlaeden.de\/gau-algesheim\/wp-content\/uploads\/sites\/149\/2026\/02\/Weltladen-Poster_End-768x1086.jpg 768w, https:\/\/weltlaeden.de\/gau-algesheim\/wp-content\/uploads\/sites\/149\/2026\/02\/Weltladen-Poster_End-1086x1536.jpg 1086w, https:\/\/weltlaeden.de\/gau-algesheim\/wp-content\/uploads\/sites\/149\/2026\/02\/Weltladen-Poster_End-1448x2048.jpg 1448w\" sizes=\"auto, (max-width: 1754px) 100vw, 1754px\" \/><\/p><\/div>[\/vc_column_inner][\/vc_row_inner][vc_video link=&#8220;https:\/\/vimeo.com\/571569567&#8243;][\/vc_column][\/vc_row][vc_row][vc_column][vc_column_text]<\/p>\n<h1 style=\"text-align: left\">Willkommen im Weltladen Haus Bernardin, Gau-Algesheim<\/h1>\n<p>[\/vc_column_text][vc_column_text]In unserem Weltladen finden Sie hunderte Produkte aus fairem Handel aus den unterschiedlichsten L\u00e4ndern. Wenn Sie jetzt nur an Schokolade und Kaffee denken, werden Sie \u00fcberrascht sein. Kommen Sie uns besuchen oder gehen Sie weiter auf unserer Homepage auf &#8222;Weltreise&#8220;.[\/vc_column_text][\/vc_column][\/vc_row][vc_row][vc_column][vc_column_text]<\/p>\n<h2><span style=\"color: #ff6600\"><strong>Unsere Ziele<\/strong><\/span><\/h2>\n<p>[\/vc_column_text][vc_empty_space height=&#8220;20px&#8220;][vc_row_inner][vc_column_inner width=&#8220;1\/4&#8243;]<div class=\"wl_einzelbild\"><p><img loading=\"lazy\" decoding=\"async\" class=\"alignnone size-full wp-image-488\" src=\"https:\/\/weltlaeden.de\/gau-algesheim\/wp-content\/uploads\/sites\/149\/2020\/10\/P1230911_klein.jpg\" alt=\"\" width=\"200\" height=\"150\" \/><\/p><\/div>[\/vc_column_inner][vc_column_inner width=&#8220;3\/4&#8243;][vc_column_text]<\/p>\n<ul>\n<li>\n<h3>Zufriedene Kundinnen und Kunden durch das Angebot hochwertiger Produkte und Informationen dar\u00fcber<\/h3>\n<\/li>\n<\/ul>\n<p>[\/vc_column_text][\/vc_column_inner][\/vc_row_inner][vc_separator][vc_row_inner][vc_column_inner width=&#8220;1\/4&#8243;]<div class=\"wl_einzelbild\"><p><img loading=\"lazy\" decoding=\"async\" class=\"alignnone size-medium wp-image-727\" src=\"https:\/\/weltlaeden.de\/gau-algesheim\/wp-content\/uploads\/sites\/149\/2021\/09\/DSCN3208-300x225.jpg\" alt=\"\" width=\"300\" height=\"225\" srcset=\"https:\/\/weltlaeden.de\/gau-algesheim\/wp-content\/uploads\/sites\/149\/2021\/09\/DSCN3208-300x225.jpg 300w, https:\/\/weltlaeden.de\/gau-algesheim\/wp-content\/uploads\/sites\/149\/2021\/09\/DSCN3208-768x576.jpg 768w, https:\/\/weltlaeden.de\/gau-algesheim\/wp-content\/uploads\/sites\/149\/2021\/09\/DSCN3208-1024x768.jpg 1024w, https:\/\/weltlaeden.de\/gau-algesheim\/wp-content\/uploads\/sites\/149\/2021\/09\/DSCN3208.jpg 1920w\" sizes=\"auto, (max-width: 300px) 100vw, 300px\" \/><\/p><\/div>[\/vc_column_inner][vc_column_inner width=&#8220;3\/4&#8243;][vc_column_text]<\/p>\n<ul>\n<li>\n<h3>Kleinproduzenten, die im Welthandel oft nicht bestehen k\u00f6nnen, durch den Verkauf fair gehandelter Produkte ein existenzsicherndes Einkommen erm\u00f6glichen<\/h3>\n<\/li>\n<\/ul>\n<p>[\/vc_column_text][\/vc_column_inner][\/vc_row_inner][vc_separator][vc_row_inner][vc_column_inner width=&#8220;1\/4&#8243;]<div class=\"wl_einzelbild\"><p><img loading=\"lazy\" decoding=\"async\" class=\"aligncenter size-full wp-image-991\" src=\"https:\/\/weltlaeden.de\/gau-algesheim\/wp-content\/uploads\/sites\/149\/2023\/08\/Schulklasse.jpg\" alt=\"\" width=\"1600\" height=\"1200\" srcset=\"https:\/\/weltlaeden.de\/gau-algesheim\/wp-content\/uploads\/sites\/149\/2023\/08\/Schulklasse.jpg 1600w, https:\/\/weltlaeden.de\/gau-algesheim\/wp-content\/uploads\/sites\/149\/2023\/08\/Schulklasse-300x225.jpg 300w, https:\/\/weltlaeden.de\/gau-algesheim\/wp-content\/uploads\/sites\/149\/2023\/08\/Schulklasse-1024x768.jpg 1024w, https:\/\/weltlaeden.de\/gau-algesheim\/wp-content\/uploads\/sites\/149\/2023\/08\/Schulklasse-768x576.jpg 768w, https:\/\/weltlaeden.de\/gau-algesheim\/wp-content\/uploads\/sites\/149\/2023\/08\/Schulklasse-1536x1152.jpg 1536w\" sizes=\"auto, (max-width: 1600px) 100vw, 1600px\" \/><\/p><\/div>[\/vc_column_inner][vc_column_inner width=&#8220;3\/4&#8243;][vc_column_text]<\/p>\n<ul>\n<li>\n<h3>Bewusstseinsbildung in der \u00d6ffentlichkeit \u00fcber die soziale, \u00f6konomische und kulturelle Lage der benachteiligten L\u00e4nder, z.B. durch Besuche von Schulklassen<\/h3>\n<\/li>\n<\/ul>\n<p>[\/vc_column_text][\/vc_column_inner][\/vc_row_inner][vc_column_text]<\/p>\n<h2><span style=\"color: #ff6600\"><strong>Was Sie tun k\u00f6nnen<br \/>\n<\/strong><\/span><\/h2>\n<p>[\/vc_column_text][vc_separator][vc_row_inner][vc_column_inner width=&#8220;1\/4&#8243;]<div class=\"wl_einzelbild\"><p><img loading=\"lazy\" decoding=\"async\" class=\"alignnone size-full wp-image-490\" src=\"https:\/\/weltlaeden.de\/gau-algesheim\/wp-content\/uploads\/sites\/149\/2020\/10\/QF_01.jpg\" alt=\"\" width=\"280\" height=\"208\" \/><\/p><\/div>[\/vc_column_inner][vc_column_inner width=&#8220;3\/4&#8243;][vc_column_text]<\/p>\n<ul>\n<li>\n<h3>Wenn Sie unser Anliegen unterst\u00fctzen m\u00f6chten, k\u00f6nnen Sie das durch:<\/h3>\n<ul>\n<li>Kauf unserer Produkte<\/li>\n<li>Weiterempfehlung<\/li>\n<li>Ehrenamtliche Mithilfe<\/li>\n<\/ul>\n<\/li>\n<\/ul>\n<p>[\/vc_column_text][\/vc_column_inner][\/vc_row_inner][vc_separator][\/vc_column][\/vc_row]<\/p>\n<\/div>","protected":false},"excerpt":{"rendered":"<p>[vc_row][vc_column][vc_row_inner][vc_column_inner][\/vc_column_inner][\/vc_row_inner][vc_video link=&#8220;https:\/\/vimeo.com\/571569567&#8243;][\/vc_column][\/vc_row][vc_row][vc_column][vc_column_text] Willkommen im Weltladen Haus Bernardin, Gau-Algesheim [\/vc_column_text][vc_column_text]In unserem Weltladen finden Sie hunderte Produkte aus fairem Handel aus den unterschiedlichsten L\u00e4ndern. Wenn Sie jetzt nur an Schokolade und Kaffee denken, werden Sie \u00fcberrascht sein. Kommen Sie uns besuchen oder gehen Sie weiter auf unserer Homepage auf &#8222;Weltreise&#8220;.[\/vc_column_text][\/vc_column][\/vc_row][vc_row][vc_column][vc_column_text] Unsere Ziele [\/vc_column_text][vc_empty_space height=&#8220;20px&#8220;][vc_row_inner][vc_column_inner width=&#8220;1\/4&#8243;][\/vc_column_inner][vc_column_inner width=&#8220;3\/4&#8243;][vc_column_text] Zufriedene&hellip;<\/p>\n","protected":false},"author":1,"featured_media":0,"parent":0,"menu_order":0,"comment_status":"closed","ping_status":"closed","template":"","meta":{"footnotes":""},"class_list":["post-20","page","type-page","status-publish","hentry","description-off"],"yoast_head":"<!-- This site is optimized with the Yoast SEO plugin v26.8 - https:\/\/yoast.com\/product\/yoast-seo-wordpress\/ -->\n<title>Weltladen Haus Bernardin, Gau-Algesheim - Weltladen Gau-Algesheim<\/title>\n<meta name=\"robots\" content=\"index, follow, max-snippet:-1, max-image-preview:large, max-video-preview:-1\" \/>\n<link rel=\"canonical\" href=\"https:\/\/weltlaeden.de\/gau-algesheim\/\" \/>\n<meta property=\"og:locale\" content=\"de_DE\" \/>\n<meta property=\"og:type\" content=\"article\" \/>\n<meta property=\"og:title\" content=\"Weltladen Haus Bernardin, Gau-Algesheim - Weltladen Gau-Algesheim\" \/>\n<meta property=\"og:description\" content=\"[vc_row][vc_column][vc_row_inner][vc_column_inner][\/vc_column_inner][\/vc_row_inner][vc_video link=&#8220;https:\/\/vimeo.com\/571569567&#8243;][\/vc_column][\/vc_row][vc_row][vc_column][vc_column_text] Willkommen im Weltladen Haus Bernardin, Gau-Algesheim [\/vc_column_text][vc_column_text]In unserem Weltladen finden Sie hunderte Produkte aus fairem Handel aus den unterschiedlichsten L\u00e4ndern. Wenn Sie jetzt nur an Schokolade und Kaffee denken, werden Sie \u00fcberrascht sein. Kommen Sie uns besuchen oder gehen Sie weiter auf unserer Homepage auf &#8222;Weltreise&#8220;.[\/vc_column_text][\/vc_column][\/vc_row][vc_row][vc_column][vc_column_text] Unsere Ziele [\/vc_column_text][vc_empty_space height=&#8220;20px&#8220;][vc_row_inner][vc_column_inner width=&#8220;1\/4&#8243;][\/vc_column_inner][vc_column_inner width=&#8220;3\/4&#8243;][vc_column_text] Zufriedene&hellip;\" \/>\n<meta property=\"og:url\" content=\"https:\/\/weltlaeden.de\/gau-algesheim\/\" \/>\n<meta property=\"og:site_name\" content=\"Weltladen Gau-Algesheim\" \/>\n<meta property=\"article:modified_time\" content=\"2026-02-23T14:43:00+00:00\" \/>\n<meta property=\"og:image\" content=\"https:\/\/weltlaeden.de\/gau-algesheim\/wp-content\/uploads\/sites\/149\/2026\/02\/Weltladen-Poster_End.jpg\" \/>\n\t<meta property=\"og:image:width\" content=\"1754\" \/>\n\t<meta property=\"og:image:height\" content=\"2480\" \/>\n\t<meta property=\"og:image:type\" content=\"image\/jpeg\" \/>\n<meta name=\"twitter:card\" content=\"summary_large_image\" \/>\n<meta name=\"twitter:label1\" content=\"Gesch\u00e4tzte Lesezeit\" \/>\n\t<meta name=\"twitter:data1\" content=\"2\u00a0Minuten\" \/>\n<script type=\"application\/ld+json\" class=\"yoast-schema-graph\">{\"@context\":\"https:\/\/schema.org\",\"@graph\":[{\"@type\":\"WebPage\",\"@id\":\"https:\/\/weltlaeden.de\/gau-algesheim\/\",\"url\":\"https:\/\/weltlaeden.de\/gau-algesheim\/\",\"name\":\"Weltladen Haus Bernardin, Gau-Algesheim - Weltladen Gau-Algesheim\",\"isPartOf\":{\"@id\":\"https:\/\/weltlaeden.de\/gau-algesheim\/#website\"},\"primaryImageOfPage\":{\"@id\":\"https:\/\/weltlaeden.de\/gau-algesheim\/#primaryimage\"},\"image\":{\"@id\":\"https:\/\/weltlaeden.de\/gau-algesheim\/#primaryimage\"},\"thumbnailUrl\":\"https:\/\/weltlaeden.de\/gau-algesheim\/wp-content\/uploads\/sites\/149\/2026\/02\/Weltladen-Poster_End.jpg\",\"datePublished\":\"2016-10-14T07:05:21+00:00\",\"dateModified\":\"2026-02-23T14:43:00+00:00\",\"breadcrumb\":{\"@id\":\"https:\/\/weltlaeden.de\/gau-algesheim\/#breadcrumb\"},\"inLanguage\":\"de\",\"potentialAction\":[{\"@type\":\"ReadAction\",\"target\":[\"https:\/\/weltlaeden.de\/gau-algesheim\/\"]}]},{\"@type\":\"ImageObject\",\"inLanguage\":\"de\",\"@id\":\"https:\/\/weltlaeden.de\/gau-algesheim\/#primaryimage\",\"url\":\"https:\/\/weltlaeden.de\/gau-algesheim\/wp-content\/uploads\/sites\/149\/2026\/02\/Weltladen-Poster_End.jpg\",\"contentUrl\":\"https:\/\/weltlaeden.de\/gau-algesheim\/wp-content\/uploads\/sites\/149\/2026\/02\/Weltladen-Poster_End.jpg\",\"width\":1754,\"height\":2480},{\"@type\":\"BreadcrumbList\",\"@id\":\"https:\/\/weltlaeden.de\/gau-algesheim\/#breadcrumb\",\"itemListElement\":[{\"@type\":\"ListItem\",\"position\":1,\"name\":\"Startseite\",\"item\":\"https:\/\/weltlaeden.de\/gau-algesheim\/\"},{\"@type\":\"ListItem\",\"position\":2,\"name\":\"Weltladen Haus Bernardin, Gau-Algesheim\"}]},{\"@type\":\"WebSite\",\"@id\":\"https:\/\/weltlaeden.de\/gau-algesheim\/#website\",\"url\":\"https:\/\/weltlaeden.de\/gau-algesheim\/\",\"name\":\"Weltladen Gau-Algesheim\",\"description\":\"Fairer Handel in Gau-Algesheim seit 1986\",\"potentialAction\":[{\"@type\":\"SearchAction\",\"target\":{\"@type\":\"EntryPoint\",\"urlTemplate\":\"https:\/\/weltlaeden.de\/gau-algesheim\/?s={search_term_string}\"},\"query-input\":{\"@type\":\"PropertyValueSpecification\",\"valueRequired\":true,\"valueName\":\"search_term_string\"}}],\"inLanguage\":\"de\"}]}<\/script>\n<!-- \/ Yoast SEO plugin. -->","yoast_head_json":{"title":"Weltladen Haus Bernardin, Gau-Algesheim - Weltladen Gau-Algesheim","robots":{"index":"index","follow":"follow","max-snippet":"max-snippet:-1","max-image-preview":"max-image-preview:large","max-video-preview":"max-video-preview:-1"},"canonical":"https:\/\/weltlaeden.de\/gau-algesheim\/","og_locale":"de_DE","og_type":"article","og_title":"Weltladen Haus Bernardin, Gau-Algesheim - Weltladen Gau-Algesheim","og_description":"[vc_row][vc_column][vc_row_inner][vc_column_inner][\/vc_column_inner][\/vc_row_inner][vc_video link=&#8220;https:\/\/vimeo.com\/571569567&#8243;][\/vc_column][\/vc_row][vc_row][vc_column][vc_column_text] Willkommen im Weltladen Haus Bernardin, Gau-Algesheim [\/vc_column_text][vc_column_text]In unserem Weltladen finden Sie hunderte Produkte aus fairem Handel aus den unterschiedlichsten L\u00e4ndern. Wenn Sie jetzt nur an Schokolade und Kaffee denken, werden Sie \u00fcberrascht sein. Kommen Sie uns besuchen oder gehen Sie weiter auf unserer Homepage auf &#8222;Weltreise&#8220;.[\/vc_column_text][\/vc_column][\/vc_row][vc_row][vc_column][vc_column_text] Unsere Ziele [\/vc_column_text][vc_empty_space height=&#8220;20px&#8220;][vc_row_inner][vc_column_inner width=&#8220;1\/4&#8243;][\/vc_column_inner][vc_column_inner width=&#8220;3\/4&#8243;][vc_column_text] Zufriedene&hellip;","og_url":"https:\/\/weltlaeden.de\/gau-algesheim\/","og_site_name":"Weltladen Gau-Algesheim","article_modified_time":"2026-02-23T14:43:00+00:00","og_image":[{"width":1754,"height":2480,"url":"https:\/\/weltlaeden.de\/gau-algesheim\/wp-content\/uploads\/sites\/149\/2026\/02\/Weltladen-Poster_End.jpg","type":"image\/jpeg"}],"twitter_card":"summary_large_image","twitter_misc":{"Gesch\u00e4tzte Lesezeit":"2\u00a0Minuten"},"schema":{"@context":"https:\/\/schema.org","@graph":[{"@type":"WebPage","@id":"https:\/\/weltlaeden.de\/gau-algesheim\/","url":"https:\/\/weltlaeden.de\/gau-algesheim\/","name":"Weltladen Haus Bernardin, Gau-Algesheim - Weltladen Gau-Algesheim","isPartOf":{"@id":"https:\/\/weltlaeden.de\/gau-algesheim\/#website"},"primaryImageOfPage":{"@id":"https:\/\/weltlaeden.de\/gau-algesheim\/#primaryimage"},"image":{"@id":"https:\/\/weltlaeden.de\/gau-algesheim\/#primaryimage"},"thumbnailUrl":"https:\/\/weltlaeden.de\/gau-algesheim\/wp-content\/uploads\/sites\/149\/2026\/02\/Weltladen-Poster_End.jpg","datePublished":"2016-10-14T07:05:21+00:00","dateModified":"2026-02-23T14:43:00+00:00","breadcrumb":{"@id":"https:\/\/weltlaeden.de\/gau-algesheim\/#breadcrumb"},"inLanguage":"de","potentialAction":[{"@type":"ReadAction","target":["https:\/\/weltlaeden.de\/gau-algesheim\/"]}]},{"@type":"ImageObject","inLanguage":"de","@id":"https:\/\/weltlaeden.de\/gau-algesheim\/#primaryimage","url":"https:\/\/weltlaeden.de\/gau-algesheim\/wp-content\/uploads\/sites\/149\/2026\/02\/Weltladen-Poster_End.jpg","contentUrl":"https:\/\/weltlaeden.de\/gau-algesheim\/wp-content\/uploads\/sites\/149\/2026\/02\/Weltladen-Poster_End.jpg","width":1754,"height":2480},{"@type":"BreadcrumbList","@id":"https:\/\/weltlaeden.de\/gau-algesheim\/#breadcrumb","itemListElement":[{"@type":"ListItem","position":1,"name":"Startseite","item":"https:\/\/weltlaeden.de\/gau-algesheim\/"},{"@type":"ListItem","position":2,"name":"Weltladen Haus Bernardin, Gau-Algesheim"}]},{"@type":"WebSite","@id":"https:\/\/weltlaeden.de\/gau-algesheim\/#website","url":"https:\/\/weltlaeden.de\/gau-algesheim\/","name":"Weltladen Gau-Algesheim","description":"Fairer Handel in Gau-Algesheim seit 1986","potentialAction":[{"@type":"SearchAction","target":{"@type":"EntryPoint","urlTemplate":"https:\/\/weltlaeden.de\/gau-algesheim\/?s={search_term_string}"},"query-input":{"@type":"PropertyValueSpecification","valueRequired":true,"valueName":"search_term_string"}}],"inLanguage":"de"}]}},"_links":{"self":[{"href":"https:\/\/weltlaeden.de\/gau-algesheim\/wp-json\/wp\/v2\/pages\/20","targetHints":{"allow":["GET"]}}],"collection":[{"href":"https:\/\/weltlaeden.de\/gau-algesheim\/wp-json\/wp\/v2\/pages"}],"about":[{"href":"https:\/\/weltlaeden.de\/gau-algesheim\/wp-json\/wp\/v2\/types\/page"}],"author":[{"embeddable":true,"href":"https:\/\/weltlaeden.de\/gau-algesheim\/wp-json\/wp\/v2\/users\/1"}],"replies":[{"embeddable":true,"href":"https:\/\/weltlaeden.de\/gau-algesheim\/wp-json\/wp\/v2\/comments?post=20"}],"version-history":[{"count":97,"href":"https:\/\/weltlaeden.de\/gau-algesheim\/wp-json\/wp\/v2\/pages\/20\/revisions"}],"predecessor-version":[{"id":1238,"href":"https:\/\/weltlaeden.de\/gau-algesheim\/wp-json\/wp\/v2\/pages\/20\/revisions\/1238"}],"wp:attachment":[{"href":"https:\/\/weltlaeden.de\/gau-algesheim\/wp-json\/wp\/v2\/media?parent=20"}],"curies":[{"name":"wp","href":"https:\/\/api.w.org\/{rel}","templated":true}]}}