{"id":842,"date":"2022-03-13T16:32:23","date_gmt":"2022-03-13T15:32:23","guid":{"rendered":"https:\/\/weltlaeden.de\/freudenstadt\/?page_id=842"},"modified":"2025-07-30T10:53:19","modified_gmt":"2025-07-30T08:53:19","slug":"geschenkkorb","status":"publish","type":"page","link":"https:\/\/weltlaeden.de\/freudenstadt\/unser-sortiment\/geschenkkorb\/","title":{"rendered":"geschenkkorb"},"content":{"rendered":"<div class=\"wpb-content-wrapper\"><p>[vc_row][vc_column width=&#8220;1\/2&#8243;][vc_column_text]<\/p>\n<div class=\"wpb_text_column wpb_content_element \">\n<div class=\"wpb_wrapper\">\n<h3>Wir bieten Ihnen Geschenkk\u00f6rbe in verschiedenen Gr\u00f6\u00dfen an.<\/h3>\n<p>Gerne gehen wir auf Ihre individuellen W\u00fcnsche ein.<\/p>\n<p>&nbsp;<\/p>\n<p>Preise: je nach Ausstattung ab 20,00 Euro.<\/p>\n<p>&nbsp;<\/p>\n<\/div>\n<\/div>\n<p>Gerne stellen wir Ihnen auch einen Leihkorb zu Verf\u00fcgung[\/vc_column_text][\/vc_column][vc_column width=&#8220;1\/2&#8243;]<div class=\"wl_einzelbild\"><p><img loading=\"lazy\" decoding=\"async\" class=\"alignnone wp-image-837 size-medium\" src=\"https:\/\/weltlaeden.de\/freudenstadt\/wp-content\/uploads\/sites\/173\/2022\/03\/alle4-300x261.jpg\" alt=\"\" width=\"300\" height=\"261\" srcset=\"https:\/\/weltlaeden.de\/freudenstadt\/wp-content\/uploads\/sites\/173\/2022\/03\/alle4-300x261.jpg 300w, https:\/\/weltlaeden.de\/freudenstadt\/wp-content\/uploads\/sites\/173\/2022\/03\/alle4-1024x892.jpg 1024w, https:\/\/weltlaeden.de\/freudenstadt\/wp-content\/uploads\/sites\/173\/2022\/03\/alle4-768x669.jpg 768w, https:\/\/weltlaeden.de\/freudenstadt\/wp-content\/uploads\/sites\/173\/2022\/03\/alle4-1536x1337.jpg 1536w, https:\/\/weltlaeden.de\/freudenstadt\/wp-content\/uploads\/sites\/173\/2022\/03\/alle4-2048x1783.jpg 2048w, https:\/\/weltlaeden.de\/freudenstadt\/wp-content\/uploads\/sites\/173\/2022\/03\/alle4-scaled.jpg 1920w\" sizes=\"auto, (max-width: 300px) 100vw, 300px\" \/><\/p><\/div>[\/vc_column][\/vc_row][vc_row][vc_column][vc_empty_space][\/vc_column][\/vc_row][vc_row][vc_column width=&#8220;1\/3&#8243;]<div class=\"wl_einzelbild\"><p><img loading=\"lazy\" decoding=\"async\" class=\"alignnone size-medium wp-image-1879\" src=\"https:\/\/weltlaeden.de\/freudenstadt\/wp-content\/uploads\/sites\/173\/2025\/07\/1_Kuechenfee-294x300.jpg\" alt=\"\" width=\"294\" height=\"300\" srcset=\"https:\/\/weltlaeden.de\/freudenstadt\/wp-content\/uploads\/sites\/173\/2025\/07\/1_Kuechenfee-294x300.jpg 294w, https:\/\/weltlaeden.de\/freudenstadt\/wp-content\/uploads\/sites\/173\/2025\/07\/1_Kuechenfee-1002x1024.jpg 1002w, https:\/\/weltlaeden.de\/freudenstadt\/wp-content\/uploads\/sites\/173\/2025\/07\/1_Kuechenfee-768x785.jpg 768w, https:\/\/weltlaeden.de\/freudenstadt\/wp-content\/uploads\/sites\/173\/2025\/07\/1_Kuechenfee.jpg 1468w\" sizes=\"auto, (max-width: 294px) 100vw, 294px\" \/><img loading=\"lazy\" decoding=\"async\" class=\"alignnone size-medium wp-image-1881\" src=\"https:\/\/weltlaeden.de\/freudenstadt\/wp-content\/uploads\/sites\/173\/2025\/07\/3_Feierabend-225x300.jpg\" alt=\"\" width=\"225\" height=\"300\" srcset=\"https:\/\/weltlaeden.de\/freudenstadt\/wp-content\/uploads\/sites\/173\/2025\/07\/3_Feierabend-225x300.jpg 225w, https:\/\/weltlaeden.de\/freudenstadt\/wp-content\/uploads\/sites\/173\/2025\/07\/3_Feierabend-768x1024.jpg 768w, https:\/\/weltlaeden.de\/freudenstadt\/wp-content\/uploads\/sites\/173\/2025\/07\/3_Feierabend-1152x1536.jpg 1152w, https:\/\/weltlaeden.de\/freudenstadt\/wp-content\/uploads\/sites\/173\/2025\/07\/3_Feierabend.jpg 1500w\" sizes=\"auto, (max-width: 225px) 100vw, 225px\" \/><\/p><\/div>[\/vc_column][vc_column width=&#8220;1\/3&#8243;]<div class=\"wl_einzelbild\"><p><img loading=\"lazy\" decoding=\"async\" class=\"alignnone size-medium wp-image-1880\" src=\"https:\/\/weltlaeden.de\/freudenstadt\/wp-content\/uploads\/sites\/173\/2025\/07\/2_lass-die-Seele-baumeln-300x225.jpg\" alt=\"\" width=\"300\" height=\"225\" srcset=\"https:\/\/weltlaeden.de\/freudenstadt\/wp-content\/uploads\/sites\/173\/2025\/07\/2_lass-die-Seele-baumeln-300x225.jpg 300w, https:\/\/weltlaeden.de\/freudenstadt\/wp-content\/uploads\/sites\/173\/2025\/07\/2_lass-die-Seele-baumeln-1024x768.jpg 1024w, https:\/\/weltlaeden.de\/freudenstadt\/wp-content\/uploads\/sites\/173\/2025\/07\/2_lass-die-Seele-baumeln-768x576.jpg 768w, https:\/\/weltlaeden.de\/freudenstadt\/wp-content\/uploads\/sites\/173\/2025\/07\/2_lass-die-Seele-baumeln-1536x1152.jpg 1536w, https:\/\/weltlaeden.de\/freudenstadt\/wp-content\/uploads\/sites\/173\/2025\/07\/2_lass-die-Seele-baumeln.jpg 1826w\" sizes=\"auto, (max-width: 300px) 100vw, 300px\" \/><img loading=\"lazy\" decoding=\"async\" class=\"alignnone size-medium wp-image-1882\" src=\"https:\/\/weltlaeden.de\/freudenstadt\/wp-content\/uploads\/sites\/173\/2025\/07\/4_Geniesser-300x250.jpg\" alt=\"\" width=\"300\" height=\"250\" srcset=\"https:\/\/weltlaeden.de\/freudenstadt\/wp-content\/uploads\/sites\/173\/2025\/07\/4_Geniesser-300x250.jpg 300w, https:\/\/weltlaeden.de\/freudenstadt\/wp-content\/uploads\/sites\/173\/2025\/07\/4_Geniesser-1024x852.jpg 1024w, https:\/\/weltlaeden.de\/freudenstadt\/wp-content\/uploads\/sites\/173\/2025\/07\/4_Geniesser-768x639.jpg 768w, https:\/\/weltlaeden.de\/freudenstadt\/wp-content\/uploads\/sites\/173\/2025\/07\/4_Geniesser-1536x1278.jpg 1536w, https:\/\/weltlaeden.de\/freudenstadt\/wp-content\/uploads\/sites\/173\/2025\/07\/4_Geniesser.jpg 1653w\" sizes=\"auto, (max-width: 300px) 100vw, 300px\" \/><\/p><\/div>[\/vc_column][vc_column width=&#8220;1\/3&#8243;]<div class=\"wl_einzelbild\"><p><img loading=\"lazy\" decoding=\"async\" class=\"alignnone size-medium wp-image-1883\" src=\"https:\/\/weltlaeden.de\/freudenstadt\/wp-content\/uploads\/sites\/173\/2025\/07\/5_Muntermacher-300x261.jpg\" alt=\"\" width=\"300\" height=\"261\" srcset=\"https:\/\/weltlaeden.de\/freudenstadt\/wp-content\/uploads\/sites\/173\/2025\/07\/5_Muntermacher-300x261.jpg 300w, https:\/\/weltlaeden.de\/freudenstadt\/wp-content\/uploads\/sites\/173\/2025\/07\/5_Muntermacher-1024x890.jpg 1024w, https:\/\/weltlaeden.de\/freudenstadt\/wp-content\/uploads\/sites\/173\/2025\/07\/5_Muntermacher-768x667.jpg 768w, https:\/\/weltlaeden.de\/freudenstadt\/wp-content\/uploads\/sites\/173\/2025\/07\/5_Muntermacher-1536x1334.jpg 1536w, https:\/\/weltlaeden.de\/freudenstadt\/wp-content\/uploads\/sites\/173\/2025\/07\/5_Muntermacher.jpg 1584w\" sizes=\"auto, (max-width: 300px) 100vw, 300px\" \/><img loading=\"lazy\" decoding=\"async\" class=\"alignnone size-medium wp-image-1884\" src=\"https:\/\/weltlaeden.de\/freudenstadt\/wp-content\/uploads\/sites\/173\/2025\/07\/6_Geschenkkorb-300x300.jpg\" alt=\"\" width=\"300\" height=\"300\" srcset=\"https:\/\/weltlaeden.de\/freudenstadt\/wp-content\/uploads\/sites\/173\/2025\/07\/6_Geschenkkorb-300x300.jpg 300w, https:\/\/weltlaeden.de\/freudenstadt\/wp-content\/uploads\/sites\/173\/2025\/07\/6_Geschenkkorb-1020x1024.jpg 1020w, https:\/\/weltlaeden.de\/freudenstadt\/wp-content\/uploads\/sites\/173\/2025\/07\/6_Geschenkkorb-150x150.jpg 150w, https:\/\/weltlaeden.de\/freudenstadt\/wp-content\/uploads\/sites\/173\/2025\/07\/6_Geschenkkorb-768x771.jpg 768w, https:\/\/weltlaeden.de\/freudenstadt\/wp-content\/uploads\/sites\/173\/2025\/07\/6_Geschenkkorb-1529x1536.jpg 1529w, https:\/\/weltlaeden.de\/freudenstadt\/wp-content\/uploads\/sites\/173\/2025\/07\/6_Geschenkkorb-2039x2048.jpg 2039w\" sizes=\"auto, (max-width: 300px) 100vw, 300px\" \/><\/p><\/div>[\/vc_column][\/vc_row]<\/p>\n<\/div>","protected":false},"excerpt":{"rendered":"<p>[vc_row][vc_column width=&#8220;1\/2&#8243;][vc_column_text] Wir bieten Ihnen Geschenkk\u00f6rbe in verschiedenen Gr\u00f6\u00dfen an. Gerne gehen wir auf Ihre individuellen W\u00fcnsche ein. &nbsp; Preise: je nach Ausstattung ab 20,00 Euro. &nbsp; Gerne stellen wir Ihnen auch einen Leihkorb zu Verf\u00fcgung[\/vc_column_text][\/vc_column][vc_column width=&#8220;1\/2&#8243;][\/vc_column][\/vc_row][vc_row][vc_column][vc_empty_space][\/vc_column][\/vc_row][vc_row][vc_column width=&#8220;1\/3&#8243;][\/vc_column][vc_column width=&#8220;1\/3&#8243;][\/vc_column][vc_column width=&#8220;1\/3&#8243;][\/vc_column][\/vc_row]<\/p>\n","protected":false},"author":253,"featured_media":0,"parent":217,"menu_order":5,"comment_status":"closed","ping_status":"closed","template":"","meta":{"footnotes":""},"class_list":["post-842","page","type-page","status-publish","hentry","description-off"],"yoast_head":"<!-- This site is optimized with the Yoast SEO plugin v26.8 - https:\/\/yoast.com\/product\/yoast-seo-wordpress\/ -->\n<title>geschenkkorb - Weltladen Freudenstadt<\/title>\n<meta name=\"robots\" content=\"index, follow, max-snippet:-1, max-image-preview:large, max-video-preview:-1\" \/>\n<link rel=\"canonical\" href=\"https:\/\/weltlaeden.de\/freudenstadt\/unser-sortiment\/geschenkkorb\/\" \/>\n<meta property=\"og:locale\" content=\"de_DE\" \/>\n<meta property=\"og:type\" content=\"article\" \/>\n<meta property=\"og:title\" content=\"geschenkkorb - Weltladen Freudenstadt\" \/>\n<meta property=\"og:description\" content=\"[vc_row][vc_column width=&#8220;1\/2&#8243;][vc_column_text] Wir bieten Ihnen Geschenkk\u00f6rbe in verschiedenen Gr\u00f6\u00dfen an. Gerne gehen wir auf Ihre individuellen W\u00fcnsche ein. &nbsp; Preise: je nach Ausstattung ab 20,00 Euro. &nbsp; Gerne stellen wir Ihnen auch einen Leihkorb zu Verf\u00fcgung[\/vc_column_text][\/vc_column][vc_column width=&#8220;1\/2&#8243;][\/vc_column][\/vc_row][vc_row][vc_column][vc_empty_space][\/vc_column][\/vc_row][vc_row][vc_column width=&#8220;1\/3&#8243;][\/vc_column][vc_column width=&#8220;1\/3&#8243;][\/vc_column][vc_column width=&#8220;1\/3&#8243;][\/vc_column][\/vc_row]\" \/>\n<meta property=\"og:url\" content=\"https:\/\/weltlaeden.de\/freudenstadt\/unser-sortiment\/geschenkkorb\/\" \/>\n<meta property=\"og:site_name\" content=\"Weltladen Freudenstadt\" \/>\n<meta property=\"article:modified_time\" content=\"2025-07-30T08:53:19+00:00\" \/>\n<meta property=\"og:image\" content=\"https:\/\/weltlaeden.de\/freudenstadt\/wp-content\/uploads\/sites\/173\/2022\/03\/alle4-scaled.jpg\" \/>\n\t<meta property=\"og:image:width\" content=\"1920\" \/>\n\t<meta property=\"og:image:height\" content=\"1672\" \/>\n\t<meta property=\"og:image:type\" content=\"image\/jpeg\" \/>\n<meta name=\"twitter:card\" content=\"summary_large_image\" \/>\n<meta name=\"twitter:label1\" content=\"Gesch\u00e4tzte Lesezeit\" \/>\n\t<meta name=\"twitter:data1\" content=\"2\u00a0Minuten\" \/>\n<script type=\"application\/ld+json\" class=\"yoast-schema-graph\">{\"@context\":\"https:\/\/schema.org\",\"@graph\":[{\"@type\":\"WebPage\",\"@id\":\"https:\/\/weltlaeden.de\/freudenstadt\/unser-sortiment\/geschenkkorb\/\",\"url\":\"https:\/\/weltlaeden.de\/freudenstadt\/unser-sortiment\/geschenkkorb\/\",\"name\":\"geschenkkorb - Weltladen Freudenstadt\",\"isPartOf\":{\"@id\":\"https:\/\/weltlaeden.de\/freudenstadt\/#website\"},\"primaryImageOfPage\":{\"@id\":\"https:\/\/weltlaeden.de\/freudenstadt\/unser-sortiment\/geschenkkorb\/#primaryimage\"},\"image\":{\"@id\":\"https:\/\/weltlaeden.de\/freudenstadt\/unser-sortiment\/geschenkkorb\/#primaryimage\"},\"thumbnailUrl\":\"https:\/\/weltlaeden.de\/freudenstadt\/wp-content\/uploads\/sites\/173\/2022\/03\/alle4-300x261.jpg\",\"datePublished\":\"2022-03-13T15:32:23+00:00\",\"dateModified\":\"2025-07-30T08:53:19+00:00\",\"breadcrumb\":{\"@id\":\"https:\/\/weltlaeden.de\/freudenstadt\/unser-sortiment\/geschenkkorb\/#breadcrumb\"},\"inLanguage\":\"de\",\"potentialAction\":[{\"@type\":\"ReadAction\",\"target\":[\"https:\/\/weltlaeden.de\/freudenstadt\/unser-sortiment\/geschenkkorb\/\"]}]},{\"@type\":\"ImageObject\",\"inLanguage\":\"de\",\"@id\":\"https:\/\/weltlaeden.de\/freudenstadt\/unser-sortiment\/geschenkkorb\/#primaryimage\",\"url\":\"https:\/\/weltlaeden.de\/freudenstadt\/wp-content\/uploads\/sites\/173\/2022\/03\/alle4-300x261.jpg\",\"contentUrl\":\"https:\/\/weltlaeden.de\/freudenstadt\/wp-content\/uploads\/sites\/173\/2022\/03\/alle4-300x261.jpg\"},{\"@type\":\"BreadcrumbList\",\"@id\":\"https:\/\/weltlaeden.de\/freudenstadt\/unser-sortiment\/geschenkkorb\/#breadcrumb\",\"itemListElement\":[{\"@type\":\"ListItem\",\"position\":1,\"name\":\"Startseite\",\"item\":\"https:\/\/weltlaeden.de\/freudenstadt\/\"},{\"@type\":\"ListItem\",\"position\":2,\"name\":\"unser sortiment\",\"item\":\"https:\/\/weltlaeden.de\/freudenstadt\/unser-sortiment\/\"},{\"@type\":\"ListItem\",\"position\":3,\"name\":\"geschenkkorb\"}]},{\"@type\":\"WebSite\",\"@id\":\"https:\/\/weltlaeden.de\/freudenstadt\/#website\",\"url\":\"https:\/\/weltlaeden.de\/freudenstadt\/\",\"name\":\"Weltladen Freudenstadt\",\"description\":\"Faire Produkte seit 1990\",\"potentialAction\":[{\"@type\":\"SearchAction\",\"target\":{\"@type\":\"EntryPoint\",\"urlTemplate\":\"https:\/\/weltlaeden.de\/freudenstadt\/?s={search_term_string}\"},\"query-input\":{\"@type\":\"PropertyValueSpecification\",\"valueRequired\":true,\"valueName\":\"search_term_string\"}}],\"inLanguage\":\"de\"}]}<\/script>\n<!-- \/ Yoast SEO plugin. -->","yoast_head_json":{"title":"geschenkkorb - Weltladen Freudenstadt","robots":{"index":"index","follow":"follow","max-snippet":"max-snippet:-1","max-image-preview":"max-image-preview:large","max-video-preview":"max-video-preview:-1"},"canonical":"https:\/\/weltlaeden.de\/freudenstadt\/unser-sortiment\/geschenkkorb\/","og_locale":"de_DE","og_type":"article","og_title":"geschenkkorb - Weltladen Freudenstadt","og_description":"[vc_row][vc_column width=&#8220;1\/2&#8243;][vc_column_text] Wir bieten Ihnen Geschenkk\u00f6rbe in verschiedenen Gr\u00f6\u00dfen an. Gerne gehen wir auf Ihre individuellen W\u00fcnsche ein. &nbsp; Preise: je nach Ausstattung ab 20,00 Euro. &nbsp; Gerne stellen wir Ihnen auch einen Leihkorb zu Verf\u00fcgung[\/vc_column_text][\/vc_column][vc_column width=&#8220;1\/2&#8243;][\/vc_column][\/vc_row][vc_row][vc_column][vc_empty_space][\/vc_column][\/vc_row][vc_row][vc_column width=&#8220;1\/3&#8243;][\/vc_column][vc_column width=&#8220;1\/3&#8243;][\/vc_column][vc_column width=&#8220;1\/3&#8243;][\/vc_column][\/vc_row]","og_url":"https:\/\/weltlaeden.de\/freudenstadt\/unser-sortiment\/geschenkkorb\/","og_site_name":"Weltladen Freudenstadt","article_modified_time":"2025-07-30T08:53:19+00:00","og_image":[{"width":1920,"height":1672,"url":"https:\/\/weltlaeden.de\/freudenstadt\/wp-content\/uploads\/sites\/173\/2022\/03\/alle4-scaled.jpg","type":"image\/jpeg"}],"twitter_card":"summary_large_image","twitter_misc":{"Gesch\u00e4tzte Lesezeit":"2\u00a0Minuten"},"schema":{"@context":"https:\/\/schema.org","@graph":[{"@type":"WebPage","@id":"https:\/\/weltlaeden.de\/freudenstadt\/unser-sortiment\/geschenkkorb\/","url":"https:\/\/weltlaeden.de\/freudenstadt\/unser-sortiment\/geschenkkorb\/","name":"geschenkkorb - Weltladen Freudenstadt","isPartOf":{"@id":"https:\/\/weltlaeden.de\/freudenstadt\/#website"},"primaryImageOfPage":{"@id":"https:\/\/weltlaeden.de\/freudenstadt\/unser-sortiment\/geschenkkorb\/#primaryimage"},"image":{"@id":"https:\/\/weltlaeden.de\/freudenstadt\/unser-sortiment\/geschenkkorb\/#primaryimage"},"thumbnailUrl":"https:\/\/weltlaeden.de\/freudenstadt\/wp-content\/uploads\/sites\/173\/2022\/03\/alle4-300x261.jpg","datePublished":"2022-03-13T15:32:23+00:00","dateModified":"2025-07-30T08:53:19+00:00","breadcrumb":{"@id":"https:\/\/weltlaeden.de\/freudenstadt\/unser-sortiment\/geschenkkorb\/#breadcrumb"},"inLanguage":"de","potentialAction":[{"@type":"ReadAction","target":["https:\/\/weltlaeden.de\/freudenstadt\/unser-sortiment\/geschenkkorb\/"]}]},{"@type":"ImageObject","inLanguage":"de","@id":"https:\/\/weltlaeden.de\/freudenstadt\/unser-sortiment\/geschenkkorb\/#primaryimage","url":"https:\/\/weltlaeden.de\/freudenstadt\/wp-content\/uploads\/sites\/173\/2022\/03\/alle4-300x261.jpg","contentUrl":"https:\/\/weltlaeden.de\/freudenstadt\/wp-content\/uploads\/sites\/173\/2022\/03\/alle4-300x261.jpg"},{"@type":"BreadcrumbList","@id":"https:\/\/weltlaeden.de\/freudenstadt\/unser-sortiment\/geschenkkorb\/#breadcrumb","itemListElement":[{"@type":"ListItem","position":1,"name":"Startseite","item":"https:\/\/weltlaeden.de\/freudenstadt\/"},{"@type":"ListItem","position":2,"name":"unser sortiment","item":"https:\/\/weltlaeden.de\/freudenstadt\/unser-sortiment\/"},{"@type":"ListItem","position":3,"name":"geschenkkorb"}]},{"@type":"WebSite","@id":"https:\/\/weltlaeden.de\/freudenstadt\/#website","url":"https:\/\/weltlaeden.de\/freudenstadt\/","name":"Weltladen Freudenstadt","description":"Faire Produkte seit 1990","potentialAction":[{"@type":"SearchAction","target":{"@type":"EntryPoint","urlTemplate":"https:\/\/weltlaeden.de\/freudenstadt\/?s={search_term_string}"},"query-input":{"@type":"PropertyValueSpecification","valueRequired":true,"valueName":"search_term_string"}}],"inLanguage":"de"}]}},"_links":{"self":[{"href":"https:\/\/weltlaeden.de\/freudenstadt\/wp-json\/wp\/v2\/pages\/842","targetHints":{"allow":["GET"]}}],"collection":[{"href":"https:\/\/weltlaeden.de\/freudenstadt\/wp-json\/wp\/v2\/pages"}],"about":[{"href":"https:\/\/weltlaeden.de\/freudenstadt\/wp-json\/wp\/v2\/types\/page"}],"author":[{"embeddable":true,"href":"https:\/\/weltlaeden.de\/freudenstadt\/wp-json\/wp\/v2\/users\/253"}],"replies":[{"embeddable":true,"href":"https:\/\/weltlaeden.de\/freudenstadt\/wp-json\/wp\/v2\/comments?post=842"}],"version-history":[{"count":13,"href":"https:\/\/weltlaeden.de\/freudenstadt\/wp-json\/wp\/v2\/pages\/842\/revisions"}],"predecessor-version":[{"id":1886,"href":"https:\/\/weltlaeden.de\/freudenstadt\/wp-json\/wp\/v2\/pages\/842\/revisions\/1886"}],"up":[{"embeddable":true,"href":"https:\/\/weltlaeden.de\/freudenstadt\/wp-json\/wp\/v2\/pages\/217"}],"wp:attachment":[{"href":"https:\/\/weltlaeden.de\/freudenstadt\/wp-json\/wp\/v2\/media?parent=842"}],"curies":[{"name":"wp","href":"https:\/\/api.w.org\/{rel}","templated":true}]}}