{"id":748,"date":"2022-02-24T18:01:54","date_gmt":"2022-02-24T17:01:54","guid":{"rendered":"https:\/\/weltlaeden.de\/freudenstadt\/?page_id=748"},"modified":"2024-07-04T18:28:09","modified_gmt":"2024-07-04T16:28:09","slug":"suedfruechte","status":"publish","type":"page","link":"https:\/\/weltlaeden.de\/freudenstadt\/unser-sortiment\/suedfruechte\/","title":{"rendered":"S\u00fcdfr\u00fcchte"},"content":{"rendered":"<div class=\"wpb-content-wrapper\"><p>[vc_row][vc_column][vc_column_text css=&#8220;&#8220;]S\u00fcdfr\u00fcchte<\/p>\n<div class=\"wpb_text_column wpb_content_element \">\n<div class=\"wpb_wrapper\">\n<ul>\n<li><strong>W\u00f6chentlich<\/strong>\u00a0 erhalten wir fair produzierte Bananen \u00fcber Bana Fair<\/li>\n<li><strong>In der Winterzeit<\/strong> au\u00dferdem aus Europa Orangen, Clementinen und Zitronen.<\/li>\n<li>Ingwer, Avocados, Ananas und Maracujus aus Uganda.<\/li>\n<li><strong>Einmalig Mangoaktion<\/strong> ( Mai ) aus Bukina Faso f\u00fcr ein Schulprojekt<\/li>\n<\/ul>\n<\/div>\n<\/div>\n<p>[\/vc_column_text][\/vc_column][\/vc_row][vc_row][vc_column width=&#8220;1\/2&#8243;]<div class=\"wl_einzelbild\"><p><img loading=\"lazy\" decoding=\"async\" class=\"alignnone size-medium wp-image-771\" src=\"https:\/\/weltlaeden.de\/freudenstadt\/wp-content\/uploads\/sites\/173\/2022\/03\/sued01-300x300.jpg\" alt=\"\" width=\"300\" height=\"300\" srcset=\"https:\/\/weltlaeden.de\/freudenstadt\/wp-content\/uploads\/sites\/173\/2022\/03\/sued01-300x300.jpg 300w, https:\/\/weltlaeden.de\/freudenstadt\/wp-content\/uploads\/sites\/173\/2022\/03\/sued01-1021x1024.jpg 1021w, https:\/\/weltlaeden.de\/freudenstadt\/wp-content\/uploads\/sites\/173\/2022\/03\/sued01-150x150.jpg 150w, https:\/\/weltlaeden.de\/freudenstadt\/wp-content\/uploads\/sites\/173\/2022\/03\/sued01-768x770.jpg 768w, https:\/\/weltlaeden.de\/freudenstadt\/wp-content\/uploads\/sites\/173\/2022\/03\/sued01-1532x1536.jpg 1532w, https:\/\/weltlaeden.de\/freudenstadt\/wp-content\/uploads\/sites\/173\/2022\/03\/sued01-2042x2048.jpg 2042w, https:\/\/weltlaeden.de\/freudenstadt\/wp-content\/uploads\/sites\/173\/2022\/03\/sued01-scaled.jpg 1915w\" sizes=\"auto, (max-width: 300px) 100vw, 300px\" \/><\/p><\/div>[\/vc_column][vc_column width=&#8220;1\/2&#8243;]<div class=\"wl_einzelbild\"><p><img loading=\"lazy\" decoding=\"async\" class=\"alignnone size-medium wp-image-773\" src=\"https:\/\/weltlaeden.de\/freudenstadt\/wp-content\/uploads\/sites\/173\/2022\/03\/Sued03-300x300.jpg\" alt=\"\" width=\"300\" height=\"300\" srcset=\"https:\/\/weltlaeden.de\/freudenstadt\/wp-content\/uploads\/sites\/173\/2022\/03\/Sued03-300x300.jpg 300w, https:\/\/weltlaeden.de\/freudenstadt\/wp-content\/uploads\/sites\/173\/2022\/03\/Sued03-1024x1024.jpg 1024w, https:\/\/weltlaeden.de\/freudenstadt\/wp-content\/uploads\/sites\/173\/2022\/03\/Sued03-150x150.jpg 150w, https:\/\/weltlaeden.de\/freudenstadt\/wp-content\/uploads\/sites\/173\/2022\/03\/Sued03-768x768.jpg 768w, https:\/\/weltlaeden.de\/freudenstadt\/wp-content\/uploads\/sites\/173\/2022\/03\/Sued03-1536x1536.jpg 1536w, https:\/\/weltlaeden.de\/freudenstadt\/wp-content\/uploads\/sites\/173\/2022\/03\/Sued03-2048x2048.jpg 2048w, https:\/\/weltlaeden.de\/freudenstadt\/wp-content\/uploads\/sites\/173\/2022\/03\/Sued03-scaled.jpg 1920w\" sizes=\"auto, (max-width: 300px) 100vw, 300px\" \/><\/p><\/div>[\/vc_column][\/vc_row][vc_row][vc_column width=&#8220;1\/2&#8243;]<div class=\"wl_einzelbild\"><p><img loading=\"lazy\" decoding=\"async\" class=\"alignnone size-medium wp-image-925\" src=\"https:\/\/weltlaeden.de\/freudenstadt\/wp-content\/uploads\/sites\/173\/2022\/03\/sued05-300x223.jpg\" alt=\"\" width=\"300\" height=\"223\" srcset=\"https:\/\/weltlaeden.de\/freudenstadt\/wp-content\/uploads\/sites\/173\/2022\/03\/sued05-300x223.jpg 300w, https:\/\/weltlaeden.de\/freudenstadt\/wp-content\/uploads\/sites\/173\/2022\/03\/sued05-1024x763.jpg 1024w, https:\/\/weltlaeden.de\/freudenstadt\/wp-content\/uploads\/sites\/173\/2022\/03\/sued05-768x572.jpg 768w, https:\/\/weltlaeden.de\/freudenstadt\/wp-content\/uploads\/sites\/173\/2022\/03\/sued05-1536x1144.jpg 1536w, https:\/\/weltlaeden.de\/freudenstadt\/wp-content\/uploads\/sites\/173\/2022\/03\/sued05-2048x1525.jpg 2048w, https:\/\/weltlaeden.de\/freudenstadt\/wp-content\/uploads\/sites\/173\/2022\/03\/sued05-scaled.jpg 1920w\" sizes=\"auto, (max-width: 300px) 100vw, 300px\" \/><\/p><\/div>[\/vc_column][vc_column width=&#8220;1\/2&#8243;]<div class=\"wl_einzelbild\"><p><img loading=\"lazy\" decoding=\"async\" class=\"alignnone size-medium wp-image-770\" src=\"https:\/\/weltlaeden.de\/freudenstadt\/wp-content\/uploads\/sites\/173\/2022\/03\/Sued04-300x232.jpg\" alt=\"\" width=\"300\" height=\"232\" srcset=\"https:\/\/weltlaeden.de\/freudenstadt\/wp-content\/uploads\/sites\/173\/2022\/03\/Sued04-300x232.jpg 300w, https:\/\/weltlaeden.de\/freudenstadt\/wp-content\/uploads\/sites\/173\/2022\/03\/Sued04-1024x791.jpg 1024w, https:\/\/weltlaeden.de\/freudenstadt\/wp-content\/uploads\/sites\/173\/2022\/03\/Sued04-768x593.jpg 768w, https:\/\/weltlaeden.de\/freudenstadt\/wp-content\/uploads\/sites\/173\/2022\/03\/Sued04-1536x1186.jpg 1536w, https:\/\/weltlaeden.de\/freudenstadt\/wp-content\/uploads\/sites\/173\/2022\/03\/Sued04-2048x1582.jpg 2048w, https:\/\/weltlaeden.de\/freudenstadt\/wp-content\/uploads\/sites\/173\/2022\/03\/Sued04-scaled.jpg 1920w\" sizes=\"auto, (max-width: 300px) 100vw, 300px\" \/><\/p><\/div>[\/vc_column][\/vc_row]<\/p>\n<\/div>","protected":false},"excerpt":{"rendered":"<p>[vc_row][vc_column][vc_column_text css=&#8220;&#8220;]S\u00fcdfr\u00fcchte W\u00f6chentlich\u00a0 erhalten wir fair produzierte Bananen \u00fcber Bana Fair In der Winterzeit au\u00dferdem aus Europa Orangen, Clementinen und Zitronen. Ingwer, Avocados, Ananas und Maracujus aus Uganda. Einmalig Mangoaktion ( Mai ) aus Bukina Faso f\u00fcr ein Schulprojekt [\/vc_column_text][\/vc_column][\/vc_row][vc_row][vc_column width=&#8220;1\/2&#8243;][\/vc_column][vc_column width=&#8220;1\/2&#8243;][\/vc_column][\/vc_row][vc_row][vc_column width=&#8220;1\/2&#8243;][\/vc_column][vc_column width=&#8220;1\/2&#8243;][\/vc_column][\/vc_row]<\/p>\n","protected":false},"author":253,"featured_media":0,"parent":217,"menu_order":0,"comment_status":"closed","ping_status":"closed","template":"","meta":{"footnotes":""},"class_list":["post-748","page","type-page","status-publish","hentry","description-off"],"yoast_head":"<!-- This site is optimized with the Yoast SEO plugin v26.8 - https:\/\/yoast.com\/product\/yoast-seo-wordpress\/ -->\n<title>S\u00fcdfr\u00fcchte - Weltladen Freudenstadt<\/title>\n<meta name=\"robots\" content=\"index, follow, max-snippet:-1, max-image-preview:large, max-video-preview:-1\" \/>\n<link rel=\"canonical\" href=\"https:\/\/weltlaeden.de\/freudenstadt\/unser-sortiment\/suedfruechte\/\" \/>\n<meta property=\"og:locale\" content=\"de_DE\" \/>\n<meta property=\"og:type\" content=\"article\" \/>\n<meta property=\"og:title\" content=\"S\u00fcdfr\u00fcchte - Weltladen Freudenstadt\" \/>\n<meta property=\"og:description\" content=\"[vc_row][vc_column][vc_column_text css=&#8220;&#8220;]S\u00fcdfr\u00fcchte W\u00f6chentlich\u00a0 erhalten wir fair produzierte Bananen \u00fcber Bana Fair In der Winterzeit au\u00dferdem aus Europa Orangen, Clementinen und Zitronen. Ingwer, Avocados, Ananas und Maracujus aus Uganda. Einmalig Mangoaktion ( Mai ) aus Bukina Faso f\u00fcr ein Schulprojekt [\/vc_column_text][\/vc_column][\/vc_row][vc_row][vc_column width=&#8220;1\/2&#8243;][\/vc_column][vc_column width=&#8220;1\/2&#8243;][\/vc_column][\/vc_row][vc_row][vc_column width=&#8220;1\/2&#8243;][\/vc_column][vc_column width=&#8220;1\/2&#8243;][\/vc_column][\/vc_row]\" \/>\n<meta property=\"og:url\" content=\"https:\/\/weltlaeden.de\/freudenstadt\/unser-sortiment\/suedfruechte\/\" \/>\n<meta property=\"og:site_name\" content=\"Weltladen Freudenstadt\" \/>\n<meta property=\"article:modified_time\" content=\"2024-07-04T16:28:09+00:00\" \/>\n<meta property=\"og:image\" content=\"https:\/\/weltlaeden.de\/freudenstadt\/wp-content\/uploads\/sites\/173\/2022\/03\/sued01-300x300.jpg\" \/>\n<meta name=\"twitter:card\" content=\"summary_large_image\" \/>\n<meta name=\"twitter:label1\" content=\"Gesch\u00e4tzte Lesezeit\" \/>\n\t<meta name=\"twitter:data1\" content=\"2\u00a0Minuten\" \/>\n<script type=\"application\/ld+json\" class=\"yoast-schema-graph\">{\"@context\":\"https:\/\/schema.org\",\"@graph\":[{\"@type\":\"WebPage\",\"@id\":\"https:\/\/weltlaeden.de\/freudenstadt\/unser-sortiment\/suedfruechte\/\",\"url\":\"https:\/\/weltlaeden.de\/freudenstadt\/unser-sortiment\/suedfruechte\/\",\"name\":\"S\u00fcdfr\u00fcchte - Weltladen Freudenstadt\",\"isPartOf\":{\"@id\":\"https:\/\/weltlaeden.de\/freudenstadt\/#website\"},\"primaryImageOfPage\":{\"@id\":\"https:\/\/weltlaeden.de\/freudenstadt\/unser-sortiment\/suedfruechte\/#primaryimage\"},\"image\":{\"@id\":\"https:\/\/weltlaeden.de\/freudenstadt\/unser-sortiment\/suedfruechte\/#primaryimage\"},\"thumbnailUrl\":\"https:\/\/weltlaeden.de\/freudenstadt\/wp-content\/uploads\/sites\/173\/2022\/03\/sued01-300x300.jpg\",\"datePublished\":\"2022-02-24T17:01:54+00:00\",\"dateModified\":\"2024-07-04T16:28:09+00:00\",\"breadcrumb\":{\"@id\":\"https:\/\/weltlaeden.de\/freudenstadt\/unser-sortiment\/suedfruechte\/#breadcrumb\"},\"inLanguage\":\"de\",\"potentialAction\":[{\"@type\":\"ReadAction\",\"target\":[\"https:\/\/weltlaeden.de\/freudenstadt\/unser-sortiment\/suedfruechte\/\"]}]},{\"@type\":\"ImageObject\",\"inLanguage\":\"de\",\"@id\":\"https:\/\/weltlaeden.de\/freudenstadt\/unser-sortiment\/suedfruechte\/#primaryimage\",\"url\":\"https:\/\/weltlaeden.de\/freudenstadt\/wp-content\/uploads\/sites\/173\/2022\/03\/sued01-300x300.jpg\",\"contentUrl\":\"https:\/\/weltlaeden.de\/freudenstadt\/wp-content\/uploads\/sites\/173\/2022\/03\/sued01-300x300.jpg\"},{\"@type\":\"BreadcrumbList\",\"@id\":\"https:\/\/weltlaeden.de\/freudenstadt\/unser-sortiment\/suedfruechte\/#breadcrumb\",\"itemListElement\":[{\"@type\":\"ListItem\",\"position\":1,\"name\":\"Startseite\",\"item\":\"https:\/\/weltlaeden.de\/freudenstadt\/\"},{\"@type\":\"ListItem\",\"position\":2,\"name\":\"unser sortiment\",\"item\":\"https:\/\/weltlaeden.de\/freudenstadt\/unser-sortiment\/\"},{\"@type\":\"ListItem\",\"position\":3,\"name\":\"S\u00fcdfr\u00fcchte\"}]},{\"@type\":\"WebSite\",\"@id\":\"https:\/\/weltlaeden.de\/freudenstadt\/#website\",\"url\":\"https:\/\/weltlaeden.de\/freudenstadt\/\",\"name\":\"Weltladen Freudenstadt\",\"description\":\"Faire Produkte seit 1990\",\"potentialAction\":[{\"@type\":\"SearchAction\",\"target\":{\"@type\":\"EntryPoint\",\"urlTemplate\":\"https:\/\/weltlaeden.de\/freudenstadt\/?s={search_term_string}\"},\"query-input\":{\"@type\":\"PropertyValueSpecification\",\"valueRequired\":true,\"valueName\":\"search_term_string\"}}],\"inLanguage\":\"de\"}]}<\/script>\n<!-- \/ Yoast SEO plugin. -->","yoast_head_json":{"title":"S\u00fcdfr\u00fcchte - Weltladen Freudenstadt","robots":{"index":"index","follow":"follow","max-snippet":"max-snippet:-1","max-image-preview":"max-image-preview:large","max-video-preview":"max-video-preview:-1"},"canonical":"https:\/\/weltlaeden.de\/freudenstadt\/unser-sortiment\/suedfruechte\/","og_locale":"de_DE","og_type":"article","og_title":"S\u00fcdfr\u00fcchte - Weltladen Freudenstadt","og_description":"[vc_row][vc_column][vc_column_text css=&#8220;&#8220;]S\u00fcdfr\u00fcchte W\u00f6chentlich\u00a0 erhalten wir fair produzierte Bananen \u00fcber Bana Fair In der Winterzeit au\u00dferdem aus Europa Orangen, Clementinen und Zitronen. Ingwer, Avocados, Ananas und Maracujus aus Uganda. Einmalig Mangoaktion ( Mai ) aus Bukina Faso f\u00fcr ein Schulprojekt [\/vc_column_text][\/vc_column][\/vc_row][vc_row][vc_column width=&#8220;1\/2&#8243;][\/vc_column][vc_column width=&#8220;1\/2&#8243;][\/vc_column][\/vc_row][vc_row][vc_column width=&#8220;1\/2&#8243;][\/vc_column][vc_column width=&#8220;1\/2&#8243;][\/vc_column][\/vc_row]","og_url":"https:\/\/weltlaeden.de\/freudenstadt\/unser-sortiment\/suedfruechte\/","og_site_name":"Weltladen Freudenstadt","article_modified_time":"2024-07-04T16:28:09+00:00","og_image":[{"url":"https:\/\/weltlaeden.de\/freudenstadt\/wp-content\/uploads\/sites\/173\/2022\/03\/sued01-300x300.jpg","type":"","width":"","height":""}],"twitter_card":"summary_large_image","twitter_misc":{"Gesch\u00e4tzte Lesezeit":"2\u00a0Minuten"},"schema":{"@context":"https:\/\/schema.org","@graph":[{"@type":"WebPage","@id":"https:\/\/weltlaeden.de\/freudenstadt\/unser-sortiment\/suedfruechte\/","url":"https:\/\/weltlaeden.de\/freudenstadt\/unser-sortiment\/suedfruechte\/","name":"S\u00fcdfr\u00fcchte - Weltladen Freudenstadt","isPartOf":{"@id":"https:\/\/weltlaeden.de\/freudenstadt\/#website"},"primaryImageOfPage":{"@id":"https:\/\/weltlaeden.de\/freudenstadt\/unser-sortiment\/suedfruechte\/#primaryimage"},"image":{"@id":"https:\/\/weltlaeden.de\/freudenstadt\/unser-sortiment\/suedfruechte\/#primaryimage"},"thumbnailUrl":"https:\/\/weltlaeden.de\/freudenstadt\/wp-content\/uploads\/sites\/173\/2022\/03\/sued01-300x300.jpg","datePublished":"2022-02-24T17:01:54+00:00","dateModified":"2024-07-04T16:28:09+00:00","breadcrumb":{"@id":"https:\/\/weltlaeden.de\/freudenstadt\/unser-sortiment\/suedfruechte\/#breadcrumb"},"inLanguage":"de","potentialAction":[{"@type":"ReadAction","target":["https:\/\/weltlaeden.de\/freudenstadt\/unser-sortiment\/suedfruechte\/"]}]},{"@type":"ImageObject","inLanguage":"de","@id":"https:\/\/weltlaeden.de\/freudenstadt\/unser-sortiment\/suedfruechte\/#primaryimage","url":"https:\/\/weltlaeden.de\/freudenstadt\/wp-content\/uploads\/sites\/173\/2022\/03\/sued01-300x300.jpg","contentUrl":"https:\/\/weltlaeden.de\/freudenstadt\/wp-content\/uploads\/sites\/173\/2022\/03\/sued01-300x300.jpg"},{"@type":"BreadcrumbList","@id":"https:\/\/weltlaeden.de\/freudenstadt\/unser-sortiment\/suedfruechte\/#breadcrumb","itemListElement":[{"@type":"ListItem","position":1,"name":"Startseite","item":"https:\/\/weltlaeden.de\/freudenstadt\/"},{"@type":"ListItem","position":2,"name":"unser sortiment","item":"https:\/\/weltlaeden.de\/freudenstadt\/unser-sortiment\/"},{"@type":"ListItem","position":3,"name":"S\u00fcdfr\u00fcchte"}]},{"@type":"WebSite","@id":"https:\/\/weltlaeden.de\/freudenstadt\/#website","url":"https:\/\/weltlaeden.de\/freudenstadt\/","name":"Weltladen Freudenstadt","description":"Faire Produkte seit 1990","potentialAction":[{"@type":"SearchAction","target":{"@type":"EntryPoint","urlTemplate":"https:\/\/weltlaeden.de\/freudenstadt\/?s={search_term_string}"},"query-input":{"@type":"PropertyValueSpecification","valueRequired":true,"valueName":"search_term_string"}}],"inLanguage":"de"}]}},"_links":{"self":[{"href":"https:\/\/weltlaeden.de\/freudenstadt\/wp-json\/wp\/v2\/pages\/748","targetHints":{"allow":["GET"]}}],"collection":[{"href":"https:\/\/weltlaeden.de\/freudenstadt\/wp-json\/wp\/v2\/pages"}],"about":[{"href":"https:\/\/weltlaeden.de\/freudenstadt\/wp-json\/wp\/v2\/types\/page"}],"author":[{"embeddable":true,"href":"https:\/\/weltlaeden.de\/freudenstadt\/wp-json\/wp\/v2\/users\/253"}],"replies":[{"embeddable":true,"href":"https:\/\/weltlaeden.de\/freudenstadt\/wp-json\/wp\/v2\/comments?post=748"}],"version-history":[{"count":13,"href":"https:\/\/weltlaeden.de\/freudenstadt\/wp-json\/wp\/v2\/pages\/748\/revisions"}],"predecessor-version":[{"id":1732,"href":"https:\/\/weltlaeden.de\/freudenstadt\/wp-json\/wp\/v2\/pages\/748\/revisions\/1732"}],"up":[{"embeddable":true,"href":"https:\/\/weltlaeden.de\/freudenstadt\/wp-json\/wp\/v2\/pages\/217"}],"wp:attachment":[{"href":"https:\/\/weltlaeden.de\/freudenstadt\/wp-json\/wp\/v2\/media?parent=748"}],"curies":[{"name":"wp","href":"https:\/\/api.w.org\/{rel}","templated":true}]}}