{"id":361,"date":"2018-04-05T09:52:53","date_gmt":"2018-04-05T07:52:53","guid":{"rendered":"https:\/\/weltlaeden.de\/freudenstadt\/?page_id=361"},"modified":"2026-01-31T16:37:48","modified_gmt":"2026-01-31T15:37:48","slug":"aktuelles","status":"publish","type":"page","link":"https:\/\/weltlaeden.de\/freudenstadt\/aktuelles\/","title":{"rendered":"Aktuelles"},"content":{"rendered":"<div class=\"wpb-content-wrapper\"><p>[vc_row][vc_column][vc_column_text css=&#8220;&#8220;]<\/p>\n<h1 style=\"text-align: center\">Aktuelles<\/h1>\n<p>[\/vc_column_text][vc_empty_space][\/vc_column][\/vc_row][vc_row][vc_column][vc_separator][vc_column_text css=&#8220;&#8220;]<\/p>\n<h2 style=\"text-align: center\"><strong>Kundenbrief &#8211; Februar 2026<\/strong><\/h2>\n<p style=\"text-align: center\"><span style=\"color: #ff0000\"><a style=\"color: #ff0000\" href=\"https:\/\/weltlaeden.de\/freudenstadt\/wp-content\/uploads\/sites\/173\/2026\/01\/K.pdf\">Bitte lesen<\/a><\/span><\/p>\n<p>[\/vc_column_text][vc_separator][vc_separator css=&#8220;&#8220;][\/vc_column][\/vc_row][vc_row][vc_column][vc_empty_space][\/vc_column][\/vc_row][vc_row][vc_column width=&#8220;1\/3&#8243;]<div class=\"wl_einzelbild\"><p><img loading=\"lazy\" decoding=\"async\" class=\"alignnone size-medium wp-image-1359\" src=\"https:\/\/weltlaeden.de\/freudenstadt\/wp-content\/uploads\/sites\/173\/2023\/01\/POIS-300x262.jpg\" alt=\"\" width=\"300\" height=\"262\" srcset=\"https:\/\/weltlaeden.de\/freudenstadt\/wp-content\/uploads\/sites\/173\/2023\/01\/POIS-300x262.jpg 300w, https:\/\/weltlaeden.de\/freudenstadt\/wp-content\/uploads\/sites\/173\/2023\/01\/POIS.jpg 374w\" sizes=\"auto, (max-width: 300px) 100vw, 300px\" \/><\/p><\/div>[\/vc_column][vc_column width=&#8220;1\/3&#8243;]<div class=\"wl_einzelbild\"><p><img loading=\"lazy\" decoding=\"async\" class=\"alignnone size-medium wp-image-1360\" src=\"https:\/\/weltlaeden.de\/freudenstadt\/wp-content\/uploads\/sites\/173\/2023\/01\/Pois-Garage-202x300.jpg\" alt=\"\" width=\"202\" height=\"300\" srcset=\"https:\/\/weltlaeden.de\/freudenstadt\/wp-content\/uploads\/sites\/173\/2023\/01\/Pois-Garage-202x300.jpg 202w, https:\/\/weltlaeden.de\/freudenstadt\/wp-content\/uploads\/sites\/173\/2023\/01\/Pois-Garage-689x1024.jpg 689w, https:\/\/weltlaeden.de\/freudenstadt\/wp-content\/uploads\/sites\/173\/2023\/01\/Pois-Garage-768x1141.jpg 768w, https:\/\/weltlaeden.de\/freudenstadt\/wp-content\/uploads\/sites\/173\/2023\/01\/Pois-Garage-1033x1536.jpg 1033w, https:\/\/weltlaeden.de\/freudenstadt\/wp-content\/uploads\/sites\/173\/2023\/01\/Pois-Garage-scaled.jpg 1378w\" sizes=\"auto, (max-width: 202px) 100vw, 202px\" \/><\/p><\/div>[\/vc_column][vc_column width=&#8220;1\/3&#8243;][vc_column_text]Pois steht f\u00fcr fair gehandelte Waren aus Portugal<\/p>\n<p>Das von Kleinbauern angebaute Obst und Gem\u00fcse ist unbehandelt und kommt auf direktem Weg zum Verbraucher.\u00a0 Die Bestellung kann auf der Webseite <a href=\"http:\/\/www.pois-portugal.de\/\">www.pois-portugal.de<\/a> aufgegeben werden (1 x im Monat). Unser Weltladen dient als Anlaufstelle (jeweils von Herbst bis Fr\u00fchjahr).<\/p>\n<p>Eine Auswahl an S\u00fcdfr\u00fcchten wird auch in unserem Ladengesch\u00e4ft frei verkauft.[\/vc_column_text][\/vc_column][\/vc_row][vc_row][vc_column][vc_separator][vc_empty_space][vc_column_text]<\/p>\n<h2 style=\"text-align: center\"><span style=\"color: #ff0000\">Allgemeine Preiserh\u00f6hung<\/span><\/h2>\n<p style=\"text-align: center\">auf Grund der allgemeinen Situation sehen wir uns gezwungen, die h\u00f6heren Einkaufskosten weiter zu geben.\u00a0 ( Transport, Verpackung, usw.)<\/p>\n<p>[\/vc_column_text][vc_empty_space][vc_separator][\/vc_column][\/vc_row][vc_row][vc_column width=&#8220;1\/2&#8243;]<div class=\"wl_einzelbild\"><p><img loading=\"lazy\" decoding=\"async\" class=\"wp-image-914 size-thumbnail aligncenter\" src=\"https:\/\/weltlaeden.de\/freudenstadt\/wp-content\/uploads\/sites\/173\/2022\/03\/Kabel-150x150.jpg\" alt=\"\" width=\"150\" height=\"150\" \/><\/p><\/div>[\/vc_column][vc_column width=&#8220;1\/2&#8243;][vc_empty_space][vc_column_text]<\/p>\n<p>Wir sammeln Kabel\u00a0 ohne Stecker<\/p>\n<p>wertvoller Rohstoff Kupfer[\/vc_column_text][vc_column_text][\/vc_column_text][\/vc_column][\/vc_row][vc_row][vc_column width=&#8220;1\/2&#8243;][vc_separator]<div class=\"wl_einzelbild\"><p><img loading=\"lazy\" decoding=\"async\" class=\"wp-image-904 size-thumbnail aligncenter\" src=\"https:\/\/weltlaeden.de\/freudenstadt\/wp-content\/uploads\/sites\/173\/2022\/03\/Mobile-150x150.jpg\" alt=\"\" width=\"150\" height=\"150\" \/><\/p><\/div>[\/vc_column][vc_column width=&#8220;1\/2&#8243;][vc_column_text]wir sammeln Mobiles oder sells oder neudeutsch Handys<\/p>\n<p>&nbsp;<\/p>\n<p>wertvolle Rohstoffe zur nachhaltigen Verwertung[\/vc_column_text][\/vc_column][\/vc_row][vc_row][vc_column][vc_column_text css=&#8220;&#8220;]<\/p>\n<p style=\"text-align: center\"><strong>Siegel<\/strong><\/p>\n<p>[\/vc_column_text][vc_single_image image=&#8220;1796&#8243; img_size=&#8220;large&#8220; css=&#8220;&#8220; title=&#8220;Siegel&#8220;][\/vc_column][\/vc_row]<\/p>\n<\/div>","protected":false},"excerpt":{"rendered":"<p>[vc_row][vc_column][vc_column_text css=&#8220;&#8220;] Aktuelles [\/vc_column_text][vc_empty_space][\/vc_column][\/vc_row][vc_row][vc_column][vc_separator][vc_column_text css=&#8220;&#8220;] Kundenbrief &#8211; Februar 2026 Bitte lesen [\/vc_column_text][vc_separator][vc_separator css=&#8220;&#8220;][\/vc_column][\/vc_row][vc_row][vc_column][vc_empty_space][\/vc_column][\/vc_row][vc_row][vc_column width=&#8220;1\/3&#8243;][\/vc_column][vc_column width=&#8220;1\/3&#8243;][\/vc_column][vc_column width=&#8220;1\/3&#8243;][vc_column_text]Pois steht f\u00fcr fair gehandelte Waren aus Portugal Das von Kleinbauern angebaute Obst und Gem\u00fcse ist unbehandelt und kommt auf direktem Weg zum Verbraucher.\u00a0 Die Bestellung kann auf der Webseite www.pois-portugal.de aufgegeben werden (1 x im Monat). Unser Weltladen dient&hellip;<\/p>\n","protected":false},"author":1,"featured_media":605,"parent":0,"menu_order":1,"comment_status":"closed","ping_status":"closed","template":"","meta":{"footnotes":""},"class_list":["post-361","page","type-page","status-publish","has-post-thumbnail","hentry","description-off"],"yoast_head":"<!-- This site is optimized with the Yoast SEO plugin v26.8 - https:\/\/yoast.com\/product\/yoast-seo-wordpress\/ -->\n<title>Aktuelles - Weltladen Freudenstadt<\/title>\n<meta name=\"robots\" content=\"index, follow, max-snippet:-1, max-image-preview:large, max-video-preview:-1\" \/>\n<link rel=\"canonical\" href=\"https:\/\/weltlaeden.de\/freudenstadt\/aktuelles\/\" \/>\n<meta property=\"og:locale\" content=\"de_DE\" \/>\n<meta property=\"og:type\" content=\"article\" \/>\n<meta property=\"og:title\" content=\"Aktuelles - Weltladen Freudenstadt\" \/>\n<meta property=\"og:description\" content=\"[vc_row][vc_column][vc_column_text css=&#8220;&#8220;] Aktuelles [\/vc_column_text][vc_empty_space][\/vc_column][\/vc_row][vc_row][vc_column][vc_separator][vc_column_text css=&#8220;&#8220;] Kundenbrief &#8211; Februar 2026 Bitte lesen [\/vc_column_text][vc_separator][vc_separator css=&#8220;&#8220;][\/vc_column][\/vc_row][vc_row][vc_column][vc_empty_space][\/vc_column][\/vc_row][vc_row][vc_column width=&#8220;1\/3&#8243;][\/vc_column][vc_column width=&#8220;1\/3&#8243;][\/vc_column][vc_column width=&#8220;1\/3&#8243;][vc_column_text]Pois steht f\u00fcr fair gehandelte Waren aus Portugal Das von Kleinbauern angebaute Obst und Gem\u00fcse ist unbehandelt und kommt auf direktem Weg zum Verbraucher.\u00a0 Die Bestellung kann auf der Webseite www.pois-portugal.de aufgegeben werden (1 x im Monat). Unser Weltladen dient&hellip;\" \/>\n<meta property=\"og:url\" content=\"https:\/\/weltlaeden.de\/freudenstadt\/aktuelles\/\" \/>\n<meta property=\"og:site_name\" content=\"Weltladen Freudenstadt\" \/>\n<meta property=\"article:modified_time\" content=\"2026-01-31T15:37:48+00:00\" \/>\n<meta property=\"og:image\" content=\"https:\/\/weltlaeden.de\/freudenstadt\/wp-content\/uploads\/sites\/173\/2022\/01\/Angebot_des_Monats.jpg\" \/>\n\t<meta property=\"og:image:width\" content=\"181\" \/>\n\t<meta property=\"og:image:height\" content=\"92\" \/>\n\t<meta property=\"og:image:type\" content=\"image\/jpeg\" \/>\n<meta name=\"twitter:card\" content=\"summary_large_image\" \/>\n<meta name=\"twitter:label1\" content=\"Gesch\u00e4tzte Lesezeit\" \/>\n\t<meta name=\"twitter:data1\" content=\"2\u00a0Minuten\" \/>\n<script type=\"application\/ld+json\" class=\"yoast-schema-graph\">{\"@context\":\"https:\/\/schema.org\",\"@graph\":[{\"@type\":\"WebPage\",\"@id\":\"https:\/\/weltlaeden.de\/freudenstadt\/aktuelles\/\",\"url\":\"https:\/\/weltlaeden.de\/freudenstadt\/aktuelles\/\",\"name\":\"Aktuelles - Weltladen Freudenstadt\",\"isPartOf\":{\"@id\":\"https:\/\/weltlaeden.de\/freudenstadt\/#website\"},\"primaryImageOfPage\":{\"@id\":\"https:\/\/weltlaeden.de\/freudenstadt\/aktuelles\/#primaryimage\"},\"image\":{\"@id\":\"https:\/\/weltlaeden.de\/freudenstadt\/aktuelles\/#primaryimage\"},\"thumbnailUrl\":\"https:\/\/weltlaeden.de\/freudenstadt\/wp-content\/uploads\/sites\/173\/2022\/01\/Angebot_des_Monats.jpg\",\"datePublished\":\"2018-04-05T07:52:53+00:00\",\"dateModified\":\"2026-01-31T15:37:48+00:00\",\"breadcrumb\":{\"@id\":\"https:\/\/weltlaeden.de\/freudenstadt\/aktuelles\/#breadcrumb\"},\"inLanguage\":\"de\",\"potentialAction\":[{\"@type\":\"ReadAction\",\"target\":[\"https:\/\/weltlaeden.de\/freudenstadt\/aktuelles\/\"]}]},{\"@type\":\"ImageObject\",\"inLanguage\":\"de\",\"@id\":\"https:\/\/weltlaeden.de\/freudenstadt\/aktuelles\/#primaryimage\",\"url\":\"https:\/\/weltlaeden.de\/freudenstadt\/wp-content\/uploads\/sites\/173\/2022\/01\/Angebot_des_Monats.jpg\",\"contentUrl\":\"https:\/\/weltlaeden.de\/freudenstadt\/wp-content\/uploads\/sites\/173\/2022\/01\/Angebot_des_Monats.jpg\",\"width\":181,\"height\":92},{\"@type\":\"BreadcrumbList\",\"@id\":\"https:\/\/weltlaeden.de\/freudenstadt\/aktuelles\/#breadcrumb\",\"itemListElement\":[{\"@type\":\"ListItem\",\"position\":1,\"name\":\"Startseite\",\"item\":\"https:\/\/weltlaeden.de\/freudenstadt\/\"},{\"@type\":\"ListItem\",\"position\":2,\"name\":\"Aktuelles\"}]},{\"@type\":\"WebSite\",\"@id\":\"https:\/\/weltlaeden.de\/freudenstadt\/#website\",\"url\":\"https:\/\/weltlaeden.de\/freudenstadt\/\",\"name\":\"Weltladen Freudenstadt\",\"description\":\"Faire Produkte seit 1990\",\"potentialAction\":[{\"@type\":\"SearchAction\",\"target\":{\"@type\":\"EntryPoint\",\"urlTemplate\":\"https:\/\/weltlaeden.de\/freudenstadt\/?s={search_term_string}\"},\"query-input\":{\"@type\":\"PropertyValueSpecification\",\"valueRequired\":true,\"valueName\":\"search_term_string\"}}],\"inLanguage\":\"de\"}]}<\/script>\n<!-- \/ Yoast SEO plugin. -->","yoast_head_json":{"title":"Aktuelles - Weltladen Freudenstadt","robots":{"index":"index","follow":"follow","max-snippet":"max-snippet:-1","max-image-preview":"max-image-preview:large","max-video-preview":"max-video-preview:-1"},"canonical":"https:\/\/weltlaeden.de\/freudenstadt\/aktuelles\/","og_locale":"de_DE","og_type":"article","og_title":"Aktuelles - Weltladen Freudenstadt","og_description":"[vc_row][vc_column][vc_column_text css=&#8220;&#8220;] Aktuelles [\/vc_column_text][vc_empty_space][\/vc_column][\/vc_row][vc_row][vc_column][vc_separator][vc_column_text css=&#8220;&#8220;] Kundenbrief &#8211; Februar 2026 Bitte lesen [\/vc_column_text][vc_separator][vc_separator css=&#8220;&#8220;][\/vc_column][\/vc_row][vc_row][vc_column][vc_empty_space][\/vc_column][\/vc_row][vc_row][vc_column width=&#8220;1\/3&#8243;][\/vc_column][vc_column width=&#8220;1\/3&#8243;][\/vc_column][vc_column width=&#8220;1\/3&#8243;][vc_column_text]Pois steht f\u00fcr fair gehandelte Waren aus Portugal Das von Kleinbauern angebaute Obst und Gem\u00fcse ist unbehandelt und kommt auf direktem Weg zum Verbraucher.\u00a0 Die Bestellung kann auf der Webseite www.pois-portugal.de aufgegeben werden (1 x im Monat). Unser Weltladen dient&hellip;","og_url":"https:\/\/weltlaeden.de\/freudenstadt\/aktuelles\/","og_site_name":"Weltladen Freudenstadt","article_modified_time":"2026-01-31T15:37:48+00:00","og_image":[{"width":181,"height":92,"url":"https:\/\/weltlaeden.de\/freudenstadt\/wp-content\/uploads\/sites\/173\/2022\/01\/Angebot_des_Monats.jpg","type":"image\/jpeg"}],"twitter_card":"summary_large_image","twitter_misc":{"Gesch\u00e4tzte Lesezeit":"2\u00a0Minuten"},"schema":{"@context":"https:\/\/schema.org","@graph":[{"@type":"WebPage","@id":"https:\/\/weltlaeden.de\/freudenstadt\/aktuelles\/","url":"https:\/\/weltlaeden.de\/freudenstadt\/aktuelles\/","name":"Aktuelles - Weltladen Freudenstadt","isPartOf":{"@id":"https:\/\/weltlaeden.de\/freudenstadt\/#website"},"primaryImageOfPage":{"@id":"https:\/\/weltlaeden.de\/freudenstadt\/aktuelles\/#primaryimage"},"image":{"@id":"https:\/\/weltlaeden.de\/freudenstadt\/aktuelles\/#primaryimage"},"thumbnailUrl":"https:\/\/weltlaeden.de\/freudenstadt\/wp-content\/uploads\/sites\/173\/2022\/01\/Angebot_des_Monats.jpg","datePublished":"2018-04-05T07:52:53+00:00","dateModified":"2026-01-31T15:37:48+00:00","breadcrumb":{"@id":"https:\/\/weltlaeden.de\/freudenstadt\/aktuelles\/#breadcrumb"},"inLanguage":"de","potentialAction":[{"@type":"ReadAction","target":["https:\/\/weltlaeden.de\/freudenstadt\/aktuelles\/"]}]},{"@type":"ImageObject","inLanguage":"de","@id":"https:\/\/weltlaeden.de\/freudenstadt\/aktuelles\/#primaryimage","url":"https:\/\/weltlaeden.de\/freudenstadt\/wp-content\/uploads\/sites\/173\/2022\/01\/Angebot_des_Monats.jpg","contentUrl":"https:\/\/weltlaeden.de\/freudenstadt\/wp-content\/uploads\/sites\/173\/2022\/01\/Angebot_des_Monats.jpg","width":181,"height":92},{"@type":"BreadcrumbList","@id":"https:\/\/weltlaeden.de\/freudenstadt\/aktuelles\/#breadcrumb","itemListElement":[{"@type":"ListItem","position":1,"name":"Startseite","item":"https:\/\/weltlaeden.de\/freudenstadt\/"},{"@type":"ListItem","position":2,"name":"Aktuelles"}]},{"@type":"WebSite","@id":"https:\/\/weltlaeden.de\/freudenstadt\/#website","url":"https:\/\/weltlaeden.de\/freudenstadt\/","name":"Weltladen Freudenstadt","description":"Faire Produkte seit 1990","potentialAction":[{"@type":"SearchAction","target":{"@type":"EntryPoint","urlTemplate":"https:\/\/weltlaeden.de\/freudenstadt\/?s={search_term_string}"},"query-input":{"@type":"PropertyValueSpecification","valueRequired":true,"valueName":"search_term_string"}}],"inLanguage":"de"}]}},"_links":{"self":[{"href":"https:\/\/weltlaeden.de\/freudenstadt\/wp-json\/wp\/v2\/pages\/361","targetHints":{"allow":["GET"]}}],"collection":[{"href":"https:\/\/weltlaeden.de\/freudenstadt\/wp-json\/wp\/v2\/pages"}],"about":[{"href":"https:\/\/weltlaeden.de\/freudenstadt\/wp-json\/wp\/v2\/types\/page"}],"author":[{"embeddable":true,"href":"https:\/\/weltlaeden.de\/freudenstadt\/wp-json\/wp\/v2\/users\/1"}],"replies":[{"embeddable":true,"href":"https:\/\/weltlaeden.de\/freudenstadt\/wp-json\/wp\/v2\/comments?post=361"}],"version-history":[{"count":144,"href":"https:\/\/weltlaeden.de\/freudenstadt\/wp-json\/wp\/v2\/pages\/361\/revisions"}],"predecessor-version":[{"id":1960,"href":"https:\/\/weltlaeden.de\/freudenstadt\/wp-json\/wp\/v2\/pages\/361\/revisions\/1960"}],"wp:featuredmedia":[{"embeddable":true,"href":"https:\/\/weltlaeden.de\/freudenstadt\/wp-json\/wp\/v2\/media\/605"}],"wp:attachment":[{"href":"https:\/\/weltlaeden.de\/freudenstadt\/wp-json\/wp\/v2\/media?parent=361"}],"curies":[{"name":"wp","href":"https:\/\/api.w.org\/{rel}","templated":true}]}}