{"id":23,"date":"2016-10-14T09:05:21","date_gmt":"2016-10-14T07:05:21","guid":{"rendered":"https:\/\/wl.heimpixel.de\/vorlage\/termine\/"},"modified":"2022-03-23T19:42:17","modified_gmt":"2022-03-23T18:42:17","slug":"termine","status":"publish","type":"page","link":"https:\/\/weltlaeden.de\/freudenstadt\/termine\/","title":{"rendered":"Termine"},"content":{"rendered":"<div class=\"wpb-content-wrapper\"><p>[vc_row][vc_column]<div class=\"wl_einzelbild\"><p><img loading=\"lazy\" decoding=\"async\" class=\"alignnone wp-image-756 size-large\" src=\"https:\/\/weltlaeden.de\/freudenstadt\/wp-content\/uploads\/sites\/173\/2022\/02\/Uhr02jpg-1024x567.jpg\" alt=\"\" width=\"1024\" height=\"567\" srcset=\"https:\/\/weltlaeden.de\/freudenstadt\/wp-content\/uploads\/sites\/173\/2022\/02\/Uhr02jpg-1024x567.jpg 1024w, https:\/\/weltlaeden.de\/freudenstadt\/wp-content\/uploads\/sites\/173\/2022\/02\/Uhr02jpg-300x166.jpg 300w, https:\/\/weltlaeden.de\/freudenstadt\/wp-content\/uploads\/sites\/173\/2022\/02\/Uhr02jpg-768x425.jpg 768w, https:\/\/weltlaeden.de\/freudenstadt\/wp-content\/uploads\/sites\/173\/2022\/02\/Uhr02jpg-1536x850.jpg 1536w, https:\/\/weltlaeden.de\/freudenstadt\/wp-content\/uploads\/sites\/173\/2022\/02\/Uhr02jpg-2048x1134.jpg 2048w, https:\/\/weltlaeden.de\/freudenstadt\/wp-content\/uploads\/sites\/173\/2022\/02\/Uhr02jpg-scaled.jpg 1920w\" sizes=\"auto, (max-width: 1024px) 100vw, 1024px\" \/><\/p><\/div>[vc_empty_space height=&#8220;30px&#8220;][vc_column_text]<\/p>\n<h1>Termine<\/h1>\n<h4><\/h4>\n<p>[\/vc_column_text][vc_empty_space height=&#8220;30px&#8220;][\/vc_column][\/vc_row][vc_row][vc_column width=&#8220;2\/3&#8243;][vc_column_text]<\/p>\n<h2>Kommende Termine<\/h2>\n<p>[\/vc_column_text]<ul class=\"termine-page current aktuell\"><li><h5 class=\"termine-titel\"><a href=\"https:\/\/weltlaeden.de\/freudenstadt\/termin\/weltladentreff-2\/\">Weltladentreff<\/a><\/h5><p class=\"termine-date\">Mo., 20.04.2026, 19:00<\/p><p class=\"termine-auszug\">Im Laden<\/li><li><h5 class=\"termine-titel\"><a href=\"https:\/\/weltlaeden.de\/freudenstadt\/termin\/weltladentreff-3\/\">Weltladentreff<\/a><\/h5><p class=\"termine-date\">Mo., 20.07.2026, 19:00<\/p><p class=\"termine-auszug\">Im Laden<\/li><li><h5 class=\"termine-titel\"><a href=\"https:\/\/weltlaeden.de\/freudenstadt\/termin\/mitgliederversammlung\/\">Mitgliederversammlung<\/a><\/h5><p class=\"termine-date\">Mo., 21.09.2026, 19:00<\/p><p class=\"termine-auszug\">Blaues Haus im Christophstal<\/li><\/ul>[vc_empty_space height=&#8220;30px&#8220;][vc_column_text][\/vc_column_text]<ul class=\"termine-page past vergangen\"><li><h5 class=\"termine-titel\"><a href=\"https:\/\/weltlaeden.de\/freudenstadt\/termin\/weltladentreff\/\">Weltladentreff<\/a><\/h5><p class=\"termine-date\">Mo., 09.03.2026, 19:00<\/p><p class=\"termine-auszug\">Im Laden<\/li><li><h5 class=\"termine-titel\"><a href=\"https:\/\/weltlaeden.de\/freudenstadt\/termin\/warum-so-viele-kriege\/\">Vortrag:  Warum so viele Kriege<\/a><\/h5><p class=\"termine-date\">Mi., 25.02.2026, 19:30<\/p><p class=\"termine-auszug\">Vortrag von Andreas\u00a0 Hasenclever : Professor f\u00fcr Friedenforschung Wie sich Demokratien behaupten k\u00f6nnen Bewaffnete Konflikte als Herausforderung f\u00fcr die Demokratie<p class=termine-ort\"><small>Ort: <i>Gemeindesaal Taborkirche Freudenstadt<\/i><\/small><\/p><\/li><\/ul>[\/vc_column][\/vc_row]<\/p>\n<\/div>","protected":false},"excerpt":{"rendered":"<p>[vc_row][vc_column][vc_empty_space height=&#8220;30px&#8220;][vc_column_text] Termine [\/vc_column_text][vc_empty_space height=&#8220;30px&#8220;][\/vc_column][\/vc_row][vc_row][vc_column width=&#8220;2\/3&#8243;][vc_column_text] Kommende Termine [\/vc_column_text][vc_empty_space height=&#8220;30px&#8220;][vc_column_text][\/vc_column_text][\/vc_column][\/vc_row]<\/p>\n","protected":false},"author":1,"featured_media":0,"parent":0,"menu_order":17,"comment_status":"closed","ping_status":"closed","template":"","meta":{"footnotes":""},"class_list":["post-23","page","type-page","status-publish","hentry","description-off"],"yoast_head":"<!-- This site is optimized with the Yoast SEO plugin v26.8 - https:\/\/yoast.com\/product\/yoast-seo-wordpress\/ -->\n<title>Termine - Weltladen Freudenstadt<\/title>\n<meta name=\"robots\" content=\"index, follow, max-snippet:-1, max-image-preview:large, max-video-preview:-1\" \/>\n<link rel=\"canonical\" href=\"https:\/\/weltlaeden.de\/freudenstadt\/termine\/\" \/>\n<meta property=\"og:locale\" content=\"de_DE\" \/>\n<meta property=\"og:type\" content=\"article\" \/>\n<meta property=\"og:title\" content=\"Termine - Weltladen Freudenstadt\" \/>\n<meta property=\"og:description\" content=\"[vc_row][vc_column][vc_empty_space height=&#8220;30px&#8220;][vc_column_text] Termine [\/vc_column_text][vc_empty_space height=&#8220;30px&#8220;][\/vc_column][\/vc_row][vc_row][vc_column width=&#8220;2\/3&#8243;][vc_column_text] Kommende Termine [\/vc_column_text][vc_empty_space height=&#8220;30px&#8220;][vc_column_text][\/vc_column_text][\/vc_column][\/vc_row]\" \/>\n<meta property=\"og:url\" content=\"https:\/\/weltlaeden.de\/freudenstadt\/termine\/\" \/>\n<meta property=\"og:site_name\" content=\"Weltladen Freudenstadt\" \/>\n<meta property=\"article:modified_time\" content=\"2022-03-23T18:42:17+00:00\" \/>\n<meta property=\"og:image\" content=\"https:\/\/weltlaeden.de\/freudenstadt\/wp-content\/uploads\/sites\/173\/2022\/02\/Uhr02jpg-1024x567.jpg\" \/>\n<meta name=\"twitter:card\" content=\"summary_large_image\" \/>\n<meta name=\"twitter:label1\" content=\"Gesch\u00e4tzte Lesezeit\" \/>\n\t<meta name=\"twitter:data1\" content=\"1\u00a0Minute\" \/>\n<script type=\"application\/ld+json\" class=\"yoast-schema-graph\">{\"@context\":\"https:\/\/schema.org\",\"@graph\":[{\"@type\":\"WebPage\",\"@id\":\"https:\/\/weltlaeden.de\/freudenstadt\/termine\/\",\"url\":\"https:\/\/weltlaeden.de\/freudenstadt\/termine\/\",\"name\":\"Termine - Weltladen Freudenstadt\",\"isPartOf\":{\"@id\":\"https:\/\/weltlaeden.de\/freudenstadt\/#website\"},\"primaryImageOfPage\":{\"@id\":\"https:\/\/weltlaeden.de\/freudenstadt\/termine\/#primaryimage\"},\"image\":{\"@id\":\"https:\/\/weltlaeden.de\/freudenstadt\/termine\/#primaryimage\"},\"thumbnailUrl\":\"https:\/\/weltlaeden.de\/freudenstadt\/wp-content\/uploads\/sites\/173\/2022\/02\/Uhr02jpg-1024x567.jpg\",\"datePublished\":\"2016-10-14T07:05:21+00:00\",\"dateModified\":\"2022-03-23T18:42:17+00:00\",\"breadcrumb\":{\"@id\":\"https:\/\/weltlaeden.de\/freudenstadt\/termine\/#breadcrumb\"},\"inLanguage\":\"de\",\"potentialAction\":[{\"@type\":\"ReadAction\",\"target\":[\"https:\/\/weltlaeden.de\/freudenstadt\/termine\/\"]}]},{\"@type\":\"ImageObject\",\"inLanguage\":\"de\",\"@id\":\"https:\/\/weltlaeden.de\/freudenstadt\/termine\/#primaryimage\",\"url\":\"https:\/\/weltlaeden.de\/freudenstadt\/wp-content\/uploads\/sites\/173\/2022\/02\/Uhr02jpg-1024x567.jpg\",\"contentUrl\":\"https:\/\/weltlaeden.de\/freudenstadt\/wp-content\/uploads\/sites\/173\/2022\/02\/Uhr02jpg-1024x567.jpg\"},{\"@type\":\"BreadcrumbList\",\"@id\":\"https:\/\/weltlaeden.de\/freudenstadt\/termine\/#breadcrumb\",\"itemListElement\":[{\"@type\":\"ListItem\",\"position\":1,\"name\":\"Startseite\",\"item\":\"https:\/\/weltlaeden.de\/freudenstadt\/\"},{\"@type\":\"ListItem\",\"position\":2,\"name\":\"Termine\"}]},{\"@type\":\"WebSite\",\"@id\":\"https:\/\/weltlaeden.de\/freudenstadt\/#website\",\"url\":\"https:\/\/weltlaeden.de\/freudenstadt\/\",\"name\":\"Weltladen Freudenstadt\",\"description\":\"Faire Produkte seit 1990\",\"potentialAction\":[{\"@type\":\"SearchAction\",\"target\":{\"@type\":\"EntryPoint\",\"urlTemplate\":\"https:\/\/weltlaeden.de\/freudenstadt\/?s={search_term_string}\"},\"query-input\":{\"@type\":\"PropertyValueSpecification\",\"valueRequired\":true,\"valueName\":\"search_term_string\"}}],\"inLanguage\":\"de\"}]}<\/script>\n<!-- \/ Yoast SEO plugin. -->","yoast_head_json":{"title":"Termine - Weltladen Freudenstadt","robots":{"index":"index","follow":"follow","max-snippet":"max-snippet:-1","max-image-preview":"max-image-preview:large","max-video-preview":"max-video-preview:-1"},"canonical":"https:\/\/weltlaeden.de\/freudenstadt\/termine\/","og_locale":"de_DE","og_type":"article","og_title":"Termine - Weltladen Freudenstadt","og_description":"[vc_row][vc_column][vc_empty_space height=&#8220;30px&#8220;][vc_column_text] Termine [\/vc_column_text][vc_empty_space height=&#8220;30px&#8220;][\/vc_column][\/vc_row][vc_row][vc_column width=&#8220;2\/3&#8243;][vc_column_text] Kommende Termine [\/vc_column_text][vc_empty_space height=&#8220;30px&#8220;][vc_column_text][\/vc_column_text][\/vc_column][\/vc_row]","og_url":"https:\/\/weltlaeden.de\/freudenstadt\/termine\/","og_site_name":"Weltladen Freudenstadt","article_modified_time":"2022-03-23T18:42:17+00:00","og_image":[{"url":"https:\/\/weltlaeden.de\/freudenstadt\/wp-content\/uploads\/sites\/173\/2022\/02\/Uhr02jpg-1024x567.jpg","type":"","width":"","height":""}],"twitter_card":"summary_large_image","twitter_misc":{"Gesch\u00e4tzte Lesezeit":"1\u00a0Minute"},"schema":{"@context":"https:\/\/schema.org","@graph":[{"@type":"WebPage","@id":"https:\/\/weltlaeden.de\/freudenstadt\/termine\/","url":"https:\/\/weltlaeden.de\/freudenstadt\/termine\/","name":"Termine - Weltladen Freudenstadt","isPartOf":{"@id":"https:\/\/weltlaeden.de\/freudenstadt\/#website"},"primaryImageOfPage":{"@id":"https:\/\/weltlaeden.de\/freudenstadt\/termine\/#primaryimage"},"image":{"@id":"https:\/\/weltlaeden.de\/freudenstadt\/termine\/#primaryimage"},"thumbnailUrl":"https:\/\/weltlaeden.de\/freudenstadt\/wp-content\/uploads\/sites\/173\/2022\/02\/Uhr02jpg-1024x567.jpg","datePublished":"2016-10-14T07:05:21+00:00","dateModified":"2022-03-23T18:42:17+00:00","breadcrumb":{"@id":"https:\/\/weltlaeden.de\/freudenstadt\/termine\/#breadcrumb"},"inLanguage":"de","potentialAction":[{"@type":"ReadAction","target":["https:\/\/weltlaeden.de\/freudenstadt\/termine\/"]}]},{"@type":"ImageObject","inLanguage":"de","@id":"https:\/\/weltlaeden.de\/freudenstadt\/termine\/#primaryimage","url":"https:\/\/weltlaeden.de\/freudenstadt\/wp-content\/uploads\/sites\/173\/2022\/02\/Uhr02jpg-1024x567.jpg","contentUrl":"https:\/\/weltlaeden.de\/freudenstadt\/wp-content\/uploads\/sites\/173\/2022\/02\/Uhr02jpg-1024x567.jpg"},{"@type":"BreadcrumbList","@id":"https:\/\/weltlaeden.de\/freudenstadt\/termine\/#breadcrumb","itemListElement":[{"@type":"ListItem","position":1,"name":"Startseite","item":"https:\/\/weltlaeden.de\/freudenstadt\/"},{"@type":"ListItem","position":2,"name":"Termine"}]},{"@type":"WebSite","@id":"https:\/\/weltlaeden.de\/freudenstadt\/#website","url":"https:\/\/weltlaeden.de\/freudenstadt\/","name":"Weltladen Freudenstadt","description":"Faire Produkte seit 1990","potentialAction":[{"@type":"SearchAction","target":{"@type":"EntryPoint","urlTemplate":"https:\/\/weltlaeden.de\/freudenstadt\/?s={search_term_string}"},"query-input":{"@type":"PropertyValueSpecification","valueRequired":true,"valueName":"search_term_string"}}],"inLanguage":"de"}]}},"_links":{"self":[{"href":"https:\/\/weltlaeden.de\/freudenstadt\/wp-json\/wp\/v2\/pages\/23","targetHints":{"allow":["GET"]}}],"collection":[{"href":"https:\/\/weltlaeden.de\/freudenstadt\/wp-json\/wp\/v2\/pages"}],"about":[{"href":"https:\/\/weltlaeden.de\/freudenstadt\/wp-json\/wp\/v2\/types\/page"}],"author":[{"embeddable":true,"href":"https:\/\/weltlaeden.de\/freudenstadt\/wp-json\/wp\/v2\/users\/1"}],"replies":[{"embeddable":true,"href":"https:\/\/weltlaeden.de\/freudenstadt\/wp-json\/wp\/v2\/comments?post=23"}],"version-history":[{"count":17,"href":"https:\/\/weltlaeden.de\/freudenstadt\/wp-json\/wp\/v2\/pages\/23\/revisions"}],"predecessor-version":[{"id":1057,"href":"https:\/\/weltlaeden.de\/freudenstadt\/wp-json\/wp\/v2\/pages\/23\/revisions\/1057"}],"wp:attachment":[{"href":"https:\/\/weltlaeden.de\/freudenstadt\/wp-json\/wp\/v2\/media?parent=23"}],"curies":[{"name":"wp","href":"https:\/\/api.w.org\/{rel}","templated":true}]}}