{"id":20,"date":"2021-11-25T21:10:21","date_gmt":"2021-11-25T20:10:21","guid":{"rendered":"https:\/\/wl.heimpixel.de\/vorlage\/weltladen-musterdorf\/"},"modified":"2026-04-03T12:48:21","modified_gmt":"2026-04-03T10:48:21","slug":"weltladen-musterdorf","status":"publish","type":"page","link":"https:\/\/weltlaeden.de\/freudenstadt\/","title":{"rendered":"Weltladen Freudenstadt"},"content":{"rendered":"<div class=\"wpb-content-wrapper\"><p>[vc_row][vc_column]<div class=\"wl_einzelbild\"><p><\/p>\n<p style=\"padding-left: 40px\"><img loading=\"lazy\" decoding=\"async\" class=\"aligncenter wp-image-664 size-large\" src=\"https:\/\/weltlaeden.de\/freudenstadt\/wp-content\/uploads\/sites\/173\/2022\/02\/neu_22-1024x564.jpg\" alt=\"\" width=\"1024\" height=\"564\" srcset=\"https:\/\/weltlaeden.de\/freudenstadt\/wp-content\/uploads\/sites\/173\/2022\/02\/neu_22-1024x564.jpg 1024w, https:\/\/weltlaeden.de\/freudenstadt\/wp-content\/uploads\/sites\/173\/2022\/02\/neu_22-300x165.jpg 300w, https:\/\/weltlaeden.de\/freudenstadt\/wp-content\/uploads\/sites\/173\/2022\/02\/neu_22-768x423.jpg 768w, https:\/\/weltlaeden.de\/freudenstadt\/wp-content\/uploads\/sites\/173\/2022\/02\/neu_22-1536x846.jpg 1536w, https:\/\/weltlaeden.de\/freudenstadt\/wp-content\/uploads\/sites\/173\/2022\/02\/neu_22-2048x1128.jpg 2048w, https:\/\/weltlaeden.de\/freudenstadt\/wp-content\/uploads\/sites\/173\/2022\/02\/neu_22-scaled.jpg 1920w\" sizes=\"auto, (max-width: 1024px) 100vw, 1024px\" \/><\/p>\n<p><\/p><\/div>[vc_empty_space height=&#8220;20px&#8220;][\/vc_column][\/vc_row][vc_row][vc_column][vc_column_text]<\/p>\n<h1 style=\"text-align: left\">Willkommen im Weltladen Freudenstadt !<\/h1>\n<p>[\/vc_column_text][vc_column_text][\/vc_column_text][vc_empty_space height=&#8220;30px&#8220;][vc_column_text][\/vc_column_text][\/vc_column][\/vc_row][vc_row][vc_column][vc_row_inner][vc_column_inner width=&#8220;1\/4&#8243; el_id=&#8220;https:\/\/weltlaeden.de\/freudenstadt\/wp-content\/uploads\/sites\/173\/2022\/10\/m1.pdf&#8220;][vc_column_text][\/vc_column_text]<div class=\"wl_einzelbild\"><p><img loading=\"lazy\" decoding=\"async\" class=\"alignnone size-medium wp-image-1970\" src=\"https:\/\/weltlaeden.de\/freudenstadt\/wp-content\/uploads\/sites\/173\/2026\/04\/20260323_142640-300x210.jpg\" alt=\"\" width=\"300\" height=\"210\" srcset=\"https:\/\/weltlaeden.de\/freudenstadt\/wp-content\/uploads\/sites\/173\/2026\/04\/20260323_142640-300x210.jpg 300w, https:\/\/weltlaeden.de\/freudenstadt\/wp-content\/uploads\/sites\/173\/2026\/04\/20260323_142640-1024x716.jpg 1024w, https:\/\/weltlaeden.de\/freudenstadt\/wp-content\/uploads\/sites\/173\/2026\/04\/20260323_142640-768x537.jpg 768w, https:\/\/weltlaeden.de\/freudenstadt\/wp-content\/uploads\/sites\/173\/2026\/04\/20260323_142640-1536x1074.jpg 1536w, https:\/\/weltlaeden.de\/freudenstadt\/wp-content\/uploads\/sites\/173\/2026\/04\/20260323_142640-2048x1432.jpg 2048w\" sizes=\"auto, (max-width: 300px) 100vw, 300px\" \/><img loading=\"lazy\" decoding=\"async\" class=\"alignnone size-medium wp-image-1969\" src=\"https:\/\/weltlaeden.de\/freudenstadt\/wp-content\/uploads\/sites\/173\/2026\/04\/20260323_142521-300x215.jpg\" alt=\"\" width=\"300\" height=\"215\" srcset=\"https:\/\/weltlaeden.de\/freudenstadt\/wp-content\/uploads\/sites\/173\/2026\/04\/20260323_142521-300x215.jpg 300w, https:\/\/weltlaeden.de\/freudenstadt\/wp-content\/uploads\/sites\/173\/2026\/04\/20260323_142521-1024x735.jpg 1024w, https:\/\/weltlaeden.de\/freudenstadt\/wp-content\/uploads\/sites\/173\/2026\/04\/20260323_142521-768x551.jpg 768w, https:\/\/weltlaeden.de\/freudenstadt\/wp-content\/uploads\/sites\/173\/2026\/04\/20260323_142521-1536x1102.jpg 1536w, https:\/\/weltlaeden.de\/freudenstadt\/wp-content\/uploads\/sites\/173\/2026\/04\/20260323_142521-2048x1470.jpg 2048w\" sizes=\"auto, (max-width: 300px) 100vw, 300px\" \/><\/p><\/div>[\/vc_column_inner][vc_column_inner width=&#8220;3\/4&#8243;][vc_column_text css=&#8220;&#8220;]<\/p>\n<p style=\"text-align: center\"><span style=\"font-size: large\"><b><span style=\"font-size: x-large\">Angebot des Monats April\u00a0 :<\/span><\/b><\/span><\/p>\n<h3 style=\"text-align: center\">Handgekn\u00fcpfte Kokos Fu\u00dfmatten<\/h3>\n<h4 style=\"text-align: center\"><a href=\"https:\/\/weltlaeden.de\/freudenstadt\/wp-content\/uploads\/sites\/173\/2026\/04\/M1.pdf\">mehr Info<\/a><\/h4>\n<p>[\/vc_column_text][\/vc_column_inner][\/vc_row_inner][vc_separator][vc_column_text][\/vc_column_text][vc_column_text][\/vc_column_text][vc_separator][\/vc_column][\/vc_row][vc_row][vc_column][vc_column_text][\/vc_column_text][vc_empty_space height=&#8220;20px&#8220;][vc_row_inner][vc_column_inner width=&#8220;1\/4&#8243;]<div class=\"wl_einzelbild\"><p><img loading=\"lazy\" decoding=\"async\" class=\"alignnone size-medium wp-image-685\" src=\"https:\/\/weltlaeden.de\/freudenstadt\/wp-content\/uploads\/sites\/173\/2022\/02\/Karte-300x228.jpg\" alt=\"\" width=\"300\" height=\"228\" srcset=\"https:\/\/weltlaeden.de\/freudenstadt\/wp-content\/uploads\/sites\/173\/2022\/02\/Karte-300x228.jpg 300w, https:\/\/weltlaeden.de\/freudenstadt\/wp-content\/uploads\/sites\/173\/2022\/02\/Karte-1024x777.jpg 1024w, https:\/\/weltlaeden.de\/freudenstadt\/wp-content\/uploads\/sites\/173\/2022\/02\/Karte-768x583.jpg 768w, https:\/\/weltlaeden.de\/freudenstadt\/wp-content\/uploads\/sites\/173\/2022\/02\/Karte-1536x1166.jpg 1536w, https:\/\/weltlaeden.de\/freudenstadt\/wp-content\/uploads\/sites\/173\/2022\/02\/Karte.jpg 1560w\" sizes=\"auto, (max-width: 300px) 100vw, 300px\" \/><\/p><\/div>[\/vc_column_inner][vc_column_inner width=&#8220;3\/4&#8243;][vc_column_text]<strong>Fairer Handel<\/strong><\/p>\n<p>Was meint Fairer Handel \u00fcberhaupt? Welche Kriterien m\u00fcssen eingehalten werden und wer \u00fcberpr\u00fcft diese? <a href=\"https:\/\/weltlaeden.de\/freudenstadt\/fairer-handel\/\">Erfahren Sie mehr &#8230;<\/a>[\/vc_column_text][\/vc_column_inner][\/vc_row_inner][vc_separator][vc_empty_space][vc_row_inner][vc_column_inner width=&#8220;1\/4&#8243;]<div class=\"wl_einzelbild\"><p><img loading=\"lazy\" decoding=\"async\" class=\"alignleft size-full wp-image-nsm-3-28\" src=\"https:\/\/weltlaeden.de\/vorlage\/wp-content\/uploads\/sites\/3\/2018\/05\/Lebensmittel_WL-Bornheim-Christian-Schilling_150x150.jpg\" alt=\"\" width=\"150\" height=\"150\" \/><\/p><\/div>[\/vc_column_inner][vc_column_inner width=&#8220;3\/4&#8243;][vc_column_text]<strong>Produkte<\/strong><\/p>\n<p>Unsere Produkte im Weltladen sind nat\u00fcrlich alle aus Fairem Handel, dennoch kommen sie von unterschiedlichen Fair-Handels-Importeuren. <a href=\"https:\/\/weltlaeden.de\/freudenstadt\/unser-sortiment\/\">Hier zeigen wir Ihnen unser Sortiment &#8230;<\/a>[\/vc_column_text][\/vc_column_inner][\/vc_row_inner][vc_separator][vc_row_inner][vc_column_inner width=&#8220;1\/4&#8243;]<div class=\"wl_einzelbild\"><p><img loading=\"lazy\" decoding=\"async\" class=\"alignnone size-medium wp-image-592\" src=\"https:\/\/weltlaeden.de\/freudenstadt\/wp-content\/uploads\/sites\/173\/2022\/01\/Weltladen_Mitarbeiter-300x225.jpg\" alt=\"\" width=\"300\" height=\"225\" srcset=\"https:\/\/weltlaeden.de\/freudenstadt\/wp-content\/uploads\/sites\/173\/2022\/01\/Weltladen_Mitarbeiter-300x225.jpg 300w, https:\/\/weltlaeden.de\/freudenstadt\/wp-content\/uploads\/sites\/173\/2022\/01\/Weltladen_Mitarbeiter-768x576.jpg 768w, https:\/\/weltlaeden.de\/freudenstadt\/wp-content\/uploads\/sites\/173\/2022\/01\/Weltladen_Mitarbeiter-1024x768.jpg 1024w, https:\/\/weltlaeden.de\/freudenstadt\/wp-content\/uploads\/sites\/173\/2022\/01\/Weltladen_Mitarbeiter.jpg 1600w\" sizes=\"auto, (max-width: 300px) 100vw, 300px\" \/><\/p><\/div>[\/vc_column_inner][vc_column_inner width=&#8220;3\/4&#8243;][vc_column_text]<strong>\u00dcber uns<\/strong><\/p>\n<p>Wer wir sind, warum wir uns f\u00fcr Fairen Handel engagieren und wie man bei uns mitmachen kann &#8211; <a href=\"https:\/\/weltlaeden.de\/freudenstadt\/ueber-uns\/\">hier stellen wir uns vor &#8230;<\/a>[\/vc_column_text][\/vc_column_inner][\/vc_row_inner][vc_separator][vc_row_inner][vc_column_inner width=&#8220;1\/4&#8243;]<div class=\"wl_einzelbild\"><p><img loading=\"lazy\" decoding=\"async\" class=\"alignnone wp-image-755 size-medium\" src=\"https:\/\/weltlaeden.de\/freudenstadt\/wp-content\/uploads\/sites\/173\/2022\/02\/Uhr03jpg-300x265.jpg\" alt=\"\" width=\"300\" height=\"265\" srcset=\"https:\/\/weltlaeden.de\/freudenstadt\/wp-content\/uploads\/sites\/173\/2022\/02\/Uhr03jpg-300x265.jpg 300w, https:\/\/weltlaeden.de\/freudenstadt\/wp-content\/uploads\/sites\/173\/2022\/02\/Uhr03jpg-1024x905.jpg 1024w, https:\/\/weltlaeden.de\/freudenstadt\/wp-content\/uploads\/sites\/173\/2022\/02\/Uhr03jpg-768x679.jpg 768w, https:\/\/weltlaeden.de\/freudenstadt\/wp-content\/uploads\/sites\/173\/2022\/02\/Uhr03jpg-1536x1358.jpg 1536w, https:\/\/weltlaeden.de\/freudenstadt\/wp-content\/uploads\/sites\/173\/2022\/02\/Uhr03jpg-2048x1811.jpg 2048w, https:\/\/weltlaeden.de\/freudenstadt\/wp-content\/uploads\/sites\/173\/2022\/02\/Uhr03jpg-scaled.jpg 1920w\" sizes=\"auto, (max-width: 300px) 100vw, 300px\" \/><\/p><\/div>[\/vc_column_inner][vc_column_inner width=&#8220;3\/4&#8243;][vc_column_text]<strong>Termine<\/strong><\/p>\n<p>Bei uns ist immer etwas los! Wir treffen uns regelm\u00e4\u00dfig zu Teamsitzungen und Fortbildungen, organisieren aber auch immer mal wieder eine Veranstaltung zum Fairen Handel und verwandten Themen. <a href=\"https:\/\/weltlaeden.de\/freudenstadt\/termine\/\">Hier erfahren Sie was bei uns los ist \u2026<\/a>[\/vc_column_text][\/vc_column_inner][\/vc_row_inner][vc_separator][\/vc_column][\/vc_row]<\/p>\n<\/div>","protected":false},"excerpt":{"rendered":"<p>[vc_row][vc_column][vc_empty_space height=&#8220;20px&#8220;][\/vc_column][\/vc_row][vc_row][vc_column][vc_column_text] Willkommen im Weltladen Freudenstadt ! [\/vc_column_text][vc_column_text][\/vc_column_text][vc_empty_space height=&#8220;30px&#8220;][vc_column_text][\/vc_column_text][\/vc_column][\/vc_row][vc_row][vc_column][vc_row_inner][vc_column_inner width=&#8220;1\/4&#8243; el_id=&#8220;https:\/\/weltlaeden.de\/freudenstadt\/wp-content\/uploads\/sites\/173\/2022\/10\/m1.pdf&#8220;][vc_column_text][\/vc_column_text][\/vc_column_inner][vc_column_inner width=&#8220;3\/4&#8243;][vc_column_text css=&#8220;&#8220;] Angebot des Monats April\u00a0 : Handgekn\u00fcpfte Kokos Fu\u00dfmatten mehr Info [\/vc_column_text][\/vc_column_inner][\/vc_row_inner][vc_separator][vc_column_text][\/vc_column_text][vc_column_text][\/vc_column_text][vc_separator][\/vc_column][\/vc_row][vc_row][vc_column][vc_column_text][\/vc_column_text][vc_empty_space height=&#8220;20px&#8220;][vc_row_inner][vc_column_inner width=&#8220;1\/4&#8243;][\/vc_column_inner][vc_column_inner width=&#8220;3\/4&#8243;][vc_column_text]Fairer Handel Was meint Fairer Handel \u00fcberhaupt? Welche Kriterien m\u00fcssen eingehalten werden und wer \u00fcberpr\u00fcft diese? Erfahren Sie mehr &#8230;[\/vc_column_text][\/vc_column_inner][\/vc_row_inner][vc_separator][vc_empty_space][vc_row_inner][vc_column_inner width=&#8220;1\/4&#8243;][\/vc_column_inner][vc_column_inner width=&#8220;3\/4&#8243;][vc_column_text]Produkte Unsere Produkte im Weltladen sind nat\u00fcrlich alle&hellip;<\/p>\n","protected":false},"author":1,"featured_media":0,"parent":0,"menu_order":0,"comment_status":"closed","ping_status":"closed","template":"","meta":{"footnotes":""},"class_list":["post-20","page","type-page","status-publish","hentry","description-off"],"yoast_head":"<!-- This site is optimized with the Yoast SEO plugin v26.8 - https:\/\/yoast.com\/product\/yoast-seo-wordpress\/ -->\n<title>Weltladen Freudenstadt - Weltladen Freudenstadt<\/title>\n<meta name=\"robots\" content=\"index, follow, max-snippet:-1, max-image-preview:large, max-video-preview:-1\" \/>\n<link rel=\"canonical\" href=\"https:\/\/weltlaeden.de\/freudenstadt\/\" \/>\n<meta property=\"og:locale\" content=\"de_DE\" \/>\n<meta property=\"og:type\" content=\"article\" \/>\n<meta property=\"og:title\" content=\"Weltladen Freudenstadt - Weltladen Freudenstadt\" \/>\n<meta property=\"og:description\" content=\"[vc_row][vc_column][vc_empty_space height=&#8220;20px&#8220;][\/vc_column][\/vc_row][vc_row][vc_column][vc_column_text] Willkommen im Weltladen Freudenstadt ! [\/vc_column_text][vc_column_text][\/vc_column_text][vc_empty_space height=&#8220;30px&#8220;][vc_column_text][\/vc_column_text][\/vc_column][\/vc_row][vc_row][vc_column][vc_row_inner][vc_column_inner width=&#8220;1\/4&#8243; el_id=&#8220;https:\/\/weltlaeden.de\/freudenstadt\/wp-content\/uploads\/sites\/173\/2022\/10\/m1.pdf&#8220;][vc_column_text][\/vc_column_text][\/vc_column_inner][vc_column_inner width=&#8220;3\/4&#8243;][vc_column_text css=&#8220;&#8220;] Angebot des Monats April\u00a0 : Handgekn\u00fcpfte Kokos Fu\u00dfmatten mehr Info [\/vc_column_text][\/vc_column_inner][\/vc_row_inner][vc_separator][vc_column_text][\/vc_column_text][vc_column_text][\/vc_column_text][vc_separator][\/vc_column][\/vc_row][vc_row][vc_column][vc_column_text][\/vc_column_text][vc_empty_space height=&#8220;20px&#8220;][vc_row_inner][vc_column_inner width=&#8220;1\/4&#8243;][\/vc_column_inner][vc_column_inner width=&#8220;3\/4&#8243;][vc_column_text]Fairer Handel Was meint Fairer Handel \u00fcberhaupt? Welche Kriterien m\u00fcssen eingehalten werden und wer \u00fcberpr\u00fcft diese? Erfahren Sie mehr &#8230;[\/vc_column_text][\/vc_column_inner][\/vc_row_inner][vc_separator][vc_empty_space][vc_row_inner][vc_column_inner width=&#8220;1\/4&#8243;][\/vc_column_inner][vc_column_inner width=&#8220;3\/4&#8243;][vc_column_text]Produkte Unsere Produkte im Weltladen sind nat\u00fcrlich alle&hellip;\" \/>\n<meta property=\"og:url\" content=\"https:\/\/weltlaeden.de\/freudenstadt\/\" \/>\n<meta property=\"og:site_name\" content=\"Weltladen Freudenstadt\" \/>\n<meta property=\"article:modified_time\" content=\"2026-04-03T10:48:21+00:00\" \/>\n<meta property=\"og:image\" content=\"https:\/\/weltlaeden.de\/freudenstadt\/wp-content\/uploads\/sites\/173\/2022\/02\/neu_22-scaled.jpg\" \/>\n\t<meta property=\"og:image:width\" content=\"1920\" \/>\n\t<meta property=\"og:image:height\" content=\"1057\" \/>\n\t<meta property=\"og:image:type\" content=\"image\/jpeg\" \/>\n<meta name=\"twitter:card\" content=\"summary_large_image\" \/>\n<meta name=\"twitter:label1\" content=\"Gesch\u00e4tzte Lesezeit\" \/>\n\t<meta name=\"twitter:data1\" content=\"3\u00a0Minuten\" \/>\n<script type=\"application\/ld+json\" class=\"yoast-schema-graph\">{\"@context\":\"https:\/\/schema.org\",\"@graph\":[{\"@type\":\"WebPage\",\"@id\":\"https:\/\/weltlaeden.de\/freudenstadt\/\",\"url\":\"https:\/\/weltlaeden.de\/freudenstadt\/\",\"name\":\"Weltladen Freudenstadt - Weltladen Freudenstadt\",\"isPartOf\":{\"@id\":\"https:\/\/weltlaeden.de\/freudenstadt\/#website\"},\"primaryImageOfPage\":{\"@id\":\"https:\/\/weltlaeden.de\/freudenstadt\/#primaryimage\"},\"image\":{\"@id\":\"https:\/\/weltlaeden.de\/freudenstadt\/#primaryimage\"},\"thumbnailUrl\":\"https:\/\/weltlaeden.de\/freudenstadt\/wp-content\/uploads\/sites\/173\/2022\/02\/neu_22-1024x564.jpg\",\"datePublished\":\"2021-11-25T20:10:21+00:00\",\"dateModified\":\"2026-04-03T10:48:21+00:00\",\"breadcrumb\":{\"@id\":\"https:\/\/weltlaeden.de\/freudenstadt\/#breadcrumb\"},\"inLanguage\":\"de\",\"potentialAction\":[{\"@type\":\"ReadAction\",\"target\":[\"https:\/\/weltlaeden.de\/freudenstadt\/\"]}]},{\"@type\":\"ImageObject\",\"inLanguage\":\"de\",\"@id\":\"https:\/\/weltlaeden.de\/freudenstadt\/#primaryimage\",\"url\":\"https:\/\/weltlaeden.de\/freudenstadt\/wp-content\/uploads\/sites\/173\/2022\/02\/neu_22-1024x564.jpg\",\"contentUrl\":\"https:\/\/weltlaeden.de\/freudenstadt\/wp-content\/uploads\/sites\/173\/2022\/02\/neu_22-1024x564.jpg\"},{\"@type\":\"BreadcrumbList\",\"@id\":\"https:\/\/weltlaeden.de\/freudenstadt\/#breadcrumb\",\"itemListElement\":[{\"@type\":\"ListItem\",\"position\":1,\"name\":\"Startseite\",\"item\":\"https:\/\/weltlaeden.de\/freudenstadt\/\"},{\"@type\":\"ListItem\",\"position\":2,\"name\":\"Weltladen Freudenstadt\"}]},{\"@type\":\"WebSite\",\"@id\":\"https:\/\/weltlaeden.de\/freudenstadt\/#website\",\"url\":\"https:\/\/weltlaeden.de\/freudenstadt\/\",\"name\":\"Weltladen Freudenstadt\",\"description\":\"Faire Produkte seit 1990\",\"potentialAction\":[{\"@type\":\"SearchAction\",\"target\":{\"@type\":\"EntryPoint\",\"urlTemplate\":\"https:\/\/weltlaeden.de\/freudenstadt\/?s={search_term_string}\"},\"query-input\":{\"@type\":\"PropertyValueSpecification\",\"valueRequired\":true,\"valueName\":\"search_term_string\"}}],\"inLanguage\":\"de\"}]}<\/script>\n<!-- \/ Yoast SEO plugin. -->","yoast_head_json":{"title":"Weltladen Freudenstadt - Weltladen Freudenstadt","robots":{"index":"index","follow":"follow","max-snippet":"max-snippet:-1","max-image-preview":"max-image-preview:large","max-video-preview":"max-video-preview:-1"},"canonical":"https:\/\/weltlaeden.de\/freudenstadt\/","og_locale":"de_DE","og_type":"article","og_title":"Weltladen Freudenstadt - Weltladen Freudenstadt","og_description":"[vc_row][vc_column][vc_empty_space height=&#8220;20px&#8220;][\/vc_column][\/vc_row][vc_row][vc_column][vc_column_text] Willkommen im Weltladen Freudenstadt ! [\/vc_column_text][vc_column_text][\/vc_column_text][vc_empty_space height=&#8220;30px&#8220;][vc_column_text][\/vc_column_text][\/vc_column][\/vc_row][vc_row][vc_column][vc_row_inner][vc_column_inner width=&#8220;1\/4&#8243; el_id=&#8220;https:\/\/weltlaeden.de\/freudenstadt\/wp-content\/uploads\/sites\/173\/2022\/10\/m1.pdf&#8220;][vc_column_text][\/vc_column_text][\/vc_column_inner][vc_column_inner width=&#8220;3\/4&#8243;][vc_column_text css=&#8220;&#8220;] Angebot des Monats April\u00a0 : Handgekn\u00fcpfte Kokos Fu\u00dfmatten mehr Info [\/vc_column_text][\/vc_column_inner][\/vc_row_inner][vc_separator][vc_column_text][\/vc_column_text][vc_column_text][\/vc_column_text][vc_separator][\/vc_column][\/vc_row][vc_row][vc_column][vc_column_text][\/vc_column_text][vc_empty_space height=&#8220;20px&#8220;][vc_row_inner][vc_column_inner width=&#8220;1\/4&#8243;][\/vc_column_inner][vc_column_inner width=&#8220;3\/4&#8243;][vc_column_text]Fairer Handel Was meint Fairer Handel \u00fcberhaupt? Welche Kriterien m\u00fcssen eingehalten werden und wer \u00fcberpr\u00fcft diese? Erfahren Sie mehr &#8230;[\/vc_column_text][\/vc_column_inner][\/vc_row_inner][vc_separator][vc_empty_space][vc_row_inner][vc_column_inner width=&#8220;1\/4&#8243;][\/vc_column_inner][vc_column_inner width=&#8220;3\/4&#8243;][vc_column_text]Produkte Unsere Produkte im Weltladen sind nat\u00fcrlich alle&hellip;","og_url":"https:\/\/weltlaeden.de\/freudenstadt\/","og_site_name":"Weltladen Freudenstadt","article_modified_time":"2026-04-03T10:48:21+00:00","og_image":[{"width":1920,"height":1057,"url":"https:\/\/weltlaeden.de\/freudenstadt\/wp-content\/uploads\/sites\/173\/2022\/02\/neu_22-scaled.jpg","type":"image\/jpeg"}],"twitter_card":"summary_large_image","twitter_misc":{"Gesch\u00e4tzte Lesezeit":"3\u00a0Minuten"},"schema":{"@context":"https:\/\/schema.org","@graph":[{"@type":"WebPage","@id":"https:\/\/weltlaeden.de\/freudenstadt\/","url":"https:\/\/weltlaeden.de\/freudenstadt\/","name":"Weltladen Freudenstadt - Weltladen Freudenstadt","isPartOf":{"@id":"https:\/\/weltlaeden.de\/freudenstadt\/#website"},"primaryImageOfPage":{"@id":"https:\/\/weltlaeden.de\/freudenstadt\/#primaryimage"},"image":{"@id":"https:\/\/weltlaeden.de\/freudenstadt\/#primaryimage"},"thumbnailUrl":"https:\/\/weltlaeden.de\/freudenstadt\/wp-content\/uploads\/sites\/173\/2022\/02\/neu_22-1024x564.jpg","datePublished":"2021-11-25T20:10:21+00:00","dateModified":"2026-04-03T10:48:21+00:00","breadcrumb":{"@id":"https:\/\/weltlaeden.de\/freudenstadt\/#breadcrumb"},"inLanguage":"de","potentialAction":[{"@type":"ReadAction","target":["https:\/\/weltlaeden.de\/freudenstadt\/"]}]},{"@type":"ImageObject","inLanguage":"de","@id":"https:\/\/weltlaeden.de\/freudenstadt\/#primaryimage","url":"https:\/\/weltlaeden.de\/freudenstadt\/wp-content\/uploads\/sites\/173\/2022\/02\/neu_22-1024x564.jpg","contentUrl":"https:\/\/weltlaeden.de\/freudenstadt\/wp-content\/uploads\/sites\/173\/2022\/02\/neu_22-1024x564.jpg"},{"@type":"BreadcrumbList","@id":"https:\/\/weltlaeden.de\/freudenstadt\/#breadcrumb","itemListElement":[{"@type":"ListItem","position":1,"name":"Startseite","item":"https:\/\/weltlaeden.de\/freudenstadt\/"},{"@type":"ListItem","position":2,"name":"Weltladen Freudenstadt"}]},{"@type":"WebSite","@id":"https:\/\/weltlaeden.de\/freudenstadt\/#website","url":"https:\/\/weltlaeden.de\/freudenstadt\/","name":"Weltladen Freudenstadt","description":"Faire Produkte seit 1990","potentialAction":[{"@type":"SearchAction","target":{"@type":"EntryPoint","urlTemplate":"https:\/\/weltlaeden.de\/freudenstadt\/?s={search_term_string}"},"query-input":{"@type":"PropertyValueSpecification","valueRequired":true,"valueName":"search_term_string"}}],"inLanguage":"de"}]}},"_links":{"self":[{"href":"https:\/\/weltlaeden.de\/freudenstadt\/wp-json\/wp\/v2\/pages\/20","targetHints":{"allow":["GET"]}}],"collection":[{"href":"https:\/\/weltlaeden.de\/freudenstadt\/wp-json\/wp\/v2\/pages"}],"about":[{"href":"https:\/\/weltlaeden.de\/freudenstadt\/wp-json\/wp\/v2\/types\/page"}],"author":[{"embeddable":true,"href":"https:\/\/weltlaeden.de\/freudenstadt\/wp-json\/wp\/v2\/users\/1"}],"replies":[{"embeddable":true,"href":"https:\/\/weltlaeden.de\/freudenstadt\/wp-json\/wp\/v2\/comments?post=20"}],"version-history":[{"count":265,"href":"https:\/\/weltlaeden.de\/freudenstadt\/wp-json\/wp\/v2\/pages\/20\/revisions"}],"predecessor-version":[{"id":1972,"href":"https:\/\/weltlaeden.de\/freudenstadt\/wp-json\/wp\/v2\/pages\/20\/revisions\/1972"}],"wp:attachment":[{"href":"https:\/\/weltlaeden.de\/freudenstadt\/wp-json\/wp\/v2\/media?parent=20"}],"curies":[{"name":"wp","href":"https:\/\/api.w.org\/{rel}","templated":true}]}}