{"id":424,"date":"2018-11-26T11:09:52","date_gmt":"2018-11-26T10:09:52","guid":{"rendered":"https:\/\/weltlaeden.de\/freising\/fairer-handel-2\/"},"modified":"2019-09-07T09:22:57","modified_gmt":"2019-09-07T07:22:57","slug":"faires-forum-freising","status":"publish","type":"page","link":"https:\/\/weltlaeden.de\/freising\/faires-forum-freising\/","title":{"rendered":"Faires Forum"},"content":{"rendered":"<div class=\"wpb-content-wrapper\"><p>[vc_row][vc_column]<div class=\"wl_einzelbild\"><p><img loading=\"lazy\" decoding=\"async\" class=\"alignnone size-full wp-image-656\" src=\"https:\/\/weltlaeden.de\/freising\/wp-content\/uploads\/sites\/48\/2019\/03\/fairer-freisinger.jpg\" alt=\"\" width=\"787\" height=\"340\" \/><\/p><\/div>[\/vc_column][\/vc_row][vc_row][vc_column][vc_empty_space][vc_column_text]<\/p>\n<h1>Faires Forum Freising<\/h1>\n<p>[\/vc_column_text][vc_column_text]Seit 2011 ist Freising <a href=\"https:\/\/www.freising.de\/stadtportraet\/freising-hat-viele-gesichter\" target=\"_blank\" rel=\"noopener\">Fairtrade-Stadt<\/a>\u00a0.<\/p>\n<p>Fairtrade-Towns f\u00f6rdern den fairen Handel auf kommunaler Ebene. In Freising hei\u00dft dies z. B., dass bei st\u00e4dtischen Sitzungen fair produzierte Getr\u00e4nke ausgeschenkt werden, dass es <a href=\"https:\/\/www.fairtrade-schools.de\/aktuelles\/\" target=\"_blank\" rel=\"noopener\">Fairtrade-Schulen<\/a> gibt, dass mehrere Bildungseinrichtungen und Caf\u00e9s\/Restaurants fair gehandelte Lebensmittel anbieten, dass es Bildungsangebote im Kontext des Globalen Lernens (u. a. vom Verein Partnerschaft Eine Welt e. V.) gibt.\u00a0Den Titel, den\u00a0<a href=\"https:\/\/www.fairtrade-deutschland.de\" target=\"_blank\" rel=\"noopener\">TransFair e. V.<\/a> vergibt, muss man sich alle zwei Jahre aufs Neue verdienen. Dabei m\u00fcssen insbesondere die\u00a0<a href=\"http:\/\/www.fairtrade-towns.de\/mitmachen\/die-fuenf-kriterien\/\" target=\"_blank\" rel=\"noopener\">f\u00fcnf grundlegenden Kriterien<\/a> f\u00fcr eine Fairtrade-Town fortw\u00e4hrend erf\u00fcllt sein.<\/p>\n<p>Bereits seit der Ernennung von Freising zur Fairtrade-Stadt gibt es das <a href=\"https:\/\/www.freising.de\/leben-wohnen\/agenda-21\/faires-forum\" target=\"_blank\" rel=\"noopener\">Faire Forum<\/a>. Es m\u00f6chte die Idee des fairen Handels in der Freisinger \u00d6ffentlichkeit zum Thema machen und gleichzeitig ganz konkret eine sozialgerechte und \u00f6kologische Beschaffung bei der Stadt, in Schulen und Kitas, in der Gastronomie etc. f\u00f6rdern. Es versteht sich als ein Forum, um Ideen f\u00fcr ein zukunftsf\u00e4higes Zusammenleben, \u00fcber die Regionsgrenzen hinaus, gemeinsam weiterzuentwickeln.\u00a0Im Fairen Forum sind zahlreiche Vertreter*innen eines breiten zivilgesellschaftlichen B\u00fcndnisses vertreten: Vertreter*innen aus Stadt und Politik, Handel und Gastronomie, aus Kirchengemeinden, Schulen und Erwachsenenbildung sowie interessierte B\u00fcrger*innen. Auch der Verein Partnerschaft Eine Welt Freising e. V. engagiert sich hier.Termine und weitere Informationen finden Sie\u00a0<a href=\"https:\/\/www.freising.de\/leben-wohnen\/agenda-21\" target=\"_blank\" rel=\"noopener\">auf der Webseite der Stadt Freising.<\/a><\/p>\n<p>Kontakt:\u00a0<a href=\"mailto:fairtrade@freising.de\">fairtrade@freising.de<\/a>.[\/vc_column_text][\/vc_column][\/vc_row]<\/p>\n<\/div>","protected":false},"excerpt":{"rendered":"<p>[vc_row][vc_column][\/vc_column][\/vc_row][vc_row][vc_column][vc_empty_space][vc_column_text] Faires Forum Freising [\/vc_column_text][vc_column_text]Seit 2011 ist Freising Fairtrade-Stadt\u00a0. Fairtrade-Towns f\u00f6rdern den fairen Handel auf kommunaler Ebene. In Freising hei\u00dft dies z. B., dass bei st\u00e4dtischen Sitzungen fair produzierte Getr\u00e4nke ausgeschenkt werden, dass es Fairtrade-Schulen gibt, dass mehrere Bildungseinrichtungen und Caf\u00e9s\/Restaurants fair gehandelte Lebensmittel anbieten, dass es Bildungsangebote im Kontext des Globalen Lernens (u. a.&hellip;<\/p>\n","protected":false},"author":14,"featured_media":0,"parent":0,"menu_order":7,"comment_status":"closed","ping_status":"closed","template":"","meta":{"footnotes":""},"class_list":["post-424","page","type-page","status-publish","hentry","description-off"],"yoast_head":"<!-- This site is optimized with the Yoast SEO plugin v26.8 - https:\/\/yoast.com\/product\/yoast-seo-wordpress\/ -->\n<title>Faires Forum - Weltladen Freising<\/title>\n<meta name=\"robots\" content=\"index, follow, max-snippet:-1, max-image-preview:large, max-video-preview:-1\" \/>\n<link rel=\"canonical\" href=\"https:\/\/weltlaeden.de\/freising\/faires-forum-freising\/\" \/>\n<meta property=\"og:locale\" content=\"de_DE\" \/>\n<meta property=\"og:type\" content=\"article\" \/>\n<meta property=\"og:title\" content=\"Faires Forum - Weltladen Freising\" \/>\n<meta property=\"og:description\" content=\"[vc_row][vc_column][\/vc_column][\/vc_row][vc_row][vc_column][vc_empty_space][vc_column_text] Faires Forum Freising [\/vc_column_text][vc_column_text]Seit 2011 ist Freising Fairtrade-Stadt\u00a0. Fairtrade-Towns f\u00f6rdern den fairen Handel auf kommunaler Ebene. In Freising hei\u00dft dies z. B., dass bei st\u00e4dtischen Sitzungen fair produzierte Getr\u00e4nke ausgeschenkt werden, dass es Fairtrade-Schulen gibt, dass mehrere Bildungseinrichtungen und Caf\u00e9s\/Restaurants fair gehandelte Lebensmittel anbieten, dass es Bildungsangebote im Kontext des Globalen Lernens (u. a.&hellip;\" \/>\n<meta property=\"og:url\" content=\"https:\/\/weltlaeden.de\/freising\/faires-forum-freising\/\" \/>\n<meta property=\"og:site_name\" content=\"Weltladen Freising\" \/>\n<meta property=\"article:modified_time\" content=\"2019-09-07T07:22:57+00:00\" \/>\n<meta property=\"og:image\" content=\"https:\/\/weltlaeden.de\/freising\/wp-content\/uploads\/sites\/48\/2019\/03\/fairer-freisinger.jpg\" \/>\n<meta name=\"twitter:card\" content=\"summary_large_image\" \/>\n<meta name=\"twitter:label1\" content=\"Gesch\u00e4tzte Lesezeit\" \/>\n\t<meta name=\"twitter:data1\" content=\"1\u00a0Minute\" \/>\n<script type=\"application\/ld+json\" class=\"yoast-schema-graph\">{\"@context\":\"https:\/\/schema.org\",\"@graph\":[{\"@type\":\"WebPage\",\"@id\":\"https:\/\/weltlaeden.de\/freising\/faires-forum-freising\/\",\"url\":\"https:\/\/weltlaeden.de\/freising\/faires-forum-freising\/\",\"name\":\"Faires Forum - Weltladen Freising\",\"isPartOf\":{\"@id\":\"https:\/\/weltlaeden.de\/freising\/#website\"},\"primaryImageOfPage\":{\"@id\":\"https:\/\/weltlaeden.de\/freising\/faires-forum-freising\/#primaryimage\"},\"image\":{\"@id\":\"https:\/\/weltlaeden.de\/freising\/faires-forum-freising\/#primaryimage\"},\"thumbnailUrl\":\"https:\/\/weltlaeden.de\/freising\/wp-content\/uploads\/sites\/48\/2019\/03\/fairer-freisinger.jpg\",\"datePublished\":\"2018-11-26T10:09:52+00:00\",\"dateModified\":\"2019-09-07T07:22:57+00:00\",\"breadcrumb\":{\"@id\":\"https:\/\/weltlaeden.de\/freising\/faires-forum-freising\/#breadcrumb\"},\"inLanguage\":\"de\",\"potentialAction\":[{\"@type\":\"ReadAction\",\"target\":[\"https:\/\/weltlaeden.de\/freising\/faires-forum-freising\/\"]}]},{\"@type\":\"ImageObject\",\"inLanguage\":\"de\",\"@id\":\"https:\/\/weltlaeden.de\/freising\/faires-forum-freising\/#primaryimage\",\"url\":\"https:\/\/weltlaeden.de\/freising\/wp-content\/uploads\/sites\/48\/2019\/03\/fairer-freisinger.jpg\",\"contentUrl\":\"https:\/\/weltlaeden.de\/freising\/wp-content\/uploads\/sites\/48\/2019\/03\/fairer-freisinger.jpg\",\"width\":787,\"height\":340,\"caption\":\"Produktauslage des fairen freisinger Kaffees\"},{\"@type\":\"BreadcrumbList\",\"@id\":\"https:\/\/weltlaeden.de\/freising\/faires-forum-freising\/#breadcrumb\",\"itemListElement\":[{\"@type\":\"ListItem\",\"position\":1,\"name\":\"Startseite\",\"item\":\"https:\/\/weltlaeden.de\/freising\/\"},{\"@type\":\"ListItem\",\"position\":2,\"name\":\"Faires Forum\"}]},{\"@type\":\"WebSite\",\"@id\":\"https:\/\/weltlaeden.de\/freising\/#website\",\"url\":\"https:\/\/weltlaeden.de\/freising\/\",\"name\":\"Vorlage\",\"description\":\"Faire Produkte seit 1982\",\"potentialAction\":[{\"@type\":\"SearchAction\",\"target\":{\"@type\":\"EntryPoint\",\"urlTemplate\":\"https:\/\/weltlaeden.de\/freising\/?s={search_term_string}\"},\"query-input\":{\"@type\":\"PropertyValueSpecification\",\"valueRequired\":true,\"valueName\":\"search_term_string\"}}],\"inLanguage\":\"de\"}]}<\/script>\n<!-- \/ Yoast SEO plugin. -->","yoast_head_json":{"title":"Faires Forum - Weltladen Freising","robots":{"index":"index","follow":"follow","max-snippet":"max-snippet:-1","max-image-preview":"max-image-preview:large","max-video-preview":"max-video-preview:-1"},"canonical":"https:\/\/weltlaeden.de\/freising\/faires-forum-freising\/","og_locale":"de_DE","og_type":"article","og_title":"Faires Forum - Weltladen Freising","og_description":"[vc_row][vc_column][\/vc_column][\/vc_row][vc_row][vc_column][vc_empty_space][vc_column_text] Faires Forum Freising [\/vc_column_text][vc_column_text]Seit 2011 ist Freising Fairtrade-Stadt\u00a0. Fairtrade-Towns f\u00f6rdern den fairen Handel auf kommunaler Ebene. In Freising hei\u00dft dies z. B., dass bei st\u00e4dtischen Sitzungen fair produzierte Getr\u00e4nke ausgeschenkt werden, dass es Fairtrade-Schulen gibt, dass mehrere Bildungseinrichtungen und Caf\u00e9s\/Restaurants fair gehandelte Lebensmittel anbieten, dass es Bildungsangebote im Kontext des Globalen Lernens (u. a.&hellip;","og_url":"https:\/\/weltlaeden.de\/freising\/faires-forum-freising\/","og_site_name":"Weltladen Freising","article_modified_time":"2019-09-07T07:22:57+00:00","og_image":[{"url":"https:\/\/weltlaeden.de\/freising\/wp-content\/uploads\/sites\/48\/2019\/03\/fairer-freisinger.jpg","type":"","width":"","height":""}],"twitter_card":"summary_large_image","twitter_misc":{"Gesch\u00e4tzte Lesezeit":"1\u00a0Minute"},"schema":{"@context":"https:\/\/schema.org","@graph":[{"@type":"WebPage","@id":"https:\/\/weltlaeden.de\/freising\/faires-forum-freising\/","url":"https:\/\/weltlaeden.de\/freising\/faires-forum-freising\/","name":"Faires Forum - Weltladen Freising","isPartOf":{"@id":"https:\/\/weltlaeden.de\/freising\/#website"},"primaryImageOfPage":{"@id":"https:\/\/weltlaeden.de\/freising\/faires-forum-freising\/#primaryimage"},"image":{"@id":"https:\/\/weltlaeden.de\/freising\/faires-forum-freising\/#primaryimage"},"thumbnailUrl":"https:\/\/weltlaeden.de\/freising\/wp-content\/uploads\/sites\/48\/2019\/03\/fairer-freisinger.jpg","datePublished":"2018-11-26T10:09:52+00:00","dateModified":"2019-09-07T07:22:57+00:00","breadcrumb":{"@id":"https:\/\/weltlaeden.de\/freising\/faires-forum-freising\/#breadcrumb"},"inLanguage":"de","potentialAction":[{"@type":"ReadAction","target":["https:\/\/weltlaeden.de\/freising\/faires-forum-freising\/"]}]},{"@type":"ImageObject","inLanguage":"de","@id":"https:\/\/weltlaeden.de\/freising\/faires-forum-freising\/#primaryimage","url":"https:\/\/weltlaeden.de\/freising\/wp-content\/uploads\/sites\/48\/2019\/03\/fairer-freisinger.jpg","contentUrl":"https:\/\/weltlaeden.de\/freising\/wp-content\/uploads\/sites\/48\/2019\/03\/fairer-freisinger.jpg","width":787,"height":340,"caption":"Produktauslage des fairen freisinger Kaffees"},{"@type":"BreadcrumbList","@id":"https:\/\/weltlaeden.de\/freising\/faires-forum-freising\/#breadcrumb","itemListElement":[{"@type":"ListItem","position":1,"name":"Startseite","item":"https:\/\/weltlaeden.de\/freising\/"},{"@type":"ListItem","position":2,"name":"Faires Forum"}]},{"@type":"WebSite","@id":"https:\/\/weltlaeden.de\/freising\/#website","url":"https:\/\/weltlaeden.de\/freising\/","name":"Vorlage","description":"Faire Produkte seit 1982","potentialAction":[{"@type":"SearchAction","target":{"@type":"EntryPoint","urlTemplate":"https:\/\/weltlaeden.de\/freising\/?s={search_term_string}"},"query-input":{"@type":"PropertyValueSpecification","valueRequired":true,"valueName":"search_term_string"}}],"inLanguage":"de"}]}},"_links":{"self":[{"href":"https:\/\/weltlaeden.de\/freising\/wp-json\/wp\/v2\/pages\/424","targetHints":{"allow":["GET"]}}],"collection":[{"href":"https:\/\/weltlaeden.de\/freising\/wp-json\/wp\/v2\/pages"}],"about":[{"href":"https:\/\/weltlaeden.de\/freising\/wp-json\/wp\/v2\/types\/page"}],"author":[{"embeddable":true,"href":"https:\/\/weltlaeden.de\/freising\/wp-json\/wp\/v2\/users\/14"}],"replies":[{"embeddable":true,"href":"https:\/\/weltlaeden.de\/freising\/wp-json\/wp\/v2\/comments?post=424"}],"version-history":[{"count":21,"href":"https:\/\/weltlaeden.de\/freising\/wp-json\/wp\/v2\/pages\/424\/revisions"}],"predecessor-version":[{"id":780,"href":"https:\/\/weltlaeden.de\/freising\/wp-json\/wp\/v2\/pages\/424\/revisions\/780"}],"wp:attachment":[{"href":"https:\/\/weltlaeden.de\/freising\/wp-json\/wp\/v2\/media?parent=424"}],"curies":[{"name":"wp","href":"https:\/\/api.w.org\/{rel}","templated":true}]}}