{"id":217,"date":"2016-10-28T13:34:47","date_gmt":"2016-10-28T11:34:47","guid":{"rendered":"https:\/\/wl.heimpixel.de\/vorlage\/produkte\/"},"modified":"2020-04-07T13:10:16","modified_gmt":"2020-04-07T11:10:16","slug":"bildung","status":"publish","type":"page","link":"https:\/\/weltlaeden.de\/freising\/bildung\/","title":{"rendered":"Bildungsangebote"},"content":{"rendered":"<div class=\"wpb-content-wrapper\"><p>[vc_row][vc_column]<div class=\"wl_einzelbild\"><p><img loading=\"lazy\" decoding=\"async\" class=\"alignnone size-large wp-image-499\" src=\"https:\/\/weltlaeden.de\/freising\/wp-content\/uploads\/sites\/48\/2016\/10\/Lernangebote-1024x447.jpg\" alt=\"\" width=\"1024\" height=\"447\" srcset=\"https:\/\/weltlaeden.de\/freising\/wp-content\/uploads\/sites\/48\/2016\/10\/Lernangebote-1024x447.jpg 1024w, https:\/\/weltlaeden.de\/freising\/wp-content\/uploads\/sites\/48\/2016\/10\/Lernangebote-300x131.jpg 300w, https:\/\/weltlaeden.de\/freising\/wp-content\/uploads\/sites\/48\/2016\/10\/Lernangebote-768x336.jpg 768w, https:\/\/weltlaeden.de\/freising\/wp-content\/uploads\/sites\/48\/2016\/10\/Lernangebote.jpg 1568w\" sizes=\"auto, (max-width: 1024px) 100vw, 1024px\" \/><\/p><\/div>[vc_empty_space][vc_column_text]<\/p>\n<h1>Mit Bildung die Welt <em>FAIR<\/em>\u00e4ndern!<\/h1>\n<p>[\/vc_column_text][vc_column_text]Weltl\u00e4den sind Orte des globalen Lernens. Neben dem Verkauf von Produkten aus Fairem Handel geh\u00f6rt auch Bildungsarbeit zu den Aufgaben, denn: Fairer Handel bietet viele Ansatzpunkte, um ausgehend von allt\u00e4glichen Produkten globale Zusammenh\u00e4nge zu entdecken, \u00fcber Gerechtigkeit zu reflektieren, die eigene Rolle und damit Verantwortung im weltweiten Zusammenleben zu verorten. Globales Lernen entwickelt aber auch Visionen f\u00fcr eine gerechte, zukunftsf\u00e4hige Welt und geht der Frage nach, was jede einzelne gemeinsam mit anderen tun kann.<\/p>\n<p>Auch der Weltladen Freising engagiert sich im Bildungsbereich. Er unterst\u00fctzt Schulen, Gruppen, Interessierte<\/p>\n<ul>\n<li>Durch die Bereitstellung bzw. den Verleih von Informationen, Bildungskisten und Unterrichtsmaterialien.<\/li>\n<li>Bei der Beratung von Sch\u00fcler*innen, die ein Referat o.\u00e4. im Kontext fairer Handel erstellen m\u00f6chten.<\/li>\n<li>Bei der Konzeption und Durchf\u00fchrung von Unterrichtseinheiten, Projekten und Aktionstagen.<\/li>\n<li>Bei der Vermittlung von Referent*innen.<\/li>\n<li>Beim Aufbau eines mobilen Verkaufsstandes.<\/li>\n<li>Mit Informationen zu F\u00f6rderm\u00f6glichkeiten.<\/li>\n<\/ul>\n<p>Der Weltladen Freising arbeitet im Bereich Bildung eng mit dem <a href=\"https:\/\/weltlaeden.de\/freising\/faires-forum-freising\/\">Fairen Forum Freising<\/a> zusammen. In diesem Rahmen finden immer wieder Fortbildungen f\u00fcr Lehrer*innen und Multiplikator*innen oder gemeinsame Projekte statt. Auch werden Workshops und Kochkurse in Kooperation mit der VHS sowie der Stadtjugendpflege Freising angeboten.[\/vc_column_text][vc_empty_space][vc_tta_accordion active_section=&#8220;5&#8243; no_fill=&#8220;true&#8220; collapsible_all=&#8220;true&#8220; title=&#8220;Angebote im Detail&#8220;][vc_tta_section title=&#8220;Bildungsmaterial zur Ansicht bzw. Ausleihe&#8220; tab_id=&#8220;1567847785195-27b42ecc-7857&#8243;][vc_column_text]Folgende Materialien stehen im Weltladen Freising zur Ansicht bzw. zur Ausleihe zur Verf\u00fcgung. Bei Ausleihe entsteht eine kleine Geb\u00fchr (f\u00fcr Reparaturen\/Ersatz).<\/p>\n<div class=\"hr-thin\"><\/div>\n<h4>Die Bildungss\u00e4ule: Unser Serviceregal f\u00fcr die Bildungsarbeit<\/h4>\n<p>Die Bildungss\u00e4ule besteht aus sieben Stehsammlern und umfasst einen Grundstock an Materialien zu den gefragtesten Themen der entwicklungspolitischen Bildungsarbeit in Weltl\u00e4den: Fairer Handel, Kaffee, Textilien, Fu\u00dfball, Kakao, Handy, S\u00fcdfr\u00fcchte.<\/p>\n<p>Die Stehsammler enthalten ausgew\u00e4hlte Materialien und Konzepte, einen Wegweiser ins Thema sowie zahlreiche Literaturhinweise und Links. Neben den Pr\u00e4senzmaterialien gibt es auch eine CD-ROM, auf der fast alle Materialien in digitalem Format sowie zus\u00e4tzliche Filme, Konzepte, Brosch\u00fcren u.v.m. zu finden sind.<\/p>\n<div class=\"hr-thin\"><\/div>\n<h4>Das Kartenset &#8222;Die Grunds\u00e4tze des Fairen Handels<\/h4>\n<p>Der faire Handel ist nicht immer leicht zu erkl\u00e4ren, deshalb hat der Weltladen Dachverband Kartensets entwickelt, die im Unterricht oder bei Projekttagen eingesetzt werden k\u00f6nnen. Sie k\u00f6nnen als Memory gespielt werden, die Bilder bieten Gespr\u00e4chsanl\u00e4sse und k\u00f6nnen gut in Reflexionsrunden eingesetzt werden. Im Weltladen Freising gibt es das Set &#8222;Grunds\u00e4tze des Fairen Handels&#8220;, bestehend aus 14 Kartenpaaren.<\/p>\n<div class=\"hr-thin\"><\/div>\n<h4>Der Rundum Fair Parcours<\/h4>\n<p>Der <a href=\"https:\/\/eineweltladen.com\/bildungsmaterialien\/parcours-rundumfair\/\" target=\"_blank\" rel=\"noopener\">Parcours<\/a> bietet Stationen zu verschiedenen Themen des fairen Handels (Kaffee, Schokolade, Bananen, Fu\u00dfball, Handy, Kinderarbeit). Die einzelnen Stationen bieten einen Einstieg ins Thema.Er kann in G\u00e4nze oder nur zu einem Thema eingesetzt werden.<\/p>\n<p>Angeschafft durch den Agenda21-Sozialbeirat der Stadt Freising. Verleih \u00fcber den Weltladen Freising.<\/p>\n<div class=\"hr-thin\"><\/div>\n<h4>Die Fu\u00dfballkiste<\/h4>\n<p>&#8222;Fair Play, fair pay&#8220; &#8211; mit den Stationen der <a href=\"https:\/\/mission-einewelt.de\/service-und-angebot\/arbeitsmaterialien\/entwicklungspolitische-kisten\/fussball-2\/\" target=\"_blank\" rel=\"noopener\">Fu\u00dfballkiste<\/a>\u00a0sind je nach Auswahl der Stationen verschiedene Zug\u00e4nge zum Thema Fu\u00dfball, Fairplay, Herstellung von B\u00e4llen etc. m\u00f6glich. Sie ist nutzbar ab Jahrgang 4 (jeweils mit Anpassungen f\u00fcr die Altersgruppe).<\/p>\n<p>Die Fu\u00dfballkiste wurde von Mission EineWelt entwickelt. Das Bildungsteam des Weltladens Freising hat weitere Stationen erg\u00e4nz.<\/p>\n<div class=\"hr-thin\"><\/div>\n<h4>Der Plastic Parcours<\/h4>\n<p>Der <a href=\"https:\/\/eineweltladen.com\/bildungsmaterialien\/meine-plastikwelt\/\" target=\"_blank\" rel=\"noopener\">Plastic Parcours<\/a> bietet mit sieben Stationen einen Einstieg in das Thema Plastik. Er ist gut nutzbar f\u00fcr die Jahrg\u00e4nge 4-6 (jeweils mit Anpassungen f\u00fcr die Altersgruppe) und sinnvoll mit einer Praxiseinheit, bei der eine Alternative zu Plastik im Alltag selbst hergestellt wird, zu kombinieren.<\/p>\n<p>Angeschafft durch das Klimaschutzmanagement der Stadt Freising. Verleih \u00fcber den Weltladen Freising.<\/p>\n<div class=\"hr-thin\"><\/div>\n<h4>Der \u00f6kologische Fu\u00dfabdruck<\/h4>\n<p>Der vom EineWeltLaden Neumarkt konzipierte <a href=\"https:\/\/eineweltladen.com\/bildungsmaterialien\/der-oekologische-fussabdruck\/\" target=\"_blank\" rel=\"noopener\">\u00f6kologische Fu\u00dfabdruck<\/a> bietet mit seinen 40 im Raum auslegbaren Fu\u00dfabdr\u00fccken eine &#8222;begehbare&#8220; Variante des \u00f6kologischen Fu\u00dfabdrucks.\u00a0Ein Fu\u00dfabdruck ist 40 cm x 80 cm gro\u00df und wasserfest. Die 40 Stationen werden auf den Boden gelegt und los kann es gehen!<\/p>\n<p>Angeschafft durch den Agenda21-Sozialbeirat der Stadt Freising. Verleih \u00fcber den Weltladen Freising.[\/vc_column_text][\/vc_tta_section][vc_tta_section title=&#8220;Unterricht, Projekttage, Workshops gemeinsam mit dem Weltladen gestalten&#8220; tab_id=&#8220;1567847785254-d2dfda2c-495a&#8220;][vc_column_text]Das Bildungsteam des Weltladens kommt gerne zu Ihnen in die Schule oder Einrichtung. Auch sind Besuche und Erkundungen im Weltladen Freising m\u00f6glich. Themen, Zeitrahmen und Kosten werden individuell vereinbart.<\/p>\n<p>Hier einige Beispiele f\u00fcr Themen:<\/p>\n<ul>\n<li>Die Schokoladen-Werkstatt (Forschungsstationen rund um Kakao und Schokolade sowie Herstellung von Schokolade)<\/li>\n<li>Kinder in der Einen Welt (Kinderspiel und Kinderrechte)<\/li>\n<li>Fair Play, fair pay (Stationen zu Ballspiel und Herstellung sowie Handel von B\u00e4llen)<\/li>\n<li>Lebensmittelverschwendung mit globalem Bezug<\/li>\n<li>Die Weltladenerkundung:\u00a0Ein Besuch im Weltladen (f\u00fcr verschiedene Altersgruppen m\u00f6glich)<\/li>\n<li>Das Weltverteilungsspiel &#8211; ein Spiel zu Globalisierung und Gerechtigkeit<\/li>\n<li>Das Welthandelsspiel &#8211; ein Rollenspiel zu Wettbewerb, Konkurrenz und Kooperation<\/li>\n<li>Global Dinner &#8211; ein kulinarisches Experiment rund um globale (Un-)Gerechtigkeit<\/li>\n<\/ul>\n<p>[\/vc_column_text][\/vc_tta_section][vc_tta_section title=&#8220;Einen mobilen Verkaufsstand organisieren&#8220; tab_id=&#8220;1567848013235-e47a615b-696e&#8220;][vc_column_text]Sie m\u00f6chten einen mobilen Verkaufsstand f\u00fcr Produkte aus fairem Handel in Ihrer Schule, im Jugendzentrum oder in der Gemeinde aufbauen? Oder fair gehandelte Produkte auf dem Weihnachtsbazaar verkaufen? Wir beraten und unterst\u00fctzen Sie gerne. Bitte nehmen Sie <a href=\"mailto:einkauf@weltladen-freising.de\" target=\"_blank\" rel=\"noopener\">Kontakt<\/a> auf.[\/vc_column_text][\/vc_tta_section][\/vc_tta_accordion][vc_empty_space][vc_row_inner][vc_column_inner][vc_column_text]Sie haben Fragen zur Bildungsarbeit im Weltladen Freising, zur Materialausleihe, &#8230; ?<\/p>\n<p>Sie haben Interesse an einer Weltladenerkundung oder einem Projekttag?<\/p>\n<p>Sie m\u00f6chten in Ihrer Schule eine Fortbildung zum Globalen Lernen organisieren oder \u00fcber Fortbildungsangebote zum Globalen Lernen in Freising informiert werden?<\/p>\n<p>Bitte schreiben Sie uns eine\u00a0<a href=\"mailto:bildung@weltladen-freising.de\" target=\"_blank\" rel=\"noopener\">E-Mail.<\/a><\/p>\n<p><strong>Wir freuen uns auf Ihre Anfrage!<\/strong><\/p>\n<p>Bitte beachten:\u00a0Wir bitten Sie bei Terminvereinbarungen eine Vorlaufzeit von mindestens vier Wochen einzuplanen.[\/vc_column_text][vc_column_text][\/vc_column_text][\/vc_column_inner][\/vc_row_inner][\/vc_column][\/vc_row]<\/p>\n<\/div>","protected":false},"excerpt":{"rendered":"<p>[vc_row][vc_column][vc_empty_space][vc_column_text] Mit Bildung die Welt FAIR\u00e4ndern! [\/vc_column_text][vc_column_text]Weltl\u00e4den sind Orte des globalen Lernens. Neben dem Verkauf von Produkten aus Fairem Handel geh\u00f6rt auch Bildungsarbeit zu den Aufgaben, denn: Fairer Handel bietet viele Ansatzpunkte, um ausgehend von allt\u00e4glichen Produkten globale Zusammenh\u00e4nge zu entdecken, \u00fcber Gerechtigkeit zu reflektieren, die eigene Rolle und damit Verantwortung im weltweiten Zusammenleben zu&hellip;<\/p>\n","protected":false},"author":1,"featured_media":0,"parent":0,"menu_order":6,"comment_status":"closed","ping_status":"closed","template":"","meta":{"footnotes":""},"class_list":["post-217","page","type-page","status-publish","hentry","description-off"],"yoast_head":"<!-- This site is optimized with the Yoast SEO plugin v26.8 - https:\/\/yoast.com\/product\/yoast-seo-wordpress\/ -->\n<title>Bildungsangebote - Weltladen Freising<\/title>\n<meta name=\"robots\" content=\"index, follow, max-snippet:-1, max-image-preview:large, max-video-preview:-1\" \/>\n<link rel=\"canonical\" href=\"https:\/\/weltlaeden.de\/freising\/bildung\/\" \/>\n<meta property=\"og:locale\" content=\"de_DE\" \/>\n<meta property=\"og:type\" content=\"article\" \/>\n<meta property=\"og:title\" content=\"Bildungsangebote - Weltladen Freising\" \/>\n<meta property=\"og:description\" content=\"[vc_row][vc_column][vc_empty_space][vc_column_text] Mit Bildung die Welt FAIR\u00e4ndern! [\/vc_column_text][vc_column_text]Weltl\u00e4den sind Orte des globalen Lernens. Neben dem Verkauf von Produkten aus Fairem Handel geh\u00f6rt auch Bildungsarbeit zu den Aufgaben, denn: Fairer Handel bietet viele Ansatzpunkte, um ausgehend von allt\u00e4glichen Produkten globale Zusammenh\u00e4nge zu entdecken, \u00fcber Gerechtigkeit zu reflektieren, die eigene Rolle und damit Verantwortung im weltweiten Zusammenleben zu&hellip;\" \/>\n<meta property=\"og:url\" content=\"https:\/\/weltlaeden.de\/freising\/bildung\/\" \/>\n<meta property=\"og:site_name\" content=\"Weltladen Freising\" \/>\n<meta property=\"article:modified_time\" content=\"2020-04-07T11:10:16+00:00\" \/>\n<meta property=\"og:image\" content=\"https:\/\/weltlaeden.de\/freising\/wp-content\/uploads\/sites\/48\/2016\/10\/Lernangebote-1024x447.jpg\" \/>\n<meta name=\"twitter:card\" content=\"summary_large_image\" \/>\n<meta name=\"twitter:label1\" content=\"Gesch\u00e4tzte Lesezeit\" \/>\n\t<meta name=\"twitter:data1\" content=\"5\u00a0Minuten\" \/>\n<script type=\"application\/ld+json\" class=\"yoast-schema-graph\">{\"@context\":\"https:\/\/schema.org\",\"@graph\":[{\"@type\":\"WebPage\",\"@id\":\"https:\/\/weltlaeden.de\/freising\/bildung\/\",\"url\":\"https:\/\/weltlaeden.de\/freising\/bildung\/\",\"name\":\"Bildungsangebote - Weltladen Freising\",\"isPartOf\":{\"@id\":\"https:\/\/weltlaeden.de\/freising\/#website\"},\"primaryImageOfPage\":{\"@id\":\"https:\/\/weltlaeden.de\/freising\/bildung\/#primaryimage\"},\"image\":{\"@id\":\"https:\/\/weltlaeden.de\/freising\/bildung\/#primaryimage\"},\"thumbnailUrl\":\"https:\/\/weltlaeden.de\/freising\/wp-content\/uploads\/sites\/48\/2016\/10\/Lernangebote-1024x447.jpg\",\"datePublished\":\"2016-10-28T11:34:47+00:00\",\"dateModified\":\"2020-04-07T11:10:16+00:00\",\"breadcrumb\":{\"@id\":\"https:\/\/weltlaeden.de\/freising\/bildung\/#breadcrumb\"},\"inLanguage\":\"de\",\"potentialAction\":[{\"@type\":\"ReadAction\",\"target\":[\"https:\/\/weltlaeden.de\/freising\/bildung\/\"]}]},{\"@type\":\"ImageObject\",\"inLanguage\":\"de\",\"@id\":\"https:\/\/weltlaeden.de\/freising\/bildung\/#primaryimage\",\"url\":\"https:\/\/weltlaeden.de\/freising\/wp-content\/uploads\/sites\/48\/2016\/10\/Lernangebote.jpg\",\"contentUrl\":\"https:\/\/weltlaeden.de\/freising\/wp-content\/uploads\/sites\/48\/2016\/10\/Lernangebote.jpg\",\"width\":1568,\"height\":685},{\"@type\":\"BreadcrumbList\",\"@id\":\"https:\/\/weltlaeden.de\/freising\/bildung\/#breadcrumb\",\"itemListElement\":[{\"@type\":\"ListItem\",\"position\":1,\"name\":\"Startseite\",\"item\":\"https:\/\/weltlaeden.de\/freising\/\"},{\"@type\":\"ListItem\",\"position\":2,\"name\":\"Bildungsangebote\"}]},{\"@type\":\"WebSite\",\"@id\":\"https:\/\/weltlaeden.de\/freising\/#website\",\"url\":\"https:\/\/weltlaeden.de\/freising\/\",\"name\":\"Vorlage\",\"description\":\"Faire Produkte seit 1982\",\"potentialAction\":[{\"@type\":\"SearchAction\",\"target\":{\"@type\":\"EntryPoint\",\"urlTemplate\":\"https:\/\/weltlaeden.de\/freising\/?s={search_term_string}\"},\"query-input\":{\"@type\":\"PropertyValueSpecification\",\"valueRequired\":true,\"valueName\":\"search_term_string\"}}],\"inLanguage\":\"de\"}]}<\/script>\n<!-- \/ Yoast SEO plugin. -->","yoast_head_json":{"title":"Bildungsangebote - Weltladen Freising","robots":{"index":"index","follow":"follow","max-snippet":"max-snippet:-1","max-image-preview":"max-image-preview:large","max-video-preview":"max-video-preview:-1"},"canonical":"https:\/\/weltlaeden.de\/freising\/bildung\/","og_locale":"de_DE","og_type":"article","og_title":"Bildungsangebote - Weltladen Freising","og_description":"[vc_row][vc_column][vc_empty_space][vc_column_text] Mit Bildung die Welt FAIR\u00e4ndern! [\/vc_column_text][vc_column_text]Weltl\u00e4den sind Orte des globalen Lernens. Neben dem Verkauf von Produkten aus Fairem Handel geh\u00f6rt auch Bildungsarbeit zu den Aufgaben, denn: Fairer Handel bietet viele Ansatzpunkte, um ausgehend von allt\u00e4glichen Produkten globale Zusammenh\u00e4nge zu entdecken, \u00fcber Gerechtigkeit zu reflektieren, die eigene Rolle und damit Verantwortung im weltweiten Zusammenleben zu&hellip;","og_url":"https:\/\/weltlaeden.de\/freising\/bildung\/","og_site_name":"Weltladen Freising","article_modified_time":"2020-04-07T11:10:16+00:00","og_image":[{"url":"https:\/\/weltlaeden.de\/freising\/wp-content\/uploads\/sites\/48\/2016\/10\/Lernangebote-1024x447.jpg","type":"","width":"","height":""}],"twitter_card":"summary_large_image","twitter_misc":{"Gesch\u00e4tzte Lesezeit":"5\u00a0Minuten"},"schema":{"@context":"https:\/\/schema.org","@graph":[{"@type":"WebPage","@id":"https:\/\/weltlaeden.de\/freising\/bildung\/","url":"https:\/\/weltlaeden.de\/freising\/bildung\/","name":"Bildungsangebote - Weltladen Freising","isPartOf":{"@id":"https:\/\/weltlaeden.de\/freising\/#website"},"primaryImageOfPage":{"@id":"https:\/\/weltlaeden.de\/freising\/bildung\/#primaryimage"},"image":{"@id":"https:\/\/weltlaeden.de\/freising\/bildung\/#primaryimage"},"thumbnailUrl":"https:\/\/weltlaeden.de\/freising\/wp-content\/uploads\/sites\/48\/2016\/10\/Lernangebote-1024x447.jpg","datePublished":"2016-10-28T11:34:47+00:00","dateModified":"2020-04-07T11:10:16+00:00","breadcrumb":{"@id":"https:\/\/weltlaeden.de\/freising\/bildung\/#breadcrumb"},"inLanguage":"de","potentialAction":[{"@type":"ReadAction","target":["https:\/\/weltlaeden.de\/freising\/bildung\/"]}]},{"@type":"ImageObject","inLanguage":"de","@id":"https:\/\/weltlaeden.de\/freising\/bildung\/#primaryimage","url":"https:\/\/weltlaeden.de\/freising\/wp-content\/uploads\/sites\/48\/2016\/10\/Lernangebote.jpg","contentUrl":"https:\/\/weltlaeden.de\/freising\/wp-content\/uploads\/sites\/48\/2016\/10\/Lernangebote.jpg","width":1568,"height":685},{"@type":"BreadcrumbList","@id":"https:\/\/weltlaeden.de\/freising\/bildung\/#breadcrumb","itemListElement":[{"@type":"ListItem","position":1,"name":"Startseite","item":"https:\/\/weltlaeden.de\/freising\/"},{"@type":"ListItem","position":2,"name":"Bildungsangebote"}]},{"@type":"WebSite","@id":"https:\/\/weltlaeden.de\/freising\/#website","url":"https:\/\/weltlaeden.de\/freising\/","name":"Vorlage","description":"Faire Produkte seit 1982","potentialAction":[{"@type":"SearchAction","target":{"@type":"EntryPoint","urlTemplate":"https:\/\/weltlaeden.de\/freising\/?s={search_term_string}"},"query-input":{"@type":"PropertyValueSpecification","valueRequired":true,"valueName":"search_term_string"}}],"inLanguage":"de"}]}},"_links":{"self":[{"href":"https:\/\/weltlaeden.de\/freising\/wp-json\/wp\/v2\/pages\/217","targetHints":{"allow":["GET"]}}],"collection":[{"href":"https:\/\/weltlaeden.de\/freising\/wp-json\/wp\/v2\/pages"}],"about":[{"href":"https:\/\/weltlaeden.de\/freising\/wp-json\/wp\/v2\/types\/page"}],"author":[{"embeddable":true,"href":"https:\/\/weltlaeden.de\/freising\/wp-json\/wp\/v2\/users\/1"}],"replies":[{"embeddable":true,"href":"https:\/\/weltlaeden.de\/freising\/wp-json\/wp\/v2\/comments?post=217"}],"version-history":[{"count":37,"href":"https:\/\/weltlaeden.de\/freising\/wp-json\/wp\/v2\/pages\/217\/revisions"}],"predecessor-version":[{"id":1063,"href":"https:\/\/weltlaeden.de\/freising\/wp-json\/wp\/v2\/pages\/217\/revisions\/1063"}],"wp:attachment":[{"href":"https:\/\/weltlaeden.de\/freising\/wp-json\/wp\/v2\/media?parent=217"}],"curies":[{"name":"wp","href":"https:\/\/api.w.org\/{rel}","templated":true}]}}