{"id":218,"date":"2016-10-28T13:34:47","date_gmt":"2016-10-28T11:34:47","guid":{"rendered":"https:\/\/wl.heimpixel.de\/vorlage\/fairer-handel\/"},"modified":"2026-05-05T19:23:23","modified_gmt":"2026-05-05T17:23:23","slug":"fairer-handel","status":"publish","type":"page","link":"https:\/\/weltlaeden.de\/flair-weltladen\/fairer-handel\/","title":{"rendered":"Fairer Handel"},"content":{"rendered":"<div class=\"wpb-content-wrapper\"><p>[vc_row][vc_column]<div class=\"wl_einzelbild\"><p><img loading=\"lazy\" decoding=\"async\" class=\"alignnone wp-image-2598\" src=\"https:\/\/weltlaeden.de\/flair-weltladen\/wp-content\/uploads\/sites\/32\/2026\/05\/Screenshot-2026-05-05-191722-300x127.png\" alt=\"\" width=\"612\" height=\"259\" srcset=\"https:\/\/weltlaeden.de\/flair-weltladen\/wp-content\/uploads\/sites\/32\/2026\/05\/Screenshot-2026-05-05-191722-300x127.png 300w, https:\/\/weltlaeden.de\/flair-weltladen\/wp-content\/uploads\/sites\/32\/2026\/05\/Screenshot-2026-05-05-191722-1024x435.png 1024w, https:\/\/weltlaeden.de\/flair-weltladen\/wp-content\/uploads\/sites\/32\/2026\/05\/Screenshot-2026-05-05-191722-768x326.png 768w, https:\/\/weltlaeden.de\/flair-weltladen\/wp-content\/uploads\/sites\/32\/2026\/05\/Screenshot-2026-05-05-191722-1536x652.png 1536w, https:\/\/weltlaeden.de\/flair-weltladen\/wp-content\/uploads\/sites\/32\/2026\/05\/Screenshot-2026-05-05-191722.png 1792w\" sizes=\"auto, (max-width: 612px) 100vw, 612px\" \/><\/p><\/div>[\/vc_column][\/vc_row][vc_row][vc_column][vc_empty_space][vc_column_text]<\/p>\n<h1>Fairer Handel bedeutet f\u00fcr Weltl\u00e4den..<\/h1>\n<p>[\/vc_column_text][vc_column_text]<\/p>\n<div class=\"wpb_text_column wpb_content_element \">\n<div class=\"wpb_wrapper\">\n<p><strong>Verkaufen: <\/strong>Weil der Verkauf fair gehandelter Produkte das Leben f\u00fcr die Produzent\/innen verbessert.<\/p>\n<p><strong>Informieren: <\/strong>Weil politische Kampagnen die Rahmenbedingungen f\u00fcr die Menschen im S\u00fcden ver\u00e4ndern k\u00f6nnen.<\/p>\n<p><strong>Lernen:<\/strong> Weil die Mitarbeiter\/innen und die Kund\/innen viel \u00fcber die globalisierte Welt wissen sollten, um zu verstehen, wie unser Konsum die Welt ver\u00e4ndert \u2013 zum Guten oder zum Schlechten.<\/p>\n<\/div>\n<\/div>\n<p>[\/vc_column_text][\/vc_column][\/vc_row][vc_row][vc_column][vc_empty_space][vc_column_text]<\/p>\n<h1>Kriterien des Fairen Handels<\/h1>\n<p>[\/vc_column_text][vc_column_text]<\/p>\n<div class=\"wpb_text_column wpb_content_element \">\n<div class=\"wpb_wrapper\">\n<p><span class=\"normal\"><strong>Die Konvention der Weltl\u00e4den<\/strong> ist das Grundsatzpapier f\u00fcr den Fairen Handel der Weltl\u00e4den und Fair-Handels-Gruppen. Sie wurde in einem jahrelangen Dialog gemeinsam entwickelt und erstmals 1997 von der Mitgliederversammlung des Weltladen-Dachverbandes beschlossen. Die Kriterien der Konvention der Weltl\u00e4den in der aktuellen Version decken sich mit den zehn Prinzipien der World Fair Trade Organization (<a href=\"http:\/\/www.wfto.com\">WFTO<\/a>).<br \/>\n<\/span><\/p>\n<p><span class=\"normal\">Fairer Handel, wie ihn die Weltl\u00e4den betreiben, strebt eine gleichberechtigte Partnerschaft des Nordens mit dem S\u00fcden an. Daher wendet die Konvention die Kriterien auf alle wesentlichen Akteure im Fairen Handel an: auf Produzent\/innen, Importeure sowie Weltl\u00e4den und Fair-Handels-Gruppen.<\/span><\/p>\n<\/div>\n<\/div>\n<p>[\/vc_column_text][vc_column_text]<span class=\"normal\"><strong>Grundkriterien der Konvention:<\/strong><\/span><\/p>\n<ul>\n<li>Handelspraktiken<\/li>\n<li>Arbeitsbedingungen<\/li>\n<li>Transparenz<\/li>\n<li>Bildungs- und Informationsarbeit<\/li>\n<li>\u00d6ffentlichkeitsarbeit<\/li>\n<li>Umweltschutz<\/li>\n<li>Erg\u00e4nzungsprodukte (z.B. regionale Produkte)<\/li>\n<\/ul>\n<p>[\/vc_column_text][\/vc_column][\/vc_row][vc_row][vc_column][vc_empty_space][vc_column_text]<\/p>\n<h1>Links zur Akteuren des Fairen Handels<\/h1>\n<p>[\/vc_column_text][vc_column_text]<\/p>\n<div class=\"wpb_text_column wpb_content_element \">\n<div class=\"wpb_wrapper\">\n<p><strong>Weltl\u00e4den<\/strong><\/p>\n<ul>\n<li><a href=\"http:\/\/www.weltladen.de\" target=\"_blank\" rel=\"noopener\">Weltladen-Dachverband<\/a><\/li>\n<\/ul>\n<p><strong>Importorganisationen (Auswahl)<br \/>\n<\/strong><\/p>\n<ul>\n<li><a href=\"http:\/\/www.banafair.de\" target=\"_blank\" rel=\"noopener\">BanaFair<\/a><\/li>\n<li><a href=\"http:\/\/www.dwp-rv.de\" target=\"_blank\" rel=\"noopener\">dwp<\/a><\/li>\n<li><a href=\"http:\/\/www.el-puente.de\" target=\"_blank\" rel=\"noopener\">El Puente<\/a><\/li>\n<li><a href=\"http:\/\/www.gepa.de\/\" target=\"_blank\" rel=\"noopener\">GEPA \u2013 The Fair Trade Company<\/a><\/li>\n<li><a href=\"https:\/\/www.globo-fairtrade.com\/\" target=\"_blank\" rel=\"noopener\">GLOBO<\/a><\/li>\n<\/ul>\n<p><strong>Netzwerke und Infos \u00fcber Produzent\/innen<br \/>\n<\/strong><\/p>\n<ul>\n<li><a href=\"http:\/\/www.forum-fairer-handel.de\" target=\"_blank\" rel=\"noopener\">Forum Fairer Handel<\/a><\/li>\n<li><a href=\"https:\/\/www.fair-band.de\" target=\"_blank\" rel=\"noopener\">FAIR BAND<\/a><\/li>\n<li><a href=\"http:\/\/www.wfto.com\/\" target=\"_blank\" rel=\"noopener\">World Fair Trade Organization\u00a0(WFTO)<\/a><\/li>\n<li><a href=\"http:\/\/fairtrade.de\">fairtrade.de<\/a><\/li>\n<\/ul>\n<p><strong>Siegelorganisationen<\/strong><\/p>\n<ul>\n<li><a href=\"http:\/\/www.naturland.de\/index.php?option=com_content&amp;view=category&amp;layout=blog&amp;id=148&amp;Itemid=888&amp;lang=de\">Naturland Fair<\/a><\/li>\n<li><a href=\"http:\/\/www.fairtrade-deutschland.de\" target=\"_blank\" rel=\"noopener\">Fairtrade Deutschland<\/a><\/li>\n<li><a href=\"http:\/\/www.fairtrade.net\" target=\"_blank\" rel=\"noopener\">Fairtrade International<\/a><\/li>\n<\/ul>\n<\/div>\n<\/div>\n<p>[\/vc_column_text][\/vc_column][\/vc_row][vc_row][vc_column][vc_empty_space][vc_column_text]<\/p>\n<h1>Weiterlesen: Unser Projekt..<\/h1>\n<p>[\/vc_column_text][vc_column_text]<\/p>\n<div class=\"wpb_text_column wpb_content_element \">\n<div class=\"wpb_wrapper\">\n<p><strong>Honduras <\/strong>ist mittlerweile der sechstgr\u00f6\u00dfte Kaffeeproduzent weltweit. Das Umland von Marcala ist DIE Kaffeeanbauregion in Honduras und produziert den international anerkannten Hochlandkaffee, bekannt als \u201eCaf\u00e9 de Origen Marcala\u201c. Marcala liegt ca. 150 km von der Hauptstadt Tegucigalpa entfernt inmitten der Berge im Departement La Paz auf ca. 1300 m Seeh\u00f6he.<\/p>\n<p>Ziel der Frauen-Kooperative APROLMA ist die Produktion und Vermarktung von qualitativ hochwertigem Bio-Kaffee. Wegen des Klimawandels mussten die Kaffeeg\u00e4rten in h\u00f6here Regionen verlegt werden (1500-1800 m). APROLMA sieht sich als soziale Organisation, die die Anliegen und Interessen von Frauen vertritt. Regelm\u00e4\u00dfig finden Schulungen in Bio-Anbau, Sch\u00e4dlingsbek\u00e4mpfung und Qualit\u00e4tssicherung statt. Aber auch Fortbildungen in den Bereichen Menschen- und Frauenrechte stehen auf dem Programm. APROLMA bietet ihren Mitgliedern kostenlose Untersuchungen zur Fr\u00fcherkennung von Krebserkrankungen und Schulungen zur Familienplanung an.<\/p>\n<p>Reine Frauenorganisationen sind \u00e4u\u00dferst selten im Kaffeesektor. APROLMA sieht sich selbst als soziale Organisation, die die Anliegen und Interessen von Frauen vertritt. Neben der landwirtschaftlichen Weiterbildung wie z.B. Bio-Anbau, f\u00fchrt APROLMA auch Fortbildungen in den Bereichen Menschen- und Frauenrechte und Meinungsfreiheit durch. Viele APROLMA-Mitglieder geh\u00f6rten fr\u00fcher zu COMUCAP, einer Kaffeekooperative, die sich von Beginn an f\u00fcr die Rechte von Frauen und deren F\u00f6rderung eingesetzt hat.<\/p>\n<p>Der F(l)air-Weltladen-L\u00fcttringhausen konnte mit Unterst\u00fctzung des Landes NRW dazu beitragen, dass die Frauen-Kooperative APROLMA (bzw. ihrer Vorg\u00e4ngerinnen COMUCAP und RAOS) in den letzten Jahren eine Kaffeesch\u00e4lmaschine kaufen sowie kleine H\u00e4user in den Kaffeeg\u00e4rten errichten konnte, zur Unterbringung der Kaffeeb\u00e4uerinnen w\u00e4hrend der Ernte oder zur Beherbergung von \u00d6ko-Touristen. Zur Zeit arbeiten wir daran mit, dass APROLMA mit Hilfe der Stadt Remscheid als Fair-Trade-Town eine Kaffeeverarbeitungsanlage bauen kann.<\/p>\n<\/div>\n<\/div>\n<p>[\/vc_column_text][\/vc_column][\/vc_row]<\/p>\n<\/div>","protected":false},"excerpt":{"rendered":"<p>[vc_row][vc_column][\/vc_column][\/vc_row][vc_row][vc_column][vc_empty_space][vc_column_text] Fairer Handel bedeutet f\u00fcr Weltl\u00e4den.. [\/vc_column_text][vc_column_text] Verkaufen: Weil der Verkauf fair gehandelter Produkte das Leben f\u00fcr die Produzent\/innen verbessert. Informieren: Weil politische Kampagnen die Rahmenbedingungen f\u00fcr die Menschen im S\u00fcden ver\u00e4ndern k\u00f6nnen. Lernen: Weil die Mitarbeiter\/innen und die Kund\/innen viel \u00fcber die globalisierte Welt wissen sollten, um zu verstehen, wie unser Konsum die Welt&hellip;<\/p>\n","protected":false},"author":1,"featured_media":0,"parent":0,"menu_order":3,"comment_status":"closed","ping_status":"closed","template":"","meta":{"footnotes":""},"class_list":["post-218","page","type-page","status-publish","hentry","description-off"],"yoast_head":"<!-- This site is optimized with the Yoast SEO plugin v26.8 - https:\/\/yoast.com\/product\/yoast-seo-wordpress\/ -->\n<title>Fairer Handel - F(l)air-Weltladen-L\u00fcttringhausen<\/title>\n<meta name=\"robots\" content=\"index, follow, max-snippet:-1, max-image-preview:large, max-video-preview:-1\" \/>\n<link rel=\"canonical\" href=\"https:\/\/weltlaeden.de\/flair-weltladen\/fairer-handel\/\" \/>\n<meta property=\"og:locale\" content=\"de_DE\" \/>\n<meta property=\"og:type\" content=\"article\" \/>\n<meta property=\"og:title\" content=\"Fairer Handel - F(l)air-Weltladen-L\u00fcttringhausen\" \/>\n<meta property=\"og:description\" content=\"[vc_row][vc_column][\/vc_column][\/vc_row][vc_row][vc_column][vc_empty_space][vc_column_text] Fairer Handel bedeutet f\u00fcr Weltl\u00e4den.. [\/vc_column_text][vc_column_text] Verkaufen: Weil der Verkauf fair gehandelter Produkte das Leben f\u00fcr die Produzent\/innen verbessert. Informieren: Weil politische Kampagnen die Rahmenbedingungen f\u00fcr die Menschen im S\u00fcden ver\u00e4ndern k\u00f6nnen. Lernen: Weil die Mitarbeiter\/innen und die Kund\/innen viel \u00fcber die globalisierte Welt wissen sollten, um zu verstehen, wie unser Konsum die Welt&hellip;\" \/>\n<meta property=\"og:url\" content=\"https:\/\/weltlaeden.de\/flair-weltladen\/fairer-handel\/\" \/>\n<meta property=\"og:site_name\" content=\"F(l)air-Weltladen-L\u00fcttringhausen\" \/>\n<meta property=\"article:modified_time\" content=\"2026-05-05T17:23:23+00:00\" \/>\n<meta property=\"og:image\" content=\"https:\/\/weltlaeden.de\/flair-weltladen\/wp-content\/uploads\/sites\/32\/2026\/05\/Screenshot-2026-05-05-191722.png\" \/>\n\t<meta property=\"og:image:width\" content=\"1792\" \/>\n\t<meta property=\"og:image:height\" content=\"761\" \/>\n\t<meta property=\"og:image:type\" content=\"image\/png\" \/>\n<meta name=\"twitter:card\" content=\"summary_large_image\" \/>\n<meta name=\"twitter:label1\" content=\"Gesch\u00e4tzte Lesezeit\" \/>\n\t<meta name=\"twitter:data1\" content=\"3\u00a0Minuten\" \/>\n<script type=\"application\/ld+json\" class=\"yoast-schema-graph\">{\"@context\":\"https:\/\/schema.org\",\"@graph\":[{\"@type\":\"WebPage\",\"@id\":\"https:\/\/weltlaeden.de\/flair-weltladen\/fairer-handel\/\",\"url\":\"https:\/\/weltlaeden.de\/flair-weltladen\/fairer-handel\/\",\"name\":\"Fairer Handel - F(l)air-Weltladen-L\u00fcttringhausen\",\"isPartOf\":{\"@id\":\"https:\/\/weltlaeden.de\/flair-weltladen\/#website\"},\"primaryImageOfPage\":{\"@id\":\"https:\/\/weltlaeden.de\/flair-weltladen\/fairer-handel\/#primaryimage\"},\"image\":{\"@id\":\"https:\/\/weltlaeden.de\/flair-weltladen\/fairer-handel\/#primaryimage\"},\"thumbnailUrl\":\"https:\/\/weltlaeden.de\/flair-weltladen\/wp-content\/uploads\/sites\/32\/2026\/05\/Screenshot-2026-05-05-191722-300x127.png\",\"datePublished\":\"2016-10-28T11:34:47+00:00\",\"dateModified\":\"2026-05-05T17:23:23+00:00\",\"breadcrumb\":{\"@id\":\"https:\/\/weltlaeden.de\/flair-weltladen\/fairer-handel\/#breadcrumb\"},\"inLanguage\":\"de\",\"potentialAction\":[{\"@type\":\"ReadAction\",\"target\":[\"https:\/\/weltlaeden.de\/flair-weltladen\/fairer-handel\/\"]}]},{\"@type\":\"ImageObject\",\"inLanguage\":\"de\",\"@id\":\"https:\/\/weltlaeden.de\/flair-weltladen\/fairer-handel\/#primaryimage\",\"url\":\"https:\/\/weltlaeden.de\/flair-weltladen\/wp-content\/uploads\/sites\/32\/2026\/05\/Screenshot-2026-05-05-191722.png\",\"contentUrl\":\"https:\/\/weltlaeden.de\/flair-weltladen\/wp-content\/uploads\/sites\/32\/2026\/05\/Screenshot-2026-05-05-191722.png\",\"width\":1792,\"height\":761},{\"@type\":\"BreadcrumbList\",\"@id\":\"https:\/\/weltlaeden.de\/flair-weltladen\/fairer-handel\/#breadcrumb\",\"itemListElement\":[{\"@type\":\"ListItem\",\"position\":1,\"name\":\"Startseite\",\"item\":\"https:\/\/weltlaeden.de\/flair-weltladen\/\"},{\"@type\":\"ListItem\",\"position\":2,\"name\":\"Fairer Handel\"}]},{\"@type\":\"WebSite\",\"@id\":\"https:\/\/weltlaeden.de\/flair-weltladen\/#website\",\"url\":\"https:\/\/weltlaeden.de\/flair-weltladen\/\",\"name\":\"F(l)air-Weltladen-L\u00fcttringhausen\",\"description\":\"Faire Produkte seit 1990\",\"potentialAction\":[{\"@type\":\"SearchAction\",\"target\":{\"@type\":\"EntryPoint\",\"urlTemplate\":\"https:\/\/weltlaeden.de\/flair-weltladen\/?s={search_term_string}\"},\"query-input\":{\"@type\":\"PropertyValueSpecification\",\"valueRequired\":true,\"valueName\":\"search_term_string\"}}],\"inLanguage\":\"de\"}]}<\/script>\n<!-- \/ Yoast SEO plugin. -->","yoast_head_json":{"title":"Fairer Handel - F(l)air-Weltladen-L\u00fcttringhausen","robots":{"index":"index","follow":"follow","max-snippet":"max-snippet:-1","max-image-preview":"max-image-preview:large","max-video-preview":"max-video-preview:-1"},"canonical":"https:\/\/weltlaeden.de\/flair-weltladen\/fairer-handel\/","og_locale":"de_DE","og_type":"article","og_title":"Fairer Handel - F(l)air-Weltladen-L\u00fcttringhausen","og_description":"[vc_row][vc_column][\/vc_column][\/vc_row][vc_row][vc_column][vc_empty_space][vc_column_text] Fairer Handel bedeutet f\u00fcr Weltl\u00e4den.. [\/vc_column_text][vc_column_text] Verkaufen: Weil der Verkauf fair gehandelter Produkte das Leben f\u00fcr die Produzent\/innen verbessert. Informieren: Weil politische Kampagnen die Rahmenbedingungen f\u00fcr die Menschen im S\u00fcden ver\u00e4ndern k\u00f6nnen. Lernen: Weil die Mitarbeiter\/innen und die Kund\/innen viel \u00fcber die globalisierte Welt wissen sollten, um zu verstehen, wie unser Konsum die Welt&hellip;","og_url":"https:\/\/weltlaeden.de\/flair-weltladen\/fairer-handel\/","og_site_name":"F(l)air-Weltladen-L\u00fcttringhausen","article_modified_time":"2026-05-05T17:23:23+00:00","og_image":[{"width":1792,"height":761,"url":"https:\/\/weltlaeden.de\/flair-weltladen\/wp-content\/uploads\/sites\/32\/2026\/05\/Screenshot-2026-05-05-191722.png","type":"image\/png"}],"twitter_card":"summary_large_image","twitter_misc":{"Gesch\u00e4tzte Lesezeit":"3\u00a0Minuten"},"schema":{"@context":"https:\/\/schema.org","@graph":[{"@type":"WebPage","@id":"https:\/\/weltlaeden.de\/flair-weltladen\/fairer-handel\/","url":"https:\/\/weltlaeden.de\/flair-weltladen\/fairer-handel\/","name":"Fairer Handel - F(l)air-Weltladen-L\u00fcttringhausen","isPartOf":{"@id":"https:\/\/weltlaeden.de\/flair-weltladen\/#website"},"primaryImageOfPage":{"@id":"https:\/\/weltlaeden.de\/flair-weltladen\/fairer-handel\/#primaryimage"},"image":{"@id":"https:\/\/weltlaeden.de\/flair-weltladen\/fairer-handel\/#primaryimage"},"thumbnailUrl":"https:\/\/weltlaeden.de\/flair-weltladen\/wp-content\/uploads\/sites\/32\/2026\/05\/Screenshot-2026-05-05-191722-300x127.png","datePublished":"2016-10-28T11:34:47+00:00","dateModified":"2026-05-05T17:23:23+00:00","breadcrumb":{"@id":"https:\/\/weltlaeden.de\/flair-weltladen\/fairer-handel\/#breadcrumb"},"inLanguage":"de","potentialAction":[{"@type":"ReadAction","target":["https:\/\/weltlaeden.de\/flair-weltladen\/fairer-handel\/"]}]},{"@type":"ImageObject","inLanguage":"de","@id":"https:\/\/weltlaeden.de\/flair-weltladen\/fairer-handel\/#primaryimage","url":"https:\/\/weltlaeden.de\/flair-weltladen\/wp-content\/uploads\/sites\/32\/2026\/05\/Screenshot-2026-05-05-191722.png","contentUrl":"https:\/\/weltlaeden.de\/flair-weltladen\/wp-content\/uploads\/sites\/32\/2026\/05\/Screenshot-2026-05-05-191722.png","width":1792,"height":761},{"@type":"BreadcrumbList","@id":"https:\/\/weltlaeden.de\/flair-weltladen\/fairer-handel\/#breadcrumb","itemListElement":[{"@type":"ListItem","position":1,"name":"Startseite","item":"https:\/\/weltlaeden.de\/flair-weltladen\/"},{"@type":"ListItem","position":2,"name":"Fairer Handel"}]},{"@type":"WebSite","@id":"https:\/\/weltlaeden.de\/flair-weltladen\/#website","url":"https:\/\/weltlaeden.de\/flair-weltladen\/","name":"F(l)air-Weltladen-L\u00fcttringhausen","description":"Faire Produkte seit 1990","potentialAction":[{"@type":"SearchAction","target":{"@type":"EntryPoint","urlTemplate":"https:\/\/weltlaeden.de\/flair-weltladen\/?s={search_term_string}"},"query-input":{"@type":"PropertyValueSpecification","valueRequired":true,"valueName":"search_term_string"}}],"inLanguage":"de"}]}},"_links":{"self":[{"href":"https:\/\/weltlaeden.de\/flair-weltladen\/wp-json\/wp\/v2\/pages\/218","targetHints":{"allow":["GET"]}}],"collection":[{"href":"https:\/\/weltlaeden.de\/flair-weltladen\/wp-json\/wp\/v2\/pages"}],"about":[{"href":"https:\/\/weltlaeden.de\/flair-weltladen\/wp-json\/wp\/v2\/types\/page"}],"author":[{"embeddable":true,"href":"https:\/\/weltlaeden.de\/flair-weltladen\/wp-json\/wp\/v2\/users\/1"}],"replies":[{"embeddable":true,"href":"https:\/\/weltlaeden.de\/flair-weltladen\/wp-json\/wp\/v2\/comments?post=218"}],"version-history":[{"count":20,"href":"https:\/\/weltlaeden.de\/flair-weltladen\/wp-json\/wp\/v2\/pages\/218\/revisions"}],"predecessor-version":[{"id":2600,"href":"https:\/\/weltlaeden.de\/flair-weltladen\/wp-json\/wp\/v2\/pages\/218\/revisions\/2600"}],"wp:attachment":[{"href":"https:\/\/weltlaeden.de\/flair-weltladen\/wp-json\/wp\/v2\/media?parent=218"}],"curies":[{"name":"wp","href":"https:\/\/api.w.org\/{rel}","templated":true}]}}