{"id":439,"date":"2021-02-19T14:29:05","date_gmt":"2021-02-19T13:29:05","guid":{"rendered":"https:\/\/weltlaeden.de\/essen-borbeck\/?page_id=439"},"modified":"2022-09-23T12:31:02","modified_gmt":"2022-09-23T10:31:02","slug":"fairer-handel","status":"publish","type":"page","link":"https:\/\/weltlaeden.de\/essen-borbeck\/fairer-handel\/","title":{"rendered":"Fairer Handel"},"content":{"rendered":"<div class=\"wpb-content-wrapper\"><p>[vc_row][vc_column][vc_column_text]<\/p>\n<h1><strong>Fairer Handel<br \/>\n<\/strong><\/h1>\n<p>\u201eDer Faire Handel\u00a0 ist eine Handelspartnerschaft, die nach mehr Gerechtigkeit im internationalen Handel strebt. Durch bessere Handelsbedingungen und die Sicherung sozialer Rechte f\u00fcr benachteiligte Produzenten und\u00a0\u00a0 Arbeiter leistet der Faire Handel einen Beitrag zu einer nachhaltigen Entwicklung.\u201c\u00a0(Internationale Definition des Fairen Handels 20)<\/p>\n<p><em><strong>Diese Partnerschaft beruht auf Dialog, Transparenz und gegenseitigem Respekt.<\/strong><\/em>[\/vc_column_text][vc_column_text]<\/p>\n<h3><strong>\u00a0<\/strong><strong>Verbesserte Bedingungen in den Handelsbeziehungen werden erreicht durch<\/strong><\/h3>\n<ul>\n<li><strong>Menschenw\u00fcrdige Arbeitsbedingungen<\/strong> &#8211; bessere Chancen f\u00fcr Kinder durch besseren Verdienst der Eltern<\/li>\n<li><strong>Garantierte Mindestpreise &#8211; <\/strong>die Mindestpreise liegen deutlich \u00fcber den Weltmarktpreisen<\/li>\n<li><strong>Vorfinanzierung der Produktion &#8211; <\/strong>die Handelspartner bekommen eine Vorauszahlung als Kredit vor der Warenlieferung<\/li>\n<li><strong>Aufschl\u00e4ge zur Finanzierung von Gemeinschaftsaufgaben und sozialen Leistungen &#8211; <\/strong>f\u00fcr den Aufbau einer Schule oder Krankenstation<\/li>\n<li><strong>Aufschl\u00e4ge f\u00fcr biologischen Anbau &#8211; <\/strong>umweltvertr\u00e4glich, ohne gentechnisch ver\u00e4nderte Pflanzen, Beachtung der Artenvielfalt<\/li>\n<li><strong>Projektberatung und langfristige Zusammenarbeit &#8211; <\/strong>es werden bewusst kleine benachteiligte Organisationen unterst\u00fctzt, als T\u00fcr\u00f6ffner zum\u00a0 Weltmarkt. Es gibt jahrzehntelange Beziehungen zu Partnerorganisationen<\/li>\n<\/ul>\n<p>[\/vc_column_text][vc_separator][vc_column_text]<strong>Das Bindeglied zwischen den Produzenten\u00a0 und dem Weltladen sind die alternativen Handelsorganisationen.<\/strong><\/p>\n<p>&nbsp;<\/p>\n<p>Der Weltladen Borbeck arbeitet eng zusammen u.a.mit:[\/vc_column_text][\/vc_column][\/vc_row][vc_row][vc_column width=&#8220;1\/6&#8243;][vc_single_image image=&#8220;558&#8243; img_size=&#8220;medium&#8220;][\/vc_column][vc_column width=&#8220;5\/6&#8243;][vc_column_text]GEPA \u2013 The Fair Trade Company<br \/>\n<a href=\"https:\/\/www.gepa.de\/home.html\" target=\"_blank\" rel=\"noopener\">www.gepa.de<\/a><\/p>\n<p>[\/vc_column_text][\/vc_column][\/vc_row][vc_row][vc_column width=&#8220;1\/6&#8243;][vc_single_image image=&#8220;563&#8243; img_size=&#8220;full&#8220;][\/vc_column][vc_column width=&#8220;5\/6&#8243;][vc_column_text]El Puente \u2013 Die Fair Trade Pioniere<\/p>\n<p><a href=\"https:\/\/www.el-puente.de\/\" target=\"_blank\" rel=\"noopener\">www.el-puente.de<\/a>[\/vc_column_text][\/vc_column][\/vc_row][vc_row][vc_column width=&#8220;1\/6&#8243;][vc_single_image image=&#8220;565&#8243; img_size=&#8220;full&#8220;][\/vc_column][vc_column width=&#8220;5\/6&#8243;][vc_column_text]WeltPartner e.G. Ravensburg<\/p>\n<p><a href=\"https:\/\/www.weltpartner.de\" target=\"_blank\" rel=\"noopener\">www.weltpartner.de<\/a>[\/vc_column_text][\/vc_column][\/vc_row][vc_row][vc_column width=&#8220;1\/6&#8243;][vc_single_image image=&#8220;559&#8243; img_size=&#8220;full&#8220;][\/vc_column][vc_column width=&#8220;5\/6&#8243;][vc_column_text]Globo \u2013 Fair Trade Partner<\/p>\n<p><a href=\"https:\/\/www.globo-fairtrade.com\/\" target=\"_blank\" rel=\"noopener\">www.globo-fairtrade.com<\/a>[\/vc_column_text][\/vc_column][\/vc_row]<\/p>\n<\/div>","protected":false},"excerpt":{"rendered":"<p>[vc_row][vc_column][vc_column_text] Fairer Handel \u201eDer Faire Handel\u00a0 ist eine Handelspartnerschaft, die nach mehr Gerechtigkeit im internationalen Handel strebt. Durch bessere Handelsbedingungen und die Sicherung sozialer Rechte f\u00fcr benachteiligte Produzenten und\u00a0\u00a0 Arbeiter leistet der Faire Handel einen Beitrag zu einer nachhaltigen Entwicklung.\u201c\u00a0(Internationale Definition des Fairen Handels 20) Diese Partnerschaft beruht auf Dialog, Transparenz und gegenseitigem Respekt.[\/vc_column_text][vc_column_text] \u00a0Verbesserte&hellip;<\/p>\n","protected":false},"author":109,"featured_media":0,"parent":0,"menu_order":2,"comment_status":"closed","ping_status":"closed","template":"","meta":{"footnotes":""},"class_list":["post-439","page","type-page","status-publish","hentry","description-off"],"yoast_head":"<!-- This site is optimized with the Yoast SEO plugin v26.8 - https:\/\/yoast.com\/product\/yoast-seo-wordpress\/ -->\n<title>Fairer Handel - \u00d6kumenischer Weltladen Essen-Borbeck<\/title>\n<meta name=\"robots\" content=\"index, follow, max-snippet:-1, max-image-preview:large, max-video-preview:-1\" \/>\n<link rel=\"canonical\" href=\"https:\/\/weltlaeden.de\/essen-borbeck\/fairer-handel\/\" \/>\n<meta property=\"og:locale\" content=\"de_DE\" \/>\n<meta property=\"og:type\" content=\"article\" \/>\n<meta property=\"og:title\" content=\"Fairer Handel - \u00d6kumenischer Weltladen Essen-Borbeck\" \/>\n<meta property=\"og:description\" content=\"[vc_row][vc_column][vc_column_text] Fairer Handel \u201eDer Faire Handel\u00a0 ist eine Handelspartnerschaft, die nach mehr Gerechtigkeit im internationalen Handel strebt. Durch bessere Handelsbedingungen und die Sicherung sozialer Rechte f\u00fcr benachteiligte Produzenten und\u00a0\u00a0 Arbeiter leistet der Faire Handel einen Beitrag zu einer nachhaltigen Entwicklung.\u201c\u00a0(Internationale Definition des Fairen Handels 20) Diese Partnerschaft beruht auf Dialog, Transparenz und gegenseitigem Respekt.[\/vc_column_text][vc_column_text] \u00a0Verbesserte&hellip;\" \/>\n<meta property=\"og:url\" content=\"https:\/\/weltlaeden.de\/essen-borbeck\/fairer-handel\/\" \/>\n<meta property=\"og:site_name\" content=\"\u00d6kumenischer Weltladen Essen-Borbeck\" \/>\n<meta property=\"article:modified_time\" content=\"2022-09-23T10:31:02+00:00\" \/>\n<meta name=\"twitter:card\" content=\"summary_large_image\" \/>\n<meta name=\"twitter:label1\" content=\"Gesch\u00e4tzte Lesezeit\" \/>\n\t<meta name=\"twitter:data1\" content=\"2\u00a0Minuten\" \/>\n<script type=\"application\/ld+json\" class=\"yoast-schema-graph\">{\"@context\":\"https:\/\/schema.org\",\"@graph\":[{\"@type\":\"WebPage\",\"@id\":\"https:\/\/weltlaeden.de\/essen-borbeck\/fairer-handel\/\",\"url\":\"https:\/\/weltlaeden.de\/essen-borbeck\/fairer-handel\/\",\"name\":\"Fairer Handel - \u00d6kumenischer Weltladen Essen-Borbeck\",\"isPartOf\":{\"@id\":\"https:\/\/weltlaeden.de\/essen-borbeck\/#website\"},\"datePublished\":\"2021-02-19T13:29:05+00:00\",\"dateModified\":\"2022-09-23T10:31:02+00:00\",\"breadcrumb\":{\"@id\":\"https:\/\/weltlaeden.de\/essen-borbeck\/fairer-handel\/#breadcrumb\"},\"inLanguage\":\"de\",\"potentialAction\":[{\"@type\":\"ReadAction\",\"target\":[\"https:\/\/weltlaeden.de\/essen-borbeck\/fairer-handel\/\"]}]},{\"@type\":\"BreadcrumbList\",\"@id\":\"https:\/\/weltlaeden.de\/essen-borbeck\/fairer-handel\/#breadcrumb\",\"itemListElement\":[{\"@type\":\"ListItem\",\"position\":1,\"name\":\"Startseite\",\"item\":\"https:\/\/weltlaeden.de\/essen-borbeck\/\"},{\"@type\":\"ListItem\",\"position\":2,\"name\":\"Fairer Handel\"}]},{\"@type\":\"WebSite\",\"@id\":\"https:\/\/weltlaeden.de\/essen-borbeck\/#website\",\"url\":\"https:\/\/weltlaeden.de\/essen-borbeck\/\",\"name\":\"\u00d6kumenischer Weltladen Essen-Borbeck\",\"description\":\"Faire Produkte seit 1982\",\"potentialAction\":[{\"@type\":\"SearchAction\",\"target\":{\"@type\":\"EntryPoint\",\"urlTemplate\":\"https:\/\/weltlaeden.de\/essen-borbeck\/?s={search_term_string}\"},\"query-input\":{\"@type\":\"PropertyValueSpecification\",\"valueRequired\":true,\"valueName\":\"search_term_string\"}}],\"inLanguage\":\"de\"}]}<\/script>\n<!-- \/ Yoast SEO plugin. -->","yoast_head_json":{"title":"Fairer Handel - \u00d6kumenischer Weltladen Essen-Borbeck","robots":{"index":"index","follow":"follow","max-snippet":"max-snippet:-1","max-image-preview":"max-image-preview:large","max-video-preview":"max-video-preview:-1"},"canonical":"https:\/\/weltlaeden.de\/essen-borbeck\/fairer-handel\/","og_locale":"de_DE","og_type":"article","og_title":"Fairer Handel - \u00d6kumenischer Weltladen Essen-Borbeck","og_description":"[vc_row][vc_column][vc_column_text] Fairer Handel \u201eDer Faire Handel\u00a0 ist eine Handelspartnerschaft, die nach mehr Gerechtigkeit im internationalen Handel strebt. Durch bessere Handelsbedingungen und die Sicherung sozialer Rechte f\u00fcr benachteiligte Produzenten und\u00a0\u00a0 Arbeiter leistet der Faire Handel einen Beitrag zu einer nachhaltigen Entwicklung.\u201c\u00a0(Internationale Definition des Fairen Handels 20) Diese Partnerschaft beruht auf Dialog, Transparenz und gegenseitigem Respekt.[\/vc_column_text][vc_column_text] \u00a0Verbesserte&hellip;","og_url":"https:\/\/weltlaeden.de\/essen-borbeck\/fairer-handel\/","og_site_name":"\u00d6kumenischer Weltladen Essen-Borbeck","article_modified_time":"2022-09-23T10:31:02+00:00","twitter_card":"summary_large_image","twitter_misc":{"Gesch\u00e4tzte Lesezeit":"2\u00a0Minuten"},"schema":{"@context":"https:\/\/schema.org","@graph":[{"@type":"WebPage","@id":"https:\/\/weltlaeden.de\/essen-borbeck\/fairer-handel\/","url":"https:\/\/weltlaeden.de\/essen-borbeck\/fairer-handel\/","name":"Fairer Handel - \u00d6kumenischer Weltladen Essen-Borbeck","isPartOf":{"@id":"https:\/\/weltlaeden.de\/essen-borbeck\/#website"},"datePublished":"2021-02-19T13:29:05+00:00","dateModified":"2022-09-23T10:31:02+00:00","breadcrumb":{"@id":"https:\/\/weltlaeden.de\/essen-borbeck\/fairer-handel\/#breadcrumb"},"inLanguage":"de","potentialAction":[{"@type":"ReadAction","target":["https:\/\/weltlaeden.de\/essen-borbeck\/fairer-handel\/"]}]},{"@type":"BreadcrumbList","@id":"https:\/\/weltlaeden.de\/essen-borbeck\/fairer-handel\/#breadcrumb","itemListElement":[{"@type":"ListItem","position":1,"name":"Startseite","item":"https:\/\/weltlaeden.de\/essen-borbeck\/"},{"@type":"ListItem","position":2,"name":"Fairer Handel"}]},{"@type":"WebSite","@id":"https:\/\/weltlaeden.de\/essen-borbeck\/#website","url":"https:\/\/weltlaeden.de\/essen-borbeck\/","name":"\u00d6kumenischer Weltladen Essen-Borbeck","description":"Faire Produkte seit 1982","potentialAction":[{"@type":"SearchAction","target":{"@type":"EntryPoint","urlTemplate":"https:\/\/weltlaeden.de\/essen-borbeck\/?s={search_term_string}"},"query-input":{"@type":"PropertyValueSpecification","valueRequired":true,"valueName":"search_term_string"}}],"inLanguage":"de"}]}},"_links":{"self":[{"href":"https:\/\/weltlaeden.de\/essen-borbeck\/wp-json\/wp\/v2\/pages\/439","targetHints":{"allow":["GET"]}}],"collection":[{"href":"https:\/\/weltlaeden.de\/essen-borbeck\/wp-json\/wp\/v2\/pages"}],"about":[{"href":"https:\/\/weltlaeden.de\/essen-borbeck\/wp-json\/wp\/v2\/types\/page"}],"author":[{"embeddable":true,"href":"https:\/\/weltlaeden.de\/essen-borbeck\/wp-json\/wp\/v2\/users\/109"}],"replies":[{"embeddable":true,"href":"https:\/\/weltlaeden.de\/essen-borbeck\/wp-json\/wp\/v2\/comments?post=439"}],"version-history":[{"count":26,"href":"https:\/\/weltlaeden.de\/essen-borbeck\/wp-json\/wp\/v2\/pages\/439\/revisions"}],"predecessor-version":[{"id":1362,"href":"https:\/\/weltlaeden.de\/essen-borbeck\/wp-json\/wp\/v2\/pages\/439\/revisions\/1362"}],"wp:attachment":[{"href":"https:\/\/weltlaeden.de\/essen-borbeck\/wp-json\/wp\/v2\/media?parent=439"}],"curies":[{"name":"wp","href":"https:\/\/api.w.org\/{rel}","templated":true}]}}